{"id":90204,"date":"2025-05-13T15:43:00","date_gmt":"2025-05-13T08:43:00","guid":{"rendered":"https:\/\/casanha.com\/product\/dario-ghe-banh\/"},"modified":"2026-04-01T15:32:04","modified_gmt":"2026-04-01T08:32:04","slug":"dario-ghe-banh","status":"publish","type":"product","link":"https:\/\/casanha.com\/vi\/san-pham\/dario-ghe-banh\/","title":{"rendered":"DARIO &#8211; GH\u1ebe B\u00c0NH"},"content":{"rendered":"<p>CH\u1ea4T L\u01af\u1ee2NG\/ <em>QUALITY<\/em><\/p>\n<p>Ch\u1ea5t l\u01b0\u1ee3ng kh\u00f4ng ch\u1ec9 n\u1eb1m \u1edf v\u1eadt li\u1ec7u hay thi\u1ebft k\u1ebf, m\u00e0 l\u00e0 k\u1ebft qu\u1ea3 c\u1ee7a s\u1ef1 k\u1ebft h\u1ee3p ho\u00e0n h\u1ea3o gi\u1eefa c\u1ea3 hai. N\u1ed7 l\u1ef1c c\u1ea3i thi\u1ec7n v\u00e0 tinh ch\u1ec9nh th\u1ec3 hi\u1ec7n trong t\u1eebng chi ti\u1ebft nh\u1ecf \u2014 h\u01b0\u1edbng t\u1edbi k\u1ebft qu\u1ea3 t\u1ed1t nh\u1ea5t: <strong>s\u1ef1 tho\u1ea3i m\u00e1i<\/strong>\/ <em>Quality isn\u2019t only about the materials, it isn&#8217;t only about the design, but about the result of both combined. The effort to improve, to refine, lies in small details that lead to the best outcome you could have &#8211; the comfortability.<\/em><\/p>\n<p>TRUY T\u00ccM S\u1ef0 S\u00c1NG T\u1ea0O V\u00c0 \u0110\u1ed4I M\u1edaI\/ <em>IN QUEST OF INNOVATION &amp; CREATIVITY<\/em><\/p>\n<p>Casanh\u00e0 l\u00e0 m\u1ed9t c\u00f4ng ty c\u00f3 tr\u1ee5 s\u1edf t\u1ea1i S\u00e0i G\u00f2n, kh\u00f4ng ng\u1eebng h\u1ee3p t\u00e1c v\u1edbi c\u00e1c \u0111\u1ed1i t\u00e1c tr\u00ean to\u00e0n th\u1ebf gi\u1edbi nh\u1eb1m \u0111\u00e1p \u1ee9ng nhu c\u1ea7u v\u1ec1 nh\u1eefng s\u1ea3n ph\u1ea9m n\u1ed9i th\u1ea5t tinh t\u1ebf, ti\u1ec7n d\u1ee5ng, b\u1eaft k\u1ecbp xu h\u01b0\u1edbng hi\u1ec7n \u0111\u1ea1i nh\u01b0ng v\u1eabn mang \u0111\u1eadm n\u00e9t truy\u1ec1n th\u1ed1ng c\u1ee7a g\u1ed7 t\u1ef1 nhi\u00ean v\u00e0 tay ngh\u1ec1 th\u1ee7 c\u00f4ng tinh x\u1ea3o\/ <em>Casanh\u00e0 is a Saigon-based company that works tirelessly with partners all over the world to fulfill the need to have fine and well-functioned home goods with the latest in trend, combined with a traditional sense of fine woods and fine craftsmanship.<\/em><\/p>\n<p>Ch\u00fang t\u00f4i tin r\u1eb1ng c\u00e1c s\u1ea3n ph\u1ea9m c\u1ee7a m\u00ecnh mang m\u1ed9t b\u1ea3n s\u1eafc ri\u00eang bi\u1ec7t, th\u1ec3 hi\u1ec7n s\u1ef1 tr\u00e2n tr\u1ecdng ch\u1ea5t l\u01b0\u1ee3ng v\u00e0 t\u1ef1 do kh\u1ecfi nh\u1eefng r\u00e0ng bu\u1ed9c v\u1ec1 gi\u00e1 c\u1ea3 \u2014 th\u1ec3 hi\u1ec7n r\u00f5 c\u00e1ch ch\u00fang \u0111\u01b0\u1ee3c t\u1ea1o n\u00ean, gi\u00fap ch\u00fang kh\u00e1c bi\u1ec7t so v\u1edbi th\u1ecb tr\u01b0\u1eddng hi\u1ec7n t\u1ea1i\/ <em>We believe that our products have an inherent individuality, with the appreciation of quality and the lack of price constraints, revealing how they have been made, setting them apart from the current market.<\/em><\/p>","protected":false},"excerpt":{"rendered":"<p><strong>Th\u00f4ng tin s\u1ea3n ph\u1ea9m\/\u00a0<\/strong><em><strong>Th\u00f4ng tin s\u1ea3n ph\u1ea9m<\/strong><\/em><br \/>\nM\u00e0u s\u1eafc\/\u00a0<em>M\u00e0u s\u1eafc<\/em>\u00a0: \u0110en &amp; n\u00e1u\/\u00a0<em>Black &amp; Brown<\/em><br \/>\nCh\u1ea5t li\u1ec7u\/\u00a0<em>Ch\u1ea5t li\u1ec7u<\/em><br \/>\nL\u1edbp \u0111\u1ec7m gh\u1ebf &amp; ru\u1ed9t g\u1ed1i\/\u00a0<em>Seating &amp; cushion filling<\/em>\u00a0: Kh\u00f4ng c\u00f3\/\u00a0<em>Kh\u00f4ng c\u00f3<\/em><br \/>\nB\u1ecdc n\u1ec7m\/\u00a0<em>Upholstery<\/em>: Da thu\u1ed9c\/\u00a0<em>Leather<\/em>\u00a0(Da d\u00ea\/\u00a0<em>Goat<\/em>)<br \/>\nCh\u00e2n\/\u00a0<em>Legs<\/em>\u00a0: Kim lo\u1ea1i\/\u00a0<em>Metal<\/em><br \/>\nK\u1ebft c\u1ea5u\/\u00a0<em>structure<\/em>\u00a0: Kim lo\u1ea1i\/\u00a0<em>Metal<\/em><br \/>\nK\u00edch th\u01b0\u1edbc\/\u00a0<em>K\u00edch th\u01b0\u1edbc:<\/em>: W74 x D77 x H91cm<br \/>\nB\u1ed9 s\u01b0u t\u1eadp\/\u00a0<em>Collection<\/em>: Kh\u00f4ng c\u00f3\/ None<br \/>\nPhong c\u00e1ch\/\u00a0<em>Phong c\u00e1ch<\/em>: Casanh\u00e0<br \/>\n\u00cam \u00e1i\/\u00a0<em>Comfort<\/em>\u00a0: \u0110\u1ec7m c\u1ee9ng v\u1eeba\/\u00a0<em>Firm<\/em><\/p>\n<p>G\u1ed1i c\u00f3 th\u1ec3 th\u00e1o v\u1ecf\/\u00a0<em>Removable cover<\/em>: \u0110\u00fang\/\u00a0<em>Yes<\/em><br \/>\nCh\u00e2n c\u00f3 th\u1ec3 \u0111i\u1ec1u ch\u1ec9nh\/\u00a0<em>Adjustable legs<\/em>: Kh\u00f4ng\/\u00a0<em>No<\/em><br \/>\nPh\u1ee5 ki\u1ec7n b\u1ed5 sung\/\u00a0<em>Additional accessories<\/em>: Kh\u00f4ng\/\u00a0<em>No<\/em><\/p>\n<p>C\u00e2n n\u1eb7ng\/\u00a0<em>Weight<\/em>: 7.78kg<br \/>\nBao b\u00ec\/\u00a0<em>Packaging<\/em>: 2 cartons (W74 x D77 x H91cm &#8211; W84 x W60 x H4cm)<br \/>\nY\u00eau c\u1ea7u l\u1eafp r\u00e1p\/<em>Assembly required<\/em>: \u0110\u00fang\/\u00a0<em>Yes<\/em><\/p>\n<p>N\u01b0\u1edbc xu\u1ea5t x\u1ee9\/\u00a0<em>Country of origin<\/em>: \u1ea4n \u0110\u1ed9\/\u00a0<em>\u1ea4n \u0110\u1ed9\u00a0<\/em><\/p>","protected":false},"featured_media":91961,"comment_status":"open","ping_status":"closed","template":"","meta":[],"product_brand":[17],"product_cat":[3050,2501],"product_tag":[],"class_list":{"0":"post-90204","1":"product","2":"type-product","3":"status-publish","4":"has-post-thumbnail","6":"product_brand-casanha","7":"product_cat-apothecary","8":"product_cat-armchair","9":"product_shipping_class-bulky-items","10":"pa_color-den-black","11":"pa_color-nau-cognac","13":"first","14":"instock","15":"shipping-taxable","16":"purchasable","17":"product-type-simple"},"yoast_head":"<!-- This site is optimized with the Yoast SEO plugin v27.1.1 - https:\/\/yoast.com\/product\/yoast-seo-wordpress\/ -->\n<title>DARIO - GH\u1ebe B\u00c0NH - Casanha<\/title>\n<meta name=\"robots\" content=\"index, follow, max-snippet:-1, max-image-preview:large, max-video-preview:-1\" \/>\n<link rel=\"canonical\" href=\"https:\/\/casanha.com\/vi\/san-pham\/dario-ghe-banh\/\" \/>\n<meta property=\"og:locale\" content=\"vi_VN\" \/>\n<meta property=\"og:type\" content=\"article\" \/>\n<meta property=\"og:title\" content=\"DARIO - GH\u1ebe B\u00c0NH - Casanha\" \/>\n<meta property=\"og:description\" content=\"Th\u00f4ng tin s\u1ea3n ph\u1ea9m\/\u00a0Product information M\u00e0u s\u1eafc\/\u00a0Color\u00a0: \u0110en &amp; n\u00e1u\/\u00a0Black &amp; Brown Ch\u1ea5t li\u1ec7u\/\u00a0Materials L\u1edbp \u0111\u1ec7m gh\u1ebf &amp; ru\u1ed9t g\u1ed1i\/\u00a0Seating &amp; cushion filling\u00a0: Kh\u00f4ng c\u00f3\/\u00a0None B\u1ecdc n\u1ec7m\/\u00a0Upholstery: Da thu\u1ed9c\/\u00a0Leather\u00a0(Da d\u00ea\/\u00a0Goat) Ch\u00e2n\/\u00a0Legs\u00a0: Kim lo\u1ea1i\/\u00a0Metal K\u1ebft c\u1ea5u\/\u00a0structure\u00a0: Kim lo\u1ea1i\/\u00a0Metal K\u00edch th\u01b0\u1edbc\/\u00a0Dimensions: W74 x D77 x H91cm B\u1ed9 s\u01b0u t\u1eadp\/\u00a0Collection: Kh\u00f4ng c\u00f3\/ None Phong c\u00e1ch\/\u00a0Style: Casanh\u00e0 \u00cam \u00e1i\/\u00a0Comfort\u00a0: \u0110\u1ec7m c\u1ee9ng v\u1eeba\/\u00a0Firm  G\u1ed1i c\u00f3 th\u1ec3 th\u00e1o v\u1ecf\/\u00a0Removable cover: \u0110\u00fang\/\u00a0Yes Ch\u00e2n c\u00f3 th\u1ec3 \u0111i\u1ec1u ch\u1ec9nh\/\u00a0Adjustable legs: Kh\u00f4ng\/\u00a0No Ph\u1ee5 ki\u1ec7n b\u1ed5 sung\/\u00a0Additional accessories: Kh\u00f4ng\/\u00a0No  C\u00e2n n\u1eb7ng\/\u00a0Weight: 7.78kg Bao b\u00ec\/\u00a0Packaging: 2 cartons (W74 x D77 x H91cm - W84 x W60 x H4cm) Y\u00eau c\u1ea7u l\u1eafp r\u00e1p\/Assembly required: \u0110\u00fang\/\u00a0Yes  N\u01b0\u1edbc xu\u1ea5t x\u1ee9\/\u00a0Country of origin: \u1ea4n \u0110\u1ed9\/\u00a0India\u00a0\" \/>\n<meta property=\"og:url\" content=\"https:\/\/casanha.com\/vi\/san-pham\/dario-ghe-banh\/\" \/>\n<meta property=\"og:site_name\" content=\"Casanha\" \/>\n<meta property=\"article:publisher\" content=\"https:\/\/www.facebook.com\/CasanhaHome\" \/>\n<meta property=\"article:modified_time\" content=\"2026-04-01T08:32:04+00:00\" \/>\n<meta property=\"og:image\" content=\"https:\/\/casanha-beta.s3.ap-southeast-1.amazonaws.com\/2025\/05\/DARIO-ARMCHAIR-COGNAC-STRIPES-6.jpg\" \/>\n\t<meta property=\"og:image:width\" content=\"1080\" \/>\n\t<meta property=\"og:image:height\" content=\"1350\" \/>\n\t<meta property=\"og:image:type\" content=\"image\/jpeg\" \/>\n<meta name=\"twitter:card\" content=\"summary_large_image\" \/>\n<script type=\"application\/ld+json\" class=\"yoast-schema-graph\">{\"@context\":\"https:\/\/schema.org\",\"@graph\":[{\"@type\":\"WebPage\",\"@id\":\"https:\/\/casanha.com\/product\/dario-ghe-banh\/\",\"url\":\"https:\/\/casanha.com\/product\/dario-ghe-banh\/\",\"name\":\"DARIO - GH\u1ebe B\u00c0NH - Casanha\",\"isPartOf\":{\"@id\":\"https:\/\/casanha.com\/vi\/#website\"},\"primaryImageOfPage\":{\"@id\":\"https:\/\/casanha.com\/product\/dario-ghe-banh\/#primaryimage\"},\"image\":{\"@id\":\"https:\/\/casanha.com\/product\/dario-ghe-banh\/#primaryimage\"},\"thumbnailUrl\":\"https:\/\/casanha-beta.s3.ap-southeast-1.amazonaws.com\/2025\/05\/DARIO-ARMCHAIR-COGNAC-STRIPES-6.jpg\",\"datePublished\":\"2025-05-13T08:43:00+00:00\",\"dateModified\":\"2026-04-01T08:32:04+00:00\",\"breadcrumb\":{\"@id\":\"https:\/\/casanha.com\/product\/dario-ghe-banh\/#breadcrumb\"},\"inLanguage\":\"vi\",\"potentialAction\":[{\"@type\":\"ReadAction\",\"target\":[\"https:\/\/casanha.com\/product\/dario-ghe-banh\/\"]}]},{\"@type\":\"ImageObject\",\"inLanguage\":\"vi\",\"@id\":\"https:\/\/casanha.com\/product\/dario-ghe-banh\/#primaryimage\",\"url\":\"https:\/\/casanha-beta.s3.ap-southeast-1.amazonaws.com\/2025\/05\/DARIO-ARMCHAIR-COGNAC-STRIPES-6.jpg\",\"contentUrl\":\"https:\/\/casanha-beta.s3.ap-southeast-1.amazonaws.com\/2025\/05\/DARIO-ARMCHAIR-COGNAC-STRIPES-6.jpg\",\"width\":1080,\"height\":1350},{\"@type\":\"BreadcrumbList\",\"@id\":\"https:\/\/casanha.com\/product\/dario-ghe-banh\/#breadcrumb\",\"itemListElement\":[{\"@type\":\"ListItem\",\"position\":1,\"name\":\"Home\",\"item\":\"https:\/\/casanha.com\/\"},{\"@type\":\"ListItem\",\"position\":2,\"name\":\"C\u1eeda h\u00e0ng\",\"item\":\"https:\/\/casanha.com\/vi\/cua-hang\/\"},{\"@type\":\"ListItem\",\"position\":3,\"name\":\"DARIO &#8211; GH\u1ebe B\u00c0NH\"}]},{\"@type\":\"WebSite\",\"@id\":\"https:\/\/casanha.com\/vi\/#website\",\"url\":\"https:\/\/casanha.com\/vi\/\",\"name\":\"Casanha\",\"description\":\"Home Decor &amp; Furniture\",\"publisher\":{\"@id\":\"https:\/\/casanha.com\/vi\/#organization\"},\"potentialAction\":[{\"@type\":\"SearchAction\",\"target\":{\"@type\":\"EntryPoint\",\"urlTemplate\":\"https:\/\/casanha.com\/vi\/?s={search_term_string}\"},\"query-input\":{\"@type\":\"PropertyValueSpecification\",\"valueRequired\":true,\"valueName\":\"search_term_string\"}}],\"inLanguage\":\"vi\"},{\"@type\":\"Organization\",\"@id\":\"https:\/\/casanha.com\/vi\/#organization\",\"name\":\"Casanha\",\"url\":\"https:\/\/casanha.com\/vi\/\",\"logo\":{\"@type\":\"ImageObject\",\"inLanguage\":\"vi\",\"@id\":\"https:\/\/casanha.com\/vi\/#\/schema\/logo\/image\/\",\"url\":\"https:\/\/casanha-beta.s3.ap-southeast-1.amazonaws.com\/2026\/02\/logo-2026.jpg\",\"contentUrl\":\"https:\/\/casanha-beta.s3.ap-southeast-1.amazonaws.com\/2026\/02\/logo-2026.jpg\",\"width\":1500,\"height\":1500,\"caption\":\"Casanha\"},\"image\":{\"@id\":\"https:\/\/casanha.com\/vi\/#\/schema\/logo\/image\/\"},\"sameAs\":[\"https:\/\/www.facebook.com\/CasanhaHome\",\"https:\/\/www.instagram.com\/casanhahome\/\",\"https:\/\/www.youtube.com\/@casanha\",\"https:\/\/www.tiktok.com\/@casanha.com\",\"https:\/\/zalo.me\/casanhahome\"]}]}<\/script>\n<!-- \/ Yoast SEO plugin. -->","yoast_head_json":{"title":"DARIO - GH\u1ebe B\u00c0NH - Casanha","robots":{"index":"index","follow":"follow","max-snippet":"max-snippet:-1","max-image-preview":"max-image-preview:large","max-video-preview":"max-video-preview:-1"},"canonical":"https:\/\/casanha.com\/vi\/san-pham\/dario-ghe-banh\/","og_locale":"vi_VN","og_type":"article","og_title":"DARIO - GH\u1ebe B\u00c0NH - Casanha","og_description":"Th\u00f4ng tin s\u1ea3n ph\u1ea9m\/\u00a0Product information M\u00e0u s\u1eafc\/\u00a0Color\u00a0: \u0110en &amp; n\u00e1u\/\u00a0Black &amp; Brown Ch\u1ea5t li\u1ec7u\/\u00a0Materials L\u1edbp \u0111\u1ec7m gh\u1ebf &amp; ru\u1ed9t g\u1ed1i\/\u00a0Seating &amp; cushion filling\u00a0: Kh\u00f4ng c\u00f3\/\u00a0None B\u1ecdc n\u1ec7m\/\u00a0Upholstery: Da thu\u1ed9c\/\u00a0Leather\u00a0(Da d\u00ea\/\u00a0Goat) Ch\u00e2n\/\u00a0Legs\u00a0: Kim lo\u1ea1i\/\u00a0Metal K\u1ebft c\u1ea5u\/\u00a0structure\u00a0: Kim lo\u1ea1i\/\u00a0Metal K\u00edch th\u01b0\u1edbc\/\u00a0Dimensions: W74 x D77 x H91cm B\u1ed9 s\u01b0u t\u1eadp\/\u00a0Collection: Kh\u00f4ng c\u00f3\/ None Phong c\u00e1ch\/\u00a0Style: Casanh\u00e0 \u00cam \u00e1i\/\u00a0Comfort\u00a0: \u0110\u1ec7m c\u1ee9ng v\u1eeba\/\u00a0Firm  G\u1ed1i c\u00f3 th\u1ec3 th\u00e1o v\u1ecf\/\u00a0Removable cover: \u0110\u00fang\/\u00a0Yes Ch\u00e2n c\u00f3 th\u1ec3 \u0111i\u1ec1u ch\u1ec9nh\/\u00a0Adjustable legs: Kh\u00f4ng\/\u00a0No Ph\u1ee5 ki\u1ec7n b\u1ed5 sung\/\u00a0Additional accessories: Kh\u00f4ng\/\u00a0No  C\u00e2n n\u1eb7ng\/\u00a0Weight: 7.78kg Bao b\u00ec\/\u00a0Packaging: 2 cartons (W74 x D77 x H91cm - W84 x W60 x H4cm) Y\u00eau c\u1ea7u l\u1eafp r\u00e1p\/Assembly required: \u0110\u00fang\/\u00a0Yes  N\u01b0\u1edbc xu\u1ea5t x\u1ee9\/\u00a0Country of origin: \u1ea4n \u0110\u1ed9\/\u00a0India\u00a0","og_url":"https:\/\/casanha.com\/vi\/san-pham\/dario-ghe-banh\/","og_site_name":"Casanha","article_publisher":"https:\/\/www.facebook.com\/CasanhaHome","article_modified_time":"2026-04-01T08:32:04+00:00","og_image":[{"width":1080,"height":1350,"url":"https:\/\/casanha-beta.s3.ap-southeast-1.amazonaws.com\/2025\/05\/DARIO-ARMCHAIR-COGNAC-STRIPES-6.jpg","type":"image\/jpeg"}],"twitter_card":"summary_large_image","schema":{"@context":"https:\/\/schema.org","@graph":[{"@type":"WebPage","@id":"https:\/\/casanha.com\/product\/dario-ghe-banh\/","url":"https:\/\/casanha.com\/product\/dario-ghe-banh\/","name":"DARIO - GH\u1ebe B\u00c0NH - Casanha","isPartOf":{"@id":"https:\/\/casanha.com\/vi\/#website"},"primaryImageOfPage":{"@id":"https:\/\/casanha.com\/product\/dario-ghe-banh\/#primaryimage"},"image":{"@id":"https:\/\/casanha.com\/product\/dario-ghe-banh\/#primaryimage"},"thumbnailUrl":"https:\/\/casanha-beta.s3.ap-southeast-1.amazonaws.com\/2025\/05\/DARIO-ARMCHAIR-COGNAC-STRIPES-6.jpg","datePublished":"2025-05-13T08:43:00+00:00","dateModified":"2026-04-01T08:32:04+00:00","breadcrumb":{"@id":"https:\/\/casanha.com\/product\/dario-ghe-banh\/#breadcrumb"},"inLanguage":"vi","potentialAction":[{"@type":"ReadAction","target":["https:\/\/casanha.com\/product\/dario-ghe-banh\/"]}]},{"@type":"ImageObject","inLanguage":"vi","@id":"https:\/\/casanha.com\/product\/dario-ghe-banh\/#primaryimage","url":"https:\/\/casanha-beta.s3.ap-southeast-1.amazonaws.com\/2025\/05\/DARIO-ARMCHAIR-COGNAC-STRIPES-6.jpg","contentUrl":"https:\/\/casanha-beta.s3.ap-southeast-1.amazonaws.com\/2025\/05\/DARIO-ARMCHAIR-COGNAC-STRIPES-6.jpg","width":1080,"height":1350},{"@type":"BreadcrumbList","@id":"https:\/\/casanha.com\/product\/dario-ghe-banh\/#breadcrumb","itemListElement":[{"@type":"ListItem","position":1,"name":"Home","item":"https:\/\/casanha.com\/"},{"@type":"ListItem","position":2,"name":"C\u1eeda h\u00e0ng","item":"https:\/\/casanha.com\/vi\/cua-hang\/"},{"@type":"ListItem","position":3,"name":"DARIO &#8211; GH\u1ebe B\u00c0NH"}]},{"@type":"WebSite","@id":"https:\/\/casanha.com\/vi\/#website","url":"https:\/\/casanha.com\/vi\/","name":"Casanha","description":"Home Decor &amp; Furniture","publisher":{"@id":"https:\/\/casanha.com\/vi\/#organization"},"potentialAction":[{"@type":"SearchAction","target":{"@type":"EntryPoint","urlTemplate":"https:\/\/casanha.com\/vi\/?s={search_term_string}"},"query-input":{"@type":"PropertyValueSpecification","valueRequired":true,"valueName":"search_term_string"}}],"inLanguage":"vi"},{"@type":"Organization","@id":"https:\/\/casanha.com\/vi\/#organization","name":"Casanha","url":"https:\/\/casanha.com\/vi\/","logo":{"@type":"ImageObject","inLanguage":"vi","@id":"https:\/\/casanha.com\/vi\/#\/schema\/logo\/image\/","url":"https:\/\/casanha-beta.s3.ap-southeast-1.amazonaws.com\/2026\/02\/logo-2026.jpg","contentUrl":"https:\/\/casanha-beta.s3.ap-southeast-1.amazonaws.com\/2026\/02\/logo-2026.jpg","width":1500,"height":1500,"caption":"Casanha"},"image":{"@id":"https:\/\/casanha.com\/vi\/#\/schema\/logo\/image\/"},"sameAs":["https:\/\/www.facebook.com\/CasanhaHome","https:\/\/www.instagram.com\/casanhahome\/","https:\/\/www.youtube.com\/@casanha","https:\/\/www.tiktok.com\/@casanha.com","https:\/\/zalo.me\/casanhahome"]}]}},"_links":{"self":[{"href":"https:\/\/casanha.com\/vi\/wp-json\/wp\/v2\/product\/90204","targetHints":{"allow":["GET"]}}],"collection":[{"href":"https:\/\/casanha.com\/vi\/wp-json\/wp\/v2\/product"}],"about":[{"href":"https:\/\/casanha.com\/vi\/wp-json\/wp\/v2\/types\/product"}],"replies":[{"embeddable":true,"href":"https:\/\/casanha.com\/vi\/wp-json\/wp\/v2\/comments?post=90204"}],"version-history":[{"count":5,"href":"https:\/\/casanha.com\/vi\/wp-json\/wp\/v2\/product\/90204\/revisions"}],"predecessor-version":[{"id":111646,"href":"https:\/\/casanha.com\/vi\/wp-json\/wp\/v2\/product\/90204\/revisions\/111646"}],"wp:featuredmedia":[{"embeddable":true,"href":"https:\/\/casanha.com\/vi\/wp-json\/wp\/v2\/media\/91961"}],"wp:attachment":[{"href":"https:\/\/casanha.com\/vi\/wp-json\/wp\/v2\/media?parent=90204"}],"wp:term":[{"taxonomy":"product_brand","embeddable":true,"href":"https:\/\/casanha.com\/vi\/wp-json\/wp\/v2\/product_brand?post=90204"},{"taxonomy":"product_cat","embeddable":true,"href":"https:\/\/casanha.com\/vi\/wp-json\/wp\/v2\/product_cat?post=90204"},{"taxonomy":"product_tag","embeddable":true,"href":"https:\/\/casanha.com\/vi\/wp-json\/wp\/v2\/product_tag?post=90204"}],"curies":[{"name":"wp","href":"https:\/\/api.w.org\/{rel}","templated":true}]}}