{"id":88728,"date":"2025-05-09T16:35:54","date_gmt":"2025-05-09T09:35:54","guid":{"rendered":"https:\/\/casanha.com\/product\/victoria-khung-anh\/"},"modified":"2026-04-13T11:25:17","modified_gmt":"2026-04-13T04:25:17","slug":"victoria-khung-anh","status":"publish","type":"product","link":"https:\/\/casanha.com\/vi\/san-pham\/victoria-khung-anh\/","title":{"rendered":"VICTORIA &#8211; KHUNG \u1ea2NH"},"content":{"rendered":"","protected":false},"excerpt":{"rendered":"<p style=\"margin: 0cm; font-family: 'Times New Roman', serif;\"><strong><span lang=\"EN-US\" style=\"font-family: Verdana, sans-serif;\">Th\u00f4ng tin s\u1ea3n ph\u1ea9m\/ <em>Th\u00f4ng tin s\u1ea3n ph\u1ea9m<\/em><\/span><\/strong><\/p>\n<p style=\"margin: 0cm; font-family: 'Times New Roman', serif;\"><span lang=\"EN-US\" style=\"font-family: Verdana, sans-serif;\"><br \/>\nM\u00e0u s\u1eafc\/ <em>M\u00e0u s\u1eafc: <\/em><\/span><span style=\"font-family: Verdana, sans-serif;\">V\u00e0ng nh\u0169\/ <em>Gold<\/em><\/span><\/p>\n<p style=\"margin: 0cm; font-family: 'Times New Roman', serif;\"><span lang=\"EN-US\" style=\"font-family: Verdana, sans-serif;\">Ch\u1ea5t li\u1ec7u\/ <em>Ch\u1ea5t li\u1ec7u<\/em>:\u00a0<\/span><span lang=\"EN-US\" style=\"font-family: Verdana, sans-serif;\">Polystyrene, v\u00e1n \u00e9p &amp; k\u00ednh\/\u00a0<\/span><span lang=\"EN-US\" style=\"font-family: Verdana, sans-serif;\"><em>Polystyrene, fiberboard &amp; glass<\/em><\/span><\/p>\n<p style=\"margin: 0cm; font-family: 'Times New Roman', serif;\"><span lang=\"EN-US\" style=\"font-family: Verdana, sans-serif;\">K\u00edch th\u01b0\u1edbc\/ <em>K\u00edch th\u01b0\u1edbc:<\/em>:\u00a0<\/span><span lang=\"EN-US\" style=\"font-family: Verdana, sans-serif;\">W16.7 x <\/span><span style=\"font-family: Verdana, sans-serif;\">D2\u00a0<\/span><span lang=\"EN-US\" style=\"font-family: Verdana, sans-serif;\">x H21.7cm<\/span><\/p>\n<p style=\"margin: 0cm; font-family: 'Times New Roman', serif;\"><span lang=\"EN-US\" style=\"font-family: Verdana, sans-serif;\">K\u00edch th\u01b0\u1edbc h\u00ecnh \u1ea3nh\/ <em>Picture size<\/em>:\u00a0<\/span><span lang=\"EN-US\" style=\"font-family: Verdana, sans-serif;\">13 x 18cm<\/span><\/p>\n<p style=\"margin: 0cm; font-family: 'Times New Roman', serif;\"><span lang=\"EN-US\" style=\"font-family: Verdana, sans-serif;\">Bao g\u1ed3m v\u00e9 ra ngo\u00e0i\/ <em>Passepartout included<\/em>: Kh\u00f4ng\/ <em>No<\/em><\/span><\/p>\n<p style=\"margin: 0cm; font-family: 'Times New Roman', serif;\"><span lang=\"EN-US\" style=\"font-family: Verdana, sans-serif;\">Ki\u1ec3u c\u00e0i \u0111\u1eb7t\/\u00a0<em>Type of installation<\/em>: \u0110\u1ec3 treo &#8211; \u0111\u1eb7t xu\u1ed1ng\/\u00a0<em>To hang &#8211; to set down<\/em><\/span><\/p>\n<p style=\"margin: 0cm; font-family: 'Times New Roman', serif;\"><span lang=\"EN-US\" style=\"font-family: Verdana, sans-serif;\"><br \/>\nB\u1ed9 s\u01b0u t\u1eadp\/ <em>Collection<\/em>:<\/span><span lang=\"EN-US\" style=\"font-family: Verdana, sans-serif;\">Victoria line<\/span><br \/>\n<span lang=\"EN-US\" style=\"font-family: Verdana, sans-serif;\">Phong c\u00e1ch\/ <em>Phong c\u00e1ch<\/em>: Casanh\u00e0<\/span><\/p>\n<p style=\"margin: 0cm; font-family: 'Times New Roman', serif;\"><span lang=\"EN-US\" style=\"font-family: Verdana, sans-serif;\"><br \/>\nBao b\u00ec\/ <em>Packaging<\/em>: Standard<\/span><\/p>\n<p style=\"margin: 0cm; font-family: 'Times New Roman', serif;\"><span lang=\"EN-US\" style=\"font-family: Verdana, sans-serif;\">C\u00e2n n\u1eb7ng\/ <em>Weight<\/em>:\u00a0<\/span><span lang=\"EN-US\" style=\"font-family: Verdana, sans-serif;\">0,26kg<\/span><\/p>\n<p style=\"margin: 0cm; font-family: 'Times New Roman', serif;\"><span lang=\"EN-US\" style=\"font-family: Verdana, sans-serif;\"><br \/>\nN\u01b0\u1edbc xu\u1ea5t x\u1ee9\/ <em>Country of origin<\/em>:\u00a0<\/span><span lang=\"EN-US\" style=\"font-family: Verdana, sans-serif;\">Trung qu\u1ed1c\/ <em>China<\/em><\/span><\/p>","protected":false},"featured_media":102441,"comment_status":"open","ping_status":"closed","template":"","meta":[],"product_brand":[17],"product_cat":[2528],"product_tag":[],"class_list":{"0":"post-88728","1":"product","2":"type-product","3":"status-publish","4":"has-post-thumbnail","6":"product_brand-casanha","7":"product_cat-photo-frame","8":"product_shipping_class-small-scale-items","10":"first","11":"instock","12":"shipping-taxable","13":"purchasable","14":"product-type-simple"},"yoast_head":"<!-- This site is optimized with the Yoast SEO plugin v27.1.1 - https:\/\/yoast.com\/product\/yoast-seo-wordpress\/ -->\n<title>VICTORIA - KHUNG \u1ea2NH - Casanha<\/title>\n<meta name=\"robots\" content=\"index, follow, max-snippet:-1, max-image-preview:large, max-video-preview:-1\" \/>\n<link rel=\"canonical\" href=\"https:\/\/casanha.com\/vi\/san-pham\/victoria-khung-anh\/\" \/>\n<meta property=\"og:locale\" content=\"vi_VN\" \/>\n<meta property=\"og:type\" content=\"article\" \/>\n<meta property=\"og:title\" content=\"VICTORIA - KHUNG \u1ea2NH - Casanha\" \/>\n<meta property=\"og:description\" content=\"Th\u00f4ng tin s\u1ea3n ph\u1ea9m\/ Product information  M\u00e0u s\u1eafc\/ Color: V\u00e0ng nh\u0169\/ Gold Ch\u1ea5t li\u1ec7u\/ Materials:\u00a0Polystyrene, v\u00e1n \u00e9p &amp; k\u00ednh\/\u00a0Polystyrene, fiberboard &amp; glass K\u00edch th\u01b0\u1edbc\/ Dimensions:\u00a0W16.7 x D2\u00a0x H21.7cm K\u00edch th\u01b0\u1edbc h\u00ecnh \u1ea3nh\/ Picture size:\u00a013 x 18cm Bao g\u1ed3m v\u00e9 ra ngo\u00e0i\/ Passepartout included: Kh\u00f4ng\/ No Ki\u1ec3u c\u00e0i \u0111\u1eb7t\/\u00a0Type of installation: \u0110\u1ec3 treo - \u0111\u1eb7t xu\u1ed1ng\/\u00a0To hang - to set down  B\u1ed9 s\u01b0u t\u1eadp\/ Collection:Victoria line Phong c\u00e1ch\/ Style: Casanh\u00e0  Bao b\u00ec\/ Packaging: Standard C\u00e2n n\u1eb7ng\/ Weight:\u00a00,26kg  N\u01b0\u1edbc xu\u1ea5t x\u1ee9\/ Country of origin:\u00a0Trung qu\u1ed1c\/ China\" \/>\n<meta property=\"og:url\" content=\"https:\/\/casanha.com\/vi\/san-pham\/victoria-khung-anh\/\" \/>\n<meta property=\"og:site_name\" content=\"Casanha\" \/>\n<meta property=\"article:publisher\" content=\"https:\/\/www.facebook.com\/CasanhaHome\" \/>\n<meta property=\"article:modified_time\" content=\"2026-04-13T04:25:17+00:00\" \/>\n<meta property=\"og:image\" content=\"https:\/\/casanha-beta.s3.ap-southeast-1.amazonaws.com\/2025\/07\/kiotviet_6968fc7748fe79ecd9d6ef6645b0b6a1.jpg\" \/>\n\t<meta property=\"og:image:width\" content=\"600\" \/>\n\t<meta property=\"og:image:height\" content=\"600\" \/>\n\t<meta property=\"og:image:type\" content=\"image\/jpeg\" \/>\n<meta name=\"twitter:card\" content=\"summary_large_image\" \/>\n<script type=\"application\/ld+json\" class=\"yoast-schema-graph\">{\"@context\":\"https:\/\/schema.org\",\"@graph\":[{\"@type\":\"WebPage\",\"@id\":\"https:\/\/casanha.com\/product\/victoria-khung-anh\/\",\"url\":\"https:\/\/casanha.com\/product\/victoria-khung-anh\/\",\"name\":\"VICTORIA - KHUNG \u1ea2NH - Casanha\",\"isPartOf\":{\"@id\":\"https:\/\/casanha.com\/vi\/#website\"},\"primaryImageOfPage\":{\"@id\":\"https:\/\/casanha.com\/product\/victoria-khung-anh\/#primaryimage\"},\"image\":{\"@id\":\"https:\/\/casanha.com\/product\/victoria-khung-anh\/#primaryimage\"},\"thumbnailUrl\":\"https:\/\/casanha-beta.s3.ap-southeast-1.amazonaws.com\/2025\/07\/kiotviet_6968fc7748fe79ecd9d6ef6645b0b6a1.jpg\",\"datePublished\":\"2025-05-09T09:35:54+00:00\",\"dateModified\":\"2026-04-13T04:25:17+00:00\",\"breadcrumb\":{\"@id\":\"https:\/\/casanha.com\/product\/victoria-khung-anh\/#breadcrumb\"},\"inLanguage\":\"vi\",\"potentialAction\":[{\"@type\":\"ReadAction\",\"target\":[\"https:\/\/casanha.com\/product\/victoria-khung-anh\/\"]}]},{\"@type\":\"ImageObject\",\"inLanguage\":\"vi\",\"@id\":\"https:\/\/casanha.com\/product\/victoria-khung-anh\/#primaryimage\",\"url\":\"https:\/\/casanha-beta.s3.ap-southeast-1.amazonaws.com\/2025\/07\/kiotviet_6968fc7748fe79ecd9d6ef6645b0b6a1.jpg\",\"contentUrl\":\"https:\/\/casanha-beta.s3.ap-southeast-1.amazonaws.com\/2025\/07\/kiotviet_6968fc7748fe79ecd9d6ef6645b0b6a1.jpg\",\"width\":600,\"height\":600},{\"@type\":\"BreadcrumbList\",\"@id\":\"https:\/\/casanha.com\/product\/victoria-khung-anh\/#breadcrumb\",\"itemListElement\":[{\"@type\":\"ListItem\",\"position\":1,\"name\":\"Home\",\"item\":\"https:\/\/casanha.com\/\"},{\"@type\":\"ListItem\",\"position\":2,\"name\":\"C\u1eeda h\u00e0ng\",\"item\":\"https:\/\/casanha.com\/vi\/cua-hang\/\"},{\"@type\":\"ListItem\",\"position\":3,\"name\":\"VICTORIA &#8211; KHUNG \u1ea2NH\"}]},{\"@type\":\"WebSite\",\"@id\":\"https:\/\/casanha.com\/vi\/#website\",\"url\":\"https:\/\/casanha.com\/vi\/\",\"name\":\"Casanha\",\"description\":\"Home Decor &amp; Furniture\",\"publisher\":{\"@id\":\"https:\/\/casanha.com\/vi\/#organization\"},\"potentialAction\":[{\"@type\":\"SearchAction\",\"target\":{\"@type\":\"EntryPoint\",\"urlTemplate\":\"https:\/\/casanha.com\/vi\/?s={search_term_string}\"},\"query-input\":{\"@type\":\"PropertyValueSpecification\",\"valueRequired\":true,\"valueName\":\"search_term_string\"}}],\"inLanguage\":\"vi\"},{\"@type\":\"Organization\",\"@id\":\"https:\/\/casanha.com\/vi\/#organization\",\"name\":\"Casanha\",\"url\":\"https:\/\/casanha.com\/vi\/\",\"logo\":{\"@type\":\"ImageObject\",\"inLanguage\":\"vi\",\"@id\":\"https:\/\/casanha.com\/vi\/#\/schema\/logo\/image\/\",\"url\":\"https:\/\/casanha-beta.s3.ap-southeast-1.amazonaws.com\/2026\/02\/logo-2026.jpg\",\"contentUrl\":\"https:\/\/casanha-beta.s3.ap-southeast-1.amazonaws.com\/2026\/02\/logo-2026.jpg\",\"width\":1500,\"height\":1500,\"caption\":\"Casanha\"},\"image\":{\"@id\":\"https:\/\/casanha.com\/vi\/#\/schema\/logo\/image\/\"},\"sameAs\":[\"https:\/\/www.facebook.com\/CasanhaHome\",\"https:\/\/www.instagram.com\/casanhahome\/\",\"https:\/\/www.youtube.com\/@casanha\",\"https:\/\/www.tiktok.com\/@casanha.com\",\"https:\/\/zalo.me\/casanhahome\"]}]}<\/script>\n<!-- \/ Yoast SEO plugin. -->","yoast_head_json":{"title":"VICTORIA - KHUNG \u1ea2NH - Casanha","robots":{"index":"index","follow":"follow","max-snippet":"max-snippet:-1","max-image-preview":"max-image-preview:large","max-video-preview":"max-video-preview:-1"},"canonical":"https:\/\/casanha.com\/vi\/san-pham\/victoria-khung-anh\/","og_locale":"vi_VN","og_type":"article","og_title":"VICTORIA - KHUNG \u1ea2NH - Casanha","og_description":"Th\u00f4ng tin s\u1ea3n ph\u1ea9m\/ Product information  M\u00e0u s\u1eafc\/ Color: V\u00e0ng nh\u0169\/ Gold Ch\u1ea5t li\u1ec7u\/ Materials:\u00a0Polystyrene, v\u00e1n \u00e9p &amp; k\u00ednh\/\u00a0Polystyrene, fiberboard &amp; glass K\u00edch th\u01b0\u1edbc\/ Dimensions:\u00a0W16.7 x D2\u00a0x H21.7cm K\u00edch th\u01b0\u1edbc h\u00ecnh \u1ea3nh\/ Picture size:\u00a013 x 18cm Bao g\u1ed3m v\u00e9 ra ngo\u00e0i\/ Passepartout included: Kh\u00f4ng\/ No Ki\u1ec3u c\u00e0i \u0111\u1eb7t\/\u00a0Type of installation: \u0110\u1ec3 treo - \u0111\u1eb7t xu\u1ed1ng\/\u00a0To hang - to set down  B\u1ed9 s\u01b0u t\u1eadp\/ Collection:Victoria line Phong c\u00e1ch\/ Style: Casanh\u00e0  Bao b\u00ec\/ Packaging: Standard C\u00e2n n\u1eb7ng\/ Weight:\u00a00,26kg  N\u01b0\u1edbc xu\u1ea5t x\u1ee9\/ Country of origin:\u00a0Trung qu\u1ed1c\/ China","og_url":"https:\/\/casanha.com\/vi\/san-pham\/victoria-khung-anh\/","og_site_name":"Casanha","article_publisher":"https:\/\/www.facebook.com\/CasanhaHome","article_modified_time":"2026-04-13T04:25:17+00:00","og_image":[{"width":600,"height":600,"url":"https:\/\/casanha-beta.s3.ap-southeast-1.amazonaws.com\/2025\/07\/kiotviet_6968fc7748fe79ecd9d6ef6645b0b6a1.jpg","type":"image\/jpeg"}],"twitter_card":"summary_large_image","schema":{"@context":"https:\/\/schema.org","@graph":[{"@type":"WebPage","@id":"https:\/\/casanha.com\/product\/victoria-khung-anh\/","url":"https:\/\/casanha.com\/product\/victoria-khung-anh\/","name":"VICTORIA - KHUNG \u1ea2NH - Casanha","isPartOf":{"@id":"https:\/\/casanha.com\/vi\/#website"},"primaryImageOfPage":{"@id":"https:\/\/casanha.com\/product\/victoria-khung-anh\/#primaryimage"},"image":{"@id":"https:\/\/casanha.com\/product\/victoria-khung-anh\/#primaryimage"},"thumbnailUrl":"https:\/\/casanha-beta.s3.ap-southeast-1.amazonaws.com\/2025\/07\/kiotviet_6968fc7748fe79ecd9d6ef6645b0b6a1.jpg","datePublished":"2025-05-09T09:35:54+00:00","dateModified":"2026-04-13T04:25:17+00:00","breadcrumb":{"@id":"https:\/\/casanha.com\/product\/victoria-khung-anh\/#breadcrumb"},"inLanguage":"vi","potentialAction":[{"@type":"ReadAction","target":["https:\/\/casanha.com\/product\/victoria-khung-anh\/"]}]},{"@type":"ImageObject","inLanguage":"vi","@id":"https:\/\/casanha.com\/product\/victoria-khung-anh\/#primaryimage","url":"https:\/\/casanha-beta.s3.ap-southeast-1.amazonaws.com\/2025\/07\/kiotviet_6968fc7748fe79ecd9d6ef6645b0b6a1.jpg","contentUrl":"https:\/\/casanha-beta.s3.ap-southeast-1.amazonaws.com\/2025\/07\/kiotviet_6968fc7748fe79ecd9d6ef6645b0b6a1.jpg","width":600,"height":600},{"@type":"BreadcrumbList","@id":"https:\/\/casanha.com\/product\/victoria-khung-anh\/#breadcrumb","itemListElement":[{"@type":"ListItem","position":1,"name":"Home","item":"https:\/\/casanha.com\/"},{"@type":"ListItem","position":2,"name":"C\u1eeda h\u00e0ng","item":"https:\/\/casanha.com\/vi\/cua-hang\/"},{"@type":"ListItem","position":3,"name":"VICTORIA &#8211; KHUNG \u1ea2NH"}]},{"@type":"WebSite","@id":"https:\/\/casanha.com\/vi\/#website","url":"https:\/\/casanha.com\/vi\/","name":"Casanha","description":"Home Decor &amp; Furniture","publisher":{"@id":"https:\/\/casanha.com\/vi\/#organization"},"potentialAction":[{"@type":"SearchAction","target":{"@type":"EntryPoint","urlTemplate":"https:\/\/casanha.com\/vi\/?s={search_term_string}"},"query-input":{"@type":"PropertyValueSpecification","valueRequired":true,"valueName":"search_term_string"}}],"inLanguage":"vi"},{"@type":"Organization","@id":"https:\/\/casanha.com\/vi\/#organization","name":"Casanha","url":"https:\/\/casanha.com\/vi\/","logo":{"@type":"ImageObject","inLanguage":"vi","@id":"https:\/\/casanha.com\/vi\/#\/schema\/logo\/image\/","url":"https:\/\/casanha-beta.s3.ap-southeast-1.amazonaws.com\/2026\/02\/logo-2026.jpg","contentUrl":"https:\/\/casanha-beta.s3.ap-southeast-1.amazonaws.com\/2026\/02\/logo-2026.jpg","width":1500,"height":1500,"caption":"Casanha"},"image":{"@id":"https:\/\/casanha.com\/vi\/#\/schema\/logo\/image\/"},"sameAs":["https:\/\/www.facebook.com\/CasanhaHome","https:\/\/www.instagram.com\/casanhahome\/","https:\/\/www.youtube.com\/@casanha","https:\/\/www.tiktok.com\/@casanha.com","https:\/\/zalo.me\/casanhahome"]}]}},"_links":{"self":[{"href":"https:\/\/casanha.com\/vi\/wp-json\/wp\/v2\/product\/88728","targetHints":{"allow":["GET"]}}],"collection":[{"href":"https:\/\/casanha.com\/vi\/wp-json\/wp\/v2\/product"}],"about":[{"href":"https:\/\/casanha.com\/vi\/wp-json\/wp\/v2\/types\/product"}],"replies":[{"embeddable":true,"href":"https:\/\/casanha.com\/vi\/wp-json\/wp\/v2\/comments?post=88728"}],"version-history":[{"count":15,"href":"https:\/\/casanha.com\/vi\/wp-json\/wp\/v2\/product\/88728\/revisions"}],"predecessor-version":[{"id":110477,"href":"https:\/\/casanha.com\/vi\/wp-json\/wp\/v2\/product\/88728\/revisions\/110477"}],"wp:featuredmedia":[{"embeddable":true,"href":"https:\/\/casanha.com\/vi\/wp-json\/wp\/v2\/media\/102441"}],"wp:attachment":[{"href":"https:\/\/casanha.com\/vi\/wp-json\/wp\/v2\/media?parent=88728"}],"wp:term":[{"taxonomy":"product_brand","embeddable":true,"href":"https:\/\/casanha.com\/vi\/wp-json\/wp\/v2\/product_brand?post=88728"},{"taxonomy":"product_cat","embeddable":true,"href":"https:\/\/casanha.com\/vi\/wp-json\/wp\/v2\/product_cat?post=88728"},{"taxonomy":"product_tag","embeddable":true,"href":"https:\/\/casanha.com\/vi\/wp-json\/wp\/v2\/product_tag?post=88728"}],"curies":[{"name":"wp","href":"https:\/\/api.w.org\/{rel}","templated":true}]}}