{"id":79089,"date":"2025-04-08T12:56:22","date_gmt":"2025-04-08T05:56:22","guid":{"rendered":"https:\/\/casanha.com\/product\/tube-bong-den\/"},"modified":"2026-02-04T11:42:38","modified_gmt":"2026-02-04T04:42:38","slug":"tube-bong-den","status":"publish","type":"product","link":"https:\/\/casanha.com\/vi\/san-pham\/tube-bong-den\/","title":{"rendered":"TUBE &#8211; B\u00d3NG \u0110\u00c8N"},"content":{"rendered":"","protected":false},"excerpt":{"rendered":"<p>Th\u00f4ng tin s\u1ea3n ph\u1ea9m<br \/>\nM\u00e0u s\u1eafc: Hun kh\u00f3i<br \/>\nCh\u1ea5t li\u1ec7u: Th\u1ee7y tinh &amp; \u0110\u1ed3ng<br \/>\nK\u00edch th\u01b0\u1edbc: D3 x H30 cm.<\/p>\n<p>Th\u00f4ng tin s\u1ea3n ph\u1ea9m<br \/>\nM\u00e0u s\u1eafc: X\u00f4ng kh\u00f3i<br \/>\nCh\u1ea5t li\u1ec7u: Th\u1ee7y tinh, \u0111\u1ed3ng thau<br \/>\nK\u00edch th\u01b0\u1edbc:  D3 x H30 cm.<\/p>","protected":false},"featured_media":86622,"comment_status":"open","ping_status":"closed","template":"","meta":[],"product_brand":[17],"product_cat":[2531],"product_tag":[],"class_list":{"0":"post-79089","1":"product","2":"type-product","3":"status-publish","4":"has-post-thumbnail","6":"product_brand-casanha","7":"product_cat-bulb","8":"product_shipping_class-small-scale-items","10":"first","11":"instock","12":"shipping-taxable","13":"purchasable","14":"product-type-simple"},"yoast_head":"<!-- This site is optimized with the Yoast SEO plugin v27.1.1 - https:\/\/yoast.com\/product\/yoast-seo-wordpress\/ -->\n<title>TUBE - B\u00d3NG \u0110\u00c8N - Casanha<\/title>\n<meta name=\"robots\" content=\"index, follow, max-snippet:-1, max-image-preview:large, max-video-preview:-1\" \/>\n<link rel=\"canonical\" href=\"https:\/\/casanha.com\/vi\/san-pham\/tube-bong-den\/\" \/>\n<meta property=\"og:locale\" content=\"vi_VN\" \/>\n<meta property=\"og:type\" content=\"article\" \/>\n<meta property=\"og:title\" content=\"TUBE - B\u00d3NG \u0110\u00c8N - Casanha\" \/>\n<meta property=\"og:description\" content=\"Th\u00f4ng tin s\u1ea3n ph\u1ea9m M\u00e0u s\u1eafc: Hun kh\u00f3i Ch\u1ea5t li\u1ec7u: Th\u1ee7y tinh &amp; \u0110\u1ed3ng K\u00edch th\u01b0\u1edbc: D3 x H30 cm.  Product Information Color: Fumed Material: Glass brass Dimension: D3 x H30 cm.\" \/>\n<meta property=\"og:url\" content=\"https:\/\/casanha.com\/vi\/san-pham\/tube-bong-den\/\" \/>\n<meta property=\"og:site_name\" content=\"Casanha\" \/>\n<meta property=\"article:publisher\" content=\"https:\/\/www.facebook.com\/CasanhaHome\" \/>\n<meta property=\"article:modified_time\" content=\"2026-02-04T04:42:38+00:00\" \/>\n<meta property=\"og:image\" content=\"https:\/\/casanha-beta.s3.ap-southeast-1.amazonaws.com\/2024\/11\/TUBE-BONG-DEN-3.png\" \/>\n\t<meta property=\"og:image:width\" content=\"1080\" \/>\n\t<meta property=\"og:image:height\" content=\"1350\" \/>\n\t<meta property=\"og:image:type\" content=\"image\/png\" \/>\n<meta name=\"twitter:card\" content=\"summary_large_image\" \/>\n<script type=\"application\/ld+json\" class=\"yoast-schema-graph\">{\"@context\":\"https:\/\/schema.org\",\"@graph\":[{\"@type\":\"WebPage\",\"@id\":\"https:\/\/casanha.com\/vi\/san-pham\/tube-bong-den\/\",\"url\":\"https:\/\/casanha.com\/vi\/san-pham\/tube-bong-den\/\",\"name\":\"TUBE - B\u00d3NG \u0110\u00c8N - Casanha\",\"isPartOf\":{\"@id\":\"https:\/\/casanha.com\/vi\/#website\"},\"primaryImageOfPage\":{\"@id\":\"https:\/\/casanha.com\/vi\/san-pham\/tube-bong-den\/#primaryimage\"},\"image\":{\"@id\":\"https:\/\/casanha.com\/vi\/san-pham\/tube-bong-den\/#primaryimage\"},\"thumbnailUrl\":\"https:\/\/casanha-beta.s3.ap-southeast-1.amazonaws.com\/2024\/11\/TUBE-BONG-DEN-3.png\",\"datePublished\":\"2025-04-08T05:56:22+00:00\",\"dateModified\":\"2026-02-04T04:42:38+00:00\",\"breadcrumb\":{\"@id\":\"https:\/\/casanha.com\/vi\/san-pham\/tube-bong-den\/#breadcrumb\"},\"inLanguage\":\"vi\",\"potentialAction\":[{\"@type\":\"ReadAction\",\"target\":[\"https:\/\/casanha.com\/vi\/san-pham\/tube-bong-den\/\"]}]},{\"@type\":\"ImageObject\",\"inLanguage\":\"vi\",\"@id\":\"https:\/\/casanha.com\/vi\/san-pham\/tube-bong-den\/#primaryimage\",\"url\":\"https:\/\/casanha-beta.s3.ap-southeast-1.amazonaws.com\/2024\/11\/TUBE-BONG-DEN-3.png\",\"contentUrl\":\"https:\/\/casanha-beta.s3.ap-southeast-1.amazonaws.com\/2024\/11\/TUBE-BONG-DEN-3.png\",\"width\":1080,\"height\":1350},{\"@type\":\"BreadcrumbList\",\"@id\":\"https:\/\/casanha.com\/vi\/san-pham\/tube-bong-den\/#breadcrumb\",\"itemListElement\":[{\"@type\":\"ListItem\",\"position\":1,\"name\":\"Home\",\"item\":\"https:\/\/casanha.com\/\"},{\"@type\":\"ListItem\",\"position\":2,\"name\":\"C\u1eeda h\u00e0ng\",\"item\":\"https:\/\/casanha.com\/vi\/cua-hang\/\"},{\"@type\":\"ListItem\",\"position\":3,\"name\":\"TUBE &#8211; B\u00d3NG \u0110\u00c8N\"}]},{\"@type\":\"WebSite\",\"@id\":\"https:\/\/casanha.com\/vi\/#website\",\"url\":\"https:\/\/casanha.com\/vi\/\",\"name\":\"Casanha\",\"description\":\"Home Decor &amp; Furniture\",\"publisher\":{\"@id\":\"https:\/\/casanha.com\/vi\/#organization\"},\"potentialAction\":[{\"@type\":\"SearchAction\",\"target\":{\"@type\":\"EntryPoint\",\"urlTemplate\":\"https:\/\/casanha.com\/vi\/?s={search_term_string}\"},\"query-input\":{\"@type\":\"PropertyValueSpecification\",\"valueRequired\":true,\"valueName\":\"search_term_string\"}}],\"inLanguage\":\"vi\"},{\"@type\":\"Organization\",\"@id\":\"https:\/\/casanha.com\/vi\/#organization\",\"name\":\"Casanha\",\"url\":\"https:\/\/casanha.com\/vi\/\",\"logo\":{\"@type\":\"ImageObject\",\"inLanguage\":\"vi\",\"@id\":\"https:\/\/casanha.com\/vi\/#\/schema\/logo\/image\/\",\"url\":\"https:\/\/casanha-beta.s3.ap-southeast-1.amazonaws.com\/2026\/02\/logo-2026.jpg\",\"contentUrl\":\"https:\/\/casanha-beta.s3.ap-southeast-1.amazonaws.com\/2026\/02\/logo-2026.jpg\",\"width\":1500,\"height\":1500,\"caption\":\"Casanha\"},\"image\":{\"@id\":\"https:\/\/casanha.com\/vi\/#\/schema\/logo\/image\/\"},\"sameAs\":[\"https:\/\/www.facebook.com\/CasanhaHome\",\"https:\/\/www.instagram.com\/casanhahome\/\",\"https:\/\/www.youtube.com\/@casanha\",\"https:\/\/www.tiktok.com\/@casanha.com\",\"https:\/\/zalo.me\/casanhahome\"]}]}<\/script>\n<!-- \/ Yoast SEO plugin. -->","yoast_head_json":{"title":"TUBE - B\u00d3NG \u0110\u00c8N - Casanha","robots":{"index":"index","follow":"follow","max-snippet":"max-snippet:-1","max-image-preview":"max-image-preview:large","max-video-preview":"max-video-preview:-1"},"canonical":"https:\/\/casanha.com\/vi\/san-pham\/tube-bong-den\/","og_locale":"vi_VN","og_type":"article","og_title":"TUBE - B\u00d3NG \u0110\u00c8N - Casanha","og_description":"Th\u00f4ng tin s\u1ea3n ph\u1ea9m M\u00e0u s\u1eafc: Hun kh\u00f3i Ch\u1ea5t li\u1ec7u: Th\u1ee7y tinh &amp; \u0110\u1ed3ng K\u00edch th\u01b0\u1edbc: D3 x H30 cm.  Product Information Color: Fumed Material: Glass brass Dimension: D3 x H30 cm.","og_url":"https:\/\/casanha.com\/vi\/san-pham\/tube-bong-den\/","og_site_name":"Casanha","article_publisher":"https:\/\/www.facebook.com\/CasanhaHome","article_modified_time":"2026-02-04T04:42:38+00:00","og_image":[{"width":1080,"height":1350,"url":"https:\/\/casanha-beta.s3.ap-southeast-1.amazonaws.com\/2024\/11\/TUBE-BONG-DEN-3.png","type":"image\/png"}],"twitter_card":"summary_large_image","schema":{"@context":"https:\/\/schema.org","@graph":[{"@type":"WebPage","@id":"https:\/\/casanha.com\/vi\/san-pham\/tube-bong-den\/","url":"https:\/\/casanha.com\/vi\/san-pham\/tube-bong-den\/","name":"TUBE - B\u00d3NG \u0110\u00c8N - Casanha","isPartOf":{"@id":"https:\/\/casanha.com\/vi\/#website"},"primaryImageOfPage":{"@id":"https:\/\/casanha.com\/vi\/san-pham\/tube-bong-den\/#primaryimage"},"image":{"@id":"https:\/\/casanha.com\/vi\/san-pham\/tube-bong-den\/#primaryimage"},"thumbnailUrl":"https:\/\/casanha-beta.s3.ap-southeast-1.amazonaws.com\/2024\/11\/TUBE-BONG-DEN-3.png","datePublished":"2025-04-08T05:56:22+00:00","dateModified":"2026-02-04T04:42:38+00:00","breadcrumb":{"@id":"https:\/\/casanha.com\/vi\/san-pham\/tube-bong-den\/#breadcrumb"},"inLanguage":"vi","potentialAction":[{"@type":"ReadAction","target":["https:\/\/casanha.com\/vi\/san-pham\/tube-bong-den\/"]}]},{"@type":"ImageObject","inLanguage":"vi","@id":"https:\/\/casanha.com\/vi\/san-pham\/tube-bong-den\/#primaryimage","url":"https:\/\/casanha-beta.s3.ap-southeast-1.amazonaws.com\/2024\/11\/TUBE-BONG-DEN-3.png","contentUrl":"https:\/\/casanha-beta.s3.ap-southeast-1.amazonaws.com\/2024\/11\/TUBE-BONG-DEN-3.png","width":1080,"height":1350},{"@type":"BreadcrumbList","@id":"https:\/\/casanha.com\/vi\/san-pham\/tube-bong-den\/#breadcrumb","itemListElement":[{"@type":"ListItem","position":1,"name":"Home","item":"https:\/\/casanha.com\/"},{"@type":"ListItem","position":2,"name":"C\u1eeda h\u00e0ng","item":"https:\/\/casanha.com\/vi\/cua-hang\/"},{"@type":"ListItem","position":3,"name":"TUBE &#8211; B\u00d3NG \u0110\u00c8N"}]},{"@type":"WebSite","@id":"https:\/\/casanha.com\/vi\/#website","url":"https:\/\/casanha.com\/vi\/","name":"Casanha","description":"Home Decor &amp; Furniture","publisher":{"@id":"https:\/\/casanha.com\/vi\/#organization"},"potentialAction":[{"@type":"SearchAction","target":{"@type":"EntryPoint","urlTemplate":"https:\/\/casanha.com\/vi\/?s={search_term_string}"},"query-input":{"@type":"PropertyValueSpecification","valueRequired":true,"valueName":"search_term_string"}}],"inLanguage":"vi"},{"@type":"Organization","@id":"https:\/\/casanha.com\/vi\/#organization","name":"Casanha","url":"https:\/\/casanha.com\/vi\/","logo":{"@type":"ImageObject","inLanguage":"vi","@id":"https:\/\/casanha.com\/vi\/#\/schema\/logo\/image\/","url":"https:\/\/casanha-beta.s3.ap-southeast-1.amazonaws.com\/2026\/02\/logo-2026.jpg","contentUrl":"https:\/\/casanha-beta.s3.ap-southeast-1.amazonaws.com\/2026\/02\/logo-2026.jpg","width":1500,"height":1500,"caption":"Casanha"},"image":{"@id":"https:\/\/casanha.com\/vi\/#\/schema\/logo\/image\/"},"sameAs":["https:\/\/www.facebook.com\/CasanhaHome","https:\/\/www.instagram.com\/casanhahome\/","https:\/\/www.youtube.com\/@casanha","https:\/\/www.tiktok.com\/@casanha.com","https:\/\/zalo.me\/casanhahome"]}]}},"_links":{"self":[{"href":"https:\/\/casanha.com\/vi\/wp-json\/wp\/v2\/product\/79089","targetHints":{"allow":["GET"]}}],"collection":[{"href":"https:\/\/casanha.com\/vi\/wp-json\/wp\/v2\/product"}],"about":[{"href":"https:\/\/casanha.com\/vi\/wp-json\/wp\/v2\/types\/product"}],"replies":[{"embeddable":true,"href":"https:\/\/casanha.com\/vi\/wp-json\/wp\/v2\/comments?post=79089"}],"version-history":[{"count":4,"href":"https:\/\/casanha.com\/vi\/wp-json\/wp\/v2\/product\/79089\/revisions"}],"predecessor-version":[{"id":110736,"href":"https:\/\/casanha.com\/vi\/wp-json\/wp\/v2\/product\/79089\/revisions\/110736"}],"wp:featuredmedia":[{"embeddable":true,"href":"https:\/\/casanha.com\/vi\/wp-json\/wp\/v2\/media\/86622"}],"wp:attachment":[{"href":"https:\/\/casanha.com\/vi\/wp-json\/wp\/v2\/media?parent=79089"}],"wp:term":[{"taxonomy":"product_brand","embeddable":true,"href":"https:\/\/casanha.com\/vi\/wp-json\/wp\/v2\/product_brand?post=79089"},{"taxonomy":"product_cat","embeddable":true,"href":"https:\/\/casanha.com\/vi\/wp-json\/wp\/v2\/product_cat?post=79089"},{"taxonomy":"product_tag","embeddable":true,"href":"https:\/\/casanha.com\/vi\/wp-json\/wp\/v2\/product_tag?post=79089"}],"curies":[{"name":"wp","href":"https:\/\/api.w.org\/{rel}","templated":true}]}}