{"id":78667,"date":"2025-04-08T12:34:43","date_gmt":"2025-04-08T05:34:43","guid":{"rendered":"https:\/\/casanha.com\/product\/flower-bouquet-cay-nhan-tao\/"},"modified":"2026-04-07T16:31:56","modified_gmt":"2026-04-07T09:31:56","slug":"flower-bouquet-cay-nhan-tao","status":"publish","type":"product","link":"https:\/\/casanha.com\/vi\/san-pham\/flower-bouquet-cay-nhan-tao\/","title":{"rendered":"FLOWER BOUQUET &#8211; C\u00c2Y NH\u00c2N T\u1ea0O"},"content":{"rendered":"<p>B\u00f3 hoa gi\u1ea3 m\u00e0u tr\u1eafng cao 30 cm n\u00e0y \u0111\u01b0\u1ee3c k\u1ebft t\u1eeb nh\u1eefng b\u00f4ng hoa h\u1ed3ng tr\u1eafng l\u00e0m t\u1eeb v\u1ea3i v\u00e0 trang tr\u00ed b\u1eb1ng nh\u1eefng t\u00e1n l\u00e1 r\u1ed9ng r\u00e3i. C\u00e1c thanh r\u1ea5t th\u1ef1c t\u1ebf \u0111\u01b0\u1ee3c li\u00ean k\u1ebft v\u1edbi nhau b\u1eb1ng d\u00e2y c\u00f3i. B\u1ea1n c\u00f3 th\u1ec3 c\u1eafm b\u00f3 hoa c\u1ee7a m\u00ecnh trong nh\u1eefng chi\u1ebfc l\u1ecd c\u00f3 k\u00edch th\u01b0\u1edbc ti\u00eau chu\u1ea9n v\u00e0 t\u1eadn h\u01b0\u1edfng b\u1ea7u kh\u00f4ng kh\u00ed th\u00e2n thi\u1ec7n v\u00e0 \u1ea5m \u00e1p!<\/p>\n<p>B\u00f3 hoa gi\u1ea3 m\u00e0u tr\u1eafng cao 30 cm n\u00e0y \u0111\u01b0\u1ee3c k\u1ebft t\u1eeb nh\u1eefng b\u00f4ng hoa h\u1ed3ng tr\u1eafng l\u00e0m t\u1eeb v\u1ea3i v\u00e0 trang tr\u00ed b\u1eb1ng nh\u1eefng t\u00e1n l\u00e1 r\u1ed9ng r\u00e3i. C\u00e1c thanh r\u1ea5t th\u1ef1c t\u1ebf \u0111\u01b0\u1ee3c li\u00ean k\u1ebft v\u1edbi nhau b\u1eb1ng d\u00e2y c\u00f3i. B\u1ea1n c\u00f3 th\u1ec3 c\u1eafm b\u00f3 hoa c\u1ee7a m\u00ecnh trong nh\u1eefng chi\u1ebfc l\u1ecd c\u00f3 k\u00edch th\u01b0\u1edbc ti\u00eau chu\u1ea9n v\u00e0 t\u1eadn h\u01b0\u1edfng b\u1ea7u kh\u00f4ng kh\u00ed th\u00e2n thi\u1ec7n v\u00e0 \u1ea5m \u00e1p!<\/p>","protected":false},"excerpt":{"rendered":"<p>Th\u00f4ng tin s\u1ea3n ph\u1ea9m<br \/>\nM\u00e0u s\u1eafc: Xanh l\u00e1 &amp; Tr\u1eafng<br \/>\nCh\u1ea5t li\u1ec7u: Polyethylene, Polyester, S\u1eaft<br \/>\nK\u00edch th\u01b0\u1edbc: D28 x H31cm.<\/p>\n<p>Th\u00f4ng tin s\u1ea3n ph\u1ea9m<br \/>\nM\u00e0u s\u1eafc: Xanh, Tr\u1eafng.<br \/>\nCh\u1ea5t li\u1ec7u: Polyester, polyethylene, S\u1eaft<br \/>\nK\u00edch th\u01b0\u1edbc: D28 x H31 cm.<\/p>","protected":false},"featured_media":85855,"comment_status":"open","ping_status":"closed","template":"","meta":[],"product_brand":[17],"product_cat":[3056,3066,3048,2562],"product_tag":[],"class_list":{"0":"post-78667","1":"product","2":"type-product","3":"status-publish","4":"has-post-thumbnail","6":"product_brand-casanha","7":"product_cat-goldinosa","8":"product_cat-greenhouse","9":"product_cat-monolith-arcs","10":"product_cat-stems-bouquets","11":"product_shipping_class-normal-items","13":"first","14":"instock","15":"shipping-taxable","16":"purchasable","17":"product-type-simple"},"yoast_head":"<!-- This site is optimized with the Yoast SEO plugin v27.1.1 - https:\/\/yoast.com\/product\/yoast-seo-wordpress\/ -->\n<title>FLOWER BOUQUET - C\u00c2Y NH\u00c2N T\u1ea0O - Casanha<\/title>\n<meta name=\"robots\" content=\"index, follow, max-snippet:-1, max-image-preview:large, max-video-preview:-1\" \/>\n<link rel=\"canonical\" href=\"https:\/\/casanha.com\/vi\/san-pham\/flower-bouquet-cay-nhan-tao\/\" \/>\n<meta property=\"og:locale\" content=\"vi_VN\" \/>\n<meta property=\"og:type\" content=\"article\" \/>\n<meta property=\"og:title\" content=\"FLOWER BOUQUET - C\u00c2Y NH\u00c2N T\u1ea0O - Casanha\" \/>\n<meta property=\"og:description\" content=\"Th\u00f4ng tin s\u1ea3n ph\u1ea9m M\u00e0u s\u1eafc: Xanh l\u00e1 &amp; Tr\u1eafng Ch\u1ea5t li\u1ec7u: Polyethylene, Polyester, S\u1eaft K\u00edch th\u01b0\u1edbc: D28 x H31cm.  Product Information Color: Green &amp; white Material: Polyethylene, polyester &amp; Iron Dimension: D28 x H31 cm.\" \/>\n<meta property=\"og:url\" content=\"https:\/\/casanha.com\/vi\/san-pham\/flower-bouquet-cay-nhan-tao\/\" \/>\n<meta property=\"og:site_name\" content=\"Casanha\" \/>\n<meta property=\"article:publisher\" content=\"https:\/\/www.facebook.com\/CasanhaHome\" \/>\n<meta property=\"article:modified_time\" content=\"2026-04-07T09:31:56+00:00\" \/>\n<meta property=\"og:image\" content=\"https:\/\/casanha-beta.s3.ap-southeast-1.amazonaws.com\/2024\/11\/FLOWER-BOUQUET-CAY-NHAN-TAO.png\" \/>\n\t<meta property=\"og:image:width\" content=\"1080\" \/>\n\t<meta property=\"og:image:height\" content=\"1350\" \/>\n\t<meta property=\"og:image:type\" content=\"image\/png\" \/>\n<meta name=\"twitter:card\" content=\"summary_large_image\" \/>\n<script type=\"application\/ld+json\" class=\"yoast-schema-graph\">{\"@context\":\"https:\/\/schema.org\",\"@graph\":[{\"@type\":\"WebPage\",\"@id\":\"https:\/\/casanha.com\/product\/flower-bouquet-cay-nhan-tao\/\",\"url\":\"https:\/\/casanha.com\/product\/flower-bouquet-cay-nhan-tao\/\",\"name\":\"FLOWER BOUQUET - C\u00c2Y NH\u00c2N T\u1ea0O - Casanha\",\"isPartOf\":{\"@id\":\"https:\/\/casanha.com\/vi\/#website\"},\"primaryImageOfPage\":{\"@id\":\"https:\/\/casanha.com\/product\/flower-bouquet-cay-nhan-tao\/#primaryimage\"},\"image\":{\"@id\":\"https:\/\/casanha.com\/product\/flower-bouquet-cay-nhan-tao\/#primaryimage\"},\"thumbnailUrl\":\"https:\/\/casanha-beta.s3.ap-southeast-1.amazonaws.com\/2024\/11\/FLOWER-BOUQUET-CAY-NHAN-TAO.png\",\"datePublished\":\"2025-04-08T05:34:43+00:00\",\"dateModified\":\"2026-04-07T09:31:56+00:00\",\"breadcrumb\":{\"@id\":\"https:\/\/casanha.com\/product\/flower-bouquet-cay-nhan-tao\/#breadcrumb\"},\"inLanguage\":\"vi\",\"potentialAction\":[{\"@type\":\"ReadAction\",\"target\":[\"https:\/\/casanha.com\/product\/flower-bouquet-cay-nhan-tao\/\"]}]},{\"@type\":\"ImageObject\",\"inLanguage\":\"vi\",\"@id\":\"https:\/\/casanha.com\/product\/flower-bouquet-cay-nhan-tao\/#primaryimage\",\"url\":\"https:\/\/casanha-beta.s3.ap-southeast-1.amazonaws.com\/2024\/11\/FLOWER-BOUQUET-CAY-NHAN-TAO.png\",\"contentUrl\":\"https:\/\/casanha-beta.s3.ap-southeast-1.amazonaws.com\/2024\/11\/FLOWER-BOUQUET-CAY-NHAN-TAO.png\",\"width\":1080,\"height\":1350},{\"@type\":\"BreadcrumbList\",\"@id\":\"https:\/\/casanha.com\/product\/flower-bouquet-cay-nhan-tao\/#breadcrumb\",\"itemListElement\":[{\"@type\":\"ListItem\",\"position\":1,\"name\":\"Home\",\"item\":\"https:\/\/casanha.com\/\"},{\"@type\":\"ListItem\",\"position\":2,\"name\":\"C\u1eeda h\u00e0ng\",\"item\":\"https:\/\/casanha.com\/vi\/cua-hang\/\"},{\"@type\":\"ListItem\",\"position\":3,\"name\":\"FLOWER BOUQUET &#8211; C\u00c2Y NH\u00c2N T\u1ea0O\"}]},{\"@type\":\"WebSite\",\"@id\":\"https:\/\/casanha.com\/vi\/#website\",\"url\":\"https:\/\/casanha.com\/vi\/\",\"name\":\"Casanha\",\"description\":\"Home Decor &amp; Furniture\",\"publisher\":{\"@id\":\"https:\/\/casanha.com\/vi\/#organization\"},\"potentialAction\":[{\"@type\":\"SearchAction\",\"target\":{\"@type\":\"EntryPoint\",\"urlTemplate\":\"https:\/\/casanha.com\/vi\/?s={search_term_string}\"},\"query-input\":{\"@type\":\"PropertyValueSpecification\",\"valueRequired\":true,\"valueName\":\"search_term_string\"}}],\"inLanguage\":\"vi\"},{\"@type\":\"Organization\",\"@id\":\"https:\/\/casanha.com\/vi\/#organization\",\"name\":\"Casanha\",\"url\":\"https:\/\/casanha.com\/vi\/\",\"logo\":{\"@type\":\"ImageObject\",\"inLanguage\":\"vi\",\"@id\":\"https:\/\/casanha.com\/vi\/#\/schema\/logo\/image\/\",\"url\":\"https:\/\/casanha-beta.s3.ap-southeast-1.amazonaws.com\/2026\/02\/logo-2026.jpg\",\"contentUrl\":\"https:\/\/casanha-beta.s3.ap-southeast-1.amazonaws.com\/2026\/02\/logo-2026.jpg\",\"width\":1500,\"height\":1500,\"caption\":\"Casanha\"},\"image\":{\"@id\":\"https:\/\/casanha.com\/vi\/#\/schema\/logo\/image\/\"},\"sameAs\":[\"https:\/\/www.facebook.com\/CasanhaHome\",\"https:\/\/www.instagram.com\/casanhahome\/\",\"https:\/\/www.youtube.com\/@casanha\",\"https:\/\/www.tiktok.com\/@casanha.com\",\"https:\/\/zalo.me\/casanhahome\"]}]}<\/script>\n<!-- \/ Yoast SEO plugin. -->","yoast_head_json":{"title":"FLOWER BOUQUET - C\u00c2Y NH\u00c2N T\u1ea0O - Casanha","robots":{"index":"index","follow":"follow","max-snippet":"max-snippet:-1","max-image-preview":"max-image-preview:large","max-video-preview":"max-video-preview:-1"},"canonical":"https:\/\/casanha.com\/vi\/san-pham\/flower-bouquet-cay-nhan-tao\/","og_locale":"vi_VN","og_type":"article","og_title":"FLOWER BOUQUET - C\u00c2Y NH\u00c2N T\u1ea0O - Casanha","og_description":"Th\u00f4ng tin s\u1ea3n ph\u1ea9m M\u00e0u s\u1eafc: Xanh l\u00e1 &amp; Tr\u1eafng Ch\u1ea5t li\u1ec7u: Polyethylene, Polyester, S\u1eaft K\u00edch th\u01b0\u1edbc: D28 x H31cm.  Product Information Color: Green &amp; white Material: Polyethylene, polyester &amp; Iron Dimension: D28 x H31 cm.","og_url":"https:\/\/casanha.com\/vi\/san-pham\/flower-bouquet-cay-nhan-tao\/","og_site_name":"Casanha","article_publisher":"https:\/\/www.facebook.com\/CasanhaHome","article_modified_time":"2026-04-07T09:31:56+00:00","og_image":[{"width":1080,"height":1350,"url":"https:\/\/casanha-beta.s3.ap-southeast-1.amazonaws.com\/2024\/11\/FLOWER-BOUQUET-CAY-NHAN-TAO.png","type":"image\/png"}],"twitter_card":"summary_large_image","schema":{"@context":"https:\/\/schema.org","@graph":[{"@type":"WebPage","@id":"https:\/\/casanha.com\/product\/flower-bouquet-cay-nhan-tao\/","url":"https:\/\/casanha.com\/product\/flower-bouquet-cay-nhan-tao\/","name":"FLOWER BOUQUET - C\u00c2Y NH\u00c2N T\u1ea0O - Casanha","isPartOf":{"@id":"https:\/\/casanha.com\/vi\/#website"},"primaryImageOfPage":{"@id":"https:\/\/casanha.com\/product\/flower-bouquet-cay-nhan-tao\/#primaryimage"},"image":{"@id":"https:\/\/casanha.com\/product\/flower-bouquet-cay-nhan-tao\/#primaryimage"},"thumbnailUrl":"https:\/\/casanha-beta.s3.ap-southeast-1.amazonaws.com\/2024\/11\/FLOWER-BOUQUET-CAY-NHAN-TAO.png","datePublished":"2025-04-08T05:34:43+00:00","dateModified":"2026-04-07T09:31:56+00:00","breadcrumb":{"@id":"https:\/\/casanha.com\/product\/flower-bouquet-cay-nhan-tao\/#breadcrumb"},"inLanguage":"vi","potentialAction":[{"@type":"ReadAction","target":["https:\/\/casanha.com\/product\/flower-bouquet-cay-nhan-tao\/"]}]},{"@type":"ImageObject","inLanguage":"vi","@id":"https:\/\/casanha.com\/product\/flower-bouquet-cay-nhan-tao\/#primaryimage","url":"https:\/\/casanha-beta.s3.ap-southeast-1.amazonaws.com\/2024\/11\/FLOWER-BOUQUET-CAY-NHAN-TAO.png","contentUrl":"https:\/\/casanha-beta.s3.ap-southeast-1.amazonaws.com\/2024\/11\/FLOWER-BOUQUET-CAY-NHAN-TAO.png","width":1080,"height":1350},{"@type":"BreadcrumbList","@id":"https:\/\/casanha.com\/product\/flower-bouquet-cay-nhan-tao\/#breadcrumb","itemListElement":[{"@type":"ListItem","position":1,"name":"Home","item":"https:\/\/casanha.com\/"},{"@type":"ListItem","position":2,"name":"C\u1eeda h\u00e0ng","item":"https:\/\/casanha.com\/vi\/cua-hang\/"},{"@type":"ListItem","position":3,"name":"FLOWER BOUQUET &#8211; C\u00c2Y NH\u00c2N T\u1ea0O"}]},{"@type":"WebSite","@id":"https:\/\/casanha.com\/vi\/#website","url":"https:\/\/casanha.com\/vi\/","name":"Casanha","description":"Home Decor &amp; Furniture","publisher":{"@id":"https:\/\/casanha.com\/vi\/#organization"},"potentialAction":[{"@type":"SearchAction","target":{"@type":"EntryPoint","urlTemplate":"https:\/\/casanha.com\/vi\/?s={search_term_string}"},"query-input":{"@type":"PropertyValueSpecification","valueRequired":true,"valueName":"search_term_string"}}],"inLanguage":"vi"},{"@type":"Organization","@id":"https:\/\/casanha.com\/vi\/#organization","name":"Casanha","url":"https:\/\/casanha.com\/vi\/","logo":{"@type":"ImageObject","inLanguage":"vi","@id":"https:\/\/casanha.com\/vi\/#\/schema\/logo\/image\/","url":"https:\/\/casanha-beta.s3.ap-southeast-1.amazonaws.com\/2026\/02\/logo-2026.jpg","contentUrl":"https:\/\/casanha-beta.s3.ap-southeast-1.amazonaws.com\/2026\/02\/logo-2026.jpg","width":1500,"height":1500,"caption":"Casanha"},"image":{"@id":"https:\/\/casanha.com\/vi\/#\/schema\/logo\/image\/"},"sameAs":["https:\/\/www.facebook.com\/CasanhaHome","https:\/\/www.instagram.com\/casanhahome\/","https:\/\/www.youtube.com\/@casanha","https:\/\/www.tiktok.com\/@casanha.com","https:\/\/zalo.me\/casanhahome"]}]}},"_links":{"self":[{"href":"https:\/\/casanha.com\/vi\/wp-json\/wp\/v2\/product\/78667","targetHints":{"allow":["GET"]}}],"collection":[{"href":"https:\/\/casanha.com\/vi\/wp-json\/wp\/v2\/product"}],"about":[{"href":"https:\/\/casanha.com\/vi\/wp-json\/wp\/v2\/types\/product"}],"replies":[{"embeddable":true,"href":"https:\/\/casanha.com\/vi\/wp-json\/wp\/v2\/comments?post=78667"}],"version-history":[{"count":4,"href":"https:\/\/casanha.com\/vi\/wp-json\/wp\/v2\/product\/78667\/revisions"}],"predecessor-version":[{"id":112486,"href":"https:\/\/casanha.com\/vi\/wp-json\/wp\/v2\/product\/78667\/revisions\/112486"}],"wp:featuredmedia":[{"embeddable":true,"href":"https:\/\/casanha.com\/vi\/wp-json\/wp\/v2\/media\/85855"}],"wp:attachment":[{"href":"https:\/\/casanha.com\/vi\/wp-json\/wp\/v2\/media?parent=78667"}],"wp:term":[{"taxonomy":"product_brand","embeddable":true,"href":"https:\/\/casanha.com\/vi\/wp-json\/wp\/v2\/product_brand?post=78667"},{"taxonomy":"product_cat","embeddable":true,"href":"https:\/\/casanha.com\/vi\/wp-json\/wp\/v2\/product_cat?post=78667"},{"taxonomy":"product_tag","embeddable":true,"href":"https:\/\/casanha.com\/vi\/wp-json\/wp\/v2\/product_tag?post=78667"}],"curies":[{"name":"wp","href":"https:\/\/api.w.org\/{rel}","templated":true}]}}