{"id":77831,"date":"2025-04-08T11:27:18","date_gmt":"2025-04-08T04:27:18","guid":{"rendered":"https:\/\/casanha.com\/product\/gypsy-goi-tua\/"},"modified":"2026-04-07T09:18:48","modified_gmt":"2026-04-07T02:18:48","slug":"gypsy-goi-tua","status":"publish","type":"product","link":"https:\/\/casanha.com\/vi\/san-pham\/gypsy-goi-tua\/","title":{"rendered":"GYPSY &#8211; G\u1ed0I T\u1ef0A"},"content":{"rendered":"","protected":false},"excerpt":{"rendered":"<p>S\u1ef1 tho\u1ea3i m\u00e1i kh\u00f4ng g\u00ec s\u00e1nh \u0111\u01b0\u1ee3c &#8211; G\u1ed1i t\u1ef1a GYPSY \u0111\u1ea7y m\u00e0u s\u1eafc s\u1ebd t\u1ea1o th\u00eam \u0111i\u1ec3m nh\u1ea5n cho ph\u00f2ng kh\u00e1ch c\u1ee7a b\u1ea1n v\u1edbi nh\u1eefng tua rua c\u1ef1c k\u00ec nh\u1eb9 nh\u00e0ng. M\u1ed9t \u01b0u \u0111i\u1ec3m \u0111\u00e1ng k\u1ec3 kh\u00e1c l\u00e0 g\u1ed1i Gypsy c\u00f3 \u00e1o g\u1ed1i c\u00f3 th\u1ec3 th\u00e1o r\u1eddi \u0111\u1ec3 b\u1ea1n c\u00f3 th\u1ec3 d\u1ec5 d\u00e0ng v\u1ec7 sinh\/ <em>S\u1ef1 tho\u1ea3i m\u00e1i kh\u00f4ng g\u00ec s\u00e1nh \u0111\u01b0\u1ee3c - G\u1ed1i t\u1ef1a GYPSY \u0111\u1ea7y m\u00e0u s\u1eafc s\u1ebd t\u1ea1o th\u00eam \u0111i\u1ec3m nh\u1ea5n cho ph\u00f2ng kh\u00e1ch c\u1ee7a b\u1ea1n v\u1edbi nh\u1eefng tua rua c\u1ef1c k\u00ec nh\u1eb9 nh\u00e0ng. M\u1ed9t \u01b0u \u0111i\u1ec3m \u0111\u00e1ng k\u1ec3 kh\u00e1c l\u00e0 g\u1ed1i Gypsy c\u00f3 \u00e1o g\u1ed1i c\u00f3 th\u1ec3 th\u00e1o r\u1eddi \u0111\u1ec3 b\u1ea1n c\u00f3 th\u1ec3 d\u1ec5 d\u00e0ng v\u1ec7 sinh.<\/em><\/p>","protected":false},"featured_media":111276,"comment_status":"open","ping_status":"closed","template":"","meta":[],"product_brand":[17],"product_cat":[2520],"product_tag":[],"class_list":{"0":"post-77831","1":"product","2":"type-product","3":"status-publish","4":"has-post-thumbnail","6":"product_brand-casanha","7":"product_cat-cushion","8":"product_shipping_class-normal-items","9":"pa_color-hong-dat-terracotta","10":"pa_color-than-chi-anthracite","11":"pa_color-tho-hoang-ocher","12":"pa_color-trang-ivory","13":"pa_color-xanh-co-vit-duck-blue","15":"first","16":"instock","17":"shipping-taxable","18":"purchasable","19":"product-type-variable","20":"rtwpvs-product"},"yoast_head":"<!-- This site is optimized with the Yoast SEO plugin v27.1.1 - https:\/\/yoast.com\/product\/yoast-seo-wordpress\/ -->\n<title>GYPSY - G\u1ed0I T\u1ef0A - Casanha<\/title>\n<meta name=\"robots\" content=\"index, follow, max-snippet:-1, max-image-preview:large, max-video-preview:-1\" \/>\n<link rel=\"canonical\" href=\"https:\/\/casanha.com\/vi\/san-pham\/gypsy-goi-tua\/\" \/>\n<meta property=\"og:locale\" content=\"vi_VN\" \/>\n<meta property=\"og:type\" content=\"article\" \/>\n<meta property=\"og:title\" content=\"GYPSY - G\u1ed0I T\u1ef0A - Casanha\" \/>\n<meta property=\"og:description\" content=\"S\u1ef1 tho\u1ea3i m\u00e1i kh\u00f4ng g\u00ec s\u00e1nh \u0111\u01b0\u1ee3c - G\u1ed1i t\u1ef1a GYPSY \u0111\u1ea7y m\u00e0u s\u1eafc s\u1ebd t\u1ea1o th\u00eam \u0111i\u1ec3m nh\u1ea5n cho ph\u00f2ng kh\u00e1ch c\u1ee7a b\u1ea1n v\u1edbi nh\u1eefng tua rua c\u1ef1c k\u00ec nh\u1eb9 nh\u00e0ng. M\u1ed9t \u01b0u \u0111i\u1ec3m \u0111\u00e1ng k\u1ec3 kh\u00e1c l\u00e0 g\u1ed1i Gypsy c\u00f3 \u00e1o g\u1ed1i c\u00f3 th\u1ec3 th\u00e1o r\u1eddi \u0111\u1ec3 b\u1ea1n c\u00f3 th\u1ec3 d\u1ec5 d\u00e0ng v\u1ec7 sinh\/ Uncompromising comfort - Its colorful cotton will add pep to your living room and its pompoms will add a touch of fantasy. Another significant advantage, our Gypsy cushions are also removable for easy maintenance.\" \/>\n<meta property=\"og:url\" content=\"https:\/\/casanha.com\/vi\/san-pham\/gypsy-goi-tua\/\" \/>\n<meta property=\"og:site_name\" content=\"Casanha\" \/>\n<meta property=\"article:publisher\" content=\"https:\/\/www.facebook.com\/CasanhaHome\" \/>\n<meta property=\"article:modified_time\" content=\"2026-04-07T02:18:48+00:00\" \/>\n<meta property=\"og:image\" content=\"https:\/\/casanha-beta.s3.ap-southeast-1.amazonaws.com\/2025\/04\/Gypsy-cushion-ivory-pic-1.png\" \/>\n\t<meta property=\"og:image:width\" content=\"1080\" \/>\n\t<meta property=\"og:image:height\" content=\"1350\" \/>\n\t<meta property=\"og:image:type\" content=\"image\/png\" \/>\n<meta name=\"twitter:card\" content=\"summary_large_image\" \/>\n<script type=\"application\/ld+json\" class=\"yoast-schema-graph\">{\"@context\":\"https:\/\/schema.org\",\"@graph\":[{\"@type\":\"WebPage\",\"@id\":\"https:\/\/casanha.com\/product\/gypsy-goi-tua\/\",\"url\":\"https:\/\/casanha.com\/product\/gypsy-goi-tua\/\",\"name\":\"GYPSY - G\u1ed0I T\u1ef0A - Casanha\",\"isPartOf\":{\"@id\":\"https:\/\/casanha.com\/vi\/#website\"},\"primaryImageOfPage\":{\"@id\":\"https:\/\/casanha.com\/product\/gypsy-goi-tua\/#primaryimage\"},\"image\":{\"@id\":\"https:\/\/casanha.com\/product\/gypsy-goi-tua\/#primaryimage\"},\"thumbnailUrl\":\"https:\/\/casanha-beta.s3.ap-southeast-1.amazonaws.com\/2025\/04\/Gypsy-cushion-ivory-pic-1.png\",\"datePublished\":\"2025-04-08T04:27:18+00:00\",\"dateModified\":\"2026-04-07T02:18:48+00:00\",\"breadcrumb\":{\"@id\":\"https:\/\/casanha.com\/product\/gypsy-goi-tua\/#breadcrumb\"},\"inLanguage\":\"vi\",\"potentialAction\":[{\"@type\":\"ReadAction\",\"target\":[\"https:\/\/casanha.com\/product\/gypsy-goi-tua\/\"]}]},{\"@type\":\"ImageObject\",\"inLanguage\":\"vi\",\"@id\":\"https:\/\/casanha.com\/product\/gypsy-goi-tua\/#primaryimage\",\"url\":\"https:\/\/casanha-beta.s3.ap-southeast-1.amazonaws.com\/2025\/04\/Gypsy-cushion-ivory-pic-1.png\",\"contentUrl\":\"https:\/\/casanha-beta.s3.ap-southeast-1.amazonaws.com\/2025\/04\/Gypsy-cushion-ivory-pic-1.png\",\"width\":1080,\"height\":1350},{\"@type\":\"BreadcrumbList\",\"@id\":\"https:\/\/casanha.com\/product\/gypsy-goi-tua\/#breadcrumb\",\"itemListElement\":[{\"@type\":\"ListItem\",\"position\":1,\"name\":\"Home\",\"item\":\"https:\/\/casanha.com\/\"},{\"@type\":\"ListItem\",\"position\":2,\"name\":\"C\u1eeda h\u00e0ng\",\"item\":\"https:\/\/casanha.com\/vi\/cua-hang\/\"},{\"@type\":\"ListItem\",\"position\":3,\"name\":\"GYPSY &#8211; G\u1ed0I T\u1ef0A\"}]},{\"@type\":\"WebSite\",\"@id\":\"https:\/\/casanha.com\/vi\/#website\",\"url\":\"https:\/\/casanha.com\/vi\/\",\"name\":\"Casanha\",\"description\":\"Home Decor &amp; Furniture\",\"publisher\":{\"@id\":\"https:\/\/casanha.com\/vi\/#organization\"},\"potentialAction\":[{\"@type\":\"SearchAction\",\"target\":{\"@type\":\"EntryPoint\",\"urlTemplate\":\"https:\/\/casanha.com\/vi\/?s={search_term_string}\"},\"query-input\":{\"@type\":\"PropertyValueSpecification\",\"valueRequired\":true,\"valueName\":\"search_term_string\"}}],\"inLanguage\":\"vi\"},{\"@type\":\"Organization\",\"@id\":\"https:\/\/casanha.com\/vi\/#organization\",\"name\":\"Casanha\",\"url\":\"https:\/\/casanha.com\/vi\/\",\"logo\":{\"@type\":\"ImageObject\",\"inLanguage\":\"vi\",\"@id\":\"https:\/\/casanha.com\/vi\/#\/schema\/logo\/image\/\",\"url\":\"https:\/\/casanha-beta.s3.ap-southeast-1.amazonaws.com\/2026\/02\/logo-2026.jpg\",\"contentUrl\":\"https:\/\/casanha-beta.s3.ap-southeast-1.amazonaws.com\/2026\/02\/logo-2026.jpg\",\"width\":1500,\"height\":1500,\"caption\":\"Casanha\"},\"image\":{\"@id\":\"https:\/\/casanha.com\/vi\/#\/schema\/logo\/image\/\"},\"sameAs\":[\"https:\/\/www.facebook.com\/CasanhaHome\",\"https:\/\/www.instagram.com\/casanhahome\/\",\"https:\/\/www.youtube.com\/@casanha\",\"https:\/\/www.tiktok.com\/@casanha.com\",\"https:\/\/zalo.me\/casanhahome\"]}]}<\/script>\n<!-- \/ Yoast SEO plugin. -->","yoast_head_json":{"title":"GYPSY - G\u1ed0I T\u1ef0A - Casanha","robots":{"index":"index","follow":"follow","max-snippet":"max-snippet:-1","max-image-preview":"max-image-preview:large","max-video-preview":"max-video-preview:-1"},"canonical":"https:\/\/casanha.com\/vi\/san-pham\/gypsy-goi-tua\/","og_locale":"vi_VN","og_type":"article","og_title":"GYPSY - G\u1ed0I T\u1ef0A - Casanha","og_description":"S\u1ef1 tho\u1ea3i m\u00e1i kh\u00f4ng g\u00ec s\u00e1nh \u0111\u01b0\u1ee3c - G\u1ed1i t\u1ef1a GYPSY \u0111\u1ea7y m\u00e0u s\u1eafc s\u1ebd t\u1ea1o th\u00eam \u0111i\u1ec3m nh\u1ea5n cho ph\u00f2ng kh\u00e1ch c\u1ee7a b\u1ea1n v\u1edbi nh\u1eefng tua rua c\u1ef1c k\u00ec nh\u1eb9 nh\u00e0ng. M\u1ed9t \u01b0u \u0111i\u1ec3m \u0111\u00e1ng k\u1ec3 kh\u00e1c l\u00e0 g\u1ed1i Gypsy c\u00f3 \u00e1o g\u1ed1i c\u00f3 th\u1ec3 th\u00e1o r\u1eddi \u0111\u1ec3 b\u1ea1n c\u00f3 th\u1ec3 d\u1ec5 d\u00e0ng v\u1ec7 sinh\/ Uncompromising comfort - Its colorful cotton will add pep to your living room and its pompoms will add a touch of fantasy. Another significant advantage, our Gypsy cushions are also removable for easy maintenance.","og_url":"https:\/\/casanha.com\/vi\/san-pham\/gypsy-goi-tua\/","og_site_name":"Casanha","article_publisher":"https:\/\/www.facebook.com\/CasanhaHome","article_modified_time":"2026-04-07T02:18:48+00:00","og_image":[{"width":1080,"height":1350,"url":"https:\/\/casanha-beta.s3.ap-southeast-1.amazonaws.com\/2025\/04\/Gypsy-cushion-ivory-pic-1.png","type":"image\/png"}],"twitter_card":"summary_large_image","schema":{"@context":"https:\/\/schema.org","@graph":[{"@type":"WebPage","@id":"https:\/\/casanha.com\/product\/gypsy-goi-tua\/","url":"https:\/\/casanha.com\/product\/gypsy-goi-tua\/","name":"GYPSY - G\u1ed0I T\u1ef0A - Casanha","isPartOf":{"@id":"https:\/\/casanha.com\/vi\/#website"},"primaryImageOfPage":{"@id":"https:\/\/casanha.com\/product\/gypsy-goi-tua\/#primaryimage"},"image":{"@id":"https:\/\/casanha.com\/product\/gypsy-goi-tua\/#primaryimage"},"thumbnailUrl":"https:\/\/casanha-beta.s3.ap-southeast-1.amazonaws.com\/2025\/04\/Gypsy-cushion-ivory-pic-1.png","datePublished":"2025-04-08T04:27:18+00:00","dateModified":"2026-04-07T02:18:48+00:00","breadcrumb":{"@id":"https:\/\/casanha.com\/product\/gypsy-goi-tua\/#breadcrumb"},"inLanguage":"vi","potentialAction":[{"@type":"ReadAction","target":["https:\/\/casanha.com\/product\/gypsy-goi-tua\/"]}]},{"@type":"ImageObject","inLanguage":"vi","@id":"https:\/\/casanha.com\/product\/gypsy-goi-tua\/#primaryimage","url":"https:\/\/casanha-beta.s3.ap-southeast-1.amazonaws.com\/2025\/04\/Gypsy-cushion-ivory-pic-1.png","contentUrl":"https:\/\/casanha-beta.s3.ap-southeast-1.amazonaws.com\/2025\/04\/Gypsy-cushion-ivory-pic-1.png","width":1080,"height":1350},{"@type":"BreadcrumbList","@id":"https:\/\/casanha.com\/product\/gypsy-goi-tua\/#breadcrumb","itemListElement":[{"@type":"ListItem","position":1,"name":"Home","item":"https:\/\/casanha.com\/"},{"@type":"ListItem","position":2,"name":"C\u1eeda h\u00e0ng","item":"https:\/\/casanha.com\/vi\/cua-hang\/"},{"@type":"ListItem","position":3,"name":"GYPSY &#8211; G\u1ed0I T\u1ef0A"}]},{"@type":"WebSite","@id":"https:\/\/casanha.com\/vi\/#website","url":"https:\/\/casanha.com\/vi\/","name":"Casanha","description":"Home Decor &amp; Furniture","publisher":{"@id":"https:\/\/casanha.com\/vi\/#organization"},"potentialAction":[{"@type":"SearchAction","target":{"@type":"EntryPoint","urlTemplate":"https:\/\/casanha.com\/vi\/?s={search_term_string}"},"query-input":{"@type":"PropertyValueSpecification","valueRequired":true,"valueName":"search_term_string"}}],"inLanguage":"vi"},{"@type":"Organization","@id":"https:\/\/casanha.com\/vi\/#organization","name":"Casanha","url":"https:\/\/casanha.com\/vi\/","logo":{"@type":"ImageObject","inLanguage":"vi","@id":"https:\/\/casanha.com\/vi\/#\/schema\/logo\/image\/","url":"https:\/\/casanha-beta.s3.ap-southeast-1.amazonaws.com\/2026\/02\/logo-2026.jpg","contentUrl":"https:\/\/casanha-beta.s3.ap-southeast-1.amazonaws.com\/2026\/02\/logo-2026.jpg","width":1500,"height":1500,"caption":"Casanha"},"image":{"@id":"https:\/\/casanha.com\/vi\/#\/schema\/logo\/image\/"},"sameAs":["https:\/\/www.facebook.com\/CasanhaHome","https:\/\/www.instagram.com\/casanhahome\/","https:\/\/www.youtube.com\/@casanha","https:\/\/www.tiktok.com\/@casanha.com","https:\/\/zalo.me\/casanhahome"]}]}},"_links":{"self":[{"href":"https:\/\/casanha.com\/vi\/wp-json\/wp\/v2\/product\/77831","targetHints":{"allow":["GET"]}}],"collection":[{"href":"https:\/\/casanha.com\/vi\/wp-json\/wp\/v2\/product"}],"about":[{"href":"https:\/\/casanha.com\/vi\/wp-json\/wp\/v2\/types\/product"}],"replies":[{"embeddable":true,"href":"https:\/\/casanha.com\/vi\/wp-json\/wp\/v2\/comments?post=77831"}],"version-history":[{"count":7,"href":"https:\/\/casanha.com\/vi\/wp-json\/wp\/v2\/product\/77831\/revisions"}],"predecessor-version":[{"id":111161,"href":"https:\/\/casanha.com\/vi\/wp-json\/wp\/v2\/product\/77831\/revisions\/111161"}],"wp:featuredmedia":[{"embeddable":true,"href":"https:\/\/casanha.com\/vi\/wp-json\/wp\/v2\/media\/111276"}],"wp:attachment":[{"href":"https:\/\/casanha.com\/vi\/wp-json\/wp\/v2\/media?parent=77831"}],"wp:term":[{"taxonomy":"product_brand","embeddable":true,"href":"https:\/\/casanha.com\/vi\/wp-json\/wp\/v2\/product_brand?post=77831"},{"taxonomy":"product_cat","embeddable":true,"href":"https:\/\/casanha.com\/vi\/wp-json\/wp\/v2\/product_cat?post=77831"},{"taxonomy":"product_tag","embeddable":true,"href":"https:\/\/casanha.com\/vi\/wp-json\/wp\/v2\/product_tag?post=77831"}],"curies":[{"name":"wp","href":"https:\/\/api.w.org\/{rel}","templated":true}]}}