{"id":77063,"date":"2025-04-08T10:10:50","date_gmt":"2025-04-08T03:10:50","guid":{"rendered":"https:\/\/casanha.com\/product\/cera-dia-sup\/"},"modified":"2026-04-03T08:34:55","modified_gmt":"2026-04-03T01:34:55","slug":"cera-dia-sup","status":"publish","type":"product","link":"https:\/\/casanha.com\/vi\/san-pham\/cera-dia-sup\/","title":{"rendered":"CERA &#8211; D\u0128A S\u00daP"},"content":{"rendered":"","protected":false},"excerpt":{"rendered":"<p><strong>Th\u00f4ng tin s\u1ea3n ph\u1ea9m\/\u00a0<em>Th\u00f4ng tin s\u1ea3n ph\u1ea9m<\/em><\/strong><\/p>\n<p>M\u00e0u s\u1eafc\/\u00a0<em>M\u00e0u s\u1eafc<\/em>:\u00a0\u0110en &amp; be\/\u00a0<em>Black &amp; beige<\/em><br \/>\nCh\u1ea5t li\u1ec7u\/\u00a0<em>Ch\u1ea5t li\u1ec7u<\/em>:\u00a0G\u1ed1m s\u1ee9 &amp; \u0111\u1ea5t nung\/\u00a0<em>Ceramic &amp; earthenware<\/em><br \/>\nK\u00edch th\u01b0\u1edbc\/\u00a0<em>K\u00edch th\u01b0\u1edbc:<\/em>: D20.7 x H5cm<\/p>\n<p>An to\u00e0n ti\u1ebfp x\u00fac th\u1ef1c ph\u1ea9m\/\u00a0<em>Food contact safe<\/em>\u00a0:\u00a0C\u00f3\/\u00a0<em>Yes<\/em><br \/>\nD\u00f9ng \u0111\u01b0\u1ee3c v\u1edbi m\u00e1y r\u1eeda ch\u00e9n\/\u00a0<em>Dishwasher safe<\/em>\u00a0:\u00a0C\u00f3\/\u00a0<em>Yes<\/em><br \/>\nD\u00f9ng \u0111\u01b0\u1ee3c trong l\u00f2 vi s\u00f3ng\/\u00a0<em>Microwave safe<\/em>\u00a0:\u00a0C\u00f3\/\u00a0<em>Yes<\/em><br \/>\nL\u00f2 n\u01b0\u1edbng\/\u00a0<em>Oven safe<\/em>\u00a0: Kh\u00f4ng\/\u00a0<em>No<\/em><\/p>\n<p>B\u1ed9 s\u01b0u t\u1eadp\/\u00a0<em>Collection<\/em>: Cera line<br \/>\nPhong c\u00e1ch\/\u00a0<em>Phong c\u00e1ch<\/em>: Casanh\u00e0<\/p>\n<p>C\u00e2n n\u1eb7ng\/\u00a0<em>Weight<\/em>: 0.6kg<br \/>\nBao b\u00ec\/\u00a0<em>Packaging<\/em>: Standard<\/p>\n<p>N\u01b0\u1edbc xu\u1ea5t x\u1ee9\/\u00a0<em>Country of origin<\/em>:\u00a0Trung Qu\u1ed1c\/\u00a0<em>China<\/em><\/p>","protected":false},"featured_media":115190,"comment_status":"open","ping_status":"closed","template":"","meta":[],"product_brand":[17],"product_cat":[2536,3034,3054],"product_tag":[],"class_list":{"0":"post-77063","1":"product","2":"type-product","3":"status-publish","4":"has-post-thumbnail","6":"product_brand-casanha","7":"product_cat-dinnerware","8":"product_cat-cera-line","9":"product_cat-tropindus","10":"product_shipping_class-fragile-items","12":"first","13":"instock","14":"shipping-taxable","15":"purchasable","16":"product-type-simple"},"yoast_head":"<!-- This site is optimized with the Yoast SEO plugin v27.1.1 - https:\/\/yoast.com\/product\/yoast-seo-wordpress\/ -->\n<title>CERA - D\u0128A S\u00daP - Casanha<\/title>\n<meta name=\"robots\" content=\"index, follow, max-snippet:-1, max-image-preview:large, max-video-preview:-1\" \/>\n<link rel=\"canonical\" href=\"https:\/\/casanha.com\/vi\/san-pham\/cera-dia-sup\/\" \/>\n<meta property=\"og:locale\" content=\"vi_VN\" \/>\n<meta property=\"og:type\" content=\"article\" \/>\n<meta property=\"og:title\" content=\"CERA - D\u0128A S\u00daP - Casanha\" \/>\n<meta property=\"og:description\" content=\"Th\u00f4ng tin s\u1ea3n ph\u1ea9m\/\u00a0Product information  M\u00e0u s\u1eafc\/\u00a0Color:\u00a0\u0110en &amp; be\/\u00a0Black &amp; beige Ch\u1ea5t li\u1ec7u\/\u00a0Materials:\u00a0G\u1ed1m s\u1ee9 &amp; \u0111\u1ea5t nung\/\u00a0Ceramic &amp; earthenware K\u00edch th\u01b0\u1edbc\/\u00a0Dimensions: D20.7 x H5cm  An to\u00e0n ti\u1ebfp x\u00fac th\u1ef1c ph\u1ea9m\/\u00a0Food contact safe\u00a0:\u00a0C\u00f3\/\u00a0Yes D\u00f9ng \u0111\u01b0\u1ee3c v\u1edbi m\u00e1y r\u1eeda ch\u00e9n\/\u00a0Dishwasher safe\u00a0:\u00a0C\u00f3\/\u00a0Yes D\u00f9ng \u0111\u01b0\u1ee3c trong l\u00f2 vi s\u00f3ng\/\u00a0Microwave safe\u00a0:\u00a0C\u00f3\/\u00a0Yes L\u00f2 n\u01b0\u1edbng\/\u00a0Oven safe\u00a0: Kh\u00f4ng\/\u00a0No  B\u1ed9 s\u01b0u t\u1eadp\/\u00a0Collection: Cera line Phong c\u00e1ch\/\u00a0Style: Casanh\u00e0  C\u00e2n n\u1eb7ng\/\u00a0Weight: 0.6kg Bao b\u00ec\/\u00a0Packaging: Standard  N\u01b0\u1edbc xu\u1ea5t x\u1ee9\/\u00a0Country of origin:\u00a0Trung Qu\u1ed1c\/\u00a0China\" \/>\n<meta property=\"og:url\" content=\"https:\/\/casanha.com\/vi\/san-pham\/cera-dia-sup\/\" \/>\n<meta property=\"og:site_name\" content=\"Casanha\" \/>\n<meta property=\"article:publisher\" content=\"https:\/\/www.facebook.com\/CasanhaHome\" \/>\n<meta property=\"article:modified_time\" content=\"2026-04-03T01:34:55+00:00\" \/>\n<meta property=\"og:image\" content=\"https:\/\/casanha-beta.s3.ap-southeast-1.amazonaws.com\/2025\/04\/Cera-soup-pic-8.png\" \/>\n\t<meta property=\"og:image:width\" content=\"1080\" \/>\n\t<meta property=\"og:image:height\" content=\"1350\" \/>\n\t<meta property=\"og:image:type\" content=\"image\/png\" \/>\n<meta name=\"twitter:card\" content=\"summary_large_image\" \/>\n<script type=\"application\/ld+json\" class=\"yoast-schema-graph\">{\"@context\":\"https:\/\/schema.org\",\"@graph\":[{\"@type\":\"WebPage\",\"@id\":\"https:\/\/casanha.com\/product\/cera-dia-sup\/\",\"url\":\"https:\/\/casanha.com\/product\/cera-dia-sup\/\",\"name\":\"CERA - D\u0128A S\u00daP - Casanha\",\"isPartOf\":{\"@id\":\"https:\/\/casanha.com\/vi\/#website\"},\"primaryImageOfPage\":{\"@id\":\"https:\/\/casanha.com\/product\/cera-dia-sup\/#primaryimage\"},\"image\":{\"@id\":\"https:\/\/casanha.com\/product\/cera-dia-sup\/#primaryimage\"},\"thumbnailUrl\":\"https:\/\/casanha-beta.s3.ap-southeast-1.amazonaws.com\/2025\/04\/Cera-soup-pic-8.png\",\"datePublished\":\"2025-04-08T03:10:50+00:00\",\"dateModified\":\"2026-04-03T01:34:55+00:00\",\"breadcrumb\":{\"@id\":\"https:\/\/casanha.com\/product\/cera-dia-sup\/#breadcrumb\"},\"inLanguage\":\"vi\",\"potentialAction\":[{\"@type\":\"ReadAction\",\"target\":[\"https:\/\/casanha.com\/product\/cera-dia-sup\/\"]}]},{\"@type\":\"ImageObject\",\"inLanguage\":\"vi\",\"@id\":\"https:\/\/casanha.com\/product\/cera-dia-sup\/#primaryimage\",\"url\":\"https:\/\/casanha-beta.s3.ap-southeast-1.amazonaws.com\/2025\/04\/Cera-soup-pic-8.png\",\"contentUrl\":\"https:\/\/casanha-beta.s3.ap-southeast-1.amazonaws.com\/2025\/04\/Cera-soup-pic-8.png\",\"width\":1080,\"height\":1350},{\"@type\":\"BreadcrumbList\",\"@id\":\"https:\/\/casanha.com\/product\/cera-dia-sup\/#breadcrumb\",\"itemListElement\":[{\"@type\":\"ListItem\",\"position\":1,\"name\":\"Home\",\"item\":\"https:\/\/casanha.com\/\"},{\"@type\":\"ListItem\",\"position\":2,\"name\":\"C\u1eeda h\u00e0ng\",\"item\":\"https:\/\/casanha.com\/vi\/cua-hang\/\"},{\"@type\":\"ListItem\",\"position\":3,\"name\":\"CERA &#8211; D\u0128A S\u00daP\"}]},{\"@type\":\"WebSite\",\"@id\":\"https:\/\/casanha.com\/vi\/#website\",\"url\":\"https:\/\/casanha.com\/vi\/\",\"name\":\"Casanha\",\"description\":\"Home Decor &amp; Furniture\",\"publisher\":{\"@id\":\"https:\/\/casanha.com\/vi\/#organization\"},\"potentialAction\":[{\"@type\":\"SearchAction\",\"target\":{\"@type\":\"EntryPoint\",\"urlTemplate\":\"https:\/\/casanha.com\/vi\/?s={search_term_string}\"},\"query-input\":{\"@type\":\"PropertyValueSpecification\",\"valueRequired\":true,\"valueName\":\"search_term_string\"}}],\"inLanguage\":\"vi\"},{\"@type\":\"Organization\",\"@id\":\"https:\/\/casanha.com\/vi\/#organization\",\"name\":\"Casanha\",\"url\":\"https:\/\/casanha.com\/vi\/\",\"logo\":{\"@type\":\"ImageObject\",\"inLanguage\":\"vi\",\"@id\":\"https:\/\/casanha.com\/vi\/#\/schema\/logo\/image\/\",\"url\":\"https:\/\/casanha-beta.s3.ap-southeast-1.amazonaws.com\/2026\/02\/logo-2026.jpg\",\"contentUrl\":\"https:\/\/casanha-beta.s3.ap-southeast-1.amazonaws.com\/2026\/02\/logo-2026.jpg\",\"width\":1500,\"height\":1500,\"caption\":\"Casanha\"},\"image\":{\"@id\":\"https:\/\/casanha.com\/vi\/#\/schema\/logo\/image\/\"},\"sameAs\":[\"https:\/\/www.facebook.com\/CasanhaHome\",\"https:\/\/www.instagram.com\/casanhahome\/\",\"https:\/\/www.youtube.com\/@casanha\",\"https:\/\/www.tiktok.com\/@casanha.com\",\"https:\/\/zalo.me\/casanhahome\"]}]}<\/script>\n<!-- \/ Yoast SEO plugin. -->","yoast_head_json":{"title":"CERA - D\u0128A S\u00daP - Casanha","robots":{"index":"index","follow":"follow","max-snippet":"max-snippet:-1","max-image-preview":"max-image-preview:large","max-video-preview":"max-video-preview:-1"},"canonical":"https:\/\/casanha.com\/vi\/san-pham\/cera-dia-sup\/","og_locale":"vi_VN","og_type":"article","og_title":"CERA - D\u0128A S\u00daP - Casanha","og_description":"Th\u00f4ng tin s\u1ea3n ph\u1ea9m\/\u00a0Product information  M\u00e0u s\u1eafc\/\u00a0Color:\u00a0\u0110en &amp; be\/\u00a0Black &amp; beige Ch\u1ea5t li\u1ec7u\/\u00a0Materials:\u00a0G\u1ed1m s\u1ee9 &amp; \u0111\u1ea5t nung\/\u00a0Ceramic &amp; earthenware K\u00edch th\u01b0\u1edbc\/\u00a0Dimensions: D20.7 x H5cm  An to\u00e0n ti\u1ebfp x\u00fac th\u1ef1c ph\u1ea9m\/\u00a0Food contact safe\u00a0:\u00a0C\u00f3\/\u00a0Yes D\u00f9ng \u0111\u01b0\u1ee3c v\u1edbi m\u00e1y r\u1eeda ch\u00e9n\/\u00a0Dishwasher safe\u00a0:\u00a0C\u00f3\/\u00a0Yes D\u00f9ng \u0111\u01b0\u1ee3c trong l\u00f2 vi s\u00f3ng\/\u00a0Microwave safe\u00a0:\u00a0C\u00f3\/\u00a0Yes L\u00f2 n\u01b0\u1edbng\/\u00a0Oven safe\u00a0: Kh\u00f4ng\/\u00a0No  B\u1ed9 s\u01b0u t\u1eadp\/\u00a0Collection: Cera line Phong c\u00e1ch\/\u00a0Style: Casanh\u00e0  C\u00e2n n\u1eb7ng\/\u00a0Weight: 0.6kg Bao b\u00ec\/\u00a0Packaging: Standard  N\u01b0\u1edbc xu\u1ea5t x\u1ee9\/\u00a0Country of origin:\u00a0Trung Qu\u1ed1c\/\u00a0China","og_url":"https:\/\/casanha.com\/vi\/san-pham\/cera-dia-sup\/","og_site_name":"Casanha","article_publisher":"https:\/\/www.facebook.com\/CasanhaHome","article_modified_time":"2026-04-03T01:34:55+00:00","og_image":[{"width":1080,"height":1350,"url":"https:\/\/casanha-beta.s3.ap-southeast-1.amazonaws.com\/2025\/04\/Cera-soup-pic-8.png","type":"image\/png"}],"twitter_card":"summary_large_image","schema":{"@context":"https:\/\/schema.org","@graph":[{"@type":"WebPage","@id":"https:\/\/casanha.com\/product\/cera-dia-sup\/","url":"https:\/\/casanha.com\/product\/cera-dia-sup\/","name":"CERA - D\u0128A S\u00daP - Casanha","isPartOf":{"@id":"https:\/\/casanha.com\/vi\/#website"},"primaryImageOfPage":{"@id":"https:\/\/casanha.com\/product\/cera-dia-sup\/#primaryimage"},"image":{"@id":"https:\/\/casanha.com\/product\/cera-dia-sup\/#primaryimage"},"thumbnailUrl":"https:\/\/casanha-beta.s3.ap-southeast-1.amazonaws.com\/2025\/04\/Cera-soup-pic-8.png","datePublished":"2025-04-08T03:10:50+00:00","dateModified":"2026-04-03T01:34:55+00:00","breadcrumb":{"@id":"https:\/\/casanha.com\/product\/cera-dia-sup\/#breadcrumb"},"inLanguage":"vi","potentialAction":[{"@type":"ReadAction","target":["https:\/\/casanha.com\/product\/cera-dia-sup\/"]}]},{"@type":"ImageObject","inLanguage":"vi","@id":"https:\/\/casanha.com\/product\/cera-dia-sup\/#primaryimage","url":"https:\/\/casanha-beta.s3.ap-southeast-1.amazonaws.com\/2025\/04\/Cera-soup-pic-8.png","contentUrl":"https:\/\/casanha-beta.s3.ap-southeast-1.amazonaws.com\/2025\/04\/Cera-soup-pic-8.png","width":1080,"height":1350},{"@type":"BreadcrumbList","@id":"https:\/\/casanha.com\/product\/cera-dia-sup\/#breadcrumb","itemListElement":[{"@type":"ListItem","position":1,"name":"Home","item":"https:\/\/casanha.com\/"},{"@type":"ListItem","position":2,"name":"C\u1eeda h\u00e0ng","item":"https:\/\/casanha.com\/vi\/cua-hang\/"},{"@type":"ListItem","position":3,"name":"CERA &#8211; D\u0128A S\u00daP"}]},{"@type":"WebSite","@id":"https:\/\/casanha.com\/vi\/#website","url":"https:\/\/casanha.com\/vi\/","name":"Casanha","description":"Home Decor &amp; Furniture","publisher":{"@id":"https:\/\/casanha.com\/vi\/#organization"},"potentialAction":[{"@type":"SearchAction","target":{"@type":"EntryPoint","urlTemplate":"https:\/\/casanha.com\/vi\/?s={search_term_string}"},"query-input":{"@type":"PropertyValueSpecification","valueRequired":true,"valueName":"search_term_string"}}],"inLanguage":"vi"},{"@type":"Organization","@id":"https:\/\/casanha.com\/vi\/#organization","name":"Casanha","url":"https:\/\/casanha.com\/vi\/","logo":{"@type":"ImageObject","inLanguage":"vi","@id":"https:\/\/casanha.com\/vi\/#\/schema\/logo\/image\/","url":"https:\/\/casanha-beta.s3.ap-southeast-1.amazonaws.com\/2026\/02\/logo-2026.jpg","contentUrl":"https:\/\/casanha-beta.s3.ap-southeast-1.amazonaws.com\/2026\/02\/logo-2026.jpg","width":1500,"height":1500,"caption":"Casanha"},"image":{"@id":"https:\/\/casanha.com\/vi\/#\/schema\/logo\/image\/"},"sameAs":["https:\/\/www.facebook.com\/CasanhaHome","https:\/\/www.instagram.com\/casanhahome\/","https:\/\/www.youtube.com\/@casanha","https:\/\/www.tiktok.com\/@casanha.com","https:\/\/zalo.me\/casanhahome"]}]}},"_links":{"self":[{"href":"https:\/\/casanha.com\/vi\/wp-json\/wp\/v2\/product\/77063","targetHints":{"allow":["GET"]}}],"collection":[{"href":"https:\/\/casanha.com\/vi\/wp-json\/wp\/v2\/product"}],"about":[{"href":"https:\/\/casanha.com\/vi\/wp-json\/wp\/v2\/types\/product"}],"replies":[{"embeddable":true,"href":"https:\/\/casanha.com\/vi\/wp-json\/wp\/v2\/comments?post=77063"}],"version-history":[{"count":4,"href":"https:\/\/casanha.com\/vi\/wp-json\/wp\/v2\/product\/77063\/revisions"}],"predecessor-version":[{"id":115193,"href":"https:\/\/casanha.com\/vi\/wp-json\/wp\/v2\/product\/77063\/revisions\/115193"}],"wp:featuredmedia":[{"embeddable":true,"href":"https:\/\/casanha.com\/vi\/wp-json\/wp\/v2\/media\/115190"}],"wp:attachment":[{"href":"https:\/\/casanha.com\/vi\/wp-json\/wp\/v2\/media?parent=77063"}],"wp:term":[{"taxonomy":"product_brand","embeddable":true,"href":"https:\/\/casanha.com\/vi\/wp-json\/wp\/v2\/product_brand?post=77063"},{"taxonomy":"product_cat","embeddable":true,"href":"https:\/\/casanha.com\/vi\/wp-json\/wp\/v2\/product_cat?post=77063"},{"taxonomy":"product_tag","embeddable":true,"href":"https:\/\/casanha.com\/vi\/wp-json\/wp\/v2\/product_tag?post=77063"}],"curies":[{"name":"wp","href":"https:\/\/api.w.org\/{rel}","templated":true}]}}