{"id":74746,"date":"2025-03-25T10:33:33","date_gmt":"2025-03-25T03:33:33","guid":{"rendered":"https:\/\/casanha.com\/product\/intimu-bois-givre-tinh-dau-khuech-tan\/"},"modified":"2026-03-25T08:10:29","modified_gmt":"2026-03-25T01:10:29","slug":"intimu-bois-givre-tinh-dau-khuech-tan","status":"publish","type":"product","link":"https:\/\/casanha.com\/vi\/san-pham\/intimu-bois-givre-tinh-dau-khuech-tan\/","title":{"rendered":"INTIMU &#8220;BOIS GIVRE&#8221; &#8211; TINH D\u1ea6U KHU\u1ebeCH T\u00c1N"},"content":{"rendered":"","protected":false},"excerpt":{"rendered":"<p data-start=\"0\" data-end=\"163\">H\u00e3y t\u00ecm v\u1ec1 s\u1ef1 m\u00ea ho\u1eb7c c\u1ee7a khu r\u1eebng th\u00f4ng ph\u1ee7 s\u01b0\u01a1ng gi\u00e1 c\u00f9ng <strong data-start=\"60\" data-end=\"74\">Bois Givr\u00e9<\/strong>. H\u01b0\u01a1ng th\u01a1m c\u1ee7a nh\u1eefng t\u00e1n th\u00f4ng xanh m\u01b0\u1edbt s\u1ebd \u0111\u01b0a b\u1ea1n l\u1ea1c v\u00e0o mi\u1ec1n t\u0129nh l\u1eb7ng v\u00e0 an y\u00ean. <strong data-start=\"165\" data-end=\"179\">Bois Givr\u00e9<\/strong> t\u00e1i hi\u1ec7n tr\u1ecdn v\u1eb9n tinh th\u1ea7n c\u1ee7a Shinrin-Yoku \u2013 li\u1ec7u ph\u00e1p \u201ct\u1eafm r\u1eebng\u201d c\u1ee7a Nh\u1eadt B\u1ea3n \u2013 lan t\u1ecfa v\u00e0o kh\u00f4ng gian s\u1ed1ng ngu\u1ed3n n\u0103ng l\u01b0\u1ee3ng trong l\u00e0nh v\u00e0 s\u1ea3ng kho\u00e1i t\u1eeb thi\u00ean nhi\u00ean. L\u00e0m m\u1edbi kh\u00f4ng gian c\u1ee7a b\u1ea1n b\u1eb1ng ngu\u1ed3n sinh kh\u00ed t\u01b0\u01a1i m\u1edbi c\u1ee7a n\u00fai r\u1eebng hoang d\u00e3, v\u00e0 c\u1ea3m nh\u1eadn s\u1ee9c m\u1ea1nh \u0111\u1ea7y h\u1ee9ng kh\u1edfi m\u00e0 thi\u00ean nhi\u00ean mang l\u1ea1i \/<em> Retreat to the enchantment of a frost-laden pine forest with Bois Givr\u00e9. Allow the aroma of evergreens to whisk you away to a realm of tranquillity and stillness. Bois Givr\u00e9 embodies the spirit of Shinrin-Yoku, infusing your home with the invigorating essence of forest therapy. Refresh your surroundings with the revitalising aura of the wilderness, awakening to the energizing force of nature.<\/em><\/p>","protected":false},"featured_media":111527,"comment_status":"open","ping_status":"closed","template":"","meta":[],"product_brand":[17],"product_cat":[2521],"product_tag":[],"class_list":{"0":"post-74746","1":"product","2":"type-product","3":"status-publish","4":"has-post-thumbnail","6":"product_brand-casanha","7":"product_cat-diffuser","8":"product_shipping_class-fragile-items","9":"pa_dimension-l","10":"pa_dimension-s","12":"first","13":"instock","14":"shipping-taxable","15":"purchasable","16":"product-type-variable","17":"rtwpvs-product"},"yoast_head":"<!-- This site is optimized with the Yoast SEO plugin v27.1.1 - https:\/\/yoast.com\/product\/yoast-seo-wordpress\/ -->\n<title>INTIMU &quot;BOIS GIVRE&quot; - TINH D\u1ea6U KHU\u1ebeCH T\u00c1N - Casanha<\/title>\n<meta name=\"robots\" content=\"index, follow, max-snippet:-1, max-image-preview:large, max-video-preview:-1\" \/>\n<link rel=\"canonical\" href=\"https:\/\/casanha.com\/vi\/san-pham\/intimu-bois-givre-tinh-dau-khuech-tan\/\" \/>\n<meta property=\"og:locale\" content=\"vi_VN\" \/>\n<meta property=\"og:type\" content=\"article\" \/>\n<meta property=\"og:title\" content=\"INTIMU &quot;BOIS GIVRE&quot; - TINH D\u1ea6U KHU\u1ebeCH T\u00c1N - Casanha\" \/>\n<meta property=\"og:description\" content=\"H\u00e3y t\u00ecm v\u1ec1 s\u1ef1 m\u00ea ho\u1eb7c c\u1ee7a khu r\u1eebng th\u00f4ng ph\u1ee7 s\u01b0\u01a1ng gi\u00e1 c\u00f9ng Bois Givr\u00e9. H\u01b0\u01a1ng th\u01a1m c\u1ee7a nh\u1eefng t\u00e1n th\u00f4ng xanh m\u01b0\u1edbt s\u1ebd \u0111\u01b0a b\u1ea1n l\u1ea1c v\u00e0o mi\u1ec1n t\u0129nh l\u1eb7ng v\u00e0 an y\u00ean. Bois Givr\u00e9 t\u00e1i hi\u1ec7n tr\u1ecdn v\u1eb9n tinh th\u1ea7n c\u1ee7a Shinrin-Yoku \u2013 li\u1ec7u ph\u00e1p \u201ct\u1eafm r\u1eebng\u201d c\u1ee7a Nh\u1eadt B\u1ea3n \u2013 lan t\u1ecfa v\u00e0o kh\u00f4ng gian s\u1ed1ng ngu\u1ed3n n\u0103ng l\u01b0\u1ee3ng trong l\u00e0nh v\u00e0 s\u1ea3ng kho\u00e1i t\u1eeb thi\u00ean nhi\u00ean. L\u00e0m m\u1edbi kh\u00f4ng gian c\u1ee7a b\u1ea1n b\u1eb1ng ngu\u1ed3n sinh kh\u00ed t\u01b0\u01a1i m\u1edbi c\u1ee7a n\u00fai r\u1eebng hoang d\u00e3, v\u00e0 c\u1ea3m nh\u1eadn s\u1ee9c m\u1ea1nh \u0111\u1ea7y h\u1ee9ng kh\u1edfi m\u00e0 thi\u00ean nhi\u00ean mang l\u1ea1i \/ Retreat to the enchantment of a frost-laden pine forest with Bois Givr\u00e9. Allow the aroma of evergreens to whisk you away to a realm of tranquillity and stillness. Bois Givr\u00e9 embodies the spirit of Shinrin-Yoku, infusing your home with the invigorating essence of forest therapy. Refresh your surroundings with the revitalising aura of the wilderness, awakening to the energizing force of nature.\" \/>\n<meta property=\"og:url\" content=\"https:\/\/casanha.com\/vi\/san-pham\/intimu-bois-givre-tinh-dau-khuech-tan\/\" \/>\n<meta property=\"og:site_name\" content=\"Casanha\" \/>\n<meta property=\"article:publisher\" content=\"https:\/\/www.facebook.com\/CasanhaHome\" \/>\n<meta property=\"article:modified_time\" content=\"2026-03-25T01:10:29+00:00\" \/>\n<meta property=\"og:image\" content=\"https:\/\/casanha-beta.s3.ap-southeast-1.amazonaws.com\/2025\/03\/Intimu-diffuseur-S-wood-pic-1.png\" \/>\n\t<meta property=\"og:image:width\" content=\"1080\" \/>\n\t<meta property=\"og:image:height\" content=\"1350\" \/>\n\t<meta property=\"og:image:type\" content=\"image\/png\" \/>\n<meta name=\"twitter:card\" content=\"summary_large_image\" \/>\n<script type=\"application\/ld+json\" class=\"yoast-schema-graph\">{\"@context\":\"https:\/\/schema.org\",\"@graph\":[{\"@type\":\"WebPage\",\"@id\":\"https:\/\/casanha.com\/product\/intimu-bois-givre-tinh-dau-khuech-tan\/\",\"url\":\"https:\/\/casanha.com\/product\/intimu-bois-givre-tinh-dau-khuech-tan\/\",\"name\":\"INTIMU \\\"BOIS GIVRE\\\" - TINH D\u1ea6U KHU\u1ebeCH T\u00c1N - Casanha\",\"isPartOf\":{\"@id\":\"https:\/\/casanha.com\/vi\/#website\"},\"primaryImageOfPage\":{\"@id\":\"https:\/\/casanha.com\/product\/intimu-bois-givre-tinh-dau-khuech-tan\/#primaryimage\"},\"image\":{\"@id\":\"https:\/\/casanha.com\/product\/intimu-bois-givre-tinh-dau-khuech-tan\/#primaryimage\"},\"thumbnailUrl\":\"https:\/\/casanha-beta.s3.ap-southeast-1.amazonaws.com\/2025\/03\/Intimu-diffuseur-S-wood-pic-1.png\",\"datePublished\":\"2025-03-25T03:33:33+00:00\",\"dateModified\":\"2026-03-25T01:10:29+00:00\",\"breadcrumb\":{\"@id\":\"https:\/\/casanha.com\/product\/intimu-bois-givre-tinh-dau-khuech-tan\/#breadcrumb\"},\"inLanguage\":\"vi\",\"potentialAction\":[{\"@type\":\"ReadAction\",\"target\":[\"https:\/\/casanha.com\/product\/intimu-bois-givre-tinh-dau-khuech-tan\/\"]}]},{\"@type\":\"ImageObject\",\"inLanguage\":\"vi\",\"@id\":\"https:\/\/casanha.com\/product\/intimu-bois-givre-tinh-dau-khuech-tan\/#primaryimage\",\"url\":\"https:\/\/casanha-beta.s3.ap-southeast-1.amazonaws.com\/2025\/03\/Intimu-diffuseur-S-wood-pic-1.png\",\"contentUrl\":\"https:\/\/casanha-beta.s3.ap-southeast-1.amazonaws.com\/2025\/03\/Intimu-diffuseur-S-wood-pic-1.png\",\"width\":1080,\"height\":1350},{\"@type\":\"BreadcrumbList\",\"@id\":\"https:\/\/casanha.com\/product\/intimu-bois-givre-tinh-dau-khuech-tan\/#breadcrumb\",\"itemListElement\":[{\"@type\":\"ListItem\",\"position\":1,\"name\":\"Home\",\"item\":\"https:\/\/casanha.com\/\"},{\"@type\":\"ListItem\",\"position\":2,\"name\":\"C\u1eeda h\u00e0ng\",\"item\":\"https:\/\/casanha.com\/vi\/cua-hang\/\"},{\"@type\":\"ListItem\",\"position\":3,\"name\":\"INTIMU &#8220;BOIS GIVRE&#8221; &#8211; TINH D\u1ea6U KHU\u1ebeCH T\u00c1N\"}]},{\"@type\":\"WebSite\",\"@id\":\"https:\/\/casanha.com\/vi\/#website\",\"url\":\"https:\/\/casanha.com\/vi\/\",\"name\":\"Casanha\",\"description\":\"Home Decor &amp; Furniture\",\"publisher\":{\"@id\":\"https:\/\/casanha.com\/vi\/#organization\"},\"potentialAction\":[{\"@type\":\"SearchAction\",\"target\":{\"@type\":\"EntryPoint\",\"urlTemplate\":\"https:\/\/casanha.com\/vi\/?s={search_term_string}\"},\"query-input\":{\"@type\":\"PropertyValueSpecification\",\"valueRequired\":true,\"valueName\":\"search_term_string\"}}],\"inLanguage\":\"vi\"},{\"@type\":\"Organization\",\"@id\":\"https:\/\/casanha.com\/vi\/#organization\",\"name\":\"Casanha\",\"url\":\"https:\/\/casanha.com\/vi\/\",\"logo\":{\"@type\":\"ImageObject\",\"inLanguage\":\"vi\",\"@id\":\"https:\/\/casanha.com\/vi\/#\/schema\/logo\/image\/\",\"url\":\"https:\/\/casanha-beta.s3.ap-southeast-1.amazonaws.com\/2026\/02\/logo-2026.jpg\",\"contentUrl\":\"https:\/\/casanha-beta.s3.ap-southeast-1.amazonaws.com\/2026\/02\/logo-2026.jpg\",\"width\":1500,\"height\":1500,\"caption\":\"Casanha\"},\"image\":{\"@id\":\"https:\/\/casanha.com\/vi\/#\/schema\/logo\/image\/\"},\"sameAs\":[\"https:\/\/www.facebook.com\/CasanhaHome\",\"https:\/\/www.instagram.com\/casanhahome\/\",\"https:\/\/www.youtube.com\/@casanha\",\"https:\/\/www.tiktok.com\/@casanha.com\",\"https:\/\/zalo.me\/casanhahome\"]}]}<\/script>\n<!-- \/ Yoast SEO plugin. -->","yoast_head_json":{"title":"INTIMU \"BOIS GIVRE\" - TINH D\u1ea6U KHU\u1ebeCH T\u00c1N - Casanha","robots":{"index":"index","follow":"follow","max-snippet":"max-snippet:-1","max-image-preview":"max-image-preview:large","max-video-preview":"max-video-preview:-1"},"canonical":"https:\/\/casanha.com\/vi\/san-pham\/intimu-bois-givre-tinh-dau-khuech-tan\/","og_locale":"vi_VN","og_type":"article","og_title":"INTIMU \"BOIS GIVRE\" - TINH D\u1ea6U KHU\u1ebeCH T\u00c1N - Casanha","og_description":"H\u00e3y t\u00ecm v\u1ec1 s\u1ef1 m\u00ea ho\u1eb7c c\u1ee7a khu r\u1eebng th\u00f4ng ph\u1ee7 s\u01b0\u01a1ng gi\u00e1 c\u00f9ng Bois Givr\u00e9. H\u01b0\u01a1ng th\u01a1m c\u1ee7a nh\u1eefng t\u00e1n th\u00f4ng xanh m\u01b0\u1edbt s\u1ebd \u0111\u01b0a b\u1ea1n l\u1ea1c v\u00e0o mi\u1ec1n t\u0129nh l\u1eb7ng v\u00e0 an y\u00ean. Bois Givr\u00e9 t\u00e1i hi\u1ec7n tr\u1ecdn v\u1eb9n tinh th\u1ea7n c\u1ee7a Shinrin-Yoku \u2013 li\u1ec7u ph\u00e1p \u201ct\u1eafm r\u1eebng\u201d c\u1ee7a Nh\u1eadt B\u1ea3n \u2013 lan t\u1ecfa v\u00e0o kh\u00f4ng gian s\u1ed1ng ngu\u1ed3n n\u0103ng l\u01b0\u1ee3ng trong l\u00e0nh v\u00e0 s\u1ea3ng kho\u00e1i t\u1eeb thi\u00ean nhi\u00ean. L\u00e0m m\u1edbi kh\u00f4ng gian c\u1ee7a b\u1ea1n b\u1eb1ng ngu\u1ed3n sinh kh\u00ed t\u01b0\u01a1i m\u1edbi c\u1ee7a n\u00fai r\u1eebng hoang d\u00e3, v\u00e0 c\u1ea3m nh\u1eadn s\u1ee9c m\u1ea1nh \u0111\u1ea7y h\u1ee9ng kh\u1edfi m\u00e0 thi\u00ean nhi\u00ean mang l\u1ea1i \/ Retreat to the enchantment of a frost-laden pine forest with Bois Givr\u00e9. Allow the aroma of evergreens to whisk you away to a realm of tranquillity and stillness. Bois Givr\u00e9 embodies the spirit of Shinrin-Yoku, infusing your home with the invigorating essence of forest therapy. Refresh your surroundings with the revitalising aura of the wilderness, awakening to the energizing force of nature.","og_url":"https:\/\/casanha.com\/vi\/san-pham\/intimu-bois-givre-tinh-dau-khuech-tan\/","og_site_name":"Casanha","article_publisher":"https:\/\/www.facebook.com\/CasanhaHome","article_modified_time":"2026-03-25T01:10:29+00:00","og_image":[{"width":1080,"height":1350,"url":"https:\/\/casanha-beta.s3.ap-southeast-1.amazonaws.com\/2025\/03\/Intimu-diffuseur-S-wood-pic-1.png","type":"image\/png"}],"twitter_card":"summary_large_image","schema":{"@context":"https:\/\/schema.org","@graph":[{"@type":"WebPage","@id":"https:\/\/casanha.com\/product\/intimu-bois-givre-tinh-dau-khuech-tan\/","url":"https:\/\/casanha.com\/product\/intimu-bois-givre-tinh-dau-khuech-tan\/","name":"INTIMU \"BOIS GIVRE\" - TINH D\u1ea6U KHU\u1ebeCH T\u00c1N - Casanha","isPartOf":{"@id":"https:\/\/casanha.com\/vi\/#website"},"primaryImageOfPage":{"@id":"https:\/\/casanha.com\/product\/intimu-bois-givre-tinh-dau-khuech-tan\/#primaryimage"},"image":{"@id":"https:\/\/casanha.com\/product\/intimu-bois-givre-tinh-dau-khuech-tan\/#primaryimage"},"thumbnailUrl":"https:\/\/casanha-beta.s3.ap-southeast-1.amazonaws.com\/2025\/03\/Intimu-diffuseur-S-wood-pic-1.png","datePublished":"2025-03-25T03:33:33+00:00","dateModified":"2026-03-25T01:10:29+00:00","breadcrumb":{"@id":"https:\/\/casanha.com\/product\/intimu-bois-givre-tinh-dau-khuech-tan\/#breadcrumb"},"inLanguage":"vi","potentialAction":[{"@type":"ReadAction","target":["https:\/\/casanha.com\/product\/intimu-bois-givre-tinh-dau-khuech-tan\/"]}]},{"@type":"ImageObject","inLanguage":"vi","@id":"https:\/\/casanha.com\/product\/intimu-bois-givre-tinh-dau-khuech-tan\/#primaryimage","url":"https:\/\/casanha-beta.s3.ap-southeast-1.amazonaws.com\/2025\/03\/Intimu-diffuseur-S-wood-pic-1.png","contentUrl":"https:\/\/casanha-beta.s3.ap-southeast-1.amazonaws.com\/2025\/03\/Intimu-diffuseur-S-wood-pic-1.png","width":1080,"height":1350},{"@type":"BreadcrumbList","@id":"https:\/\/casanha.com\/product\/intimu-bois-givre-tinh-dau-khuech-tan\/#breadcrumb","itemListElement":[{"@type":"ListItem","position":1,"name":"Home","item":"https:\/\/casanha.com\/"},{"@type":"ListItem","position":2,"name":"C\u1eeda h\u00e0ng","item":"https:\/\/casanha.com\/vi\/cua-hang\/"},{"@type":"ListItem","position":3,"name":"INTIMU &#8220;BOIS GIVRE&#8221; &#8211; TINH D\u1ea6U KHU\u1ebeCH T\u00c1N"}]},{"@type":"WebSite","@id":"https:\/\/casanha.com\/vi\/#website","url":"https:\/\/casanha.com\/vi\/","name":"Casanha","description":"Home Decor &amp; Furniture","publisher":{"@id":"https:\/\/casanha.com\/vi\/#organization"},"potentialAction":[{"@type":"SearchAction","target":{"@type":"EntryPoint","urlTemplate":"https:\/\/casanha.com\/vi\/?s={search_term_string}"},"query-input":{"@type":"PropertyValueSpecification","valueRequired":true,"valueName":"search_term_string"}}],"inLanguage":"vi"},{"@type":"Organization","@id":"https:\/\/casanha.com\/vi\/#organization","name":"Casanha","url":"https:\/\/casanha.com\/vi\/","logo":{"@type":"ImageObject","inLanguage":"vi","@id":"https:\/\/casanha.com\/vi\/#\/schema\/logo\/image\/","url":"https:\/\/casanha-beta.s3.ap-southeast-1.amazonaws.com\/2026\/02\/logo-2026.jpg","contentUrl":"https:\/\/casanha-beta.s3.ap-southeast-1.amazonaws.com\/2026\/02\/logo-2026.jpg","width":1500,"height":1500,"caption":"Casanha"},"image":{"@id":"https:\/\/casanha.com\/vi\/#\/schema\/logo\/image\/"},"sameAs":["https:\/\/www.facebook.com\/CasanhaHome","https:\/\/www.instagram.com\/casanhahome\/","https:\/\/www.youtube.com\/@casanha","https:\/\/www.tiktok.com\/@casanha.com","https:\/\/zalo.me\/casanhahome"]}]}},"_links":{"self":[{"href":"https:\/\/casanha.com\/vi\/wp-json\/wp\/v2\/product\/74746","targetHints":{"allow":["GET"]}}],"collection":[{"href":"https:\/\/casanha.com\/vi\/wp-json\/wp\/v2\/product"}],"about":[{"href":"https:\/\/casanha.com\/vi\/wp-json\/wp\/v2\/types\/product"}],"replies":[{"embeddable":true,"href":"https:\/\/casanha.com\/vi\/wp-json\/wp\/v2\/comments?post=74746"}],"version-history":[{"count":5,"href":"https:\/\/casanha.com\/vi\/wp-json\/wp\/v2\/product\/74746\/revisions"}],"predecessor-version":[{"id":111533,"href":"https:\/\/casanha.com\/vi\/wp-json\/wp\/v2\/product\/74746\/revisions\/111533"}],"wp:featuredmedia":[{"embeddable":true,"href":"https:\/\/casanha.com\/vi\/wp-json\/wp\/v2\/media\/111527"}],"wp:attachment":[{"href":"https:\/\/casanha.com\/vi\/wp-json\/wp\/v2\/media?parent=74746"}],"wp:term":[{"taxonomy":"product_brand","embeddable":true,"href":"https:\/\/casanha.com\/vi\/wp-json\/wp\/v2\/product_brand?post=74746"},{"taxonomy":"product_cat","embeddable":true,"href":"https:\/\/casanha.com\/vi\/wp-json\/wp\/v2\/product_cat?post=74746"},{"taxonomy":"product_tag","embeddable":true,"href":"https:\/\/casanha.com\/vi\/wp-json\/wp\/v2\/product_tag?post=74746"}],"curies":[{"name":"wp","href":"https:\/\/api.w.org\/{rel}","templated":true}]}}