{"id":74720,"date":"2025-03-25T10:32:50","date_gmt":"2025-03-25T03:32:50","guid":{"rendered":"https:\/\/casanha.com\/product\/intimu-santal-satine-tinh-dau-khuech-tan\/"},"modified":"2026-02-18T15:53:16","modified_gmt":"2026-02-18T08:53:16","slug":"intimu-santal-satine-tinh-dau-khuech-tan","status":"publish","type":"product","link":"https:\/\/casanha.com\/vi\/san-pham\/intimu-santal-satine-tinh-dau-khuech-tan\/","title":{"rendered":"INTIMU &#8220;SANTAL SATINE&#8221; &#8211; TINH D\u1ea6U KHU\u1ebeCH T\u00c1N"},"content":{"rendered":"","protected":false},"excerpt":{"rendered":"<p data-start=\"0\" data-end=\"161\">Kh\u00e1m ph\u00e1 <strong data-start=\"9\" data-end=\"26\">Santal Satin\u00e9<\/strong>, h\u01b0\u01a1ng th\u01a1m g\u1ed7 \u0111\u00e0n h\u01b0\u01a1ng d\u1ecbu \u00eam d\u00e0nh cho kh\u00f4ng gian s\u1ed1ng, n\u00e2ng \u0111\u1ee1 c\u1ea3m x\u00fac b\u1eb1ng b\u00f3 h\u01b0\u01a1ng phong ph\u00fa, \u1ea5m \u00e1p v\u00e0 tho\u1ea3ng ng\u1ecdt \u0111\u1ea7y tinh t\u1ebf. T\u1eadn h\u01b0\u1edfng v\u1ebb sang tr\u1ecdng v\u00e0 \u0111\u1eb3ng c\u1ea5p c\u1ee7a h\u01b0\u01a1ng th\u01a1m n\u00e0y, khi n\u00f3 bao b\u1ecdc c\u00e1c gi\u00e1c quan trong l\u1edbp l\u1ee5a m\u1ec1m m\u01b0\u1ee3t c\u1ee7a s\u1ef1 an y\u00ean. H\u00e3y bi\u1ebfn ng\u00f4i nh\u00e0 c\u1ee7a b\u1ea1n th\u00e0nh ch\u1ed1n ngh\u1ec9 d\u01b0\u1ee1ng ri\u00eang t\u01b0 v\u1edbi nh\u1eefng n\u1ed1t h\u01b0\u01a1ng \u1ea5m \u00e1p, d\u1ec5 ch\u1ecbu, mang l\u1ea1i c\u1ea3m gi\u00e1c th\u01b0 th\u00e1i v\u00e0 b\u00ecnh y\u00ean cho kh\u00f4ng gian\/ <em>Discover Santal Satin\u00e9, a soothing sandalwood home fragrance that elevates your mood with its sumptuous, woody, and subtly sweet bouquet. Revel in its sophisticated and luxurious essence, enveloping your senses in a satiny cocoon of serenity. Transform your home into a retreat with its welcoming and calming notes, bestowing tranquillity upon your space.<\/em><\/p>","protected":false},"featured_media":111524,"comment_status":"open","ping_status":"closed","template":"","meta":[],"product_brand":[17],"product_cat":[2521],"product_tag":[],"class_list":{"0":"post-74720","1":"product","2":"type-product","3":"status-publish","4":"has-post-thumbnail","6":"product_brand-casanha","7":"product_cat-diffuser","8":"product_shipping_class-fragile-items","9":"pa_dimension-l","10":"pa_dimension-s","12":"first","13":"instock","14":"shipping-taxable","15":"purchasable","16":"product-type-variable","17":"rtwpvs-product"},"yoast_head":"<!-- This site is optimized with the Yoast SEO plugin v27.1.1 - https:\/\/yoast.com\/product\/yoast-seo-wordpress\/ -->\n<title>INTIMU &quot;SANTAL SATINE&quot; - TINH D\u1ea6U KHU\u1ebeCH T\u00c1N - Casanha<\/title>\n<meta name=\"robots\" content=\"index, follow, max-snippet:-1, max-image-preview:large, max-video-preview:-1\" \/>\n<link rel=\"canonical\" href=\"https:\/\/casanha.com\/vi\/san-pham\/intimu-santal-satine-tinh-dau-khuech-tan\/\" \/>\n<meta property=\"og:locale\" content=\"vi_VN\" \/>\n<meta property=\"og:type\" content=\"article\" \/>\n<meta property=\"og:title\" content=\"INTIMU &quot;SANTAL SATINE&quot; - TINH D\u1ea6U KHU\u1ebeCH T\u00c1N - Casanha\" \/>\n<meta property=\"og:description\" content=\"Kh\u00e1m ph\u00e1 Santal Satin\u00e9, h\u01b0\u01a1ng th\u01a1m g\u1ed7 \u0111\u00e0n h\u01b0\u01a1ng d\u1ecbu \u00eam d\u00e0nh cho kh\u00f4ng gian s\u1ed1ng, n\u00e2ng \u0111\u1ee1 c\u1ea3m x\u00fac b\u1eb1ng b\u00f3 h\u01b0\u01a1ng phong ph\u00fa, \u1ea5m \u00e1p v\u00e0 tho\u1ea3ng ng\u1ecdt \u0111\u1ea7y tinh t\u1ebf. T\u1eadn h\u01b0\u1edfng v\u1ebb sang tr\u1ecdng v\u00e0 \u0111\u1eb3ng c\u1ea5p c\u1ee7a h\u01b0\u01a1ng th\u01a1m n\u00e0y, khi n\u00f3 bao b\u1ecdc c\u00e1c gi\u00e1c quan trong l\u1edbp l\u1ee5a m\u1ec1m m\u01b0\u1ee3t c\u1ee7a s\u1ef1 an y\u00ean. H\u00e3y bi\u1ebfn ng\u00f4i nh\u00e0 c\u1ee7a b\u1ea1n th\u00e0nh ch\u1ed1n ngh\u1ec9 d\u01b0\u1ee1ng ri\u00eang t\u01b0 v\u1edbi nh\u1eefng n\u1ed1t h\u01b0\u01a1ng \u1ea5m \u00e1p, d\u1ec5 ch\u1ecbu, mang l\u1ea1i c\u1ea3m gi\u00e1c th\u01b0 th\u00e1i v\u00e0 b\u00ecnh y\u00ean cho kh\u00f4ng gian\/ Discover Santal Satin\u00e9, a soothing sandalwood home fragrance that elevates your mood with its sumptuous, woody, and subtly sweet bouquet. Revel in its sophisticated and luxurious essence, enveloping your senses in a satiny cocoon of serenity. Transform your home into a retreat with its welcoming and calming notes, bestowing tranquillity upon your space.\" \/>\n<meta property=\"og:url\" content=\"https:\/\/casanha.com\/vi\/san-pham\/intimu-santal-satine-tinh-dau-khuech-tan\/\" \/>\n<meta property=\"og:site_name\" content=\"Casanha\" \/>\n<meta property=\"article:publisher\" content=\"https:\/\/www.facebook.com\/CasanhaHome\" \/>\n<meta property=\"article:modified_time\" content=\"2026-02-18T08:53:16+00:00\" \/>\n<meta property=\"og:image\" content=\"https:\/\/casanha-beta.s3.ap-southeast-1.amazonaws.com\/2025\/03\/Intimu-diffuseur-S-Santal-pic-1.png\" \/>\n\t<meta property=\"og:image:width\" content=\"1080\" \/>\n\t<meta property=\"og:image:height\" content=\"1350\" \/>\n\t<meta property=\"og:image:type\" content=\"image\/png\" \/>\n<meta name=\"twitter:card\" content=\"summary_large_image\" \/>\n<script type=\"application\/ld+json\" class=\"yoast-schema-graph\">{\"@context\":\"https:\/\/schema.org\",\"@graph\":[{\"@type\":\"WebPage\",\"@id\":\"https:\/\/casanha.com\/product\/intimu-santal-satine-tinh-dau-khuech-tan\/\",\"url\":\"https:\/\/casanha.com\/product\/intimu-santal-satine-tinh-dau-khuech-tan\/\",\"name\":\"INTIMU \\\"SANTAL SATINE\\\" - TINH D\u1ea6U KHU\u1ebeCH T\u00c1N - Casanha\",\"isPartOf\":{\"@id\":\"https:\/\/casanha.com\/vi\/#website\"},\"primaryImageOfPage\":{\"@id\":\"https:\/\/casanha.com\/product\/intimu-santal-satine-tinh-dau-khuech-tan\/#primaryimage\"},\"image\":{\"@id\":\"https:\/\/casanha.com\/product\/intimu-santal-satine-tinh-dau-khuech-tan\/#primaryimage\"},\"thumbnailUrl\":\"https:\/\/casanha-beta.s3.ap-southeast-1.amazonaws.com\/2025\/03\/Intimu-diffuseur-S-Santal-pic-1.png\",\"datePublished\":\"2025-03-25T03:32:50+00:00\",\"dateModified\":\"2026-02-18T08:53:16+00:00\",\"breadcrumb\":{\"@id\":\"https:\/\/casanha.com\/product\/intimu-santal-satine-tinh-dau-khuech-tan\/#breadcrumb\"},\"inLanguage\":\"vi\",\"potentialAction\":[{\"@type\":\"ReadAction\",\"target\":[\"https:\/\/casanha.com\/product\/intimu-santal-satine-tinh-dau-khuech-tan\/\"]}]},{\"@type\":\"ImageObject\",\"inLanguage\":\"vi\",\"@id\":\"https:\/\/casanha.com\/product\/intimu-santal-satine-tinh-dau-khuech-tan\/#primaryimage\",\"url\":\"https:\/\/casanha-beta.s3.ap-southeast-1.amazonaws.com\/2025\/03\/Intimu-diffuseur-S-Santal-pic-1.png\",\"contentUrl\":\"https:\/\/casanha-beta.s3.ap-southeast-1.amazonaws.com\/2025\/03\/Intimu-diffuseur-S-Santal-pic-1.png\",\"width\":1080,\"height\":1350},{\"@type\":\"BreadcrumbList\",\"@id\":\"https:\/\/casanha.com\/product\/intimu-santal-satine-tinh-dau-khuech-tan\/#breadcrumb\",\"itemListElement\":[{\"@type\":\"ListItem\",\"position\":1,\"name\":\"Home\",\"item\":\"https:\/\/casanha.com\/\"},{\"@type\":\"ListItem\",\"position\":2,\"name\":\"C\u1eeda h\u00e0ng\",\"item\":\"https:\/\/casanha.com\/vi\/cua-hang\/\"},{\"@type\":\"ListItem\",\"position\":3,\"name\":\"INTIMU &#8220;SANTAL SATINE&#8221; &#8211; TINH D\u1ea6U KHU\u1ebeCH T\u00c1N\"}]},{\"@type\":\"WebSite\",\"@id\":\"https:\/\/casanha.com\/vi\/#website\",\"url\":\"https:\/\/casanha.com\/vi\/\",\"name\":\"Casanha\",\"description\":\"Home Decor &amp; Furniture\",\"publisher\":{\"@id\":\"https:\/\/casanha.com\/vi\/#organization\"},\"potentialAction\":[{\"@type\":\"SearchAction\",\"target\":{\"@type\":\"EntryPoint\",\"urlTemplate\":\"https:\/\/casanha.com\/vi\/?s={search_term_string}\"},\"query-input\":{\"@type\":\"PropertyValueSpecification\",\"valueRequired\":true,\"valueName\":\"search_term_string\"}}],\"inLanguage\":\"vi\"},{\"@type\":\"Organization\",\"@id\":\"https:\/\/casanha.com\/vi\/#organization\",\"name\":\"Casanha\",\"url\":\"https:\/\/casanha.com\/vi\/\",\"logo\":{\"@type\":\"ImageObject\",\"inLanguage\":\"vi\",\"@id\":\"https:\/\/casanha.com\/vi\/#\/schema\/logo\/image\/\",\"url\":\"https:\/\/casanha-beta.s3.ap-southeast-1.amazonaws.com\/2026\/02\/logo-2026.jpg\",\"contentUrl\":\"https:\/\/casanha-beta.s3.ap-southeast-1.amazonaws.com\/2026\/02\/logo-2026.jpg\",\"width\":1500,\"height\":1500,\"caption\":\"Casanha\"},\"image\":{\"@id\":\"https:\/\/casanha.com\/vi\/#\/schema\/logo\/image\/\"},\"sameAs\":[\"https:\/\/www.facebook.com\/CasanhaHome\",\"https:\/\/www.instagram.com\/casanhahome\/\",\"https:\/\/www.youtube.com\/@casanha\",\"https:\/\/www.tiktok.com\/@casanha.com\",\"https:\/\/zalo.me\/casanhahome\"]}]}<\/script>\n<!-- \/ Yoast SEO plugin. -->","yoast_head_json":{"title":"INTIMU \"SANTAL SATINE\" - TINH D\u1ea6U KHU\u1ebeCH T\u00c1N - Casanha","robots":{"index":"index","follow":"follow","max-snippet":"max-snippet:-1","max-image-preview":"max-image-preview:large","max-video-preview":"max-video-preview:-1"},"canonical":"https:\/\/casanha.com\/vi\/san-pham\/intimu-santal-satine-tinh-dau-khuech-tan\/","og_locale":"vi_VN","og_type":"article","og_title":"INTIMU \"SANTAL SATINE\" - TINH D\u1ea6U KHU\u1ebeCH T\u00c1N - Casanha","og_description":"Kh\u00e1m ph\u00e1 Santal Satin\u00e9, h\u01b0\u01a1ng th\u01a1m g\u1ed7 \u0111\u00e0n h\u01b0\u01a1ng d\u1ecbu \u00eam d\u00e0nh cho kh\u00f4ng gian s\u1ed1ng, n\u00e2ng \u0111\u1ee1 c\u1ea3m x\u00fac b\u1eb1ng b\u00f3 h\u01b0\u01a1ng phong ph\u00fa, \u1ea5m \u00e1p v\u00e0 tho\u1ea3ng ng\u1ecdt \u0111\u1ea7y tinh t\u1ebf. T\u1eadn h\u01b0\u1edfng v\u1ebb sang tr\u1ecdng v\u00e0 \u0111\u1eb3ng c\u1ea5p c\u1ee7a h\u01b0\u01a1ng th\u01a1m n\u00e0y, khi n\u00f3 bao b\u1ecdc c\u00e1c gi\u00e1c quan trong l\u1edbp l\u1ee5a m\u1ec1m m\u01b0\u1ee3t c\u1ee7a s\u1ef1 an y\u00ean. H\u00e3y bi\u1ebfn ng\u00f4i nh\u00e0 c\u1ee7a b\u1ea1n th\u00e0nh ch\u1ed1n ngh\u1ec9 d\u01b0\u1ee1ng ri\u00eang t\u01b0 v\u1edbi nh\u1eefng n\u1ed1t h\u01b0\u01a1ng \u1ea5m \u00e1p, d\u1ec5 ch\u1ecbu, mang l\u1ea1i c\u1ea3m gi\u00e1c th\u01b0 th\u00e1i v\u00e0 b\u00ecnh y\u00ean cho kh\u00f4ng gian\/ Discover Santal Satin\u00e9, a soothing sandalwood home fragrance that elevates your mood with its sumptuous, woody, and subtly sweet bouquet. Revel in its sophisticated and luxurious essence, enveloping your senses in a satiny cocoon of serenity. Transform your home into a retreat with its welcoming and calming notes, bestowing tranquillity upon your space.","og_url":"https:\/\/casanha.com\/vi\/san-pham\/intimu-santal-satine-tinh-dau-khuech-tan\/","og_site_name":"Casanha","article_publisher":"https:\/\/www.facebook.com\/CasanhaHome","article_modified_time":"2026-02-18T08:53:16+00:00","og_image":[{"width":1080,"height":1350,"url":"https:\/\/casanha-beta.s3.ap-southeast-1.amazonaws.com\/2025\/03\/Intimu-diffuseur-S-Santal-pic-1.png","type":"image\/png"}],"twitter_card":"summary_large_image","schema":{"@context":"https:\/\/schema.org","@graph":[{"@type":"WebPage","@id":"https:\/\/casanha.com\/product\/intimu-santal-satine-tinh-dau-khuech-tan\/","url":"https:\/\/casanha.com\/product\/intimu-santal-satine-tinh-dau-khuech-tan\/","name":"INTIMU \"SANTAL SATINE\" - TINH D\u1ea6U KHU\u1ebeCH T\u00c1N - Casanha","isPartOf":{"@id":"https:\/\/casanha.com\/vi\/#website"},"primaryImageOfPage":{"@id":"https:\/\/casanha.com\/product\/intimu-santal-satine-tinh-dau-khuech-tan\/#primaryimage"},"image":{"@id":"https:\/\/casanha.com\/product\/intimu-santal-satine-tinh-dau-khuech-tan\/#primaryimage"},"thumbnailUrl":"https:\/\/casanha-beta.s3.ap-southeast-1.amazonaws.com\/2025\/03\/Intimu-diffuseur-S-Santal-pic-1.png","datePublished":"2025-03-25T03:32:50+00:00","dateModified":"2026-02-18T08:53:16+00:00","breadcrumb":{"@id":"https:\/\/casanha.com\/product\/intimu-santal-satine-tinh-dau-khuech-tan\/#breadcrumb"},"inLanguage":"vi","potentialAction":[{"@type":"ReadAction","target":["https:\/\/casanha.com\/product\/intimu-santal-satine-tinh-dau-khuech-tan\/"]}]},{"@type":"ImageObject","inLanguage":"vi","@id":"https:\/\/casanha.com\/product\/intimu-santal-satine-tinh-dau-khuech-tan\/#primaryimage","url":"https:\/\/casanha-beta.s3.ap-southeast-1.amazonaws.com\/2025\/03\/Intimu-diffuseur-S-Santal-pic-1.png","contentUrl":"https:\/\/casanha-beta.s3.ap-southeast-1.amazonaws.com\/2025\/03\/Intimu-diffuseur-S-Santal-pic-1.png","width":1080,"height":1350},{"@type":"BreadcrumbList","@id":"https:\/\/casanha.com\/product\/intimu-santal-satine-tinh-dau-khuech-tan\/#breadcrumb","itemListElement":[{"@type":"ListItem","position":1,"name":"Home","item":"https:\/\/casanha.com\/"},{"@type":"ListItem","position":2,"name":"C\u1eeda h\u00e0ng","item":"https:\/\/casanha.com\/vi\/cua-hang\/"},{"@type":"ListItem","position":3,"name":"INTIMU &#8220;SANTAL SATINE&#8221; &#8211; TINH D\u1ea6U KHU\u1ebeCH T\u00c1N"}]},{"@type":"WebSite","@id":"https:\/\/casanha.com\/vi\/#website","url":"https:\/\/casanha.com\/vi\/","name":"Casanha","description":"Home Decor &amp; Furniture","publisher":{"@id":"https:\/\/casanha.com\/vi\/#organization"},"potentialAction":[{"@type":"SearchAction","target":{"@type":"EntryPoint","urlTemplate":"https:\/\/casanha.com\/vi\/?s={search_term_string}"},"query-input":{"@type":"PropertyValueSpecification","valueRequired":true,"valueName":"search_term_string"}}],"inLanguage":"vi"},{"@type":"Organization","@id":"https:\/\/casanha.com\/vi\/#organization","name":"Casanha","url":"https:\/\/casanha.com\/vi\/","logo":{"@type":"ImageObject","inLanguage":"vi","@id":"https:\/\/casanha.com\/vi\/#\/schema\/logo\/image\/","url":"https:\/\/casanha-beta.s3.ap-southeast-1.amazonaws.com\/2026\/02\/logo-2026.jpg","contentUrl":"https:\/\/casanha-beta.s3.ap-southeast-1.amazonaws.com\/2026\/02\/logo-2026.jpg","width":1500,"height":1500,"caption":"Casanha"},"image":{"@id":"https:\/\/casanha.com\/vi\/#\/schema\/logo\/image\/"},"sameAs":["https:\/\/www.facebook.com\/CasanhaHome","https:\/\/www.instagram.com\/casanhahome\/","https:\/\/www.youtube.com\/@casanha","https:\/\/www.tiktok.com\/@casanha.com","https:\/\/zalo.me\/casanhahome"]}]}},"_links":{"self":[{"href":"https:\/\/casanha.com\/vi\/wp-json\/wp\/v2\/product\/74720","targetHints":{"allow":["GET"]}}],"collection":[{"href":"https:\/\/casanha.com\/vi\/wp-json\/wp\/v2\/product"}],"about":[{"href":"https:\/\/casanha.com\/vi\/wp-json\/wp\/v2\/types\/product"}],"replies":[{"embeddable":true,"href":"https:\/\/casanha.com\/vi\/wp-json\/wp\/v2\/comments?post=74720"}],"version-history":[{"count":5,"href":"https:\/\/casanha.com\/vi\/wp-json\/wp\/v2\/product\/74720\/revisions"}],"predecessor-version":[{"id":111540,"href":"https:\/\/casanha.com\/vi\/wp-json\/wp\/v2\/product\/74720\/revisions\/111540"}],"wp:featuredmedia":[{"embeddable":true,"href":"https:\/\/casanha.com\/vi\/wp-json\/wp\/v2\/media\/111524"}],"wp:attachment":[{"href":"https:\/\/casanha.com\/vi\/wp-json\/wp\/v2\/media?parent=74720"}],"wp:term":[{"taxonomy":"product_brand","embeddable":true,"href":"https:\/\/casanha.com\/vi\/wp-json\/wp\/v2\/product_brand?post=74720"},{"taxonomy":"product_cat","embeddable":true,"href":"https:\/\/casanha.com\/vi\/wp-json\/wp\/v2\/product_cat?post=74720"},{"taxonomy":"product_tag","embeddable":true,"href":"https:\/\/casanha.com\/vi\/wp-json\/wp\/v2\/product_tag?post=74720"}],"curies":[{"name":"wp","href":"https:\/\/api.w.org\/{rel}","templated":true}]}}