{"id":69333,"date":"2024-12-23T17:41:38","date_gmt":"2024-12-23T10:41:38","guid":{"rendered":"https:\/\/casanha.com\/product\/sella-tham\/"},"modified":"2026-04-01T10:54:56","modified_gmt":"2026-04-01T03:54:56","slug":"sella-tham","status":"publish","type":"product","link":"https:\/\/casanha.com\/vi\/san-pham\/sella-tham\/","title":{"rendered":"SELLA &#8211; TH\u1ea2M"},"content":{"rendered":"","protected":false},"excerpt":{"rendered":"<p><strong>Th\u00f4ng tin s\u1ea3n ph\u1ea9m\/ <em>Th\u00f4ng tin<\/em> <em>information<\/em><\/strong><br \/>\nM\u00e0u s\u1eafc\/ <em>M\u00e0u s\u1eafc<\/em>: Tr\u1eafng\/ <em>tr\u1eafng<\/em><br \/>\nCh\u1ea5t li\u1ec7u\/ <em>Ch\u1ea5t li\u1ec7u<\/em>: Len\/ <em>Wool<\/em><br \/>\nK\u00edch th\u01b0\u1edbc\/ <em>K\u00edch th\u01b0\u1edbc:<\/em>: W230 x D160cm<br \/>\n\u0110\u1ed9 d\u00e0y\/ <em>Thickness<\/em>: 4cm<br \/>\nPh\u01b0\u01a1ng ph\u00e1p\/ <em>Method<\/em>: Hoa tay\/ <em>Handicraft<\/em> &#8211; Ch\u1ea7n tay\/ <em>Hand<\/em>&#8211;<em>tufted<\/em><br \/>\nS\u1ee9c ch\u1ecbu \u0111\u1ef1ng\/ <em>Tolerance<\/em>: 5%<br \/>\nCh\u1ee9ng nh\u1eadn\/<em>Certification<\/em>: Sedex\u00ae, BSCI\u00ae<\/p>\n<p>B\u1ed9 s\u01b0u t\u1eadp\/ <em>Collection<\/em>: Kh\u00f4ng c\u00f3\/ <em>Kh\u00f4ng c\u00f3<\/em><br \/>\nPhong c\u00e1ch\/ <em>Phong c\u00e1ch<\/em>: Casanh\u00e0<\/p>\n<p>C\u00e2n n\u1eb7ng\/ <em>Weight<\/em>: 8.6kg<\/p>\n<p>Bao b\u00ec\/ <em>Packaging<\/em>: L160 x D20cm<br \/>\nY\u00eau c\u1ea7u l\u1eafp r\u00e1p\/<em>Assembly<\/em> <em>required<\/em>: Kh\u00f4ng\/ <em>No<\/em><br \/>\nN\u01b0\u1edbc xu\u1ea5t x\u1ee9\/ <em>Country<\/em> <em>of<\/em> <em>origin<\/em>: \u1ea4n \u0110\u1ed9\/ <em>\u1ea4n \u0110\u1ed9<\/em><\/p>\n<p>M\u1ed9t s\u1ed1 ch\u1ea5t li\u1ec7u nh\u01b0 len &amp; b\u00f4n c\u00f3 nhi\u1ec1u s\u1ee3i t\u01a1 v\u00e0 trong v\u00e0i tu\u1ea7n \u0111\u1ea7u s\u1eed d\u1ee5ng c\u00f3 th\u1ec3 xu\u1ea5t hi\u1ec7n hi\u1ec7n t\u01b0\u1ee3ng x\u00f9 l\u00f4ng: \u0111i\u1ec1u n\u00e0y l\u00e0 ho\u00e0n to\u00e0n b\u00ecnh th\u01b0\u1eddng v\u00ec th\u1ea3m \u0111ang \u201cr\u1ee5ng l\u00f4ng\u201d b\u1eb1ng c\u00e1ch th\u1ea3i ra l\u01b0\u1ee3ng s\u1ee3i d\u01b0 th\u1eeba. H\u00e3y lo\u1ea1i b\u1ecf l\u00f4ng x\u00f9 b\u1eb1ng tay c\u00e0ng nhi\u1ec1u c\u00e0ng t\u1ed1t v\u00e0 tuy\u1ec7t \u0111\u1ed1i kh\u00f4ng s\u1eed d\u1ee5ng m\u00e1y h\u00fat b\u1ee5i \u1edf ch\u1ebf \u0111\u1ed9 c\u00f3 ch\u1ed5i quay, v\u00ec \u0111i\u1ec1u n\u00e0y c\u00f3 th\u1ec3 k\u00e9o v\u00e0 l\u00e0m r\u00e1ch s\u1ee3i. Hi\u1ec7n t\u01b0\u1ee3ng r\u1ee5ng l\u00f4ng n\u00e0y s\u1ebd gi\u1ea3m d\u1ea7n theo th\u1eddi gian\/ <em>Some materials, such as wool or cotton, are very fibrous, and during the first few weeks of use, pilling may occur: this is normal, as the rug is \u201cshedding\u201d by releasing excess fibers. Remove the lint as much as possible by hand, and do not use a vacuum cleaner with a brush setting, as this can pull and tear out the fibers. This shedding will gradually subside over time<\/em><\/p>","protected":false},"featured_media":103583,"comment_status":"open","ping_status":"closed","template":"","meta":[],"product_brand":[17],"product_cat":[2886,3047],"product_tag":[],"class_list":{"0":"post-69333","1":"product","2":"type-product","3":"status-publish","4":"has-post-thumbnail","6":"product_brand-casanha","7":"product_cat-carpet-carpet","8":"product_cat-rivage-dazur","9":"product_shipping_class-bulky-items","11":"first","12":"instock","13":"shipping-taxable","14":"purchasable","15":"product-type-simple"},"yoast_head":"<!-- This site is optimized with the Yoast SEO plugin v27.1.1 - https:\/\/yoast.com\/product\/yoast-seo-wordpress\/ -->\n<title>SELLA - TH\u1ea2M - Casanha<\/title>\n<meta name=\"robots\" content=\"index, follow, max-snippet:-1, max-image-preview:large, max-video-preview:-1\" \/>\n<link rel=\"canonical\" href=\"https:\/\/casanha.com\/vi\/san-pham\/sella-tham\/\" \/>\n<meta property=\"og:locale\" content=\"vi_VN\" \/>\n<meta property=\"og:type\" content=\"article\" \/>\n<meta property=\"og:title\" content=\"SELLA - TH\u1ea2M - Casanha\" \/>\n<meta property=\"og:description\" content=\"Th\u00f4ng tin s\u1ea3n ph\u1ea9m\/ Product information M\u00e0u s\u1eafc\/ Color: Tr\u1eafng\/ White Ch\u1ea5t li\u1ec7u\/ Materials: Len\/ Wool K\u00edch th\u01b0\u1edbc\/ Dimensions: W230 x D160cm \u0110\u1ed9 d\u00e0y\/ Thickness: 4cm Ph\u01b0\u01a1ng ph\u00e1p\/ Method: Hoa tay\/ Handicraft - Ch\u1ea7n tay\/ Hand-tufted S\u1ee9c ch\u1ecbu \u0111\u1ef1ng\/ Tolerance: 5% Ch\u1ee9ng nh\u1eadn\/Certification: Sedex\u00ae, BSCI\u00ae  B\u1ed9 s\u01b0u t\u1eadp\/ Collection: Kh\u00f4ng c\u00f3\/ None Phong c\u00e1ch\/ Style: Casanh\u00e0  C\u00e2n n\u1eb7ng\/ Weight: 8.6kg  Bao b\u00ec\/ Packaging: L160 x D20cm Y\u00eau c\u1ea7u l\u1eafp r\u00e1p\/Assembly required: Kh\u00f4ng\/ No N\u01b0\u1edbc xu\u1ea5t x\u1ee9\/ Country of origin: \u1ea4n \u0110\u1ed9\/ India  M\u1ed9t s\u1ed1 ch\u1ea5t li\u1ec7u nh\u01b0 len &amp; b\u00f4n c\u00f3 nhi\u1ec1u s\u1ee3i t\u01a1 v\u00e0 trong v\u00e0i tu\u1ea7n \u0111\u1ea7u s\u1eed d\u1ee5ng c\u00f3 th\u1ec3 xu\u1ea5t hi\u1ec7n hi\u1ec7n t\u01b0\u1ee3ng x\u00f9 l\u00f4ng: \u0111i\u1ec1u n\u00e0y l\u00e0 ho\u00e0n to\u00e0n b\u00ecnh th\u01b0\u1eddng v\u00ec th\u1ea3m \u0111ang \u201cr\u1ee5ng l\u00f4ng\u201d b\u1eb1ng c\u00e1ch th\u1ea3i ra l\u01b0\u1ee3ng s\u1ee3i d\u01b0 th\u1eeba. H\u00e3y lo\u1ea1i b\u1ecf l\u00f4ng x\u00f9 b\u1eb1ng tay c\u00e0ng nhi\u1ec1u c\u00e0ng t\u1ed1t v\u00e0 tuy\u1ec7t \u0111\u1ed1i kh\u00f4ng s\u1eed d\u1ee5ng m\u00e1y h\u00fat b\u1ee5i \u1edf ch\u1ebf \u0111\u1ed9 c\u00f3 ch\u1ed5i quay, v\u00ec \u0111i\u1ec1u n\u00e0y c\u00f3 th\u1ec3 k\u00e9o v\u00e0 l\u00e0m r\u00e1ch s\u1ee3i. Hi\u1ec7n t\u01b0\u1ee3ng r\u1ee5ng l\u00f4ng n\u00e0y s\u1ebd gi\u1ea3m d\u1ea7n theo th\u1eddi gian\/ Some materials, such as wool or cotton, are very fibrous, and during the first few weeks of use, pilling may occur: this is normal, as the rug is \u201cshedding\u201d by releasing excess fibers. Remove the lint as much as possible by hand, and do not use a vacuum cleaner with a brush setting, as this can pull and tear out the fibers. This shedding will gradually subside over time\" \/>\n<meta property=\"og:url\" content=\"https:\/\/casanha.com\/vi\/san-pham\/sella-tham\/\" \/>\n<meta property=\"og:site_name\" content=\"Casanha\" \/>\n<meta property=\"article:publisher\" content=\"https:\/\/www.facebook.com\/CasanhaHome\" \/>\n<meta property=\"article:modified_time\" content=\"2026-04-01T03:54:56+00:00\" \/>\n<meta property=\"og:image\" content=\"https:\/\/casanha-beta.s3.ap-southeast-1.amazonaws.com\/2025\/07\/kiotviet_160f5c2abcd80bc2440eeba968a36142.jpg\" \/>\n\t<meta property=\"og:image:width\" content=\"600\" \/>\n\t<meta property=\"og:image:height\" content=\"600\" \/>\n\t<meta property=\"og:image:type\" content=\"image\/jpeg\" \/>\n<meta name=\"twitter:card\" content=\"summary_large_image\" \/>\n<script type=\"application\/ld+json\" class=\"yoast-schema-graph\">{\"@context\":\"https:\/\/schema.org\",\"@graph\":[{\"@type\":\"WebPage\",\"@id\":\"https:\/\/casanha.com\/product\/sella-tham\/\",\"url\":\"https:\/\/casanha.com\/product\/sella-tham\/\",\"name\":\"SELLA - TH\u1ea2M - Casanha\",\"isPartOf\":{\"@id\":\"https:\/\/casanha.com\/vi\/#website\"},\"primaryImageOfPage\":{\"@id\":\"https:\/\/casanha.com\/product\/sella-tham\/#primaryimage\"},\"image\":{\"@id\":\"https:\/\/casanha.com\/product\/sella-tham\/#primaryimage\"},\"thumbnailUrl\":\"https:\/\/casanha-beta.s3.ap-southeast-1.amazonaws.com\/2025\/07\/kiotviet_160f5c2abcd80bc2440eeba968a36142.jpg\",\"datePublished\":\"2024-12-23T10:41:38+00:00\",\"dateModified\":\"2026-04-01T03:54:56+00:00\",\"breadcrumb\":{\"@id\":\"https:\/\/casanha.com\/product\/sella-tham\/#breadcrumb\"},\"inLanguage\":\"vi\",\"potentialAction\":[{\"@type\":\"ReadAction\",\"target\":[\"https:\/\/casanha.com\/product\/sella-tham\/\"]}]},{\"@type\":\"ImageObject\",\"inLanguage\":\"vi\",\"@id\":\"https:\/\/casanha.com\/product\/sella-tham\/#primaryimage\",\"url\":\"https:\/\/casanha-beta.s3.ap-southeast-1.amazonaws.com\/2025\/07\/kiotviet_160f5c2abcd80bc2440eeba968a36142.jpg\",\"contentUrl\":\"https:\/\/casanha-beta.s3.ap-southeast-1.amazonaws.com\/2025\/07\/kiotviet_160f5c2abcd80bc2440eeba968a36142.jpg\",\"width\":600,\"height\":600},{\"@type\":\"BreadcrumbList\",\"@id\":\"https:\/\/casanha.com\/product\/sella-tham\/#breadcrumb\",\"itemListElement\":[{\"@type\":\"ListItem\",\"position\":1,\"name\":\"Home\",\"item\":\"https:\/\/casanha.com\/\"},{\"@type\":\"ListItem\",\"position\":2,\"name\":\"C\u1eeda h\u00e0ng\",\"item\":\"https:\/\/casanha.com\/vi\/cua-hang\/\"},{\"@type\":\"ListItem\",\"position\":3,\"name\":\"SELLA &#8211; TH\u1ea2M\"}]},{\"@type\":\"WebSite\",\"@id\":\"https:\/\/casanha.com\/vi\/#website\",\"url\":\"https:\/\/casanha.com\/vi\/\",\"name\":\"Casanha\",\"description\":\"Home Decor &amp; Furniture\",\"publisher\":{\"@id\":\"https:\/\/casanha.com\/vi\/#organization\"},\"potentialAction\":[{\"@type\":\"SearchAction\",\"target\":{\"@type\":\"EntryPoint\",\"urlTemplate\":\"https:\/\/casanha.com\/vi\/?s={search_term_string}\"},\"query-input\":{\"@type\":\"PropertyValueSpecification\",\"valueRequired\":true,\"valueName\":\"search_term_string\"}}],\"inLanguage\":\"vi\"},{\"@type\":\"Organization\",\"@id\":\"https:\/\/casanha.com\/vi\/#organization\",\"name\":\"Casanha\",\"url\":\"https:\/\/casanha.com\/vi\/\",\"logo\":{\"@type\":\"ImageObject\",\"inLanguage\":\"vi\",\"@id\":\"https:\/\/casanha.com\/vi\/#\/schema\/logo\/image\/\",\"url\":\"https:\/\/casanha-beta.s3.ap-southeast-1.amazonaws.com\/2026\/02\/logo-2026.jpg\",\"contentUrl\":\"https:\/\/casanha-beta.s3.ap-southeast-1.amazonaws.com\/2026\/02\/logo-2026.jpg\",\"width\":1500,\"height\":1500,\"caption\":\"Casanha\"},\"image\":{\"@id\":\"https:\/\/casanha.com\/vi\/#\/schema\/logo\/image\/\"},\"sameAs\":[\"https:\/\/www.facebook.com\/CasanhaHome\",\"https:\/\/www.instagram.com\/casanhahome\/\",\"https:\/\/www.youtube.com\/@casanha\",\"https:\/\/www.tiktok.com\/@casanha.com\",\"https:\/\/zalo.me\/casanhahome\"]}]}<\/script>\n<!-- \/ Yoast SEO plugin. -->","yoast_head_json":{"title":"SELLA - TH\u1ea2M - Casanha","robots":{"index":"index","follow":"follow","max-snippet":"max-snippet:-1","max-image-preview":"max-image-preview:large","max-video-preview":"max-video-preview:-1"},"canonical":"https:\/\/casanha.com\/vi\/san-pham\/sella-tham\/","og_locale":"vi_VN","og_type":"article","og_title":"SELLA - TH\u1ea2M - Casanha","og_description":"Th\u00f4ng tin s\u1ea3n ph\u1ea9m\/ Product information M\u00e0u s\u1eafc\/ Color: Tr\u1eafng\/ White Ch\u1ea5t li\u1ec7u\/ Materials: Len\/ Wool K\u00edch th\u01b0\u1edbc\/ Dimensions: W230 x D160cm \u0110\u1ed9 d\u00e0y\/ Thickness: 4cm Ph\u01b0\u01a1ng ph\u00e1p\/ Method: Hoa tay\/ Handicraft - Ch\u1ea7n tay\/ Hand-tufted S\u1ee9c ch\u1ecbu \u0111\u1ef1ng\/ Tolerance: 5% Ch\u1ee9ng nh\u1eadn\/Certification: Sedex\u00ae, BSCI\u00ae  B\u1ed9 s\u01b0u t\u1eadp\/ Collection: Kh\u00f4ng c\u00f3\/ None Phong c\u00e1ch\/ Style: Casanh\u00e0  C\u00e2n n\u1eb7ng\/ Weight: 8.6kg  Bao b\u00ec\/ Packaging: L160 x D20cm Y\u00eau c\u1ea7u l\u1eafp r\u00e1p\/Assembly required: Kh\u00f4ng\/ No N\u01b0\u1edbc xu\u1ea5t x\u1ee9\/ Country of origin: \u1ea4n \u0110\u1ed9\/ India  M\u1ed9t s\u1ed1 ch\u1ea5t li\u1ec7u nh\u01b0 len &amp; b\u00f4n c\u00f3 nhi\u1ec1u s\u1ee3i t\u01a1 v\u00e0 trong v\u00e0i tu\u1ea7n \u0111\u1ea7u s\u1eed d\u1ee5ng c\u00f3 th\u1ec3 xu\u1ea5t hi\u1ec7n hi\u1ec7n t\u01b0\u1ee3ng x\u00f9 l\u00f4ng: \u0111i\u1ec1u n\u00e0y l\u00e0 ho\u00e0n to\u00e0n b\u00ecnh th\u01b0\u1eddng v\u00ec th\u1ea3m \u0111ang \u201cr\u1ee5ng l\u00f4ng\u201d b\u1eb1ng c\u00e1ch th\u1ea3i ra l\u01b0\u1ee3ng s\u1ee3i d\u01b0 th\u1eeba. H\u00e3y lo\u1ea1i b\u1ecf l\u00f4ng x\u00f9 b\u1eb1ng tay c\u00e0ng nhi\u1ec1u c\u00e0ng t\u1ed1t v\u00e0 tuy\u1ec7t \u0111\u1ed1i kh\u00f4ng s\u1eed d\u1ee5ng m\u00e1y h\u00fat b\u1ee5i \u1edf ch\u1ebf \u0111\u1ed9 c\u00f3 ch\u1ed5i quay, v\u00ec \u0111i\u1ec1u n\u00e0y c\u00f3 th\u1ec3 k\u00e9o v\u00e0 l\u00e0m r\u00e1ch s\u1ee3i. Hi\u1ec7n t\u01b0\u1ee3ng r\u1ee5ng l\u00f4ng n\u00e0y s\u1ebd gi\u1ea3m d\u1ea7n theo th\u1eddi gian\/ Some materials, such as wool or cotton, are very fibrous, and during the first few weeks of use, pilling may occur: this is normal, as the rug is \u201cshedding\u201d by releasing excess fibers. Remove the lint as much as possible by hand, and do not use a vacuum cleaner with a brush setting, as this can pull and tear out the fibers. This shedding will gradually subside over time","og_url":"https:\/\/casanha.com\/vi\/san-pham\/sella-tham\/","og_site_name":"Casanha","article_publisher":"https:\/\/www.facebook.com\/CasanhaHome","article_modified_time":"2026-04-01T03:54:56+00:00","og_image":[{"width":600,"height":600,"url":"https:\/\/casanha-beta.s3.ap-southeast-1.amazonaws.com\/2025\/07\/kiotviet_160f5c2abcd80bc2440eeba968a36142.jpg","type":"image\/jpeg"}],"twitter_card":"summary_large_image","schema":{"@context":"https:\/\/schema.org","@graph":[{"@type":"WebPage","@id":"https:\/\/casanha.com\/product\/sella-tham\/","url":"https:\/\/casanha.com\/product\/sella-tham\/","name":"SELLA - TH\u1ea2M - Casanha","isPartOf":{"@id":"https:\/\/casanha.com\/vi\/#website"},"primaryImageOfPage":{"@id":"https:\/\/casanha.com\/product\/sella-tham\/#primaryimage"},"image":{"@id":"https:\/\/casanha.com\/product\/sella-tham\/#primaryimage"},"thumbnailUrl":"https:\/\/casanha-beta.s3.ap-southeast-1.amazonaws.com\/2025\/07\/kiotviet_160f5c2abcd80bc2440eeba968a36142.jpg","datePublished":"2024-12-23T10:41:38+00:00","dateModified":"2026-04-01T03:54:56+00:00","breadcrumb":{"@id":"https:\/\/casanha.com\/product\/sella-tham\/#breadcrumb"},"inLanguage":"vi","potentialAction":[{"@type":"ReadAction","target":["https:\/\/casanha.com\/product\/sella-tham\/"]}]},{"@type":"ImageObject","inLanguage":"vi","@id":"https:\/\/casanha.com\/product\/sella-tham\/#primaryimage","url":"https:\/\/casanha-beta.s3.ap-southeast-1.amazonaws.com\/2025\/07\/kiotviet_160f5c2abcd80bc2440eeba968a36142.jpg","contentUrl":"https:\/\/casanha-beta.s3.ap-southeast-1.amazonaws.com\/2025\/07\/kiotviet_160f5c2abcd80bc2440eeba968a36142.jpg","width":600,"height":600},{"@type":"BreadcrumbList","@id":"https:\/\/casanha.com\/product\/sella-tham\/#breadcrumb","itemListElement":[{"@type":"ListItem","position":1,"name":"Home","item":"https:\/\/casanha.com\/"},{"@type":"ListItem","position":2,"name":"C\u1eeda h\u00e0ng","item":"https:\/\/casanha.com\/vi\/cua-hang\/"},{"@type":"ListItem","position":3,"name":"SELLA &#8211; TH\u1ea2M"}]},{"@type":"WebSite","@id":"https:\/\/casanha.com\/vi\/#website","url":"https:\/\/casanha.com\/vi\/","name":"Casanha","description":"Home Decor &amp; Furniture","publisher":{"@id":"https:\/\/casanha.com\/vi\/#organization"},"potentialAction":[{"@type":"SearchAction","target":{"@type":"EntryPoint","urlTemplate":"https:\/\/casanha.com\/vi\/?s={search_term_string}"},"query-input":{"@type":"PropertyValueSpecification","valueRequired":true,"valueName":"search_term_string"}}],"inLanguage":"vi"},{"@type":"Organization","@id":"https:\/\/casanha.com\/vi\/#organization","name":"Casanha","url":"https:\/\/casanha.com\/vi\/","logo":{"@type":"ImageObject","inLanguage":"vi","@id":"https:\/\/casanha.com\/vi\/#\/schema\/logo\/image\/","url":"https:\/\/casanha-beta.s3.ap-southeast-1.amazonaws.com\/2026\/02\/logo-2026.jpg","contentUrl":"https:\/\/casanha-beta.s3.ap-southeast-1.amazonaws.com\/2026\/02\/logo-2026.jpg","width":1500,"height":1500,"caption":"Casanha"},"image":{"@id":"https:\/\/casanha.com\/vi\/#\/schema\/logo\/image\/"},"sameAs":["https:\/\/www.facebook.com\/CasanhaHome","https:\/\/www.instagram.com\/casanhahome\/","https:\/\/www.youtube.com\/@casanha","https:\/\/www.tiktok.com\/@casanha.com","https:\/\/zalo.me\/casanhahome"]}]}},"_links":{"self":[{"href":"https:\/\/casanha.com\/vi\/wp-json\/wp\/v2\/product\/69333","targetHints":{"allow":["GET"]}}],"collection":[{"href":"https:\/\/casanha.com\/vi\/wp-json\/wp\/v2\/product"}],"about":[{"href":"https:\/\/casanha.com\/vi\/wp-json\/wp\/v2\/types\/product"}],"replies":[{"embeddable":true,"href":"https:\/\/casanha.com\/vi\/wp-json\/wp\/v2\/comments?post=69333"}],"version-history":[{"count":6,"href":"https:\/\/casanha.com\/vi\/wp-json\/wp\/v2\/product\/69333\/revisions"}],"predecessor-version":[{"id":114071,"href":"https:\/\/casanha.com\/vi\/wp-json\/wp\/v2\/product\/69333\/revisions\/114071"}],"wp:featuredmedia":[{"embeddable":true,"href":"https:\/\/casanha.com\/vi\/wp-json\/wp\/v2\/media\/103583"}],"wp:attachment":[{"href":"https:\/\/casanha.com\/vi\/wp-json\/wp\/v2\/media?parent=69333"}],"wp:term":[{"taxonomy":"product_brand","embeddable":true,"href":"https:\/\/casanha.com\/vi\/wp-json\/wp\/v2\/product_brand?post=69333"},{"taxonomy":"product_cat","embeddable":true,"href":"https:\/\/casanha.com\/vi\/wp-json\/wp\/v2\/product_cat?post=69333"},{"taxonomy":"product_tag","embeddable":true,"href":"https:\/\/casanha.com\/vi\/wp-json\/wp\/v2\/product_tag?post=69333"}],"curies":[{"name":"wp","href":"https:\/\/api.w.org\/{rel}","templated":true}]}}