{"id":66803,"date":"2024-08-13T12:21:17","date_gmt":"2024-08-13T05:21:17","guid":{"rendered":"https:\/\/casanha.com\/product\/ducci-chan-mong\/"},"modified":"2026-02-10T17:49:37","modified_gmt":"2026-02-10T10:49:37","slug":"ducci-chan-mong","status":"publish","type":"product","link":"https:\/\/casanha.com\/vi\/san-pham\/ducci-chan-mong\/","title":{"rendered":"DUCCI &#8211; CH\u0102N M\u1eceNG"},"content":{"rendered":"","protected":false},"excerpt":{"rendered":"<p>S\u1ef1 quy\u1ebfn r\u0169 t\u1ef1 nhi\u00ean &#8211; ch\u0103n m\u1ecfng Ducci ph\u00f9 h\u1ee3p v\u1edbi m\u1ecdi phong c\u00e1ch trang tr\u00ed n\u1ed9i th\u1ea5t v\u00e0 c\u00e1c c\u1ea1nh \u0111\u01b0\u1ee3c trang tr\u00ed b\u1eb1ng tua rua mang \u0111\u1ebfn cho n\u00f3 m\u1ed9t n\u00e9t ch\u1ea5m ph\u00e1 ch\u00e2n th\u1ef1c v\u00e0 ph\u00f3ng t\u00fang. Ch\u1ea5t li\u1ec7u cotton 100% v\u1edbi c\u00e1c s\u1ecdc n\u1ed5i m\u1ecbn, c\u00f3 th\u1ec3 gi\u1eb7t b\u1eb1ng m\u00e1y\/ <em>S\u1ef1 quy\u1ebfn r\u0169 t\u1ef1 nhi\u00ean \u2013 t\u1ea5m plaid Ducci ph\u00f9 h\u1ee3p v\u1edbi m\u1ecdi kh\u00f4ng gian n\u1ed9i th\u1ea5t v\u00e0 ph\u1ea7n vi\u1ec1n tua rua mang \u0111\u1ebfn n\u00e9t ch\u1ea5m ph\u00e1 bohemian \u0111\u1eadm ch\u1ea5t m\u1ed9c m\u1ea1c. \u0110\u01b0\u1ee3c l\u00e0m t\u1eeb 100% cotton d\u1ec7t n\u1ed5i v\u1edbi c\u00e1c \u0111\u01b0\u1eddng s\u1ecdc ch\u00ecm tinh t\u1ebf, s\u1ea3n ph\u1ea9m c\u00f3 th\u1ec3 gi\u1eb7t b\u1eb1ng m\u00e1y.<\/em><\/p>","protected":false},"featured_media":110952,"comment_status":"open","ping_status":"closed","template":"","meta":[],"product_brand":[17],"product_cat":[2532],"product_tag":[],"class_list":{"0":"post-66803","1":"product","2":"type-product","3":"status-publish","4":"has-post-thumbnail","6":"product_brand-casanha","7":"product_cat-plaid","8":"pa_color-be-sang-linen","9":"pa_color-ghi-bac-stone","10":"pa_color-tho-hoang-ocher","12":"first","13":"instock","14":"shipping-taxable","15":"purchasable","16":"product-type-variable","17":"rtwpvs-product"},"yoast_head":"<!-- This site is optimized with the Yoast SEO plugin v27.1.1 - https:\/\/yoast.com\/product\/yoast-seo-wordpress\/ -->\n<title>DUCCI - CH\u0102N M\u1eceNG - Casanha<\/title>\n<meta name=\"robots\" content=\"index, follow, max-snippet:-1, max-image-preview:large, max-video-preview:-1\" \/>\n<link rel=\"canonical\" href=\"https:\/\/casanha.com\/vi\/san-pham\/ducci-chan-mong\/\" \/>\n<meta property=\"og:locale\" content=\"vi_VN\" \/>\n<meta property=\"og:type\" content=\"article\" \/>\n<meta property=\"og:title\" content=\"DUCCI - CH\u0102N M\u1eceNG - Casanha\" \/>\n<meta property=\"og:description\" content=\"S\u1ef1 quy\u1ebfn r\u0169 t\u1ef1 nhi\u00ean - ch\u0103n m\u1ecfng Ducci ph\u00f9 h\u1ee3p v\u1edbi m\u1ecdi phong c\u00e1ch trang tr\u00ed n\u1ed9i th\u1ea5t v\u00e0 c\u00e1c c\u1ea1nh \u0111\u01b0\u1ee3c trang tr\u00ed b\u1eb1ng tua rua mang \u0111\u1ebfn cho n\u00f3 m\u1ed9t n\u00e9t ch\u1ea5m ph\u00e1 ch\u00e2n th\u1ef1c v\u00e0 ph\u00f3ng t\u00fang. Ch\u1ea5t li\u1ec7u cotton 100% v\u1edbi c\u00e1c s\u1ecdc n\u1ed5i m\u1ecbn, c\u00f3 th\u1ec3 gi\u1eb7t b\u1eb1ng m\u00e1y\/ Natural charm - the Ducci plaid is suitable for all interiors and its edges decorated with fringes give it an authentic and bohemian touch. In 100% textured cotton with fine embossed stripes, it is machine washable.\" \/>\n<meta property=\"og:url\" content=\"https:\/\/casanha.com\/vi\/san-pham\/ducci-chan-mong\/\" \/>\n<meta property=\"og:site_name\" content=\"Casanha\" \/>\n<meta property=\"article:publisher\" content=\"https:\/\/www.facebook.com\/CasanhaHome\" \/>\n<meta property=\"article:modified_time\" content=\"2026-02-10T10:49:37+00:00\" \/>\n<meta property=\"og:image\" content=\"https:\/\/casanha-beta.s3.ap-southeast-1.amazonaws.com\/2024\/08\/Ducci-grey-pic-1-1.png\" \/>\n\t<meta property=\"og:image:width\" content=\"1080\" \/>\n\t<meta property=\"og:image:height\" content=\"1350\" \/>\n\t<meta property=\"og:image:type\" content=\"image\/png\" \/>\n<meta name=\"twitter:card\" content=\"summary_large_image\" \/>\n<script type=\"application\/ld+json\" class=\"yoast-schema-graph\">{\"@context\":\"https:\/\/schema.org\",\"@graph\":[{\"@type\":\"WebPage\",\"@id\":\"https:\/\/casanha.com\/en\/product\/ducci-chan-mong\/\",\"url\":\"https:\/\/casanha.com\/en\/product\/ducci-chan-mong\/\",\"name\":\"DUCCI - CH\u0102N M\u1eceNG - Casanha\",\"isPartOf\":{\"@id\":\"https:\/\/casanha.com\/vi\/#website\"},\"primaryImageOfPage\":{\"@id\":\"https:\/\/casanha.com\/en\/product\/ducci-chan-mong\/#primaryimage\"},\"image\":{\"@id\":\"https:\/\/casanha.com\/en\/product\/ducci-chan-mong\/#primaryimage\"},\"thumbnailUrl\":\"https:\/\/casanha-beta.s3.ap-southeast-1.amazonaws.com\/2024\/08\/Ducci-grey-pic-1-1.png\",\"datePublished\":\"2024-08-13T05:21:17+00:00\",\"dateModified\":\"2026-02-10T10:49:37+00:00\",\"breadcrumb\":{\"@id\":\"https:\/\/casanha.com\/en\/product\/ducci-chan-mong\/#breadcrumb\"},\"inLanguage\":\"vi\",\"potentialAction\":[{\"@type\":\"ReadAction\",\"target\":[\"https:\/\/casanha.com\/en\/product\/ducci-chan-mong\/\"]}]},{\"@type\":\"ImageObject\",\"inLanguage\":\"vi\",\"@id\":\"https:\/\/casanha.com\/en\/product\/ducci-chan-mong\/#primaryimage\",\"url\":\"https:\/\/casanha-beta.s3.ap-southeast-1.amazonaws.com\/2024\/08\/Ducci-grey-pic-1-1.png\",\"contentUrl\":\"https:\/\/casanha-beta.s3.ap-southeast-1.amazonaws.com\/2024\/08\/Ducci-grey-pic-1-1.png\",\"width\":1080,\"height\":1350},{\"@type\":\"BreadcrumbList\",\"@id\":\"https:\/\/casanha.com\/en\/product\/ducci-chan-mong\/#breadcrumb\",\"itemListElement\":[{\"@type\":\"ListItem\",\"position\":1,\"name\":\"Home\",\"item\":\"https:\/\/casanha.com\/\"},{\"@type\":\"ListItem\",\"position\":2,\"name\":\"C\u1eeda h\u00e0ng\",\"item\":\"https:\/\/casanha.com\/vi\/cua-hang\/\"},{\"@type\":\"ListItem\",\"position\":3,\"name\":\"DUCCI &#8211; CH\u0102N M\u1eceNG\"}]},{\"@type\":\"WebSite\",\"@id\":\"https:\/\/casanha.com\/vi\/#website\",\"url\":\"https:\/\/casanha.com\/vi\/\",\"name\":\"Casanha\",\"description\":\"Home Decor &amp; Furniture\",\"publisher\":{\"@id\":\"https:\/\/casanha.com\/vi\/#organization\"},\"potentialAction\":[{\"@type\":\"SearchAction\",\"target\":{\"@type\":\"EntryPoint\",\"urlTemplate\":\"https:\/\/casanha.com\/vi\/?s={search_term_string}\"},\"query-input\":{\"@type\":\"PropertyValueSpecification\",\"valueRequired\":true,\"valueName\":\"search_term_string\"}}],\"inLanguage\":\"vi\"},{\"@type\":\"Organization\",\"@id\":\"https:\/\/casanha.com\/vi\/#organization\",\"name\":\"Casanha\",\"url\":\"https:\/\/casanha.com\/vi\/\",\"logo\":{\"@type\":\"ImageObject\",\"inLanguage\":\"vi\",\"@id\":\"https:\/\/casanha.com\/vi\/#\/schema\/logo\/image\/\",\"url\":\"https:\/\/casanha-beta.s3.ap-southeast-1.amazonaws.com\/2026\/02\/logo-2026.jpg\",\"contentUrl\":\"https:\/\/casanha-beta.s3.ap-southeast-1.amazonaws.com\/2026\/02\/logo-2026.jpg\",\"width\":1500,\"height\":1500,\"caption\":\"Casanha\"},\"image\":{\"@id\":\"https:\/\/casanha.com\/vi\/#\/schema\/logo\/image\/\"},\"sameAs\":[\"https:\/\/www.facebook.com\/CasanhaHome\",\"https:\/\/www.instagram.com\/casanhahome\/\",\"https:\/\/www.youtube.com\/@casanha\",\"https:\/\/www.tiktok.com\/@casanha.com\",\"https:\/\/zalo.me\/casanhahome\"]}]}<\/script>\n<!-- \/ Yoast SEO plugin. -->","yoast_head_json":{"title":"DUCCI - CH\u0102N M\u1eceNG - Casanha","robots":{"index":"index","follow":"follow","max-snippet":"max-snippet:-1","max-image-preview":"max-image-preview:large","max-video-preview":"max-video-preview:-1"},"canonical":"https:\/\/casanha.com\/vi\/san-pham\/ducci-chan-mong\/","og_locale":"vi_VN","og_type":"article","og_title":"DUCCI - CH\u0102N M\u1eceNG - Casanha","og_description":"S\u1ef1 quy\u1ebfn r\u0169 t\u1ef1 nhi\u00ean - ch\u0103n m\u1ecfng Ducci ph\u00f9 h\u1ee3p v\u1edbi m\u1ecdi phong c\u00e1ch trang tr\u00ed n\u1ed9i th\u1ea5t v\u00e0 c\u00e1c c\u1ea1nh \u0111\u01b0\u1ee3c trang tr\u00ed b\u1eb1ng tua rua mang \u0111\u1ebfn cho n\u00f3 m\u1ed9t n\u00e9t ch\u1ea5m ph\u00e1 ch\u00e2n th\u1ef1c v\u00e0 ph\u00f3ng t\u00fang. Ch\u1ea5t li\u1ec7u cotton 100% v\u1edbi c\u00e1c s\u1ecdc n\u1ed5i m\u1ecbn, c\u00f3 th\u1ec3 gi\u1eb7t b\u1eb1ng m\u00e1y\/ Natural charm - the Ducci plaid is suitable for all interiors and its edges decorated with fringes give it an authentic and bohemian touch. In 100% textured cotton with fine embossed stripes, it is machine washable.","og_url":"https:\/\/casanha.com\/vi\/san-pham\/ducci-chan-mong\/","og_site_name":"Casanha","article_publisher":"https:\/\/www.facebook.com\/CasanhaHome","article_modified_time":"2026-02-10T10:49:37+00:00","og_image":[{"width":1080,"height":1350,"url":"https:\/\/casanha-beta.s3.ap-southeast-1.amazonaws.com\/2024\/08\/Ducci-grey-pic-1-1.png","type":"image\/png"}],"twitter_card":"summary_large_image","schema":{"@context":"https:\/\/schema.org","@graph":[{"@type":"WebPage","@id":"https:\/\/casanha.com\/en\/product\/ducci-chan-mong\/","url":"https:\/\/casanha.com\/en\/product\/ducci-chan-mong\/","name":"DUCCI - CH\u0102N M\u1eceNG - Casanha","isPartOf":{"@id":"https:\/\/casanha.com\/vi\/#website"},"primaryImageOfPage":{"@id":"https:\/\/casanha.com\/en\/product\/ducci-chan-mong\/#primaryimage"},"image":{"@id":"https:\/\/casanha.com\/en\/product\/ducci-chan-mong\/#primaryimage"},"thumbnailUrl":"https:\/\/casanha-beta.s3.ap-southeast-1.amazonaws.com\/2024\/08\/Ducci-grey-pic-1-1.png","datePublished":"2024-08-13T05:21:17+00:00","dateModified":"2026-02-10T10:49:37+00:00","breadcrumb":{"@id":"https:\/\/casanha.com\/en\/product\/ducci-chan-mong\/#breadcrumb"},"inLanguage":"vi","potentialAction":[{"@type":"ReadAction","target":["https:\/\/casanha.com\/en\/product\/ducci-chan-mong\/"]}]},{"@type":"ImageObject","inLanguage":"vi","@id":"https:\/\/casanha.com\/en\/product\/ducci-chan-mong\/#primaryimage","url":"https:\/\/casanha-beta.s3.ap-southeast-1.amazonaws.com\/2024\/08\/Ducci-grey-pic-1-1.png","contentUrl":"https:\/\/casanha-beta.s3.ap-southeast-1.amazonaws.com\/2024\/08\/Ducci-grey-pic-1-1.png","width":1080,"height":1350},{"@type":"BreadcrumbList","@id":"https:\/\/casanha.com\/en\/product\/ducci-chan-mong\/#breadcrumb","itemListElement":[{"@type":"ListItem","position":1,"name":"Home","item":"https:\/\/casanha.com\/"},{"@type":"ListItem","position":2,"name":"C\u1eeda h\u00e0ng","item":"https:\/\/casanha.com\/vi\/cua-hang\/"},{"@type":"ListItem","position":3,"name":"DUCCI &#8211; CH\u0102N M\u1eceNG"}]},{"@type":"WebSite","@id":"https:\/\/casanha.com\/vi\/#website","url":"https:\/\/casanha.com\/vi\/","name":"Casanha","description":"Home Decor &amp; Furniture","publisher":{"@id":"https:\/\/casanha.com\/vi\/#organization"},"potentialAction":[{"@type":"SearchAction","target":{"@type":"EntryPoint","urlTemplate":"https:\/\/casanha.com\/vi\/?s={search_term_string}"},"query-input":{"@type":"PropertyValueSpecification","valueRequired":true,"valueName":"search_term_string"}}],"inLanguage":"vi"},{"@type":"Organization","@id":"https:\/\/casanha.com\/vi\/#organization","name":"Casanha","url":"https:\/\/casanha.com\/vi\/","logo":{"@type":"ImageObject","inLanguage":"vi","@id":"https:\/\/casanha.com\/vi\/#\/schema\/logo\/image\/","url":"https:\/\/casanha-beta.s3.ap-southeast-1.amazonaws.com\/2026\/02\/logo-2026.jpg","contentUrl":"https:\/\/casanha-beta.s3.ap-southeast-1.amazonaws.com\/2026\/02\/logo-2026.jpg","width":1500,"height":1500,"caption":"Casanha"},"image":{"@id":"https:\/\/casanha.com\/vi\/#\/schema\/logo\/image\/"},"sameAs":["https:\/\/www.facebook.com\/CasanhaHome","https:\/\/www.instagram.com\/casanhahome\/","https:\/\/www.youtube.com\/@casanha","https:\/\/www.tiktok.com\/@casanha.com","https:\/\/zalo.me\/casanhahome"]}]}},"_links":{"self":[{"href":"https:\/\/casanha.com\/vi\/wp-json\/wp\/v2\/product\/66803","targetHints":{"allow":["GET"]}}],"collection":[{"href":"https:\/\/casanha.com\/vi\/wp-json\/wp\/v2\/product"}],"about":[{"href":"https:\/\/casanha.com\/vi\/wp-json\/wp\/v2\/types\/product"}],"replies":[{"embeddable":true,"href":"https:\/\/casanha.com\/vi\/wp-json\/wp\/v2\/comments?post=66803"}],"version-history":[{"count":6,"href":"https:\/\/casanha.com\/vi\/wp-json\/wp\/v2\/product\/66803\/revisions"}],"predecessor-version":[{"id":110235,"href":"https:\/\/casanha.com\/vi\/wp-json\/wp\/v2\/product\/66803\/revisions\/110235"}],"wp:featuredmedia":[{"embeddable":true,"href":"https:\/\/casanha.com\/vi\/wp-json\/wp\/v2\/media\/110952"}],"wp:attachment":[{"href":"https:\/\/casanha.com\/vi\/wp-json\/wp\/v2\/media?parent=66803"}],"wp:term":[{"taxonomy":"product_brand","embeddable":true,"href":"https:\/\/casanha.com\/vi\/wp-json\/wp\/v2\/product_brand?post=66803"},{"taxonomy":"product_cat","embeddable":true,"href":"https:\/\/casanha.com\/vi\/wp-json\/wp\/v2\/product_cat?post=66803"},{"taxonomy":"product_tag","embeddable":true,"href":"https:\/\/casanha.com\/vi\/wp-json\/wp\/v2\/product_tag?post=66803"}],"curies":[{"name":"wp","href":"https:\/\/api.w.org\/{rel}","templated":true}]}}