{"id":66276,"date":"2024-08-10T12:26:10","date_gmt":"2024-08-10T05:26:10","guid":{"rendered":"https:\/\/casanha.com\/product\/zoula-ban-lam-viec\/"},"modified":"2026-04-07T13:05:04","modified_gmt":"2026-04-07T06:05:04","slug":"zoula-ban-lam-viec","status":"publish","type":"product","link":"https:\/\/casanha.com\/vi\/san-pham\/zoula-ban-lam-viec\/","title":{"rendered":"ZOULA &#8211; B\u00c0N L\u00c0M VI\u1ec6C"},"content":{"rendered":"<p><strong>THI\u1ebeT K\u1ebe\/ <em>DESIGN<\/em><\/strong><\/p>\n<p>V\u1edbi ch\u00fang t\u00f4i, thi\u1ebft k\u1ebf kh\u00f4ng ch\u1ec9 l\u00e0 y\u1ebfu t\u1ed1 th\u1ecb gi\u00e1c m\u00e0 c\u00f2n l\u00e0 s\u1ef1 th\u00f4ng minh, l\u00e0 t\u00ednh h\u1eefu d\u1ee5ng c\u1ee7a s\u1ea3n ph\u1ea9m\/ <em>To us, design isn\u2019t only about the visual, but also about being smart, about the utility of the items as well.<\/em><\/p>\n<p><strong>IN QUEST OF INNOVATION &amp; CREATIVITY\/ <\/strong><strong><em>TRUY T\u00ccM S\u1ef0 \u0110\u1ed4I M\u1edaI &amp; S\u00c1NG T\u1ea0O<\/em><\/strong><\/p>\n<p>Casanh\u00e0 l\u00e0 m\u1ed9t c\u00f4ng ty c\u00f3 tr\u1ee5 s\u1edf t\u1ea1i S\u00e0i G\u00f2n, lu\u00f4n n\u1ed7 l\u1ef1c h\u1ee3p t\u00e1c c\u00f9ng c\u00e1c \u0111\u1ed1i t\u00e1c tr\u00ean to\u00e0n th\u1ebf gi\u1edbi \u0111\u1ec3 mang \u0111\u1ebfn nh\u1eefng s\u1ea3n ph\u1ea9m n\u1ed9i th\u1ea5t tinh t\u1ebf, ti\u1ec7n d\u1ee5ng, b\u1eaft k\u1ecbp xu h\u01b0\u1edbng hi\u1ec7n \u0111\u1ea1i nh\u01b0ng v\u1eabn gi\u1eef \u0111\u01b0\u1ee3c n\u00e9t truy\u1ec1n th\u1ed1ng c\u1ee7a g\u1ed7 t\u1ef1 nhi\u00ean v\u00e0 tay ngh\u1ec1 th\u1ee7 c\u00f4ng tinh x\u1ea3o. Ch\u00fang t\u00f4i tin r\u1eb1ng c\u00e1c s\u1ea3n ph\u1ea9m c\u1ee7a m\u00ecnh mang trong ch\u00fang n\u00e9t c\u00e1 t\u00ednh ri\u00eang bi\u1ec7t, \u0111\u01b0\u1ee3c t\u1ea1o n\u00ean t\u1eeb s\u1ef1 tr\u00e2n tr\u1ecdng ch\u1ea5t l\u01b0\u1ee3ng v\u00e0 kh\u00f4ng b\u1ecb r\u00e0ng bu\u1ed9c b\u1edfi gi\u00e1 c\u1ea3. Ch\u00ednh \u0111i\u1ec1u \u0111\u00f3 th\u1ec3 hi\u1ec7n c\u00e1ch ch\u00fang \u0111\u01b0\u1ee3c ch\u1ebf t\u00e1c v\u00e0 gi\u00fap ch\u00fang n\u1ed5i b\u1eadt gi\u1eefa th\u1ecb tr\u01b0\u1eddng hi\u1ec7n nay\/ <em>Casanh\u00e0 is a Saigon-based company that works tirelessly with partners all over the world to fulfill the need to have fine and well-functioned home goods with the latest in trend, combined with a traditional sense of fine woods and fine craftsmanship.We believe that our products have an inherent individuality, with the appreciation of quality and the lack of price constraints, revealing how they have been made, setting them apart from the current market.<\/em><\/p>","protected":false},"excerpt":{"rendered":"<p>L\u1ea5y c\u1ea3m h\u1ee9ng t\u1eeb n\u1ed9i th\u1ea5t nh\u1eefng n\u0103m 1950, n\u00f3 c\u00f3 k\u00edch th\u01b0\u1edbc nh\u1ecf g\u1ecdn, l\u00fd t\u01b0\u1edfng cho kh\u00f4ng gian h\u1ea1n ch\u1ebf. Hai ng\u0103n k\u00e9o tr\u00f4ng nh\u01b0 treo l\u01a1 l\u1eedng mang l\u1ea1i c\u1ea3m gi\u00e1c nh\u1eb9 nh\u00e0ng\/ <em>Referencing 1950s furniture, it features compact dimensions, perfect for small spaces. Its two seemingly floating drawers create a sense of lightness.<\/em><\/p>\n<p><strong>Th\u00f4ng tin s\u1ea3n ph\u1ea9m\/\u00a0<em>Th\u00f4ng tin s\u1ea3n ph\u1ea9m<\/em><\/strong><br \/>\nM\u00e0u s\u1eafc\/\u00a0<em>M\u00e0u s\u1eafc<\/em>: G\u1ed7 t\u1ef1 nhi\u00ean\/\u00a0<em>Natural wood<br \/>\n<\/em>Ch\u1ea5t li\u1ec7u\/\u00a0<em>Ch\u1ea5t li\u1ec7u<\/em><br \/>\nM\u1eb7t b\u00e0n\/\u00a0<em>Top<\/em>: G\u1ed7 s\u1ed3i nguy\u00ean kh\u1ed1i, veneer s\u1ed3i &amp; MDF\/\u00a0<em>Solid oak, oak veneer &amp; MDF<br \/>\n<\/em>Ch\u00e2n\/\u00a0<em>Leg(s):<\/em>\u00a0G\u1ed7 s\u1ed3i nguy\u00ean kh\u1ed1i\/\u00a0<em>Solid oak<\/em><br \/>\nNg\u0103n k\u00e9o\/\u00a0<em>Drawer<\/em>: Ray tr\u01b0\u1ee3t kim lo\u1ea1i\/\u00a0<em>Metal slide rail &#8211; Soft close<\/em><br \/>\nHo\u00e0n thi\u1ec7n\/\u00a0<em>Finishing<\/em>: Tr\u01a1n nh\u1eb5n\/ Smooth<br \/>\nK\u00edch th\u01b0\u1edbc\/\u00a0<em>K\u00edch th\u01b0\u1edbc:<\/em>: W110 x D55 x H73cm<br \/>\nCh\u1ee9ng nh\u1eadn\/<em>Certification<\/em>: FSC 100%<\/p>\n<p>B\u1ed9 s\u01b0u t\u1eadp\/\u00a0<em>Collection<\/em>: Kh\u00f4ng c\u00f3\/\u00a0<em>Kh\u00f4ng c\u00f3<\/em><br \/>\nPhong c\u00e1ch\/\u00a0<em>Phong c\u00e1ch<\/em>: Casanh\u00e0<\/p>\n<p>Ch\u00e2n c\u00f3 th\u1ec3 \u0111i\u1ec1u ch\u1ec9nh\/\u00a0<em>Adjustable legs<\/em>: \u0110\u00fang\/ Yes<\/p>\n<p>C\u00e2n n\u1eb7ng\/\u00a0<em>Weight<\/em>: 34kg<br \/>\nBao b\u00ec\/\u00a0<em>Packaging<\/em>: 2 cartons (W114 x D68 x H17cm &#8211; W62 x D45 x H34.5cm)<br \/>\nY\u00eau c\u1ea7u l\u1eafp r\u00e1p\/<em>Assembly required<\/em>: \u0110\u00fang\/\u00a0<em>Yes<\/em><br \/>\nN\u01b0\u1edbc xu\u1ea5t x\u1ee9\/\u00a0<em>Country of origin<\/em>: Vi\u1ec7t Nam\/\u00a0<em>Vi\u1ec7t Nam<\/em><\/p>","protected":false},"featured_media":107659,"comment_status":"open","ping_status":"closed","template":"","meta":[],"product_brand":[17],"product_cat":[3063,2513],"product_tag":[],"class_list":{"0":"post-66276","1":"product","2":"type-product","3":"status-publish","4":"has-post-thumbnail","6":"product_brand-casanha","7":"product_cat-tropic-loom","8":"product_cat-desk","9":"product_shipping_class-heavy-packages","10":"pa_color-go-soi-tu-nhien-raw-oak","12":"first","13":"instock","14":"shipping-taxable","15":"purchasable","16":"product-type-simple"},"yoast_head":"<!-- This site is optimized with the Yoast SEO plugin v27.1.1 - https:\/\/yoast.com\/product\/yoast-seo-wordpress\/ -->\n<title>ZOULA - B\u00c0N L\u00c0M VI\u1ec6C - Casanha<\/title>\n<meta name=\"robots\" content=\"index, follow, max-snippet:-1, max-image-preview:large, max-video-preview:-1\" \/>\n<link rel=\"canonical\" href=\"https:\/\/casanha.com\/vi\/san-pham\/zoula-ban-lam-viec\/\" \/>\n<meta property=\"og:locale\" content=\"vi_VN\" \/>\n<meta property=\"og:type\" content=\"article\" \/>\n<meta property=\"og:title\" content=\"ZOULA - B\u00c0N L\u00c0M VI\u1ec6C - Casanha\" \/>\n<meta property=\"og:description\" content=\"L\u1ea5y c\u1ea3m h\u1ee9ng t\u1eeb n\u1ed9i th\u1ea5t nh\u1eefng n\u0103m 1950, n\u00f3 c\u00f3 k\u00edch th\u01b0\u1edbc nh\u1ecf g\u1ecdn, l\u00fd t\u01b0\u1edfng cho kh\u00f4ng gian h\u1ea1n ch\u1ebf. Hai ng\u0103n k\u00e9o tr\u00f4ng nh\u01b0 treo l\u01a1 l\u1eedng mang l\u1ea1i c\u1ea3m gi\u00e1c nh\u1eb9 nh\u00e0ng\/ Referencing 1950s furniture, it features compact dimensions, perfect for small spaces. Its two seemingly floating drawers create a sense of lightness.  Th\u00f4ng tin s\u1ea3n ph\u1ea9m\/\u00a0Product information M\u00e0u s\u1eafc\/\u00a0Color: G\u1ed7 t\u1ef1 nhi\u00ean\/\u00a0Natural wood Ch\u1ea5t li\u1ec7u\/\u00a0Materials M\u1eb7t b\u00e0n\/\u00a0Top: G\u1ed7 s\u1ed3i nguy\u00ean kh\u1ed1i, veneer s\u1ed3i &amp; MDF\/\u00a0Solid oak, oak veneer &amp; MDF Ch\u00e2n\/\u00a0Leg(s):\u00a0G\u1ed7 s\u1ed3i nguy\u00ean kh\u1ed1i\/\u00a0Solid oak Ng\u0103n k\u00e9o\/\u00a0Drawer: Ray tr\u01b0\u1ee3t kim lo\u1ea1i\/\u00a0Metal slide rail - Soft close Ho\u00e0n thi\u1ec7n\/\u00a0Finishing: Tr\u01a1n nh\u1eb5n\/ Smooth K\u00edch th\u01b0\u1edbc\/\u00a0Dimensions: W110 x D55 x H73cm Ch\u1ee9ng nh\u1eadn\/Certification: FSC 100%  B\u1ed9 s\u01b0u t\u1eadp\/\u00a0Collection: Kh\u00f4ng c\u00f3\/\u00a0None Phong c\u00e1ch\/\u00a0Style: Casanh\u00e0  Ch\u00e2n c\u00f3 th\u1ec3 \u0111i\u1ec1u ch\u1ec9nh\/\u00a0Adjustable legs: \u0110\u00fang\/ Yes  C\u00e2n n\u1eb7ng\/\u00a0Weight: 34kg Bao b\u00ec\/\u00a0Packaging: 2 cartons (W114 x D68 x H17cm - W62 x D45 x H34.5cm) Y\u00eau c\u1ea7u l\u1eafp r\u00e1p\/Assembly required: \u0110\u00fang\/\u00a0Yes N\u01b0\u1edbc xu\u1ea5t x\u1ee9\/\u00a0Country of origin: Vi\u1ec7t Nam\/\u00a0Vietnam\" \/>\n<meta property=\"og:url\" content=\"https:\/\/casanha.com\/vi\/san-pham\/zoula-ban-lam-viec\/\" \/>\n<meta property=\"og:site_name\" content=\"Casanha\" \/>\n<meta property=\"article:publisher\" content=\"https:\/\/www.facebook.com\/CasanhaHome\" \/>\n<meta property=\"article:modified_time\" content=\"2026-04-07T06:05:04+00:00\" \/>\n<meta property=\"og:image\" content=\"https:\/\/casanha-beta.s3.ap-southeast-1.amazonaws.com\/2024\/08\/Zoula-desk-raw-oak-2.jpeg\" \/>\n\t<meta property=\"og:image:width\" content=\"600\" \/>\n\t<meta property=\"og:image:height\" content=\"600\" \/>\n\t<meta property=\"og:image:type\" content=\"image\/jpeg\" \/>\n<meta name=\"twitter:card\" content=\"summary_large_image\" \/>\n<script type=\"application\/ld+json\" class=\"yoast-schema-graph\">{\"@context\":\"https:\/\/schema.org\",\"@graph\":[{\"@type\":\"WebPage\",\"@id\":\"https:\/\/casanha.com\/product\/zoula-ban-lam-viec\/\",\"url\":\"https:\/\/casanha.com\/product\/zoula-ban-lam-viec\/\",\"name\":\"ZOULA - B\u00c0N L\u00c0M VI\u1ec6C - Casanha\",\"isPartOf\":{\"@id\":\"https:\/\/casanha.com\/vi\/#website\"},\"primaryImageOfPage\":{\"@id\":\"https:\/\/casanha.com\/product\/zoula-ban-lam-viec\/#primaryimage\"},\"image\":{\"@id\":\"https:\/\/casanha.com\/product\/zoula-ban-lam-viec\/#primaryimage\"},\"thumbnailUrl\":\"https:\/\/casanha-beta.s3.ap-southeast-1.amazonaws.com\/2024\/08\/Zoula-desk-raw-oak-2.jpeg\",\"datePublished\":\"2024-08-10T05:26:10+00:00\",\"dateModified\":\"2026-04-07T06:05:04+00:00\",\"breadcrumb\":{\"@id\":\"https:\/\/casanha.com\/product\/zoula-ban-lam-viec\/#breadcrumb\"},\"inLanguage\":\"vi\",\"potentialAction\":[{\"@type\":\"ReadAction\",\"target\":[\"https:\/\/casanha.com\/product\/zoula-ban-lam-viec\/\"]}]},{\"@type\":\"ImageObject\",\"inLanguage\":\"vi\",\"@id\":\"https:\/\/casanha.com\/product\/zoula-ban-lam-viec\/#primaryimage\",\"url\":\"https:\/\/casanha-beta.s3.ap-southeast-1.amazonaws.com\/2024\/08\/Zoula-desk-raw-oak-2.jpeg\",\"contentUrl\":\"https:\/\/casanha-beta.s3.ap-southeast-1.amazonaws.com\/2024\/08\/Zoula-desk-raw-oak-2.jpeg\",\"width\":600,\"height\":600},{\"@type\":\"BreadcrumbList\",\"@id\":\"https:\/\/casanha.com\/product\/zoula-ban-lam-viec\/#breadcrumb\",\"itemListElement\":[{\"@type\":\"ListItem\",\"position\":1,\"name\":\"Home\",\"item\":\"https:\/\/casanha.com\/\"},{\"@type\":\"ListItem\",\"position\":2,\"name\":\"C\u1eeda h\u00e0ng\",\"item\":\"https:\/\/casanha.com\/vi\/cua-hang\/\"},{\"@type\":\"ListItem\",\"position\":3,\"name\":\"ZOULA &#8211; B\u00c0N L\u00c0M VI\u1ec6C\"}]},{\"@type\":\"WebSite\",\"@id\":\"https:\/\/casanha.com\/vi\/#website\",\"url\":\"https:\/\/casanha.com\/vi\/\",\"name\":\"Casanha\",\"description\":\"Home Decor &amp; Furniture\",\"publisher\":{\"@id\":\"https:\/\/casanha.com\/vi\/#organization\"},\"potentialAction\":[{\"@type\":\"SearchAction\",\"target\":{\"@type\":\"EntryPoint\",\"urlTemplate\":\"https:\/\/casanha.com\/vi\/?s={search_term_string}\"},\"query-input\":{\"@type\":\"PropertyValueSpecification\",\"valueRequired\":true,\"valueName\":\"search_term_string\"}}],\"inLanguage\":\"vi\"},{\"@type\":\"Organization\",\"@id\":\"https:\/\/casanha.com\/vi\/#organization\",\"name\":\"Casanha\",\"url\":\"https:\/\/casanha.com\/vi\/\",\"logo\":{\"@type\":\"ImageObject\",\"inLanguage\":\"vi\",\"@id\":\"https:\/\/casanha.com\/vi\/#\/schema\/logo\/image\/\",\"url\":\"https:\/\/casanha-beta.s3.ap-southeast-1.amazonaws.com\/2026\/02\/logo-2026.jpg\",\"contentUrl\":\"https:\/\/casanha-beta.s3.ap-southeast-1.amazonaws.com\/2026\/02\/logo-2026.jpg\",\"width\":1500,\"height\":1500,\"caption\":\"Casanha\"},\"image\":{\"@id\":\"https:\/\/casanha.com\/vi\/#\/schema\/logo\/image\/\"},\"sameAs\":[\"https:\/\/www.facebook.com\/CasanhaHome\",\"https:\/\/www.instagram.com\/casanhahome\/\",\"https:\/\/www.youtube.com\/@casanha\",\"https:\/\/www.tiktok.com\/@casanha.com\",\"https:\/\/zalo.me\/casanhahome\"]}]}<\/script>\n<!-- \/ Yoast SEO plugin. -->","yoast_head_json":{"title":"ZOULA - B\u00c0N L\u00c0M VI\u1ec6C - Casanha","robots":{"index":"index","follow":"follow","max-snippet":"max-snippet:-1","max-image-preview":"max-image-preview:large","max-video-preview":"max-video-preview:-1"},"canonical":"https:\/\/casanha.com\/vi\/san-pham\/zoula-ban-lam-viec\/","og_locale":"vi_VN","og_type":"article","og_title":"ZOULA - B\u00c0N L\u00c0M VI\u1ec6C - Casanha","og_description":"L\u1ea5y c\u1ea3m h\u1ee9ng t\u1eeb n\u1ed9i th\u1ea5t nh\u1eefng n\u0103m 1950, n\u00f3 c\u00f3 k\u00edch th\u01b0\u1edbc nh\u1ecf g\u1ecdn, l\u00fd t\u01b0\u1edfng cho kh\u00f4ng gian h\u1ea1n ch\u1ebf. Hai ng\u0103n k\u00e9o tr\u00f4ng nh\u01b0 treo l\u01a1 l\u1eedng mang l\u1ea1i c\u1ea3m gi\u00e1c nh\u1eb9 nh\u00e0ng\/ Referencing 1950s furniture, it features compact dimensions, perfect for small spaces. Its two seemingly floating drawers create a sense of lightness.  Th\u00f4ng tin s\u1ea3n ph\u1ea9m\/\u00a0Product information M\u00e0u s\u1eafc\/\u00a0Color: G\u1ed7 t\u1ef1 nhi\u00ean\/\u00a0Natural wood Ch\u1ea5t li\u1ec7u\/\u00a0Materials M\u1eb7t b\u00e0n\/\u00a0Top: G\u1ed7 s\u1ed3i nguy\u00ean kh\u1ed1i, veneer s\u1ed3i &amp; MDF\/\u00a0Solid oak, oak veneer &amp; MDF Ch\u00e2n\/\u00a0Leg(s):\u00a0G\u1ed7 s\u1ed3i nguy\u00ean kh\u1ed1i\/\u00a0Solid oak Ng\u0103n k\u00e9o\/\u00a0Drawer: Ray tr\u01b0\u1ee3t kim lo\u1ea1i\/\u00a0Metal slide rail - Soft close Ho\u00e0n thi\u1ec7n\/\u00a0Finishing: Tr\u01a1n nh\u1eb5n\/ Smooth K\u00edch th\u01b0\u1edbc\/\u00a0Dimensions: W110 x D55 x H73cm Ch\u1ee9ng nh\u1eadn\/Certification: FSC 100%  B\u1ed9 s\u01b0u t\u1eadp\/\u00a0Collection: Kh\u00f4ng c\u00f3\/\u00a0None Phong c\u00e1ch\/\u00a0Style: Casanh\u00e0  Ch\u00e2n c\u00f3 th\u1ec3 \u0111i\u1ec1u ch\u1ec9nh\/\u00a0Adjustable legs: \u0110\u00fang\/ Yes  C\u00e2n n\u1eb7ng\/\u00a0Weight: 34kg Bao b\u00ec\/\u00a0Packaging: 2 cartons (W114 x D68 x H17cm - W62 x D45 x H34.5cm) Y\u00eau c\u1ea7u l\u1eafp r\u00e1p\/Assembly required: \u0110\u00fang\/\u00a0Yes N\u01b0\u1edbc xu\u1ea5t x\u1ee9\/\u00a0Country of origin: Vi\u1ec7t Nam\/\u00a0Vietnam","og_url":"https:\/\/casanha.com\/vi\/san-pham\/zoula-ban-lam-viec\/","og_site_name":"Casanha","article_publisher":"https:\/\/www.facebook.com\/CasanhaHome","article_modified_time":"2026-04-07T06:05:04+00:00","og_image":[{"width":600,"height":600,"url":"https:\/\/casanha-beta.s3.ap-southeast-1.amazonaws.com\/2024\/08\/Zoula-desk-raw-oak-2.jpeg","type":"image\/jpeg"}],"twitter_card":"summary_large_image","schema":{"@context":"https:\/\/schema.org","@graph":[{"@type":"WebPage","@id":"https:\/\/casanha.com\/product\/zoula-ban-lam-viec\/","url":"https:\/\/casanha.com\/product\/zoula-ban-lam-viec\/","name":"ZOULA - B\u00c0N L\u00c0M VI\u1ec6C - Casanha","isPartOf":{"@id":"https:\/\/casanha.com\/vi\/#website"},"primaryImageOfPage":{"@id":"https:\/\/casanha.com\/product\/zoula-ban-lam-viec\/#primaryimage"},"image":{"@id":"https:\/\/casanha.com\/product\/zoula-ban-lam-viec\/#primaryimage"},"thumbnailUrl":"https:\/\/casanha-beta.s3.ap-southeast-1.amazonaws.com\/2024\/08\/Zoula-desk-raw-oak-2.jpeg","datePublished":"2024-08-10T05:26:10+00:00","dateModified":"2026-04-07T06:05:04+00:00","breadcrumb":{"@id":"https:\/\/casanha.com\/product\/zoula-ban-lam-viec\/#breadcrumb"},"inLanguage":"vi","potentialAction":[{"@type":"ReadAction","target":["https:\/\/casanha.com\/product\/zoula-ban-lam-viec\/"]}]},{"@type":"ImageObject","inLanguage":"vi","@id":"https:\/\/casanha.com\/product\/zoula-ban-lam-viec\/#primaryimage","url":"https:\/\/casanha-beta.s3.ap-southeast-1.amazonaws.com\/2024\/08\/Zoula-desk-raw-oak-2.jpeg","contentUrl":"https:\/\/casanha-beta.s3.ap-southeast-1.amazonaws.com\/2024\/08\/Zoula-desk-raw-oak-2.jpeg","width":600,"height":600},{"@type":"BreadcrumbList","@id":"https:\/\/casanha.com\/product\/zoula-ban-lam-viec\/#breadcrumb","itemListElement":[{"@type":"ListItem","position":1,"name":"Home","item":"https:\/\/casanha.com\/"},{"@type":"ListItem","position":2,"name":"C\u1eeda h\u00e0ng","item":"https:\/\/casanha.com\/vi\/cua-hang\/"},{"@type":"ListItem","position":3,"name":"ZOULA &#8211; B\u00c0N L\u00c0M VI\u1ec6C"}]},{"@type":"WebSite","@id":"https:\/\/casanha.com\/vi\/#website","url":"https:\/\/casanha.com\/vi\/","name":"Casanha","description":"Home Decor &amp; Furniture","publisher":{"@id":"https:\/\/casanha.com\/vi\/#organization"},"potentialAction":[{"@type":"SearchAction","target":{"@type":"EntryPoint","urlTemplate":"https:\/\/casanha.com\/vi\/?s={search_term_string}"},"query-input":{"@type":"PropertyValueSpecification","valueRequired":true,"valueName":"search_term_string"}}],"inLanguage":"vi"},{"@type":"Organization","@id":"https:\/\/casanha.com\/vi\/#organization","name":"Casanha","url":"https:\/\/casanha.com\/vi\/","logo":{"@type":"ImageObject","inLanguage":"vi","@id":"https:\/\/casanha.com\/vi\/#\/schema\/logo\/image\/","url":"https:\/\/casanha-beta.s3.ap-southeast-1.amazonaws.com\/2026\/02\/logo-2026.jpg","contentUrl":"https:\/\/casanha-beta.s3.ap-southeast-1.amazonaws.com\/2026\/02\/logo-2026.jpg","width":1500,"height":1500,"caption":"Casanha"},"image":{"@id":"https:\/\/casanha.com\/vi\/#\/schema\/logo\/image\/"},"sameAs":["https:\/\/www.facebook.com\/CasanhaHome","https:\/\/www.instagram.com\/casanhahome\/","https:\/\/www.youtube.com\/@casanha","https:\/\/www.tiktok.com\/@casanha.com","https:\/\/zalo.me\/casanhahome"]}]}},"_links":{"self":[{"href":"https:\/\/casanha.com\/vi\/wp-json\/wp\/v2\/product\/66276","targetHints":{"allow":["GET"]}}],"collection":[{"href":"https:\/\/casanha.com\/vi\/wp-json\/wp\/v2\/product"}],"about":[{"href":"https:\/\/casanha.com\/vi\/wp-json\/wp\/v2\/types\/product"}],"replies":[{"embeddable":true,"href":"https:\/\/casanha.com\/vi\/wp-json\/wp\/v2\/comments?post=66276"}],"version-history":[{"count":7,"href":"https:\/\/casanha.com\/vi\/wp-json\/wp\/v2\/product\/66276\/revisions"}],"predecessor-version":[{"id":107576,"href":"https:\/\/casanha.com\/vi\/wp-json\/wp\/v2\/product\/66276\/revisions\/107576"}],"wp:featuredmedia":[{"embeddable":true,"href":"https:\/\/casanha.com\/vi\/wp-json\/wp\/v2\/media\/107659"}],"wp:attachment":[{"href":"https:\/\/casanha.com\/vi\/wp-json\/wp\/v2\/media?parent=66276"}],"wp:term":[{"taxonomy":"product_brand","embeddable":true,"href":"https:\/\/casanha.com\/vi\/wp-json\/wp\/v2\/product_brand?post=66276"},{"taxonomy":"product_cat","embeddable":true,"href":"https:\/\/casanha.com\/vi\/wp-json\/wp\/v2\/product_cat?post=66276"},{"taxonomy":"product_tag","embeddable":true,"href":"https:\/\/casanha.com\/vi\/wp-json\/wp\/v2\/product_tag?post=66276"}],"curies":[{"name":"wp","href":"https:\/\/api.w.org\/{rel}","templated":true}]}}