{"id":65552,"date":"2024-08-01T17:35:09","date_gmt":"2024-08-01T10:35:09","guid":{"rendered":"https:\/\/casanha.com\/product\/cozo-ban-ca-phe\/"},"modified":"2026-04-07T12:13:48","modified_gmt":"2026-04-07T05:13:48","slug":"cozo-ban-ca-phe","status":"publish","type":"product","link":"https:\/\/casanha.com\/vi\/san-pham\/cozo-ban-ca-phe\/","title":{"rendered":"COZO &#8211; B\u00c0N C\u00c0 PH\u00ca"},"content":{"rendered":"<p><strong>PHONG C\u00c1CH \u0110A D\u1ea0NG\/<em> ECLECTIC<\/em><\/strong><\/p>\n<p data-start=\"82\" data-end=\"244\">Phong c\u00e1ch v\u00e0 c\u00e1ch b\u00e0i tr\u00ed s\u1ea3n ph\u1ea9m c\u1ee7a ch\u00fang t\u00f4i. Ch\u00fang t\u00f4i h\u01b0\u1edbng t\u1edbi s\u1ef1 kh\u00e1c bi\u1ec7t v\u00e0 kh\u00f4ng ng\u1ea1i n\u1ed5i b\u1eadt. Ch\u00fang t\u00f4i h\u01b0\u1edbng t\u1edbi s\u1ef1 \u0111\u1ed9c \u0111\u00e1o v\u00e0 phong c\u00e1ch \u0111a d\u1ea1ng\/ <em>Style and preposition of the items. We are set to be distinguished, and we aren\u2019t afraid of being different. <\/em><em>We are set for uniqueness and eclecticism.<\/em><\/p>","protected":false},"excerpt":{"rendered":"<p>Chi\u1ebfc b\u00e0n tr\u00e0 tr\u00f2n nh\u1ecf \u0111\u01b0\u1ee3c l\u00e0m ho\u00e0n to\u00e0n t\u1eeb terrazzo, v\u1edbi c\u00e1c h\u1ea1t m\u00e0u xanh v\u00e0 terracotta, mang \u0111\u1ebfn n\u00e9t sinh \u0111\u1ed9ng v\u00e0 pha tr\u1ed9n phong c\u00e1ch \u0111\u1ed9c \u0111\u00e1o\/ <em>A charming small round coffee table made entirely from terrazzo, featuring blue and terracotta grains for a vibrant, eclectic touch<\/em><\/p>\n<p><strong>Th\u00f4ng tin s\u1ea3n ph\u1ea9m\/ <em>Th\u00f4ng tin<\/em> <em>information<\/em><\/strong><br \/>\nM\u00e0u s\u1eafc \/ <em>M\u00e0u s\u1eafc<\/em> : Tr\u1eafng, Xanh &amp; H\u1ed3ng\/ <em>White, blue &amp; pink<\/em><br \/>\nCh\u1ea5t li\u1ec7u\/ <em>Ch\u1ea5t li\u1ec7u<\/em><br \/>\nM\u1eb7t b\u00e0n\/ <em>Top<\/em>: \u0110\u00e1 Terrazo\/ <em>Terrazo<\/em><br \/>\nCh\u00e2n\/ <em>Leg(s)<\/em>: \u0110\u00e1 Terrazo\/ <em>Terrazo<\/em><br \/>\nHo\u00e0n thi\u1ec7n\/ <em>Finishing<\/em>: Tr\u01a1n nh\u1eb5n\/ <em>Smooth<\/em><br \/>\nK\u00edch th\u01b0\u1edbc\/ <em>K\u00edch th\u01b0\u1edbc:<\/em>: D60 x H36cm<\/p>\n<p>B\u1ed9 s\u01b0u t\u1eadp\/ <em>Collection<\/em>: Kh\u00f4ng c\u00f3\/ <em>Kh\u00f4ng c\u00f3<\/em><br \/>\nPhong c\u00e1ch\/ <em>Phong c\u00e1ch<\/em>: Casanh\u00e0<\/p>\n<p>\u0110\u1eb7t h\u00e0ng tr\u01b0\u1edbc\/ <em>Backorder<\/em> : \u0110\u00fang\/ <em>Yes<\/em><br \/>\nTh\u1eddi gian d\u1eabn\/ <em>Lead time<\/em> : 4-5 Tu\u1ea7n\/ <em>Weeks<\/em><br \/>\nCh\u00e2n c\u00f3 th\u1ec3 \u0111i\u1ec1u ch\u1ec9nh\/ <em>Adjustable legs<\/em>: Kh\u00f4ng\/ <em>No<\/em><\/p>\n<p>C\u00e2n n\u1eb7ng\/ <em>Weight<\/em>: 36.5kg<br \/>\nBao b\u00ec\/ <em>Packaging<\/em>: 2 cartons (W69 x D69 x H10cm &#8211; W49 x D49 x h46cm)<br \/>\nY\u00eau c\u1ea7u l\u1eafp r\u00e1p\/<em>Assembly required<\/em>: \u0110\u00fang\/ <em>Yes<\/em><br \/>\nN\u01b0\u1edbc xu\u1ea5t x\u1ee9\/ <em>Country of origin<\/em>: Vi\u1ec7t Nam\/ <em>Vi\u1ec7t Nam<\/em><\/p>","protected":false},"featured_media":104069,"comment_status":"open","ping_status":"closed","template":"","meta":[],"product_brand":[18],"product_cat":[3062,2502],"product_tag":[],"class_list":{"0":"post-65552","1":"product","2":"type-product","3":"status-publish","4":"has-post-thumbnail","6":"product_brand-nomanha","7":"product_cat-whitewashed-horizon","8":"product_cat-coffee-table","9":"product_shipping_class-heavy-packages","11":"first","12":"instock","13":"shipping-taxable","14":"purchasable","15":"product-type-simple"},"yoast_head":"<!-- This site is optimized with the Yoast SEO plugin v27.1.1 - https:\/\/yoast.com\/product\/yoast-seo-wordpress\/ -->\n<title>COZO - B\u00c0N C\u00c0 PH\u00ca - Casanha<\/title>\n<meta name=\"robots\" content=\"index, follow, max-snippet:-1, max-image-preview:large, max-video-preview:-1\" \/>\n<link rel=\"canonical\" href=\"https:\/\/casanha.com\/vi\/san-pham\/cozo-ban-ca-phe\/\" \/>\n<meta property=\"og:locale\" content=\"vi_VN\" \/>\n<meta property=\"og:type\" content=\"article\" \/>\n<meta property=\"og:title\" content=\"COZO - B\u00c0N C\u00c0 PH\u00ca - Casanha\" \/>\n<meta property=\"og:description\" content=\"Chi\u1ebfc b\u00e0n tr\u00e0 tr\u00f2n nh\u1ecf \u0111\u01b0\u1ee3c l\u00e0m ho\u00e0n to\u00e0n t\u1eeb terrazzo, v\u1edbi c\u00e1c h\u1ea1t m\u00e0u xanh v\u00e0 terracotta, mang \u0111\u1ebfn n\u00e9t sinh \u0111\u1ed9ng v\u00e0 pha tr\u1ed9n phong c\u00e1ch \u0111\u1ed9c \u0111\u00e1o\/ A charming small round coffee table made entirely from terrazzo, featuring blue and terracotta grains for a vibrant, eclectic touch  Th\u00f4ng tin s\u1ea3n ph\u1ea9m\/ Product information M\u00e0u s\u1eafc \/ Color : Tr\u1eafng, Xanh &amp; H\u1ed3ng\/ White, blue &amp; pink Ch\u1ea5t li\u1ec7u\/ Materials M\u1eb7t b\u00e0n\/ Top: \u0110\u00e1 Terrazo\/ Terrazo Ch\u00e2n\/ Leg(s): \u0110\u00e1 Terrazo\/ Terrazo Ho\u00e0n thi\u1ec7n\/ Finishing: Tr\u01a1n nh\u1eb5n\/ Smooth K\u00edch th\u01b0\u1edbc\/ Dimensions: D60 x H36cm  B\u1ed9 s\u01b0u t\u1eadp\/ Collection: Kh\u00f4ng c\u00f3\/ None Phong c\u00e1ch\/ Style: Casanh\u00e0  \u0110\u1eb7t h\u00e0ng tr\u01b0\u1edbc\/ Backorder : \u0110\u00fang\/ Yes Th\u1eddi gian d\u1eabn\/ Lead time : 4-5 Tu\u1ea7n\/ Weeks Ch\u00e2n c\u00f3 th\u1ec3 \u0111i\u1ec1u ch\u1ec9nh\/ Adjustable legs: Kh\u00f4ng\/ No  C\u00e2n n\u1eb7ng\/ Weight: 36.5kg Bao b\u00ec\/ Packaging: 2 cartons (W69 x D69 x H10cm - W49 x D49 x h46cm) Y\u00eau c\u1ea7u l\u1eafp r\u00e1p\/Assembly required: \u0110\u00fang\/ Yes N\u01b0\u1edbc xu\u1ea5t x\u1ee9\/ Country of origin: Vi\u1ec7t Nam\/ Vietnam\" \/>\n<meta property=\"og:url\" content=\"https:\/\/casanha.com\/vi\/san-pham\/cozo-ban-ca-phe\/\" \/>\n<meta property=\"og:site_name\" content=\"Casanha\" \/>\n<meta property=\"article:publisher\" content=\"https:\/\/www.facebook.com\/CasanhaHome\" \/>\n<meta property=\"article:modified_time\" content=\"2026-04-07T05:13:48+00:00\" \/>\n<meta property=\"og:image\" content=\"https:\/\/casanha-beta.s3.ap-southeast-1.amazonaws.com\/2025\/08\/kiotviet_c369a9c52ee92f5df2347e1fbc4d549f.jpg\" \/>\n\t<meta property=\"og:image:width\" content=\"600\" \/>\n\t<meta property=\"og:image:height\" content=\"600\" \/>\n\t<meta property=\"og:image:type\" content=\"image\/jpeg\" \/>\n<meta name=\"twitter:card\" content=\"summary_large_image\" \/>\n<script type=\"application\/ld+json\" class=\"yoast-schema-graph\">{\"@context\":\"https:\/\/schema.org\",\"@graph\":[{\"@type\":\"WebPage\",\"@id\":\"https:\/\/casanha.com\/product\/cozo-ban-ca-phe\/\",\"url\":\"https:\/\/casanha.com\/product\/cozo-ban-ca-phe\/\",\"name\":\"COZO - B\u00c0N C\u00c0 PH\u00ca - Casanha\",\"isPartOf\":{\"@id\":\"https:\/\/casanha.com\/vi\/#website\"},\"primaryImageOfPage\":{\"@id\":\"https:\/\/casanha.com\/product\/cozo-ban-ca-phe\/#primaryimage\"},\"image\":{\"@id\":\"https:\/\/casanha.com\/product\/cozo-ban-ca-phe\/#primaryimage\"},\"thumbnailUrl\":\"https:\/\/casanha-beta.s3.ap-southeast-1.amazonaws.com\/2025\/08\/kiotviet_c369a9c52ee92f5df2347e1fbc4d549f.jpg\",\"datePublished\":\"2024-08-01T10:35:09+00:00\",\"dateModified\":\"2026-04-07T05:13:48+00:00\",\"breadcrumb\":{\"@id\":\"https:\/\/casanha.com\/product\/cozo-ban-ca-phe\/#breadcrumb\"},\"inLanguage\":\"vi\",\"potentialAction\":[{\"@type\":\"ReadAction\",\"target\":[\"https:\/\/casanha.com\/product\/cozo-ban-ca-phe\/\"]}]},{\"@type\":\"ImageObject\",\"inLanguage\":\"vi\",\"@id\":\"https:\/\/casanha.com\/product\/cozo-ban-ca-phe\/#primaryimage\",\"url\":\"https:\/\/casanha-beta.s3.ap-southeast-1.amazonaws.com\/2025\/08\/kiotviet_c369a9c52ee92f5df2347e1fbc4d549f.jpg\",\"contentUrl\":\"https:\/\/casanha-beta.s3.ap-southeast-1.amazonaws.com\/2025\/08\/kiotviet_c369a9c52ee92f5df2347e1fbc4d549f.jpg\",\"width\":600,\"height\":600},{\"@type\":\"BreadcrumbList\",\"@id\":\"https:\/\/casanha.com\/product\/cozo-ban-ca-phe\/#breadcrumb\",\"itemListElement\":[{\"@type\":\"ListItem\",\"position\":1,\"name\":\"Home\",\"item\":\"https:\/\/casanha.com\/\"},{\"@type\":\"ListItem\",\"position\":2,\"name\":\"C\u1eeda h\u00e0ng\",\"item\":\"https:\/\/casanha.com\/vi\/cua-hang\/\"},{\"@type\":\"ListItem\",\"position\":3,\"name\":\"COZO &#8211; B\u00c0N C\u00c0 PH\u00ca\"}]},{\"@type\":\"WebSite\",\"@id\":\"https:\/\/casanha.com\/vi\/#website\",\"url\":\"https:\/\/casanha.com\/vi\/\",\"name\":\"Casanha\",\"description\":\"Home Decor &amp; Furniture\",\"publisher\":{\"@id\":\"https:\/\/casanha.com\/vi\/#organization\"},\"potentialAction\":[{\"@type\":\"SearchAction\",\"target\":{\"@type\":\"EntryPoint\",\"urlTemplate\":\"https:\/\/casanha.com\/vi\/?s={search_term_string}\"},\"query-input\":{\"@type\":\"PropertyValueSpecification\",\"valueRequired\":true,\"valueName\":\"search_term_string\"}}],\"inLanguage\":\"vi\"},{\"@type\":\"Organization\",\"@id\":\"https:\/\/casanha.com\/vi\/#organization\",\"name\":\"Casanha\",\"url\":\"https:\/\/casanha.com\/vi\/\",\"logo\":{\"@type\":\"ImageObject\",\"inLanguage\":\"vi\",\"@id\":\"https:\/\/casanha.com\/vi\/#\/schema\/logo\/image\/\",\"url\":\"https:\/\/casanha-beta.s3.ap-southeast-1.amazonaws.com\/2026\/02\/logo-2026.jpg\",\"contentUrl\":\"https:\/\/casanha-beta.s3.ap-southeast-1.amazonaws.com\/2026\/02\/logo-2026.jpg\",\"width\":1500,\"height\":1500,\"caption\":\"Casanha\"},\"image\":{\"@id\":\"https:\/\/casanha.com\/vi\/#\/schema\/logo\/image\/\"},\"sameAs\":[\"https:\/\/www.facebook.com\/CasanhaHome\",\"https:\/\/www.instagram.com\/casanhahome\/\",\"https:\/\/www.youtube.com\/@casanha\",\"https:\/\/www.tiktok.com\/@casanha.com\",\"https:\/\/zalo.me\/casanhahome\"]}]}<\/script>\n<!-- \/ Yoast SEO plugin. -->","yoast_head_json":{"title":"COZO - B\u00c0N C\u00c0 PH\u00ca - Casanha","robots":{"index":"index","follow":"follow","max-snippet":"max-snippet:-1","max-image-preview":"max-image-preview:large","max-video-preview":"max-video-preview:-1"},"canonical":"https:\/\/casanha.com\/vi\/san-pham\/cozo-ban-ca-phe\/","og_locale":"vi_VN","og_type":"article","og_title":"COZO - B\u00c0N C\u00c0 PH\u00ca - Casanha","og_description":"Chi\u1ebfc b\u00e0n tr\u00e0 tr\u00f2n nh\u1ecf \u0111\u01b0\u1ee3c l\u00e0m ho\u00e0n to\u00e0n t\u1eeb terrazzo, v\u1edbi c\u00e1c h\u1ea1t m\u00e0u xanh v\u00e0 terracotta, mang \u0111\u1ebfn n\u00e9t sinh \u0111\u1ed9ng v\u00e0 pha tr\u1ed9n phong c\u00e1ch \u0111\u1ed9c \u0111\u00e1o\/ A charming small round coffee table made entirely from terrazzo, featuring blue and terracotta grains for a vibrant, eclectic touch  Th\u00f4ng tin s\u1ea3n ph\u1ea9m\/ Product information M\u00e0u s\u1eafc \/ Color : Tr\u1eafng, Xanh &amp; H\u1ed3ng\/ White, blue &amp; pink Ch\u1ea5t li\u1ec7u\/ Materials M\u1eb7t b\u00e0n\/ Top: \u0110\u00e1 Terrazo\/ Terrazo Ch\u00e2n\/ Leg(s): \u0110\u00e1 Terrazo\/ Terrazo Ho\u00e0n thi\u1ec7n\/ Finishing: Tr\u01a1n nh\u1eb5n\/ Smooth K\u00edch th\u01b0\u1edbc\/ Dimensions: D60 x H36cm  B\u1ed9 s\u01b0u t\u1eadp\/ Collection: Kh\u00f4ng c\u00f3\/ None Phong c\u00e1ch\/ Style: Casanh\u00e0  \u0110\u1eb7t h\u00e0ng tr\u01b0\u1edbc\/ Backorder : \u0110\u00fang\/ Yes Th\u1eddi gian d\u1eabn\/ Lead time : 4-5 Tu\u1ea7n\/ Weeks Ch\u00e2n c\u00f3 th\u1ec3 \u0111i\u1ec1u ch\u1ec9nh\/ Adjustable legs: Kh\u00f4ng\/ No  C\u00e2n n\u1eb7ng\/ Weight: 36.5kg Bao b\u00ec\/ Packaging: 2 cartons (W69 x D69 x H10cm - W49 x D49 x h46cm) Y\u00eau c\u1ea7u l\u1eafp r\u00e1p\/Assembly required: \u0110\u00fang\/ Yes N\u01b0\u1edbc xu\u1ea5t x\u1ee9\/ Country of origin: Vi\u1ec7t Nam\/ Vietnam","og_url":"https:\/\/casanha.com\/vi\/san-pham\/cozo-ban-ca-phe\/","og_site_name":"Casanha","article_publisher":"https:\/\/www.facebook.com\/CasanhaHome","article_modified_time":"2026-04-07T05:13:48+00:00","og_image":[{"width":600,"height":600,"url":"https:\/\/casanha-beta.s3.ap-southeast-1.amazonaws.com\/2025\/08\/kiotviet_c369a9c52ee92f5df2347e1fbc4d549f.jpg","type":"image\/jpeg"}],"twitter_card":"summary_large_image","schema":{"@context":"https:\/\/schema.org","@graph":[{"@type":"WebPage","@id":"https:\/\/casanha.com\/product\/cozo-ban-ca-phe\/","url":"https:\/\/casanha.com\/product\/cozo-ban-ca-phe\/","name":"COZO - B\u00c0N C\u00c0 PH\u00ca - Casanha","isPartOf":{"@id":"https:\/\/casanha.com\/vi\/#website"},"primaryImageOfPage":{"@id":"https:\/\/casanha.com\/product\/cozo-ban-ca-phe\/#primaryimage"},"image":{"@id":"https:\/\/casanha.com\/product\/cozo-ban-ca-phe\/#primaryimage"},"thumbnailUrl":"https:\/\/casanha-beta.s3.ap-southeast-1.amazonaws.com\/2025\/08\/kiotviet_c369a9c52ee92f5df2347e1fbc4d549f.jpg","datePublished":"2024-08-01T10:35:09+00:00","dateModified":"2026-04-07T05:13:48+00:00","breadcrumb":{"@id":"https:\/\/casanha.com\/product\/cozo-ban-ca-phe\/#breadcrumb"},"inLanguage":"vi","potentialAction":[{"@type":"ReadAction","target":["https:\/\/casanha.com\/product\/cozo-ban-ca-phe\/"]}]},{"@type":"ImageObject","inLanguage":"vi","@id":"https:\/\/casanha.com\/product\/cozo-ban-ca-phe\/#primaryimage","url":"https:\/\/casanha-beta.s3.ap-southeast-1.amazonaws.com\/2025\/08\/kiotviet_c369a9c52ee92f5df2347e1fbc4d549f.jpg","contentUrl":"https:\/\/casanha-beta.s3.ap-southeast-1.amazonaws.com\/2025\/08\/kiotviet_c369a9c52ee92f5df2347e1fbc4d549f.jpg","width":600,"height":600},{"@type":"BreadcrumbList","@id":"https:\/\/casanha.com\/product\/cozo-ban-ca-phe\/#breadcrumb","itemListElement":[{"@type":"ListItem","position":1,"name":"Home","item":"https:\/\/casanha.com\/"},{"@type":"ListItem","position":2,"name":"C\u1eeda h\u00e0ng","item":"https:\/\/casanha.com\/vi\/cua-hang\/"},{"@type":"ListItem","position":3,"name":"COZO &#8211; B\u00c0N C\u00c0 PH\u00ca"}]},{"@type":"WebSite","@id":"https:\/\/casanha.com\/vi\/#website","url":"https:\/\/casanha.com\/vi\/","name":"Casanha","description":"Home Decor &amp; Furniture","publisher":{"@id":"https:\/\/casanha.com\/vi\/#organization"},"potentialAction":[{"@type":"SearchAction","target":{"@type":"EntryPoint","urlTemplate":"https:\/\/casanha.com\/vi\/?s={search_term_string}"},"query-input":{"@type":"PropertyValueSpecification","valueRequired":true,"valueName":"search_term_string"}}],"inLanguage":"vi"},{"@type":"Organization","@id":"https:\/\/casanha.com\/vi\/#organization","name":"Casanha","url":"https:\/\/casanha.com\/vi\/","logo":{"@type":"ImageObject","inLanguage":"vi","@id":"https:\/\/casanha.com\/vi\/#\/schema\/logo\/image\/","url":"https:\/\/casanha-beta.s3.ap-southeast-1.amazonaws.com\/2026\/02\/logo-2026.jpg","contentUrl":"https:\/\/casanha-beta.s3.ap-southeast-1.amazonaws.com\/2026\/02\/logo-2026.jpg","width":1500,"height":1500,"caption":"Casanha"},"image":{"@id":"https:\/\/casanha.com\/vi\/#\/schema\/logo\/image\/"},"sameAs":["https:\/\/www.facebook.com\/CasanhaHome","https:\/\/www.instagram.com\/casanhahome\/","https:\/\/www.youtube.com\/@casanha","https:\/\/www.tiktok.com\/@casanha.com","https:\/\/zalo.me\/casanhahome"]}]}},"_links":{"self":[{"href":"https:\/\/casanha.com\/vi\/wp-json\/wp\/v2\/product\/65552","targetHints":{"allow":["GET"]}}],"collection":[{"href":"https:\/\/casanha.com\/vi\/wp-json\/wp\/v2\/product"}],"about":[{"href":"https:\/\/casanha.com\/vi\/wp-json\/wp\/v2\/types\/product"}],"replies":[{"embeddable":true,"href":"https:\/\/casanha.com\/vi\/wp-json\/wp\/v2\/comments?post=65552"}],"version-history":[{"count":5,"href":"https:\/\/casanha.com\/vi\/wp-json\/wp\/v2\/product\/65552\/revisions"}],"predecessor-version":[{"id":107358,"href":"https:\/\/casanha.com\/vi\/wp-json\/wp\/v2\/product\/65552\/revisions\/107358"}],"wp:featuredmedia":[{"embeddable":true,"href":"https:\/\/casanha.com\/vi\/wp-json\/wp\/v2\/media\/104069"}],"wp:attachment":[{"href":"https:\/\/casanha.com\/vi\/wp-json\/wp\/v2\/media?parent=65552"}],"wp:term":[{"taxonomy":"product_brand","embeddable":true,"href":"https:\/\/casanha.com\/vi\/wp-json\/wp\/v2\/product_brand?post=65552"},{"taxonomy":"product_cat","embeddable":true,"href":"https:\/\/casanha.com\/vi\/wp-json\/wp\/v2\/product_cat?post=65552"},{"taxonomy":"product_tag","embeddable":true,"href":"https:\/\/casanha.com\/vi\/wp-json\/wp\/v2\/product_tag?post=65552"}],"curies":[{"name":"wp","href":"https:\/\/api.w.org\/{rel}","templated":true}]}}