{"id":61347,"date":"2024-05-09T11:59:00","date_gmt":"2024-05-09T04:59:00","guid":{"rendered":"https:\/\/casanha.com\/product\/tisal-tu-tv\/"},"modified":"2026-04-01T11:04:54","modified_gmt":"2026-04-01T04:04:54","slug":"tisal-tu-tv","status":"publish","type":"product","link":"https:\/\/casanha.com\/vi\/san-pham\/tisal-tu-tv\/","title":{"rendered":"TISAL &#8211; T\u1ee6 TV"},"content":{"rendered":"<p><strong>PHONG C\u00c1CH \u0110A D\u1ea0NG\/<em> ECLECTIC<\/em><\/strong><\/p>\n<p data-start=\"82\" data-end=\"244\">Phong c\u00e1ch v\u00e0 c\u00e1ch b\u00e0i tr\u00ed s\u1ea3n ph\u1ea9m c\u1ee7a ch\u00fang t\u00f4i. Ch\u00fang t\u00f4i h\u01b0\u1edbng t\u1edbi s\u1ef1 kh\u00e1c bi\u1ec7t v\u00e0 kh\u00f4ng ng\u1ea1i n\u1ed5i b\u1eadt. Ch\u00fang t\u00f4i h\u01b0\u1edbng t\u1edbi s\u1ef1 \u0111\u1ed9c \u0111\u00e1o v\u00e0 phong c\u00e1ch \u0111a d\u1ea1ng\/ <em>Style and preposition of the items. We are set to be distinguished, and we aren\u2019t afraid of being different. <\/em><em>We are set for uniqueness and eclecticism.<\/em><\/p>\n<p><strong>IN QUEST OF INNOVATION &amp; CREATIVITY\/ <\/strong><strong><em>TRUY T\u00ccM S\u1ef0 \u0110\u1ed4I M\u1edaI &amp; S\u00c1NG T\u1ea0O<\/em><\/strong><\/p>\n<p>Casanh\u00e0 l\u00e0 m\u1ed9t c\u00f4ng ty c\u00f3 tr\u1ee5 s\u1edf t\u1ea1i S\u00e0i G\u00f2n, lu\u00f4n n\u1ed7 l\u1ef1c h\u1ee3p t\u00e1c c\u00f9ng c\u00e1c \u0111\u1ed1i t\u00e1c tr\u00ean to\u00e0n th\u1ebf gi\u1edbi \u0111\u1ec3 mang \u0111\u1ebfn nh\u1eefng s\u1ea3n ph\u1ea9m n\u1ed9i th\u1ea5t tinh t\u1ebf, ti\u1ec7n d\u1ee5ng, b\u1eaft k\u1ecbp xu h\u01b0\u1edbng hi\u1ec7n \u0111\u1ea1i nh\u01b0ng v\u1eabn gi\u1eef \u0111\u01b0\u1ee3c n\u00e9t truy\u1ec1n th\u1ed1ng c\u1ee7a g\u1ed7 t\u1ef1 nhi\u00ean v\u00e0 tay ngh\u1ec1 th\u1ee7 c\u00f4ng tinh x\u1ea3o. Ch\u00fang t\u00f4i tin r\u1eb1ng c\u00e1c s\u1ea3n ph\u1ea9m c\u1ee7a m\u00ecnh mang trong ch\u00fang n\u00e9t c\u00e1 t\u00ednh ri\u00eang bi\u1ec7t, \u0111\u01b0\u1ee3c t\u1ea1o n\u00ean t\u1eeb s\u1ef1 tr\u00e2n tr\u1ecdng ch\u1ea5t l\u01b0\u1ee3ng v\u00e0 kh\u00f4ng b\u1ecb r\u00e0ng bu\u1ed9c b\u1edfi gi\u00e1 c\u1ea3. Ch\u00ednh \u0111i\u1ec1u \u0111\u00f3 th\u1ec3 hi\u1ec7n c\u00e1ch ch\u00fang \u0111\u01b0\u1ee3c ch\u1ebf t\u00e1c v\u00e0 gi\u00fap ch\u00fang n\u1ed5i b\u1eadt gi\u1eefa th\u1ecb tr\u01b0\u1eddng hi\u1ec7n nay\/ <em>Casanh\u00e0 is a Saigon-based company that works tirelessly with partners all over the world to fulfill the need to have fine and well-functioned home goods with the latest in trend, combined with a traditional sense of fine woods and fine craftsmanship.We believe that our products have an inherent individuality, with the appreciation of quality and the lack of price constraints, revealing how they have been made, setting them apart from the current market.<\/em><\/p>","protected":false},"excerpt":{"rendered":"<p data-start=\"36\" data-end=\"399\">Thanh tho\u00e1t v\u00e0 tinh t\u1ebf, <strong data-start=\"448\" data-end=\"465\">k\u1ec7 tivi Tisal<\/strong> k\u1ebft h\u1ee3p gi\u1eefa tinh th\u1ea7n \u0111\u01b0\u01a1ng \u0111\u1ea1i v\u00e0 ngh\u1ec7 thu\u1eadt th\u1ee7 c\u00f4ng truy\u1ec1n th\u1ed1ng.<br data-start=\"535\" data-end=\"538\" \/>M\u1eb7t b\u00e0n v\u00e1t c\u1ea1nh, thanh gi\u1eb1ng trung t\u00e2m v\u00e0 ch\u00e2n b\u00e0n l\u1ed3ng gh\u00e9p \u2014 t\u1ea5t c\u1ea3 \u0111\u1ec1u l\u00e0 nh\u1eefng \u0111\u1eb7c tr\u01b0ng t\u1ea1o n\u00ean thi\u1ebft k\u1ebf hi\u1ec7n \u0111\u1ea1i nh\u01b0ng v\u01b0\u1ee3t th\u1eddi gian c\u1ee7a s\u1ea3n ph\u1ea9m. H\u1ecda ti\u1ebft n\u1ed5i tr\u00ean b\u1ed1n c\u00e1nh c\u1eeda g\u1ee3i nh\u1edb \u0111\u1ebfn hi\u1ec7u \u1ee9ng \u0111i\u00eau kh\u1eafc \u0111\u01b0\u1ee3c t\u1ea1o ra b\u1edfi chi\u1ebfc \u0111\u1ee5c g\u1ed7 m\u00e0 c\u00e1c ngh\u1ec7 nh\u00e2n m\u1ed9c th\u01b0\u1eddng s\u1eed d\u1ee5ng\/ <em>Simple and refined, the Tisal TV stand combines contemporary spirit with traditional craftsmanship.Beveled tops, a central crossbar, and interlocking legs \u2014 all key features that define its modern yet timeless design. The textured detail on the four doors evokes the sculpted effect created by a gouge, a tool used by master cabinetmakers.<\/em><\/p>\n<p data-start=\"36\" data-end=\"399\"><strong>Th\u00f4ng tin s\u1ea3n ph\u1ea9m\/\u00a0<em>Th\u00f4ng tin<\/em>\u00a0<em>information<\/em><\/strong><br \/>\nM\u00e0u s\u1eafc\/\u00a0<em>M\u00e0u s\u1eafc<\/em>: G\u1ed7 t\u1ef1 nhi\u00ean\/\u00a0<em>natural wood<\/em><br \/>\nCh\u1ea5t li\u1ec7u\/\u00a0<em>Ch\u1ea5t li\u1ec7u<\/em><br \/>\nM\u1eb7t b\u00e0n\/\u00a0<em>Top<\/em>: G\u1ed7 s\u1ed3i nguy\u00ean kh\u1ed1i, veneer s\u1ed3i &amp; MDF\/\u00a0<em>Solid oak, oak veneer &amp; MDF<\/em><br \/>\nCh\u00e2n\/\u00a0<em>Leg(s)<\/em>: G\u1ed7 s\u1ed3i nguy\u00ean kh\u1ed1i\/\u00a0<em>Solid oak<\/em><br \/>\nC\u1eeda t\u1ee7\/\u00a0<em>Door<\/em>\u00a0\u2013 Soft close<br \/>\nHo\u00e0n thi\u1ec7n\/\u00a0<em>Finishing<\/em>: Tr\u01a1n nh\u1eb5n\/\u00a0<em>Smooth<\/em>\u00a0&#8211; Kho\u00e9t l\u1ed7\/\u00a0<em>Gouged<\/em><br \/>\nK\u00edch th\u01b0\u1edbc\/\u00a0<em>K\u00edch th\u01b0\u1edbc:<\/em>: W180 x D60 x H46cm<br \/>\nCh\u1ee9ng nh\u1eadn\/<em>Certification<\/em>: FSC 100%<\/p>\n<p>B\u1ed9 s\u01b0u t\u1eadp\/\u00a0<em>Collection<\/em>: Kh\u00f4ng c\u00f3\/\u00a0<em>Kh\u00f4ng c\u00f3<\/em><br \/>\nPhong c\u00e1ch\/\u00a0<em>Phong c\u00e1ch<\/em>: Casanh\u00e0<\/p>\n<p>Ch\u00e2n c\u00f3 th\u1ec3 \u0111i\u1ec1u ch\u1ec9nh\/\u00a0<em>Adjustable legs<\/em>: Kh\u00f4ng\/\u00a0<em>No<\/em><br \/>\nC\u00e2n n\u1eb7ng\/\u00a0<em>Weight<\/em>: 82kg<br \/>\nBao b\u00ec\/\u00a0<em>Packaging<\/em>: 2 cartons (W152 x D15 x H48cm &#8211; W198 x D57 x H55cm)<br \/>\nY\u00eau c\u1ea7u l\u1eafp r\u00e1p\/<em>Assembly required<\/em>: \u0110\u00fang\/\u00a0<em>Yes<\/em><br \/>\nN\u01b0\u1edbc xu\u1ea5t x\u1ee9\/\u00a0<em>Country of origin<\/em>: Vi\u1ec7t Nam\/\u00a0<em>Vi\u1ec7t Nam<\/em><\/p>","protected":false},"featured_media":107674,"comment_status":"open","ping_status":"closed","template":"","meta":[],"product_brand":[17],"product_cat":[3047,2508],"product_tag":[],"class_list":{"0":"post-61347","1":"product","2":"type-product","3":"status-publish","4":"has-post-thumbnail","6":"product_brand-casanha","7":"product_cat-rivage-dazur","8":"product_cat-tv-stand","9":"product_shipping_class-heavy-packages","11":"first","12":"instock","13":"shipping-taxable","14":"purchasable","15":"product-type-simple"},"yoast_head":"<!-- This site is optimized with the Yoast SEO plugin v27.1.1 - https:\/\/yoast.com\/product\/yoast-seo-wordpress\/ -->\n<title>TISAL - T\u1ee6 TV - Casanha<\/title>\n<meta name=\"robots\" content=\"index, follow, max-snippet:-1, max-image-preview:large, max-video-preview:-1\" \/>\n<link rel=\"canonical\" href=\"https:\/\/casanha.com\/vi\/san-pham\/tisal-tu-tv\/\" \/>\n<meta property=\"og:locale\" content=\"vi_VN\" \/>\n<meta property=\"og:type\" content=\"article\" \/>\n<meta property=\"og:title\" content=\"TISAL - T\u1ee6 TV - Casanha\" \/>\n<meta property=\"og:description\" content=\"Thanh tho\u00e1t v\u00e0 tinh t\u1ebf, k\u1ec7 tivi Tisal k\u1ebft h\u1ee3p gi\u1eefa tinh th\u1ea7n \u0111\u01b0\u01a1ng \u0111\u1ea1i v\u00e0 ngh\u1ec7 thu\u1eadt th\u1ee7 c\u00f4ng truy\u1ec1n th\u1ed1ng.M\u1eb7t b\u00e0n v\u00e1t c\u1ea1nh, thanh gi\u1eb1ng trung t\u00e2m v\u00e0 ch\u00e2n b\u00e0n l\u1ed3ng gh\u00e9p \u2014 t\u1ea5t c\u1ea3 \u0111\u1ec1u l\u00e0 nh\u1eefng \u0111\u1eb7c tr\u01b0ng t\u1ea1o n\u00ean thi\u1ebft k\u1ebf hi\u1ec7n \u0111\u1ea1i nh\u01b0ng v\u01b0\u1ee3t th\u1eddi gian c\u1ee7a s\u1ea3n ph\u1ea9m. H\u1ecda ti\u1ebft n\u1ed5i tr\u00ean b\u1ed1n c\u00e1nh c\u1eeda g\u1ee3i nh\u1edb \u0111\u1ebfn hi\u1ec7u \u1ee9ng \u0111i\u00eau kh\u1eafc \u0111\u01b0\u1ee3c t\u1ea1o ra b\u1edfi chi\u1ebfc \u0111\u1ee5c g\u1ed7 m\u00e0 c\u00e1c ngh\u1ec7 nh\u00e2n m\u1ed9c th\u01b0\u1eddng s\u1eed d\u1ee5ng\/ Simple and refined, the Tisal TV stand combines contemporary spirit with traditional craftsmanship.Beveled tops, a central crossbar, and interlocking legs \u2014 all key features that define its modern yet timeless design. The textured detail on the four doors evokes the sculpted effect created by a gouge, a tool used by master cabinetmakers. Th\u00f4ng tin s\u1ea3n ph\u1ea9m\/\u00a0Product\u00a0information M\u00e0u s\u1eafc\/\u00a0Color: G\u1ed7 t\u1ef1 nhi\u00ean\/\u00a0natural wood Ch\u1ea5t li\u1ec7u\/\u00a0Materials M\u1eb7t b\u00e0n\/\u00a0Top: G\u1ed7 s\u1ed3i nguy\u00ean kh\u1ed1i, veneer s\u1ed3i &amp; MDF\/\u00a0Solid oak, oak veneer &amp; MDF Ch\u00e2n\/\u00a0Leg(s): G\u1ed7 s\u1ed3i nguy\u00ean kh\u1ed1i\/\u00a0Solid oak C\u1eeda t\u1ee7\/\u00a0Door\u00a0\u2013 Soft close Ho\u00e0n thi\u1ec7n\/\u00a0Finishing: Tr\u01a1n nh\u1eb5n\/\u00a0Smooth\u00a0- Kho\u00e9t l\u1ed7\/\u00a0Gouged K\u00edch th\u01b0\u1edbc\/\u00a0Dimensions: W180 x D60 x H46cm Ch\u1ee9ng nh\u1eadn\/Certification: FSC 100% B\u1ed9 s\u01b0u t\u1eadp\/\u00a0Collection: Kh\u00f4ng c\u00f3\/\u00a0None Phong c\u00e1ch\/\u00a0Style: Casanh\u00e0  Ch\u00e2n c\u00f3 th\u1ec3 \u0111i\u1ec1u ch\u1ec9nh\/\u00a0Adjustable legs: Kh\u00f4ng\/\u00a0No C\u00e2n n\u1eb7ng\/\u00a0Weight: 82kg Bao b\u00ec\/\u00a0Packaging: 2 cartons (W152 x D15 x H48cm - W198 x D57 x H55cm) Y\u00eau c\u1ea7u l\u1eafp r\u00e1p\/Assembly required: \u0110\u00fang\/\u00a0Yes N\u01b0\u1edbc xu\u1ea5t x\u1ee9\/\u00a0Country of origin: Vi\u1ec7t Nam\/\u00a0Vietnam\" \/>\n<meta property=\"og:url\" content=\"https:\/\/casanha.com\/vi\/san-pham\/tisal-tu-tv\/\" \/>\n<meta property=\"og:site_name\" content=\"Casanha\" \/>\n<meta property=\"article:publisher\" content=\"https:\/\/www.facebook.com\/CasanhaHome\" \/>\n<meta property=\"article:modified_time\" content=\"2026-04-01T04:04:54+00:00\" \/>\n<meta property=\"og:image\" content=\"https:\/\/casanha-beta.s3.ap-southeast-1.amazonaws.com\/2024\/05\/Tisal.png\" \/>\n\t<meta property=\"og:image:width\" content=\"1080\" \/>\n\t<meta property=\"og:image:height\" content=\"1350\" \/>\n\t<meta property=\"og:image:type\" content=\"image\/png\" \/>\n<meta name=\"twitter:card\" content=\"summary_large_image\" \/>\n<script type=\"application\/ld+json\" class=\"yoast-schema-graph\">{\"@context\":\"https:\/\/schema.org\",\"@graph\":[{\"@type\":\"WebPage\",\"@id\":\"https:\/\/casanha.com\/product\/tisal-tu-tv\/\",\"url\":\"https:\/\/casanha.com\/product\/tisal-tu-tv\/\",\"name\":\"TISAL - T\u1ee6 TV - Casanha\",\"isPartOf\":{\"@id\":\"https:\/\/casanha.com\/vi\/#website\"},\"primaryImageOfPage\":{\"@id\":\"https:\/\/casanha.com\/product\/tisal-tu-tv\/#primaryimage\"},\"image\":{\"@id\":\"https:\/\/casanha.com\/product\/tisal-tu-tv\/#primaryimage\"},\"thumbnailUrl\":\"https:\/\/casanha-beta.s3.ap-southeast-1.amazonaws.com\/2024\/05\/Tisal.png\",\"datePublished\":\"2024-05-09T04:59:00+00:00\",\"dateModified\":\"2026-04-01T04:04:54+00:00\",\"breadcrumb\":{\"@id\":\"https:\/\/casanha.com\/product\/tisal-tu-tv\/#breadcrumb\"},\"inLanguage\":\"vi\",\"potentialAction\":[{\"@type\":\"ReadAction\",\"target\":[\"https:\/\/casanha.com\/product\/tisal-tu-tv\/\"]}]},{\"@type\":\"ImageObject\",\"inLanguage\":\"vi\",\"@id\":\"https:\/\/casanha.com\/product\/tisal-tu-tv\/#primaryimage\",\"url\":\"https:\/\/casanha-beta.s3.ap-southeast-1.amazonaws.com\/2024\/05\/Tisal.png\",\"contentUrl\":\"https:\/\/casanha-beta.s3.ap-southeast-1.amazonaws.com\/2024\/05\/Tisal.png\",\"width\":1080,\"height\":1350},{\"@type\":\"BreadcrumbList\",\"@id\":\"https:\/\/casanha.com\/product\/tisal-tu-tv\/#breadcrumb\",\"itemListElement\":[{\"@type\":\"ListItem\",\"position\":1,\"name\":\"Home\",\"item\":\"https:\/\/casanha.com\/\"},{\"@type\":\"ListItem\",\"position\":2,\"name\":\"C\u1eeda h\u00e0ng\",\"item\":\"https:\/\/casanha.com\/vi\/cua-hang\/\"},{\"@type\":\"ListItem\",\"position\":3,\"name\":\"TISAL &#8211; T\u1ee6 TV\"}]},{\"@type\":\"WebSite\",\"@id\":\"https:\/\/casanha.com\/vi\/#website\",\"url\":\"https:\/\/casanha.com\/vi\/\",\"name\":\"Casanha\",\"description\":\"Home Decor &amp; Furniture\",\"publisher\":{\"@id\":\"https:\/\/casanha.com\/vi\/#organization\"},\"potentialAction\":[{\"@type\":\"SearchAction\",\"target\":{\"@type\":\"EntryPoint\",\"urlTemplate\":\"https:\/\/casanha.com\/vi\/?s={search_term_string}\"},\"query-input\":{\"@type\":\"PropertyValueSpecification\",\"valueRequired\":true,\"valueName\":\"search_term_string\"}}],\"inLanguage\":\"vi\"},{\"@type\":\"Organization\",\"@id\":\"https:\/\/casanha.com\/vi\/#organization\",\"name\":\"Casanha\",\"url\":\"https:\/\/casanha.com\/vi\/\",\"logo\":{\"@type\":\"ImageObject\",\"inLanguage\":\"vi\",\"@id\":\"https:\/\/casanha.com\/vi\/#\/schema\/logo\/image\/\",\"url\":\"https:\/\/casanha-beta.s3.ap-southeast-1.amazonaws.com\/2026\/02\/logo-2026.jpg\",\"contentUrl\":\"https:\/\/casanha-beta.s3.ap-southeast-1.amazonaws.com\/2026\/02\/logo-2026.jpg\",\"width\":1500,\"height\":1500,\"caption\":\"Casanha\"},\"image\":{\"@id\":\"https:\/\/casanha.com\/vi\/#\/schema\/logo\/image\/\"},\"sameAs\":[\"https:\/\/www.facebook.com\/CasanhaHome\",\"https:\/\/www.instagram.com\/casanhahome\/\",\"https:\/\/www.youtube.com\/@casanha\",\"https:\/\/www.tiktok.com\/@casanha.com\",\"https:\/\/zalo.me\/casanhahome\"]}]}<\/script>\n<!-- \/ Yoast SEO plugin. -->","yoast_head_json":{"title":"TISAL - T\u1ee6 TV - Casanha","robots":{"index":"index","follow":"follow","max-snippet":"max-snippet:-1","max-image-preview":"max-image-preview:large","max-video-preview":"max-video-preview:-1"},"canonical":"https:\/\/casanha.com\/vi\/san-pham\/tisal-tu-tv\/","og_locale":"vi_VN","og_type":"article","og_title":"TISAL - T\u1ee6 TV - Casanha","og_description":"Thanh tho\u00e1t v\u00e0 tinh t\u1ebf, k\u1ec7 tivi Tisal k\u1ebft h\u1ee3p gi\u1eefa tinh th\u1ea7n \u0111\u01b0\u01a1ng \u0111\u1ea1i v\u00e0 ngh\u1ec7 thu\u1eadt th\u1ee7 c\u00f4ng truy\u1ec1n th\u1ed1ng.M\u1eb7t b\u00e0n v\u00e1t c\u1ea1nh, thanh gi\u1eb1ng trung t\u00e2m v\u00e0 ch\u00e2n b\u00e0n l\u1ed3ng gh\u00e9p \u2014 t\u1ea5t c\u1ea3 \u0111\u1ec1u l\u00e0 nh\u1eefng \u0111\u1eb7c tr\u01b0ng t\u1ea1o n\u00ean thi\u1ebft k\u1ebf hi\u1ec7n \u0111\u1ea1i nh\u01b0ng v\u01b0\u1ee3t th\u1eddi gian c\u1ee7a s\u1ea3n ph\u1ea9m. H\u1ecda ti\u1ebft n\u1ed5i tr\u00ean b\u1ed1n c\u00e1nh c\u1eeda g\u1ee3i nh\u1edb \u0111\u1ebfn hi\u1ec7u \u1ee9ng \u0111i\u00eau kh\u1eafc \u0111\u01b0\u1ee3c t\u1ea1o ra b\u1edfi chi\u1ebfc \u0111\u1ee5c g\u1ed7 m\u00e0 c\u00e1c ngh\u1ec7 nh\u00e2n m\u1ed9c th\u01b0\u1eddng s\u1eed d\u1ee5ng\/ Simple and refined, the Tisal TV stand combines contemporary spirit with traditional craftsmanship.Beveled tops, a central crossbar, and interlocking legs \u2014 all key features that define its modern yet timeless design. The textured detail on the four doors evokes the sculpted effect created by a gouge, a tool used by master cabinetmakers. Th\u00f4ng tin s\u1ea3n ph\u1ea9m\/\u00a0Product\u00a0information M\u00e0u s\u1eafc\/\u00a0Color: G\u1ed7 t\u1ef1 nhi\u00ean\/\u00a0natural wood Ch\u1ea5t li\u1ec7u\/\u00a0Materials M\u1eb7t b\u00e0n\/\u00a0Top: G\u1ed7 s\u1ed3i nguy\u00ean kh\u1ed1i, veneer s\u1ed3i &amp; MDF\/\u00a0Solid oak, oak veneer &amp; MDF Ch\u00e2n\/\u00a0Leg(s): G\u1ed7 s\u1ed3i nguy\u00ean kh\u1ed1i\/\u00a0Solid oak C\u1eeda t\u1ee7\/\u00a0Door\u00a0\u2013 Soft close Ho\u00e0n thi\u1ec7n\/\u00a0Finishing: Tr\u01a1n nh\u1eb5n\/\u00a0Smooth\u00a0- Kho\u00e9t l\u1ed7\/\u00a0Gouged K\u00edch th\u01b0\u1edbc\/\u00a0Dimensions: W180 x D60 x H46cm Ch\u1ee9ng nh\u1eadn\/Certification: FSC 100% B\u1ed9 s\u01b0u t\u1eadp\/\u00a0Collection: Kh\u00f4ng c\u00f3\/\u00a0None Phong c\u00e1ch\/\u00a0Style: Casanh\u00e0  Ch\u00e2n c\u00f3 th\u1ec3 \u0111i\u1ec1u ch\u1ec9nh\/\u00a0Adjustable legs: Kh\u00f4ng\/\u00a0No C\u00e2n n\u1eb7ng\/\u00a0Weight: 82kg Bao b\u00ec\/\u00a0Packaging: 2 cartons (W152 x D15 x H48cm - W198 x D57 x H55cm) Y\u00eau c\u1ea7u l\u1eafp r\u00e1p\/Assembly required: \u0110\u00fang\/\u00a0Yes N\u01b0\u1edbc xu\u1ea5t x\u1ee9\/\u00a0Country of origin: Vi\u1ec7t Nam\/\u00a0Vietnam","og_url":"https:\/\/casanha.com\/vi\/san-pham\/tisal-tu-tv\/","og_site_name":"Casanha","article_publisher":"https:\/\/www.facebook.com\/CasanhaHome","article_modified_time":"2026-04-01T04:04:54+00:00","og_image":[{"width":1080,"height":1350,"url":"https:\/\/casanha-beta.s3.ap-southeast-1.amazonaws.com\/2024\/05\/Tisal.png","type":"image\/png"}],"twitter_card":"summary_large_image","schema":{"@context":"https:\/\/schema.org","@graph":[{"@type":"WebPage","@id":"https:\/\/casanha.com\/product\/tisal-tu-tv\/","url":"https:\/\/casanha.com\/product\/tisal-tu-tv\/","name":"TISAL - T\u1ee6 TV - Casanha","isPartOf":{"@id":"https:\/\/casanha.com\/vi\/#website"},"primaryImageOfPage":{"@id":"https:\/\/casanha.com\/product\/tisal-tu-tv\/#primaryimage"},"image":{"@id":"https:\/\/casanha.com\/product\/tisal-tu-tv\/#primaryimage"},"thumbnailUrl":"https:\/\/casanha-beta.s3.ap-southeast-1.amazonaws.com\/2024\/05\/Tisal.png","datePublished":"2024-05-09T04:59:00+00:00","dateModified":"2026-04-01T04:04:54+00:00","breadcrumb":{"@id":"https:\/\/casanha.com\/product\/tisal-tu-tv\/#breadcrumb"},"inLanguage":"vi","potentialAction":[{"@type":"ReadAction","target":["https:\/\/casanha.com\/product\/tisal-tu-tv\/"]}]},{"@type":"ImageObject","inLanguage":"vi","@id":"https:\/\/casanha.com\/product\/tisal-tu-tv\/#primaryimage","url":"https:\/\/casanha-beta.s3.ap-southeast-1.amazonaws.com\/2024\/05\/Tisal.png","contentUrl":"https:\/\/casanha-beta.s3.ap-southeast-1.amazonaws.com\/2024\/05\/Tisal.png","width":1080,"height":1350},{"@type":"BreadcrumbList","@id":"https:\/\/casanha.com\/product\/tisal-tu-tv\/#breadcrumb","itemListElement":[{"@type":"ListItem","position":1,"name":"Home","item":"https:\/\/casanha.com\/"},{"@type":"ListItem","position":2,"name":"C\u1eeda h\u00e0ng","item":"https:\/\/casanha.com\/vi\/cua-hang\/"},{"@type":"ListItem","position":3,"name":"TISAL &#8211; T\u1ee6 TV"}]},{"@type":"WebSite","@id":"https:\/\/casanha.com\/vi\/#website","url":"https:\/\/casanha.com\/vi\/","name":"Casanha","description":"Home Decor &amp; Furniture","publisher":{"@id":"https:\/\/casanha.com\/vi\/#organization"},"potentialAction":[{"@type":"SearchAction","target":{"@type":"EntryPoint","urlTemplate":"https:\/\/casanha.com\/vi\/?s={search_term_string}"},"query-input":{"@type":"PropertyValueSpecification","valueRequired":true,"valueName":"search_term_string"}}],"inLanguage":"vi"},{"@type":"Organization","@id":"https:\/\/casanha.com\/vi\/#organization","name":"Casanha","url":"https:\/\/casanha.com\/vi\/","logo":{"@type":"ImageObject","inLanguage":"vi","@id":"https:\/\/casanha.com\/vi\/#\/schema\/logo\/image\/","url":"https:\/\/casanha-beta.s3.ap-southeast-1.amazonaws.com\/2026\/02\/logo-2026.jpg","contentUrl":"https:\/\/casanha-beta.s3.ap-southeast-1.amazonaws.com\/2026\/02\/logo-2026.jpg","width":1500,"height":1500,"caption":"Casanha"},"image":{"@id":"https:\/\/casanha.com\/vi\/#\/schema\/logo\/image\/"},"sameAs":["https:\/\/www.facebook.com\/CasanhaHome","https:\/\/www.instagram.com\/casanhahome\/","https:\/\/www.youtube.com\/@casanha","https:\/\/www.tiktok.com\/@casanha.com","https:\/\/zalo.me\/casanhahome"]}]}},"_links":{"self":[{"href":"https:\/\/casanha.com\/vi\/wp-json\/wp\/v2\/product\/61347","targetHints":{"allow":["GET"]}}],"collection":[{"href":"https:\/\/casanha.com\/vi\/wp-json\/wp\/v2\/product"}],"about":[{"href":"https:\/\/casanha.com\/vi\/wp-json\/wp\/v2\/types\/product"}],"replies":[{"embeddable":true,"href":"https:\/\/casanha.com\/vi\/wp-json\/wp\/v2\/comments?post=61347"}],"version-history":[{"count":11,"href":"https:\/\/casanha.com\/vi\/wp-json\/wp\/v2\/product\/61347\/revisions"}],"predecessor-version":[{"id":111630,"href":"https:\/\/casanha.com\/vi\/wp-json\/wp\/v2\/product\/61347\/revisions\/111630"}],"wp:featuredmedia":[{"embeddable":true,"href":"https:\/\/casanha.com\/vi\/wp-json\/wp\/v2\/media\/107674"}],"wp:attachment":[{"href":"https:\/\/casanha.com\/vi\/wp-json\/wp\/v2\/media?parent=61347"}],"wp:term":[{"taxonomy":"product_brand","embeddable":true,"href":"https:\/\/casanha.com\/vi\/wp-json\/wp\/v2\/product_brand?post=61347"},{"taxonomy":"product_cat","embeddable":true,"href":"https:\/\/casanha.com\/vi\/wp-json\/wp\/v2\/product_cat?post=61347"},{"taxonomy":"product_tag","embeddable":true,"href":"https:\/\/casanha.com\/vi\/wp-json\/wp\/v2\/product_tag?post=61347"}],"curies":[{"name":"wp","href":"https:\/\/api.w.org\/{rel}","templated":true}]}}