{"id":53103,"date":"2023-12-27T16:20:49","date_gmt":"2023-12-27T09:20:49","guid":{"rendered":"https:\/\/casanha.com\/product\/longo-goi-tua\/"},"modified":"2026-03-29T09:54:36","modified_gmt":"2026-03-29T02:54:36","slug":"longo-goi-tua","status":"publish","type":"product","link":"https:\/\/casanha.com\/vi\/san-pham\/longo-goi-tua\/","title":{"rendered":"LONGO &#8211; G\u1ed0I T\u1ef0A"},"content":{"rendered":"","protected":false},"excerpt":{"rendered":"<div class=\"kv-card\">\n<div class=\"kv-card-body\">\n<div>L\u1ea5y c\u1ea3m h\u1ee9ng t\u1eeb v\u0103n h\u1ecdc d\u00e2n gian, 100% cotton, \u0111\u1ec7m h\u00ecnh ch\u1eef nh\u1eadt hai t\u00f4ng m\u00e0u LONGO n\u00e0y \u0111\u01b0\u1ee3c trang tr\u00ed b\u1eb1ng d\u1ea3i hoa v\u0103n x\u01b0\u01a1ng c\u00e1 \u1edf gi\u1eefa v\u00e0 c\u00e1c b\u00f4ng trang tr\u00ed t\u01b0\u01a1ng ph\u1ea3n \u1edf m\u1eb7t tr\u01b0\u1edbc, m\u1eb7t sau l\u00e0 m\u00e0u tr\u01a1n. C\u00f3 kh\u00f3a k\u00e9o v\u00e0 c\u00f3 th\u1ec3 th\u00e1o r\u1eddi r\u1ea5t d\u1ec5 d\u00e0ng l\u00e0m v\u1ec7 sinh\/ <em>L\u1ea5y c\u1ea3m h\u1ee9ng t\u1eeb v\u0103n h\u1ecdc d\u00e2n gian, 100% cotton, \u0111\u1ec7m h\u00ecnh ch\u1eef nh\u1eadt hai t\u00f4ng m\u00e0u LONGO n\u00e0y \u0111\u01b0\u1ee3c trang tr\u00ed b\u1eb1ng d\u1ea3i hoa v\u0103n x\u01b0\u01a1ng c\u00e1 \u1edf gi\u1eefa v\u00e0 c\u00e1c b\u00f4ng trang tr\u00ed t\u01b0\u01a1ng ph\u1ea3n \u1edf m\u1eb7t tr\u01b0\u1edbc, m\u1eb7t sau l\u00e0 m\u00e0u tr\u01a1n. C\u00f3 kh\u00f3a k\u00e9o v\u00e0 c\u00f3 th\u1ec3 th\u00e1o r\u1eddi r\u1ea5t d\u1ec5 d\u00e0ng l\u00e0m v\u1ec7 sinh.<\/em><\/div>\n<div><\/div>\n<div class=\"text-desciption ng-binding\">Th\u00f4ng tin\/ <em>Th\u00f4ng tin s\u1ea3n ph\u1ea9m<\/em><br \/>\nM\u00e0u s\u1eafc\/<em>M\u00e0u s\u1eafc<\/em>: Ng\u00e0 (Ivory) &amp; \u0110en (Black)<br \/>\nCh\u1ea5t li\u1ec7u\/<em>Ch\u1ea5t li\u1ec7u:<\/em> Polyester, cotton viscoseK\u00edch th\u01b0\u1edbc\/<em>K\u00edch th\u01b0\u1edbc:<\/em><br \/>\nW75 x H35cm \u2013\u00a0 0.76kg<\/div>\n<\/div>\n<\/div>\n<div class=\"kv-card\">\n<div class=\"kv-card-header\"><\/div>\n<\/div>","protected":false},"featured_media":111465,"comment_status":"open","ping_status":"closed","template":"","meta":[],"product_brand":[17],"product_cat":[2520],"product_tag":[],"class_list":{"0":"post-53103","1":"product","2":"type-product","3":"status-publish","4":"has-post-thumbnail","6":"product_brand-casanha","7":"product_cat-cushion","8":"product_shipping_class-normal-items","10":"first","11":"outofstock","12":"shipping-taxable","13":"purchasable","14":"product-type-simple"},"yoast_head":"<!-- This site is optimized with the Yoast SEO plugin v27.1.1 - https:\/\/yoast.com\/product\/yoast-seo-wordpress\/ -->\n<title>LONGO - G\u1ed0I T\u1ef0A - Casanha<\/title>\n<meta name=\"robots\" content=\"index, follow, max-snippet:-1, max-image-preview:large, max-video-preview:-1\" \/>\n<link rel=\"canonical\" href=\"https:\/\/casanha.com\/vi\/san-pham\/longo-goi-tua\/\" \/>\n<meta property=\"og:locale\" content=\"vi_VN\" \/>\n<meta property=\"og:type\" content=\"article\" \/>\n<meta property=\"og:title\" content=\"LONGO - G\u1ed0I T\u1ef0A - Casanha\" \/>\n<meta property=\"og:description\" content=\"L\u1ea5y c\u1ea3m h\u1ee9ng t\u1eeb v\u0103n h\u1ecdc d\u00e2n gian, 100% cotton, \u0111\u1ec7m h\u00ecnh ch\u1eef nh\u1eadt hai t\u00f4ng m\u00e0u LONGO n\u00e0y \u0111\u01b0\u1ee3c trang tr\u00ed b\u1eb1ng d\u1ea3i hoa v\u0103n x\u01b0\u01a1ng c\u00e1 \u1edf gi\u1eefa v\u00e0 c\u00e1c b\u00f4ng trang tr\u00ed t\u01b0\u01a1ng ph\u1ea3n \u1edf m\u1eb7t tr\u01b0\u1edbc, m\u1eb7t sau l\u00e0 m\u00e0u tr\u01a1n. C\u00f3 kh\u00f3a k\u00e9o v\u00e0 c\u00f3 th\u1ec3 th\u00e1o r\u1eddi r\u1ea5t d\u1ec5 d\u00e0ng l\u00e0m v\u1ec7 sinh\/ Inspired by folklore, 100% cotton, this two-tone rectangular LONGO cushion is adorned with a central herringbone-patterned band and contrasting decorative pompoms on the front, the back is plain. Zipped and removable, easy to clean.  Th\u00f4ng tin\/ Product Information M\u00e0u s\u1eafc\/Color: Ng\u00e0 (Ivory) &amp; \u0110en (Black) Ch\u1ea5t li\u1ec7u\/Materials: Polyester, cotton viscoseK\u00edch th\u01b0\u1edbc\/Dimensions W75 x H35cm -\u00a0 0.76kg\" \/>\n<meta property=\"og:url\" content=\"https:\/\/casanha.com\/vi\/san-pham\/longo-goi-tua\/\" \/>\n<meta property=\"og:site_name\" content=\"Casanha\" \/>\n<meta property=\"article:publisher\" content=\"https:\/\/www.facebook.com\/CasanhaHome\" \/>\n<meta property=\"article:modified_time\" content=\"2026-03-29T02:54:36+00:00\" \/>\n<meta property=\"og:image\" content=\"https:\/\/casanha-beta.s3.ap-southeast-1.amazonaws.com\/2023\/12\/Longo-cushion-pic-1.png\" \/>\n\t<meta property=\"og:image:width\" content=\"1080\" \/>\n\t<meta property=\"og:image:height\" content=\"1350\" \/>\n\t<meta property=\"og:image:type\" content=\"image\/png\" \/>\n<meta name=\"twitter:card\" content=\"summary_large_image\" \/>\n<script type=\"application\/ld+json\" class=\"yoast-schema-graph\">{\"@context\":\"https:\/\/schema.org\",\"@graph\":[{\"@type\":\"WebPage\",\"@id\":\"https:\/\/casanha.com\/product\/longo-goi-tua\/\",\"url\":\"https:\/\/casanha.com\/product\/longo-goi-tua\/\",\"name\":\"LONGO - G\u1ed0I T\u1ef0A - Casanha\",\"isPartOf\":{\"@id\":\"https:\/\/casanha.com\/vi\/#website\"},\"primaryImageOfPage\":{\"@id\":\"https:\/\/casanha.com\/product\/longo-goi-tua\/#primaryimage\"},\"image\":{\"@id\":\"https:\/\/casanha.com\/product\/longo-goi-tua\/#primaryimage\"},\"thumbnailUrl\":\"https:\/\/casanha-beta.s3.ap-southeast-1.amazonaws.com\/2023\/12\/Longo-cushion-pic-1.png\",\"datePublished\":\"2023-12-27T09:20:49+00:00\",\"dateModified\":\"2026-03-29T02:54:36+00:00\",\"breadcrumb\":{\"@id\":\"https:\/\/casanha.com\/product\/longo-goi-tua\/#breadcrumb\"},\"inLanguage\":\"vi\",\"potentialAction\":[{\"@type\":\"ReadAction\",\"target\":[\"https:\/\/casanha.com\/product\/longo-goi-tua\/\"]}]},{\"@type\":\"ImageObject\",\"inLanguage\":\"vi\",\"@id\":\"https:\/\/casanha.com\/product\/longo-goi-tua\/#primaryimage\",\"url\":\"https:\/\/casanha-beta.s3.ap-southeast-1.amazonaws.com\/2023\/12\/Longo-cushion-pic-1.png\",\"contentUrl\":\"https:\/\/casanha-beta.s3.ap-southeast-1.amazonaws.com\/2023\/12\/Longo-cushion-pic-1.png\",\"width\":1080,\"height\":1350},{\"@type\":\"BreadcrumbList\",\"@id\":\"https:\/\/casanha.com\/product\/longo-goi-tua\/#breadcrumb\",\"itemListElement\":[{\"@type\":\"ListItem\",\"position\":1,\"name\":\"Home\",\"item\":\"https:\/\/casanha.com\/\"},{\"@type\":\"ListItem\",\"position\":2,\"name\":\"C\u1eeda h\u00e0ng\",\"item\":\"https:\/\/casanha.com\/vi\/cua-hang\/\"},{\"@type\":\"ListItem\",\"position\":3,\"name\":\"LONGO &#8211; G\u1ed0I T\u1ef0A\"}]},{\"@type\":\"WebSite\",\"@id\":\"https:\/\/casanha.com\/vi\/#website\",\"url\":\"https:\/\/casanha.com\/vi\/\",\"name\":\"Casanha\",\"description\":\"Home Decor &amp; Furniture\",\"publisher\":{\"@id\":\"https:\/\/casanha.com\/vi\/#organization\"},\"potentialAction\":[{\"@type\":\"SearchAction\",\"target\":{\"@type\":\"EntryPoint\",\"urlTemplate\":\"https:\/\/casanha.com\/vi\/?s={search_term_string}\"},\"query-input\":{\"@type\":\"PropertyValueSpecification\",\"valueRequired\":true,\"valueName\":\"search_term_string\"}}],\"inLanguage\":\"vi\"},{\"@type\":\"Organization\",\"@id\":\"https:\/\/casanha.com\/vi\/#organization\",\"name\":\"Casanha\",\"url\":\"https:\/\/casanha.com\/vi\/\",\"logo\":{\"@type\":\"ImageObject\",\"inLanguage\":\"vi\",\"@id\":\"https:\/\/casanha.com\/vi\/#\/schema\/logo\/image\/\",\"url\":\"https:\/\/casanha-beta.s3.ap-southeast-1.amazonaws.com\/2026\/02\/logo-2026.jpg\",\"contentUrl\":\"https:\/\/casanha-beta.s3.ap-southeast-1.amazonaws.com\/2026\/02\/logo-2026.jpg\",\"width\":1500,\"height\":1500,\"caption\":\"Casanha\"},\"image\":{\"@id\":\"https:\/\/casanha.com\/vi\/#\/schema\/logo\/image\/\"},\"sameAs\":[\"https:\/\/www.facebook.com\/CasanhaHome\",\"https:\/\/www.instagram.com\/casanhahome\/\",\"https:\/\/www.youtube.com\/@casanha\",\"https:\/\/www.tiktok.com\/@casanha.com\",\"https:\/\/zalo.me\/casanhahome\"]}]}<\/script>\n<!-- \/ Yoast SEO plugin. -->","yoast_head_json":{"title":"LONGO - G\u1ed0I T\u1ef0A - Casanha","robots":{"index":"index","follow":"follow","max-snippet":"max-snippet:-1","max-image-preview":"max-image-preview:large","max-video-preview":"max-video-preview:-1"},"canonical":"https:\/\/casanha.com\/vi\/san-pham\/longo-goi-tua\/","og_locale":"vi_VN","og_type":"article","og_title":"LONGO - G\u1ed0I T\u1ef0A - Casanha","og_description":"L\u1ea5y c\u1ea3m h\u1ee9ng t\u1eeb v\u0103n h\u1ecdc d\u00e2n gian, 100% cotton, \u0111\u1ec7m h\u00ecnh ch\u1eef nh\u1eadt hai t\u00f4ng m\u00e0u LONGO n\u00e0y \u0111\u01b0\u1ee3c trang tr\u00ed b\u1eb1ng d\u1ea3i hoa v\u0103n x\u01b0\u01a1ng c\u00e1 \u1edf gi\u1eefa v\u00e0 c\u00e1c b\u00f4ng trang tr\u00ed t\u01b0\u01a1ng ph\u1ea3n \u1edf m\u1eb7t tr\u01b0\u1edbc, m\u1eb7t sau l\u00e0 m\u00e0u tr\u01a1n. C\u00f3 kh\u00f3a k\u00e9o v\u00e0 c\u00f3 th\u1ec3 th\u00e1o r\u1eddi r\u1ea5t d\u1ec5 d\u00e0ng l\u00e0m v\u1ec7 sinh\/ Inspired by folklore, 100% cotton, this two-tone rectangular LONGO cushion is adorned with a central herringbone-patterned band and contrasting decorative pompoms on the front, the back is plain. Zipped and removable, easy to clean.  Th\u00f4ng tin\/ Product Information M\u00e0u s\u1eafc\/Color: Ng\u00e0 (Ivory) &amp; \u0110en (Black) Ch\u1ea5t li\u1ec7u\/Materials: Polyester, cotton viscoseK\u00edch th\u01b0\u1edbc\/Dimensions W75 x H35cm -\u00a0 0.76kg","og_url":"https:\/\/casanha.com\/vi\/san-pham\/longo-goi-tua\/","og_site_name":"Casanha","article_publisher":"https:\/\/www.facebook.com\/CasanhaHome","article_modified_time":"2026-03-29T02:54:36+00:00","og_image":[{"width":1080,"height":1350,"url":"https:\/\/casanha-beta.s3.ap-southeast-1.amazonaws.com\/2023\/12\/Longo-cushion-pic-1.png","type":"image\/png"}],"twitter_card":"summary_large_image","schema":{"@context":"https:\/\/schema.org","@graph":[{"@type":"WebPage","@id":"https:\/\/casanha.com\/product\/longo-goi-tua\/","url":"https:\/\/casanha.com\/product\/longo-goi-tua\/","name":"LONGO - G\u1ed0I T\u1ef0A - Casanha","isPartOf":{"@id":"https:\/\/casanha.com\/vi\/#website"},"primaryImageOfPage":{"@id":"https:\/\/casanha.com\/product\/longo-goi-tua\/#primaryimage"},"image":{"@id":"https:\/\/casanha.com\/product\/longo-goi-tua\/#primaryimage"},"thumbnailUrl":"https:\/\/casanha-beta.s3.ap-southeast-1.amazonaws.com\/2023\/12\/Longo-cushion-pic-1.png","datePublished":"2023-12-27T09:20:49+00:00","dateModified":"2026-03-29T02:54:36+00:00","breadcrumb":{"@id":"https:\/\/casanha.com\/product\/longo-goi-tua\/#breadcrumb"},"inLanguage":"vi","potentialAction":[{"@type":"ReadAction","target":["https:\/\/casanha.com\/product\/longo-goi-tua\/"]}]},{"@type":"ImageObject","inLanguage":"vi","@id":"https:\/\/casanha.com\/product\/longo-goi-tua\/#primaryimage","url":"https:\/\/casanha-beta.s3.ap-southeast-1.amazonaws.com\/2023\/12\/Longo-cushion-pic-1.png","contentUrl":"https:\/\/casanha-beta.s3.ap-southeast-1.amazonaws.com\/2023\/12\/Longo-cushion-pic-1.png","width":1080,"height":1350},{"@type":"BreadcrumbList","@id":"https:\/\/casanha.com\/product\/longo-goi-tua\/#breadcrumb","itemListElement":[{"@type":"ListItem","position":1,"name":"Home","item":"https:\/\/casanha.com\/"},{"@type":"ListItem","position":2,"name":"C\u1eeda h\u00e0ng","item":"https:\/\/casanha.com\/vi\/cua-hang\/"},{"@type":"ListItem","position":3,"name":"LONGO &#8211; G\u1ed0I T\u1ef0A"}]},{"@type":"WebSite","@id":"https:\/\/casanha.com\/vi\/#website","url":"https:\/\/casanha.com\/vi\/","name":"Casanha","description":"Home Decor &amp; Furniture","publisher":{"@id":"https:\/\/casanha.com\/vi\/#organization"},"potentialAction":[{"@type":"SearchAction","target":{"@type":"EntryPoint","urlTemplate":"https:\/\/casanha.com\/vi\/?s={search_term_string}"},"query-input":{"@type":"PropertyValueSpecification","valueRequired":true,"valueName":"search_term_string"}}],"inLanguage":"vi"},{"@type":"Organization","@id":"https:\/\/casanha.com\/vi\/#organization","name":"Casanha","url":"https:\/\/casanha.com\/vi\/","logo":{"@type":"ImageObject","inLanguage":"vi","@id":"https:\/\/casanha.com\/vi\/#\/schema\/logo\/image\/","url":"https:\/\/casanha-beta.s3.ap-southeast-1.amazonaws.com\/2026\/02\/logo-2026.jpg","contentUrl":"https:\/\/casanha-beta.s3.ap-southeast-1.amazonaws.com\/2026\/02\/logo-2026.jpg","width":1500,"height":1500,"caption":"Casanha"},"image":{"@id":"https:\/\/casanha.com\/vi\/#\/schema\/logo\/image\/"},"sameAs":["https:\/\/www.facebook.com\/CasanhaHome","https:\/\/www.instagram.com\/casanhahome\/","https:\/\/www.youtube.com\/@casanha","https:\/\/www.tiktok.com\/@casanha.com","https:\/\/zalo.me\/casanhahome"]}]}},"_links":{"self":[{"href":"https:\/\/casanha.com\/vi\/wp-json\/wp\/v2\/product\/53103","targetHints":{"allow":["GET"]}}],"collection":[{"href":"https:\/\/casanha.com\/vi\/wp-json\/wp\/v2\/product"}],"about":[{"href":"https:\/\/casanha.com\/vi\/wp-json\/wp\/v2\/types\/product"}],"replies":[{"embeddable":true,"href":"https:\/\/casanha.com\/vi\/wp-json\/wp\/v2\/comments?post=53103"}],"version-history":[{"count":8,"href":"https:\/\/casanha.com\/vi\/wp-json\/wp\/v2\/product\/53103\/revisions"}],"predecessor-version":[{"id":115040,"href":"https:\/\/casanha.com\/vi\/wp-json\/wp\/v2\/product\/53103\/revisions\/115040"}],"wp:featuredmedia":[{"embeddable":true,"href":"https:\/\/casanha.com\/vi\/wp-json\/wp\/v2\/media\/111465"}],"wp:attachment":[{"href":"https:\/\/casanha.com\/vi\/wp-json\/wp\/v2\/media?parent=53103"}],"wp:term":[{"taxonomy":"product_brand","embeddable":true,"href":"https:\/\/casanha.com\/vi\/wp-json\/wp\/v2\/product_brand?post=53103"},{"taxonomy":"product_cat","embeddable":true,"href":"https:\/\/casanha.com\/vi\/wp-json\/wp\/v2\/product_cat?post=53103"},{"taxonomy":"product_tag","embeddable":true,"href":"https:\/\/casanha.com\/vi\/wp-json\/wp\/v2\/product_tag?post=53103"}],"curies":[{"name":"wp","href":"https:\/\/api.w.org\/{rel}","templated":true}]}}