{"id":50216,"date":"2023-12-25T18:52:25","date_gmt":"2023-12-25T11:52:25","guid":{"rendered":"https:\/\/casanha.com\/product\/sensu-ghe-banh\/"},"modified":"2025-10-24T16:05:17","modified_gmt":"2025-10-24T09:05:17","slug":"sensu-ghe-banh","status":"publish","type":"product","link":"https:\/\/casanha.com\/vi\/san-pham\/sensu-ghe-banh\/","title":{"rendered":"SENSU &#8211; GH\u1ebe B\u00c0NH"},"content":{"rendered":"<p><span><strong>Th\u00f4ng tin s\u1ea3n ph\u1ea9m\/ <em>Th\u00f4ng tin s\u1ea3n ph\u1ea9m<\/em><\/strong><br \/>M\u00e0u s\u1eafc (\u0111\u01b0\u1ee3c ch\u1ecdn) \/ <em>Color (to be selected<\/em>) : (\u0110\u01b0\u1ee3c l\u00e0m theo y\u00eau c\u1ea7u)\/ (<em>To be customized)<\/em><br \/>Ch\u1ea5t li\u1ec7u\/ <em>Ch\u1ea5t li\u1ec7u<\/em><br \/>L\u1edbp \u0111\u1ec7m gh\u1ebf &amp; ru\u1ed9t g\u1ed1i\/ <em>Seating &amp; cushion filling<\/em> : M\u00fat \u0111\u00e0n h\u1ed3i cao, ru\u1ed9t l\u00f4ng v\u0169 &amp; s\u1ee3i bi\/ <em>High density foam, feather &amp; ball fiber<br \/><\/em>B\u1ecdc n\u1ec7m\/ <em>Upholstery<\/em>: V\u1ea3i\/ Fabric (\u0110\u01b0\u1ee3c ch\u1ecdn\/ <em>To be selected)<br \/><\/em>Ch\u00e2n\/ <em>Legs<\/em> : G\u1ed7 s\u1ed3i nguy\u00ean kh\u1ed1i\/ <em>Solid oak<br \/><\/em>K\u1ebft c\u1ea5u\/ <em>structure<\/em> : G\u1ed7 s\u1ed3i nguy\u00ean kh\u1ed1i &amp; l\u00f2 xo th\u00e9p Nozag\/ <em>Solid oak frame &amp; steel Nozag springs<br \/><\/em>K\u00edch th\u01b0\u1edbc\/ <em>K\u00edch th\u01b0\u1edbc:<\/em>: W84 x D83 x H66.5cm<br \/>Ch\u1ee9ng nh\u1eadn\/<em>Certification<\/em>: FSC 100%<\/p>\n<p>B\u1ed9 s\u01b0u t\u1eadp\/ <em>Collection<\/em>: Sensu line<br \/>Phong c\u00e1ch\/ <em>Phong c\u00e1ch<\/em>: Casanh\u00e0<br \/>Nh\u00e0 thi\u1ebft k\u1ebf\/ <em>Nh\u00e0 thi\u1ebft k\u1ebf<\/em> : Patryk Koca<br \/>Th\u01b0\u01a1ng hi\u1ec7u\/ <em>Brand<\/em> : Tolv<br \/>\u00cam \u00e1i\/ <em>Comfort<\/em> : M\u1ec1m m\u1ea1i\/ <em>Soft<\/em><\/p>\n<p>\u0110\u1eb7t h\u00e0ng tr\u01b0\u1edbc\/ <em>Backorder<\/em> : \u0110\u00fang\/ <em>Yes<\/em><br \/>Th\u1eddi gian d\u1eabn\/ <em>Lead time<\/em> : 4-5 Tu\u1ea7n\/ <em>Weeks<\/em><br \/>G\u1ed1i c\u00f3 th\u1ec3 th\u00e1o v\u1ecf\/ <em>Removable cover<\/em>: Kh\u00f4ng\/ <em>No<\/em><br \/>Ch\u00e2n c\u00f3 th\u1ec3 \u0111i\u1ec1u ch\u1ec9nh\/ <em>Adjustable legs:<\/em> Kh\u00f4ng\/ <em>No<\/em><br \/>Ph\u1ee5 ki\u1ec7n b\u1ed5 sung\/ <em>Additional<\/em> <em>accessorie<\/em>s: Kh\u00f4ng\/ <em>No<\/em><\/p>\n<p>C\u00e2n n\u1eb7ng\/ <em>Weight<\/em>: 20kg<br \/>Bao b\u00ec\/ <em>Packaging<\/em>: 1 cartons (W86 x D86 x H69.5cm)<br \/>Y\u00eau c\u1ea7u l\u1eafp r\u00e1p\/<em>Assembly required<\/em>: \u0110\u00fang\/ <em>Yes<\/em><\/p>\n<p>N\u01b0\u1edbc xu\u1ea5t x\u1ee9\/ <em>Country of origin<\/em>: Vi\u1ec7t Nam\/ <em>Vi\u1ec7t Nam<\/em><\/span><\/p>","protected":false},"excerpt":{"rendered":"<p>Th\u00f4ng tin s\u1ea3n ph\u1ea9m\/ Product informationM\u00e0u s\u1eafc (\u0111\u01b0\u1ee3c ch\u1ecdn) \/ Color (to be selected) : (\u0110\u01b0\u1ee3c l\u00e0m theo y\u00eau c\u1ea7u)\/<\/p>","protected":false},"featured_media":102700,"comment_status":"open","ping_status":"closed","template":"","meta":[],"product_brand":[],"product_cat":[],"product_tag":[],"class_list":{"0":"post-50216","1":"product","2":"type-product","3":"status-publish","4":"has-post-thumbnail","6":"pa_color-go-soi-chay-burnt-oak","7":"pa_color-go-soi-tu-nhien-raw-oak","8":"pa_color-go-soi-oak","9":"pa_material-boc-da-leather","10":"pa_material-boc-vai-fabric","11":"pa_material-boc-vai-fabric-asa-ink","13":"first","14":"instock","15":"shipping-taxable","16":"purchasable","17":"product-type-variable","18":"rtwpvs-product"},"yoast_head":"<!-- This site is optimized with the Yoast SEO plugin v27.1.1 - https:\/\/yoast.com\/product\/yoast-seo-wordpress\/ -->\n<title>SENSU - GH\u1ebe B\u00c0NH - Casanha<\/title>\n<meta name=\"robots\" content=\"index, follow, max-snippet:-1, max-image-preview:large, max-video-preview:-1\" \/>\n<link rel=\"canonical\" href=\"https:\/\/casanha.com\/vi\/san-pham\/sensu-ghe-banh\/\" \/>\n<meta property=\"og:locale\" content=\"vi_VN\" \/>\n<meta property=\"og:type\" content=\"article\" \/>\n<meta property=\"og:title\" content=\"SENSU - GH\u1ebe B\u00c0NH - Casanha\" \/>\n<meta property=\"og:description\" content=\"Th\u00f4ng tin s\u1ea3n ph\u1ea9m\/ Product informationM\u00e0u s\u1eafc (\u0111\u01b0\u1ee3c ch\u1ecdn) \/ Color (to be selected) : (\u0110\u01b0\u1ee3c l\u00e0m theo y\u00eau c\u1ea7u)\/\" \/>\n<meta property=\"og:url\" content=\"https:\/\/casanha.com\/vi\/san-pham\/sensu-ghe-banh\/\" \/>\n<meta property=\"og:site_name\" content=\"Casanha\" \/>\n<meta property=\"article:publisher\" content=\"https:\/\/www.facebook.com\/CasanhaHome\" \/>\n<meta property=\"article:modified_time\" content=\"2025-10-24T09:05:17+00:00\" \/>\n<meta property=\"og:image\" content=\"https:\/\/casanha-beta.s3.ap-southeast-1.amazonaws.com\/2023\/12\/SENSU-ARMCHAIR.jpg\" \/>\n\t<meta property=\"og:image:width\" content=\"1080\" \/>\n\t<meta property=\"og:image:height\" content=\"1350\" \/>\n\t<meta property=\"og:image:type\" content=\"image\/jpeg\" \/>\n<meta name=\"twitter:card\" content=\"summary_large_image\" \/>\n<script type=\"application\/ld+json\" class=\"yoast-schema-graph\">{\"@context\":\"https:\/\/schema.org\",\"@graph\":[{\"@type\":\"WebPage\",\"@id\":\"https:\/\/casanha.com\/product\/sensu-ghe-banh\/\",\"url\":\"https:\/\/casanha.com\/product\/sensu-ghe-banh\/\",\"name\":\"SENSU - GH\u1ebe B\u00c0NH - Casanha\",\"isPartOf\":{\"@id\":\"https:\/\/casanha.com\/vi\/#website\"},\"primaryImageOfPage\":{\"@id\":\"https:\/\/casanha.com\/product\/sensu-ghe-banh\/#primaryimage\"},\"image\":{\"@id\":\"https:\/\/casanha.com\/product\/sensu-ghe-banh\/#primaryimage\"},\"thumbnailUrl\":\"https:\/\/casanha-beta.s3.ap-southeast-1.amazonaws.com\/2023\/12\/SENSU-ARMCHAIR.jpg\",\"datePublished\":\"2023-12-25T11:52:25+00:00\",\"dateModified\":\"2025-10-24T09:05:17+00:00\",\"breadcrumb\":{\"@id\":\"https:\/\/casanha.com\/product\/sensu-ghe-banh\/#breadcrumb\"},\"inLanguage\":\"vi\",\"potentialAction\":[{\"@type\":\"ReadAction\",\"target\":[\"https:\/\/casanha.com\/product\/sensu-ghe-banh\/\"]}]},{\"@type\":\"ImageObject\",\"inLanguage\":\"vi\",\"@id\":\"https:\/\/casanha.com\/product\/sensu-ghe-banh\/#primaryimage\",\"url\":\"https:\/\/casanha-beta.s3.ap-southeast-1.amazonaws.com\/2023\/12\/SENSU-ARMCHAIR.jpg\",\"contentUrl\":\"https:\/\/casanha-beta.s3.ap-southeast-1.amazonaws.com\/2023\/12\/SENSU-ARMCHAIR.jpg\",\"width\":1080,\"height\":1350},{\"@type\":\"BreadcrumbList\",\"@id\":\"https:\/\/casanha.com\/product\/sensu-ghe-banh\/#breadcrumb\",\"itemListElement\":[{\"@type\":\"ListItem\",\"position\":1,\"name\":\"Home\",\"item\":\"https:\/\/casanha.com\/\"},{\"@type\":\"ListItem\",\"position\":2,\"name\":\"C\u1eeda h\u00e0ng\",\"item\":\"https:\/\/casanha.com\/vi\/cua-hang\/\"},{\"@type\":\"ListItem\",\"position\":3,\"name\":\"SENSU &#8211; GH\u1ebe B\u00c0NH\"}]},{\"@type\":\"WebSite\",\"@id\":\"https:\/\/casanha.com\/vi\/#website\",\"url\":\"https:\/\/casanha.com\/vi\/\",\"name\":\"Casanha\",\"description\":\"Home Decor &amp; Furniture\",\"publisher\":{\"@id\":\"https:\/\/casanha.com\/vi\/#organization\"},\"potentialAction\":[{\"@type\":\"SearchAction\",\"target\":{\"@type\":\"EntryPoint\",\"urlTemplate\":\"https:\/\/casanha.com\/vi\/?s={search_term_string}\"},\"query-input\":{\"@type\":\"PropertyValueSpecification\",\"valueRequired\":true,\"valueName\":\"search_term_string\"}}],\"inLanguage\":\"vi\"},{\"@type\":\"Organization\",\"@id\":\"https:\/\/casanha.com\/vi\/#organization\",\"name\":\"Casanha\",\"url\":\"https:\/\/casanha.com\/vi\/\",\"logo\":{\"@type\":\"ImageObject\",\"inLanguage\":\"vi\",\"@id\":\"https:\/\/casanha.com\/vi\/#\/schema\/logo\/image\/\",\"url\":\"https:\/\/casanha-beta.s3.ap-southeast-1.amazonaws.com\/2026\/02\/logo-2026.jpg\",\"contentUrl\":\"https:\/\/casanha-beta.s3.ap-southeast-1.amazonaws.com\/2026\/02\/logo-2026.jpg\",\"width\":1500,\"height\":1500,\"caption\":\"Casanha\"},\"image\":{\"@id\":\"https:\/\/casanha.com\/vi\/#\/schema\/logo\/image\/\"},\"sameAs\":[\"https:\/\/www.facebook.com\/CasanhaHome\",\"https:\/\/www.instagram.com\/casanhahome\/\",\"https:\/\/www.youtube.com\/@casanha\",\"https:\/\/www.tiktok.com\/@casanha.com\",\"https:\/\/zalo.me\/casanhahome\"]}]}<\/script>\n<!-- \/ Yoast SEO plugin. -->","yoast_head_json":{"title":"SENSU - GH\u1ebe B\u00c0NH - Casanha","robots":{"index":"index","follow":"follow","max-snippet":"max-snippet:-1","max-image-preview":"max-image-preview:large","max-video-preview":"max-video-preview:-1"},"canonical":"https:\/\/casanha.com\/vi\/san-pham\/sensu-ghe-banh\/","og_locale":"vi_VN","og_type":"article","og_title":"SENSU - GH\u1ebe B\u00c0NH - Casanha","og_description":"Th\u00f4ng tin s\u1ea3n ph\u1ea9m\/ Product informationM\u00e0u s\u1eafc (\u0111\u01b0\u1ee3c ch\u1ecdn) \/ Color (to be selected) : (\u0110\u01b0\u1ee3c l\u00e0m theo y\u00eau c\u1ea7u)\/","og_url":"https:\/\/casanha.com\/vi\/san-pham\/sensu-ghe-banh\/","og_site_name":"Casanha","article_publisher":"https:\/\/www.facebook.com\/CasanhaHome","article_modified_time":"2025-10-24T09:05:17+00:00","og_image":[{"width":1080,"height":1350,"url":"https:\/\/casanha-beta.s3.ap-southeast-1.amazonaws.com\/2023\/12\/SENSU-ARMCHAIR.jpg","type":"image\/jpeg"}],"twitter_card":"summary_large_image","schema":{"@context":"https:\/\/schema.org","@graph":[{"@type":"WebPage","@id":"https:\/\/casanha.com\/product\/sensu-ghe-banh\/","url":"https:\/\/casanha.com\/product\/sensu-ghe-banh\/","name":"SENSU - GH\u1ebe B\u00c0NH - Casanha","isPartOf":{"@id":"https:\/\/casanha.com\/vi\/#website"},"primaryImageOfPage":{"@id":"https:\/\/casanha.com\/product\/sensu-ghe-banh\/#primaryimage"},"image":{"@id":"https:\/\/casanha.com\/product\/sensu-ghe-banh\/#primaryimage"},"thumbnailUrl":"https:\/\/casanha-beta.s3.ap-southeast-1.amazonaws.com\/2023\/12\/SENSU-ARMCHAIR.jpg","datePublished":"2023-12-25T11:52:25+00:00","dateModified":"2025-10-24T09:05:17+00:00","breadcrumb":{"@id":"https:\/\/casanha.com\/product\/sensu-ghe-banh\/#breadcrumb"},"inLanguage":"vi","potentialAction":[{"@type":"ReadAction","target":["https:\/\/casanha.com\/product\/sensu-ghe-banh\/"]}]},{"@type":"ImageObject","inLanguage":"vi","@id":"https:\/\/casanha.com\/product\/sensu-ghe-banh\/#primaryimage","url":"https:\/\/casanha-beta.s3.ap-southeast-1.amazonaws.com\/2023\/12\/SENSU-ARMCHAIR.jpg","contentUrl":"https:\/\/casanha-beta.s3.ap-southeast-1.amazonaws.com\/2023\/12\/SENSU-ARMCHAIR.jpg","width":1080,"height":1350},{"@type":"BreadcrumbList","@id":"https:\/\/casanha.com\/product\/sensu-ghe-banh\/#breadcrumb","itemListElement":[{"@type":"ListItem","position":1,"name":"Home","item":"https:\/\/casanha.com\/"},{"@type":"ListItem","position":2,"name":"C\u1eeda h\u00e0ng","item":"https:\/\/casanha.com\/vi\/cua-hang\/"},{"@type":"ListItem","position":3,"name":"SENSU &#8211; GH\u1ebe B\u00c0NH"}]},{"@type":"WebSite","@id":"https:\/\/casanha.com\/vi\/#website","url":"https:\/\/casanha.com\/vi\/","name":"Casanha","description":"Home Decor &amp; Furniture","publisher":{"@id":"https:\/\/casanha.com\/vi\/#organization"},"potentialAction":[{"@type":"SearchAction","target":{"@type":"EntryPoint","urlTemplate":"https:\/\/casanha.com\/vi\/?s={search_term_string}"},"query-input":{"@type":"PropertyValueSpecification","valueRequired":true,"valueName":"search_term_string"}}],"inLanguage":"vi"},{"@type":"Organization","@id":"https:\/\/casanha.com\/vi\/#organization","name":"Casanha","url":"https:\/\/casanha.com\/vi\/","logo":{"@type":"ImageObject","inLanguage":"vi","@id":"https:\/\/casanha.com\/vi\/#\/schema\/logo\/image\/","url":"https:\/\/casanha-beta.s3.ap-southeast-1.amazonaws.com\/2026\/02\/logo-2026.jpg","contentUrl":"https:\/\/casanha-beta.s3.ap-southeast-1.amazonaws.com\/2026\/02\/logo-2026.jpg","width":1500,"height":1500,"caption":"Casanha"},"image":{"@id":"https:\/\/casanha.com\/vi\/#\/schema\/logo\/image\/"},"sameAs":["https:\/\/www.facebook.com\/CasanhaHome","https:\/\/www.instagram.com\/casanhahome\/","https:\/\/www.youtube.com\/@casanha","https:\/\/www.tiktok.com\/@casanha.com","https:\/\/zalo.me\/casanhahome"]}]}},"_links":{"self":[{"href":"https:\/\/casanha.com\/vi\/wp-json\/wp\/v2\/product\/50216","targetHints":{"allow":["GET"]}}],"collection":[{"href":"https:\/\/casanha.com\/vi\/wp-json\/wp\/v2\/product"}],"about":[{"href":"https:\/\/casanha.com\/vi\/wp-json\/wp\/v2\/types\/product"}],"replies":[{"embeddable":true,"href":"https:\/\/casanha.com\/vi\/wp-json\/wp\/v2\/comments?post=50216"}],"version-history":[{"count":7,"href":"https:\/\/casanha.com\/vi\/wp-json\/wp\/v2\/product\/50216\/revisions"}],"predecessor-version":[{"id":104690,"href":"https:\/\/casanha.com\/vi\/wp-json\/wp\/v2\/product\/50216\/revisions\/104690"}],"wp:featuredmedia":[{"embeddable":true,"href":"https:\/\/casanha.com\/vi\/wp-json\/wp\/v2\/media\/102700"}],"wp:attachment":[{"href":"https:\/\/casanha.com\/vi\/wp-json\/wp\/v2\/media?parent=50216"}],"wp:term":[{"taxonomy":"product_brand","embeddable":true,"href":"https:\/\/casanha.com\/vi\/wp-json\/wp\/v2\/product_brand?post=50216"},{"taxonomy":"product_cat","embeddable":true,"href":"https:\/\/casanha.com\/vi\/wp-json\/wp\/v2\/product_cat?post=50216"},{"taxonomy":"product_tag","embeddable":true,"href":"https:\/\/casanha.com\/vi\/wp-json\/wp\/v2\/product_tag?post=50216"}],"curies":[{"name":"wp","href":"https:\/\/api.w.org\/{rel}","templated":true}]}}