{"id":48351,"date":"2023-12-25T17:55:20","date_gmt":"2023-12-25T10:55:20","guid":{"rendered":"https:\/\/casanha.com\/product\/lilou-square-goi-tua\/"},"modified":"2026-04-13T11:49:26","modified_gmt":"2026-04-13T04:49:26","slug":"lilou-square-goi-tua","status":"publish","type":"product","link":"https:\/\/casanha.com\/vi\/san-pham\/lilou-square-goi-tua\/","title":{"rendered":"LILOU &#8220;SQUARE&#8221; &#8211; G\u1ed0I T\u1ef0A"},"content":{"rendered":"","protected":false},"excerpt":{"rendered":"<p>V\u1edbi c\u00e1c \u0111\u01b0\u1eddng n\u00e9t g\u1ecdn g\u00e0ng, d\u00f2ng g\u1ed1i LILOU c\u1ee7a ch\u00fang t\u00f4i s\u1ebd mang \u0111\u1ebfn m\u1ed9t n\u1ed1t nh\u1ea1c quy\u1ebfn r\u0169 cho c\u0103n ph\u00f2ng c\u1ee7a b\u1ea1n m\u1ed9t c\u00e1ch d\u1ec5 d\u00e0ng. Thi\u1ebft k\u1ebf trang nh\u00e3 c\u1ee7a n\u00f3 s\u1ebd ph\u00f9 h\u1ee3p v\u1edbi ki\u1ec3u trang tr\u00ed c\u1ed5 \u0111i\u1ec3n b\u1eb1ng c\u00e1ch t\u00edch h\u1ee3p m\u1ed9t n\u00e9t sang tr\u1ecdng. V\u1edbi ki\u1ec3u d\u00e1ng h\u00ecnh ch\u1eef nh\u1eadt h\u01a1i cong v\u00e0o trong, \u0111\u1ec7m Lilou n\u1ed5i b\u1eadt trong ph\u00f2ng ng\u1ee7 hay ph\u00f2ng kh\u00e1ch\/ <em>V\u1edbi c\u00e1c \u0111\u01b0\u1eddng n\u00e9t g\u1ecdn g\u00e0ng, d\u00f2ng g\u1ed1i LILOU c\u1ee7a ch\u00fang t\u00f4i s\u1ebd mang \u0111\u1ebfn m\u1ed9t n\u1ed1t nh\u1ea1c quy\u1ebfn r\u0169 cho c\u0103n ph\u00f2ng c\u1ee7a b\u1ea1n m\u1ed9t c\u00e1ch d\u1ec5 d\u00e0ng. Thi\u1ebft k\u1ebf trang nh\u00e3 c\u1ee7a n\u00f3 s\u1ebd ph\u00f9 h\u1ee3p v\u1edbi ki\u1ec3u trang tr\u00ed c\u1ed5 \u0111i\u1ec3n b\u1eb1ng c\u00e1ch t\u00edch h\u1ee3p m\u1ed9t n\u00e9t sang tr\u1ecdng. V\u1edbi ki\u1ec3u d\u00e1ng h\u00ecnh ch\u1eef nh\u1eadt h\u01a1i cong v\u00e0o trong, \u0111\u1ec7m Lilou n\u1ed5i b\u1eadt trong ph\u00f2ng ng\u1ee7 hay ph\u00f2ng kh\u00e1ch.<\/em><\/p>","protected":false},"featured_media":111127,"comment_status":"open","ping_status":"closed","template":"","meta":[],"product_brand":[17],"product_cat":[2520,3052],"product_tag":[],"class_list":{"0":"post-48351","1":"product","2":"type-product","3":"status-publish","4":"has-post-thumbnail","6":"product_brand-casanha","7":"product_cat-cushion","8":"product_cat-monkey-territory","9":"product_shipping_class-normal-items","10":"pa_color-cat-sand","11":"pa_color-ghi-bac-stone","12":"pa_color-hong-dat-terracotta","13":"pa_color-mau-ngoc-celadon","14":"pa_color-than-chi-anthracite","15":"pa_color-tho-hoang-ocher","16":"pa_color-trang-ivory","17":"pa_color-vang-dat-mordore","18":"pa_color-xanh-khaki-khaki","19":"pa_color-xanh-la-green","20":"pa_color-xanh-lam-blue","22":"first","23":"instock","24":"shipping-taxable","25":"purchasable","26":"product-type-variable","27":"rtwpvs-product"},"yoast_head":"<!-- This site is optimized with the Yoast SEO plugin v27.1.1 - https:\/\/yoast.com\/product\/yoast-seo-wordpress\/ -->\n<title>LILOU &quot;SQUARE&quot; - G\u1ed0I T\u1ef0A - Casanha<\/title>\n<meta name=\"robots\" content=\"index, follow, max-snippet:-1, max-image-preview:large, max-video-preview:-1\" \/>\n<link rel=\"canonical\" href=\"https:\/\/casanha.com\/vi\/san-pham\/lilou-square-goi-tua\/\" \/>\n<meta property=\"og:locale\" content=\"vi_VN\" \/>\n<meta property=\"og:type\" content=\"article\" \/>\n<meta property=\"og:title\" content=\"LILOU &quot;SQUARE&quot; - G\u1ed0I T\u1ef0A - Casanha\" \/>\n<meta property=\"og:description\" content=\"V\u1edbi c\u00e1c \u0111\u01b0\u1eddng n\u00e9t g\u1ecdn g\u00e0ng, d\u00f2ng g\u1ed1i LILOU c\u1ee7a ch\u00fang t\u00f4i s\u1ebd mang \u0111\u1ebfn m\u1ed9t n\u1ed1t nh\u1ea1c quy\u1ebfn r\u0169 cho c\u0103n ph\u00f2ng c\u1ee7a b\u1ea1n m\u1ed9t c\u00e1ch d\u1ec5 d\u00e0ng. Thi\u1ebft k\u1ebf trang nh\u00e3 c\u1ee7a n\u00f3 s\u1ebd ph\u00f9 h\u1ee3p v\u1edbi ki\u1ec3u trang tr\u00ed c\u1ed5 \u0111i\u1ec3n b\u1eb1ng c\u00e1ch t\u00edch h\u1ee3p m\u1ed9t n\u00e9t sang tr\u1ecdng. V\u1edbi ki\u1ec3u d\u00e1ng h\u00ecnh ch\u1eef nh\u1eadt h\u01a1i cong v\u00e0o trong, \u0111\u1ec7m Lilou n\u1ed5i b\u1eadt trong ph\u00f2ng ng\u1ee7 hay ph\u00f2ng kh\u00e1ch\/ With neat lines, our LILOU Line will bring a glamorous note to your room with ease. Its sober design will match a classic decoration by integrating a chic touch. With its rectangular shape slightly curved inwards, the Lilou cushion stands out in a bedroom or living room.\" \/>\n<meta property=\"og:url\" content=\"https:\/\/casanha.com\/vi\/san-pham\/lilou-square-goi-tua\/\" \/>\n<meta property=\"og:site_name\" content=\"Casanha\" \/>\n<meta property=\"article:publisher\" content=\"https:\/\/www.facebook.com\/CasanhaHome\" \/>\n<meta property=\"article:modified_time\" content=\"2026-04-13T04:49:26+00:00\" \/>\n<meta property=\"og:image\" content=\"https:\/\/casanha-beta.s3.ap-southeast-1.amazonaws.com\/2023\/12\/Lilou-square-cushion-yellow-pic-1.png\" \/>\n\t<meta property=\"og:image:width\" content=\"1080\" \/>\n\t<meta property=\"og:image:height\" content=\"1350\" \/>\n\t<meta property=\"og:image:type\" content=\"image\/png\" \/>\n<meta name=\"twitter:card\" content=\"summary_large_image\" \/>\n<script type=\"application\/ld+json\" class=\"yoast-schema-graph\">{\"@context\":\"https:\/\/schema.org\",\"@graph\":[{\"@type\":\"WebPage\",\"@id\":\"https:\/\/casanha.com\/product\/lilou-square-goi-tua\/\",\"url\":\"https:\/\/casanha.com\/product\/lilou-square-goi-tua\/\",\"name\":\"LILOU \\\"SQUARE\\\" - G\u1ed0I T\u1ef0A - Casanha\",\"isPartOf\":{\"@id\":\"https:\/\/casanha.com\/vi\/#website\"},\"primaryImageOfPage\":{\"@id\":\"https:\/\/casanha.com\/product\/lilou-square-goi-tua\/#primaryimage\"},\"image\":{\"@id\":\"https:\/\/casanha.com\/product\/lilou-square-goi-tua\/#primaryimage\"},\"thumbnailUrl\":\"https:\/\/casanha-beta.s3.ap-southeast-1.amazonaws.com\/2023\/12\/Lilou-square-cushion-yellow-pic-1.png\",\"datePublished\":\"2023-12-25T10:55:20+00:00\",\"dateModified\":\"2026-04-13T04:49:26+00:00\",\"breadcrumb\":{\"@id\":\"https:\/\/casanha.com\/product\/lilou-square-goi-tua\/#breadcrumb\"},\"inLanguage\":\"vi\",\"potentialAction\":[{\"@type\":\"ReadAction\",\"target\":[\"https:\/\/casanha.com\/product\/lilou-square-goi-tua\/\"]}]},{\"@type\":\"ImageObject\",\"inLanguage\":\"vi\",\"@id\":\"https:\/\/casanha.com\/product\/lilou-square-goi-tua\/#primaryimage\",\"url\":\"https:\/\/casanha-beta.s3.ap-southeast-1.amazonaws.com\/2023\/12\/Lilou-square-cushion-yellow-pic-1.png\",\"contentUrl\":\"https:\/\/casanha-beta.s3.ap-southeast-1.amazonaws.com\/2023\/12\/Lilou-square-cushion-yellow-pic-1.png\",\"width\":1080,\"height\":1350},{\"@type\":\"BreadcrumbList\",\"@id\":\"https:\/\/casanha.com\/product\/lilou-square-goi-tua\/#breadcrumb\",\"itemListElement\":[{\"@type\":\"ListItem\",\"position\":1,\"name\":\"Home\",\"item\":\"https:\/\/casanha.com\/\"},{\"@type\":\"ListItem\",\"position\":2,\"name\":\"C\u1eeda h\u00e0ng\",\"item\":\"https:\/\/casanha.com\/vi\/cua-hang\/\"},{\"@type\":\"ListItem\",\"position\":3,\"name\":\"LILOU &#8220;SQUARE&#8221; &#8211; G\u1ed0I T\u1ef0A\"}]},{\"@type\":\"WebSite\",\"@id\":\"https:\/\/casanha.com\/vi\/#website\",\"url\":\"https:\/\/casanha.com\/vi\/\",\"name\":\"Casanha\",\"description\":\"Home Decor &amp; Furniture\",\"publisher\":{\"@id\":\"https:\/\/casanha.com\/vi\/#organization\"},\"potentialAction\":[{\"@type\":\"SearchAction\",\"target\":{\"@type\":\"EntryPoint\",\"urlTemplate\":\"https:\/\/casanha.com\/vi\/?s={search_term_string}\"},\"query-input\":{\"@type\":\"PropertyValueSpecification\",\"valueRequired\":true,\"valueName\":\"search_term_string\"}}],\"inLanguage\":\"vi\"},{\"@type\":\"Organization\",\"@id\":\"https:\/\/casanha.com\/vi\/#organization\",\"name\":\"Casanha\",\"url\":\"https:\/\/casanha.com\/vi\/\",\"logo\":{\"@type\":\"ImageObject\",\"inLanguage\":\"vi\",\"@id\":\"https:\/\/casanha.com\/vi\/#\/schema\/logo\/image\/\",\"url\":\"https:\/\/casanha-beta.s3.ap-southeast-1.amazonaws.com\/2026\/02\/logo-2026.jpg\",\"contentUrl\":\"https:\/\/casanha-beta.s3.ap-southeast-1.amazonaws.com\/2026\/02\/logo-2026.jpg\",\"width\":1500,\"height\":1500,\"caption\":\"Casanha\"},\"image\":{\"@id\":\"https:\/\/casanha.com\/vi\/#\/schema\/logo\/image\/\"},\"sameAs\":[\"https:\/\/www.facebook.com\/CasanhaHome\",\"https:\/\/www.instagram.com\/casanhahome\/\",\"https:\/\/www.youtube.com\/@casanha\",\"https:\/\/www.tiktok.com\/@casanha.com\",\"https:\/\/zalo.me\/casanhahome\"]}]}<\/script>\n<!-- \/ Yoast SEO plugin. -->","yoast_head_json":{"title":"LILOU \"SQUARE\" - G\u1ed0I T\u1ef0A - Casanha","robots":{"index":"index","follow":"follow","max-snippet":"max-snippet:-1","max-image-preview":"max-image-preview:large","max-video-preview":"max-video-preview:-1"},"canonical":"https:\/\/casanha.com\/vi\/san-pham\/lilou-square-goi-tua\/","og_locale":"vi_VN","og_type":"article","og_title":"LILOU \"SQUARE\" - G\u1ed0I T\u1ef0A - Casanha","og_description":"V\u1edbi c\u00e1c \u0111\u01b0\u1eddng n\u00e9t g\u1ecdn g\u00e0ng, d\u00f2ng g\u1ed1i LILOU c\u1ee7a ch\u00fang t\u00f4i s\u1ebd mang \u0111\u1ebfn m\u1ed9t n\u1ed1t nh\u1ea1c quy\u1ebfn r\u0169 cho c\u0103n ph\u00f2ng c\u1ee7a b\u1ea1n m\u1ed9t c\u00e1ch d\u1ec5 d\u00e0ng. Thi\u1ebft k\u1ebf trang nh\u00e3 c\u1ee7a n\u00f3 s\u1ebd ph\u00f9 h\u1ee3p v\u1edbi ki\u1ec3u trang tr\u00ed c\u1ed5 \u0111i\u1ec3n b\u1eb1ng c\u00e1ch t\u00edch h\u1ee3p m\u1ed9t n\u00e9t sang tr\u1ecdng. V\u1edbi ki\u1ec3u d\u00e1ng h\u00ecnh ch\u1eef nh\u1eadt h\u01a1i cong v\u00e0o trong, \u0111\u1ec7m Lilou n\u1ed5i b\u1eadt trong ph\u00f2ng ng\u1ee7 hay ph\u00f2ng kh\u00e1ch\/ With neat lines, our LILOU Line will bring a glamorous note to your room with ease. Its sober design will match a classic decoration by integrating a chic touch. With its rectangular shape slightly curved inwards, the Lilou cushion stands out in a bedroom or living room.","og_url":"https:\/\/casanha.com\/vi\/san-pham\/lilou-square-goi-tua\/","og_site_name":"Casanha","article_publisher":"https:\/\/www.facebook.com\/CasanhaHome","article_modified_time":"2026-04-13T04:49:26+00:00","og_image":[{"width":1080,"height":1350,"url":"https:\/\/casanha-beta.s3.ap-southeast-1.amazonaws.com\/2023\/12\/Lilou-square-cushion-yellow-pic-1.png","type":"image\/png"}],"twitter_card":"summary_large_image","schema":{"@context":"https:\/\/schema.org","@graph":[{"@type":"WebPage","@id":"https:\/\/casanha.com\/product\/lilou-square-goi-tua\/","url":"https:\/\/casanha.com\/product\/lilou-square-goi-tua\/","name":"LILOU \"SQUARE\" - G\u1ed0I T\u1ef0A - Casanha","isPartOf":{"@id":"https:\/\/casanha.com\/vi\/#website"},"primaryImageOfPage":{"@id":"https:\/\/casanha.com\/product\/lilou-square-goi-tua\/#primaryimage"},"image":{"@id":"https:\/\/casanha.com\/product\/lilou-square-goi-tua\/#primaryimage"},"thumbnailUrl":"https:\/\/casanha-beta.s3.ap-southeast-1.amazonaws.com\/2023\/12\/Lilou-square-cushion-yellow-pic-1.png","datePublished":"2023-12-25T10:55:20+00:00","dateModified":"2026-04-13T04:49:26+00:00","breadcrumb":{"@id":"https:\/\/casanha.com\/product\/lilou-square-goi-tua\/#breadcrumb"},"inLanguage":"vi","potentialAction":[{"@type":"ReadAction","target":["https:\/\/casanha.com\/product\/lilou-square-goi-tua\/"]}]},{"@type":"ImageObject","inLanguage":"vi","@id":"https:\/\/casanha.com\/product\/lilou-square-goi-tua\/#primaryimage","url":"https:\/\/casanha-beta.s3.ap-southeast-1.amazonaws.com\/2023\/12\/Lilou-square-cushion-yellow-pic-1.png","contentUrl":"https:\/\/casanha-beta.s3.ap-southeast-1.amazonaws.com\/2023\/12\/Lilou-square-cushion-yellow-pic-1.png","width":1080,"height":1350},{"@type":"BreadcrumbList","@id":"https:\/\/casanha.com\/product\/lilou-square-goi-tua\/#breadcrumb","itemListElement":[{"@type":"ListItem","position":1,"name":"Home","item":"https:\/\/casanha.com\/"},{"@type":"ListItem","position":2,"name":"C\u1eeda h\u00e0ng","item":"https:\/\/casanha.com\/vi\/cua-hang\/"},{"@type":"ListItem","position":3,"name":"LILOU &#8220;SQUARE&#8221; &#8211; G\u1ed0I T\u1ef0A"}]},{"@type":"WebSite","@id":"https:\/\/casanha.com\/vi\/#website","url":"https:\/\/casanha.com\/vi\/","name":"Casanha","description":"Home Decor &amp; Furniture","publisher":{"@id":"https:\/\/casanha.com\/vi\/#organization"},"potentialAction":[{"@type":"SearchAction","target":{"@type":"EntryPoint","urlTemplate":"https:\/\/casanha.com\/vi\/?s={search_term_string}"},"query-input":{"@type":"PropertyValueSpecification","valueRequired":true,"valueName":"search_term_string"}}],"inLanguage":"vi"},{"@type":"Organization","@id":"https:\/\/casanha.com\/vi\/#organization","name":"Casanha","url":"https:\/\/casanha.com\/vi\/","logo":{"@type":"ImageObject","inLanguage":"vi","@id":"https:\/\/casanha.com\/vi\/#\/schema\/logo\/image\/","url":"https:\/\/casanha-beta.s3.ap-southeast-1.amazonaws.com\/2026\/02\/logo-2026.jpg","contentUrl":"https:\/\/casanha-beta.s3.ap-southeast-1.amazonaws.com\/2026\/02\/logo-2026.jpg","width":1500,"height":1500,"caption":"Casanha"},"image":{"@id":"https:\/\/casanha.com\/vi\/#\/schema\/logo\/image\/"},"sameAs":["https:\/\/www.facebook.com\/CasanhaHome","https:\/\/www.instagram.com\/casanhahome\/","https:\/\/www.youtube.com\/@casanha","https:\/\/www.tiktok.com\/@casanha.com","https:\/\/zalo.me\/casanhahome"]}]}},"_links":{"self":[{"href":"https:\/\/casanha.com\/vi\/wp-json\/wp\/v2\/product\/48351","targetHints":{"allow":["GET"]}}],"collection":[{"href":"https:\/\/casanha.com\/vi\/wp-json\/wp\/v2\/product"}],"about":[{"href":"https:\/\/casanha.com\/vi\/wp-json\/wp\/v2\/types\/product"}],"replies":[{"embeddable":true,"href":"https:\/\/casanha.com\/vi\/wp-json\/wp\/v2\/comments?post=48351"}],"version-history":[{"count":8,"href":"https:\/\/casanha.com\/vi\/wp-json\/wp\/v2\/product\/48351\/revisions"}],"predecessor-version":[{"id":111102,"href":"https:\/\/casanha.com\/vi\/wp-json\/wp\/v2\/product\/48351\/revisions\/111102"}],"wp:featuredmedia":[{"embeddable":true,"href":"https:\/\/casanha.com\/vi\/wp-json\/wp\/v2\/media\/111127"}],"wp:attachment":[{"href":"https:\/\/casanha.com\/vi\/wp-json\/wp\/v2\/media?parent=48351"}],"wp:term":[{"taxonomy":"product_brand","embeddable":true,"href":"https:\/\/casanha.com\/vi\/wp-json\/wp\/v2\/product_brand?post=48351"},{"taxonomy":"product_cat","embeddable":true,"href":"https:\/\/casanha.com\/vi\/wp-json\/wp\/v2\/product_cat?post=48351"},{"taxonomy":"product_tag","embeddable":true,"href":"https:\/\/casanha.com\/vi\/wp-json\/wp\/v2\/product_tag?post=48351"}],"curies":[{"name":"wp","href":"https:\/\/api.w.org\/{rel}","templated":true}]}}