{"id":44888,"date":"2023-09-27T18:34:48","date_gmt":"2023-09-27T11:34:48","guid":{"rendered":"https:\/\/casanha.com\/product\/enzo-nen-thom\/"},"modified":"2026-04-10T10:36:58","modified_gmt":"2026-04-10T03:36:58","slug":"enzo-nen-thom","status":"publish","type":"product","link":"https:\/\/casanha.com\/vi\/san-pham\/enzo-nen-thom\/","title":{"rendered":"ENZO &#8220;VANILLA&#8221; &#8211; N\u1ebeN TH\u01a0M"},"content":{"rendered":"","protected":false},"excerpt":{"rendered":"<p><span lang=\"EN-US\">Vani c\u00f3 h\u01b0\u01a1ng th\u01a1m \u1ea5m \u00e1p, ng\u1ecdt ng\u00e0o v\u00e0 b\u00e9o m\u1ecbn, v\u1edbi nh\u1eefng s\u1eafc th\u00e1i gourmand d\u1ecbu nh\u1eb9, mang l\u1ea1i c\u1ea3m gi\u00e1c d\u1ec5 ch\u1ecbu, \u1ea5m c\u00fang v\u00e0 quy\u1ebfn r\u0169 m\u1ed9t c\u00e1ch tinh t\u1ebf\/\u00a0<\/span><span lang=\"EN-US\"><em>Vanilla has a warm, sweet, and creamy fragrance with soft gourmand undertones that feel comforting, cozy, and gently sensual.<\/em><\/span><strong><span lang=\"EN-US\"><em><br \/>\n<\/em><br \/>\nTh\u00f4ng tin s\u1ea3n ph\u1ea9m\/\u00a0<em>Th\u00f4ng tin s\u1ea3n ph\u1ea9m<\/em><\/span><\/strong><\/p>\n<p><span lang=\"EN-US\">M\u00e0u s\u1eafc\/\u00a0<em>M\u00e0u s\u1eafc:\u00a0<\/em><\/span>V\u00e1ng<span lang=\"EN-US\">\/\u00a0<em>Yellow<br \/>\n<\/em><\/span><span lang=\"EN-US\">Ch\u1ea5t li\u1ec7u\/\u00a0<em>Ch\u1ea5t li\u1ec7u<\/em>: K\u00ednh, MDF &amp; s<\/span><span lang=\"EN-US\">\u00e1p\/<em>\u00a0Glass, MDF &amp; wax<br \/>\n<\/em><\/span><span lang=\"EN-US\">K\u00edch th\u01b0\u1edbc\/\u00a0<em>K\u00edch th\u01b0\u1edbc:<\/em>: D15 x H15cm<br \/>\n<\/span><span lang=\"EN-US\">H\u01b0\u01a1ng th\u01a1m\/\u00a0<em>Fragranced<\/em>:\u00a0<\/span><span lang=\"EN-US\">\u0110\u00fang\/\u00a0<em>Yes\u00a0<\/em>(<\/span>Vani<span lang=\"EN-US\">\/\u00a0<em>Vanilla<\/em><\/span><span lang=\"EN-US\">)<br \/>\n<\/span><span lang=\"EN-US\">Th\u1eddi gian ch\u00e1y\/\u00a0<em>Burning time<\/em>\u00a0: (+\/-) 75H<br \/>\n<\/span>N\u01b0\u1edbc hoa \u0111\u01b0\u1ee3c s\u1ea3n xu\u1ea5t t\u1ea1i Ph\u00e1p\/\u00a0<em>Perfume made in France<\/em><\/p>\n<p><span lang=\"EN-US\">B\u1ed9 s\u01b0u t\u1eadp\/\u00a0<em>Collection<\/em>: Enzo line<br \/>\n<\/span><span lang=\"EN-US\">Phong c\u00e1ch\/\u00a0<em>Phong c\u00e1ch<\/em>: Casanh\u00e0<\/span><\/p>\n<p><span lang=\"EN-US\">C\u00e2n n\u1eb7ng\/\u00a0<em>Weight<\/em>: 2.5kg<br \/>\n<\/span><span lang=\"EN-US\">Bao b\u00ec\/\u00a0<em>Packaging<\/em>: Standard<\/span><\/p>\n<p><span lang=\"EN-US\">N\u01b0\u1edbc xu\u1ea5t x\u1ee9\/\u00a0<em>Country of origin<\/em>:\u00a0<\/span><span lang=\"VI\">Trung Qu\u1ed1c\/\u00a0<\/span><em><span lang=\"EN-US\">China<\/span><\/em><\/p>","protected":false},"featured_media":111561,"comment_status":"open","ping_status":"closed","template":"","meta":[],"product_brand":[17],"product_cat":[3027,2518],"product_tag":[],"class_list":{"0":"post-44888","1":"product","2":"type-product","3":"status-publish","4":"has-post-thumbnail","6":"product_brand-casanha","7":"product_cat-flash-sale-online-exclusive","8":"product_cat-fragranced-candle","9":"product_shipping_class-normal-items","10":"pa_specification-linen","11":"pa_specification-tonka","12":"pa_specification-vanilla","13":"pa_specification-wood","15":"first","16":"instock","17":"sale","18":"shipping-taxable","19":"purchasable","20":"product-type-simple"},"yoast_head":"<!-- This site is optimized with the Yoast SEO plugin v27.1.1 - https:\/\/yoast.com\/product\/yoast-seo-wordpress\/ -->\n<title>ENZO &quot;VANILLA&quot; - N\u1ebeN TH\u01a0M - Casanha<\/title>\n<meta name=\"robots\" content=\"index, follow, max-snippet:-1, max-image-preview:large, max-video-preview:-1\" \/>\n<link rel=\"canonical\" href=\"https:\/\/casanha.com\/vi\/san-pham\/enzo-nen-thom\/\" \/>\n<meta property=\"og:locale\" content=\"vi_VN\" \/>\n<meta property=\"og:type\" content=\"article\" \/>\n<meta property=\"og:title\" content=\"ENZO &quot;VANILLA&quot; - N\u1ebeN TH\u01a0M - Casanha\" \/>\n<meta property=\"og:description\" content=\"Vani c\u00f3 h\u01b0\u01a1ng th\u01a1m \u1ea5m \u00e1p, ng\u1ecdt ng\u00e0o v\u00e0 b\u00e9o m\u1ecbn, v\u1edbi nh\u1eefng s\u1eafc th\u00e1i gourmand d\u1ecbu nh\u1eb9, mang l\u1ea1i c\u1ea3m gi\u00e1c d\u1ec5 ch\u1ecbu, \u1ea5m c\u00fang v\u00e0 quy\u1ebfn r\u0169 m\u1ed9t c\u00e1ch tinh t\u1ebf\/\u00a0Vanilla has a warm, sweet, and creamy fragrance with soft gourmand undertones that feel comforting, cozy, and gently sensual.  Th\u00f4ng tin s\u1ea3n ph\u1ea9m\/\u00a0Product information  M\u00e0u s\u1eafc\/\u00a0Color:\u00a0V\u00e1ng\/\u00a0Yellow Ch\u1ea5t li\u1ec7u\/\u00a0Materials: K\u00ednh, MDF &amp; s\u00e1p\/\u00a0Glass, MDF &amp; wax K\u00edch th\u01b0\u1edbc\/\u00a0Dimensions: D15 x H15cm H\u01b0\u01a1ng th\u01a1m\/\u00a0Fragranced:\u00a0\u0110\u00fang\/\u00a0Yes\u00a0(Vani\/\u00a0Vanilla) Th\u1eddi gian ch\u00e1y\/\u00a0Burning time\u00a0: (+\/-) 75H N\u01b0\u1edbc hoa \u0111\u01b0\u1ee3c s\u1ea3n xu\u1ea5t t\u1ea1i Ph\u00e1p\/\u00a0Perfume made in France  B\u1ed9 s\u01b0u t\u1eadp\/\u00a0Collection: Enzo line Phong c\u00e1ch\/\u00a0Style: Casanh\u00e0  C\u00e2n n\u1eb7ng\/\u00a0Weight: 2.5kg Bao b\u00ec\/\u00a0Packaging: Standard  N\u01b0\u1edbc xu\u1ea5t x\u1ee9\/\u00a0Country of origin:\u00a0Trung Qu\u1ed1c\/\u00a0China\" \/>\n<meta property=\"og:url\" content=\"https:\/\/casanha.com\/vi\/san-pham\/enzo-nen-thom\/\" \/>\n<meta property=\"og:site_name\" content=\"Casanha\" \/>\n<meta property=\"article:publisher\" content=\"https:\/\/www.facebook.com\/CasanhaHome\" \/>\n<meta property=\"article:modified_time\" content=\"2026-04-10T03:36:58+00:00\" \/>\n<meta property=\"og:image\" content=\"https:\/\/casanha-beta.s3.ap-southeast-1.amazonaws.com\/2023\/09\/Enzo-vanilla-cadle-pic-1.png\" \/>\n\t<meta property=\"og:image:width\" content=\"1080\" \/>\n\t<meta property=\"og:image:height\" content=\"1350\" \/>\n\t<meta property=\"og:image:type\" content=\"image\/png\" \/>\n<meta name=\"twitter:card\" content=\"summary_large_image\" \/>\n<script type=\"application\/ld+json\" class=\"yoast-schema-graph\">{\"@context\":\"https:\/\/schema.org\",\"@graph\":[{\"@type\":\"WebPage\",\"@id\":\"https:\/\/casanha.com\/product\/enzo-nen-thom\/\",\"url\":\"https:\/\/casanha.com\/product\/enzo-nen-thom\/\",\"name\":\"ENZO \\\"VANILLA\\\" - N\u1ebeN TH\u01a0M - Casanha\",\"isPartOf\":{\"@id\":\"https:\/\/casanha.com\/vi\/#website\"},\"primaryImageOfPage\":{\"@id\":\"https:\/\/casanha.com\/product\/enzo-nen-thom\/#primaryimage\"},\"image\":{\"@id\":\"https:\/\/casanha.com\/product\/enzo-nen-thom\/#primaryimage\"},\"thumbnailUrl\":\"https:\/\/casanha-beta.s3.ap-southeast-1.amazonaws.com\/2023\/09\/Enzo-vanilla-cadle-pic-1.png\",\"datePublished\":\"2023-09-27T11:34:48+00:00\",\"dateModified\":\"2026-04-10T03:36:58+00:00\",\"breadcrumb\":{\"@id\":\"https:\/\/casanha.com\/product\/enzo-nen-thom\/#breadcrumb\"},\"inLanguage\":\"vi\",\"potentialAction\":[{\"@type\":\"ReadAction\",\"target\":[\"https:\/\/casanha.com\/product\/enzo-nen-thom\/\"]}]},{\"@type\":\"ImageObject\",\"inLanguage\":\"vi\",\"@id\":\"https:\/\/casanha.com\/product\/enzo-nen-thom\/#primaryimage\",\"url\":\"https:\/\/casanha-beta.s3.ap-southeast-1.amazonaws.com\/2023\/09\/Enzo-vanilla-cadle-pic-1.png\",\"contentUrl\":\"https:\/\/casanha-beta.s3.ap-southeast-1.amazonaws.com\/2023\/09\/Enzo-vanilla-cadle-pic-1.png\",\"width\":1080,\"height\":1350},{\"@type\":\"BreadcrumbList\",\"@id\":\"https:\/\/casanha.com\/product\/enzo-nen-thom\/#breadcrumb\",\"itemListElement\":[{\"@type\":\"ListItem\",\"position\":1,\"name\":\"Home\",\"item\":\"https:\/\/casanha.com\/\"},{\"@type\":\"ListItem\",\"position\":2,\"name\":\"C\u1eeda h\u00e0ng\",\"item\":\"https:\/\/casanha.com\/vi\/cua-hang\/\"},{\"@type\":\"ListItem\",\"position\":3,\"name\":\"ENZO &#8220;VANILLA&#8221; &#8211; N\u1ebeN TH\u01a0M\"}]},{\"@type\":\"WebSite\",\"@id\":\"https:\/\/casanha.com\/vi\/#website\",\"url\":\"https:\/\/casanha.com\/vi\/\",\"name\":\"Casanha\",\"description\":\"Home Decor &amp; Furniture\",\"publisher\":{\"@id\":\"https:\/\/casanha.com\/vi\/#organization\"},\"potentialAction\":[{\"@type\":\"SearchAction\",\"target\":{\"@type\":\"EntryPoint\",\"urlTemplate\":\"https:\/\/casanha.com\/vi\/?s={search_term_string}\"},\"query-input\":{\"@type\":\"PropertyValueSpecification\",\"valueRequired\":true,\"valueName\":\"search_term_string\"}}],\"inLanguage\":\"vi\"},{\"@type\":\"Organization\",\"@id\":\"https:\/\/casanha.com\/vi\/#organization\",\"name\":\"Casanha\",\"url\":\"https:\/\/casanha.com\/vi\/\",\"logo\":{\"@type\":\"ImageObject\",\"inLanguage\":\"vi\",\"@id\":\"https:\/\/casanha.com\/vi\/#\/schema\/logo\/image\/\",\"url\":\"https:\/\/casanha-beta.s3.ap-southeast-1.amazonaws.com\/2026\/02\/logo-2026.jpg\",\"contentUrl\":\"https:\/\/casanha-beta.s3.ap-southeast-1.amazonaws.com\/2026\/02\/logo-2026.jpg\",\"width\":1500,\"height\":1500,\"caption\":\"Casanha\"},\"image\":{\"@id\":\"https:\/\/casanha.com\/vi\/#\/schema\/logo\/image\/\"},\"sameAs\":[\"https:\/\/www.facebook.com\/CasanhaHome\",\"https:\/\/www.instagram.com\/casanhahome\/\",\"https:\/\/www.youtube.com\/@casanha\",\"https:\/\/www.tiktok.com\/@casanha.com\",\"https:\/\/zalo.me\/casanhahome\"]}]}<\/script>\n<!-- \/ Yoast SEO plugin. -->","yoast_head_json":{"title":"ENZO \"VANILLA\" - N\u1ebeN TH\u01a0M - Casanha","robots":{"index":"index","follow":"follow","max-snippet":"max-snippet:-1","max-image-preview":"max-image-preview:large","max-video-preview":"max-video-preview:-1"},"canonical":"https:\/\/casanha.com\/vi\/san-pham\/enzo-nen-thom\/","og_locale":"vi_VN","og_type":"article","og_title":"ENZO \"VANILLA\" - N\u1ebeN TH\u01a0M - Casanha","og_description":"Vani c\u00f3 h\u01b0\u01a1ng th\u01a1m \u1ea5m \u00e1p, ng\u1ecdt ng\u00e0o v\u00e0 b\u00e9o m\u1ecbn, v\u1edbi nh\u1eefng s\u1eafc th\u00e1i gourmand d\u1ecbu nh\u1eb9, mang l\u1ea1i c\u1ea3m gi\u00e1c d\u1ec5 ch\u1ecbu, \u1ea5m c\u00fang v\u00e0 quy\u1ebfn r\u0169 m\u1ed9t c\u00e1ch tinh t\u1ebf\/\u00a0Vanilla has a warm, sweet, and creamy fragrance with soft gourmand undertones that feel comforting, cozy, and gently sensual.  Th\u00f4ng tin s\u1ea3n ph\u1ea9m\/\u00a0Product information  M\u00e0u s\u1eafc\/\u00a0Color:\u00a0V\u00e1ng\/\u00a0Yellow Ch\u1ea5t li\u1ec7u\/\u00a0Materials: K\u00ednh, MDF &amp; s\u00e1p\/\u00a0Glass, MDF &amp; wax K\u00edch th\u01b0\u1edbc\/\u00a0Dimensions: D15 x H15cm H\u01b0\u01a1ng th\u01a1m\/\u00a0Fragranced:\u00a0\u0110\u00fang\/\u00a0Yes\u00a0(Vani\/\u00a0Vanilla) Th\u1eddi gian ch\u00e1y\/\u00a0Burning time\u00a0: (+\/-) 75H N\u01b0\u1edbc hoa \u0111\u01b0\u1ee3c s\u1ea3n xu\u1ea5t t\u1ea1i Ph\u00e1p\/\u00a0Perfume made in France  B\u1ed9 s\u01b0u t\u1eadp\/\u00a0Collection: Enzo line Phong c\u00e1ch\/\u00a0Style: Casanh\u00e0  C\u00e2n n\u1eb7ng\/\u00a0Weight: 2.5kg Bao b\u00ec\/\u00a0Packaging: Standard  N\u01b0\u1edbc xu\u1ea5t x\u1ee9\/\u00a0Country of origin:\u00a0Trung Qu\u1ed1c\/\u00a0China","og_url":"https:\/\/casanha.com\/vi\/san-pham\/enzo-nen-thom\/","og_site_name":"Casanha","article_publisher":"https:\/\/www.facebook.com\/CasanhaHome","article_modified_time":"2026-04-10T03:36:58+00:00","og_image":[{"width":1080,"height":1350,"url":"https:\/\/casanha-beta.s3.ap-southeast-1.amazonaws.com\/2023\/09\/Enzo-vanilla-cadle-pic-1.png","type":"image\/png"}],"twitter_card":"summary_large_image","schema":{"@context":"https:\/\/schema.org","@graph":[{"@type":"WebPage","@id":"https:\/\/casanha.com\/product\/enzo-nen-thom\/","url":"https:\/\/casanha.com\/product\/enzo-nen-thom\/","name":"ENZO \"VANILLA\" - N\u1ebeN TH\u01a0M - Casanha","isPartOf":{"@id":"https:\/\/casanha.com\/vi\/#website"},"primaryImageOfPage":{"@id":"https:\/\/casanha.com\/product\/enzo-nen-thom\/#primaryimage"},"image":{"@id":"https:\/\/casanha.com\/product\/enzo-nen-thom\/#primaryimage"},"thumbnailUrl":"https:\/\/casanha-beta.s3.ap-southeast-1.amazonaws.com\/2023\/09\/Enzo-vanilla-cadle-pic-1.png","datePublished":"2023-09-27T11:34:48+00:00","dateModified":"2026-04-10T03:36:58+00:00","breadcrumb":{"@id":"https:\/\/casanha.com\/product\/enzo-nen-thom\/#breadcrumb"},"inLanguage":"vi","potentialAction":[{"@type":"ReadAction","target":["https:\/\/casanha.com\/product\/enzo-nen-thom\/"]}]},{"@type":"ImageObject","inLanguage":"vi","@id":"https:\/\/casanha.com\/product\/enzo-nen-thom\/#primaryimage","url":"https:\/\/casanha-beta.s3.ap-southeast-1.amazonaws.com\/2023\/09\/Enzo-vanilla-cadle-pic-1.png","contentUrl":"https:\/\/casanha-beta.s3.ap-southeast-1.amazonaws.com\/2023\/09\/Enzo-vanilla-cadle-pic-1.png","width":1080,"height":1350},{"@type":"BreadcrumbList","@id":"https:\/\/casanha.com\/product\/enzo-nen-thom\/#breadcrumb","itemListElement":[{"@type":"ListItem","position":1,"name":"Home","item":"https:\/\/casanha.com\/"},{"@type":"ListItem","position":2,"name":"C\u1eeda h\u00e0ng","item":"https:\/\/casanha.com\/vi\/cua-hang\/"},{"@type":"ListItem","position":3,"name":"ENZO &#8220;VANILLA&#8221; &#8211; N\u1ebeN TH\u01a0M"}]},{"@type":"WebSite","@id":"https:\/\/casanha.com\/vi\/#website","url":"https:\/\/casanha.com\/vi\/","name":"Casanha","description":"Home Decor &amp; Furniture","publisher":{"@id":"https:\/\/casanha.com\/vi\/#organization"},"potentialAction":[{"@type":"SearchAction","target":{"@type":"EntryPoint","urlTemplate":"https:\/\/casanha.com\/vi\/?s={search_term_string}"},"query-input":{"@type":"PropertyValueSpecification","valueRequired":true,"valueName":"search_term_string"}}],"inLanguage":"vi"},{"@type":"Organization","@id":"https:\/\/casanha.com\/vi\/#organization","name":"Casanha","url":"https:\/\/casanha.com\/vi\/","logo":{"@type":"ImageObject","inLanguage":"vi","@id":"https:\/\/casanha.com\/vi\/#\/schema\/logo\/image\/","url":"https:\/\/casanha-beta.s3.ap-southeast-1.amazonaws.com\/2026\/02\/logo-2026.jpg","contentUrl":"https:\/\/casanha-beta.s3.ap-southeast-1.amazonaws.com\/2026\/02\/logo-2026.jpg","width":1500,"height":1500,"caption":"Casanha"},"image":{"@id":"https:\/\/casanha.com\/vi\/#\/schema\/logo\/image\/"},"sameAs":["https:\/\/www.facebook.com\/CasanhaHome","https:\/\/www.instagram.com\/casanhahome\/","https:\/\/www.youtube.com\/@casanha","https:\/\/www.tiktok.com\/@casanha.com","https:\/\/zalo.me\/casanhahome"]}]}},"_links":{"self":[{"href":"https:\/\/casanha.com\/vi\/wp-json\/wp\/v2\/product\/44888","targetHints":{"allow":["GET"]}}],"collection":[{"href":"https:\/\/casanha.com\/vi\/wp-json\/wp\/v2\/product"}],"about":[{"href":"https:\/\/casanha.com\/vi\/wp-json\/wp\/v2\/types\/product"}],"replies":[{"embeddable":true,"href":"https:\/\/casanha.com\/vi\/wp-json\/wp\/v2\/comments?post=44888"}],"version-history":[{"count":6,"href":"https:\/\/casanha.com\/vi\/wp-json\/wp\/v2\/product\/44888\/revisions"}],"predecessor-version":[{"id":116131,"href":"https:\/\/casanha.com\/vi\/wp-json\/wp\/v2\/product\/44888\/revisions\/116131"}],"wp:featuredmedia":[{"embeddable":true,"href":"https:\/\/casanha.com\/vi\/wp-json\/wp\/v2\/media\/111561"}],"wp:attachment":[{"href":"https:\/\/casanha.com\/vi\/wp-json\/wp\/v2\/media?parent=44888"}],"wp:term":[{"taxonomy":"product_brand","embeddable":true,"href":"https:\/\/casanha.com\/vi\/wp-json\/wp\/v2\/product_brand?post=44888"},{"taxonomy":"product_cat","embeddable":true,"href":"https:\/\/casanha.com\/vi\/wp-json\/wp\/v2\/product_cat?post=44888"},{"taxonomy":"product_tag","embeddable":true,"href":"https:\/\/casanha.com\/vi\/wp-json\/wp\/v2\/product_tag?post=44888"}],"curies":[{"name":"wp","href":"https:\/\/api.w.org\/{rel}","templated":true}]}}