{"id":44887,"date":"2023-09-27T18:34:31","date_gmt":"2023-09-27T11:34:31","guid":{"rendered":"https:\/\/casanha.com\/product\/nadherni-nen-thom\/"},"modified":"2026-03-03T09:01:28","modified_gmt":"2026-03-03T02:01:28","slug":"nadherni-nen-thom-oriental","status":"publish","type":"product","link":"https:\/\/casanha.com\/vi\/san-pham\/nadherni-nen-thom-oriental\/","title":{"rendered":"NADHERNI &#8220;BOUQUET ORIENTAL&#8221; &#8211; N\u1ebeN TH\u01a0M"},"content":{"rendered":"","protected":false},"excerpt":{"rendered":"<p><span lang=\"EN-US\">Gia v\u1ecb c\u00f3 h\u01b0\u01a1ng th\u01a1m \u1ea5m \u00e1p, s\u1ed1ng \u0111\u1ed9ng, c\u00f3 th\u1ec3 dao \u0111\u1ed9ng t\u1eeb ng\u1ecdt ng\u00e0o, h\u01b0\u01a1ng hoa \u0111\u1ebfn m\u00f9i \u0111\u1ea5t, kh\u00f3i ho\u1eb7c cay n\u1ed3ng s\u1eafc s\u1ea3o. H\u01b0\u01a1ng th\u01a1m c\u1ee7a ch\u00fang th\u01b0\u1eddng \u0111\u1eadm \u0111\u00e0 v\u00e0 nhi\u1ec1u t\u1ea7ng l\u1edbp, h\u00f2a quy\u1ec7n gi\u1eefa v\u1ecb cay, ng\u1ecdt, m\u00f9i g\u1ed7 v\u00e0 h\u01b0\u01a1ng cam chanh, \u0111\u00e1nh th\u1ee9c c\u00e1c gi\u00e1c quan v\u00e0 l\u01b0u l\u1ea1i l\u00e2u trong kh\u00f4ng kh\u00ed.<\/span><span lang=\"EN-US\"><em>\/ Spices have a warm, vibrant fragrance that can range from sweet and floral to earthy, smoky, or sharply pungent. Their aroma often feels rich and layered, blending notes of heat, sweetness, woodiness, and citrus that awaken the senses and linger in the air.<\/em><\/span><\/p>\n<p>Th\u00f4ng tin s\u1ea3n ph\u1ea9m\/\u00a0<em>Th\u00f4ng tin s\u1ea3n ph\u1ea9m<\/em><\/p>\n<p><span lang=\"EN-US\">M\u00e0u s\u1eafc\/\u00a0<em>M\u00e0u s\u1eafc:\u00a0<\/em><\/span><span lang=\"EN-US\">H\u1ed3ng \u0111\u1ea5t\/\u00a0<em>Terracotta<br \/>\n<\/em><\/span><span lang=\"EN-US\">Ch\u1ea5t li\u1ec7u\/\u00a0<em>Ch\u1ea5t li\u1ec7u<\/em>: K\u00ednh &amp; s<\/span><span lang=\"EN-US\">\u00e1p\/<em>\u00a0Glass &amp; wax<br \/>\n<\/em><\/span><span lang=\"EN-US\">K\u00edch th\u01b0\u1edbc\/\u00a0<em>K\u00edch th\u01b0\u1edbc:<\/em>: D8 x H9cm<br \/>\n<\/span><span lang=\"EN-US\">H\u01b0\u01a1ng th\u01a1m\/\u00a0<em>Fragranced<\/em>:\u00a0<\/span><span lang=\"EN-US\">\u0110\u00fang\/\u00a0<em>Yes\u00a0<\/em>(G<\/span>ia v\u1ecb<span lang=\"EN-US\">\/\u00a0<em>Spices<\/em>)<br \/>\n<\/span><span lang=\"EN-US\">Th\u1eddi gian ch\u00e1y\/\u00a0<em>Burning time<\/em>\u00a0: (+\/-) 40H<br \/>\n<\/span>N\u01b0\u1edbc hoa \u0111\u01b0\u1ee3c s\u1ea3n xu\u1ea5t t\u1ea1i Ph\u00e1p\/\u00a0<em>Perfume made in France<\/em><\/p>\n<p><span lang=\"EN-US\">B\u1ed9 s\u01b0u t\u1eadp\/\u00a0<em>Collection<\/em>: Nadherni line<br \/>\n<\/span><span lang=\"EN-US\">Phong c\u00e1ch\/\u00a0<em>Phong c\u00e1ch<\/em>: Casanh\u00e0<\/span><\/p>\n<p><span lang=\"EN-US\">C\u00e2n n\u1eb7ng\/\u00a0<em>Weight<\/em>: 0.46kg<br \/>\n<\/span><span lang=\"EN-US\">Bao b\u00ec\/\u00a0<em>Packaging<\/em>: Standard<\/span><\/p>\n<p><span lang=\"EN-US\">N\u01b0\u1edbc xu\u1ea5t x\u1ee9\/\u00a0<em>Country of origin<\/em>:\u00a0<\/span><span lang=\"VI\">Trung Qu\u1ed1c\/\u00a0<\/span><em><span lang=\"EN-US\">China<\/span><\/em><\/p>","protected":false},"featured_media":111679,"comment_status":"open","ping_status":"closed","template":"","meta":[],"product_brand":[17],"product_cat":[2518],"product_tag":[],"class_list":{"0":"post-44887","1":"product","2":"type-product","3":"status-publish","4":"has-post-thumbnail","6":"product_brand-casanha","7":"product_cat-fragranced-candle","8":"product_shipping_class-small-scale-items","9":"pa_specification-acai-watermelon","10":"pa_specification-amande-fleur-doranger","11":"pa_specification-amber","12":"pa_specification-bergamote-jasmine","13":"pa_specification-blood-orange","14":"pa_specification-bouquet-oriental","15":"pa_specification-citrus-safron","16":"pa_specification-eucalyptus","17":"pa_specification-monoi","18":"pa_specification-rose-patchouli","19":"pa_specification-santal","20":"pa_specification-tonka-lavande","21":"pa_specification-white-myrrh","23":"first","24":"outofstock","25":"shipping-taxable","26":"purchasable","27":"product-type-simple"},"yoast_head":"<!-- This site is optimized with the Yoast SEO plugin v27.1.1 - https:\/\/yoast.com\/product\/yoast-seo-wordpress\/ -->\n<title>NADHERNI &quot;BOUQUET ORIENTAL&quot; - N\u1ebeN TH\u01a0M - Casanha<\/title>\n<meta name=\"robots\" content=\"index, follow, max-snippet:-1, max-image-preview:large, max-video-preview:-1\" \/>\n<link rel=\"canonical\" href=\"https:\/\/casanha.com\/vi\/san-pham\/nadherni-nen-thom-oriental\/\" \/>\n<meta property=\"og:locale\" content=\"vi_VN\" \/>\n<meta property=\"og:type\" content=\"article\" \/>\n<meta property=\"og:title\" content=\"NADHERNI &quot;BOUQUET ORIENTAL&quot; - N\u1ebeN TH\u01a0M - Casanha\" \/>\n<meta property=\"og:description\" content=\"Gia v\u1ecb c\u00f3 h\u01b0\u01a1ng th\u01a1m \u1ea5m \u00e1p, s\u1ed1ng \u0111\u1ed9ng, c\u00f3 th\u1ec3 dao \u0111\u1ed9ng t\u1eeb ng\u1ecdt ng\u00e0o, h\u01b0\u01a1ng hoa \u0111\u1ebfn m\u00f9i \u0111\u1ea5t, kh\u00f3i ho\u1eb7c cay n\u1ed3ng s\u1eafc s\u1ea3o. H\u01b0\u01a1ng th\u01a1m c\u1ee7a ch\u00fang th\u01b0\u1eddng \u0111\u1eadm \u0111\u00e0 v\u00e0 nhi\u1ec1u t\u1ea7ng l\u1edbp, h\u00f2a quy\u1ec7n gi\u1eefa v\u1ecb cay, ng\u1ecdt, m\u00f9i g\u1ed7 v\u00e0 h\u01b0\u01a1ng cam chanh, \u0111\u00e1nh th\u1ee9c c\u00e1c gi\u00e1c quan v\u00e0 l\u01b0u l\u1ea1i l\u00e2u trong kh\u00f4ng kh\u00ed.\/ Spices have a warm, vibrant fragrance that can range from sweet and floral to earthy, smoky, or sharply pungent. Their aroma often feels rich and layered, blending notes of heat, sweetness, woodiness, and citrus that awaken the senses and linger in the air.  Th\u00f4ng tin s\u1ea3n ph\u1ea9m\/\u00a0Product information  M\u00e0u s\u1eafc\/\u00a0Color:\u00a0H\u1ed3ng \u0111\u1ea5t\/\u00a0Terracotta Ch\u1ea5t li\u1ec7u\/\u00a0Materials: K\u00ednh &amp; s\u00e1p\/\u00a0Glass &amp; wax K\u00edch th\u01b0\u1edbc\/\u00a0Dimensions: D8 x H9cm H\u01b0\u01a1ng th\u01a1m\/\u00a0Fragranced:\u00a0\u0110\u00fang\/\u00a0Yes\u00a0(Gia v\u1ecb\/\u00a0Spices) Th\u1eddi gian ch\u00e1y\/\u00a0Burning time\u00a0: (+\/-) 40H N\u01b0\u1edbc hoa \u0111\u01b0\u1ee3c s\u1ea3n xu\u1ea5t t\u1ea1i Ph\u00e1p\/\u00a0Perfume made in France  B\u1ed9 s\u01b0u t\u1eadp\/\u00a0Collection: Nadherni line Phong c\u00e1ch\/\u00a0Style: Casanh\u00e0  C\u00e2n n\u1eb7ng\/\u00a0Weight: 0.46kg Bao b\u00ec\/\u00a0Packaging: Standard  N\u01b0\u1edbc xu\u1ea5t x\u1ee9\/\u00a0Country of origin:\u00a0Trung Qu\u1ed1c\/\u00a0China\" \/>\n<meta property=\"og:url\" content=\"https:\/\/casanha.com\/vi\/san-pham\/nadherni-nen-thom-oriental\/\" \/>\n<meta property=\"og:site_name\" content=\"Casanha\" \/>\n<meta property=\"article:publisher\" content=\"https:\/\/www.facebook.com\/CasanhaHome\" \/>\n<meta property=\"article:modified_time\" content=\"2026-03-03T02:01:28+00:00\" \/>\n<meta property=\"og:image\" content=\"https:\/\/casanha-beta.s3.ap-southeast-1.amazonaws.com\/2026\/02\/Nadherni-candle-oriental-pic-1.png\" \/>\n\t<meta property=\"og:image:width\" content=\"1080\" \/>\n\t<meta property=\"og:image:height\" content=\"1350\" \/>\n\t<meta property=\"og:image:type\" content=\"image\/png\" \/>\n<meta name=\"twitter:card\" content=\"summary_large_image\" \/>\n<script type=\"application\/ld+json\" class=\"yoast-schema-graph\">{\"@context\":\"https:\/\/schema.org\",\"@graph\":[{\"@type\":\"WebPage\",\"@id\":\"https:\/\/casanha.com\/vi\/san-pham\/nadherni-nen-thom-oriental\/\",\"url\":\"https:\/\/casanha.com\/vi\/san-pham\/nadherni-nen-thom-oriental\/\",\"name\":\"NADHERNI \\\"BOUQUET ORIENTAL\\\" - N\u1ebeN TH\u01a0M - Casanha\",\"isPartOf\":{\"@id\":\"https:\/\/casanha.com\/vi\/#website\"},\"primaryImageOfPage\":{\"@id\":\"https:\/\/casanha.com\/vi\/san-pham\/nadherni-nen-thom-oriental\/#primaryimage\"},\"image\":{\"@id\":\"https:\/\/casanha.com\/vi\/san-pham\/nadherni-nen-thom-oriental\/#primaryimage\"},\"thumbnailUrl\":\"https:\/\/casanha-beta.s3.ap-southeast-1.amazonaws.com\/2026\/02\/Nadherni-candle-oriental-pic-1.png\",\"datePublished\":\"2023-09-27T11:34:31+00:00\",\"dateModified\":\"2026-03-03T02:01:28+00:00\",\"breadcrumb\":{\"@id\":\"https:\/\/casanha.com\/vi\/san-pham\/nadherni-nen-thom-oriental\/#breadcrumb\"},\"inLanguage\":\"vi\",\"potentialAction\":[{\"@type\":\"ReadAction\",\"target\":[\"https:\/\/casanha.com\/vi\/san-pham\/nadherni-nen-thom-oriental\/\"]}]},{\"@type\":\"ImageObject\",\"inLanguage\":\"vi\",\"@id\":\"https:\/\/casanha.com\/vi\/san-pham\/nadherni-nen-thom-oriental\/#primaryimage\",\"url\":\"https:\/\/casanha-beta.s3.ap-southeast-1.amazonaws.com\/2026\/02\/Nadherni-candle-oriental-pic-1.png\",\"contentUrl\":\"https:\/\/casanha-beta.s3.ap-southeast-1.amazonaws.com\/2026\/02\/Nadherni-candle-oriental-pic-1.png\",\"width\":1080,\"height\":1350},{\"@type\":\"BreadcrumbList\",\"@id\":\"https:\/\/casanha.com\/vi\/san-pham\/nadherni-nen-thom-oriental\/#breadcrumb\",\"itemListElement\":[{\"@type\":\"ListItem\",\"position\":1,\"name\":\"Home\",\"item\":\"https:\/\/casanha.com\/\"},{\"@type\":\"ListItem\",\"position\":2,\"name\":\"C\u1eeda h\u00e0ng\",\"item\":\"https:\/\/casanha.com\/vi\/cua-hang\/\"},{\"@type\":\"ListItem\",\"position\":3,\"name\":\"NADHERNI &#8220;BOUQUET ORIENTAL&#8221; &#8211; N\u1ebeN TH\u01a0M\"}]},{\"@type\":\"WebSite\",\"@id\":\"https:\/\/casanha.com\/vi\/#website\",\"url\":\"https:\/\/casanha.com\/vi\/\",\"name\":\"Casanha\",\"description\":\"Home Decor &amp; Furniture\",\"publisher\":{\"@id\":\"https:\/\/casanha.com\/vi\/#organization\"},\"potentialAction\":[{\"@type\":\"SearchAction\",\"target\":{\"@type\":\"EntryPoint\",\"urlTemplate\":\"https:\/\/casanha.com\/vi\/?s={search_term_string}\"},\"query-input\":{\"@type\":\"PropertyValueSpecification\",\"valueRequired\":true,\"valueName\":\"search_term_string\"}}],\"inLanguage\":\"vi\"},{\"@type\":\"Organization\",\"@id\":\"https:\/\/casanha.com\/vi\/#organization\",\"name\":\"Casanha\",\"url\":\"https:\/\/casanha.com\/vi\/\",\"logo\":{\"@type\":\"ImageObject\",\"inLanguage\":\"vi\",\"@id\":\"https:\/\/casanha.com\/vi\/#\/schema\/logo\/image\/\",\"url\":\"https:\/\/casanha-beta.s3.ap-southeast-1.amazonaws.com\/2026\/02\/logo-2026.jpg\",\"contentUrl\":\"https:\/\/casanha-beta.s3.ap-southeast-1.amazonaws.com\/2026\/02\/logo-2026.jpg\",\"width\":1500,\"height\":1500,\"caption\":\"Casanha\"},\"image\":{\"@id\":\"https:\/\/casanha.com\/vi\/#\/schema\/logo\/image\/\"},\"sameAs\":[\"https:\/\/www.facebook.com\/CasanhaHome\",\"https:\/\/www.instagram.com\/casanhahome\/\",\"https:\/\/www.youtube.com\/@casanha\",\"https:\/\/www.tiktok.com\/@casanha.com\",\"https:\/\/zalo.me\/casanhahome\"]}]}<\/script>\n<!-- \/ Yoast SEO plugin. -->","yoast_head_json":{"title":"NADHERNI \"BOUQUET ORIENTAL\" - N\u1ebeN TH\u01a0M - Casanha","robots":{"index":"index","follow":"follow","max-snippet":"max-snippet:-1","max-image-preview":"max-image-preview:large","max-video-preview":"max-video-preview:-1"},"canonical":"https:\/\/casanha.com\/vi\/san-pham\/nadherni-nen-thom-oriental\/","og_locale":"vi_VN","og_type":"article","og_title":"NADHERNI \"BOUQUET ORIENTAL\" - N\u1ebeN TH\u01a0M - Casanha","og_description":"Gia v\u1ecb c\u00f3 h\u01b0\u01a1ng th\u01a1m \u1ea5m \u00e1p, s\u1ed1ng \u0111\u1ed9ng, c\u00f3 th\u1ec3 dao \u0111\u1ed9ng t\u1eeb ng\u1ecdt ng\u00e0o, h\u01b0\u01a1ng hoa \u0111\u1ebfn m\u00f9i \u0111\u1ea5t, kh\u00f3i ho\u1eb7c cay n\u1ed3ng s\u1eafc s\u1ea3o. H\u01b0\u01a1ng th\u01a1m c\u1ee7a ch\u00fang th\u01b0\u1eddng \u0111\u1eadm \u0111\u00e0 v\u00e0 nhi\u1ec1u t\u1ea7ng l\u1edbp, h\u00f2a quy\u1ec7n gi\u1eefa v\u1ecb cay, ng\u1ecdt, m\u00f9i g\u1ed7 v\u00e0 h\u01b0\u01a1ng cam chanh, \u0111\u00e1nh th\u1ee9c c\u00e1c gi\u00e1c quan v\u00e0 l\u01b0u l\u1ea1i l\u00e2u trong kh\u00f4ng kh\u00ed.\/ Spices have a warm, vibrant fragrance that can range from sweet and floral to earthy, smoky, or sharply pungent. Their aroma often feels rich and layered, blending notes of heat, sweetness, woodiness, and citrus that awaken the senses and linger in the air.  Th\u00f4ng tin s\u1ea3n ph\u1ea9m\/\u00a0Product information  M\u00e0u s\u1eafc\/\u00a0Color:\u00a0H\u1ed3ng \u0111\u1ea5t\/\u00a0Terracotta Ch\u1ea5t li\u1ec7u\/\u00a0Materials: K\u00ednh &amp; s\u00e1p\/\u00a0Glass &amp; wax K\u00edch th\u01b0\u1edbc\/\u00a0Dimensions: D8 x H9cm H\u01b0\u01a1ng th\u01a1m\/\u00a0Fragranced:\u00a0\u0110\u00fang\/\u00a0Yes\u00a0(Gia v\u1ecb\/\u00a0Spices) Th\u1eddi gian ch\u00e1y\/\u00a0Burning time\u00a0: (+\/-) 40H N\u01b0\u1edbc hoa \u0111\u01b0\u1ee3c s\u1ea3n xu\u1ea5t t\u1ea1i Ph\u00e1p\/\u00a0Perfume made in France  B\u1ed9 s\u01b0u t\u1eadp\/\u00a0Collection: Nadherni line Phong c\u00e1ch\/\u00a0Style: Casanh\u00e0  C\u00e2n n\u1eb7ng\/\u00a0Weight: 0.46kg Bao b\u00ec\/\u00a0Packaging: Standard  N\u01b0\u1edbc xu\u1ea5t x\u1ee9\/\u00a0Country of origin:\u00a0Trung Qu\u1ed1c\/\u00a0China","og_url":"https:\/\/casanha.com\/vi\/san-pham\/nadherni-nen-thom-oriental\/","og_site_name":"Casanha","article_publisher":"https:\/\/www.facebook.com\/CasanhaHome","article_modified_time":"2026-03-03T02:01:28+00:00","og_image":[{"width":1080,"height":1350,"url":"https:\/\/casanha-beta.s3.ap-southeast-1.amazonaws.com\/2026\/02\/Nadherni-candle-oriental-pic-1.png","type":"image\/png"}],"twitter_card":"summary_large_image","schema":{"@context":"https:\/\/schema.org","@graph":[{"@type":"WebPage","@id":"https:\/\/casanha.com\/vi\/san-pham\/nadherni-nen-thom-oriental\/","url":"https:\/\/casanha.com\/vi\/san-pham\/nadherni-nen-thom-oriental\/","name":"NADHERNI \"BOUQUET ORIENTAL\" - N\u1ebeN TH\u01a0M - Casanha","isPartOf":{"@id":"https:\/\/casanha.com\/vi\/#website"},"primaryImageOfPage":{"@id":"https:\/\/casanha.com\/vi\/san-pham\/nadherni-nen-thom-oriental\/#primaryimage"},"image":{"@id":"https:\/\/casanha.com\/vi\/san-pham\/nadherni-nen-thom-oriental\/#primaryimage"},"thumbnailUrl":"https:\/\/casanha-beta.s3.ap-southeast-1.amazonaws.com\/2026\/02\/Nadherni-candle-oriental-pic-1.png","datePublished":"2023-09-27T11:34:31+00:00","dateModified":"2026-03-03T02:01:28+00:00","breadcrumb":{"@id":"https:\/\/casanha.com\/vi\/san-pham\/nadherni-nen-thom-oriental\/#breadcrumb"},"inLanguage":"vi","potentialAction":[{"@type":"ReadAction","target":["https:\/\/casanha.com\/vi\/san-pham\/nadherni-nen-thom-oriental\/"]}]},{"@type":"ImageObject","inLanguage":"vi","@id":"https:\/\/casanha.com\/vi\/san-pham\/nadherni-nen-thom-oriental\/#primaryimage","url":"https:\/\/casanha-beta.s3.ap-southeast-1.amazonaws.com\/2026\/02\/Nadherni-candle-oriental-pic-1.png","contentUrl":"https:\/\/casanha-beta.s3.ap-southeast-1.amazonaws.com\/2026\/02\/Nadherni-candle-oriental-pic-1.png","width":1080,"height":1350},{"@type":"BreadcrumbList","@id":"https:\/\/casanha.com\/vi\/san-pham\/nadherni-nen-thom-oriental\/#breadcrumb","itemListElement":[{"@type":"ListItem","position":1,"name":"Home","item":"https:\/\/casanha.com\/"},{"@type":"ListItem","position":2,"name":"C\u1eeda h\u00e0ng","item":"https:\/\/casanha.com\/vi\/cua-hang\/"},{"@type":"ListItem","position":3,"name":"NADHERNI &#8220;BOUQUET ORIENTAL&#8221; &#8211; N\u1ebeN TH\u01a0M"}]},{"@type":"WebSite","@id":"https:\/\/casanha.com\/vi\/#website","url":"https:\/\/casanha.com\/vi\/","name":"Casanha","description":"Home Decor &amp; Furniture","publisher":{"@id":"https:\/\/casanha.com\/vi\/#organization"},"potentialAction":[{"@type":"SearchAction","target":{"@type":"EntryPoint","urlTemplate":"https:\/\/casanha.com\/vi\/?s={search_term_string}"},"query-input":{"@type":"PropertyValueSpecification","valueRequired":true,"valueName":"search_term_string"}}],"inLanguage":"vi"},{"@type":"Organization","@id":"https:\/\/casanha.com\/vi\/#organization","name":"Casanha","url":"https:\/\/casanha.com\/vi\/","logo":{"@type":"ImageObject","inLanguage":"vi","@id":"https:\/\/casanha.com\/vi\/#\/schema\/logo\/image\/","url":"https:\/\/casanha-beta.s3.ap-southeast-1.amazonaws.com\/2026\/02\/logo-2026.jpg","contentUrl":"https:\/\/casanha-beta.s3.ap-southeast-1.amazonaws.com\/2026\/02\/logo-2026.jpg","width":1500,"height":1500,"caption":"Casanha"},"image":{"@id":"https:\/\/casanha.com\/vi\/#\/schema\/logo\/image\/"},"sameAs":["https:\/\/www.facebook.com\/CasanhaHome","https:\/\/www.instagram.com\/casanhahome\/","https:\/\/www.youtube.com\/@casanha","https:\/\/www.tiktok.com\/@casanha.com","https:\/\/zalo.me\/casanhahome"]}]}},"_links":{"self":[{"href":"https:\/\/casanha.com\/vi\/wp-json\/wp\/v2\/product\/44887","targetHints":{"allow":["GET"]}}],"collection":[{"href":"https:\/\/casanha.com\/vi\/wp-json\/wp\/v2\/product"}],"about":[{"href":"https:\/\/casanha.com\/vi\/wp-json\/wp\/v2\/types\/product"}],"replies":[{"embeddable":true,"href":"https:\/\/casanha.com\/vi\/wp-json\/wp\/v2\/comments?post=44887"}],"version-history":[{"count":7,"href":"https:\/\/casanha.com\/vi\/wp-json\/wp\/v2\/product\/44887\/revisions"}],"predecessor-version":[{"id":111882,"href":"https:\/\/casanha.com\/vi\/wp-json\/wp\/v2\/product\/44887\/revisions\/111882"}],"wp:featuredmedia":[{"embeddable":true,"href":"https:\/\/casanha.com\/vi\/wp-json\/wp\/v2\/media\/111679"}],"wp:attachment":[{"href":"https:\/\/casanha.com\/vi\/wp-json\/wp\/v2\/media?parent=44887"}],"wp:term":[{"taxonomy":"product_brand","embeddable":true,"href":"https:\/\/casanha.com\/vi\/wp-json\/wp\/v2\/product_brand?post=44887"},{"taxonomy":"product_cat","embeddable":true,"href":"https:\/\/casanha.com\/vi\/wp-json\/wp\/v2\/product_cat?post=44887"},{"taxonomy":"product_tag","embeddable":true,"href":"https:\/\/casanha.com\/vi\/wp-json\/wp\/v2\/product_tag?post=44887"}],"curies":[{"name":"wp","href":"https:\/\/api.w.org\/{rel}","templated":true}]}}