{"id":44238,"date":"2023-09-25T13:24:48","date_gmt":"2023-09-25T06:24:48","guid":{"rendered":"https:\/\/casanha.com\/product\/davia-table-lamp\/"},"modified":"2026-04-07T12:16:17","modified_gmt":"2026-04-07T05:16:17","slug":"davia-table-lamp","status":"publish","type":"product","link":"https:\/\/casanha.com\/vi\/san-pham\/davia-table-lamp\/","title":{"rendered":"DAVIA &#8211; \u0110\u00c8N B\u00c0N"},"content":{"rendered":"<p>&nbsp;<\/p>\n<p style=\"margin: 0cm;\">&lt;<\/p>","protected":false},"excerpt":{"rendered":"<p><strong><span lang=\"EN-US\">Th\u00f4ng tin s\u1ea3n ph\u1ea9m\/\u00a0<em>Th\u00f4ng tin s\u1ea3n ph\u1ea9m<\/em><\/span><\/strong><\/p>\n<p><span lang=\"EN-US\">M\u00e0u s\u1eafc\/\u00a0<em>M\u00e0u s\u1eafc:\u00a0<\/em><\/span>Tr\u1eafng &amp; be<span lang=\"EN-US\">\/\u00a0<em>White &amp; beige<br \/>\n<\/em><\/span><span lang=\"EN-US\">Ch\u1ea5t li\u1ec7u\/\u00a0<em>Ch\u1ea5t li\u1ec7u<\/em>:\u00a0<\/span><span lang=\"EN-US\">G\u1ed1m \u0111\u1ea5t nung, PVC &amp; polypropylene<\/span><span lang=\"EN-US\">\/\u00a0<em>Terracotta, PVC &amp; polypropylene<br \/>\n<\/em><\/span>K\u00edch th\u01b0\u1edbc\/\u00a0<em>K\u00edch th\u01b0\u1edbc:<\/em>: D27 x H40cm<br \/>\nCh\u1ee9ng nh\u1eadn\/<em>Certification<\/em>: CE certified<br \/>\n<span lang=\"EN-US\">\u0110<\/span>ui \u0111\u00e8n\/\u00a0<em>Bulb cap<\/em>\u00a0: E27<br \/>\n<span lang=\"EN-US\">Lo\u1ea1i ph\u00edch c\u1eafm\/\u00a0<em>Plug type<\/em>: Type C<br \/>\n<\/span><span lang=\"EN-US\">Chi\u1ec1u d\u00e0i c\u00e1p \u0111i\u1ec7n\/\u00a0<em>Electric table length<\/em>: L120cm<br \/>\n<\/span><span lang=\"EN-US\">K\u00e8m b\u00f3ng \u0111\u00e8n\/\u00a0<em>Bulb included<\/em>: Kh\u00f4ng\/\u00a0<em>No<\/em><\/span><\/p>\n<p><span lang=\"EN-US\">B\u1ed9 s\u01b0u t\u1eadp\/\u00a0<em>Collection<\/em>:\u00a0<\/span>Kh\u00f4ng c\u00f3\/\u00a0<em>Kh\u00f4ng c\u00f3<br \/>\n<\/em><span lang=\"EN-US\">Phong c\u00e1ch\/\u00a0<em>Phong c\u00e1ch<\/em>: Casanh\u00e0<\/span><\/p>\n<p>C\u00e2n n\u1eb7ng\/\u00a0<em>Weight<\/em>: 1.35kg<br \/>\n<span lang=\"EN-US\">Bao b\u00ec\/\u00a0<em>Packaging<\/em>: Standard<br \/>\n<\/span><span lang=\"EN-US\">Y\u00eau c\u1ea7u l\u1eafp r\u00e1p\/<em>Assembly required<\/em>:\u00a0<\/span>Kh\u00f4ng\/\u00a0<em>No<\/em><\/p>\n<p><span lang=\"EN-US\">N\u01b0\u1edbc xu\u1ea5t x\u1ee9\/\u00a0<em>Country of origin<\/em>:\u00a0<\/span><span lang=\"VI\">Trung Qu\u1ed1c\/\u00a0<\/span><em><span lang=\"EN-US\">China<\/span><\/em><\/p>","protected":false},"featured_media":110872,"comment_status":"open","ping_status":"closed","template":"","meta":[],"product_brand":[17],"product_cat":[3047,2529,3062],"product_tag":[],"class_list":{"0":"post-44238","1":"product","2":"type-product","3":"status-publish","4":"has-post-thumbnail","6":"product_brand-casanha","7":"product_cat-rivage-dazur","8":"product_cat-table-lamp","9":"product_cat-whitewashed-horizon","10":"product_shipping_class-fragile-items","12":"first","13":"instock","14":"shipping-taxable","15":"purchasable","16":"product-type-simple"},"yoast_head":"<!-- This site is optimized with the Yoast SEO plugin v27.1.1 - https:\/\/yoast.com\/product\/yoast-seo-wordpress\/ -->\n<title>DAVIA - \u0110\u00c8N B\u00c0N - Casanha<\/title>\n<meta name=\"robots\" content=\"index, follow, max-snippet:-1, max-image-preview:large, max-video-preview:-1\" \/>\n<link rel=\"canonical\" href=\"https:\/\/casanha.com\/vi\/san-pham\/davia-table-lamp\/\" \/>\n<meta property=\"og:locale\" content=\"vi_VN\" \/>\n<meta property=\"og:type\" content=\"article\" \/>\n<meta property=\"og:title\" content=\"DAVIA - \u0110\u00c8N B\u00c0N - Casanha\" \/>\n<meta property=\"og:description\" content=\"Th\u00f4ng tin s\u1ea3n ph\u1ea9m\/\u00a0Product information  M\u00e0u s\u1eafc\/\u00a0Color:\u00a0Tr\u1eafng &amp; be\/\u00a0White &amp; beige Ch\u1ea5t li\u1ec7u\/\u00a0Materials:\u00a0G\u1ed1m \u0111\u1ea5t nung, PVC &amp; polypropylene\/\u00a0Terracotta, PVC &amp; polypropylene K\u00edch th\u01b0\u1edbc\/\u00a0Dimensions: D27 x H40cm Ch\u1ee9ng nh\u1eadn\/Certification: CE certified \u0110ui \u0111\u00e8n\/\u00a0Bulb cap\u00a0: E27 Lo\u1ea1i ph\u00edch c\u1eafm\/\u00a0Plug type: Type C Chi\u1ec1u d\u00e0i c\u00e1p \u0111i\u1ec7n\/\u00a0Electric table length: L120cm K\u00e8m b\u00f3ng \u0111\u00e8n\/\u00a0Bulb included: Kh\u00f4ng\/\u00a0No  B\u1ed9 s\u01b0u t\u1eadp\/\u00a0Collection:\u00a0Kh\u00f4ng c\u00f3\/\u00a0None Phong c\u00e1ch\/\u00a0Style: Casanh\u00e0  C\u00e2n n\u1eb7ng\/\u00a0Weight: 1.35kg Bao b\u00ec\/\u00a0Packaging: Standard Y\u00eau c\u1ea7u l\u1eafp r\u00e1p\/Assembly required:\u00a0Kh\u00f4ng\/\u00a0No  N\u01b0\u1edbc xu\u1ea5t x\u1ee9\/\u00a0Country of origin:\u00a0Trung Qu\u1ed1c\/\u00a0China\" \/>\n<meta property=\"og:url\" content=\"https:\/\/casanha.com\/vi\/san-pham\/davia-table-lamp\/\" \/>\n<meta property=\"og:site_name\" content=\"Casanha\" \/>\n<meta property=\"article:publisher\" content=\"https:\/\/www.facebook.com\/CasanhaHome\" \/>\n<meta property=\"article:modified_time\" content=\"2026-04-07T05:16:17+00:00\" \/>\n<meta property=\"og:image\" content=\"https:\/\/casanha-beta.s3.ap-southeast-1.amazonaws.com\/2023\/09\/Davia-table-lamp-ic-1.png\" \/>\n\t<meta property=\"og:image:width\" content=\"1080\" \/>\n\t<meta property=\"og:image:height\" content=\"1350\" \/>\n\t<meta property=\"og:image:type\" content=\"image\/png\" \/>\n<meta name=\"twitter:card\" content=\"summary_large_image\" \/>\n<script type=\"application\/ld+json\" class=\"yoast-schema-graph\">{\"@context\":\"https:\/\/schema.org\",\"@graph\":[{\"@type\":\"WebPage\",\"@id\":\"https:\/\/casanha.com\/product\/davia-table-lamp\/\",\"url\":\"https:\/\/casanha.com\/product\/davia-table-lamp\/\",\"name\":\"DAVIA - \u0110\u00c8N B\u00c0N - Casanha\",\"isPartOf\":{\"@id\":\"https:\/\/casanha.com\/vi\/#website\"},\"primaryImageOfPage\":{\"@id\":\"https:\/\/casanha.com\/product\/davia-table-lamp\/#primaryimage\"},\"image\":{\"@id\":\"https:\/\/casanha.com\/product\/davia-table-lamp\/#primaryimage\"},\"thumbnailUrl\":\"https:\/\/casanha-beta.s3.ap-southeast-1.amazonaws.com\/2023\/09\/Davia-table-lamp-ic-1.png\",\"datePublished\":\"2023-09-25T06:24:48+00:00\",\"dateModified\":\"2026-04-07T05:16:17+00:00\",\"breadcrumb\":{\"@id\":\"https:\/\/casanha.com\/product\/davia-table-lamp\/#breadcrumb\"},\"inLanguage\":\"vi\",\"potentialAction\":[{\"@type\":\"ReadAction\",\"target\":[\"https:\/\/casanha.com\/product\/davia-table-lamp\/\"]}]},{\"@type\":\"ImageObject\",\"inLanguage\":\"vi\",\"@id\":\"https:\/\/casanha.com\/product\/davia-table-lamp\/#primaryimage\",\"url\":\"https:\/\/casanha-beta.s3.ap-southeast-1.amazonaws.com\/2023\/09\/Davia-table-lamp-ic-1.png\",\"contentUrl\":\"https:\/\/casanha-beta.s3.ap-southeast-1.amazonaws.com\/2023\/09\/Davia-table-lamp-ic-1.png\",\"width\":1080,\"height\":1350},{\"@type\":\"BreadcrumbList\",\"@id\":\"https:\/\/casanha.com\/product\/davia-table-lamp\/#breadcrumb\",\"itemListElement\":[{\"@type\":\"ListItem\",\"position\":1,\"name\":\"Home\",\"item\":\"https:\/\/casanha.com\/\"},{\"@type\":\"ListItem\",\"position\":2,\"name\":\"C\u1eeda h\u00e0ng\",\"item\":\"https:\/\/casanha.com\/vi\/cua-hang\/\"},{\"@type\":\"ListItem\",\"position\":3,\"name\":\"DAVIA &#8211; \u0110\u00c8N B\u00c0N\"}]},{\"@type\":\"WebSite\",\"@id\":\"https:\/\/casanha.com\/vi\/#website\",\"url\":\"https:\/\/casanha.com\/vi\/\",\"name\":\"Casanha\",\"description\":\"Home Decor &amp; Furniture\",\"publisher\":{\"@id\":\"https:\/\/casanha.com\/vi\/#organization\"},\"potentialAction\":[{\"@type\":\"SearchAction\",\"target\":{\"@type\":\"EntryPoint\",\"urlTemplate\":\"https:\/\/casanha.com\/vi\/?s={search_term_string}\"},\"query-input\":{\"@type\":\"PropertyValueSpecification\",\"valueRequired\":true,\"valueName\":\"search_term_string\"}}],\"inLanguage\":\"vi\"},{\"@type\":\"Organization\",\"@id\":\"https:\/\/casanha.com\/vi\/#organization\",\"name\":\"Casanha\",\"url\":\"https:\/\/casanha.com\/vi\/\",\"logo\":{\"@type\":\"ImageObject\",\"inLanguage\":\"vi\",\"@id\":\"https:\/\/casanha.com\/vi\/#\/schema\/logo\/image\/\",\"url\":\"https:\/\/casanha-beta.s3.ap-southeast-1.amazonaws.com\/2026\/02\/logo-2026.jpg\",\"contentUrl\":\"https:\/\/casanha-beta.s3.ap-southeast-1.amazonaws.com\/2026\/02\/logo-2026.jpg\",\"width\":1500,\"height\":1500,\"caption\":\"Casanha\"},\"image\":{\"@id\":\"https:\/\/casanha.com\/vi\/#\/schema\/logo\/image\/\"},\"sameAs\":[\"https:\/\/www.facebook.com\/CasanhaHome\",\"https:\/\/www.instagram.com\/casanhahome\/\",\"https:\/\/www.youtube.com\/@casanha\",\"https:\/\/www.tiktok.com\/@casanha.com\",\"https:\/\/zalo.me\/casanhahome\"]}]}<\/script>\n<!-- \/ Yoast SEO plugin. -->","yoast_head_json":{"title":"DAVIA - \u0110\u00c8N B\u00c0N - Casanha","robots":{"index":"index","follow":"follow","max-snippet":"max-snippet:-1","max-image-preview":"max-image-preview:large","max-video-preview":"max-video-preview:-1"},"canonical":"https:\/\/casanha.com\/vi\/san-pham\/davia-table-lamp\/","og_locale":"vi_VN","og_type":"article","og_title":"DAVIA - \u0110\u00c8N B\u00c0N - Casanha","og_description":"Th\u00f4ng tin s\u1ea3n ph\u1ea9m\/\u00a0Product information  M\u00e0u s\u1eafc\/\u00a0Color:\u00a0Tr\u1eafng &amp; be\/\u00a0White &amp; beige Ch\u1ea5t li\u1ec7u\/\u00a0Materials:\u00a0G\u1ed1m \u0111\u1ea5t nung, PVC &amp; polypropylene\/\u00a0Terracotta, PVC &amp; polypropylene K\u00edch th\u01b0\u1edbc\/\u00a0Dimensions: D27 x H40cm Ch\u1ee9ng nh\u1eadn\/Certification: CE certified \u0110ui \u0111\u00e8n\/\u00a0Bulb cap\u00a0: E27 Lo\u1ea1i ph\u00edch c\u1eafm\/\u00a0Plug type: Type C Chi\u1ec1u d\u00e0i c\u00e1p \u0111i\u1ec7n\/\u00a0Electric table length: L120cm K\u00e8m b\u00f3ng \u0111\u00e8n\/\u00a0Bulb included: Kh\u00f4ng\/\u00a0No  B\u1ed9 s\u01b0u t\u1eadp\/\u00a0Collection:\u00a0Kh\u00f4ng c\u00f3\/\u00a0None Phong c\u00e1ch\/\u00a0Style: Casanh\u00e0  C\u00e2n n\u1eb7ng\/\u00a0Weight: 1.35kg Bao b\u00ec\/\u00a0Packaging: Standard Y\u00eau c\u1ea7u l\u1eafp r\u00e1p\/Assembly required:\u00a0Kh\u00f4ng\/\u00a0No  N\u01b0\u1edbc xu\u1ea5t x\u1ee9\/\u00a0Country of origin:\u00a0Trung Qu\u1ed1c\/\u00a0China","og_url":"https:\/\/casanha.com\/vi\/san-pham\/davia-table-lamp\/","og_site_name":"Casanha","article_publisher":"https:\/\/www.facebook.com\/CasanhaHome","article_modified_time":"2026-04-07T05:16:17+00:00","og_image":[{"width":1080,"height":1350,"url":"https:\/\/casanha-beta.s3.ap-southeast-1.amazonaws.com\/2023\/09\/Davia-table-lamp-ic-1.png","type":"image\/png"}],"twitter_card":"summary_large_image","schema":{"@context":"https:\/\/schema.org","@graph":[{"@type":"WebPage","@id":"https:\/\/casanha.com\/product\/davia-table-lamp\/","url":"https:\/\/casanha.com\/product\/davia-table-lamp\/","name":"DAVIA - \u0110\u00c8N B\u00c0N - Casanha","isPartOf":{"@id":"https:\/\/casanha.com\/vi\/#website"},"primaryImageOfPage":{"@id":"https:\/\/casanha.com\/product\/davia-table-lamp\/#primaryimage"},"image":{"@id":"https:\/\/casanha.com\/product\/davia-table-lamp\/#primaryimage"},"thumbnailUrl":"https:\/\/casanha-beta.s3.ap-southeast-1.amazonaws.com\/2023\/09\/Davia-table-lamp-ic-1.png","datePublished":"2023-09-25T06:24:48+00:00","dateModified":"2026-04-07T05:16:17+00:00","breadcrumb":{"@id":"https:\/\/casanha.com\/product\/davia-table-lamp\/#breadcrumb"},"inLanguage":"vi","potentialAction":[{"@type":"ReadAction","target":["https:\/\/casanha.com\/product\/davia-table-lamp\/"]}]},{"@type":"ImageObject","inLanguage":"vi","@id":"https:\/\/casanha.com\/product\/davia-table-lamp\/#primaryimage","url":"https:\/\/casanha-beta.s3.ap-southeast-1.amazonaws.com\/2023\/09\/Davia-table-lamp-ic-1.png","contentUrl":"https:\/\/casanha-beta.s3.ap-southeast-1.amazonaws.com\/2023\/09\/Davia-table-lamp-ic-1.png","width":1080,"height":1350},{"@type":"BreadcrumbList","@id":"https:\/\/casanha.com\/product\/davia-table-lamp\/#breadcrumb","itemListElement":[{"@type":"ListItem","position":1,"name":"Home","item":"https:\/\/casanha.com\/"},{"@type":"ListItem","position":2,"name":"C\u1eeda h\u00e0ng","item":"https:\/\/casanha.com\/vi\/cua-hang\/"},{"@type":"ListItem","position":3,"name":"DAVIA &#8211; \u0110\u00c8N B\u00c0N"}]},{"@type":"WebSite","@id":"https:\/\/casanha.com\/vi\/#website","url":"https:\/\/casanha.com\/vi\/","name":"Casanha","description":"Home Decor &amp; Furniture","publisher":{"@id":"https:\/\/casanha.com\/vi\/#organization"},"potentialAction":[{"@type":"SearchAction","target":{"@type":"EntryPoint","urlTemplate":"https:\/\/casanha.com\/vi\/?s={search_term_string}"},"query-input":{"@type":"PropertyValueSpecification","valueRequired":true,"valueName":"search_term_string"}}],"inLanguage":"vi"},{"@type":"Organization","@id":"https:\/\/casanha.com\/vi\/#organization","name":"Casanha","url":"https:\/\/casanha.com\/vi\/","logo":{"@type":"ImageObject","inLanguage":"vi","@id":"https:\/\/casanha.com\/vi\/#\/schema\/logo\/image\/","url":"https:\/\/casanha-beta.s3.ap-southeast-1.amazonaws.com\/2026\/02\/logo-2026.jpg","contentUrl":"https:\/\/casanha-beta.s3.ap-southeast-1.amazonaws.com\/2026\/02\/logo-2026.jpg","width":1500,"height":1500,"caption":"Casanha"},"image":{"@id":"https:\/\/casanha.com\/vi\/#\/schema\/logo\/image\/"},"sameAs":["https:\/\/www.facebook.com\/CasanhaHome","https:\/\/www.instagram.com\/casanhahome\/","https:\/\/www.youtube.com\/@casanha","https:\/\/www.tiktok.com\/@casanha.com","https:\/\/zalo.me\/casanhahome"]}]}},"_links":{"self":[{"href":"https:\/\/casanha.com\/vi\/wp-json\/wp\/v2\/product\/44238","targetHints":{"allow":["GET"]}}],"collection":[{"href":"https:\/\/casanha.com\/vi\/wp-json\/wp\/v2\/product"}],"about":[{"href":"https:\/\/casanha.com\/vi\/wp-json\/wp\/v2\/types\/product"}],"replies":[{"embeddable":true,"href":"https:\/\/casanha.com\/vi\/wp-json\/wp\/v2\/comments?post=44238"}],"version-history":[{"count":9,"href":"https:\/\/casanha.com\/vi\/wp-json\/wp\/v2\/product\/44238\/revisions"}],"predecessor-version":[{"id":110874,"href":"https:\/\/casanha.com\/vi\/wp-json\/wp\/v2\/product\/44238\/revisions\/110874"}],"wp:featuredmedia":[{"embeddable":true,"href":"https:\/\/casanha.com\/vi\/wp-json\/wp\/v2\/media\/110872"}],"wp:attachment":[{"href":"https:\/\/casanha.com\/vi\/wp-json\/wp\/v2\/media?parent=44238"}],"wp:term":[{"taxonomy":"product_brand","embeddable":true,"href":"https:\/\/casanha.com\/vi\/wp-json\/wp\/v2\/product_brand?post=44238"},{"taxonomy":"product_cat","embeddable":true,"href":"https:\/\/casanha.com\/vi\/wp-json\/wp\/v2\/product_cat?post=44238"},{"taxonomy":"product_tag","embeddable":true,"href":"https:\/\/casanha.com\/vi\/wp-json\/wp\/v2\/product_tag?post=44238"}],"curies":[{"name":"wp","href":"https:\/\/api.w.org\/{rel}","templated":true}]}}