{"id":38805,"date":"2023-03-13T11:01:23","date_gmt":"2023-03-13T04:01:23","guid":{"rendered":"https:\/\/casanha.com\/product\/ptit-maurice-do-trang-tri\/"},"modified":"2026-03-02T16:49:52","modified_gmt":"2026-03-02T09:49:52","slug":"ptit-maurice-do-trang-tri","status":"publish","type":"product","link":"https:\/\/casanha.com\/vi\/san-pham\/ptit-maurice-do-trang-tri\/","title":{"rendered":"P&#8217;TIT MAURICE &#8211; T\u01af\u1ee2NG"},"content":{"rendered":"","protected":false},"excerpt":{"rendered":"<p>Th\u1eadt l\u00e0 m\u1ed9t m\u00f3n trang tr\u00ed \u0111\u00e1ng y\u00eau khi c\u00f3 m\u1ed9t \u201canh b\u1ea1n nh\u1ecf\u201d ch\u00e0o \u0111\u00f3n b\u1ea1n m\u1ed7i khi v\u1ec1 nh\u00e0. P\u2019tit Maurice ch\u1eafc ch\u1eafn s\u1ebd l\u00e0 m\u00f3n decor th\u00e2n thi\u1ec7n v\u00e0 d\u1ec5 th\u01b0\u01a1ng nh\u1ea5t m\u00e0 b\u1ea1n t\u1eebng th\u1ea5y!<\/p>\n<p>Thi\u1ebft k\u1ebf t\u1ea1i B\u1ec9. \u0110\u1ed9c quy\u1ec1n c\u1ee7a Casanh\u00e0.<\/p>\n<p>Th\u00f4ng tin s\u1ea3n ph\u1ea9m<br \/>\nM\u00e0u s\u1eafc: Tr\u1eafng<br \/>\nCh\u1ea5t li\u1ec7u: Poly<br \/>\nK\u00edch th\u01b0\u1edbc: W6 x L26.5 x H31cm &#8211; 0.75kg<\/p>\n<p>Th\u00f4ng tin s\u1ea3n ph\u1ea9m<br \/>\nM\u00e0u s\u1eafc: Tr\u1eafng<br \/>\nCh\u1ea5t li\u1ec7u: Poly<br \/>\nK\u00edch th\u01b0\u1edbc: W6 x L26.5 x H31cm \u2013 0.75kg<\/p>","protected":false},"featured_media":97682,"comment_status":"open","ping_status":"closed","template":"","meta":[],"product_brand":[17],"product_cat":[2523],"product_tag":[],"class_list":{"0":"post-38805","1":"product","2":"type-product","3":"status-publish","4":"has-post-thumbnail","6":"product_brand-casanha","7":"product_cat-decoration-items","8":"product_shipping_class-normal-items","10":"first","11":"instock","12":"shipping-taxable","13":"purchasable","14":"product-type-simple"},"yoast_head":"<!-- This site is optimized with the Yoast SEO plugin v27.1.1 - https:\/\/yoast.com\/product\/yoast-seo-wordpress\/ -->\n<title>P&#039;TIT MAURICE - T\u01af\u1ee2NG - Casanha<\/title>\n<meta name=\"robots\" content=\"index, follow, max-snippet:-1, max-image-preview:large, max-video-preview:-1\" \/>\n<link rel=\"canonical\" href=\"https:\/\/casanha.com\/vi\/san-pham\/ptit-maurice-do-trang-tri\/\" \/>\n<meta property=\"og:locale\" content=\"vi_VN\" \/>\n<meta property=\"og:type\" content=\"article\" \/>\n<meta property=\"og:title\" content=\"P&#039;TIT MAURICE - T\u01af\u1ee2NG - Casanha\" \/>\n<meta property=\"og:description\" content=\"Such a gem seeing a little guy welcoming you whenever you&#039;re home, the P&#039;tit Maurice will be the friendliest piece of decor you could ever find!  Designed in Belgium. Casanha exclusive.  Th\u00f4ng tin s\u1ea3n ph\u1ea9m M\u00e0u s\u1eafc: Tr\u1eafng Ch\u1ea5t li\u1ec7u: Poly K\u00edch th\u01b0\u1edbc: W6 x L26.5 x H31cm - 0.75kg  Product Information Color: White Material: Poly Dimensions: W6 x L26.5 x H31cm - 0.75kg\" \/>\n<meta property=\"og:url\" content=\"https:\/\/casanha.com\/vi\/san-pham\/ptit-maurice-do-trang-tri\/\" \/>\n<meta property=\"og:site_name\" content=\"Casanha\" \/>\n<meta property=\"article:publisher\" content=\"https:\/\/www.facebook.com\/CasanhaHome\" \/>\n<meta property=\"article:modified_time\" content=\"2026-03-02T09:49:52+00:00\" \/>\n<meta property=\"og:image\" content=\"https:\/\/casanha-beta.s3.ap-southeast-1.amazonaws.com\/2025\/06\/kiotviet_63e738ccaafd09f1d2ac034a73f75840.jpg\" \/>\n\t<meta property=\"og:image:width\" content=\"600\" \/>\n\t<meta property=\"og:image:height\" content=\"600\" \/>\n\t<meta property=\"og:image:type\" content=\"image\/jpeg\" \/>\n<meta name=\"twitter:card\" content=\"summary_large_image\" \/>\n<script type=\"application\/ld+json\" class=\"yoast-schema-graph\">{\"@context\":\"https:\/\/schema.org\",\"@graph\":[{\"@type\":\"WebPage\",\"@id\":\"https:\/\/casanha.com\/en\/product\/ptit-maurice-do-trang-tri\/\",\"url\":\"https:\/\/casanha.com\/en\/product\/ptit-maurice-do-trang-tri\/\",\"name\":\"P'TIT MAURICE - T\u01af\u1ee2NG - Casanha\",\"isPartOf\":{\"@id\":\"https:\/\/casanha.com\/vi\/#website\"},\"primaryImageOfPage\":{\"@id\":\"https:\/\/casanha.com\/en\/product\/ptit-maurice-do-trang-tri\/#primaryimage\"},\"image\":{\"@id\":\"https:\/\/casanha.com\/en\/product\/ptit-maurice-do-trang-tri\/#primaryimage\"},\"thumbnailUrl\":\"https:\/\/casanha-beta.s3.ap-southeast-1.amazonaws.com\/2025\/06\/kiotviet_63e738ccaafd09f1d2ac034a73f75840.jpg\",\"datePublished\":\"2023-03-13T04:01:23+00:00\",\"dateModified\":\"2026-03-02T09:49:52+00:00\",\"breadcrumb\":{\"@id\":\"https:\/\/casanha.com\/en\/product\/ptit-maurice-do-trang-tri\/#breadcrumb\"},\"inLanguage\":\"vi\",\"potentialAction\":[{\"@type\":\"ReadAction\",\"target\":[\"https:\/\/casanha.com\/en\/product\/ptit-maurice-do-trang-tri\/\"]}]},{\"@type\":\"ImageObject\",\"inLanguage\":\"vi\",\"@id\":\"https:\/\/casanha.com\/en\/product\/ptit-maurice-do-trang-tri\/#primaryimage\",\"url\":\"https:\/\/casanha-beta.s3.ap-southeast-1.amazonaws.com\/2025\/06\/kiotviet_63e738ccaafd09f1d2ac034a73f75840.jpg\",\"contentUrl\":\"https:\/\/casanha-beta.s3.ap-southeast-1.amazonaws.com\/2025\/06\/kiotviet_63e738ccaafd09f1d2ac034a73f75840.jpg\",\"width\":600,\"height\":600},{\"@type\":\"BreadcrumbList\",\"@id\":\"https:\/\/casanha.com\/en\/product\/ptit-maurice-do-trang-tri\/#breadcrumb\",\"itemListElement\":[{\"@type\":\"ListItem\",\"position\":1,\"name\":\"Home\",\"item\":\"https:\/\/casanha.com\/\"},{\"@type\":\"ListItem\",\"position\":2,\"name\":\"C\u1eeda h\u00e0ng\",\"item\":\"https:\/\/casanha.com\/vi\/cua-hang\/\"},{\"@type\":\"ListItem\",\"position\":3,\"name\":\"P&#8217;TIT MAURICE &#8211; T\u01af\u1ee2NG\"}]},{\"@type\":\"WebSite\",\"@id\":\"https:\/\/casanha.com\/vi\/#website\",\"url\":\"https:\/\/casanha.com\/vi\/\",\"name\":\"Casanha\",\"description\":\"Home Decor &amp; Furniture\",\"publisher\":{\"@id\":\"https:\/\/casanha.com\/vi\/#organization\"},\"potentialAction\":[{\"@type\":\"SearchAction\",\"target\":{\"@type\":\"EntryPoint\",\"urlTemplate\":\"https:\/\/casanha.com\/vi\/?s={search_term_string}\"},\"query-input\":{\"@type\":\"PropertyValueSpecification\",\"valueRequired\":true,\"valueName\":\"search_term_string\"}}],\"inLanguage\":\"vi\"},{\"@type\":\"Organization\",\"@id\":\"https:\/\/casanha.com\/vi\/#organization\",\"name\":\"Casanha\",\"url\":\"https:\/\/casanha.com\/vi\/\",\"logo\":{\"@type\":\"ImageObject\",\"inLanguage\":\"vi\",\"@id\":\"https:\/\/casanha.com\/vi\/#\/schema\/logo\/image\/\",\"url\":\"https:\/\/casanha-beta.s3.ap-southeast-1.amazonaws.com\/2026\/02\/logo-2026.jpg\",\"contentUrl\":\"https:\/\/casanha-beta.s3.ap-southeast-1.amazonaws.com\/2026\/02\/logo-2026.jpg\",\"width\":1500,\"height\":1500,\"caption\":\"Casanha\"},\"image\":{\"@id\":\"https:\/\/casanha.com\/vi\/#\/schema\/logo\/image\/\"},\"sameAs\":[\"https:\/\/www.facebook.com\/CasanhaHome\",\"https:\/\/www.instagram.com\/casanhahome\/\",\"https:\/\/www.youtube.com\/@casanha\",\"https:\/\/www.tiktok.com\/@casanha.com\",\"https:\/\/zalo.me\/casanhahome\"]}]}<\/script>\n<!-- \/ Yoast SEO plugin. -->","yoast_head_json":{"title":"P'TIT MAURICE - T\u01af\u1ee2NG - Casanha","robots":{"index":"index","follow":"follow","max-snippet":"max-snippet:-1","max-image-preview":"max-image-preview:large","max-video-preview":"max-video-preview:-1"},"canonical":"https:\/\/casanha.com\/vi\/san-pham\/ptit-maurice-do-trang-tri\/","og_locale":"vi_VN","og_type":"article","og_title":"P'TIT MAURICE - T\u01af\u1ee2NG - Casanha","og_description":"Such a gem seeing a little guy welcoming you whenever you're home, the P'tit Maurice will be the friendliest piece of decor you could ever find!  Designed in Belgium. Casanha exclusive.  Th\u00f4ng tin s\u1ea3n ph\u1ea9m M\u00e0u s\u1eafc: Tr\u1eafng Ch\u1ea5t li\u1ec7u: Poly K\u00edch th\u01b0\u1edbc: W6 x L26.5 x H31cm - 0.75kg  Product Information Color: White Material: Poly Dimensions: W6 x L26.5 x H31cm - 0.75kg","og_url":"https:\/\/casanha.com\/vi\/san-pham\/ptit-maurice-do-trang-tri\/","og_site_name":"Casanha","article_publisher":"https:\/\/www.facebook.com\/CasanhaHome","article_modified_time":"2026-03-02T09:49:52+00:00","og_image":[{"width":600,"height":600,"url":"https:\/\/casanha-beta.s3.ap-southeast-1.amazonaws.com\/2025\/06\/kiotviet_63e738ccaafd09f1d2ac034a73f75840.jpg","type":"image\/jpeg"}],"twitter_card":"summary_large_image","schema":{"@context":"https:\/\/schema.org","@graph":[{"@type":"WebPage","@id":"https:\/\/casanha.com\/en\/product\/ptit-maurice-do-trang-tri\/","url":"https:\/\/casanha.com\/en\/product\/ptit-maurice-do-trang-tri\/","name":"P'TIT MAURICE - T\u01af\u1ee2NG - Casanha","isPartOf":{"@id":"https:\/\/casanha.com\/vi\/#website"},"primaryImageOfPage":{"@id":"https:\/\/casanha.com\/en\/product\/ptit-maurice-do-trang-tri\/#primaryimage"},"image":{"@id":"https:\/\/casanha.com\/en\/product\/ptit-maurice-do-trang-tri\/#primaryimage"},"thumbnailUrl":"https:\/\/casanha-beta.s3.ap-southeast-1.amazonaws.com\/2025\/06\/kiotviet_63e738ccaafd09f1d2ac034a73f75840.jpg","datePublished":"2023-03-13T04:01:23+00:00","dateModified":"2026-03-02T09:49:52+00:00","breadcrumb":{"@id":"https:\/\/casanha.com\/en\/product\/ptit-maurice-do-trang-tri\/#breadcrumb"},"inLanguage":"vi","potentialAction":[{"@type":"ReadAction","target":["https:\/\/casanha.com\/en\/product\/ptit-maurice-do-trang-tri\/"]}]},{"@type":"ImageObject","inLanguage":"vi","@id":"https:\/\/casanha.com\/en\/product\/ptit-maurice-do-trang-tri\/#primaryimage","url":"https:\/\/casanha-beta.s3.ap-southeast-1.amazonaws.com\/2025\/06\/kiotviet_63e738ccaafd09f1d2ac034a73f75840.jpg","contentUrl":"https:\/\/casanha-beta.s3.ap-southeast-1.amazonaws.com\/2025\/06\/kiotviet_63e738ccaafd09f1d2ac034a73f75840.jpg","width":600,"height":600},{"@type":"BreadcrumbList","@id":"https:\/\/casanha.com\/en\/product\/ptit-maurice-do-trang-tri\/#breadcrumb","itemListElement":[{"@type":"ListItem","position":1,"name":"Home","item":"https:\/\/casanha.com\/"},{"@type":"ListItem","position":2,"name":"C\u1eeda h\u00e0ng","item":"https:\/\/casanha.com\/vi\/cua-hang\/"},{"@type":"ListItem","position":3,"name":"P&#8217;TIT MAURICE &#8211; T\u01af\u1ee2NG"}]},{"@type":"WebSite","@id":"https:\/\/casanha.com\/vi\/#website","url":"https:\/\/casanha.com\/vi\/","name":"Casanha","description":"Home Decor &amp; Furniture","publisher":{"@id":"https:\/\/casanha.com\/vi\/#organization"},"potentialAction":[{"@type":"SearchAction","target":{"@type":"EntryPoint","urlTemplate":"https:\/\/casanha.com\/vi\/?s={search_term_string}"},"query-input":{"@type":"PropertyValueSpecification","valueRequired":true,"valueName":"search_term_string"}}],"inLanguage":"vi"},{"@type":"Organization","@id":"https:\/\/casanha.com\/vi\/#organization","name":"Casanha","url":"https:\/\/casanha.com\/vi\/","logo":{"@type":"ImageObject","inLanguage":"vi","@id":"https:\/\/casanha.com\/vi\/#\/schema\/logo\/image\/","url":"https:\/\/casanha-beta.s3.ap-southeast-1.amazonaws.com\/2026\/02\/logo-2026.jpg","contentUrl":"https:\/\/casanha-beta.s3.ap-southeast-1.amazonaws.com\/2026\/02\/logo-2026.jpg","width":1500,"height":1500,"caption":"Casanha"},"image":{"@id":"https:\/\/casanha.com\/vi\/#\/schema\/logo\/image\/"},"sameAs":["https:\/\/www.facebook.com\/CasanhaHome","https:\/\/www.instagram.com\/casanhahome\/","https:\/\/www.youtube.com\/@casanha","https:\/\/www.tiktok.com\/@casanha.com","https:\/\/zalo.me\/casanhahome"]}]}},"_links":{"self":[{"href":"https:\/\/casanha.com\/vi\/wp-json\/wp\/v2\/product\/38805","targetHints":{"allow":["GET"]}}],"collection":[{"href":"https:\/\/casanha.com\/vi\/wp-json\/wp\/v2\/product"}],"about":[{"href":"https:\/\/casanha.com\/vi\/wp-json\/wp\/v2\/types\/product"}],"replies":[{"embeddable":true,"href":"https:\/\/casanha.com\/vi\/wp-json\/wp\/v2\/comments?post=38805"}],"version-history":[{"count":5,"href":"https:\/\/casanha.com\/vi\/wp-json\/wp\/v2\/product\/38805\/revisions"}],"predecessor-version":[{"id":113718,"href":"https:\/\/casanha.com\/vi\/wp-json\/wp\/v2\/product\/38805\/revisions\/113718"}],"wp:featuredmedia":[{"embeddable":true,"href":"https:\/\/casanha.com\/vi\/wp-json\/wp\/v2\/media\/97682"}],"wp:attachment":[{"href":"https:\/\/casanha.com\/vi\/wp-json\/wp\/v2\/media?parent=38805"}],"wp:term":[{"taxonomy":"product_brand","embeddable":true,"href":"https:\/\/casanha.com\/vi\/wp-json\/wp\/v2\/product_brand?post=38805"},{"taxonomy":"product_cat","embeddable":true,"href":"https:\/\/casanha.com\/vi\/wp-json\/wp\/v2\/product_cat?post=38805"},{"taxonomy":"product_tag","embeddable":true,"href":"https:\/\/casanha.com\/vi\/wp-json\/wp\/v2\/product_tag?post=38805"}],"curies":[{"name":"wp","href":"https:\/\/api.w.org\/{rel}","templated":true}]}}