{"id":38560,"date":"2023-03-13T10:55:39","date_gmt":"2023-03-13T03:55:39","guid":{"rendered":"https:\/\/casanha.com\/product\/chad-marrone-do-trang-tri\/"},"modified":"2026-04-02T16:00:56","modified_gmt":"2026-04-02T09:00:56","slug":"chad-marrone-do-trang-tri","status":"publish","type":"product","link":"https:\/\/casanha.com\/vi\/san-pham\/chad-marrone-do-trang-tri\/","title":{"rendered":"CHAD &#8220;MARRONE&#8221; &#8211; \u0110\u1ed2 TRANG TR\u00cd"},"content":{"rendered":"","protected":false},"excerpt":{"rendered":"<p>\u0110\u01b0\u1ee3c ch\u1ebf t\u00e1c ho\u00e0n to\u00e0n th\u1ee7 c\u00f4ng t\u1eeb papier-m\u00e2ch\u00e9 v\u00e0 s\u01a1n tay v\u1edbi gam m\u00e0u ng\u00e0 tinh t\u1ebf, Chad l\u00e0 m\u00f3n \u0111\u1ed3 trang tr\u00ed n\u1ed5i b\u1eadt, d\u1ec5 d\u00e0ng h\u00f2a h\u1ee3p v\u1edbi m\u1ecdi kh\u00f4ng gian s\u1ed1ng.\nK\u00e8m theo ch\u00e2n \u0111\u1ebf kim lo\u1ea1i \u0111\u1ed3ng b\u1ed9, d\u00f2ng Chad c\u00f3 th\u1ec3 \u0111\u01b0\u1ee3c tr\u01b0ng b\u00e0y nh\u01b0 nh\u1eefng t\u00e1c ph\u1ea9m \u0111i\u1ec3m nh\u1ea5n v\u1edbi h\u00ecnh d\u00e1ng v\u00e0 h\u1ecda ti\u1ebft ri\u00eang bi\u1ec7t, kh\u00f4ng chi\u1ebfc n\u00e0o gi\u1ed1ng chi\u1ebfc n\u00e0o.<\/p>","protected":false},"featured_media":87961,"comment_status":"open","ping_status":"closed","template":"","meta":[],"product_brand":[18],"product_cat":[2523,3051],"product_tag":[],"class_list":{"0":"post-38560","1":"product","2":"type-product","3":"status-publish","4":"has-post-thumbnail","6":"product_brand-nomanha","7":"product_cat-decoration-items","8":"product_cat-modern-african","9":"product_shipping_class-fragile-items","10":"pa_dimension-cao-high","11":"pa_dimension-thap-low","13":"first","14":"instock","15":"shipping-taxable","16":"purchasable","17":"product-type-variable","18":"rtwpvs-product"},"yoast_head":"<!-- This site is optimized with the Yoast SEO plugin v27.1.1 - https:\/\/yoast.com\/product\/yoast-seo-wordpress\/ -->\n<title>CHAD &quot;MARRONE&quot; - \u0110\u1ed2 TRANG TR\u00cd - Casanha<\/title>\n<meta name=\"robots\" content=\"index, follow, max-snippet:-1, max-image-preview:large, max-video-preview:-1\" \/>\n<link rel=\"canonical\" href=\"https:\/\/casanha.com\/vi\/san-pham\/chad-marrone-do-trang-tri\/\" \/>\n<meta property=\"og:locale\" content=\"vi_VN\" \/>\n<meta property=\"og:type\" content=\"article\" \/>\n<meta property=\"og:title\" content=\"CHAD &quot;MARRONE&quot; - \u0110\u1ed2 TRANG TR\u00cd - Casanha\" \/>\n<meta property=\"og:description\" content=\"Handcrafted from paper m\u00e2ch\u00e9 and hand painted in ivory tones, Chad is a stunning piece of decor that fits in any living space. Accompanied by a complementary metal stand, the Chad line can be used as feature pieces with their own unique shape and markings.\" \/>\n<meta property=\"og:url\" content=\"https:\/\/casanha.com\/vi\/san-pham\/chad-marrone-do-trang-tri\/\" \/>\n<meta property=\"og:site_name\" content=\"Casanha\" \/>\n<meta property=\"article:publisher\" content=\"https:\/\/www.facebook.com\/CasanhaHome\" \/>\n<meta property=\"article:modified_time\" content=\"2026-04-02T09:00:56+00:00\" \/>\n<meta property=\"og:image\" content=\"https:\/\/casanha-beta.s3.ap-southeast-1.amazonaws.com\/2025\/04\/CHAD-_MARRONE.png\" \/>\n\t<meta property=\"og:image:width\" content=\"1080\" \/>\n\t<meta property=\"og:image:height\" content=\"1350\" \/>\n\t<meta property=\"og:image:type\" content=\"image\/png\" \/>\n<meta name=\"twitter:card\" content=\"summary_large_image\" \/>\n<script type=\"application\/ld+json\" class=\"yoast-schema-graph\">{\"@context\":\"https:\/\/schema.org\",\"@graph\":[{\"@type\":\"WebPage\",\"@id\":\"https:\/\/casanha.com\/product\/chad-marrone-do-trang-tri\/\",\"url\":\"https:\/\/casanha.com\/product\/chad-marrone-do-trang-tri\/\",\"name\":\"CHAD \\\"MARRONE\\\" - \u0110\u1ed2 TRANG TR\u00cd - Casanha\",\"isPartOf\":{\"@id\":\"https:\/\/casanha.com\/vi\/#website\"},\"primaryImageOfPage\":{\"@id\":\"https:\/\/casanha.com\/product\/chad-marrone-do-trang-tri\/#primaryimage\"},\"image\":{\"@id\":\"https:\/\/casanha.com\/product\/chad-marrone-do-trang-tri\/#primaryimage\"},\"thumbnailUrl\":\"https:\/\/casanha-beta.s3.ap-southeast-1.amazonaws.com\/2025\/04\/CHAD-_MARRONE.png\",\"datePublished\":\"2023-03-13T03:55:39+00:00\",\"dateModified\":\"2026-04-02T09:00:56+00:00\",\"breadcrumb\":{\"@id\":\"https:\/\/casanha.com\/product\/chad-marrone-do-trang-tri\/#breadcrumb\"},\"inLanguage\":\"vi\",\"potentialAction\":[{\"@type\":\"ReadAction\",\"target\":[\"https:\/\/casanha.com\/product\/chad-marrone-do-trang-tri\/\"]}]},{\"@type\":\"ImageObject\",\"inLanguage\":\"vi\",\"@id\":\"https:\/\/casanha.com\/product\/chad-marrone-do-trang-tri\/#primaryimage\",\"url\":\"https:\/\/casanha-beta.s3.ap-southeast-1.amazonaws.com\/2025\/04\/CHAD-_MARRONE.png\",\"contentUrl\":\"https:\/\/casanha-beta.s3.ap-southeast-1.amazonaws.com\/2025\/04\/CHAD-_MARRONE.png\",\"width\":1080,\"height\":1350},{\"@type\":\"BreadcrumbList\",\"@id\":\"https:\/\/casanha.com\/product\/chad-marrone-do-trang-tri\/#breadcrumb\",\"itemListElement\":[{\"@type\":\"ListItem\",\"position\":1,\"name\":\"Home\",\"item\":\"https:\/\/casanha.com\/\"},{\"@type\":\"ListItem\",\"position\":2,\"name\":\"C\u1eeda h\u00e0ng\",\"item\":\"https:\/\/casanha.com\/vi\/cua-hang\/\"},{\"@type\":\"ListItem\",\"position\":3,\"name\":\"CHAD &#8220;MARRONE&#8221; &#8211; \u0110\u1ed2 TRANG TR\u00cd\"}]},{\"@type\":\"WebSite\",\"@id\":\"https:\/\/casanha.com\/vi\/#website\",\"url\":\"https:\/\/casanha.com\/vi\/\",\"name\":\"Casanha\",\"description\":\"Home Decor &amp; Furniture\",\"publisher\":{\"@id\":\"https:\/\/casanha.com\/vi\/#organization\"},\"potentialAction\":[{\"@type\":\"SearchAction\",\"target\":{\"@type\":\"EntryPoint\",\"urlTemplate\":\"https:\/\/casanha.com\/vi\/?s={search_term_string}\"},\"query-input\":{\"@type\":\"PropertyValueSpecification\",\"valueRequired\":true,\"valueName\":\"search_term_string\"}}],\"inLanguage\":\"vi\"},{\"@type\":\"Organization\",\"@id\":\"https:\/\/casanha.com\/vi\/#organization\",\"name\":\"Casanha\",\"url\":\"https:\/\/casanha.com\/vi\/\",\"logo\":{\"@type\":\"ImageObject\",\"inLanguage\":\"vi\",\"@id\":\"https:\/\/casanha.com\/vi\/#\/schema\/logo\/image\/\",\"url\":\"https:\/\/casanha-beta.s3.ap-southeast-1.amazonaws.com\/2026\/02\/logo-2026.jpg\",\"contentUrl\":\"https:\/\/casanha-beta.s3.ap-southeast-1.amazonaws.com\/2026\/02\/logo-2026.jpg\",\"width\":1500,\"height\":1500,\"caption\":\"Casanha\"},\"image\":{\"@id\":\"https:\/\/casanha.com\/vi\/#\/schema\/logo\/image\/\"},\"sameAs\":[\"https:\/\/www.facebook.com\/CasanhaHome\",\"https:\/\/www.instagram.com\/casanhahome\/\",\"https:\/\/www.youtube.com\/@casanha\",\"https:\/\/www.tiktok.com\/@casanha.com\",\"https:\/\/zalo.me\/casanhahome\"]}]}<\/script>\n<!-- \/ Yoast SEO plugin. -->","yoast_head_json":{"title":"CHAD \"MARRONE\" - \u0110\u1ed2 TRANG TR\u00cd - Casanha","robots":{"index":"index","follow":"follow","max-snippet":"max-snippet:-1","max-image-preview":"max-image-preview:large","max-video-preview":"max-video-preview:-1"},"canonical":"https:\/\/casanha.com\/vi\/san-pham\/chad-marrone-do-trang-tri\/","og_locale":"vi_VN","og_type":"article","og_title":"CHAD \"MARRONE\" - \u0110\u1ed2 TRANG TR\u00cd - Casanha","og_description":"Handcrafted from paper m\u00e2ch\u00e9 and hand painted in ivory tones, Chad is a stunning piece of decor that fits in any living space. Accompanied by a complementary metal stand, the Chad line can be used as feature pieces with their own unique shape and markings.","og_url":"https:\/\/casanha.com\/vi\/san-pham\/chad-marrone-do-trang-tri\/","og_site_name":"Casanha","article_publisher":"https:\/\/www.facebook.com\/CasanhaHome","article_modified_time":"2026-04-02T09:00:56+00:00","og_image":[{"width":1080,"height":1350,"url":"https:\/\/casanha-beta.s3.ap-southeast-1.amazonaws.com\/2025\/04\/CHAD-_MARRONE.png","type":"image\/png"}],"twitter_card":"summary_large_image","schema":{"@context":"https:\/\/schema.org","@graph":[{"@type":"WebPage","@id":"https:\/\/casanha.com\/product\/chad-marrone-do-trang-tri\/","url":"https:\/\/casanha.com\/product\/chad-marrone-do-trang-tri\/","name":"CHAD \"MARRONE\" - \u0110\u1ed2 TRANG TR\u00cd - Casanha","isPartOf":{"@id":"https:\/\/casanha.com\/vi\/#website"},"primaryImageOfPage":{"@id":"https:\/\/casanha.com\/product\/chad-marrone-do-trang-tri\/#primaryimage"},"image":{"@id":"https:\/\/casanha.com\/product\/chad-marrone-do-trang-tri\/#primaryimage"},"thumbnailUrl":"https:\/\/casanha-beta.s3.ap-southeast-1.amazonaws.com\/2025\/04\/CHAD-_MARRONE.png","datePublished":"2023-03-13T03:55:39+00:00","dateModified":"2026-04-02T09:00:56+00:00","breadcrumb":{"@id":"https:\/\/casanha.com\/product\/chad-marrone-do-trang-tri\/#breadcrumb"},"inLanguage":"vi","potentialAction":[{"@type":"ReadAction","target":["https:\/\/casanha.com\/product\/chad-marrone-do-trang-tri\/"]}]},{"@type":"ImageObject","inLanguage":"vi","@id":"https:\/\/casanha.com\/product\/chad-marrone-do-trang-tri\/#primaryimage","url":"https:\/\/casanha-beta.s3.ap-southeast-1.amazonaws.com\/2025\/04\/CHAD-_MARRONE.png","contentUrl":"https:\/\/casanha-beta.s3.ap-southeast-1.amazonaws.com\/2025\/04\/CHAD-_MARRONE.png","width":1080,"height":1350},{"@type":"BreadcrumbList","@id":"https:\/\/casanha.com\/product\/chad-marrone-do-trang-tri\/#breadcrumb","itemListElement":[{"@type":"ListItem","position":1,"name":"Home","item":"https:\/\/casanha.com\/"},{"@type":"ListItem","position":2,"name":"C\u1eeda h\u00e0ng","item":"https:\/\/casanha.com\/vi\/cua-hang\/"},{"@type":"ListItem","position":3,"name":"CHAD &#8220;MARRONE&#8221; &#8211; \u0110\u1ed2 TRANG TR\u00cd"}]},{"@type":"WebSite","@id":"https:\/\/casanha.com\/vi\/#website","url":"https:\/\/casanha.com\/vi\/","name":"Casanha","description":"Home Decor &amp; Furniture","publisher":{"@id":"https:\/\/casanha.com\/vi\/#organization"},"potentialAction":[{"@type":"SearchAction","target":{"@type":"EntryPoint","urlTemplate":"https:\/\/casanha.com\/vi\/?s={search_term_string}"},"query-input":{"@type":"PropertyValueSpecification","valueRequired":true,"valueName":"search_term_string"}}],"inLanguage":"vi"},{"@type":"Organization","@id":"https:\/\/casanha.com\/vi\/#organization","name":"Casanha","url":"https:\/\/casanha.com\/vi\/","logo":{"@type":"ImageObject","inLanguage":"vi","@id":"https:\/\/casanha.com\/vi\/#\/schema\/logo\/image\/","url":"https:\/\/casanha-beta.s3.ap-southeast-1.amazonaws.com\/2026\/02\/logo-2026.jpg","contentUrl":"https:\/\/casanha-beta.s3.ap-southeast-1.amazonaws.com\/2026\/02\/logo-2026.jpg","width":1500,"height":1500,"caption":"Casanha"},"image":{"@id":"https:\/\/casanha.com\/vi\/#\/schema\/logo\/image\/"},"sameAs":["https:\/\/www.facebook.com\/CasanhaHome","https:\/\/www.instagram.com\/casanhahome\/","https:\/\/www.youtube.com\/@casanha","https:\/\/www.tiktok.com\/@casanha.com","https:\/\/zalo.me\/casanhahome"]}]}},"_links":{"self":[{"href":"https:\/\/casanha.com\/vi\/wp-json\/wp\/v2\/product\/38560","targetHints":{"allow":["GET"]}}],"collection":[{"href":"https:\/\/casanha.com\/vi\/wp-json\/wp\/v2\/product"}],"about":[{"href":"https:\/\/casanha.com\/vi\/wp-json\/wp\/v2\/types\/product"}],"replies":[{"embeddable":true,"href":"https:\/\/casanha.com\/vi\/wp-json\/wp\/v2\/comments?post=38560"}],"version-history":[{"count":8,"href":"https:\/\/casanha.com\/vi\/wp-json\/wp\/v2\/product\/38560\/revisions"}],"predecessor-version":[{"id":114018,"href":"https:\/\/casanha.com\/vi\/wp-json\/wp\/v2\/product\/38560\/revisions\/114018"}],"wp:featuredmedia":[{"embeddable":true,"href":"https:\/\/casanha.com\/vi\/wp-json\/wp\/v2\/media\/87961"}],"wp:attachment":[{"href":"https:\/\/casanha.com\/vi\/wp-json\/wp\/v2\/media?parent=38560"}],"wp:term":[{"taxonomy":"product_brand","embeddable":true,"href":"https:\/\/casanha.com\/vi\/wp-json\/wp\/v2\/product_brand?post=38560"},{"taxonomy":"product_cat","embeddable":true,"href":"https:\/\/casanha.com\/vi\/wp-json\/wp\/v2\/product_cat?post=38560"},{"taxonomy":"product_tag","embeddable":true,"href":"https:\/\/casanha.com\/vi\/wp-json\/wp\/v2\/product_tag?post=38560"}],"curies":[{"name":"wp","href":"https:\/\/api.w.org\/{rel}","templated":true}]}}