{"id":38482,"date":"2023-03-13T10:53:55","date_gmt":"2023-03-13T03:53:55","guid":{"rendered":"https:\/\/casanha.com\/product\/corallo-binh-hoa\/"},"modified":"2026-03-03T15:54:48","modified_gmt":"2026-03-03T08:54:48","slug":"corallo-binh-hoa","status":"publish","type":"product","link":"https:\/\/casanha.com\/vi\/san-pham\/corallo-binh-hoa\/","title":{"rendered":"CORALLO &#8211; B\u00ccNH TRANG TR\u00cd"},"content":{"rendered":"","protected":false},"excerpt":{"rendered":"<p>D\u00e0nh cho nh\u1eefng t\u00edn \u0111\u1ed3 y\u00eau thi\u1ebft k\u1ebf: Corallo n\u1ed5i b\u1eadt nh\u01b0 m\u1ed9t \u0111i\u1ec3m nh\u1ea5n t\u00e1o b\u1ea1o v\u00e0 l\u00e0 ch\u1ee7 \u0111\u1ec1 kh\u01a1i g\u1ee3i c\u00e2u chuy\u1ec7n trong b\u1ea5t k\u1ef3 kh\u00f4ng gian n\u00e0o.\nL\u1ea5y c\u1ea3m h\u1ee9ng t\u1eeb nh\u1eefng r\u1ea1n san h\u00f4, chi\u1ebfc b\u00ecnh s\u1edf h\u1eefu h\u1ecda ti\u1ebft san h\u00f4 tinh x\u1ea3o, t\u1ea1o chi\u1ec1u s\u00e2u v\u00e0 s\u1ef1 s\u1ed1ng \u0111\u1ed9ng cho t\u1ed5ng th\u1ec3. Corallo c\u00f3 th\u1ec3 \u0111\u01b0\u1ee3c tr\u01b0ng b\u00e0y nh\u01b0 m\u1ed9t m\u00f3n decor \u0111\u1ed9c l\u1eadp ho\u1eb7c k\u1ebft h\u1ee3p c\u00f9ng nh\u1eefng b\u00f3 hoa gi\u1ea3 \u0111\u1ec3 t\u0103ng th\u00eam s\u1ee9c h\u00fat.<\/p>\n<p>Thi\u1ebft k\u1ebf t\u1ea1i B\u1ec9. \u0110\u1ed9c quy\u1ec1n c\u1ee7a Casanh\u00e0.<\/p>\n<p>Th\u00f4ng tin s\u1ea3n ph\u1ea9m<br \/>\nM\u00e0u s\u1eafc: Tr\u1eafng<br \/>\nCh\u1ea5t li\u1ec7u: Kim lo\u1ea1i\/S\u1eaft<br \/>\nK\u00edch th\u01b0\u1edbc: W17.5 x L33 x H51cm &#8211; 2.915kg<\/p>\n<p>Th\u00f4ng tin s\u1ea3n ph\u1ea9m<br \/>\nM\u00e0u s\u1eafc: Tr\u1eafng<br \/>\nCh\u00e2t li\u1ec7u: Kim lo\u1ea1i\/ S\u1eaft<br \/>\nDimensions: W17.5 x L33 x H51cm &#8211; 2.915kg<\/p>","protected":false},"featured_media":87968,"comment_status":"open","ping_status":"closed","template":"","meta":[],"product_brand":[18],"product_cat":[2523],"product_tag":[],"class_list":{"0":"post-38482","1":"product","2":"type-product","3":"status-publish","4":"has-post-thumbnail","6":"product_brand-nomanha","7":"product_cat-decoration-items","8":"product_shipping_class-normal-items","9":"pa_dimension-l","10":"pa_dimension-s","12":"first","13":"instock","14":"shipping-taxable","15":"purchasable","16":"product-type-variable","17":"rtwpvs-product"},"yoast_head":"<!-- This site is optimized with the Yoast SEO plugin v27.1.1 - https:\/\/yoast.com\/product\/yoast-seo-wordpress\/ -->\n<title>CORALLO - B\u00ccNH TRANG TR\u00cd - Casanha<\/title>\n<meta name=\"robots\" content=\"index, follow, max-snippet:-1, max-image-preview:large, max-video-preview:-1\" \/>\n<link rel=\"canonical\" href=\"https:\/\/casanha.com\/vi\/san-pham\/corallo-binh-hoa\/\" \/>\n<meta property=\"og:locale\" content=\"vi_VN\" \/>\n<meta property=\"og:type\" content=\"article\" \/>\n<meta property=\"og:title\" content=\"CORALLO - B\u00ccNH TRANG TR\u00cd - Casanha\" \/>\n<meta property=\"og:description\" content=\"For the design lovers: the striking Corallo is a conversation starter as well as a bold centrepiece for any room in the house. Taking inspiration from coral reefs, the vase features an intricate coral pattern which adds texture and dimension. The vase can be used more as decorative piece on its own or you can add faux floral bouquet.  Designed in Belgium. Casanha exclusive.  Th\u00f4ng tin s\u1ea3n ph\u1ea9m M\u00e0u s\u1eafc: Tr\u1eafng Ch\u1ea5t li\u1ec7u: Kim lo\u1ea1i\/S\u1eaft K\u00edch th\u01b0\u1edbc: W17.5 x L33 x H51cm - 2.915kg  Product Information Color: White Material: Metal\/Ironwork Dimensions: W17.5 x L33 x H51cm - 2.915kg\" \/>\n<meta property=\"og:url\" content=\"https:\/\/casanha.com\/vi\/san-pham\/corallo-binh-hoa\/\" \/>\n<meta property=\"og:site_name\" content=\"Casanha\" \/>\n<meta property=\"article:publisher\" content=\"https:\/\/www.facebook.com\/CasanhaHome\" \/>\n<meta property=\"article:modified_time\" content=\"2026-03-03T08:54:48+00:00\" \/>\n<meta property=\"og:image\" content=\"https:\/\/casanha-beta.s3.ap-southeast-1.amazonaws.com\/2025\/04\/CORALLO-3.png\" \/>\n\t<meta property=\"og:image:width\" content=\"1080\" \/>\n\t<meta property=\"og:image:height\" content=\"1350\" \/>\n\t<meta property=\"og:image:type\" content=\"image\/png\" \/>\n<meta name=\"twitter:card\" content=\"summary_large_image\" \/>\n<script type=\"application\/ld+json\" class=\"yoast-schema-graph\">{\"@context\":\"https:\/\/schema.org\",\"@graph\":[{\"@type\":\"WebPage\",\"@id\":\"https:\/\/casanha.com\/product\/corallo-binh-hoa\/\",\"url\":\"https:\/\/casanha.com\/product\/corallo-binh-hoa\/\",\"name\":\"CORALLO - B\u00ccNH TRANG TR\u00cd - Casanha\",\"isPartOf\":{\"@id\":\"https:\/\/casanha.com\/vi\/#website\"},\"primaryImageOfPage\":{\"@id\":\"https:\/\/casanha.com\/product\/corallo-binh-hoa\/#primaryimage\"},\"image\":{\"@id\":\"https:\/\/casanha.com\/product\/corallo-binh-hoa\/#primaryimage\"},\"thumbnailUrl\":\"https:\/\/casanha-beta.s3.ap-southeast-1.amazonaws.com\/2025\/04\/CORALLO-3.png\",\"datePublished\":\"2023-03-13T03:53:55+00:00\",\"dateModified\":\"2026-03-03T08:54:48+00:00\",\"breadcrumb\":{\"@id\":\"https:\/\/casanha.com\/product\/corallo-binh-hoa\/#breadcrumb\"},\"inLanguage\":\"vi\",\"potentialAction\":[{\"@type\":\"ReadAction\",\"target\":[\"https:\/\/casanha.com\/product\/corallo-binh-hoa\/\"]}]},{\"@type\":\"ImageObject\",\"inLanguage\":\"vi\",\"@id\":\"https:\/\/casanha.com\/product\/corallo-binh-hoa\/#primaryimage\",\"url\":\"https:\/\/casanha-beta.s3.ap-southeast-1.amazonaws.com\/2025\/04\/CORALLO-3.png\",\"contentUrl\":\"https:\/\/casanha-beta.s3.ap-southeast-1.amazonaws.com\/2025\/04\/CORALLO-3.png\",\"width\":1080,\"height\":1350},{\"@type\":\"BreadcrumbList\",\"@id\":\"https:\/\/casanha.com\/product\/corallo-binh-hoa\/#breadcrumb\",\"itemListElement\":[{\"@type\":\"ListItem\",\"position\":1,\"name\":\"Home\",\"item\":\"https:\/\/casanha.com\/\"},{\"@type\":\"ListItem\",\"position\":2,\"name\":\"C\u1eeda h\u00e0ng\",\"item\":\"https:\/\/casanha.com\/vi\/cua-hang\/\"},{\"@type\":\"ListItem\",\"position\":3,\"name\":\"CORALLO &#8211; B\u00ccNH TRANG TR\u00cd\"}]},{\"@type\":\"WebSite\",\"@id\":\"https:\/\/casanha.com\/vi\/#website\",\"url\":\"https:\/\/casanha.com\/vi\/\",\"name\":\"Casanha\",\"description\":\"Home Decor &amp; Furniture\",\"publisher\":{\"@id\":\"https:\/\/casanha.com\/vi\/#organization\"},\"potentialAction\":[{\"@type\":\"SearchAction\",\"target\":{\"@type\":\"EntryPoint\",\"urlTemplate\":\"https:\/\/casanha.com\/vi\/?s={search_term_string}\"},\"query-input\":{\"@type\":\"PropertyValueSpecification\",\"valueRequired\":true,\"valueName\":\"search_term_string\"}}],\"inLanguage\":\"vi\"},{\"@type\":\"Organization\",\"@id\":\"https:\/\/casanha.com\/vi\/#organization\",\"name\":\"Casanha\",\"url\":\"https:\/\/casanha.com\/vi\/\",\"logo\":{\"@type\":\"ImageObject\",\"inLanguage\":\"vi\",\"@id\":\"https:\/\/casanha.com\/vi\/#\/schema\/logo\/image\/\",\"url\":\"https:\/\/casanha-beta.s3.ap-southeast-1.amazonaws.com\/2026\/02\/logo-2026.jpg\",\"contentUrl\":\"https:\/\/casanha-beta.s3.ap-southeast-1.amazonaws.com\/2026\/02\/logo-2026.jpg\",\"width\":1500,\"height\":1500,\"caption\":\"Casanha\"},\"image\":{\"@id\":\"https:\/\/casanha.com\/vi\/#\/schema\/logo\/image\/\"},\"sameAs\":[\"https:\/\/www.facebook.com\/CasanhaHome\",\"https:\/\/www.instagram.com\/casanhahome\/\",\"https:\/\/www.youtube.com\/@casanha\",\"https:\/\/www.tiktok.com\/@casanha.com\",\"https:\/\/zalo.me\/casanhahome\"]}]}<\/script>\n<!-- \/ Yoast SEO plugin. -->","yoast_head_json":{"title":"CORALLO - B\u00ccNH TRANG TR\u00cd - Casanha","robots":{"index":"index","follow":"follow","max-snippet":"max-snippet:-1","max-image-preview":"max-image-preview:large","max-video-preview":"max-video-preview:-1"},"canonical":"https:\/\/casanha.com\/vi\/san-pham\/corallo-binh-hoa\/","og_locale":"vi_VN","og_type":"article","og_title":"CORALLO - B\u00ccNH TRANG TR\u00cd - Casanha","og_description":"For the design lovers: the striking Corallo is a conversation starter as well as a bold centrepiece for any room in the house. Taking inspiration from coral reefs, the vase features an intricate coral pattern which adds texture and dimension. The vase can be used more as decorative piece on its own or you can add faux floral bouquet.  Designed in Belgium. Casanha exclusive.  Th\u00f4ng tin s\u1ea3n ph\u1ea9m M\u00e0u s\u1eafc: Tr\u1eafng Ch\u1ea5t li\u1ec7u: Kim lo\u1ea1i\/S\u1eaft K\u00edch th\u01b0\u1edbc: W17.5 x L33 x H51cm - 2.915kg  Product Information Color: White Material: Metal\/Ironwork Dimensions: W17.5 x L33 x H51cm - 2.915kg","og_url":"https:\/\/casanha.com\/vi\/san-pham\/corallo-binh-hoa\/","og_site_name":"Casanha","article_publisher":"https:\/\/www.facebook.com\/CasanhaHome","article_modified_time":"2026-03-03T08:54:48+00:00","og_image":[{"width":1080,"height":1350,"url":"https:\/\/casanha-beta.s3.ap-southeast-1.amazonaws.com\/2025\/04\/CORALLO-3.png","type":"image\/png"}],"twitter_card":"summary_large_image","schema":{"@context":"https:\/\/schema.org","@graph":[{"@type":"WebPage","@id":"https:\/\/casanha.com\/product\/corallo-binh-hoa\/","url":"https:\/\/casanha.com\/product\/corallo-binh-hoa\/","name":"CORALLO - B\u00ccNH TRANG TR\u00cd - Casanha","isPartOf":{"@id":"https:\/\/casanha.com\/vi\/#website"},"primaryImageOfPage":{"@id":"https:\/\/casanha.com\/product\/corallo-binh-hoa\/#primaryimage"},"image":{"@id":"https:\/\/casanha.com\/product\/corallo-binh-hoa\/#primaryimage"},"thumbnailUrl":"https:\/\/casanha-beta.s3.ap-southeast-1.amazonaws.com\/2025\/04\/CORALLO-3.png","datePublished":"2023-03-13T03:53:55+00:00","dateModified":"2026-03-03T08:54:48+00:00","breadcrumb":{"@id":"https:\/\/casanha.com\/product\/corallo-binh-hoa\/#breadcrumb"},"inLanguage":"vi","potentialAction":[{"@type":"ReadAction","target":["https:\/\/casanha.com\/product\/corallo-binh-hoa\/"]}]},{"@type":"ImageObject","inLanguage":"vi","@id":"https:\/\/casanha.com\/product\/corallo-binh-hoa\/#primaryimage","url":"https:\/\/casanha-beta.s3.ap-southeast-1.amazonaws.com\/2025\/04\/CORALLO-3.png","contentUrl":"https:\/\/casanha-beta.s3.ap-southeast-1.amazonaws.com\/2025\/04\/CORALLO-3.png","width":1080,"height":1350},{"@type":"BreadcrumbList","@id":"https:\/\/casanha.com\/product\/corallo-binh-hoa\/#breadcrumb","itemListElement":[{"@type":"ListItem","position":1,"name":"Home","item":"https:\/\/casanha.com\/"},{"@type":"ListItem","position":2,"name":"C\u1eeda h\u00e0ng","item":"https:\/\/casanha.com\/vi\/cua-hang\/"},{"@type":"ListItem","position":3,"name":"CORALLO &#8211; B\u00ccNH TRANG TR\u00cd"}]},{"@type":"WebSite","@id":"https:\/\/casanha.com\/vi\/#website","url":"https:\/\/casanha.com\/vi\/","name":"Casanha","description":"Home Decor &amp; Furniture","publisher":{"@id":"https:\/\/casanha.com\/vi\/#organization"},"potentialAction":[{"@type":"SearchAction","target":{"@type":"EntryPoint","urlTemplate":"https:\/\/casanha.com\/vi\/?s={search_term_string}"},"query-input":{"@type":"PropertyValueSpecification","valueRequired":true,"valueName":"search_term_string"}}],"inLanguage":"vi"},{"@type":"Organization","@id":"https:\/\/casanha.com\/vi\/#organization","name":"Casanha","url":"https:\/\/casanha.com\/vi\/","logo":{"@type":"ImageObject","inLanguage":"vi","@id":"https:\/\/casanha.com\/vi\/#\/schema\/logo\/image\/","url":"https:\/\/casanha-beta.s3.ap-southeast-1.amazonaws.com\/2026\/02\/logo-2026.jpg","contentUrl":"https:\/\/casanha-beta.s3.ap-southeast-1.amazonaws.com\/2026\/02\/logo-2026.jpg","width":1500,"height":1500,"caption":"Casanha"},"image":{"@id":"https:\/\/casanha.com\/vi\/#\/schema\/logo\/image\/"},"sameAs":["https:\/\/www.facebook.com\/CasanhaHome","https:\/\/www.instagram.com\/casanhahome\/","https:\/\/www.youtube.com\/@casanha","https:\/\/www.tiktok.com\/@casanha.com","https:\/\/zalo.me\/casanhahome"]}]}},"_links":{"self":[{"href":"https:\/\/casanha.com\/vi\/wp-json\/wp\/v2\/product\/38482","targetHints":{"allow":["GET"]}}],"collection":[{"href":"https:\/\/casanha.com\/vi\/wp-json\/wp\/v2\/product"}],"about":[{"href":"https:\/\/casanha.com\/vi\/wp-json\/wp\/v2\/types\/product"}],"replies":[{"embeddable":true,"href":"https:\/\/casanha.com\/vi\/wp-json\/wp\/v2\/comments?post=38482"}],"version-history":[{"count":10,"href":"https:\/\/casanha.com\/vi\/wp-json\/wp\/v2\/product\/38482\/revisions"}],"predecessor-version":[{"id":113944,"href":"https:\/\/casanha.com\/vi\/wp-json\/wp\/v2\/product\/38482\/revisions\/113944"}],"wp:featuredmedia":[{"embeddable":true,"href":"https:\/\/casanha.com\/vi\/wp-json\/wp\/v2\/media\/87968"}],"wp:attachment":[{"href":"https:\/\/casanha.com\/vi\/wp-json\/wp\/v2\/media?parent=38482"}],"wp:term":[{"taxonomy":"product_brand","embeddable":true,"href":"https:\/\/casanha.com\/vi\/wp-json\/wp\/v2\/product_brand?post=38482"},{"taxonomy":"product_cat","embeddable":true,"href":"https:\/\/casanha.com\/vi\/wp-json\/wp\/v2\/product_cat?post=38482"},{"taxonomy":"product_tag","embeddable":true,"href":"https:\/\/casanha.com\/vi\/wp-json\/wp\/v2\/product_tag?post=38482"}],"curies":[{"name":"wp","href":"https:\/\/api.w.org\/{rel}","templated":true}]}}