{"id":112105,"date":"2026-02-18T15:37:02","date_gmt":"2026-02-18T08:37:02","guid":{"rendered":"https:\/\/casanha.com\/?post_type=product&#038;p=112105"},"modified":"2026-02-18T15:37:03","modified_gmt":"2026-02-18T08:37:03","slug":"intimu-figue-frivole-nen-thom","status":"publish","type":"product","link":"https:\/\/casanha.com\/vi\/san-pham\/intimu-figue-frivole-nen-thom\/","title":{"rendered":"INTIMU &#8220;FIGUE FRIVOLE&#8221; &#8211; N\u1ebeN TH\u01a0M"},"content":{"rendered":"","protected":false},"excerpt":{"rendered":"<div>\u0110\u1eafm m\u00ecnh trong\u00a0<strong data-start=\"15\" data-end=\"32\">Figue Frivole<\/strong>, m\u1ed9t b\u1ea3n h\u00f2a ca \u0111\u1ea7y ng\u1eabu h\u1ee9ng t\u00f4n vinh nh\u1eefng c\u00e2y sung tr\u0129u qu\u1ea3 d\u01b0\u1edbi n\u1eafng \u0110\u1ecba Trung H\u1ea3i. H\u01b0\u01a1ng th\u01a1m kh\u00f4ng gian n\u00e0y t\u00e1i hi\u1ec7n tr\u1ecdn v\u1eb9n linh h\u1ed3n c\u1ee7a c\u00e2y sung qua s\u1ef1 h\u00f2a quy\u1ec7n gi\u1eefa s\u1eafc xanh t\u01b0\u01a1i m\u00e1t c\u1ee7a l\u00e1, v\u1ecb ng\u1ecdt m\u1ecdng c\u1ee7a tr\u00e1i ch\u00edn v\u00e0 nh\u1eefng t\u1ea7ng h\u01b0\u01a1ng g\u1ed7 \u1ea5m \u00e1p. H\u00e3y \u0111\u1ec3 v\u1ebb n\u00ean th\u01a1 c\u1ee7a\u00a0<strong data-start=\"320\" data-end=\"337\">Figue Frivole<\/strong>\u00a0\u0111\u01b0a b\u1ea1n l\u1ea1c b\u01b0\u1edbc v\u00e0o khu v\u01b0\u1eddn tr\u00f9 ph\u00fa, g\u1ee3i l\u00ean m\u00f9i h\u01b0\u01a1ng d\u1ecbu d\u00e0ng c\u1ee7a m\u1ed9t bu\u1ed5i chi\u1ec1u h\u00e8 \u0110\u1ecba Trung H\u1ea3i \u0111\u1ea7y m\u00ea say\/\u00a0<em>Submerge yourself in Figue Frivole, a whimsical homage to fig trees flourishing under the Mediterranean sun. This home fragrance embodies the essence of a fig tree through its synthesis of verdant foliage, luscious figs, and woody undertones. Allow the idyll of Figue Frivole to take you to an abundant garden, conjuring the delightful scent of a Mediterranean summer\u2019s eve.<\/em><\/div>\n<div><\/div>\n<div><strong><span lang=\"EN-US\">Th\u00f4ng tin s\u1ea3n ph\u1ea9m\/\u00a0<em>Th\u00f4ng tin s\u1ea3n ph\u1ea9m<\/em><\/span><\/strong><\/div>\n<p><span lang=\"EN-US\">M\u00e0u s\u1eafc\/\u00a0<em>M\u00e0u s\u1eafc:\u00a0<\/em>T\u00edm &amp;\u00a0<\/span><span lang=\"VI\">t\u1ef1 nhi\u00ean<\/span><span lang=\"EN-US\">\/\u00a0<em>Purple<\/em><em>\u00a0&amp; natural<br \/>\n<\/em><\/span><span lang=\"EN-US\">Ch\u1ea5t li\u1ec7u\/\u00a0<em>Ch\u1ea5t li\u1ec7u<\/em>:\u00a0<\/span>K\u00ednh, MDF<span lang=\"EN-US\">\u00a0&amp; s<\/span><span lang=\"EN-US\">\u00e1p\/<em>\u00a0Glass, MDF &amp; wax<br \/>\n<\/em><\/span><span lang=\"EN-US\">K\u00edch th\u01b0\u1edbc\/\u00a0<em>K\u00edch th\u01b0\u1edbc:<\/em>: D11.5 x H10cm<br \/>\n<\/span><span lang=\"EN-US\">H\u01b0\u01a1ng th\u01a1m\/\u00a0<em>Fragranced<\/em>:\u00a0<\/span><span lang=\"EN-US\">\u0110\u00fang\/\u00a0<em>Yes\u00a0<\/em>(Q<\/span>u\u1ea3 sung<span lang=\"EN-US\">\/\u00a0<em>Fig<\/em><\/span><span lang=\"EN-US\">)<br \/>\n<\/span><span lang=\"EN-US\">Th\u1eddi gian ch\u00e1y\/\u00a0<em>Burning time<\/em>\u00a0: (+\/-) 30H\u00a0<\/span><\/p>\n<p><span lang=\"EN-US\">B\u1ed9 s\u01b0u t\u1eadp\/\u00a0<em>Collection<\/em>: Intimu line<br \/>\n<\/span><span lang=\"EN-US\">Phong c\u00e1ch\/\u00a0<em>Phong c\u00e1ch<\/em>: Casanh\u00e0<\/span><\/p>\n<p><span lang=\"EN-US\">C\u00e2n n\u1eb7ng\/\u00a0<em>Weight<\/em>: 1kg<br \/>\n<\/span><span lang=\"EN-US\">Bao b\u00ec\/\u00a0<em>Packaging<\/em>: Standard<\/span><\/p>\n<p><span lang=\"EN-US\">N\u01b0\u1edbc xu\u1ea5t x\u1ee9\/\u00a0<em>Country of origin<\/em>:\u00a0<\/span><span lang=\"VI\">Trung Qu\u1ed1c\/\u00a0<\/span><em><span lang=\"EN-US\">China<\/span><\/em><\/p>","protected":false},"featured_media":111489,"comment_status":"open","ping_status":"closed","template":"","meta":[],"product_brand":[17],"product_cat":[2518],"product_tag":[],"class_list":{"0":"post-112105","1":"product","2":"type-product","3":"status-publish","4":"has-post-thumbnail","6":"product_brand-casanha","7":"product_cat-fragranced-candle","8":"product_shipping_class-normal-items","10":"first","11":"instock","12":"shipping-taxable","13":"purchasable","14":"product-type-simple"},"yoast_head":"<!-- This site is optimized with the Yoast SEO plugin v27.1.1 - https:\/\/yoast.com\/product\/yoast-seo-wordpress\/ -->\n<title>INTIMU &quot;FIGUE FRIVOLE&quot; - N\u1ebeN TH\u01a0M - Casanha<\/title>\n<meta name=\"robots\" content=\"index, follow, max-snippet:-1, max-image-preview:large, max-video-preview:-1\" \/>\n<link rel=\"canonical\" href=\"https:\/\/casanha.com\/vi\/san-pham\/intimu-figue-frivole-nen-thom\/\" \/>\n<meta property=\"og:locale\" content=\"vi_VN\" \/>\n<meta property=\"og:type\" content=\"article\" \/>\n<meta property=\"og:title\" content=\"INTIMU &quot;FIGUE FRIVOLE&quot; - N\u1ebeN TH\u01a0M - Casanha\" \/>\n<meta property=\"og:description\" content=\"\u0110\u1eafm m\u00ecnh trong\u00a0Figue Frivole, m\u1ed9t b\u1ea3n h\u00f2a ca \u0111\u1ea7y ng\u1eabu h\u1ee9ng t\u00f4n vinh nh\u1eefng c\u00e2y sung tr\u0129u qu\u1ea3 d\u01b0\u1edbi n\u1eafng \u0110\u1ecba Trung H\u1ea3i. H\u01b0\u01a1ng th\u01a1m kh\u00f4ng gian n\u00e0y t\u00e1i hi\u1ec7n tr\u1ecdn v\u1eb9n linh h\u1ed3n c\u1ee7a c\u00e2y sung qua s\u1ef1 h\u00f2a quy\u1ec7n gi\u1eefa s\u1eafc xanh t\u01b0\u01a1i m\u00e1t c\u1ee7a l\u00e1, v\u1ecb ng\u1ecdt m\u1ecdng c\u1ee7a tr\u00e1i ch\u00edn v\u00e0 nh\u1eefng t\u1ea7ng h\u01b0\u01a1ng g\u1ed7 \u1ea5m \u00e1p. H\u00e3y \u0111\u1ec3 v\u1ebb n\u00ean th\u01a1 c\u1ee7a\u00a0Figue Frivole\u00a0\u0111\u01b0a b\u1ea1n l\u1ea1c b\u01b0\u1edbc v\u00e0o khu v\u01b0\u1eddn tr\u00f9 ph\u00fa, g\u1ee3i l\u00ean m\u00f9i h\u01b0\u01a1ng d\u1ecbu d\u00e0ng c\u1ee7a m\u1ed9t bu\u1ed5i chi\u1ec1u h\u00e8 \u0110\u1ecba Trung H\u1ea3i \u0111\u1ea7y m\u00ea say\/\u00a0Submerge yourself in Figue Frivole, a whimsical homage to fig trees flourishing under the Mediterranean sun. This home fragrance embodies the essence of a fig tree through its synthesis of verdant foliage, luscious figs, and woody undertones. Allow the idyll of Figue Frivole to take you to an abundant garden, conjuring the delightful scent of a Mediterranean summer\u2019s eve.  Th\u00f4ng tin s\u1ea3n ph\u1ea9m\/\u00a0Product information M\u00e0u s\u1eafc\/\u00a0Color:\u00a0T\u00edm &amp;\u00a0t\u1ef1 nhi\u00ean\/\u00a0Purple\u00a0&amp; natural Ch\u1ea5t li\u1ec7u\/\u00a0Materials:\u00a0K\u00ednh, MDF\u00a0&amp; s\u00e1p\/\u00a0Glass, MDF &amp; wax K\u00edch th\u01b0\u1edbc\/\u00a0Dimensions: D11.5 x H10cm H\u01b0\u01a1ng th\u01a1m\/\u00a0Fragranced:\u00a0\u0110\u00fang\/\u00a0Yes\u00a0(Qu\u1ea3 sung\/\u00a0Fig) Th\u1eddi gian ch\u00e1y\/\u00a0Burning time\u00a0: (+\/-) 30H\u00a0  B\u1ed9 s\u01b0u t\u1eadp\/\u00a0Collection: Intimu line Phong c\u00e1ch\/\u00a0Style: Casanh\u00e0  C\u00e2n n\u1eb7ng\/\u00a0Weight: 1kg Bao b\u00ec\/\u00a0Packaging: Standard  N\u01b0\u1edbc xu\u1ea5t x\u1ee9\/\u00a0Country of origin:\u00a0Trung Qu\u1ed1c\/\u00a0China\" \/>\n<meta property=\"og:url\" content=\"https:\/\/casanha.com\/vi\/san-pham\/intimu-figue-frivole-nen-thom\/\" \/>\n<meta property=\"og:site_name\" content=\"Casanha\" \/>\n<meta property=\"article:publisher\" content=\"https:\/\/www.facebook.com\/CasanhaHome\" \/>\n<meta property=\"article:modified_time\" content=\"2026-02-18T08:37:03+00:00\" \/>\n<meta property=\"og:image\" content=\"https:\/\/casanha-beta.s3.ap-southeast-1.amazonaws.com\/2025\/03\/Intimu-candle-Fig-pic-1.png\" \/>\n\t<meta property=\"og:image:width\" content=\"1080\" \/>\n\t<meta property=\"og:image:height\" content=\"1350\" \/>\n\t<meta property=\"og:image:type\" content=\"image\/png\" \/>\n<meta name=\"twitter:card\" content=\"summary_large_image\" \/>\n<script type=\"application\/ld+json\" class=\"yoast-schema-graph\">{\"@context\":\"https:\/\/schema.org\",\"@graph\":[{\"@type\":\"WebPage\",\"@id\":\"https:\/\/casanha.com\/product\/intimu-figue-frivole-nen-thom\/\",\"url\":\"https:\/\/casanha.com\/product\/intimu-figue-frivole-nen-thom\/\",\"name\":\"INTIMU \\\"FIGUE FRIVOLE\\\" - N\u1ebeN TH\u01a0M - Casanha\",\"isPartOf\":{\"@id\":\"https:\/\/casanha.com\/vi\/#website\"},\"primaryImageOfPage\":{\"@id\":\"https:\/\/casanha.com\/product\/intimu-figue-frivole-nen-thom\/#primaryimage\"},\"image\":{\"@id\":\"https:\/\/casanha.com\/product\/intimu-figue-frivole-nen-thom\/#primaryimage\"},\"thumbnailUrl\":\"https:\/\/casanha-beta.s3.ap-southeast-1.amazonaws.com\/2025\/03\/Intimu-candle-Fig-pic-1.png\",\"datePublished\":\"2026-02-18T08:37:02+00:00\",\"dateModified\":\"2026-02-18T08:37:03+00:00\",\"breadcrumb\":{\"@id\":\"https:\/\/casanha.com\/product\/intimu-figue-frivole-nen-thom\/#breadcrumb\"},\"inLanguage\":\"vi\",\"potentialAction\":[{\"@type\":\"ReadAction\",\"target\":[\"https:\/\/casanha.com\/product\/intimu-figue-frivole-nen-thom\/\"]}]},{\"@type\":\"ImageObject\",\"inLanguage\":\"vi\",\"@id\":\"https:\/\/casanha.com\/product\/intimu-figue-frivole-nen-thom\/#primaryimage\",\"url\":\"https:\/\/casanha-beta.s3.ap-southeast-1.amazonaws.com\/2025\/03\/Intimu-candle-Fig-pic-1.png\",\"contentUrl\":\"https:\/\/casanha-beta.s3.ap-southeast-1.amazonaws.com\/2025\/03\/Intimu-candle-Fig-pic-1.png\",\"width\":1080,\"height\":1350},{\"@type\":\"BreadcrumbList\",\"@id\":\"https:\/\/casanha.com\/product\/intimu-figue-frivole-nen-thom\/#breadcrumb\",\"itemListElement\":[{\"@type\":\"ListItem\",\"position\":1,\"name\":\"Home\",\"item\":\"https:\/\/casanha.com\/\"},{\"@type\":\"ListItem\",\"position\":2,\"name\":\"C\u1eeda h\u00e0ng\",\"item\":\"https:\/\/casanha.com\/vi\/cua-hang\/\"},{\"@type\":\"ListItem\",\"position\":3,\"name\":\"INTIMU &#8220;FIGUE FRIVOLE&#8221; &#8211; N\u1ebeN TH\u01a0M\"}]},{\"@type\":\"WebSite\",\"@id\":\"https:\/\/casanha.com\/vi\/#website\",\"url\":\"https:\/\/casanha.com\/vi\/\",\"name\":\"Casanha\",\"description\":\"Home Decor &amp; Furniture\",\"publisher\":{\"@id\":\"https:\/\/casanha.com\/vi\/#organization\"},\"potentialAction\":[{\"@type\":\"SearchAction\",\"target\":{\"@type\":\"EntryPoint\",\"urlTemplate\":\"https:\/\/casanha.com\/vi\/?s={search_term_string}\"},\"query-input\":{\"@type\":\"PropertyValueSpecification\",\"valueRequired\":true,\"valueName\":\"search_term_string\"}}],\"inLanguage\":\"vi\"},{\"@type\":\"Organization\",\"@id\":\"https:\/\/casanha.com\/vi\/#organization\",\"name\":\"Casanha\",\"url\":\"https:\/\/casanha.com\/vi\/\",\"logo\":{\"@type\":\"ImageObject\",\"inLanguage\":\"vi\",\"@id\":\"https:\/\/casanha.com\/vi\/#\/schema\/logo\/image\/\",\"url\":\"https:\/\/casanha-beta.s3.ap-southeast-1.amazonaws.com\/2026\/02\/logo-2026.jpg\",\"contentUrl\":\"https:\/\/casanha-beta.s3.ap-southeast-1.amazonaws.com\/2026\/02\/logo-2026.jpg\",\"width\":1500,\"height\":1500,\"caption\":\"Casanha\"},\"image\":{\"@id\":\"https:\/\/casanha.com\/vi\/#\/schema\/logo\/image\/\"},\"sameAs\":[\"https:\/\/www.facebook.com\/CasanhaHome\",\"https:\/\/www.instagram.com\/casanhahome\/\",\"https:\/\/www.youtube.com\/@casanha\",\"https:\/\/www.tiktok.com\/@casanha.com\",\"https:\/\/zalo.me\/casanhahome\"]}]}<\/script>\n<!-- \/ Yoast SEO plugin. -->","yoast_head_json":{"title":"INTIMU \"FIGUE FRIVOLE\" - N\u1ebeN TH\u01a0M - Casanha","robots":{"index":"index","follow":"follow","max-snippet":"max-snippet:-1","max-image-preview":"max-image-preview:large","max-video-preview":"max-video-preview:-1"},"canonical":"https:\/\/casanha.com\/vi\/san-pham\/intimu-figue-frivole-nen-thom\/","og_locale":"vi_VN","og_type":"article","og_title":"INTIMU \"FIGUE FRIVOLE\" - N\u1ebeN TH\u01a0M - Casanha","og_description":"\u0110\u1eafm m\u00ecnh trong\u00a0Figue Frivole, m\u1ed9t b\u1ea3n h\u00f2a ca \u0111\u1ea7y ng\u1eabu h\u1ee9ng t\u00f4n vinh nh\u1eefng c\u00e2y sung tr\u0129u qu\u1ea3 d\u01b0\u1edbi n\u1eafng \u0110\u1ecba Trung H\u1ea3i. H\u01b0\u01a1ng th\u01a1m kh\u00f4ng gian n\u00e0y t\u00e1i hi\u1ec7n tr\u1ecdn v\u1eb9n linh h\u1ed3n c\u1ee7a c\u00e2y sung qua s\u1ef1 h\u00f2a quy\u1ec7n gi\u1eefa s\u1eafc xanh t\u01b0\u01a1i m\u00e1t c\u1ee7a l\u00e1, v\u1ecb ng\u1ecdt m\u1ecdng c\u1ee7a tr\u00e1i ch\u00edn v\u00e0 nh\u1eefng t\u1ea7ng h\u01b0\u01a1ng g\u1ed7 \u1ea5m \u00e1p. H\u00e3y \u0111\u1ec3 v\u1ebb n\u00ean th\u01a1 c\u1ee7a\u00a0Figue Frivole\u00a0\u0111\u01b0a b\u1ea1n l\u1ea1c b\u01b0\u1edbc v\u00e0o khu v\u01b0\u1eddn tr\u00f9 ph\u00fa, g\u1ee3i l\u00ean m\u00f9i h\u01b0\u01a1ng d\u1ecbu d\u00e0ng c\u1ee7a m\u1ed9t bu\u1ed5i chi\u1ec1u h\u00e8 \u0110\u1ecba Trung H\u1ea3i \u0111\u1ea7y m\u00ea say\/\u00a0Submerge yourself in Figue Frivole, a whimsical homage to fig trees flourishing under the Mediterranean sun. This home fragrance embodies the essence of a fig tree through its synthesis of verdant foliage, luscious figs, and woody undertones. Allow the idyll of Figue Frivole to take you to an abundant garden, conjuring the delightful scent of a Mediterranean summer\u2019s eve.  Th\u00f4ng tin s\u1ea3n ph\u1ea9m\/\u00a0Product information M\u00e0u s\u1eafc\/\u00a0Color:\u00a0T\u00edm &amp;\u00a0t\u1ef1 nhi\u00ean\/\u00a0Purple\u00a0&amp; natural Ch\u1ea5t li\u1ec7u\/\u00a0Materials:\u00a0K\u00ednh, MDF\u00a0&amp; s\u00e1p\/\u00a0Glass, MDF &amp; wax K\u00edch th\u01b0\u1edbc\/\u00a0Dimensions: D11.5 x H10cm H\u01b0\u01a1ng th\u01a1m\/\u00a0Fragranced:\u00a0\u0110\u00fang\/\u00a0Yes\u00a0(Qu\u1ea3 sung\/\u00a0Fig) Th\u1eddi gian ch\u00e1y\/\u00a0Burning time\u00a0: (+\/-) 30H\u00a0  B\u1ed9 s\u01b0u t\u1eadp\/\u00a0Collection: Intimu line Phong c\u00e1ch\/\u00a0Style: Casanh\u00e0  C\u00e2n n\u1eb7ng\/\u00a0Weight: 1kg Bao b\u00ec\/\u00a0Packaging: Standard  N\u01b0\u1edbc xu\u1ea5t x\u1ee9\/\u00a0Country of origin:\u00a0Trung Qu\u1ed1c\/\u00a0China","og_url":"https:\/\/casanha.com\/vi\/san-pham\/intimu-figue-frivole-nen-thom\/","og_site_name":"Casanha","article_publisher":"https:\/\/www.facebook.com\/CasanhaHome","article_modified_time":"2026-02-18T08:37:03+00:00","og_image":[{"width":1080,"height":1350,"url":"https:\/\/casanha-beta.s3.ap-southeast-1.amazonaws.com\/2025\/03\/Intimu-candle-Fig-pic-1.png","type":"image\/png"}],"twitter_card":"summary_large_image","schema":{"@context":"https:\/\/schema.org","@graph":[{"@type":"WebPage","@id":"https:\/\/casanha.com\/product\/intimu-figue-frivole-nen-thom\/","url":"https:\/\/casanha.com\/product\/intimu-figue-frivole-nen-thom\/","name":"INTIMU \"FIGUE FRIVOLE\" - N\u1ebeN TH\u01a0M - Casanha","isPartOf":{"@id":"https:\/\/casanha.com\/vi\/#website"},"primaryImageOfPage":{"@id":"https:\/\/casanha.com\/product\/intimu-figue-frivole-nen-thom\/#primaryimage"},"image":{"@id":"https:\/\/casanha.com\/product\/intimu-figue-frivole-nen-thom\/#primaryimage"},"thumbnailUrl":"https:\/\/casanha-beta.s3.ap-southeast-1.amazonaws.com\/2025\/03\/Intimu-candle-Fig-pic-1.png","datePublished":"2026-02-18T08:37:02+00:00","dateModified":"2026-02-18T08:37:03+00:00","breadcrumb":{"@id":"https:\/\/casanha.com\/product\/intimu-figue-frivole-nen-thom\/#breadcrumb"},"inLanguage":"vi","potentialAction":[{"@type":"ReadAction","target":["https:\/\/casanha.com\/product\/intimu-figue-frivole-nen-thom\/"]}]},{"@type":"ImageObject","inLanguage":"vi","@id":"https:\/\/casanha.com\/product\/intimu-figue-frivole-nen-thom\/#primaryimage","url":"https:\/\/casanha-beta.s3.ap-southeast-1.amazonaws.com\/2025\/03\/Intimu-candle-Fig-pic-1.png","contentUrl":"https:\/\/casanha-beta.s3.ap-southeast-1.amazonaws.com\/2025\/03\/Intimu-candle-Fig-pic-1.png","width":1080,"height":1350},{"@type":"BreadcrumbList","@id":"https:\/\/casanha.com\/product\/intimu-figue-frivole-nen-thom\/#breadcrumb","itemListElement":[{"@type":"ListItem","position":1,"name":"Home","item":"https:\/\/casanha.com\/"},{"@type":"ListItem","position":2,"name":"C\u1eeda h\u00e0ng","item":"https:\/\/casanha.com\/vi\/cua-hang\/"},{"@type":"ListItem","position":3,"name":"INTIMU &#8220;FIGUE FRIVOLE&#8221; &#8211; N\u1ebeN TH\u01a0M"}]},{"@type":"WebSite","@id":"https:\/\/casanha.com\/vi\/#website","url":"https:\/\/casanha.com\/vi\/","name":"Casanha","description":"Home Decor &amp; Furniture","publisher":{"@id":"https:\/\/casanha.com\/vi\/#organization"},"potentialAction":[{"@type":"SearchAction","target":{"@type":"EntryPoint","urlTemplate":"https:\/\/casanha.com\/vi\/?s={search_term_string}"},"query-input":{"@type":"PropertyValueSpecification","valueRequired":true,"valueName":"search_term_string"}}],"inLanguage":"vi"},{"@type":"Organization","@id":"https:\/\/casanha.com\/vi\/#organization","name":"Casanha","url":"https:\/\/casanha.com\/vi\/","logo":{"@type":"ImageObject","inLanguage":"vi","@id":"https:\/\/casanha.com\/vi\/#\/schema\/logo\/image\/","url":"https:\/\/casanha-beta.s3.ap-southeast-1.amazonaws.com\/2026\/02\/logo-2026.jpg","contentUrl":"https:\/\/casanha-beta.s3.ap-southeast-1.amazonaws.com\/2026\/02\/logo-2026.jpg","width":1500,"height":1500,"caption":"Casanha"},"image":{"@id":"https:\/\/casanha.com\/vi\/#\/schema\/logo\/image\/"},"sameAs":["https:\/\/www.facebook.com\/CasanhaHome","https:\/\/www.instagram.com\/casanhahome\/","https:\/\/www.youtube.com\/@casanha","https:\/\/www.tiktok.com\/@casanha.com","https:\/\/zalo.me\/casanhahome"]}]}},"_links":{"self":[{"href":"https:\/\/casanha.com\/vi\/wp-json\/wp\/v2\/product\/112105","targetHints":{"allow":["GET"]}}],"collection":[{"href":"https:\/\/casanha.com\/vi\/wp-json\/wp\/v2\/product"}],"about":[{"href":"https:\/\/casanha.com\/vi\/wp-json\/wp\/v2\/types\/product"}],"replies":[{"embeddable":true,"href":"https:\/\/casanha.com\/vi\/wp-json\/wp\/v2\/comments?post=112105"}],"version-history":[{"count":1,"href":"https:\/\/casanha.com\/vi\/wp-json\/wp\/v2\/product\/112105\/revisions"}],"predecessor-version":[{"id":112106,"href":"https:\/\/casanha.com\/vi\/wp-json\/wp\/v2\/product\/112105\/revisions\/112106"}],"wp:featuredmedia":[{"embeddable":true,"href":"https:\/\/casanha.com\/vi\/wp-json\/wp\/v2\/media\/111489"}],"wp:attachment":[{"href":"https:\/\/casanha.com\/vi\/wp-json\/wp\/v2\/media?parent=112105"}],"wp:term":[{"taxonomy":"product_brand","embeddable":true,"href":"https:\/\/casanha.com\/vi\/wp-json\/wp\/v2\/product_brand?post=112105"},{"taxonomy":"product_cat","embeddable":true,"href":"https:\/\/casanha.com\/vi\/wp-json\/wp\/v2\/product_cat?post=112105"},{"taxonomy":"product_tag","embeddable":true,"href":"https:\/\/casanha.com\/vi\/wp-json\/wp\/v2\/product_tag?post=112105"}],"curies":[{"name":"wp","href":"https:\/\/api.w.org\/{rel}","templated":true}]}}