{"id":112073,"date":"2026-02-18T14:56:22","date_gmt":"2026-02-18T07:56:22","guid":{"rendered":"https:\/\/casanha.com\/?post_type=product&#038;p=112073"},"modified":"2026-03-28T09:17:15","modified_gmt":"2026-03-28T02:17:15","slug":"neda-fireside-tinh-dau-khuech-tan","status":"publish","type":"product","link":"https:\/\/casanha.com\/vi\/san-pham\/neda-fireside-tinh-dau-khuech-tan\/","title":{"rendered":"NEDA &#8220;FIRESIDE&#8221; &#8211; TINH D\u1ea6U KHU\u1ebeCH T\u00c1N"},"content":{"rendered":"","protected":false},"excerpt":{"rendered":"<p><span lang=\"EN-US\">H\u01b0\u01a1ng Fireside l\u00e0 m\u00f9i h\u01b0\u01a1ng \u1ea5m \u00e1p, tho\u1ea3ng kh\u00f3i g\u1ed7 ch\u00e1y v\u00e0 ch\u00fat ng\u1ecdt d\u1ecbu, g\u1ee3i c\u1ea3m gi\u00e1c \u00eam \u0111\u1ec1m nh\u01b0 \u0111ang ng\u1ed3i b\u00ean l\u00f2 s\u01b0\u1edfi r\u1ef1c h\u1ed3ng trong m\u1ed9t bu\u1ed5i t\u1ed1i se l\u1ea1nh\/ <\/span><em><span lang=\"EN-US\">Fireside fragrance is a warm, smoky scent that blends crackling wood embers with subtle sweetness and a cozy, comforting depth reminiscent of a glowing fireplace on a chilly evening.<\/span><\/em><\/p>\n<p>Th\u00f4ng tin s\u1ea3n ph\u1ea9m\/\u00a0<em>Th\u00f4ng tin s\u1ea3n ph\u1ea9m<\/em><\/p>\n<p><span lang=\"EN-US\">M\u00e0u s\u1eafc\/\u00a0<em>M\u00e0u s\u1eafc:\u00a0<\/em><\/span><span lang=\"EN-US\">Trong su\u00f4\u0341t\u00a0<\/span><span lang=\"VI\">t\u1ef1 nhi\u00ean<\/span><span lang=\"EN-US\">\/\u00a0<em>Clear &amp; natural<br \/>\n<\/em><\/span><span lang=\"EN-US\">Ch\u1ea5t li\u1ec7u\/\u00a0<em>Ch\u1ea5t li\u1ec7u<\/em>:\u00a0<\/span>K\u00ednh &amp; ethanol<span lang=\"EN-US\">\/<em>\u00a0Glass &amp; ethanol<br \/>\n<\/em><\/span>Th\u1ec3 t\u00edch\/\u00a0<em>Volume<\/em>\u00a0: 200ML<br \/>\n<span lang=\"EN-US\">K\u00edch th\u01b0\u1edbc\/\u00a0<em>K\u00edch th\u01b0\u1edbc:<\/em>: D9 x H27cm<br \/>\n<\/span><span lang=\"EN-US\">H\u01b0\u01a1ng th\u01a1m\/\u00a0<em>Fragranced<\/em>:\u00a0<\/span><span lang=\"EN-US\">\u0110\u00fang\/\u00a0<em>Yes\u00a0<\/em>(<\/span>\u0110\u1eadu tonka\/<em>\u00a0Tonka<\/em><span lang=\"EN-US\">)<br \/>\n<\/span>Th\u1eddi gian t\u00e1n h\u01b0\u01a1ng<span lang=\"EN-US\">\/\u00a0<\/span><em>Diffusing time<\/em><span lang=\"EN-US\">\u00a0: (+\/-) 1\u00a0<\/span>th\u00e1ng\/\u00a0<em>months<br \/>\n<\/em>N\u01b0\u1edbc hoa \u0111\u01b0\u1ee3c s\u1ea3n xu\u1ea5t t\u1ea1i Ph\u00e1p\/\u00a0<em>Perfume made in France<\/em><\/p>\n<p><span lang=\"EN-US\">B\u1ed9 s\u01b0u t\u1eadp\/\u00a0<em>Collection<\/em>: Neda line<br \/>\n<\/span><span lang=\"EN-US\">Phong c\u00e1ch\/\u00a0<em>Phong c\u00e1ch<\/em>: Casanh\u00e0<\/span><\/p>\n<p><span lang=\"EN-US\">C\u00e2n n\u1eb7ng\/\u00a0<em>Weight<\/em>: 0.6kg<br \/>\n<\/span><span lang=\"EN-US\">Bao b\u00ec\/\u00a0<em>Packaging<\/em>: Standard<\/span><\/p>\n<p><span lang=\"EN-US\">N\u01b0\u1edbc xu\u1ea5t x\u1ee9\/\u00a0<em>Country of origin<\/em>:\u00a0<\/span><span lang=\"VI\">Trung Qu\u1ed1c\/\u00a0<\/span><em><span lang=\"EN-US\">China<\/span><\/em><\/p>","protected":false},"featured_media":112074,"comment_status":"open","ping_status":"closed","template":"","meta":[],"product_brand":[17],"product_cat":[2521],"product_tag":[],"class_list":{"0":"post-112073","1":"product","2":"type-product","3":"status-publish","4":"has-post-thumbnail","6":"product_brand-casanha","7":"product_cat-diffuser","8":"product_shipping_class-small-scale-items","10":"first","11":"instock","12":"shipping-taxable","13":"purchasable","14":"product-type-simple"},"yoast_head":"<!-- This site is optimized with the Yoast SEO plugin v27.1.1 - https:\/\/yoast.com\/product\/yoast-seo-wordpress\/ -->\n<title>NEDA &quot;FIRESIDE&quot; - TINH D\u1ea6U KHU\u1ebeCH T\u00c1N - Casanha<\/title>\n<meta name=\"robots\" content=\"index, follow, max-snippet:-1, max-image-preview:large, max-video-preview:-1\" \/>\n<link rel=\"canonical\" href=\"https:\/\/casanha.com\/vi\/san-pham\/neda-fireside-tinh-dau-khuech-tan\/\" \/>\n<meta property=\"og:locale\" content=\"vi_VN\" \/>\n<meta property=\"og:type\" content=\"article\" \/>\n<meta property=\"og:title\" content=\"NEDA &quot;FIRESIDE&quot; - TINH D\u1ea6U KHU\u1ebeCH T\u00c1N - Casanha\" \/>\n<meta property=\"og:description\" content=\"H\u01b0\u01a1ng Fireside l\u00e0 m\u00f9i h\u01b0\u01a1ng \u1ea5m \u00e1p, tho\u1ea3ng kh\u00f3i g\u1ed7 ch\u00e1y v\u00e0 ch\u00fat ng\u1ecdt d\u1ecbu, g\u1ee3i c\u1ea3m gi\u00e1c \u00eam \u0111\u1ec1m nh\u01b0 \u0111ang ng\u1ed3i b\u00ean l\u00f2 s\u01b0\u1edfi r\u1ef1c h\u1ed3ng trong m\u1ed9t bu\u1ed5i t\u1ed1i se l\u1ea1nh\/ Fireside fragrance is a warm, smoky scent that blends crackling wood embers with subtle sweetness and a cozy, comforting depth reminiscent of a glowing fireplace on a chilly evening.  Th\u00f4ng tin s\u1ea3n ph\u1ea9m\/\u00a0Product information  M\u00e0u s\u1eafc\/\u00a0Color:\u00a0Trong su\u00f4\u0341t\u00a0t\u1ef1 nhi\u00ean\/\u00a0Clear &amp; natural Ch\u1ea5t li\u1ec7u\/\u00a0Materials:\u00a0K\u00ednh &amp; ethanol\/\u00a0Glass &amp; ethanol Th\u1ec3 t\u00edch\/\u00a0Volume\u00a0: 200ML K\u00edch th\u01b0\u1edbc\/\u00a0Dimensions: D9 x H27cm H\u01b0\u01a1ng th\u01a1m\/\u00a0Fragranced:\u00a0\u0110\u00fang\/\u00a0Yes\u00a0(\u0110\u1eadu tonka\/\u00a0Tonka) Th\u1eddi gian t\u00e1n h\u01b0\u01a1ng\/\u00a0Diffusing time\u00a0: (+\/-) 1\u00a0th\u00e1ng\/\u00a0months N\u01b0\u1edbc hoa \u0111\u01b0\u1ee3c s\u1ea3n xu\u1ea5t t\u1ea1i Ph\u00e1p\/\u00a0Perfume made in France  B\u1ed9 s\u01b0u t\u1eadp\/\u00a0Collection: Neda line Phong c\u00e1ch\/\u00a0Style: Casanh\u00e0  C\u00e2n n\u1eb7ng\/\u00a0Weight: 0.6kg Bao b\u00ec\/\u00a0Packaging: Standard  N\u01b0\u1edbc xu\u1ea5t x\u1ee9\/\u00a0Country of origin:\u00a0Trung Qu\u1ed1c\/\u00a0China\" \/>\n<meta property=\"og:url\" content=\"https:\/\/casanha.com\/vi\/san-pham\/neda-fireside-tinh-dau-khuech-tan\/\" \/>\n<meta property=\"og:site_name\" content=\"Casanha\" \/>\n<meta property=\"article:publisher\" content=\"https:\/\/www.facebook.com\/CasanhaHome\" \/>\n<meta property=\"article:modified_time\" content=\"2026-03-28T02:17:15+00:00\" \/>\n<meta property=\"og:image\" content=\"https:\/\/casanha-beta.s3.ap-southeast-1.amazonaws.com\/2026\/02\/Neda-diffuser-fireside-.png\" \/>\n\t<meta property=\"og:image:width\" content=\"1080\" \/>\n\t<meta property=\"og:image:height\" content=\"1350\" \/>\n\t<meta property=\"og:image:type\" content=\"image\/png\" \/>\n<meta name=\"twitter:card\" content=\"summary_large_image\" \/>\n<script type=\"application\/ld+json\" class=\"yoast-schema-graph\">{\"@context\":\"https:\/\/schema.org\",\"@graph\":[{\"@type\":\"WebPage\",\"@id\":\"https:\/\/casanha.com\/product\/neda-fireside-tinh-dau-khuech-tan\/\",\"url\":\"https:\/\/casanha.com\/product\/neda-fireside-tinh-dau-khuech-tan\/\",\"name\":\"NEDA \\\"FIRESIDE\\\" - TINH D\u1ea6U KHU\u1ebeCH T\u00c1N - Casanha\",\"isPartOf\":{\"@id\":\"https:\/\/casanha.com\/vi\/#website\"},\"primaryImageOfPage\":{\"@id\":\"https:\/\/casanha.com\/product\/neda-fireside-tinh-dau-khuech-tan\/#primaryimage\"},\"image\":{\"@id\":\"https:\/\/casanha.com\/product\/neda-fireside-tinh-dau-khuech-tan\/#primaryimage\"},\"thumbnailUrl\":\"https:\/\/casanha-beta.s3.ap-southeast-1.amazonaws.com\/2026\/02\/Neda-diffuser-fireside-.png\",\"datePublished\":\"2026-02-18T07:56:22+00:00\",\"dateModified\":\"2026-03-28T02:17:15+00:00\",\"breadcrumb\":{\"@id\":\"https:\/\/casanha.com\/product\/neda-fireside-tinh-dau-khuech-tan\/#breadcrumb\"},\"inLanguage\":\"vi\",\"potentialAction\":[{\"@type\":\"ReadAction\",\"target\":[\"https:\/\/casanha.com\/product\/neda-fireside-tinh-dau-khuech-tan\/\"]}]},{\"@type\":\"ImageObject\",\"inLanguage\":\"vi\",\"@id\":\"https:\/\/casanha.com\/product\/neda-fireside-tinh-dau-khuech-tan\/#primaryimage\",\"url\":\"https:\/\/casanha-beta.s3.ap-southeast-1.amazonaws.com\/2026\/02\/Neda-diffuser-fireside-.png\",\"contentUrl\":\"https:\/\/casanha-beta.s3.ap-southeast-1.amazonaws.com\/2026\/02\/Neda-diffuser-fireside-.png\",\"width\":1080,\"height\":1350},{\"@type\":\"BreadcrumbList\",\"@id\":\"https:\/\/casanha.com\/product\/neda-fireside-tinh-dau-khuech-tan\/#breadcrumb\",\"itemListElement\":[{\"@type\":\"ListItem\",\"position\":1,\"name\":\"Home\",\"item\":\"https:\/\/casanha.com\/\"},{\"@type\":\"ListItem\",\"position\":2,\"name\":\"C\u1eeda h\u00e0ng\",\"item\":\"https:\/\/casanha.com\/vi\/cua-hang\/\"},{\"@type\":\"ListItem\",\"position\":3,\"name\":\"NEDA &#8220;FIRESIDE&#8221; &#8211; TINH D\u1ea6U KHU\u1ebeCH T\u00c1N\"}]},{\"@type\":\"WebSite\",\"@id\":\"https:\/\/casanha.com\/vi\/#website\",\"url\":\"https:\/\/casanha.com\/vi\/\",\"name\":\"Casanha\",\"description\":\"Home Decor &amp; Furniture\",\"publisher\":{\"@id\":\"https:\/\/casanha.com\/vi\/#organization\"},\"potentialAction\":[{\"@type\":\"SearchAction\",\"target\":{\"@type\":\"EntryPoint\",\"urlTemplate\":\"https:\/\/casanha.com\/vi\/?s={search_term_string}\"},\"query-input\":{\"@type\":\"PropertyValueSpecification\",\"valueRequired\":true,\"valueName\":\"search_term_string\"}}],\"inLanguage\":\"vi\"},{\"@type\":\"Organization\",\"@id\":\"https:\/\/casanha.com\/vi\/#organization\",\"name\":\"Casanha\",\"url\":\"https:\/\/casanha.com\/vi\/\",\"logo\":{\"@type\":\"ImageObject\",\"inLanguage\":\"vi\",\"@id\":\"https:\/\/casanha.com\/vi\/#\/schema\/logo\/image\/\",\"url\":\"https:\/\/casanha-beta.s3.ap-southeast-1.amazonaws.com\/2026\/02\/logo-2026.jpg\",\"contentUrl\":\"https:\/\/casanha-beta.s3.ap-southeast-1.amazonaws.com\/2026\/02\/logo-2026.jpg\",\"width\":1500,\"height\":1500,\"caption\":\"Casanha\"},\"image\":{\"@id\":\"https:\/\/casanha.com\/vi\/#\/schema\/logo\/image\/\"},\"sameAs\":[\"https:\/\/www.facebook.com\/CasanhaHome\",\"https:\/\/www.instagram.com\/casanhahome\/\",\"https:\/\/www.youtube.com\/@casanha\",\"https:\/\/www.tiktok.com\/@casanha.com\",\"https:\/\/zalo.me\/casanhahome\"]}]}<\/script>\n<!-- \/ Yoast SEO plugin. -->","yoast_head_json":{"title":"NEDA \"FIRESIDE\" - TINH D\u1ea6U KHU\u1ebeCH T\u00c1N - Casanha","robots":{"index":"index","follow":"follow","max-snippet":"max-snippet:-1","max-image-preview":"max-image-preview:large","max-video-preview":"max-video-preview:-1"},"canonical":"https:\/\/casanha.com\/vi\/san-pham\/neda-fireside-tinh-dau-khuech-tan\/","og_locale":"vi_VN","og_type":"article","og_title":"NEDA \"FIRESIDE\" - TINH D\u1ea6U KHU\u1ebeCH T\u00c1N - Casanha","og_description":"H\u01b0\u01a1ng Fireside l\u00e0 m\u00f9i h\u01b0\u01a1ng \u1ea5m \u00e1p, tho\u1ea3ng kh\u00f3i g\u1ed7 ch\u00e1y v\u00e0 ch\u00fat ng\u1ecdt d\u1ecbu, g\u1ee3i c\u1ea3m gi\u00e1c \u00eam \u0111\u1ec1m nh\u01b0 \u0111ang ng\u1ed3i b\u00ean l\u00f2 s\u01b0\u1edfi r\u1ef1c h\u1ed3ng trong m\u1ed9t bu\u1ed5i t\u1ed1i se l\u1ea1nh\/ Fireside fragrance is a warm, smoky scent that blends crackling wood embers with subtle sweetness and a cozy, comforting depth reminiscent of a glowing fireplace on a chilly evening.  Th\u00f4ng tin s\u1ea3n ph\u1ea9m\/\u00a0Product information  M\u00e0u s\u1eafc\/\u00a0Color:\u00a0Trong su\u00f4\u0341t\u00a0t\u1ef1 nhi\u00ean\/\u00a0Clear &amp; natural Ch\u1ea5t li\u1ec7u\/\u00a0Materials:\u00a0K\u00ednh &amp; ethanol\/\u00a0Glass &amp; ethanol Th\u1ec3 t\u00edch\/\u00a0Volume\u00a0: 200ML K\u00edch th\u01b0\u1edbc\/\u00a0Dimensions: D9 x H27cm H\u01b0\u01a1ng th\u01a1m\/\u00a0Fragranced:\u00a0\u0110\u00fang\/\u00a0Yes\u00a0(\u0110\u1eadu tonka\/\u00a0Tonka) Th\u1eddi gian t\u00e1n h\u01b0\u01a1ng\/\u00a0Diffusing time\u00a0: (+\/-) 1\u00a0th\u00e1ng\/\u00a0months N\u01b0\u1edbc hoa \u0111\u01b0\u1ee3c s\u1ea3n xu\u1ea5t t\u1ea1i Ph\u00e1p\/\u00a0Perfume made in France  B\u1ed9 s\u01b0u t\u1eadp\/\u00a0Collection: Neda line Phong c\u00e1ch\/\u00a0Style: Casanh\u00e0  C\u00e2n n\u1eb7ng\/\u00a0Weight: 0.6kg Bao b\u00ec\/\u00a0Packaging: Standard  N\u01b0\u1edbc xu\u1ea5t x\u1ee9\/\u00a0Country of origin:\u00a0Trung Qu\u1ed1c\/\u00a0China","og_url":"https:\/\/casanha.com\/vi\/san-pham\/neda-fireside-tinh-dau-khuech-tan\/","og_site_name":"Casanha","article_publisher":"https:\/\/www.facebook.com\/CasanhaHome","article_modified_time":"2026-03-28T02:17:15+00:00","og_image":[{"width":1080,"height":1350,"url":"https:\/\/casanha-beta.s3.ap-southeast-1.amazonaws.com\/2026\/02\/Neda-diffuser-fireside-.png","type":"image\/png"}],"twitter_card":"summary_large_image","schema":{"@context":"https:\/\/schema.org","@graph":[{"@type":"WebPage","@id":"https:\/\/casanha.com\/product\/neda-fireside-tinh-dau-khuech-tan\/","url":"https:\/\/casanha.com\/product\/neda-fireside-tinh-dau-khuech-tan\/","name":"NEDA \"FIRESIDE\" - TINH D\u1ea6U KHU\u1ebeCH T\u00c1N - Casanha","isPartOf":{"@id":"https:\/\/casanha.com\/vi\/#website"},"primaryImageOfPage":{"@id":"https:\/\/casanha.com\/product\/neda-fireside-tinh-dau-khuech-tan\/#primaryimage"},"image":{"@id":"https:\/\/casanha.com\/product\/neda-fireside-tinh-dau-khuech-tan\/#primaryimage"},"thumbnailUrl":"https:\/\/casanha-beta.s3.ap-southeast-1.amazonaws.com\/2026\/02\/Neda-diffuser-fireside-.png","datePublished":"2026-02-18T07:56:22+00:00","dateModified":"2026-03-28T02:17:15+00:00","breadcrumb":{"@id":"https:\/\/casanha.com\/product\/neda-fireside-tinh-dau-khuech-tan\/#breadcrumb"},"inLanguage":"vi","potentialAction":[{"@type":"ReadAction","target":["https:\/\/casanha.com\/product\/neda-fireside-tinh-dau-khuech-tan\/"]}]},{"@type":"ImageObject","inLanguage":"vi","@id":"https:\/\/casanha.com\/product\/neda-fireside-tinh-dau-khuech-tan\/#primaryimage","url":"https:\/\/casanha-beta.s3.ap-southeast-1.amazonaws.com\/2026\/02\/Neda-diffuser-fireside-.png","contentUrl":"https:\/\/casanha-beta.s3.ap-southeast-1.amazonaws.com\/2026\/02\/Neda-diffuser-fireside-.png","width":1080,"height":1350},{"@type":"BreadcrumbList","@id":"https:\/\/casanha.com\/product\/neda-fireside-tinh-dau-khuech-tan\/#breadcrumb","itemListElement":[{"@type":"ListItem","position":1,"name":"Home","item":"https:\/\/casanha.com\/"},{"@type":"ListItem","position":2,"name":"C\u1eeda h\u00e0ng","item":"https:\/\/casanha.com\/vi\/cua-hang\/"},{"@type":"ListItem","position":3,"name":"NEDA &#8220;FIRESIDE&#8221; &#8211; TINH D\u1ea6U KHU\u1ebeCH T\u00c1N"}]},{"@type":"WebSite","@id":"https:\/\/casanha.com\/vi\/#website","url":"https:\/\/casanha.com\/vi\/","name":"Casanha","description":"Home Decor &amp; Furniture","publisher":{"@id":"https:\/\/casanha.com\/vi\/#organization"},"potentialAction":[{"@type":"SearchAction","target":{"@type":"EntryPoint","urlTemplate":"https:\/\/casanha.com\/vi\/?s={search_term_string}"},"query-input":{"@type":"PropertyValueSpecification","valueRequired":true,"valueName":"search_term_string"}}],"inLanguage":"vi"},{"@type":"Organization","@id":"https:\/\/casanha.com\/vi\/#organization","name":"Casanha","url":"https:\/\/casanha.com\/vi\/","logo":{"@type":"ImageObject","inLanguage":"vi","@id":"https:\/\/casanha.com\/vi\/#\/schema\/logo\/image\/","url":"https:\/\/casanha-beta.s3.ap-southeast-1.amazonaws.com\/2026\/02\/logo-2026.jpg","contentUrl":"https:\/\/casanha-beta.s3.ap-southeast-1.amazonaws.com\/2026\/02\/logo-2026.jpg","width":1500,"height":1500,"caption":"Casanha"},"image":{"@id":"https:\/\/casanha.com\/vi\/#\/schema\/logo\/image\/"},"sameAs":["https:\/\/www.facebook.com\/CasanhaHome","https:\/\/www.instagram.com\/casanhahome\/","https:\/\/www.youtube.com\/@casanha","https:\/\/www.tiktok.com\/@casanha.com","https:\/\/zalo.me\/casanhahome"]}]}},"_links":{"self":[{"href":"https:\/\/casanha.com\/vi\/wp-json\/wp\/v2\/product\/112073","targetHints":{"allow":["GET"]}}],"collection":[{"href":"https:\/\/casanha.com\/vi\/wp-json\/wp\/v2\/product"}],"about":[{"href":"https:\/\/casanha.com\/vi\/wp-json\/wp\/v2\/types\/product"}],"replies":[{"embeddable":true,"href":"https:\/\/casanha.com\/vi\/wp-json\/wp\/v2\/comments?post=112073"}],"version-history":[{"count":4,"href":"https:\/\/casanha.com\/vi\/wp-json\/wp\/v2\/product\/112073\/revisions"}],"predecessor-version":[{"id":112093,"href":"https:\/\/casanha.com\/vi\/wp-json\/wp\/v2\/product\/112073\/revisions\/112093"}],"wp:featuredmedia":[{"embeddable":true,"href":"https:\/\/casanha.com\/vi\/wp-json\/wp\/v2\/media\/112074"}],"wp:attachment":[{"href":"https:\/\/casanha.com\/vi\/wp-json\/wp\/v2\/media?parent=112073"}],"wp:term":[{"taxonomy":"product_brand","embeddable":true,"href":"https:\/\/casanha.com\/vi\/wp-json\/wp\/v2\/product_brand?post=112073"},{"taxonomy":"product_cat","embeddable":true,"href":"https:\/\/casanha.com\/vi\/wp-json\/wp\/v2\/product_cat?post=112073"},{"taxonomy":"product_tag","embeddable":true,"href":"https:\/\/casanha.com\/vi\/wp-json\/wp\/v2\/product_tag?post=112073"}],"curies":[{"name":"wp","href":"https:\/\/api.w.org\/{rel}","templated":true}]}}