{"id":111707,"date":"2026-02-15T11:27:50","date_gmt":"2026-02-15T04:27:50","guid":{"rendered":"https:\/\/casanha.com\/?post_type=product&#038;p=111707"},"modified":"2026-03-05T08:11:48","modified_gmt":"2026-03-05T01:11:48","slug":"nadherni-nen-thom-acai","status":"publish","type":"product","link":"https:\/\/casanha.com\/vi\/san-pham\/nadherni-nen-thom-acai\/","title":{"rendered":"NADHERNI &#8220;ACAI WATERMELON&#8221; \u2013 N\u1ebeN TH\u01a0M"},"content":{"rendered":"","protected":false},"excerpt":{"rendered":"<p><span lang=\"EN-US\">A\u00e7a\u00ed v\u00e0 d\u01b0a h\u1ea5u h\u00f2a quy\u1ec7n t\u1ea1o n\u00ean h\u01b0\u01a1ng th\u01a1m m\u1ecdng n\u01b0\u1edbc v\u00e0 t\u01b0\u01a1i m\u00e1t, n\u01a1i v\u1ecb ng\u1ecdt h\u01a1i chua c\u1ee7a qu\u1ea3 m\u1ecdng k\u1ebft h\u1ee3p c\u00f9ng s\u1ef1 thanh m\u00e1t, trong tr\u1ebbo c\u1ee7a d\u01b0a h\u1ea5u, mang l\u1ea1i c\u1ea3m gi\u00e1c s\u1ed1ng \u0111\u1ed9ng, vui t\u01b0\u01a1i v\u00e0 \u0111\u1eadm ch\u1ea5t m\u00f9a h\u00e8\/\u00a0<\/span><span lang=\"EN-US\"><em>A\u00e7a\u00ed and watermelon create a juicy, refreshing fragrance where sweet, slightly tart berry notes blend with crisp, watery freshness for a scent that feels vibrant, playful, and summery.<\/em><\/span><strong><span lang=\"EN-US\"><\/p>\n<p>Th\u00f4ng tin s\u1ea3n ph\u1ea9m\/\u00a0<em>Th\u00f4ng tin s\u1ea3n ph\u1ea9m<\/em><\/span><\/strong><\/p>\n<p><span lang=\"EN-US\">M\u00e0u s\u1eafc\/\u00a0<em>M\u00e0u s\u1eafc:\u00a0<\/em><\/span>M\u1eadn<span lang=\"EN-US\">\/\u00a0<em>Plum<br \/>\n<\/em><\/span><span lang=\"EN-US\">Ch\u1ea5t li\u1ec7u\/\u00a0<em>Ch\u1ea5t li\u1ec7u<\/em>: K\u00ednh &amp; s<\/span><span lang=\"EN-US\">\u00e1p\/<em>\u00a0Glass &amp; wax<br \/>\n<\/em><\/span><span lang=\"EN-US\">K\u00edch th\u01b0\u1edbc\/\u00a0<em>K\u00edch th\u01b0\u1edbc:<\/em>: D8 x H9cm<br \/>\n<\/span><span lang=\"EN-US\">H\u01b0\u01a1ng th\u01a1m\/\u00a0<em>Fragranced<\/em>:\u00a0<\/span><span lang=\"EN-US\">\u0110\u00fang\/\u00a0<em>Yes\u00a0<\/em>(<\/span>Qu\u1ea3 a\u00e7a\u00ed &amp; d\u01b0a h\u1ea5u<span lang=\"EN-US\">\/\u00a0<em>Acai berries &amp; watermelon<\/em><\/span><span lang=\"EN-US\">)<br \/>\n<\/span><span lang=\"EN-US\">Th\u1eddi gian ch\u00e1y\/\u00a0<em>Burning time<\/em>\u00a0: (+\/-) 40H<br \/>\n<\/span>N\u01b0\u1edbc hoa \u0111\u01b0\u1ee3c s\u1ea3n xu\u1ea5t t\u1ea1i Ph\u00e1p\/\u00a0<em>Perfume made in France<\/em><\/p>\n<p><span lang=\"EN-US\">B\u1ed9 s\u01b0u t\u1eadp\/\u00a0<em>Collection<\/em>: Nadherni line<br \/>\n<\/span><span lang=\"EN-US\">Phong c\u00e1ch\/\u00a0<em>Phong c\u00e1ch<\/em>: Casanh\u00e0<\/span><\/p>\n<p><span lang=\"EN-US\">C\u00e2n n\u1eb7ng\/\u00a0<em>Weight<\/em>: 0.46kg<br \/>\n<\/span><span lang=\"EN-US\">Bao b\u00ec\/\u00a0<em>Packaging<\/em>: Standard<\/span><\/p>\n<p><span lang=\"EN-US\">N\u01b0\u1edbc xu\u1ea5t x\u1ee9\/\u00a0<em>Country of origin<\/em>:\u00a0<\/span><span lang=\"VI\">Trung Qu\u1ed1c\/\u00a0<\/span><em><span lang=\"EN-US\">China<\/span><\/em><\/p>","protected":false},"featured_media":111663,"comment_status":"open","ping_status":"closed","template":"","meta":[],"product_brand":[17],"product_cat":[2518],"product_tag":[],"class_list":{"0":"post-111707","1":"product","2":"type-product","3":"status-publish","4":"has-post-thumbnail","6":"product_brand-casanha","7":"product_cat-fragranced-candle","8":"product_shipping_class-small-scale-items","10":"first","11":"outofstock","12":"shipping-taxable","13":"purchasable","14":"product-type-simple"},"yoast_head":"<!-- This site is optimized with the Yoast SEO plugin v27.1.1 - https:\/\/yoast.com\/product\/yoast-seo-wordpress\/ -->\n<title>NADHERNI &quot;ACAI WATERMELON&quot; \u2013 N\u1ebeN TH\u01a0M - Casanha<\/title>\n<meta name=\"robots\" content=\"index, follow, max-snippet:-1, max-image-preview:large, max-video-preview:-1\" \/>\n<link rel=\"canonical\" href=\"https:\/\/casanha.com\/vi\/san-pham\/nadherni-nen-thom-acai\/\" \/>\n<meta property=\"og:locale\" content=\"vi_VN\" \/>\n<meta property=\"og:type\" content=\"article\" \/>\n<meta property=\"og:title\" content=\"NADHERNI &quot;ACAI WATERMELON&quot; \u2013 N\u1ebeN TH\u01a0M - Casanha\" \/>\n<meta property=\"og:description\" content=\"A\u00e7a\u00ed v\u00e0 d\u01b0a h\u1ea5u h\u00f2a quy\u1ec7n t\u1ea1o n\u00ean h\u01b0\u01a1ng th\u01a1m m\u1ecdng n\u01b0\u1edbc v\u00e0 t\u01b0\u01a1i m\u00e1t, n\u01a1i v\u1ecb ng\u1ecdt h\u01a1i chua c\u1ee7a qu\u1ea3 m\u1ecdng k\u1ebft h\u1ee3p c\u00f9ng s\u1ef1 thanh m\u00e1t, trong tr\u1ebbo c\u1ee7a d\u01b0a h\u1ea5u, mang l\u1ea1i c\u1ea3m gi\u00e1c s\u1ed1ng \u0111\u1ed9ng, vui t\u01b0\u01a1i v\u00e0 \u0111\u1eadm ch\u1ea5t m\u00f9a h\u00e8\/\u00a0A\u00e7a\u00ed and watermelon create a juicy, refreshing fragrance where sweet, slightly tart berry notes blend with crisp, watery freshness for a scent that feels vibrant, playful, and summery.  Th\u00f4ng tin s\u1ea3n ph\u1ea9m\/\u00a0Product information  M\u00e0u s\u1eafc\/\u00a0Color:\u00a0M\u1eadn\/\u00a0Plum Ch\u1ea5t li\u1ec7u\/\u00a0Materials: K\u00ednh &amp; s\u00e1p\/\u00a0Glass &amp; wax K\u00edch th\u01b0\u1edbc\/\u00a0Dimensions: D8 x H9cm H\u01b0\u01a1ng th\u01a1m\/\u00a0Fragranced:\u00a0\u0110\u00fang\/\u00a0Yes\u00a0(Qu\u1ea3 a\u00e7a\u00ed &amp; d\u01b0a h\u1ea5u\/\u00a0Acai berries &amp; watermelon) Th\u1eddi gian ch\u00e1y\/\u00a0Burning time\u00a0: (+\/-) 40H N\u01b0\u1edbc hoa \u0111\u01b0\u1ee3c s\u1ea3n xu\u1ea5t t\u1ea1i Ph\u00e1p\/\u00a0Perfume made in France  B\u1ed9 s\u01b0u t\u1eadp\/\u00a0Collection: Nadherni line Phong c\u00e1ch\/\u00a0Style: Casanh\u00e0  C\u00e2n n\u1eb7ng\/\u00a0Weight: 0.46kg Bao b\u00ec\/\u00a0Packaging: Standard  N\u01b0\u1edbc xu\u1ea5t x\u1ee9\/\u00a0Country of origin:\u00a0Trung Qu\u1ed1c\/\u00a0China\" \/>\n<meta property=\"og:url\" content=\"https:\/\/casanha.com\/vi\/san-pham\/nadherni-nen-thom-acai\/\" \/>\n<meta property=\"og:site_name\" content=\"Casanha\" \/>\n<meta property=\"article:publisher\" content=\"https:\/\/www.facebook.com\/CasanhaHome\" \/>\n<meta property=\"article:modified_time\" content=\"2026-03-05T01:11:48+00:00\" \/>\n<meta property=\"og:image\" content=\"https:\/\/casanha-beta.s3.ap-southeast-1.amazonaws.com\/2026\/02\/Nadherni-candle-acai-water-pic-1.png\" \/>\n\t<meta property=\"og:image:width\" content=\"1080\" \/>\n\t<meta property=\"og:image:height\" content=\"1350\" \/>\n\t<meta property=\"og:image:type\" content=\"image\/png\" \/>\n<meta name=\"twitter:card\" content=\"summary_large_image\" \/>\n<script type=\"application\/ld+json\" class=\"yoast-schema-graph\">{\"@context\":\"https:\/\/schema.org\",\"@graph\":[{\"@type\":\"WebPage\",\"@id\":\"https:\/\/casanha.com\/product\/nadherni-nen-thom-acai\/\",\"url\":\"https:\/\/casanha.com\/product\/nadherni-nen-thom-acai\/\",\"name\":\"NADHERNI \\\"ACAI WATERMELON\\\" \u2013 N\u1ebeN TH\u01a0M - Casanha\",\"isPartOf\":{\"@id\":\"https:\/\/casanha.com\/vi\/#website\"},\"primaryImageOfPage\":{\"@id\":\"https:\/\/casanha.com\/product\/nadherni-nen-thom-acai\/#primaryimage\"},\"image\":{\"@id\":\"https:\/\/casanha.com\/product\/nadherni-nen-thom-acai\/#primaryimage\"},\"thumbnailUrl\":\"https:\/\/casanha-beta.s3.ap-southeast-1.amazonaws.com\/2026\/02\/Nadherni-candle-acai-water-pic-1.png\",\"datePublished\":\"2026-02-15T04:27:50+00:00\",\"dateModified\":\"2026-03-05T01:11:48+00:00\",\"breadcrumb\":{\"@id\":\"https:\/\/casanha.com\/product\/nadherni-nen-thom-acai\/#breadcrumb\"},\"inLanguage\":\"vi\",\"potentialAction\":[{\"@type\":\"ReadAction\",\"target\":[\"https:\/\/casanha.com\/product\/nadherni-nen-thom-acai\/\"]}]},{\"@type\":\"ImageObject\",\"inLanguage\":\"vi\",\"@id\":\"https:\/\/casanha.com\/product\/nadherni-nen-thom-acai\/#primaryimage\",\"url\":\"https:\/\/casanha-beta.s3.ap-southeast-1.amazonaws.com\/2026\/02\/Nadherni-candle-acai-water-pic-1.png\",\"contentUrl\":\"https:\/\/casanha-beta.s3.ap-southeast-1.amazonaws.com\/2026\/02\/Nadherni-candle-acai-water-pic-1.png\",\"width\":1080,\"height\":1350},{\"@type\":\"BreadcrumbList\",\"@id\":\"https:\/\/casanha.com\/product\/nadherni-nen-thom-acai\/#breadcrumb\",\"itemListElement\":[{\"@type\":\"ListItem\",\"position\":1,\"name\":\"Home\",\"item\":\"https:\/\/casanha.com\/\"},{\"@type\":\"ListItem\",\"position\":2,\"name\":\"C\u1eeda h\u00e0ng\",\"item\":\"https:\/\/casanha.com\/vi\/cua-hang\/\"},{\"@type\":\"ListItem\",\"position\":3,\"name\":\"NADHERNI &#8220;ACAI WATERMELON&#8221; \u2013 N\u1ebeN TH\u01a0M\"}]},{\"@type\":\"WebSite\",\"@id\":\"https:\/\/casanha.com\/vi\/#website\",\"url\":\"https:\/\/casanha.com\/vi\/\",\"name\":\"Casanha\",\"description\":\"Home Decor &amp; Furniture\",\"publisher\":{\"@id\":\"https:\/\/casanha.com\/vi\/#organization\"},\"potentialAction\":[{\"@type\":\"SearchAction\",\"target\":{\"@type\":\"EntryPoint\",\"urlTemplate\":\"https:\/\/casanha.com\/vi\/?s={search_term_string}\"},\"query-input\":{\"@type\":\"PropertyValueSpecification\",\"valueRequired\":true,\"valueName\":\"search_term_string\"}}],\"inLanguage\":\"vi\"},{\"@type\":\"Organization\",\"@id\":\"https:\/\/casanha.com\/vi\/#organization\",\"name\":\"Casanha\",\"url\":\"https:\/\/casanha.com\/vi\/\",\"logo\":{\"@type\":\"ImageObject\",\"inLanguage\":\"vi\",\"@id\":\"https:\/\/casanha.com\/vi\/#\/schema\/logo\/image\/\",\"url\":\"https:\/\/casanha-beta.s3.ap-southeast-1.amazonaws.com\/2026\/02\/logo-2026.jpg\",\"contentUrl\":\"https:\/\/casanha-beta.s3.ap-southeast-1.amazonaws.com\/2026\/02\/logo-2026.jpg\",\"width\":1500,\"height\":1500,\"caption\":\"Casanha\"},\"image\":{\"@id\":\"https:\/\/casanha.com\/vi\/#\/schema\/logo\/image\/\"},\"sameAs\":[\"https:\/\/www.facebook.com\/CasanhaHome\",\"https:\/\/www.instagram.com\/casanhahome\/\",\"https:\/\/www.youtube.com\/@casanha\",\"https:\/\/www.tiktok.com\/@casanha.com\",\"https:\/\/zalo.me\/casanhahome\"]}]}<\/script>\n<!-- \/ Yoast SEO plugin. -->","yoast_head_json":{"title":"NADHERNI \"ACAI WATERMELON\" \u2013 N\u1ebeN TH\u01a0M - Casanha","robots":{"index":"index","follow":"follow","max-snippet":"max-snippet:-1","max-image-preview":"max-image-preview:large","max-video-preview":"max-video-preview:-1"},"canonical":"https:\/\/casanha.com\/vi\/san-pham\/nadherni-nen-thom-acai\/","og_locale":"vi_VN","og_type":"article","og_title":"NADHERNI \"ACAI WATERMELON\" \u2013 N\u1ebeN TH\u01a0M - Casanha","og_description":"A\u00e7a\u00ed v\u00e0 d\u01b0a h\u1ea5u h\u00f2a quy\u1ec7n t\u1ea1o n\u00ean h\u01b0\u01a1ng th\u01a1m m\u1ecdng n\u01b0\u1edbc v\u00e0 t\u01b0\u01a1i m\u00e1t, n\u01a1i v\u1ecb ng\u1ecdt h\u01a1i chua c\u1ee7a qu\u1ea3 m\u1ecdng k\u1ebft h\u1ee3p c\u00f9ng s\u1ef1 thanh m\u00e1t, trong tr\u1ebbo c\u1ee7a d\u01b0a h\u1ea5u, mang l\u1ea1i c\u1ea3m gi\u00e1c s\u1ed1ng \u0111\u1ed9ng, vui t\u01b0\u01a1i v\u00e0 \u0111\u1eadm ch\u1ea5t m\u00f9a h\u00e8\/\u00a0A\u00e7a\u00ed and watermelon create a juicy, refreshing fragrance where sweet, slightly tart berry notes blend with crisp, watery freshness for a scent that feels vibrant, playful, and summery.  Th\u00f4ng tin s\u1ea3n ph\u1ea9m\/\u00a0Product information  M\u00e0u s\u1eafc\/\u00a0Color:\u00a0M\u1eadn\/\u00a0Plum Ch\u1ea5t li\u1ec7u\/\u00a0Materials: K\u00ednh &amp; s\u00e1p\/\u00a0Glass &amp; wax K\u00edch th\u01b0\u1edbc\/\u00a0Dimensions: D8 x H9cm H\u01b0\u01a1ng th\u01a1m\/\u00a0Fragranced:\u00a0\u0110\u00fang\/\u00a0Yes\u00a0(Qu\u1ea3 a\u00e7a\u00ed &amp; d\u01b0a h\u1ea5u\/\u00a0Acai berries &amp; watermelon) Th\u1eddi gian ch\u00e1y\/\u00a0Burning time\u00a0: (+\/-) 40H N\u01b0\u1edbc hoa \u0111\u01b0\u1ee3c s\u1ea3n xu\u1ea5t t\u1ea1i Ph\u00e1p\/\u00a0Perfume made in France  B\u1ed9 s\u01b0u t\u1eadp\/\u00a0Collection: Nadherni line Phong c\u00e1ch\/\u00a0Style: Casanh\u00e0  C\u00e2n n\u1eb7ng\/\u00a0Weight: 0.46kg Bao b\u00ec\/\u00a0Packaging: Standard  N\u01b0\u1edbc xu\u1ea5t x\u1ee9\/\u00a0Country of origin:\u00a0Trung Qu\u1ed1c\/\u00a0China","og_url":"https:\/\/casanha.com\/vi\/san-pham\/nadherni-nen-thom-acai\/","og_site_name":"Casanha","article_publisher":"https:\/\/www.facebook.com\/CasanhaHome","article_modified_time":"2026-03-05T01:11:48+00:00","og_image":[{"width":1080,"height":1350,"url":"https:\/\/casanha-beta.s3.ap-southeast-1.amazonaws.com\/2026\/02\/Nadherni-candle-acai-water-pic-1.png","type":"image\/png"}],"twitter_card":"summary_large_image","schema":{"@context":"https:\/\/schema.org","@graph":[{"@type":"WebPage","@id":"https:\/\/casanha.com\/product\/nadherni-nen-thom-acai\/","url":"https:\/\/casanha.com\/product\/nadherni-nen-thom-acai\/","name":"NADHERNI \"ACAI WATERMELON\" \u2013 N\u1ebeN TH\u01a0M - Casanha","isPartOf":{"@id":"https:\/\/casanha.com\/vi\/#website"},"primaryImageOfPage":{"@id":"https:\/\/casanha.com\/product\/nadherni-nen-thom-acai\/#primaryimage"},"image":{"@id":"https:\/\/casanha.com\/product\/nadherni-nen-thom-acai\/#primaryimage"},"thumbnailUrl":"https:\/\/casanha-beta.s3.ap-southeast-1.amazonaws.com\/2026\/02\/Nadherni-candle-acai-water-pic-1.png","datePublished":"2026-02-15T04:27:50+00:00","dateModified":"2026-03-05T01:11:48+00:00","breadcrumb":{"@id":"https:\/\/casanha.com\/product\/nadherni-nen-thom-acai\/#breadcrumb"},"inLanguage":"vi","potentialAction":[{"@type":"ReadAction","target":["https:\/\/casanha.com\/product\/nadherni-nen-thom-acai\/"]}]},{"@type":"ImageObject","inLanguage":"vi","@id":"https:\/\/casanha.com\/product\/nadherni-nen-thom-acai\/#primaryimage","url":"https:\/\/casanha-beta.s3.ap-southeast-1.amazonaws.com\/2026\/02\/Nadherni-candle-acai-water-pic-1.png","contentUrl":"https:\/\/casanha-beta.s3.ap-southeast-1.amazonaws.com\/2026\/02\/Nadherni-candle-acai-water-pic-1.png","width":1080,"height":1350},{"@type":"BreadcrumbList","@id":"https:\/\/casanha.com\/product\/nadherni-nen-thom-acai\/#breadcrumb","itemListElement":[{"@type":"ListItem","position":1,"name":"Home","item":"https:\/\/casanha.com\/"},{"@type":"ListItem","position":2,"name":"C\u1eeda h\u00e0ng","item":"https:\/\/casanha.com\/vi\/cua-hang\/"},{"@type":"ListItem","position":3,"name":"NADHERNI &#8220;ACAI WATERMELON&#8221; \u2013 N\u1ebeN TH\u01a0M"}]},{"@type":"WebSite","@id":"https:\/\/casanha.com\/vi\/#website","url":"https:\/\/casanha.com\/vi\/","name":"Casanha","description":"Home Decor &amp; Furniture","publisher":{"@id":"https:\/\/casanha.com\/vi\/#organization"},"potentialAction":[{"@type":"SearchAction","target":{"@type":"EntryPoint","urlTemplate":"https:\/\/casanha.com\/vi\/?s={search_term_string}"},"query-input":{"@type":"PropertyValueSpecification","valueRequired":true,"valueName":"search_term_string"}}],"inLanguage":"vi"},{"@type":"Organization","@id":"https:\/\/casanha.com\/vi\/#organization","name":"Casanha","url":"https:\/\/casanha.com\/vi\/","logo":{"@type":"ImageObject","inLanguage":"vi","@id":"https:\/\/casanha.com\/vi\/#\/schema\/logo\/image\/","url":"https:\/\/casanha-beta.s3.ap-southeast-1.amazonaws.com\/2026\/02\/logo-2026.jpg","contentUrl":"https:\/\/casanha-beta.s3.ap-southeast-1.amazonaws.com\/2026\/02\/logo-2026.jpg","width":1500,"height":1500,"caption":"Casanha"},"image":{"@id":"https:\/\/casanha.com\/vi\/#\/schema\/logo\/image\/"},"sameAs":["https:\/\/www.facebook.com\/CasanhaHome","https:\/\/www.instagram.com\/casanhahome\/","https:\/\/www.youtube.com\/@casanha","https:\/\/www.tiktok.com\/@casanha.com","https:\/\/zalo.me\/casanhahome"]}]}},"_links":{"self":[{"href":"https:\/\/casanha.com\/vi\/wp-json\/wp\/v2\/product\/111707","targetHints":{"allow":["GET"]}}],"collection":[{"href":"https:\/\/casanha.com\/vi\/wp-json\/wp\/v2\/product"}],"about":[{"href":"https:\/\/casanha.com\/vi\/wp-json\/wp\/v2\/types\/product"}],"replies":[{"embeddable":true,"href":"https:\/\/casanha.com\/vi\/wp-json\/wp\/v2\/comments?post=111707"}],"version-history":[{"count":4,"href":"https:\/\/casanha.com\/vi\/wp-json\/wp\/v2\/product\/111707\/revisions"}],"predecessor-version":[{"id":111883,"href":"https:\/\/casanha.com\/vi\/wp-json\/wp\/v2\/product\/111707\/revisions\/111883"}],"wp:featuredmedia":[{"embeddable":true,"href":"https:\/\/casanha.com\/vi\/wp-json\/wp\/v2\/media\/111663"}],"wp:attachment":[{"href":"https:\/\/casanha.com\/vi\/wp-json\/wp\/v2\/media?parent=111707"}],"wp:term":[{"taxonomy":"product_brand","embeddable":true,"href":"https:\/\/casanha.com\/vi\/wp-json\/wp\/v2\/product_brand?post=111707"},{"taxonomy":"product_cat","embeddable":true,"href":"https:\/\/casanha.com\/vi\/wp-json\/wp\/v2\/product_cat?post=111707"},{"taxonomy":"product_tag","embeddable":true,"href":"https:\/\/casanha.com\/vi\/wp-json\/wp\/v2\/product_tag?post=111707"}],"curies":[{"name":"wp","href":"https:\/\/api.w.org\/{rel}","templated":true}]}}