{"id":111696,"date":"2026-02-15T11:15:37","date_gmt":"2026-02-15T04:15:37","guid":{"rendered":"https:\/\/casanha.com\/?post_type=product&#038;p=111696"},"modified":"2026-04-10T09:29:55","modified_gmt":"2026-04-10T02:29:55","slug":"nadherni-nen-thom-eucalyptus","status":"publish","type":"product","link":"https:\/\/casanha.com\/vi\/san-pham\/nadherni-nen-thom-eucalyptus\/","title":{"rendered":"NADHERNI &#8220;EUCALYPTUS&#8221; \u2013 N\u1ebeN TH\u01a0M"},"content":{"rendered":"","protected":false},"excerpt":{"rendered":"<p>L\u00e1 b\u1ea1ch \u0111\u00e0n c\u00f3 m\u00f9i h\u01b0\u01a1ng t\u01b0\u01a1i m\u00e1t, m\u00e1t l\u1ea1nh v\u00e0 s\u1ea3ng kho\u00e1i, v\u1edbi s\u1eafc th\u00e1i xanh s\u1eafc n\u00e9t v\u00e0 thoang tho\u1ea3ng m\u00f9i long n\u00e3o, mang l\u1ea1i c\u1ea3m gi\u00e1c s\u1ea1ch s\u1ebd v\u00e0 tr\u00e0n \u0111\u1ea7y n\u0103ng l\u01b0\u1ee3ng\/\u00a0<em>Eucalyptus leaf has a crisp, cool, and invigorating fragrance with sharp green and slightly camphor-like notes that feel clean, refreshing, and energizing.<\/em><\/p>\n<p><strong><span lang=\"EN-US\">Th\u00f4ng tin s\u1ea3n ph\u1ea9m\/\u00a0<em>Th\u00f4ng tin s\u1ea3n ph\u1ea9m<\/em><\/span><\/strong><\/p>\n<p><span lang=\"EN-US\">M\u00e0u s\u1eafc\/\u00a0<em>M\u00e0u s\u1eafc:\u00a0<\/em><\/span>Xanh la<span lang=\"EN-US\">\/\u00a0<em>Green<br \/>\n<\/em><\/span><span lang=\"EN-US\">Ch\u1ea5t li\u1ec7u\/\u00a0<em>Ch\u1ea5t li\u1ec7u<\/em>: K\u00ednh &amp; s<\/span><span lang=\"EN-US\">\u00e1p\/<em>\u00a0Glass &amp; wax<br \/>\n<\/em><\/span><span lang=\"EN-US\">K\u00edch th\u01b0\u1edbc\/\u00a0<em>K\u00edch th\u01b0\u1edbc:<\/em>: D8 x H9cm<br \/>\n<\/span><span lang=\"EN-US\">H\u01b0\u01a1ng th\u01a1m\/\u00a0<em>Fragranced<\/em>:\u00a0<\/span><span lang=\"EN-US\">\u0110\u00fang\/\u00a0<em>Yes\u00a0<\/em>(<\/span>l\u00e1 b\u1ea1ch \u0111\u00e0n<span lang=\"EN-US\">\/\u00a0<em>Eucalyptus leaves<\/em>)<br \/>\n<\/span><span lang=\"EN-US\">Th\u1eddi gian ch\u00e1y\/\u00a0<em>Burning time<\/em>\u00a0: (+\/-) 40H<br \/>\n<\/span>N\u01b0\u1edbc hoa \u0111\u01b0\u1ee3c s\u1ea3n xu\u1ea5t t\u1ea1i Ph\u00e1p\/\u00a0<em>Perfume made in France<\/em><\/p>\n<p><span lang=\"EN-US\">B\u1ed9 s\u01b0u t\u1eadp\/\u00a0<em>Collection<\/em>: Nadherni line<br \/>\n<\/span><span lang=\"EN-US\">Phong c\u00e1ch\/\u00a0<em>Phong c\u00e1ch<\/em>: Casanh\u00e0<\/span><\/p>\n<p><span lang=\"EN-US\">C\u00e2n n\u1eb7ng\/\u00a0<em>Weight<\/em>: 0.46kg<br \/>\n<\/span><span lang=\"EN-US\">Bao b\u00ec\/\u00a0<em>Packaging<\/em>: Standard<\/span><\/p>\n<p><span lang=\"EN-US\">N\u01b0\u1edbc xu\u1ea5t x\u1ee9\/\u00a0<em>Country of origin<\/em>:\u00a0<\/span><span lang=\"VI\">Trung Qu\u1ed1c\/\u00a0<\/span><em><span lang=\"EN-US\">China<\/span><\/em><\/p>","protected":false},"featured_media":111671,"comment_status":"open","ping_status":"closed","template":"","meta":[],"product_brand":[17],"product_cat":[2518],"product_tag":[],"class_list":{"0":"post-111696","1":"product","2":"type-product","3":"status-publish","4":"has-post-thumbnail","6":"product_brand-casanha","7":"product_cat-fragranced-candle","8":"product_shipping_class-small-scale-items","10":"first","11":"instock","12":"shipping-taxable","13":"purchasable","14":"product-type-simple"},"yoast_head":"<!-- This site is optimized with the Yoast SEO plugin v27.1.1 - https:\/\/yoast.com\/product\/yoast-seo-wordpress\/ -->\n<title>NADHERNI &quot;EUCALYPTUS&quot; \u2013 N\u1ebeN TH\u01a0M - Casanha<\/title>\n<meta name=\"robots\" content=\"index, follow, max-snippet:-1, max-image-preview:large, max-video-preview:-1\" \/>\n<link rel=\"canonical\" href=\"https:\/\/casanha.com\/vi\/san-pham\/nadherni-nen-thom-eucalyptus\/\" \/>\n<meta property=\"og:locale\" content=\"vi_VN\" \/>\n<meta property=\"og:type\" content=\"article\" \/>\n<meta property=\"og:title\" content=\"NADHERNI &quot;EUCALYPTUS&quot; \u2013 N\u1ebeN TH\u01a0M - Casanha\" \/>\n<meta property=\"og:description\" content=\"L\u00e1 b\u1ea1ch \u0111\u00e0n c\u00f3 m\u00f9i h\u01b0\u01a1ng t\u01b0\u01a1i m\u00e1t, m\u00e1t l\u1ea1nh v\u00e0 s\u1ea3ng kho\u00e1i, v\u1edbi s\u1eafc th\u00e1i xanh s\u1eafc n\u00e9t v\u00e0 thoang tho\u1ea3ng m\u00f9i long n\u00e3o, mang l\u1ea1i c\u1ea3m gi\u00e1c s\u1ea1ch s\u1ebd v\u00e0 tr\u00e0n \u0111\u1ea7y n\u0103ng l\u01b0\u1ee3ng\/\u00a0Eucalyptus leaf has a crisp, cool, and invigorating fragrance with sharp green and slightly camphor-like notes that feel clean, refreshing, and energizing.  Th\u00f4ng tin s\u1ea3n ph\u1ea9m\/\u00a0Product information  M\u00e0u s\u1eafc\/\u00a0Color:\u00a0Xanh la\/\u00a0Green Ch\u1ea5t li\u1ec7u\/\u00a0Materials: K\u00ednh &amp; s\u00e1p\/\u00a0Glass &amp; wax K\u00edch th\u01b0\u1edbc\/\u00a0Dimensions: D8 x H9cm H\u01b0\u01a1ng th\u01a1m\/\u00a0Fragranced:\u00a0\u0110\u00fang\/\u00a0Yes\u00a0(l\u00e1 b\u1ea1ch \u0111\u00e0n\/\u00a0Eucalyptus leaves) Th\u1eddi gian ch\u00e1y\/\u00a0Burning time\u00a0: (+\/-) 40H N\u01b0\u1edbc hoa \u0111\u01b0\u1ee3c s\u1ea3n xu\u1ea5t t\u1ea1i Ph\u00e1p\/\u00a0Perfume made in France  B\u1ed9 s\u01b0u t\u1eadp\/\u00a0Collection: Nadherni line Phong c\u00e1ch\/\u00a0Style: Casanh\u00e0  C\u00e2n n\u1eb7ng\/\u00a0Weight: 0.46kg Bao b\u00ec\/\u00a0Packaging: Standard  N\u01b0\u1edbc xu\u1ea5t x\u1ee9\/\u00a0Country of origin:\u00a0Trung Qu\u1ed1c\/\u00a0China\" \/>\n<meta property=\"og:url\" content=\"https:\/\/casanha.com\/vi\/san-pham\/nadherni-nen-thom-eucalyptus\/\" \/>\n<meta property=\"og:site_name\" content=\"Casanha\" \/>\n<meta property=\"article:publisher\" content=\"https:\/\/www.facebook.com\/CasanhaHome\" \/>\n<meta property=\"article:modified_time\" content=\"2026-04-10T02:29:55+00:00\" \/>\n<meta property=\"og:image\" content=\"https:\/\/casanha-beta.s3.ap-southeast-1.amazonaws.com\/2026\/02\/Nadherni-candle-eucalyptus-pic-1.png\" \/>\n\t<meta property=\"og:image:width\" content=\"1080\" \/>\n\t<meta property=\"og:image:height\" content=\"1350\" \/>\n\t<meta property=\"og:image:type\" content=\"image\/png\" \/>\n<meta name=\"twitter:card\" content=\"summary_large_image\" \/>\n<script type=\"application\/ld+json\" class=\"yoast-schema-graph\">{\"@context\":\"https:\/\/schema.org\",\"@graph\":[{\"@type\":\"WebPage\",\"@id\":\"https:\/\/casanha.com\/product\/nadherni-nen-thom-eucalyptus\/\",\"url\":\"https:\/\/casanha.com\/product\/nadherni-nen-thom-eucalyptus\/\",\"name\":\"NADHERNI \\\"EUCALYPTUS\\\" \u2013 N\u1ebeN TH\u01a0M - Casanha\",\"isPartOf\":{\"@id\":\"https:\/\/casanha.com\/vi\/#website\"},\"primaryImageOfPage\":{\"@id\":\"https:\/\/casanha.com\/product\/nadherni-nen-thom-eucalyptus\/#primaryimage\"},\"image\":{\"@id\":\"https:\/\/casanha.com\/product\/nadherni-nen-thom-eucalyptus\/#primaryimage\"},\"thumbnailUrl\":\"https:\/\/casanha-beta.s3.ap-southeast-1.amazonaws.com\/2026\/02\/Nadherni-candle-eucalyptus-pic-1.png\",\"datePublished\":\"2026-02-15T04:15:37+00:00\",\"dateModified\":\"2026-04-10T02:29:55+00:00\",\"breadcrumb\":{\"@id\":\"https:\/\/casanha.com\/product\/nadherni-nen-thom-eucalyptus\/#breadcrumb\"},\"inLanguage\":\"vi\",\"potentialAction\":[{\"@type\":\"ReadAction\",\"target\":[\"https:\/\/casanha.com\/product\/nadherni-nen-thom-eucalyptus\/\"]}]},{\"@type\":\"ImageObject\",\"inLanguage\":\"vi\",\"@id\":\"https:\/\/casanha.com\/product\/nadherni-nen-thom-eucalyptus\/#primaryimage\",\"url\":\"https:\/\/casanha-beta.s3.ap-southeast-1.amazonaws.com\/2026\/02\/Nadherni-candle-eucalyptus-pic-1.png\",\"contentUrl\":\"https:\/\/casanha-beta.s3.ap-southeast-1.amazonaws.com\/2026\/02\/Nadherni-candle-eucalyptus-pic-1.png\",\"width\":1080,\"height\":1350},{\"@type\":\"BreadcrumbList\",\"@id\":\"https:\/\/casanha.com\/product\/nadherni-nen-thom-eucalyptus\/#breadcrumb\",\"itemListElement\":[{\"@type\":\"ListItem\",\"position\":1,\"name\":\"Home\",\"item\":\"https:\/\/casanha.com\/\"},{\"@type\":\"ListItem\",\"position\":2,\"name\":\"C\u1eeda h\u00e0ng\",\"item\":\"https:\/\/casanha.com\/vi\/cua-hang\/\"},{\"@type\":\"ListItem\",\"position\":3,\"name\":\"NADHERNI &#8220;EUCALYPTUS&#8221; \u2013 N\u1ebeN TH\u01a0M\"}]},{\"@type\":\"WebSite\",\"@id\":\"https:\/\/casanha.com\/vi\/#website\",\"url\":\"https:\/\/casanha.com\/vi\/\",\"name\":\"Casanha\",\"description\":\"Home Decor &amp; Furniture\",\"publisher\":{\"@id\":\"https:\/\/casanha.com\/vi\/#organization\"},\"potentialAction\":[{\"@type\":\"SearchAction\",\"target\":{\"@type\":\"EntryPoint\",\"urlTemplate\":\"https:\/\/casanha.com\/vi\/?s={search_term_string}\"},\"query-input\":{\"@type\":\"PropertyValueSpecification\",\"valueRequired\":true,\"valueName\":\"search_term_string\"}}],\"inLanguage\":\"vi\"},{\"@type\":\"Organization\",\"@id\":\"https:\/\/casanha.com\/vi\/#organization\",\"name\":\"Casanha\",\"url\":\"https:\/\/casanha.com\/vi\/\",\"logo\":{\"@type\":\"ImageObject\",\"inLanguage\":\"vi\",\"@id\":\"https:\/\/casanha.com\/vi\/#\/schema\/logo\/image\/\",\"url\":\"https:\/\/casanha-beta.s3.ap-southeast-1.amazonaws.com\/2026\/02\/logo-2026.jpg\",\"contentUrl\":\"https:\/\/casanha-beta.s3.ap-southeast-1.amazonaws.com\/2026\/02\/logo-2026.jpg\",\"width\":1500,\"height\":1500,\"caption\":\"Casanha\"},\"image\":{\"@id\":\"https:\/\/casanha.com\/vi\/#\/schema\/logo\/image\/\"},\"sameAs\":[\"https:\/\/www.facebook.com\/CasanhaHome\",\"https:\/\/www.instagram.com\/casanhahome\/\",\"https:\/\/www.youtube.com\/@casanha\",\"https:\/\/www.tiktok.com\/@casanha.com\",\"https:\/\/zalo.me\/casanhahome\"]}]}<\/script>\n<!-- \/ Yoast SEO plugin. -->","yoast_head_json":{"title":"NADHERNI \"EUCALYPTUS\" \u2013 N\u1ebeN TH\u01a0M - Casanha","robots":{"index":"index","follow":"follow","max-snippet":"max-snippet:-1","max-image-preview":"max-image-preview:large","max-video-preview":"max-video-preview:-1"},"canonical":"https:\/\/casanha.com\/vi\/san-pham\/nadherni-nen-thom-eucalyptus\/","og_locale":"vi_VN","og_type":"article","og_title":"NADHERNI \"EUCALYPTUS\" \u2013 N\u1ebeN TH\u01a0M - Casanha","og_description":"L\u00e1 b\u1ea1ch \u0111\u00e0n c\u00f3 m\u00f9i h\u01b0\u01a1ng t\u01b0\u01a1i m\u00e1t, m\u00e1t l\u1ea1nh v\u00e0 s\u1ea3ng kho\u00e1i, v\u1edbi s\u1eafc th\u00e1i xanh s\u1eafc n\u00e9t v\u00e0 thoang tho\u1ea3ng m\u00f9i long n\u00e3o, mang l\u1ea1i c\u1ea3m gi\u00e1c s\u1ea1ch s\u1ebd v\u00e0 tr\u00e0n \u0111\u1ea7y n\u0103ng l\u01b0\u1ee3ng\/\u00a0Eucalyptus leaf has a crisp, cool, and invigorating fragrance with sharp green and slightly camphor-like notes that feel clean, refreshing, and energizing.  Th\u00f4ng tin s\u1ea3n ph\u1ea9m\/\u00a0Product information  M\u00e0u s\u1eafc\/\u00a0Color:\u00a0Xanh la\/\u00a0Green Ch\u1ea5t li\u1ec7u\/\u00a0Materials: K\u00ednh &amp; s\u00e1p\/\u00a0Glass &amp; wax K\u00edch th\u01b0\u1edbc\/\u00a0Dimensions: D8 x H9cm H\u01b0\u01a1ng th\u01a1m\/\u00a0Fragranced:\u00a0\u0110\u00fang\/\u00a0Yes\u00a0(l\u00e1 b\u1ea1ch \u0111\u00e0n\/\u00a0Eucalyptus leaves) Th\u1eddi gian ch\u00e1y\/\u00a0Burning time\u00a0: (+\/-) 40H N\u01b0\u1edbc hoa \u0111\u01b0\u1ee3c s\u1ea3n xu\u1ea5t t\u1ea1i Ph\u00e1p\/\u00a0Perfume made in France  B\u1ed9 s\u01b0u t\u1eadp\/\u00a0Collection: Nadherni line Phong c\u00e1ch\/\u00a0Style: Casanh\u00e0  C\u00e2n n\u1eb7ng\/\u00a0Weight: 0.46kg Bao b\u00ec\/\u00a0Packaging: Standard  N\u01b0\u1edbc xu\u1ea5t x\u1ee9\/\u00a0Country of origin:\u00a0Trung Qu\u1ed1c\/\u00a0China","og_url":"https:\/\/casanha.com\/vi\/san-pham\/nadherni-nen-thom-eucalyptus\/","og_site_name":"Casanha","article_publisher":"https:\/\/www.facebook.com\/CasanhaHome","article_modified_time":"2026-04-10T02:29:55+00:00","og_image":[{"width":1080,"height":1350,"url":"https:\/\/casanha-beta.s3.ap-southeast-1.amazonaws.com\/2026\/02\/Nadherni-candle-eucalyptus-pic-1.png","type":"image\/png"}],"twitter_card":"summary_large_image","schema":{"@context":"https:\/\/schema.org","@graph":[{"@type":"WebPage","@id":"https:\/\/casanha.com\/product\/nadherni-nen-thom-eucalyptus\/","url":"https:\/\/casanha.com\/product\/nadherni-nen-thom-eucalyptus\/","name":"NADHERNI \"EUCALYPTUS\" \u2013 N\u1ebeN TH\u01a0M - Casanha","isPartOf":{"@id":"https:\/\/casanha.com\/vi\/#website"},"primaryImageOfPage":{"@id":"https:\/\/casanha.com\/product\/nadherni-nen-thom-eucalyptus\/#primaryimage"},"image":{"@id":"https:\/\/casanha.com\/product\/nadherni-nen-thom-eucalyptus\/#primaryimage"},"thumbnailUrl":"https:\/\/casanha-beta.s3.ap-southeast-1.amazonaws.com\/2026\/02\/Nadherni-candle-eucalyptus-pic-1.png","datePublished":"2026-02-15T04:15:37+00:00","dateModified":"2026-04-10T02:29:55+00:00","breadcrumb":{"@id":"https:\/\/casanha.com\/product\/nadherni-nen-thom-eucalyptus\/#breadcrumb"},"inLanguage":"vi","potentialAction":[{"@type":"ReadAction","target":["https:\/\/casanha.com\/product\/nadherni-nen-thom-eucalyptus\/"]}]},{"@type":"ImageObject","inLanguage":"vi","@id":"https:\/\/casanha.com\/product\/nadherni-nen-thom-eucalyptus\/#primaryimage","url":"https:\/\/casanha-beta.s3.ap-southeast-1.amazonaws.com\/2026\/02\/Nadherni-candle-eucalyptus-pic-1.png","contentUrl":"https:\/\/casanha-beta.s3.ap-southeast-1.amazonaws.com\/2026\/02\/Nadherni-candle-eucalyptus-pic-1.png","width":1080,"height":1350},{"@type":"BreadcrumbList","@id":"https:\/\/casanha.com\/product\/nadherni-nen-thom-eucalyptus\/#breadcrumb","itemListElement":[{"@type":"ListItem","position":1,"name":"Home","item":"https:\/\/casanha.com\/"},{"@type":"ListItem","position":2,"name":"C\u1eeda h\u00e0ng","item":"https:\/\/casanha.com\/vi\/cua-hang\/"},{"@type":"ListItem","position":3,"name":"NADHERNI &#8220;EUCALYPTUS&#8221; \u2013 N\u1ebeN TH\u01a0M"}]},{"@type":"WebSite","@id":"https:\/\/casanha.com\/vi\/#website","url":"https:\/\/casanha.com\/vi\/","name":"Casanha","description":"Home Decor &amp; Furniture","publisher":{"@id":"https:\/\/casanha.com\/vi\/#organization"},"potentialAction":[{"@type":"SearchAction","target":{"@type":"EntryPoint","urlTemplate":"https:\/\/casanha.com\/vi\/?s={search_term_string}"},"query-input":{"@type":"PropertyValueSpecification","valueRequired":true,"valueName":"search_term_string"}}],"inLanguage":"vi"},{"@type":"Organization","@id":"https:\/\/casanha.com\/vi\/#organization","name":"Casanha","url":"https:\/\/casanha.com\/vi\/","logo":{"@type":"ImageObject","inLanguage":"vi","@id":"https:\/\/casanha.com\/vi\/#\/schema\/logo\/image\/","url":"https:\/\/casanha-beta.s3.ap-southeast-1.amazonaws.com\/2026\/02\/logo-2026.jpg","contentUrl":"https:\/\/casanha-beta.s3.ap-southeast-1.amazonaws.com\/2026\/02\/logo-2026.jpg","width":1500,"height":1500,"caption":"Casanha"},"image":{"@id":"https:\/\/casanha.com\/vi\/#\/schema\/logo\/image\/"},"sameAs":["https:\/\/www.facebook.com\/CasanhaHome","https:\/\/www.instagram.com\/casanhahome\/","https:\/\/www.youtube.com\/@casanha","https:\/\/www.tiktok.com\/@casanha.com","https:\/\/zalo.me\/casanhahome"]}]}},"_links":{"self":[{"href":"https:\/\/casanha.com\/vi\/wp-json\/wp\/v2\/product\/111696","targetHints":{"allow":["GET"]}}],"collection":[{"href":"https:\/\/casanha.com\/vi\/wp-json\/wp\/v2\/product"}],"about":[{"href":"https:\/\/casanha.com\/vi\/wp-json\/wp\/v2\/types\/product"}],"replies":[{"embeddable":true,"href":"https:\/\/casanha.com\/vi\/wp-json\/wp\/v2\/comments?post=111696"}],"version-history":[{"count":3,"href":"https:\/\/casanha.com\/vi\/wp-json\/wp\/v2\/product\/111696\/revisions"}],"predecessor-version":[{"id":111888,"href":"https:\/\/casanha.com\/vi\/wp-json\/wp\/v2\/product\/111696\/revisions\/111888"}],"wp:featuredmedia":[{"embeddable":true,"href":"https:\/\/casanha.com\/vi\/wp-json\/wp\/v2\/media\/111671"}],"wp:attachment":[{"href":"https:\/\/casanha.com\/vi\/wp-json\/wp\/v2\/media?parent=111696"}],"wp:term":[{"taxonomy":"product_brand","embeddable":true,"href":"https:\/\/casanha.com\/vi\/wp-json\/wp\/v2\/product_brand?post=111696"},{"taxonomy":"product_cat","embeddable":true,"href":"https:\/\/casanha.com\/vi\/wp-json\/wp\/v2\/product_cat?post=111696"},{"taxonomy":"product_tag","embeddable":true,"href":"https:\/\/casanha.com\/vi\/wp-json\/wp\/v2\/product_tag?post=111696"}],"curies":[{"name":"wp","href":"https:\/\/api.w.org\/{rel}","templated":true}]}}