{"id":109412,"date":"2026-01-16T10:35:25","date_gmt":"2026-01-16T03:35:25","guid":{"rendered":"https:\/\/casanha.com\/?post_type=product&#038;p=109412"},"modified":"2026-02-24T17:15:32","modified_gmt":"2026-02-24T10:15:32","slug":"slipper-sofa-corner-3-modules-boc-vai-fabric-colcha-harvest","status":"publish","type":"product","link":"https:\/\/casanha.com\/vi\/san-pham\/slipper-sofa-corner-3-modules-boc-vai-fabric-colcha-harvest\/","title":{"rendered":"SLIPPER &#8211; SOFA CORNER 3 MODULES &#8211; B\u1eccC V\u1ea2I\/ FABRIC COLCHA HARVEST"},"content":{"rendered":"<p><strong>Natadora<\/strong>\u00a0l\u00e0 b\u1ed9 s\u01b0u t\u1eadp n\u1ed9i th\u1ea5t mang d\u1ea5u \u1ea5n ri\u00eang, \u0111\u01b0\u1ee3c ch\u1ebf t\u00e1c tinh x\u1ea3o v\u00e0 b\u1ec1n v\u1eefng theo th\u1eddi gian. Phong c\u00e1ch thi\u1ebft k\u1ebf l\u00e0 s\u1ef1 k\u1ebft h\u1ee3p h\u00e0i h\u00f2a gi\u1eefa tinh th\u1ea7n B\u1eafc \u00c2u v\u00e0 Mid-century Modern, c\u00f9ng nh\u1eefng \u1ea3nh h\u01b0\u1edfng \u0111\u01b0\u01a1ng \u0111\u1ea1i \u0111a d\u1ea1ng t\u1eeb kh\u1eafp n\u01a1i tr\u00ean th\u1ebf gi\u1edbi. Nh\u1eefng thi\u1ebft k\u1ebf v\u01b0\u1ee3t th\u1eddi gian, kh\u00f4ng ph\u00f4 tr\u01b0\u01a1ng, mang v\u1ebb thanh l\u1ecbch tinh t\u1ebf v\u00e0 ch\u1ea5t l\u01b0\u1ee3ng b\u1ec1n b\u1ec9, d\u00e0nh cho c\u1ed9ng \u0111\u1ed3ng kh\u00e1ch h\u00e0ng to\u00e0n c\u1ea7u c\u00f3 gu th\u1ea9m m\u1ef9 ch\u1ecdn l\u1ecdc\/\u00a0<em>Natadora is a collection of distinctive, well-crafted furniture that is built to last. The style combines elements of Scandinavian and Mid-century Modern together with diverse contemporary influences from around the globe. Timeless, unpretentious pieces with a refined elegance and enduring quality for a discerning global audience.\u00a0<\/em><\/p>\n<p>\u0110\u01b0\u1ee3c s\u1edf h\u1eefu v\u00e0 v\u1eadn h\u00e0nh b\u1edfi m\u1ed9t gia \u0111\u00ecnh ng\u01b0\u1eddi \u0110an M\u1ea1ch, Natadora \u0111\u01b0\u1ee3c d\u1eabn d\u1eaft b\u1edfi ni\u1ec1m \u0111am m\u00ea v\u1edbi thi\u1ebft k\u1ebf c\u00f3 chi\u1ec1u s\u00e2u, v\u1eadt li\u1ec7u ch\u1ea5t l\u01b0\u1ee3ng cao v\u00e0 s\u1ef1 ho\u00e0n thi\u1ec7n ho\u00e0n h\u1ea3o. Ch\u00fang t\u00f4i k\u1ebft h\u1ee3p nh\u1eefng gi\u00e1 tr\u1ecb tinh t\u00fay c\u1ee7a th\u1ee7 c\u00f4ng t\u1ec9 m\u1ec9 v\u1edbi quy tr\u00ecnh s\u1ea3n xu\u1ea5t hi\u1ec7u qu\u1ea3, t\u1ea1o n\u00ean c\u1ea7u n\u1ed1i gi\u1eefa th\u1ee7 c\u00f4ng truy\u1ec1n th\u1ed1ng v\u00e0 c\u00f4ng nghi\u1ec7p hi\u1ec7n \u0111\u1ea1i\/\u00a0<em>Owned and operated by a Danish family, our work is guided by a passion for thoughtful design, quality materials and flawless execution. We blend the best elements of meticulous craftsmanship with efficient production, bridging the gap between craft and industry.<\/em><\/p>","protected":false},"excerpt":{"rendered":"<p>Nh\u1eefng \u0111\u01b0\u1eddng cong m\u1ec1m m\u1ea1i, h\u00ecnh kh\u1ed1i h\u1eefu c\u01a1 phi tuy\u1ebfn t\u00ednh v\u00e0 d\u00e1ng l\u01b0\u1ee1i li\u1ec1m l\u00e0 nh\u1eefng y\u1ebfu t\u1ed1 t\u1ea1o n\u00ean c\u00e1 t\u00ednh c\u1ee7a sofa Slipper. G\u1ee3i nh\u1eafc phong c\u00e1ch ng\u1ed3i th\u1ea5p, th\u01b0 gi\u00e3n \u0111\u1eb7c tr\u01b0ng c\u1ee7a th\u1eadp ni\u00ean 1970, thi\u1ebft k\u1ebf to\u00e1t l\u00ean c\u1ea3m gi\u00e1c \u00eam \u00e1i, m\u1eddi g\u1ecdi ngay t\u1eeb \u00e1nh nh\u00ecn \u0111\u1ea7u ti\u00ean \u2014 tr\u01b0\u1edbc c\u1ea3 khi b\u1ea1n th\u1ea3 m\u00ecnh v\u00e0o ph\u1ea7n \u0111\u1ec7m memory foam d\u00e0y d\u1eb7n. H\u1ec7 module linh ho\u1ea1t cho ph\u00e9p \u0111a d\u1ea1ng c\u00e1ch s\u1eafp \u0111\u1eb7t, d\u1ec5 d\u00e0ng th\u00edch \u1ee9ng v\u1edbi nhi\u1ec1u kh\u00f4ng gian kh\u00e1c nhau\/ <em>Soft curves, non-linear organic forms and crescent shapes are the elements that inform the Slipper sofa&#8217;s character. Evoking the low, lounging styles of the 1970s, there is an unmistakable aura of comfort that welcomes, even before you sink into the generous memory-foam seating. Multiple modules offer flexibility in configurations to adapt to a variety of spaces.<\/em><\/p>\n<p><strong>Th\u00f4ng tin s\u1ea3n ph\u1ea9m\/\u00a0<em>Th\u00f4ng tin s\u1ea3n ph\u1ea9m<\/em><\/strong><\/p>\n<p>M\u00e0u s\u1eafc\/\u00a0<em>M\u00e0u s\u1eafc<\/em>: N\u00e2u\/\u00a0<em>Brown<\/em><br \/>\nCh\u1ea5t li\u1ec7u\/\u00a0<em>Ch\u1ea5t li\u1ec7u<\/em><br \/>\nL\u1edbp \u0111\u1ec7m gh\u1ebf &amp; ru\u1ed9t g\u1ed1i\/\u00a0<em>Seating &amp; cushion filling<\/em>\u00a0: M\u00fat \u0111\u00e0n h\u1ed3i cao, ru\u1ed9t l\u00f4ng v\u0169 &amp; s\u1ee3i bi\/\u00a0<em>High density foam, feather &amp; ball fiber<\/em><br \/>\nB\u1ecdc n\u1ec7m\/\u00a0<em>Upholstery<\/em>: V\u1ea3i\/\u00a0<em>Fabric<\/em>\u00a0(Colcha Harvest: 98% Polyester, 2% Linen)<br \/>\nCh\u00e2n\/\u00a0<em>Legs<\/em>\u00a0: G\u1ed7 s\u1ed3i nguy\u00ean kh\u1ed1i\/\u00a0<em>Solid oak<\/em><br \/>\nK\u1ebft c\u1ea5u\/\u00a0<em>structure<\/em>\u00a0: Khung b\u00ean trong b\u1eb1ng g\u1ed7 th\u00f4ng \u0111\u1eb7c &amp; l\u00f2 xo th\u00e9p Nozag\/\u00a0<em>Solid pine frame &amp; steel Nozag springs<br \/>\n<\/em>K\u00edch th\u01b0\u1edbc\/\u00a0<em>K\u00edch th\u01b0\u1edbc:<\/em>: W309 x D98-140 x H71cm<br \/>\nCh\u1ee9ng nh\u1eadn\/<em>Certification<\/em>: FSC 100%<\/p>\n<p>B\u1ed9 s\u01b0u t\u1eadp\/\u00a0<em>Collection<\/em>: Slipper line<br \/>\nPhong c\u00e1ch\/\u00a0<em>Phong c\u00e1ch<\/em>: Casanh\u00e0<br \/>\nNh\u00e0 thi\u1ebft k\u1ebf\/\u00a0<em>Nh\u00e0 thi\u1ebft k\u1ebf<\/em>\u00a0: Cameron Foggo<br \/>\nTh\u01b0\u01a1ng hi\u1ec7u\/\u00a0<em>Brand<\/em>\u00a0: Natadora<br \/>\n\u00cam \u00e1i\/\u00a0<em>Comfort<\/em>\u00a0: \u0110\u1ec7m c\u1ee9ng v\u1eeba\/\u00a0<em>Firm<\/em><\/p>\n<p>\u0110\u1eb7t h\u00e0ng tr\u01b0\u1edbc\/\u00a0<em>Backorder<\/em>\u00a0: \u0110\u00fang\/\u00a0<em>Yes<\/em><br \/>\nTh\u1eddi gian d\u1eabn\/\u00a0<em>Lead tim<\/em>e : 4-5 Tu\u1ea7n\/\u00a0<em>Weeks<\/em><br \/>\nG\u1ed1i c\u00f3 th\u1ec3 th\u00e1o v\u1ecf\/\u00a0<em>Removable cover<\/em>: Kh\u00f4ng\/\u00a0<em>No<\/em><br \/>\nCh\u00e2n c\u00f3 th\u1ec3 \u0111i\u1ec1u ch\u1ec9nh\/\u00a0<em>Adjustable legs<\/em>: Kh\u00f4ng\/\u00a0<em>No<\/em><br \/>\nPh\u1ee5 ki\u1ec7n b\u1ed5 sung\/\u00a0<em>Additional accessories<\/em>: Kh\u00f4ng\/\u00a0<em>No<\/em><\/p>\n<p>C\u00e2n n\u1eb7ng\/\u00a0<em>Weight<\/em>: 108kg<br \/>\nBao b\u00ec\/\u00a0<em>Packaging<\/em>: 3 cartons (W142 x D135 x H72cm &#8211; W90 x D100 x H72cm &#8211; W125 x D100 x H72cm)<br \/>\nY\u00eau c\u1ea7u l\u1eafp r\u00e1p\/<em>Assembly required<\/em>: Kh\u00f4ng\/\u00a0<em>No<\/em><\/p>\n<p>N\u01b0\u1edbc xu\u1ea5t x\u1ee9\/\u00a0<em>Country of origin<\/em>: Vi\u1ec7t Nam\/\u00a0<em>Vi\u1ec7t Nam<\/em><\/p>","protected":false},"featured_media":109413,"comment_status":"open","ping_status":"closed","template":"","meta":[],"product_brand":[3001],"product_cat":[2507,2506],"product_tag":[],"class_list":{"0":"post-109412","1":"product","2":"type-product","3":"status-publish","4":"has-post-thumbnail","6":"product_brand-natadora","7":"product_cat-corner-sofa","8":"product_cat-sofa","9":"product_shipping_class-heavy-packages","11":"first","12":"onbackorder","13":"shipping-taxable","14":"purchasable","15":"product-type-simple"},"yoast_head":"<!-- This site is optimized with the Yoast SEO plugin v27.1.1 - https:\/\/yoast.com\/product\/yoast-seo-wordpress\/ -->\n<title>SLIPPER - SOFA CORNER 3 MODULES - B\u1eccC V\u1ea2I\/ FABRIC COLCHA HARVEST - Casanha<\/title>\n<meta name=\"robots\" content=\"index, follow, max-snippet:-1, max-image-preview:large, max-video-preview:-1\" \/>\n<link rel=\"canonical\" href=\"https:\/\/casanha.com\/vi\/san-pham\/slipper-sofa-corner-3-modules-boc-vai-fabric-colcha-harvest\/\" \/>\n<meta property=\"og:locale\" content=\"vi_VN\" \/>\n<meta property=\"og:type\" content=\"article\" \/>\n<meta property=\"og:title\" content=\"SLIPPER - SOFA CORNER 3 MODULES - B\u1eccC V\u1ea2I\/ FABRIC COLCHA HARVEST - Casanha\" \/>\n<meta property=\"og:description\" content=\"Nh\u1eefng \u0111\u01b0\u1eddng cong m\u1ec1m m\u1ea1i, h\u00ecnh kh\u1ed1i h\u1eefu c\u01a1 phi tuy\u1ebfn t\u00ednh v\u00e0 d\u00e1ng l\u01b0\u1ee1i li\u1ec1m l\u00e0 nh\u1eefng y\u1ebfu t\u1ed1 t\u1ea1o n\u00ean c\u00e1 t\u00ednh c\u1ee7a sofa Slipper. G\u1ee3i nh\u1eafc phong c\u00e1ch ng\u1ed3i th\u1ea5p, th\u01b0 gi\u00e3n \u0111\u1eb7c tr\u01b0ng c\u1ee7a th\u1eadp ni\u00ean 1970, thi\u1ebft k\u1ebf to\u00e1t l\u00ean c\u1ea3m gi\u00e1c \u00eam \u00e1i, m\u1eddi g\u1ecdi ngay t\u1eeb \u00e1nh nh\u00ecn \u0111\u1ea7u ti\u00ean \u2014 tr\u01b0\u1edbc c\u1ea3 khi b\u1ea1n th\u1ea3 m\u00ecnh v\u00e0o ph\u1ea7n \u0111\u1ec7m memory foam d\u00e0y d\u1eb7n. H\u1ec7 module linh ho\u1ea1t cho ph\u00e9p \u0111a d\u1ea1ng c\u00e1ch s\u1eafp \u0111\u1eb7t, d\u1ec5 d\u00e0ng th\u00edch \u1ee9ng v\u1edbi nhi\u1ec1u kh\u00f4ng gian kh\u00e1c nhau\/ Soft curves, non-linear organic forms and crescent shapes are the elements that inform the Slipper sofa&#039;s character. Evoking the low, lounging styles of the 1970s, there is an unmistakable aura of comfort that welcomes, even before you sink into the generous memory-foam seating. Multiple modules offer flexibility in configurations to adapt to a variety of spaces.  Th\u00f4ng tin s\u1ea3n ph\u1ea9m\/\u00a0Product information  M\u00e0u s\u1eafc\/\u00a0Color: N\u00e2u\/\u00a0Brown Ch\u1ea5t li\u1ec7u\/\u00a0Materials L\u1edbp \u0111\u1ec7m gh\u1ebf &amp; ru\u1ed9t g\u1ed1i\/\u00a0Seating &amp; cushion filling\u00a0: M\u00fat \u0111\u00e0n h\u1ed3i cao, ru\u1ed9t l\u00f4ng v\u0169 &amp; s\u1ee3i bi\/\u00a0High density foam, feather &amp; ball fiber B\u1ecdc n\u1ec7m\/\u00a0Upholstery: V\u1ea3i\/\u00a0Fabric\u00a0(Colcha Harvest: 98% Polyester, 2% Linen) Ch\u00e2n\/\u00a0Legs\u00a0: G\u1ed7 s\u1ed3i nguy\u00ean kh\u1ed1i\/\u00a0Solid oak K\u1ebft c\u1ea5u\/\u00a0structure\u00a0: Khung b\u00ean trong b\u1eb1ng g\u1ed7 th\u00f4ng \u0111\u1eb7c &amp; l\u00f2 xo th\u00e9p Nozag\/\u00a0Solid pine frame &amp; steel Nozag springs K\u00edch th\u01b0\u1edbc\/\u00a0Dimensions: W309 x D98-140 x H71cm Ch\u1ee9ng nh\u1eadn\/Certification: FSC 100%  B\u1ed9 s\u01b0u t\u1eadp\/\u00a0Collection: Slipper line Phong c\u00e1ch\/\u00a0Style: Casanh\u00e0 Nh\u00e0 thi\u1ebft k\u1ebf\/\u00a0Designer\u00a0: Cameron Foggo Th\u01b0\u01a1ng hi\u1ec7u\/\u00a0Brand\u00a0: Natadora \u00cam \u00e1i\/\u00a0Comfort\u00a0: \u0110\u1ec7m c\u1ee9ng v\u1eeba\/\u00a0Firm  \u0110\u1eb7t h\u00e0ng tr\u01b0\u1edbc\/\u00a0Backorder\u00a0: \u0110\u00fang\/\u00a0Yes Th\u1eddi gian d\u1eabn\/\u00a0Lead time : 4-5 Tu\u1ea7n\/\u00a0Weeks G\u1ed1i c\u00f3 th\u1ec3 th\u00e1o v\u1ecf\/\u00a0Removable cover: Kh\u00f4ng\/\u00a0No Ch\u00e2n c\u00f3 th\u1ec3 \u0111i\u1ec1u ch\u1ec9nh\/\u00a0Adjustable legs: Kh\u00f4ng\/\u00a0No Ph\u1ee5 ki\u1ec7n b\u1ed5 sung\/\u00a0Additional accessories: Kh\u00f4ng\/\u00a0No  C\u00e2n n\u1eb7ng\/\u00a0Weight: 108kg Bao b\u00ec\/\u00a0Packaging: 3 cartons (W142 x D135 x H72cm - W90 x D100 x H72cm - W125 x D100 x H72cm) Y\u00eau c\u1ea7u l\u1eafp r\u00e1p\/Assembly required: Kh\u00f4ng\/\u00a0No  N\u01b0\u1edbc xu\u1ea5t x\u1ee9\/\u00a0Country of origin: Vi\u1ec7t Nam\/\u00a0Vietnam\" \/>\n<meta property=\"og:url\" content=\"https:\/\/casanha.com\/vi\/san-pham\/slipper-sofa-corner-3-modules-boc-vai-fabric-colcha-harvest\/\" \/>\n<meta property=\"og:site_name\" content=\"Casanha\" \/>\n<meta property=\"article:publisher\" content=\"https:\/\/www.facebook.com\/CasanhaHome\" \/>\n<meta property=\"article:modified_time\" content=\"2026-02-24T10:15:32+00:00\" \/>\n<meta property=\"og:image\" content=\"https:\/\/casanha-beta.s3.ap-southeast-1.amazonaws.com\/2026\/01\/Slipper-coast-pic-.png\" \/>\n\t<meta property=\"og:image:width\" content=\"1080\" \/>\n\t<meta property=\"og:image:height\" content=\"1350\" \/>\n\t<meta property=\"og:image:type\" content=\"image\/png\" \/>\n<meta name=\"twitter:card\" content=\"summary_large_image\" \/>\n<script type=\"application\/ld+json\" class=\"yoast-schema-graph\">{\"@context\":\"https:\/\/schema.org\",\"@graph\":[{\"@type\":\"WebPage\",\"@id\":\"https:\/\/casanha.com\/product\/slipper-sofa-corner-3-modules-boc-vai-fabric-colcha-harvest\/\",\"url\":\"https:\/\/casanha.com\/product\/slipper-sofa-corner-3-modules-boc-vai-fabric-colcha-harvest\/\",\"name\":\"SLIPPER - SOFA CORNER 3 MODULES - B\u1eccC V\u1ea2I\/ FABRIC COLCHA HARVEST - Casanha\",\"isPartOf\":{\"@id\":\"https:\/\/casanha.com\/vi\/#website\"},\"primaryImageOfPage\":{\"@id\":\"https:\/\/casanha.com\/product\/slipper-sofa-corner-3-modules-boc-vai-fabric-colcha-harvest\/#primaryimage\"},\"image\":{\"@id\":\"https:\/\/casanha.com\/product\/slipper-sofa-corner-3-modules-boc-vai-fabric-colcha-harvest\/#primaryimage\"},\"thumbnailUrl\":\"https:\/\/casanha-beta.s3.ap-southeast-1.amazonaws.com\/2026\/01\/Slipper-coast-pic-.png\",\"datePublished\":\"2026-01-16T03:35:25+00:00\",\"dateModified\":\"2026-02-24T10:15:32+00:00\",\"breadcrumb\":{\"@id\":\"https:\/\/casanha.com\/product\/slipper-sofa-corner-3-modules-boc-vai-fabric-colcha-harvest\/#breadcrumb\"},\"inLanguage\":\"vi\",\"potentialAction\":[{\"@type\":\"ReadAction\",\"target\":[\"https:\/\/casanha.com\/product\/slipper-sofa-corner-3-modules-boc-vai-fabric-colcha-harvest\/\"]}]},{\"@type\":\"ImageObject\",\"inLanguage\":\"vi\",\"@id\":\"https:\/\/casanha.com\/product\/slipper-sofa-corner-3-modules-boc-vai-fabric-colcha-harvest\/#primaryimage\",\"url\":\"https:\/\/casanha-beta.s3.ap-southeast-1.amazonaws.com\/2026\/01\/Slipper-coast-pic-.png\",\"contentUrl\":\"https:\/\/casanha-beta.s3.ap-southeast-1.amazonaws.com\/2026\/01\/Slipper-coast-pic-.png\",\"width\":1080,\"height\":1350},{\"@type\":\"BreadcrumbList\",\"@id\":\"https:\/\/casanha.com\/product\/slipper-sofa-corner-3-modules-boc-vai-fabric-colcha-harvest\/#breadcrumb\",\"itemListElement\":[{\"@type\":\"ListItem\",\"position\":1,\"name\":\"Home\",\"item\":\"https:\/\/casanha.com\/\"},{\"@type\":\"ListItem\",\"position\":2,\"name\":\"C\u1eeda h\u00e0ng\",\"item\":\"https:\/\/casanha.com\/vi\/cua-hang\/\"},{\"@type\":\"ListItem\",\"position\":3,\"name\":\"SLIPPER &#8211; SOFA CORNER 3 MODULES &#8211; B\u1eccC V\u1ea2I\/ FABRIC COLCHA HARVEST\"}]},{\"@type\":\"WebSite\",\"@id\":\"https:\/\/casanha.com\/vi\/#website\",\"url\":\"https:\/\/casanha.com\/vi\/\",\"name\":\"Casanha\",\"description\":\"Home Decor &amp; Furniture\",\"publisher\":{\"@id\":\"https:\/\/casanha.com\/vi\/#organization\"},\"potentialAction\":[{\"@type\":\"SearchAction\",\"target\":{\"@type\":\"EntryPoint\",\"urlTemplate\":\"https:\/\/casanha.com\/vi\/?s={search_term_string}\"},\"query-input\":{\"@type\":\"PropertyValueSpecification\",\"valueRequired\":true,\"valueName\":\"search_term_string\"}}],\"inLanguage\":\"vi\"},{\"@type\":\"Organization\",\"@id\":\"https:\/\/casanha.com\/vi\/#organization\",\"name\":\"Casanha\",\"url\":\"https:\/\/casanha.com\/vi\/\",\"logo\":{\"@type\":\"ImageObject\",\"inLanguage\":\"vi\",\"@id\":\"https:\/\/casanha.com\/vi\/#\/schema\/logo\/image\/\",\"url\":\"https:\/\/casanha-beta.s3.ap-southeast-1.amazonaws.com\/2026\/02\/logo-2026.jpg\",\"contentUrl\":\"https:\/\/casanha-beta.s3.ap-southeast-1.amazonaws.com\/2026\/02\/logo-2026.jpg\",\"width\":1500,\"height\":1500,\"caption\":\"Casanha\"},\"image\":{\"@id\":\"https:\/\/casanha.com\/vi\/#\/schema\/logo\/image\/\"},\"sameAs\":[\"https:\/\/www.facebook.com\/CasanhaHome\",\"https:\/\/www.instagram.com\/casanhahome\/\",\"https:\/\/www.youtube.com\/@casanha\",\"https:\/\/www.tiktok.com\/@casanha.com\",\"https:\/\/zalo.me\/casanhahome\"]}]}<\/script>\n<!-- \/ Yoast SEO plugin. -->","yoast_head_json":{"title":"SLIPPER - SOFA CORNER 3 MODULES - B\u1eccC V\u1ea2I\/ FABRIC COLCHA HARVEST - Casanha","robots":{"index":"index","follow":"follow","max-snippet":"max-snippet:-1","max-image-preview":"max-image-preview:large","max-video-preview":"max-video-preview:-1"},"canonical":"https:\/\/casanha.com\/vi\/san-pham\/slipper-sofa-corner-3-modules-boc-vai-fabric-colcha-harvest\/","og_locale":"vi_VN","og_type":"article","og_title":"SLIPPER - SOFA CORNER 3 MODULES - B\u1eccC V\u1ea2I\/ FABRIC COLCHA HARVEST - Casanha","og_description":"Nh\u1eefng \u0111\u01b0\u1eddng cong m\u1ec1m m\u1ea1i, h\u00ecnh kh\u1ed1i h\u1eefu c\u01a1 phi tuy\u1ebfn t\u00ednh v\u00e0 d\u00e1ng l\u01b0\u1ee1i li\u1ec1m l\u00e0 nh\u1eefng y\u1ebfu t\u1ed1 t\u1ea1o n\u00ean c\u00e1 t\u00ednh c\u1ee7a sofa Slipper. G\u1ee3i nh\u1eafc phong c\u00e1ch ng\u1ed3i th\u1ea5p, th\u01b0 gi\u00e3n \u0111\u1eb7c tr\u01b0ng c\u1ee7a th\u1eadp ni\u00ean 1970, thi\u1ebft k\u1ebf to\u00e1t l\u00ean c\u1ea3m gi\u00e1c \u00eam \u00e1i, m\u1eddi g\u1ecdi ngay t\u1eeb \u00e1nh nh\u00ecn \u0111\u1ea7u ti\u00ean \u2014 tr\u01b0\u1edbc c\u1ea3 khi b\u1ea1n th\u1ea3 m\u00ecnh v\u00e0o ph\u1ea7n \u0111\u1ec7m memory foam d\u00e0y d\u1eb7n. H\u1ec7 module linh ho\u1ea1t cho ph\u00e9p \u0111a d\u1ea1ng c\u00e1ch s\u1eafp \u0111\u1eb7t, d\u1ec5 d\u00e0ng th\u00edch \u1ee9ng v\u1edbi nhi\u1ec1u kh\u00f4ng gian kh\u00e1c nhau\/ Soft curves, non-linear organic forms and crescent shapes are the elements that inform the Slipper sofa's character. Evoking the low, lounging styles of the 1970s, there is an unmistakable aura of comfort that welcomes, even before you sink into the generous memory-foam seating. Multiple modules offer flexibility in configurations to adapt to a variety of spaces.  Th\u00f4ng tin s\u1ea3n ph\u1ea9m\/\u00a0Product information  M\u00e0u s\u1eafc\/\u00a0Color: N\u00e2u\/\u00a0Brown Ch\u1ea5t li\u1ec7u\/\u00a0Materials L\u1edbp \u0111\u1ec7m gh\u1ebf &amp; ru\u1ed9t g\u1ed1i\/\u00a0Seating &amp; cushion filling\u00a0: M\u00fat \u0111\u00e0n h\u1ed3i cao, ru\u1ed9t l\u00f4ng v\u0169 &amp; s\u1ee3i bi\/\u00a0High density foam, feather &amp; ball fiber B\u1ecdc n\u1ec7m\/\u00a0Upholstery: V\u1ea3i\/\u00a0Fabric\u00a0(Colcha Harvest: 98% Polyester, 2% Linen) Ch\u00e2n\/\u00a0Legs\u00a0: G\u1ed7 s\u1ed3i nguy\u00ean kh\u1ed1i\/\u00a0Solid oak K\u1ebft c\u1ea5u\/\u00a0structure\u00a0: Khung b\u00ean trong b\u1eb1ng g\u1ed7 th\u00f4ng \u0111\u1eb7c &amp; l\u00f2 xo th\u00e9p Nozag\/\u00a0Solid pine frame &amp; steel Nozag springs K\u00edch th\u01b0\u1edbc\/\u00a0Dimensions: W309 x D98-140 x H71cm Ch\u1ee9ng nh\u1eadn\/Certification: FSC 100%  B\u1ed9 s\u01b0u t\u1eadp\/\u00a0Collection: Slipper line Phong c\u00e1ch\/\u00a0Style: Casanh\u00e0 Nh\u00e0 thi\u1ebft k\u1ebf\/\u00a0Designer\u00a0: Cameron Foggo Th\u01b0\u01a1ng hi\u1ec7u\/\u00a0Brand\u00a0: Natadora \u00cam \u00e1i\/\u00a0Comfort\u00a0: \u0110\u1ec7m c\u1ee9ng v\u1eeba\/\u00a0Firm  \u0110\u1eb7t h\u00e0ng tr\u01b0\u1edbc\/\u00a0Backorder\u00a0: \u0110\u00fang\/\u00a0Yes Th\u1eddi gian d\u1eabn\/\u00a0Lead time : 4-5 Tu\u1ea7n\/\u00a0Weeks G\u1ed1i c\u00f3 th\u1ec3 th\u00e1o v\u1ecf\/\u00a0Removable cover: Kh\u00f4ng\/\u00a0No Ch\u00e2n c\u00f3 th\u1ec3 \u0111i\u1ec1u ch\u1ec9nh\/\u00a0Adjustable legs: Kh\u00f4ng\/\u00a0No Ph\u1ee5 ki\u1ec7n b\u1ed5 sung\/\u00a0Additional accessories: Kh\u00f4ng\/\u00a0No  C\u00e2n n\u1eb7ng\/\u00a0Weight: 108kg Bao b\u00ec\/\u00a0Packaging: 3 cartons (W142 x D135 x H72cm - W90 x D100 x H72cm - W125 x D100 x H72cm) Y\u00eau c\u1ea7u l\u1eafp r\u00e1p\/Assembly required: Kh\u00f4ng\/\u00a0No  N\u01b0\u1edbc xu\u1ea5t x\u1ee9\/\u00a0Country of origin: Vi\u1ec7t Nam\/\u00a0Vietnam","og_url":"https:\/\/casanha.com\/vi\/san-pham\/slipper-sofa-corner-3-modules-boc-vai-fabric-colcha-harvest\/","og_site_name":"Casanha","article_publisher":"https:\/\/www.facebook.com\/CasanhaHome","article_modified_time":"2026-02-24T10:15:32+00:00","og_image":[{"width":1080,"height":1350,"url":"https:\/\/casanha-beta.s3.ap-southeast-1.amazonaws.com\/2026\/01\/Slipper-coast-pic-.png","type":"image\/png"}],"twitter_card":"summary_large_image","schema":{"@context":"https:\/\/schema.org","@graph":[{"@type":"WebPage","@id":"https:\/\/casanha.com\/product\/slipper-sofa-corner-3-modules-boc-vai-fabric-colcha-harvest\/","url":"https:\/\/casanha.com\/product\/slipper-sofa-corner-3-modules-boc-vai-fabric-colcha-harvest\/","name":"SLIPPER - SOFA CORNER 3 MODULES - B\u1eccC V\u1ea2I\/ FABRIC COLCHA HARVEST - Casanha","isPartOf":{"@id":"https:\/\/casanha.com\/vi\/#website"},"primaryImageOfPage":{"@id":"https:\/\/casanha.com\/product\/slipper-sofa-corner-3-modules-boc-vai-fabric-colcha-harvest\/#primaryimage"},"image":{"@id":"https:\/\/casanha.com\/product\/slipper-sofa-corner-3-modules-boc-vai-fabric-colcha-harvest\/#primaryimage"},"thumbnailUrl":"https:\/\/casanha-beta.s3.ap-southeast-1.amazonaws.com\/2026\/01\/Slipper-coast-pic-.png","datePublished":"2026-01-16T03:35:25+00:00","dateModified":"2026-02-24T10:15:32+00:00","breadcrumb":{"@id":"https:\/\/casanha.com\/product\/slipper-sofa-corner-3-modules-boc-vai-fabric-colcha-harvest\/#breadcrumb"},"inLanguage":"vi","potentialAction":[{"@type":"ReadAction","target":["https:\/\/casanha.com\/product\/slipper-sofa-corner-3-modules-boc-vai-fabric-colcha-harvest\/"]}]},{"@type":"ImageObject","inLanguage":"vi","@id":"https:\/\/casanha.com\/product\/slipper-sofa-corner-3-modules-boc-vai-fabric-colcha-harvest\/#primaryimage","url":"https:\/\/casanha-beta.s3.ap-southeast-1.amazonaws.com\/2026\/01\/Slipper-coast-pic-.png","contentUrl":"https:\/\/casanha-beta.s3.ap-southeast-1.amazonaws.com\/2026\/01\/Slipper-coast-pic-.png","width":1080,"height":1350},{"@type":"BreadcrumbList","@id":"https:\/\/casanha.com\/product\/slipper-sofa-corner-3-modules-boc-vai-fabric-colcha-harvest\/#breadcrumb","itemListElement":[{"@type":"ListItem","position":1,"name":"Home","item":"https:\/\/casanha.com\/"},{"@type":"ListItem","position":2,"name":"C\u1eeda h\u00e0ng","item":"https:\/\/casanha.com\/vi\/cua-hang\/"},{"@type":"ListItem","position":3,"name":"SLIPPER &#8211; SOFA CORNER 3 MODULES &#8211; B\u1eccC V\u1ea2I\/ FABRIC COLCHA HARVEST"}]},{"@type":"WebSite","@id":"https:\/\/casanha.com\/vi\/#website","url":"https:\/\/casanha.com\/vi\/","name":"Casanha","description":"Home Decor &amp; Furniture","publisher":{"@id":"https:\/\/casanha.com\/vi\/#organization"},"potentialAction":[{"@type":"SearchAction","target":{"@type":"EntryPoint","urlTemplate":"https:\/\/casanha.com\/vi\/?s={search_term_string}"},"query-input":{"@type":"PropertyValueSpecification","valueRequired":true,"valueName":"search_term_string"}}],"inLanguage":"vi"},{"@type":"Organization","@id":"https:\/\/casanha.com\/vi\/#organization","name":"Casanha","url":"https:\/\/casanha.com\/vi\/","logo":{"@type":"ImageObject","inLanguage":"vi","@id":"https:\/\/casanha.com\/vi\/#\/schema\/logo\/image\/","url":"https:\/\/casanha-beta.s3.ap-southeast-1.amazonaws.com\/2026\/02\/logo-2026.jpg","contentUrl":"https:\/\/casanha-beta.s3.ap-southeast-1.amazonaws.com\/2026\/02\/logo-2026.jpg","width":1500,"height":1500,"caption":"Casanha"},"image":{"@id":"https:\/\/casanha.com\/vi\/#\/schema\/logo\/image\/"},"sameAs":["https:\/\/www.facebook.com\/CasanhaHome","https:\/\/www.instagram.com\/casanhahome\/","https:\/\/www.youtube.com\/@casanha","https:\/\/www.tiktok.com\/@casanha.com","https:\/\/zalo.me\/casanhahome"]}]}},"_links":{"self":[{"href":"https:\/\/casanha.com\/vi\/wp-json\/wp\/v2\/product\/109412","targetHints":{"allow":["GET"]}}],"collection":[{"href":"https:\/\/casanha.com\/vi\/wp-json\/wp\/v2\/product"}],"about":[{"href":"https:\/\/casanha.com\/vi\/wp-json\/wp\/v2\/types\/product"}],"replies":[{"embeddable":true,"href":"https:\/\/casanha.com\/vi\/wp-json\/wp\/v2\/comments?post=109412"}],"version-history":[{"count":2,"href":"https:\/\/casanha.com\/vi\/wp-json\/wp\/v2\/product\/109412\/revisions"}],"predecessor-version":[{"id":111587,"href":"https:\/\/casanha.com\/vi\/wp-json\/wp\/v2\/product\/109412\/revisions\/111587"}],"wp:featuredmedia":[{"embeddable":true,"href":"https:\/\/casanha.com\/vi\/wp-json\/wp\/v2\/media\/109413"}],"wp:attachment":[{"href":"https:\/\/casanha.com\/vi\/wp-json\/wp\/v2\/media?parent=109412"}],"wp:term":[{"taxonomy":"product_brand","embeddable":true,"href":"https:\/\/casanha.com\/vi\/wp-json\/wp\/v2\/product_brand?post=109412"},{"taxonomy":"product_cat","embeddable":true,"href":"https:\/\/casanha.com\/vi\/wp-json\/wp\/v2\/product_cat?post=109412"},{"taxonomy":"product_tag","embeddable":true,"href":"https:\/\/casanha.com\/vi\/wp-json\/wp\/v2\/product_tag?post=109412"}],"curies":[{"name":"wp","href":"https:\/\/api.w.org\/{rel}","templated":true}]}}