{"id":109218,"date":"2026-02-17T21:53:53","date_gmt":"2026-02-17T14:53:53","guid":{"rendered":"https:\/\/casanha.com\/?post_type=product&#038;p=109218"},"modified":"2026-04-07T12:33:21","modified_gmt":"2026-04-07T05:33:21","slug":"kangin-parasol","status":"publish","type":"product","link":"https:\/\/casanha.com\/vi\/san-pham\/kangin-parasol\/","title":{"rendered":"KANGIN &#8211; PARASOL"},"content":{"rendered":"","protected":false},"excerpt":{"rendered":"<p><strong><span lang=\"EN-US\">Th\u00f4ng tin s\u1ea3n ph\u1ea9m\/\u00a0<em>Th\u00f4ng tin s\u1ea3n ph\u1ea9m<\/em><\/span><\/strong><\/p>\n<p><span lang=\"EN-US\">M\u00e0u s\u1eafc\/\u00a0<em>M\u00e0u s\u1eafc:\u00a0<\/em><\/span><span lang=\"EN-US\">T<\/span><span lang=\"VI\">r\u1eafng &amp;\u00a0<\/span><span lang=\"VI\">t\u1ef1 nhi\u00ean<\/span>\/\u00a0<em>White &amp; natural<br \/>\n<\/em><span lang=\"EN-US\">Ch\u1ea5t li\u1ec7u\/\u00a0<em>Ch\u1ea5t li\u1ec7u<\/em>:\u00a0<\/span><span lang=\"EN-US\">G<\/span><span lang=\"VI\">\u1ed7 b\u1ea1ch d\u01b0\u01a1ng, c<\/span><span lang=\"VI\">\u00e2y tre, cotton &amp;\u00a0<\/span><span lang=\"VI\">\u0111ay<\/span>\u00a0<span lang=\"EN-US\">\/\u00a0<em>Albasia wood, bamboo, cotton &amp; jute<br \/>\n<\/em><\/span><span lang=\"EN-US\">K\u00edch th\u01b0\u1edbc\/\u00a0<em>K\u00edch th\u01b0\u1edbc:<\/em>: D200 x H250cm<br \/>\n<\/span>H\u01b0\u01a1ng ph\u00e1p\/\u00a0<em>Method<\/em>: Hoa tay\/\u00a0<em>Handicraft<\/em><\/p>\n<p><span lang=\"EN-US\">B\u1ed9 s\u01b0u t\u1eadp\/\u00a0<em>Collection<\/em>: Kh\u00f4ng c\u00f3\/<em>\u00a0Kh\u00f4ng c\u00f3<br \/>\n<\/em><\/span><span lang=\"EN-US\">Phong c\u00e1ch\/\u00a0<em>Phong c\u00e1ch<\/em>: Nomanh\u00e0<\/span><\/p>\n<p>C\u00e2n n\u1eb7ng\/\u00a0<em>Weight<\/em>: kg<br \/>\n<span lang=\"EN-US\">Bao b\u00ec\/\u00a0<em>Packaging<\/em>: Standard<br \/>\n<\/span><span lang=\"EN-US\">N\u01b0\u1edbc xu\u1ea5t x\u1ee9\/\u00a0<em>Country of origin<\/em>: Indonesia<\/span><span lang=\"EN-US\"><em>\u00a0<\/em><\/span><\/p>\n<p><span lang=\"EN-US\">M\u1ed7i s\u1ea3n ph\u1ea9m l\u00e0 \u0111\u1ed9c nh\u1ea5t; k\u00edch th\u01b0\u1edbc, h\u00ecnh d\u1ea1ng v\u00e0 m\u00e0u s\u1eafc c\u00f3 th\u1ec3 kh\u00e1c nhau gi\u1eefa c\u00e1c s\u1ea3n ph\u1ea9m\/\u00a0<\/span><em>Each item is unique; size, shape, and color may vary from one to another<\/em><\/p>\n<p>\u0110\u1ebf \u0111\u00e1 kh\u00f4ng \u0111i k\u00e8m\/Stone base not included.<\/p>","protected":false},"featured_media":111815,"comment_status":"open","ping_status":"closed","template":"","meta":[],"product_brand":[18],"product_cat":[2523,3016,3062],"product_tag":[],"class_list":{"0":"post-109218","1":"product","2":"type-product","3":"status-publish","4":"has-post-thumbnail","6":"product_brand-nomanha","7":"product_cat-decoration-items","8":"product_cat-new-arrivals","9":"product_cat-whitewashed-horizon","10":"product_shipping_class-bulky-items","12":"first","13":"instock","14":"shipping-taxable","15":"purchasable","16":"product-type-simple"},"yoast_head":"<!-- This site is optimized with the Yoast SEO plugin v27.1.1 - https:\/\/yoast.com\/product\/yoast-seo-wordpress\/ -->\n<title>KANGIN - PARASOL - Casanha<\/title>\n<meta name=\"robots\" content=\"index, follow, max-snippet:-1, max-image-preview:large, max-video-preview:-1\" \/>\n<link rel=\"canonical\" href=\"https:\/\/casanha.com\/vi\/san-pham\/kangin-parasol\/\" \/>\n<meta property=\"og:locale\" content=\"vi_VN\" \/>\n<meta property=\"og:type\" content=\"article\" \/>\n<meta property=\"og:title\" content=\"KANGIN - PARASOL - Casanha\" \/>\n<meta property=\"og:description\" content=\"Th\u00f4ng tin s\u1ea3n ph\u1ea9m\/\u00a0Product information  M\u00e0u s\u1eafc\/\u00a0Color:\u00a0Tr\u1eafng &amp;\u00a0t\u1ef1 nhi\u00ean\/\u00a0White &amp; natural Ch\u1ea5t li\u1ec7u\/\u00a0Materials:\u00a0G\u1ed7 b\u1ea1ch d\u01b0\u01a1ng, c\u00e2y tre, cotton &amp;\u00a0\u0111ay\u00a0\/\u00a0Albasia wood, bamboo, cotton &amp; jute K\u00edch th\u01b0\u1edbc\/\u00a0Dimensions: D200 x H250cm H\u01b0\u01a1ng ph\u00e1p\/\u00a0Method: Hoa tay\/\u00a0Handicraft  B\u1ed9 s\u01b0u t\u1eadp\/\u00a0Collection: Kh\u00f4ng c\u00f3\/\u00a0None Phong c\u00e1ch\/\u00a0Style: Nomanh\u00e0  C\u00e2n n\u1eb7ng\/\u00a0Weight: kg Bao b\u00ec\/\u00a0Packaging: Standard N\u01b0\u1edbc xu\u1ea5t x\u1ee9\/\u00a0Country of origin: Indonesia\u00a0  M\u1ed7i s\u1ea3n ph\u1ea9m l\u00e0 \u0111\u1ed9c nh\u1ea5t; k\u00edch th\u01b0\u1edbc, h\u00ecnh d\u1ea1ng v\u00e0 m\u00e0u s\u1eafc c\u00f3 th\u1ec3 kh\u00e1c nhau gi\u1eefa c\u00e1c s\u1ea3n ph\u1ea9m\/\u00a0Each item is unique; size, shape, and color may vary from one to another  \u0110\u1ebf \u0111\u00e1 kh\u00f4ng \u0111i k\u00e8m\/Stone base not included.\" \/>\n<meta property=\"og:url\" content=\"https:\/\/casanha.com\/vi\/san-pham\/kangin-parasol\/\" \/>\n<meta property=\"og:site_name\" content=\"Casanha\" \/>\n<meta property=\"article:publisher\" content=\"https:\/\/www.facebook.com\/CasanhaHome\" \/>\n<meta property=\"article:modified_time\" content=\"2026-04-07T05:33:21+00:00\" \/>\n<meta property=\"og:image\" content=\"https:\/\/casanha-beta.s3.ap-southeast-1.amazonaws.com\/2026\/01\/KANGIN-PARASOL.png\" \/>\n\t<meta property=\"og:image:width\" content=\"1080\" \/>\n\t<meta property=\"og:image:height\" content=\"1350\" \/>\n\t<meta property=\"og:image:type\" content=\"image\/png\" \/>\n<meta name=\"twitter:card\" content=\"summary_large_image\" \/>\n<script type=\"application\/ld+json\" class=\"yoast-schema-graph\">{\"@context\":\"https:\/\/schema.org\",\"@graph\":[{\"@type\":\"WebPage\",\"@id\":\"https:\/\/casanha.com\/product\/kangin-parasol\/\",\"url\":\"https:\/\/casanha.com\/product\/kangin-parasol\/\",\"name\":\"KANGIN - PARASOL - Casanha\",\"isPartOf\":{\"@id\":\"https:\/\/casanha.com\/vi\/#website\"},\"primaryImageOfPage\":{\"@id\":\"https:\/\/casanha.com\/product\/kangin-parasol\/#primaryimage\"},\"image\":{\"@id\":\"https:\/\/casanha.com\/product\/kangin-parasol\/#primaryimage\"},\"thumbnailUrl\":\"https:\/\/casanha-beta.s3.ap-southeast-1.amazonaws.com\/2026\/01\/KANGIN-PARASOL.png\",\"datePublished\":\"2026-02-17T14:53:53+00:00\",\"dateModified\":\"2026-04-07T05:33:21+00:00\",\"breadcrumb\":{\"@id\":\"https:\/\/casanha.com\/product\/kangin-parasol\/#breadcrumb\"},\"inLanguage\":\"vi\",\"potentialAction\":[{\"@type\":\"ReadAction\",\"target\":[\"https:\/\/casanha.com\/product\/kangin-parasol\/\"]}]},{\"@type\":\"ImageObject\",\"inLanguage\":\"vi\",\"@id\":\"https:\/\/casanha.com\/product\/kangin-parasol\/#primaryimage\",\"url\":\"https:\/\/casanha-beta.s3.ap-southeast-1.amazonaws.com\/2026\/01\/KANGIN-PARASOL.png\",\"contentUrl\":\"https:\/\/casanha-beta.s3.ap-southeast-1.amazonaws.com\/2026\/01\/KANGIN-PARASOL.png\",\"width\":1080,\"height\":1350},{\"@type\":\"BreadcrumbList\",\"@id\":\"https:\/\/casanha.com\/product\/kangin-parasol\/#breadcrumb\",\"itemListElement\":[{\"@type\":\"ListItem\",\"position\":1,\"name\":\"Home\",\"item\":\"https:\/\/casanha.com\/\"},{\"@type\":\"ListItem\",\"position\":2,\"name\":\"C\u1eeda h\u00e0ng\",\"item\":\"https:\/\/casanha.com\/vi\/cua-hang\/\"},{\"@type\":\"ListItem\",\"position\":3,\"name\":\"KANGIN &#8211; PARASOL\"}]},{\"@type\":\"WebSite\",\"@id\":\"https:\/\/casanha.com\/vi\/#website\",\"url\":\"https:\/\/casanha.com\/vi\/\",\"name\":\"Casanha\",\"description\":\"Home Decor &amp; Furniture\",\"publisher\":{\"@id\":\"https:\/\/casanha.com\/vi\/#organization\"},\"potentialAction\":[{\"@type\":\"SearchAction\",\"target\":{\"@type\":\"EntryPoint\",\"urlTemplate\":\"https:\/\/casanha.com\/vi\/?s={search_term_string}\"},\"query-input\":{\"@type\":\"PropertyValueSpecification\",\"valueRequired\":true,\"valueName\":\"search_term_string\"}}],\"inLanguage\":\"vi\"},{\"@type\":\"Organization\",\"@id\":\"https:\/\/casanha.com\/vi\/#organization\",\"name\":\"Casanha\",\"url\":\"https:\/\/casanha.com\/vi\/\",\"logo\":{\"@type\":\"ImageObject\",\"inLanguage\":\"vi\",\"@id\":\"https:\/\/casanha.com\/vi\/#\/schema\/logo\/image\/\",\"url\":\"https:\/\/casanha-beta.s3.ap-southeast-1.amazonaws.com\/2026\/02\/logo-2026.jpg\",\"contentUrl\":\"https:\/\/casanha-beta.s3.ap-southeast-1.amazonaws.com\/2026\/02\/logo-2026.jpg\",\"width\":1500,\"height\":1500,\"caption\":\"Casanha\"},\"image\":{\"@id\":\"https:\/\/casanha.com\/vi\/#\/schema\/logo\/image\/\"},\"sameAs\":[\"https:\/\/www.facebook.com\/CasanhaHome\",\"https:\/\/www.instagram.com\/casanhahome\/\",\"https:\/\/www.youtube.com\/@casanha\",\"https:\/\/www.tiktok.com\/@casanha.com\",\"https:\/\/zalo.me\/casanhahome\"]}]}<\/script>\n<!-- \/ Yoast SEO plugin. -->","yoast_head_json":{"title":"KANGIN - PARASOL - Casanha","robots":{"index":"index","follow":"follow","max-snippet":"max-snippet:-1","max-image-preview":"max-image-preview:large","max-video-preview":"max-video-preview:-1"},"canonical":"https:\/\/casanha.com\/vi\/san-pham\/kangin-parasol\/","og_locale":"vi_VN","og_type":"article","og_title":"KANGIN - PARASOL - Casanha","og_description":"Th\u00f4ng tin s\u1ea3n ph\u1ea9m\/\u00a0Product information  M\u00e0u s\u1eafc\/\u00a0Color:\u00a0Tr\u1eafng &amp;\u00a0t\u1ef1 nhi\u00ean\/\u00a0White &amp; natural Ch\u1ea5t li\u1ec7u\/\u00a0Materials:\u00a0G\u1ed7 b\u1ea1ch d\u01b0\u01a1ng, c\u00e2y tre, cotton &amp;\u00a0\u0111ay\u00a0\/\u00a0Albasia wood, bamboo, cotton &amp; jute K\u00edch th\u01b0\u1edbc\/\u00a0Dimensions: D200 x H250cm H\u01b0\u01a1ng ph\u00e1p\/\u00a0Method: Hoa tay\/\u00a0Handicraft  B\u1ed9 s\u01b0u t\u1eadp\/\u00a0Collection: Kh\u00f4ng c\u00f3\/\u00a0None Phong c\u00e1ch\/\u00a0Style: Nomanh\u00e0  C\u00e2n n\u1eb7ng\/\u00a0Weight: kg Bao b\u00ec\/\u00a0Packaging: Standard N\u01b0\u1edbc xu\u1ea5t x\u1ee9\/\u00a0Country of origin: Indonesia\u00a0  M\u1ed7i s\u1ea3n ph\u1ea9m l\u00e0 \u0111\u1ed9c nh\u1ea5t; k\u00edch th\u01b0\u1edbc, h\u00ecnh d\u1ea1ng v\u00e0 m\u00e0u s\u1eafc c\u00f3 th\u1ec3 kh\u00e1c nhau gi\u1eefa c\u00e1c s\u1ea3n ph\u1ea9m\/\u00a0Each item is unique; size, shape, and color may vary from one to another  \u0110\u1ebf \u0111\u00e1 kh\u00f4ng \u0111i k\u00e8m\/Stone base not included.","og_url":"https:\/\/casanha.com\/vi\/san-pham\/kangin-parasol\/","og_site_name":"Casanha","article_publisher":"https:\/\/www.facebook.com\/CasanhaHome","article_modified_time":"2026-04-07T05:33:21+00:00","og_image":[{"width":1080,"height":1350,"url":"https:\/\/casanha-beta.s3.ap-southeast-1.amazonaws.com\/2026\/01\/KANGIN-PARASOL.png","type":"image\/png"}],"twitter_card":"summary_large_image","schema":{"@context":"https:\/\/schema.org","@graph":[{"@type":"WebPage","@id":"https:\/\/casanha.com\/product\/kangin-parasol\/","url":"https:\/\/casanha.com\/product\/kangin-parasol\/","name":"KANGIN - PARASOL - Casanha","isPartOf":{"@id":"https:\/\/casanha.com\/vi\/#website"},"primaryImageOfPage":{"@id":"https:\/\/casanha.com\/product\/kangin-parasol\/#primaryimage"},"image":{"@id":"https:\/\/casanha.com\/product\/kangin-parasol\/#primaryimage"},"thumbnailUrl":"https:\/\/casanha-beta.s3.ap-southeast-1.amazonaws.com\/2026\/01\/KANGIN-PARASOL.png","datePublished":"2026-02-17T14:53:53+00:00","dateModified":"2026-04-07T05:33:21+00:00","breadcrumb":{"@id":"https:\/\/casanha.com\/product\/kangin-parasol\/#breadcrumb"},"inLanguage":"vi","potentialAction":[{"@type":"ReadAction","target":["https:\/\/casanha.com\/product\/kangin-parasol\/"]}]},{"@type":"ImageObject","inLanguage":"vi","@id":"https:\/\/casanha.com\/product\/kangin-parasol\/#primaryimage","url":"https:\/\/casanha-beta.s3.ap-southeast-1.amazonaws.com\/2026\/01\/KANGIN-PARASOL.png","contentUrl":"https:\/\/casanha-beta.s3.ap-southeast-1.amazonaws.com\/2026\/01\/KANGIN-PARASOL.png","width":1080,"height":1350},{"@type":"BreadcrumbList","@id":"https:\/\/casanha.com\/product\/kangin-parasol\/#breadcrumb","itemListElement":[{"@type":"ListItem","position":1,"name":"Home","item":"https:\/\/casanha.com\/"},{"@type":"ListItem","position":2,"name":"C\u1eeda h\u00e0ng","item":"https:\/\/casanha.com\/vi\/cua-hang\/"},{"@type":"ListItem","position":3,"name":"KANGIN &#8211; PARASOL"}]},{"@type":"WebSite","@id":"https:\/\/casanha.com\/vi\/#website","url":"https:\/\/casanha.com\/vi\/","name":"Casanha","description":"Home Decor &amp; Furniture","publisher":{"@id":"https:\/\/casanha.com\/vi\/#organization"},"potentialAction":[{"@type":"SearchAction","target":{"@type":"EntryPoint","urlTemplate":"https:\/\/casanha.com\/vi\/?s={search_term_string}"},"query-input":{"@type":"PropertyValueSpecification","valueRequired":true,"valueName":"search_term_string"}}],"inLanguage":"vi"},{"@type":"Organization","@id":"https:\/\/casanha.com\/vi\/#organization","name":"Casanha","url":"https:\/\/casanha.com\/vi\/","logo":{"@type":"ImageObject","inLanguage":"vi","@id":"https:\/\/casanha.com\/vi\/#\/schema\/logo\/image\/","url":"https:\/\/casanha-beta.s3.ap-southeast-1.amazonaws.com\/2026\/02\/logo-2026.jpg","contentUrl":"https:\/\/casanha-beta.s3.ap-southeast-1.amazonaws.com\/2026\/02\/logo-2026.jpg","width":1500,"height":1500,"caption":"Casanha"},"image":{"@id":"https:\/\/casanha.com\/vi\/#\/schema\/logo\/image\/"},"sameAs":["https:\/\/www.facebook.com\/CasanhaHome","https:\/\/www.instagram.com\/casanhahome\/","https:\/\/www.youtube.com\/@casanha","https:\/\/www.tiktok.com\/@casanha.com","https:\/\/zalo.me\/casanhahome"]}]}},"_links":{"self":[{"href":"https:\/\/casanha.com\/vi\/wp-json\/wp\/v2\/product\/109218","targetHints":{"allow":["GET"]}}],"collection":[{"href":"https:\/\/casanha.com\/vi\/wp-json\/wp\/v2\/product"}],"about":[{"href":"https:\/\/casanha.com\/vi\/wp-json\/wp\/v2\/types\/product"}],"replies":[{"embeddable":true,"href":"https:\/\/casanha.com\/vi\/wp-json\/wp\/v2\/comments?post=109218"}],"version-history":[{"count":3,"href":"https:\/\/casanha.com\/vi\/wp-json\/wp\/v2\/product\/109218\/revisions"}],"predecessor-version":[{"id":114007,"href":"https:\/\/casanha.com\/vi\/wp-json\/wp\/v2\/product\/109218\/revisions\/114007"}],"wp:featuredmedia":[{"embeddable":true,"href":"https:\/\/casanha.com\/vi\/wp-json\/wp\/v2\/media\/111815"}],"wp:attachment":[{"href":"https:\/\/casanha.com\/vi\/wp-json\/wp\/v2\/media?parent=109218"}],"wp:term":[{"taxonomy":"product_brand","embeddable":true,"href":"https:\/\/casanha.com\/vi\/wp-json\/wp\/v2\/product_brand?post=109218"},{"taxonomy":"product_cat","embeddable":true,"href":"https:\/\/casanha.com\/vi\/wp-json\/wp\/v2\/product_cat?post=109218"},{"taxonomy":"product_tag","embeddable":true,"href":"https:\/\/casanha.com\/vi\/wp-json\/wp\/v2\/product_tag?post=109218"}],"curies":[{"name":"wp","href":"https:\/\/api.w.org\/{rel}","templated":true}]}}