{"id":108991,"date":"2026-01-13T17:38:01","date_gmt":"2026-01-13T10:38:01","guid":{"rendered":"https:\/\/casanha.com\/?post_type=product&#038;p=108991"},"modified":"2026-04-13T11:56:13","modified_gmt":"2026-04-13T04:56:13","slug":"mebelik-ban-phu","status":"publish","type":"product","link":"https:\/\/casanha.com\/vi\/san-pham\/mebelik-ban-phu\/","title":{"rendered":"MEBELIK &#8211; B\u00c0N PH\u1ee4"},"content":{"rendered":"<p>PHONG C\u00c1CH \u0110A D\u1ea0NG\/ <em>ECLECTIC<\/em><\/p>\n<p>Phong c\u00e1ch v\u00e0 c\u00e1ch th\u1ec3 hi\u1ec7n s\u1ea3n ph\u1ea9m c\u1ee7a ch\u00fang t\u00f4i \u0111\u01b0\u1ee3c \u0111\u1ecbnh h\u00ecnh \u0111\u1ec3 n\u1ed5i b\u1eadt \u2014 ch\u00fang t\u00f4i kh\u00f4ng ng\u1ea1i kh\u00e1c bi\u1ec7t\/ <em>Style and preposition of the items. We are set to be distinguished, and we aren\u2019t afraid of being different.<\/em><\/p>\n<p>Ch\u00fang t\u00f4i h\u01b0\u1edbng \u0111\u1ebfn s\u1ef1 \u0111\u1ed9c \u0111\u00e1o v\u00e0 pha tr\u1ed9n phong c\u00e1ch\/ <em>We are set for uniqueness and eclecticism.<\/em><\/p>\n<p>TRUY T\u00ccM S\u1ef0 S\u00c1NG T\u1ea0O V\u00c0 \u0110\u1ed4I M\u1edaI\/ <em>IN QUEST OF INNOVATION &amp; CREATIVITY<\/em><\/p>\n<p>Casanh\u00e0 l\u00e0 m\u1ed9t c\u00f4ng ty c\u00f3 tr\u1ee5 s\u1edf t\u1ea1i S\u00e0i G\u00f2n, kh\u00f4ng ng\u1eebng h\u1ee3p t\u00e1c v\u1edbi c\u00e1c \u0111\u1ed1i t\u00e1c tr\u00ean to\u00e0n th\u1ebf gi\u1edbi nh\u1eb1m \u0111\u00e1p \u1ee9ng nhu c\u1ea7u v\u1ec1 nh\u1eefng s\u1ea3n ph\u1ea9m n\u1ed9i th\u1ea5t tinh t\u1ebf, ti\u1ec7n d\u1ee5ng, b\u1eaft k\u1ecbp xu h\u01b0\u1edbng hi\u1ec7n \u0111\u1ea1i nh\u01b0ng v\u1eabn mang \u0111\u1eadm n\u00e9t truy\u1ec1n th\u1ed1ng c\u1ee7a g\u1ed7 t\u1ef1 nhi\u00ean v\u00e0 tay ngh\u1ec1 th\u1ee7 c\u00f4ng tinh x\u1ea3o\/ <em>Casanh\u00e0 is a Saigon-based company that works tirelessly with partners all over the world to fulfill the need to have fine and well-functioned home goods with the latest in trend, combined with a traditional sense of fine woods and fine craftsmanship.<\/em><\/p>\n<p>Ch\u00fang t\u00f4i tin r\u1eb1ng c\u00e1c s\u1ea3n ph\u1ea9m c\u1ee7a m\u00ecnh mang m\u1ed9t b\u1ea3n s\u1eafc ri\u00eang bi\u1ec7t, th\u1ec3 hi\u1ec7n s\u1ef1 tr\u00e2n tr\u1ecdng ch\u1ea5t l\u01b0\u1ee3ng v\u00e0 t\u1ef1 do kh\u1ecfi nh\u1eefng r\u00e0ng bu\u1ed9c v\u1ec1 gi\u00e1 c\u1ea3 \u2014 th\u1ec3 hi\u1ec7n r\u00f5 c\u00e1ch ch\u00fang \u0111\u01b0\u1ee3c t\u1ea1o n\u00ean, gi\u00fap ch\u00fang kh\u00e1c bi\u1ec7t so v\u1edbi th\u1ecb tr\u01b0\u1eddng hi\u1ec7n t\u1ea1i\/ <em>We believe that our products have an inherent individuality, with the appreciation of quality and the lack of price constraints, revealing how they have been made, setting them apart from the current market.<\/em><\/p>","protected":false},"excerpt":{"rendered":"<p><strong><span lang=\"EN-US\">Th\u00f4ng tin s\u1ea3n ph\u1ea9m\/\u00a0<em>Th\u00f4ng tin s\u1ea3n ph\u1ea9m<\/em><\/span><\/strong><\/p>\n<p>M\u00e0u s\u1eafc\/ Color: T\u1ef1 nhi\u00ean\/<em>\u00a0T\u1ef1 nhi\u00ean<\/em><br \/>\nCh\u1ea5t li\u1ec7u\/ Materials<br \/>\n\u0110\u1ee9ng \u0111\u1ea7u\/ Top:\u00a0<span lang=\"EN-US\">G\u1ed7 me t\u00e2y n<\/span>guy\u00ean kh\u1ed1i<span lang=\"EN-US\">\/\u00a0<em>Solid suar wood<\/em><\/span><br \/>\nCh\u00e2n\/ Leg(s):\u00a0<span lang=\"EN-US\">G\u1ed7 me t\u00e2y n<\/span>guy\u00ean kh\u1ed1i<span lang=\"EN-US\">\/\u00a0<em>Solid suar wood<\/em><\/span><br \/>\nK\u00edch th\u01b0\u1edbc\/ Dimensions: W30 x D30 x H46 cm<br \/>\nHo\u00e0n thi\u1ec7n\/ Finishing:\u00a0V\u1ebb ngo\u00e0i\/<em>\u00a0Rustic look<br \/>\n<\/em><br \/>\nB\u1ed9 s\u01b0u t\u1eadp\/ Collection:\u00a0Kh\u00f4ng c\u00f3\/<em>\u00a0Kh\u00f4ng c\u00f3<\/em><br \/>\nPhong c\u00e1ch\/ Style: Nomanh\u00e0<\/p>\n<p>Ch\u00e2n c\u00f3 th\u1ec3 \u0111i\u1ec1u ch\u1ec9nh\/ Adjustable legs:\u00a0Kh\u00f4ng\/\u00a0<em>No<\/em><\/p>\n<p>C\u00e2n n\u1eb7ng\/ Weight: kg<br \/>\nBao b\u00ec\/ Packaging: Standard<br \/>\nY\u00eau c\u1ea7u l\u1eafp r\u00e1p\/Assembly required:\u00a0Kh\u00f4ng\/\u00a0<em>No<\/em><br \/>\nN\u01b0\u1edbc xu\u1ea5t x\u1ee9\/ Country of origin: Indonesia<\/p>","protected":false},"featured_media":109296,"comment_status":"open","ping_status":"closed","template":"","meta":[],"product_brand":[18],"product_cat":[3016,2505,3063],"product_tag":[],"class_list":{"0":"post-108991","1":"product","2":"type-product","3":"status-publish","4":"has-post-thumbnail","6":"product_brand-nomanha","7":"product_cat-new-arrivals","8":"product_cat-sidetable","9":"product_cat-tropic-loom","10":"product_shipping_class-bulky-items","12":"first","13":"instock","14":"shipping-taxable","15":"purchasable","16":"product-type-simple"},"yoast_head":"<!-- This site is optimized with the Yoast SEO plugin v27.1.1 - https:\/\/yoast.com\/product\/yoast-seo-wordpress\/ -->\n<title>MEBELIK - B\u00c0N PH\u1ee4 - Casanha<\/title>\n<meta name=\"robots\" content=\"index, follow, max-snippet:-1, max-image-preview:large, max-video-preview:-1\" \/>\n<link rel=\"canonical\" href=\"https:\/\/casanha.com\/vi\/san-pham\/mebelik-ban-phu\/\" \/>\n<meta property=\"og:locale\" content=\"vi_VN\" \/>\n<meta property=\"og:type\" content=\"article\" \/>\n<meta property=\"og:title\" content=\"MEBELIK - B\u00c0N PH\u1ee4 - Casanha\" \/>\n<meta property=\"og:description\" content=\"Th\u00f4ng tin s\u1ea3n ph\u1ea9m\/\u00a0Product information  M\u00e0u s\u1eafc\/ Color: T\u1ef1 nhi\u00ean\/\u00a0Natural Ch\u1ea5t li\u1ec7u\/ Materials \u0110\u1ee9ng \u0111\u1ea7u\/ Top:\u00a0G\u1ed7 me t\u00e2y nguy\u00ean kh\u1ed1i\/\u00a0Solid suar wood Ch\u00e2n\/ Leg(s):\u00a0G\u1ed7 me t\u00e2y nguy\u00ean kh\u1ed1i\/\u00a0Solid suar wood K\u00edch th\u01b0\u1edbc\/ Dimensions: W30 x D30 x H46 cm Ho\u00e0n thi\u1ec7n\/ Finishing:\u00a0V\u1ebb ngo\u00e0i\/\u00a0Rustic look  B\u1ed9 s\u01b0u t\u1eadp\/ Collection:\u00a0Kh\u00f4ng c\u00f3\/\u00a0None Phong c\u00e1ch\/ Style: Nomanh\u00e0  Ch\u00e2n c\u00f3 th\u1ec3 \u0111i\u1ec1u ch\u1ec9nh\/ Adjustable legs:\u00a0Kh\u00f4ng\/\u00a0No  C\u00e2n n\u1eb7ng\/ Weight: kg Bao b\u00ec\/ Packaging: Standard Y\u00eau c\u1ea7u l\u1eafp r\u00e1p\/Assembly required:\u00a0Kh\u00f4ng\/\u00a0No N\u01b0\u1edbc xu\u1ea5t x\u1ee9\/ Country of origin: Indonesia\" \/>\n<meta property=\"og:url\" content=\"https:\/\/casanha.com\/vi\/san-pham\/mebelik-ban-phu\/\" \/>\n<meta property=\"og:site_name\" content=\"Casanha\" \/>\n<meta property=\"article:publisher\" content=\"https:\/\/www.facebook.com\/CasanhaHome\" \/>\n<meta property=\"article:modified_time\" content=\"2026-04-13T04:56:13+00:00\" \/>\n<meta property=\"og:image\" content=\"https:\/\/casanha-beta.s3.ap-southeast-1.amazonaws.com\/2026\/01\/MEBELIK-TEAK-SIDE-TABLE.jpg\" \/>\n\t<meta property=\"og:image:width\" content=\"1080\" \/>\n\t<meta property=\"og:image:height\" content=\"1350\" \/>\n\t<meta property=\"og:image:type\" content=\"image\/jpeg\" \/>\n<meta name=\"twitter:card\" content=\"summary_large_image\" \/>\n<script type=\"application\/ld+json\" class=\"yoast-schema-graph\">{\"@context\":\"https:\/\/schema.org\",\"@graph\":[{\"@type\":\"WebPage\",\"@id\":\"https:\/\/casanha.com\/product\/mebelik-ban-phu\/\",\"url\":\"https:\/\/casanha.com\/product\/mebelik-ban-phu\/\",\"name\":\"MEBELIK - B\u00c0N PH\u1ee4 - Casanha\",\"isPartOf\":{\"@id\":\"https:\/\/casanha.com\/vi\/#website\"},\"primaryImageOfPage\":{\"@id\":\"https:\/\/casanha.com\/product\/mebelik-ban-phu\/#primaryimage\"},\"image\":{\"@id\":\"https:\/\/casanha.com\/product\/mebelik-ban-phu\/#primaryimage\"},\"thumbnailUrl\":\"https:\/\/casanha-beta.s3.ap-southeast-1.amazonaws.com\/2026\/01\/MEBELIK-TEAK-SIDE-TABLE.jpg\",\"datePublished\":\"2026-01-13T10:38:01+00:00\",\"dateModified\":\"2026-04-13T04:56:13+00:00\",\"breadcrumb\":{\"@id\":\"https:\/\/casanha.com\/product\/mebelik-ban-phu\/#breadcrumb\"},\"inLanguage\":\"vi\",\"potentialAction\":[{\"@type\":\"ReadAction\",\"target\":[\"https:\/\/casanha.com\/product\/mebelik-ban-phu\/\"]}]},{\"@type\":\"ImageObject\",\"inLanguage\":\"vi\",\"@id\":\"https:\/\/casanha.com\/product\/mebelik-ban-phu\/#primaryimage\",\"url\":\"https:\/\/casanha-beta.s3.ap-southeast-1.amazonaws.com\/2026\/01\/MEBELIK-TEAK-SIDE-TABLE.jpg\",\"contentUrl\":\"https:\/\/casanha-beta.s3.ap-southeast-1.amazonaws.com\/2026\/01\/MEBELIK-TEAK-SIDE-TABLE.jpg\",\"width\":1080,\"height\":1350},{\"@type\":\"BreadcrumbList\",\"@id\":\"https:\/\/casanha.com\/product\/mebelik-ban-phu\/#breadcrumb\",\"itemListElement\":[{\"@type\":\"ListItem\",\"position\":1,\"name\":\"Home\",\"item\":\"https:\/\/casanha.com\/\"},{\"@type\":\"ListItem\",\"position\":2,\"name\":\"C\u1eeda h\u00e0ng\",\"item\":\"https:\/\/casanha.com\/vi\/cua-hang\/\"},{\"@type\":\"ListItem\",\"position\":3,\"name\":\"MEBELIK &#8211; B\u00c0N PH\u1ee4\"}]},{\"@type\":\"WebSite\",\"@id\":\"https:\/\/casanha.com\/vi\/#website\",\"url\":\"https:\/\/casanha.com\/vi\/\",\"name\":\"Casanha\",\"description\":\"Home Decor &amp; Furniture\",\"publisher\":{\"@id\":\"https:\/\/casanha.com\/vi\/#organization\"},\"potentialAction\":[{\"@type\":\"SearchAction\",\"target\":{\"@type\":\"EntryPoint\",\"urlTemplate\":\"https:\/\/casanha.com\/vi\/?s={search_term_string}\"},\"query-input\":{\"@type\":\"PropertyValueSpecification\",\"valueRequired\":true,\"valueName\":\"search_term_string\"}}],\"inLanguage\":\"vi\"},{\"@type\":\"Organization\",\"@id\":\"https:\/\/casanha.com\/vi\/#organization\",\"name\":\"Casanha\",\"url\":\"https:\/\/casanha.com\/vi\/\",\"logo\":{\"@type\":\"ImageObject\",\"inLanguage\":\"vi\",\"@id\":\"https:\/\/casanha.com\/vi\/#\/schema\/logo\/image\/\",\"url\":\"https:\/\/casanha-beta.s3.ap-southeast-1.amazonaws.com\/2026\/02\/logo-2026.jpg\",\"contentUrl\":\"https:\/\/casanha-beta.s3.ap-southeast-1.amazonaws.com\/2026\/02\/logo-2026.jpg\",\"width\":1500,\"height\":1500,\"caption\":\"Casanha\"},\"image\":{\"@id\":\"https:\/\/casanha.com\/vi\/#\/schema\/logo\/image\/\"},\"sameAs\":[\"https:\/\/www.facebook.com\/CasanhaHome\",\"https:\/\/www.instagram.com\/casanhahome\/\",\"https:\/\/www.youtube.com\/@casanha\",\"https:\/\/www.tiktok.com\/@casanha.com\",\"https:\/\/zalo.me\/casanhahome\"]}]}<\/script>\n<!-- \/ Yoast SEO plugin. -->","yoast_head_json":{"title":"MEBELIK - B\u00c0N PH\u1ee4 - Casanha","robots":{"index":"index","follow":"follow","max-snippet":"max-snippet:-1","max-image-preview":"max-image-preview:large","max-video-preview":"max-video-preview:-1"},"canonical":"https:\/\/casanha.com\/vi\/san-pham\/mebelik-ban-phu\/","og_locale":"vi_VN","og_type":"article","og_title":"MEBELIK - B\u00c0N PH\u1ee4 - Casanha","og_description":"Th\u00f4ng tin s\u1ea3n ph\u1ea9m\/\u00a0Product information  M\u00e0u s\u1eafc\/ Color: T\u1ef1 nhi\u00ean\/\u00a0Natural Ch\u1ea5t li\u1ec7u\/ Materials \u0110\u1ee9ng \u0111\u1ea7u\/ Top:\u00a0G\u1ed7 me t\u00e2y nguy\u00ean kh\u1ed1i\/\u00a0Solid suar wood Ch\u00e2n\/ Leg(s):\u00a0G\u1ed7 me t\u00e2y nguy\u00ean kh\u1ed1i\/\u00a0Solid suar wood K\u00edch th\u01b0\u1edbc\/ Dimensions: W30 x D30 x H46 cm Ho\u00e0n thi\u1ec7n\/ Finishing:\u00a0V\u1ebb ngo\u00e0i\/\u00a0Rustic look  B\u1ed9 s\u01b0u t\u1eadp\/ Collection:\u00a0Kh\u00f4ng c\u00f3\/\u00a0None Phong c\u00e1ch\/ Style: Nomanh\u00e0  Ch\u00e2n c\u00f3 th\u1ec3 \u0111i\u1ec1u ch\u1ec9nh\/ Adjustable legs:\u00a0Kh\u00f4ng\/\u00a0No  C\u00e2n n\u1eb7ng\/ Weight: kg Bao b\u00ec\/ Packaging: Standard Y\u00eau c\u1ea7u l\u1eafp r\u00e1p\/Assembly required:\u00a0Kh\u00f4ng\/\u00a0No N\u01b0\u1edbc xu\u1ea5t x\u1ee9\/ Country of origin: Indonesia","og_url":"https:\/\/casanha.com\/vi\/san-pham\/mebelik-ban-phu\/","og_site_name":"Casanha","article_publisher":"https:\/\/www.facebook.com\/CasanhaHome","article_modified_time":"2026-04-13T04:56:13+00:00","og_image":[{"width":1080,"height":1350,"url":"https:\/\/casanha-beta.s3.ap-southeast-1.amazonaws.com\/2026\/01\/MEBELIK-TEAK-SIDE-TABLE.jpg","type":"image\/jpeg"}],"twitter_card":"summary_large_image","schema":{"@context":"https:\/\/schema.org","@graph":[{"@type":"WebPage","@id":"https:\/\/casanha.com\/product\/mebelik-ban-phu\/","url":"https:\/\/casanha.com\/product\/mebelik-ban-phu\/","name":"MEBELIK - B\u00c0N PH\u1ee4 - Casanha","isPartOf":{"@id":"https:\/\/casanha.com\/vi\/#website"},"primaryImageOfPage":{"@id":"https:\/\/casanha.com\/product\/mebelik-ban-phu\/#primaryimage"},"image":{"@id":"https:\/\/casanha.com\/product\/mebelik-ban-phu\/#primaryimage"},"thumbnailUrl":"https:\/\/casanha-beta.s3.ap-southeast-1.amazonaws.com\/2026\/01\/MEBELIK-TEAK-SIDE-TABLE.jpg","datePublished":"2026-01-13T10:38:01+00:00","dateModified":"2026-04-13T04:56:13+00:00","breadcrumb":{"@id":"https:\/\/casanha.com\/product\/mebelik-ban-phu\/#breadcrumb"},"inLanguage":"vi","potentialAction":[{"@type":"ReadAction","target":["https:\/\/casanha.com\/product\/mebelik-ban-phu\/"]}]},{"@type":"ImageObject","inLanguage":"vi","@id":"https:\/\/casanha.com\/product\/mebelik-ban-phu\/#primaryimage","url":"https:\/\/casanha-beta.s3.ap-southeast-1.amazonaws.com\/2026\/01\/MEBELIK-TEAK-SIDE-TABLE.jpg","contentUrl":"https:\/\/casanha-beta.s3.ap-southeast-1.amazonaws.com\/2026\/01\/MEBELIK-TEAK-SIDE-TABLE.jpg","width":1080,"height":1350},{"@type":"BreadcrumbList","@id":"https:\/\/casanha.com\/product\/mebelik-ban-phu\/#breadcrumb","itemListElement":[{"@type":"ListItem","position":1,"name":"Home","item":"https:\/\/casanha.com\/"},{"@type":"ListItem","position":2,"name":"C\u1eeda h\u00e0ng","item":"https:\/\/casanha.com\/vi\/cua-hang\/"},{"@type":"ListItem","position":3,"name":"MEBELIK &#8211; B\u00c0N PH\u1ee4"}]},{"@type":"WebSite","@id":"https:\/\/casanha.com\/vi\/#website","url":"https:\/\/casanha.com\/vi\/","name":"Casanha","description":"Home Decor &amp; Furniture","publisher":{"@id":"https:\/\/casanha.com\/vi\/#organization"},"potentialAction":[{"@type":"SearchAction","target":{"@type":"EntryPoint","urlTemplate":"https:\/\/casanha.com\/vi\/?s={search_term_string}"},"query-input":{"@type":"PropertyValueSpecification","valueRequired":true,"valueName":"search_term_string"}}],"inLanguage":"vi"},{"@type":"Organization","@id":"https:\/\/casanha.com\/vi\/#organization","name":"Casanha","url":"https:\/\/casanha.com\/vi\/","logo":{"@type":"ImageObject","inLanguage":"vi","@id":"https:\/\/casanha.com\/vi\/#\/schema\/logo\/image\/","url":"https:\/\/casanha-beta.s3.ap-southeast-1.amazonaws.com\/2026\/02\/logo-2026.jpg","contentUrl":"https:\/\/casanha-beta.s3.ap-southeast-1.amazonaws.com\/2026\/02\/logo-2026.jpg","width":1500,"height":1500,"caption":"Casanha"},"image":{"@id":"https:\/\/casanha.com\/vi\/#\/schema\/logo\/image\/"},"sameAs":["https:\/\/www.facebook.com\/CasanhaHome","https:\/\/www.instagram.com\/casanhahome\/","https:\/\/www.youtube.com\/@casanha","https:\/\/www.tiktok.com\/@casanha.com","https:\/\/zalo.me\/casanhahome"]}]}},"_links":{"self":[{"href":"https:\/\/casanha.com\/vi\/wp-json\/wp\/v2\/product\/108991","targetHints":{"allow":["GET"]}}],"collection":[{"href":"https:\/\/casanha.com\/vi\/wp-json\/wp\/v2\/product"}],"about":[{"href":"https:\/\/casanha.com\/vi\/wp-json\/wp\/v2\/types\/product"}],"replies":[{"embeddable":true,"href":"https:\/\/casanha.com\/vi\/wp-json\/wp\/v2\/comments?post=108991"}],"version-history":[{"count":2,"href":"https:\/\/casanha.com\/vi\/wp-json\/wp\/v2\/product\/108991\/revisions"}],"predecessor-version":[{"id":113218,"href":"https:\/\/casanha.com\/vi\/wp-json\/wp\/v2\/product\/108991\/revisions\/113218"}],"wp:featuredmedia":[{"embeddable":true,"href":"https:\/\/casanha.com\/vi\/wp-json\/wp\/v2\/media\/109296"}],"wp:attachment":[{"href":"https:\/\/casanha.com\/vi\/wp-json\/wp\/v2\/media?parent=108991"}],"wp:term":[{"taxonomy":"product_brand","embeddable":true,"href":"https:\/\/casanha.com\/vi\/wp-json\/wp\/v2\/product_brand?post=108991"},{"taxonomy":"product_cat","embeddable":true,"href":"https:\/\/casanha.com\/vi\/wp-json\/wp\/v2\/product_cat?post=108991"},{"taxonomy":"product_tag","embeddable":true,"href":"https:\/\/casanha.com\/vi\/wp-json\/wp\/v2\/product_tag?post=108991"}],"curies":[{"name":"wp","href":"https:\/\/api.w.org\/{rel}","templated":true}]}}