{"id":108926,"date":"2026-01-09T15:29:09","date_gmt":"2026-01-09T08:29:09","guid":{"rendered":"https:\/\/casanha.com\/?post_type=product&#038;p=108926"},"modified":"2026-04-07T12:37:39","modified_gmt":"2026-04-07T05:37:39","slug":"tiawa-ghe-an","status":"publish","type":"product","link":"https:\/\/casanha.com\/vi\/san-pham\/tiawa-ghe-an\/","title":{"rendered":"TIAWA &#8211; GH\u1ebe \u0102N"},"content":{"rendered":"<p>THEO XU H\u01af\u1edaNG\/ <em>TRENDY<\/em><\/p>\n<p>Ch\u00fang t\u00f4i h\u1ee3p xu th\u1ebf nh\u01b0ng kh\u00f4ng ch\u1ea1y theo s\u1ed1 \u0111\u00f4ng. Ch\u00fang t\u00f4i \u0111\u01b0\u1ee3c truy\u1ec1n c\u1ea3m h\u1ee9ng m\u00e0 kh\u00f4ng b\u1ecb \u1ea3nh h\u01b0\u1edfng hay l\u1ec7 thu\u1ed9c v\u00e0o th\u1ecb tr\u01b0\u1eddng \u0111\u1ecba ph\u01b0\u01a1ng\/ <em>We are trendy but we aren\u2019t mainstream. We\u2019re inspired without being biased or influenced by the local market.<\/em><\/p>\n<p><strong>IN QUEST OF INNOVATION &amp; CREATIVITY\/ <\/strong><strong><em>TRUY T\u00ccM S\u1ef0 \u0110\u1ed4I M\u1edaI &amp; S\u00c1NG T\u1ea0O<\/em><\/strong><\/p>\n<p>Casanh\u00e0 l\u00e0 m\u1ed9t c\u00f4ng ty c\u00f3 tr\u1ee5 s\u1edf t\u1ea1i S\u00e0i G\u00f2n, lu\u00f4n n\u1ed7 l\u1ef1c h\u1ee3p t\u00e1c c\u00f9ng c\u00e1c \u0111\u1ed1i t\u00e1c tr\u00ean to\u00e0n th\u1ebf gi\u1edbi \u0111\u1ec3 mang \u0111\u1ebfn nh\u1eefng s\u1ea3n ph\u1ea9m n\u1ed9i th\u1ea5t tinh t\u1ebf, ti\u1ec7n d\u1ee5ng, b\u1eaft k\u1ecbp xu h\u01b0\u1edbng hi\u1ec7n \u0111\u1ea1i nh\u01b0ng v\u1eabn gi\u1eef \u0111\u01b0\u1ee3c n\u00e9t truy\u1ec1n th\u1ed1ng c\u1ee7a g\u1ed7 t\u1ef1 nhi\u00ean v\u00e0 tay ngh\u1ec1 th\u1ee7 c\u00f4ng tinh x\u1ea3o. Ch\u00fang t\u00f4i tin r\u1eb1ng c\u00e1c s\u1ea3n ph\u1ea9m c\u1ee7a m\u00ecnh mang trong ch\u00fang n\u00e9t c\u00e1 t\u00ednh ri\u00eang bi\u1ec7t, \u0111\u01b0\u1ee3c t\u1ea1o n\u00ean t\u1eeb s\u1ef1 tr\u00e2n tr\u1ecdng ch\u1ea5t l\u01b0\u1ee3ng v\u00e0 kh\u00f4ng b\u1ecb r\u00e0ng bu\u1ed9c b\u1edfi gi\u00e1 c\u1ea3. Ch\u00ednh \u0111i\u1ec1u \u0111\u00f3 th\u1ec3 hi\u1ec7n c\u00e1ch ch\u00fang \u0111\u01b0\u1ee3c ch\u1ebf t\u00e1c v\u00e0 gi\u00fap ch\u00fang n\u1ed5i b\u1eadt gi\u1eefa th\u1ecb tr\u01b0\u1eddng hi\u1ec7n nay\/ <em>Casanh\u00e0 is a Saigon-based company that works tirelessly with partners all over the world to fulfill the need to have fine and well-functioned home goods with the latest in trend, combined with a traditional sense of fine woods and fine craftsmanship.We believe that our products have an inherent individuality, with the appreciation of quality and the lack of price constraints, revealing how they have been made, setting them apart from the current market.<\/em><\/p>","protected":false},"excerpt":{"rendered":"<p><strong><span lang=\"EN-US\">Th\u00f4ng tin s\u1ea3n ph\u1ea9m\/\u00a0<em>Th\u00f4ng tin<\/em>\u00a0<em>information<\/em><\/span><\/strong><\/p>\n<p><span lang=\"EN-US\">M\u00e0u s\u1eafc\/\u00a0<em>M\u00e0u s\u1eafc<\/em>:\u00a0<\/span><span lang=\"VI\">T\u1ef1 nhi\u00ean<\/span><span lang=\"EN-US\">\/<em>\u00a0T\u1ef1 nhi\u00ean<br \/>\n<\/em><\/span><span lang=\"EN-US\">Ch\u1ea5t li\u1ec7u\/\u00a0<em>Ch\u1ea5t li\u1ec7u<br \/>\n<\/em><\/span><span lang=\"EN-US\">Gh\u1ebf ng\u1ed3i\/<em>\u00a0Seat<\/em>\u00a0:\u00a0<\/span>V\u00e1n \u00e9p,\u00a0m<span lang=\"EN-US\">\u00fat \u0111\u00e0n h\u1ed3i cao &amp; v<\/span>\u1ea3i\/\u00a0<em>Plywood, high density foam and fabric<br \/>\n<\/em><span lang=\"EN-US\">T\u1ef1a l\u01b0ng\/\u00a0<em>Backrest<\/em>\u00a0:\u00a0<\/span>G\u1ed7 s\u1ed3i nguy\u00ean kh\u1ed1i,\u00a0v\u00e1n \u00e9p,\u00a0m<span lang=\"EN-US\">\u00fat \u0111\u00e0n h\u1ed3i cao &amp; v<\/span>\u1ea3i\/\u00a0<em>Solid oak,\u00a0<\/em><em>plywood &amp;\u00a0<\/em><em>high density foam and fabric<br \/>\n<\/em><span lang=\"EN-US\">Tay v\u1ecbn\/\u00a0<em>Armrest<\/em>\u00a0:\u00a0<\/span>Kh\u00f4ng c\u00f3 \/\u00a0<em>Kh\u00f4ng c\u00f3<br \/>\n<\/em><span lang=\"EN-US\">B\u1ecdc n\u1ec7m\/\u00a0<em>Upholstery<\/em>: 74% Polyester, 21% Cotton, 5% Len (<em>wool<\/em>)<br \/>\n<\/span><span lang=\"EN-US\">Ch\u00e2n\/\u00a0<em>Legs<\/em>\u00a0:\u00a0<\/span><span lang=\"EN-US\">G\u1ed7 s\u1ed3i nguy\u00ean kh\u1ed1i\/\u00a0<em>Solid oak<br \/>\n<\/em><\/span>K\u00edch th\u01b0\u1edbc\/\u00a0<em>K\u00edch th\u01b0\u1edbc:<\/em>: W45 x D51 x H85cm<br \/>\nCh\u1ee9ng nh\u1eadn\/<em>Certification<\/em>: FSC 100%<\/p>\n<p>B\u1ed9 s\u01b0u t\u1eadp\/\u00a0<em>Collection<\/em>: Kh\u00f4ng c\u00f3<br \/>\nPhong c\u00e1ch\/\u00a0<em>Phong c\u00e1ch<\/em>: Casanh\u00e0<span lang=\"EN-US\"><br \/>\n<\/span><span lang=\"EN-US\"><br \/>\nG\u1ed1i c\u00f3 th\u1ec3 th\u00e1o v\u1ecf\/<em>\u00a0Removable cover:\u00a0<\/em>Kh\u00f4ng\/\u00a0<em>No<br \/>\n<\/em><\/span><span lang=\"EN-US\">Ch\u00e2n c\u00f3 th\u1ec3 \u0111i\u1ec1u ch\u1ec9nh\/\u00a0<em>Adjustable l<\/em>egs: Kh\u00f4ng\/\u00a0<em>No<\/em><br \/>\n<\/span><\/p>\n<p><span lang=\"EN-US\">C\u00e2n n\u1eb7ng\/\u00a0<em>Weight<\/em>: 7kg<br \/>\n<\/span><span lang=\"EN-US\">Bao b\u00ec\/\u00a0<em>Packaging<\/em>: 1 carton(s) (W45 x D51 x H85cm) 2 pcs\/ box<br \/>\n<\/span><span lang=\"EN-US\">Y\u00eau c\u1ea7u l\u1eafp r\u00e1p\/<em>Assembly required<\/em>: Kh\u00f4ng\/\u00a0<em>No<br \/>\n<\/em><\/span>N\u01b0\u1edbc xu\u1ea5t x\u1ee9\/\u00a0<em>Country of origin<\/em>: Vi\u1ec7t Nam\/\u00a0<em>Vi\u1ec7t Nam<\/em><\/p>","protected":false},"featured_media":108930,"comment_status":"open","ping_status":"closed","template":"","meta":[],"product_brand":[],"product_cat":[2509,3062],"product_tag":[],"class_list":{"0":"post-108926","1":"product","2":"type-product","3":"status-publish","4":"has-post-thumbnail","6":"product_cat-chair","7":"product_cat-whitewashed-horizon","8":"product_shipping_class-bulky-items","10":"first","11":"instock","12":"shipping-taxable","13":"purchasable","14":"product-type-simple"},"yoast_head":"<!-- This site is optimized with the Yoast SEO plugin v27.1.1 - https:\/\/yoast.com\/product\/yoast-seo-wordpress\/ -->\n<title>TIAWA - GH\u1ebe \u0102N - Casanha<\/title>\n<meta name=\"robots\" content=\"index, follow, max-snippet:-1, max-image-preview:large, max-video-preview:-1\" \/>\n<link rel=\"canonical\" href=\"https:\/\/casanha.com\/vi\/san-pham\/tiawa-ghe-an\/\" \/>\n<meta property=\"og:locale\" content=\"vi_VN\" \/>\n<meta property=\"og:type\" content=\"article\" \/>\n<meta property=\"og:title\" content=\"TIAWA - GH\u1ebe \u0102N - Casanha\" \/>\n<meta property=\"og:description\" content=\"Th\u00f4ng tin s\u1ea3n ph\u1ea9m\/\u00a0Product\u00a0information  M\u00e0u s\u1eafc\/\u00a0Color:\u00a0T\u1ef1 nhi\u00ean\/\u00a0Natural Ch\u1ea5t li\u1ec7u\/\u00a0Materials Gh\u1ebf ng\u1ed3i\/\u00a0Seat\u00a0:\u00a0V\u00e1n \u00e9p,\u00a0m\u00fat \u0111\u00e0n h\u1ed3i cao &amp; v\u1ea3i\/\u00a0Plywood, high density foam and fabric T\u1ef1a l\u01b0ng\/\u00a0Backrest\u00a0:\u00a0G\u1ed7 s\u1ed3i nguy\u00ean kh\u1ed1i,\u00a0v\u00e1n \u00e9p,\u00a0m\u00fat \u0111\u00e0n h\u1ed3i cao &amp; v\u1ea3i\/\u00a0Solid oak,\u00a0plywood &amp;\u00a0high density foam and fabric Tay v\u1ecbn\/\u00a0Armrest\u00a0:\u00a0Kh\u00f4ng c\u00f3 \/\u00a0None B\u1ecdc n\u1ec7m\/\u00a0Upholstery: 74% Polyester, 21% Cotton, 5% Len (wool) Ch\u00e2n\/\u00a0Legs\u00a0:\u00a0G\u1ed7 s\u1ed3i nguy\u00ean kh\u1ed1i\/\u00a0Solid oak K\u00edch th\u01b0\u1edbc\/\u00a0Dimensions: W45 x D51 x H85cm Ch\u1ee9ng nh\u1eadn\/Certification: FSC 100%  B\u1ed9 s\u01b0u t\u1eadp\/\u00a0Collection: Kh\u00f4ng c\u00f3 Phong c\u00e1ch\/\u00a0Style: Casanh\u00e0  G\u1ed1i c\u00f3 th\u1ec3 th\u00e1o v\u1ecf\/\u00a0Removable cover:\u00a0Kh\u00f4ng\/\u00a0No Ch\u00e2n c\u00f3 th\u1ec3 \u0111i\u1ec1u ch\u1ec9nh\/\u00a0Adjustable legs: Kh\u00f4ng\/\u00a0No   C\u00e2n n\u1eb7ng\/\u00a0Weight: 7kg Bao b\u00ec\/\u00a0Packaging: 1 carton(s) (W45 x D51 x H85cm) 2 pcs\/ box Y\u00eau c\u1ea7u l\u1eafp r\u00e1p\/Assembly required: Kh\u00f4ng\/\u00a0No N\u01b0\u1edbc xu\u1ea5t x\u1ee9\/\u00a0Country of origin: Vi\u1ec7t Nam\/\u00a0Vietnam\" \/>\n<meta property=\"og:url\" content=\"https:\/\/casanha.com\/vi\/san-pham\/tiawa-ghe-an\/\" \/>\n<meta property=\"og:site_name\" content=\"Casanha\" \/>\n<meta property=\"article:publisher\" content=\"https:\/\/www.facebook.com\/CasanhaHome\" \/>\n<meta property=\"article:modified_time\" content=\"2026-04-07T05:37:39+00:00\" \/>\n<meta property=\"og:image\" content=\"https:\/\/casanha.com\/wp-content\/uploads\/2026\/01\/Tiawa-chair-pic-1-1024x1024.png\" \/>\n\t<meta property=\"og:image:width\" content=\"1024\" \/>\n\t<meta property=\"og:image:height\" content=\"1024\" \/>\n\t<meta property=\"og:image:type\" content=\"image\/png\" \/>\n<meta name=\"twitter:card\" content=\"summary_large_image\" \/>\n<script type=\"application\/ld+json\" class=\"yoast-schema-graph\">{\"@context\":\"https:\/\/schema.org\",\"@graph\":[{\"@type\":\"WebPage\",\"@id\":\"https:\/\/casanha.com\/product\/tiawa-ghe-an\/\",\"url\":\"https:\/\/casanha.com\/product\/tiawa-ghe-an\/\",\"name\":\"TIAWA - GH\u1ebe \u0102N - Casanha\",\"isPartOf\":{\"@id\":\"https:\/\/casanha.com\/vi\/#website\"},\"primaryImageOfPage\":{\"@id\":\"https:\/\/casanha.com\/product\/tiawa-ghe-an\/#primaryimage\"},\"image\":{\"@id\":\"https:\/\/casanha.com\/product\/tiawa-ghe-an\/#primaryimage\"},\"thumbnailUrl\":\"https:\/\/casanha-beta.s3.ap-southeast-1.amazonaws.com\/2026\/01\/Tiawa-chair-pic-1.png\",\"datePublished\":\"2026-01-09T08:29:09+00:00\",\"dateModified\":\"2026-04-07T05:37:39+00:00\",\"breadcrumb\":{\"@id\":\"https:\/\/casanha.com\/product\/tiawa-ghe-an\/#breadcrumb\"},\"inLanguage\":\"vi\",\"potentialAction\":[{\"@type\":\"ReadAction\",\"target\":[\"https:\/\/casanha.com\/product\/tiawa-ghe-an\/\"]}]},{\"@type\":\"ImageObject\",\"inLanguage\":\"vi\",\"@id\":\"https:\/\/casanha.com\/product\/tiawa-ghe-an\/#primaryimage\",\"url\":\"https:\/\/casanha-beta.s3.ap-southeast-1.amazonaws.com\/2026\/01\/Tiawa-chair-pic-1.png\",\"contentUrl\":\"https:\/\/casanha-beta.s3.ap-southeast-1.amazonaws.com\/2026\/01\/Tiawa-chair-pic-1.png\",\"width\":1902,\"height\":1904},{\"@type\":\"BreadcrumbList\",\"@id\":\"https:\/\/casanha.com\/product\/tiawa-ghe-an\/#breadcrumb\",\"itemListElement\":[{\"@type\":\"ListItem\",\"position\":1,\"name\":\"Home\",\"item\":\"https:\/\/casanha.com\/\"},{\"@type\":\"ListItem\",\"position\":2,\"name\":\"C\u1eeda h\u00e0ng\",\"item\":\"https:\/\/casanha.com\/vi\/cua-hang\/\"},{\"@type\":\"ListItem\",\"position\":3,\"name\":\"TIAWA &#8211; GH\u1ebe \u0102N\"}]},{\"@type\":\"WebSite\",\"@id\":\"https:\/\/casanha.com\/vi\/#website\",\"url\":\"https:\/\/casanha.com\/vi\/\",\"name\":\"Casanha\",\"description\":\"Home Decor &amp; Furniture\",\"publisher\":{\"@id\":\"https:\/\/casanha.com\/vi\/#organization\"},\"potentialAction\":[{\"@type\":\"SearchAction\",\"target\":{\"@type\":\"EntryPoint\",\"urlTemplate\":\"https:\/\/casanha.com\/vi\/?s={search_term_string}\"},\"query-input\":{\"@type\":\"PropertyValueSpecification\",\"valueRequired\":true,\"valueName\":\"search_term_string\"}}],\"inLanguage\":\"vi\"},{\"@type\":\"Organization\",\"@id\":\"https:\/\/casanha.com\/vi\/#organization\",\"name\":\"Casanha\",\"url\":\"https:\/\/casanha.com\/vi\/\",\"logo\":{\"@type\":\"ImageObject\",\"inLanguage\":\"vi\",\"@id\":\"https:\/\/casanha.com\/vi\/#\/schema\/logo\/image\/\",\"url\":\"https:\/\/casanha-beta.s3.ap-southeast-1.amazonaws.com\/2026\/02\/logo-2026.jpg\",\"contentUrl\":\"https:\/\/casanha-beta.s3.ap-southeast-1.amazonaws.com\/2026\/02\/logo-2026.jpg\",\"width\":1500,\"height\":1500,\"caption\":\"Casanha\"},\"image\":{\"@id\":\"https:\/\/casanha.com\/vi\/#\/schema\/logo\/image\/\"},\"sameAs\":[\"https:\/\/www.facebook.com\/CasanhaHome\",\"https:\/\/www.instagram.com\/casanhahome\/\",\"https:\/\/www.youtube.com\/@casanha\",\"https:\/\/www.tiktok.com\/@casanha.com\",\"https:\/\/zalo.me\/casanhahome\"]}]}<\/script>\n<!-- \/ Yoast SEO plugin. -->","yoast_head_json":{"title":"TIAWA - GH\u1ebe \u0102N - Casanha","robots":{"index":"index","follow":"follow","max-snippet":"max-snippet:-1","max-image-preview":"max-image-preview:large","max-video-preview":"max-video-preview:-1"},"canonical":"https:\/\/casanha.com\/vi\/san-pham\/tiawa-ghe-an\/","og_locale":"vi_VN","og_type":"article","og_title":"TIAWA - GH\u1ebe \u0102N - Casanha","og_description":"Th\u00f4ng tin s\u1ea3n ph\u1ea9m\/\u00a0Product\u00a0information  M\u00e0u s\u1eafc\/\u00a0Color:\u00a0T\u1ef1 nhi\u00ean\/\u00a0Natural Ch\u1ea5t li\u1ec7u\/\u00a0Materials Gh\u1ebf ng\u1ed3i\/\u00a0Seat\u00a0:\u00a0V\u00e1n \u00e9p,\u00a0m\u00fat \u0111\u00e0n h\u1ed3i cao &amp; v\u1ea3i\/\u00a0Plywood, high density foam and fabric T\u1ef1a l\u01b0ng\/\u00a0Backrest\u00a0:\u00a0G\u1ed7 s\u1ed3i nguy\u00ean kh\u1ed1i,\u00a0v\u00e1n \u00e9p,\u00a0m\u00fat \u0111\u00e0n h\u1ed3i cao &amp; v\u1ea3i\/\u00a0Solid oak,\u00a0plywood &amp;\u00a0high density foam and fabric Tay v\u1ecbn\/\u00a0Armrest\u00a0:\u00a0Kh\u00f4ng c\u00f3 \/\u00a0None B\u1ecdc n\u1ec7m\/\u00a0Upholstery: 74% Polyester, 21% Cotton, 5% Len (wool) Ch\u00e2n\/\u00a0Legs\u00a0:\u00a0G\u1ed7 s\u1ed3i nguy\u00ean kh\u1ed1i\/\u00a0Solid oak K\u00edch th\u01b0\u1edbc\/\u00a0Dimensions: W45 x D51 x H85cm Ch\u1ee9ng nh\u1eadn\/Certification: FSC 100%  B\u1ed9 s\u01b0u t\u1eadp\/\u00a0Collection: Kh\u00f4ng c\u00f3 Phong c\u00e1ch\/\u00a0Style: Casanh\u00e0  G\u1ed1i c\u00f3 th\u1ec3 th\u00e1o v\u1ecf\/\u00a0Removable cover:\u00a0Kh\u00f4ng\/\u00a0No Ch\u00e2n c\u00f3 th\u1ec3 \u0111i\u1ec1u ch\u1ec9nh\/\u00a0Adjustable legs: Kh\u00f4ng\/\u00a0No   C\u00e2n n\u1eb7ng\/\u00a0Weight: 7kg Bao b\u00ec\/\u00a0Packaging: 1 carton(s) (W45 x D51 x H85cm) 2 pcs\/ box Y\u00eau c\u1ea7u l\u1eafp r\u00e1p\/Assembly required: Kh\u00f4ng\/\u00a0No N\u01b0\u1edbc xu\u1ea5t x\u1ee9\/\u00a0Country of origin: Vi\u1ec7t Nam\/\u00a0Vietnam","og_url":"https:\/\/casanha.com\/vi\/san-pham\/tiawa-ghe-an\/","og_site_name":"Casanha","article_publisher":"https:\/\/www.facebook.com\/CasanhaHome","article_modified_time":"2026-04-07T05:37:39+00:00","og_image":[{"width":1024,"height":1024,"url":"https:\/\/casanha.com\/wp-content\/uploads\/2026\/01\/Tiawa-chair-pic-1-1024x1024.png","type":"image\/png"}],"twitter_card":"summary_large_image","schema":{"@context":"https:\/\/schema.org","@graph":[{"@type":"WebPage","@id":"https:\/\/casanha.com\/product\/tiawa-ghe-an\/","url":"https:\/\/casanha.com\/product\/tiawa-ghe-an\/","name":"TIAWA - GH\u1ebe \u0102N - Casanha","isPartOf":{"@id":"https:\/\/casanha.com\/vi\/#website"},"primaryImageOfPage":{"@id":"https:\/\/casanha.com\/product\/tiawa-ghe-an\/#primaryimage"},"image":{"@id":"https:\/\/casanha.com\/product\/tiawa-ghe-an\/#primaryimage"},"thumbnailUrl":"https:\/\/casanha-beta.s3.ap-southeast-1.amazonaws.com\/2026\/01\/Tiawa-chair-pic-1.png","datePublished":"2026-01-09T08:29:09+00:00","dateModified":"2026-04-07T05:37:39+00:00","breadcrumb":{"@id":"https:\/\/casanha.com\/product\/tiawa-ghe-an\/#breadcrumb"},"inLanguage":"vi","potentialAction":[{"@type":"ReadAction","target":["https:\/\/casanha.com\/product\/tiawa-ghe-an\/"]}]},{"@type":"ImageObject","inLanguage":"vi","@id":"https:\/\/casanha.com\/product\/tiawa-ghe-an\/#primaryimage","url":"https:\/\/casanha-beta.s3.ap-southeast-1.amazonaws.com\/2026\/01\/Tiawa-chair-pic-1.png","contentUrl":"https:\/\/casanha-beta.s3.ap-southeast-1.amazonaws.com\/2026\/01\/Tiawa-chair-pic-1.png","width":1902,"height":1904},{"@type":"BreadcrumbList","@id":"https:\/\/casanha.com\/product\/tiawa-ghe-an\/#breadcrumb","itemListElement":[{"@type":"ListItem","position":1,"name":"Home","item":"https:\/\/casanha.com\/"},{"@type":"ListItem","position":2,"name":"C\u1eeda h\u00e0ng","item":"https:\/\/casanha.com\/vi\/cua-hang\/"},{"@type":"ListItem","position":3,"name":"TIAWA &#8211; GH\u1ebe \u0102N"}]},{"@type":"WebSite","@id":"https:\/\/casanha.com\/vi\/#website","url":"https:\/\/casanha.com\/vi\/","name":"Casanha","description":"Home Decor &amp; Furniture","publisher":{"@id":"https:\/\/casanha.com\/vi\/#organization"},"potentialAction":[{"@type":"SearchAction","target":{"@type":"EntryPoint","urlTemplate":"https:\/\/casanha.com\/vi\/?s={search_term_string}"},"query-input":{"@type":"PropertyValueSpecification","valueRequired":true,"valueName":"search_term_string"}}],"inLanguage":"vi"},{"@type":"Organization","@id":"https:\/\/casanha.com\/vi\/#organization","name":"Casanha","url":"https:\/\/casanha.com\/vi\/","logo":{"@type":"ImageObject","inLanguage":"vi","@id":"https:\/\/casanha.com\/vi\/#\/schema\/logo\/image\/","url":"https:\/\/casanha-beta.s3.ap-southeast-1.amazonaws.com\/2026\/02\/logo-2026.jpg","contentUrl":"https:\/\/casanha-beta.s3.ap-southeast-1.amazonaws.com\/2026\/02\/logo-2026.jpg","width":1500,"height":1500,"caption":"Casanha"},"image":{"@id":"https:\/\/casanha.com\/vi\/#\/schema\/logo\/image\/"},"sameAs":["https:\/\/www.facebook.com\/CasanhaHome","https:\/\/www.instagram.com\/casanhahome\/","https:\/\/www.youtube.com\/@casanha","https:\/\/www.tiktok.com\/@casanha.com","https:\/\/zalo.me\/casanhahome"]}]}},"_links":{"self":[{"href":"https:\/\/casanha.com\/vi\/wp-json\/wp\/v2\/product\/108926","targetHints":{"allow":["GET"]}}],"collection":[{"href":"https:\/\/casanha.com\/vi\/wp-json\/wp\/v2\/product"}],"about":[{"href":"https:\/\/casanha.com\/vi\/wp-json\/wp\/v2\/types\/product"}],"replies":[{"embeddable":true,"href":"https:\/\/casanha.com\/vi\/wp-json\/wp\/v2\/comments?post=108926"}],"version-history":[{"count":2,"href":"https:\/\/casanha.com\/vi\/wp-json\/wp\/v2\/product\/108926\/revisions"}],"predecessor-version":[{"id":108932,"href":"https:\/\/casanha.com\/vi\/wp-json\/wp\/v2\/product\/108926\/revisions\/108932"}],"wp:featuredmedia":[{"embeddable":true,"href":"https:\/\/casanha.com\/vi\/wp-json\/wp\/v2\/media\/108930"}],"wp:attachment":[{"href":"https:\/\/casanha.com\/vi\/wp-json\/wp\/v2\/media?parent=108926"}],"wp:term":[{"taxonomy":"product_brand","embeddable":true,"href":"https:\/\/casanha.com\/vi\/wp-json\/wp\/v2\/product_brand?post=108926"},{"taxonomy":"product_cat","embeddable":true,"href":"https:\/\/casanha.com\/vi\/wp-json\/wp\/v2\/product_cat?post=108926"},{"taxonomy":"product_tag","embeddable":true,"href":"https:\/\/casanha.com\/vi\/wp-json\/wp\/v2\/product_tag?post=108926"}],"curies":[{"name":"wp","href":"https:\/\/api.w.org\/{rel}","templated":true}]}}