{"id":108250,"date":"2025-12-27T16:32:37","date_gmt":"2025-12-27T09:32:37","guid":{"rendered":"https:\/\/casanha.com\/?post_type=product&#038;p=108250"},"modified":"2026-04-07T14:34:40","modified_gmt":"2026-04-07T07:34:40","slug":"stoic-ban-ca-phe","status":"publish","type":"product","link":"https:\/\/casanha.com\/vi\/san-pham\/stoic-ban-ca-phe\/","title":{"rendered":"STOIC &#8211; B\u00c0N C\u00c0 PH\u00ca"},"content":{"rendered":"<p data-start=\"43\" data-end=\"433\">Natadora l\u00e0 b\u1ed9 s\u01b0u t\u1eadp n\u1ed9i th\u1ea5t \u0111\u1ed9c \u0111\u00e1o, \u0111\u01b0\u1ee3c ch\u1ebf t\u00e1c tinh x\u1ea3o v\u00e0 b\u1ec1n v\u1eefng theo th\u1eddi gian. Phong c\u00e1ch c\u1ee7a th\u01b0\u01a1ng hi\u1ec7u k\u1ebft h\u1ee3p tinh th\u1ea7n B\u1eafc \u00c2u (Scandinavian) v\u00e0 Mid-Century Modern c\u00f9ng v\u1edbi nh\u1eefng \u1ea3nh h\u01b0\u1edfng \u0111\u01b0\u01a1ng \u0111\u1ea1i \u0111a d\u1ea1ng t\u1eeb kh\u1eafp n\u01a1i tr\u00ean th\u1ebf gi\u1edbi. Nh\u1eefng m\u00f3n \u0111\u1ed3 v\u01b0\u1ee3t th\u1eddi gian, tinh t\u1ebf m\u00e0 gi\u1ea3n d\u1ecb, mang v\u1ebb \u0111\u1eb9p thanh l\u1ecbch v\u00e0 ch\u1ea5t l\u01b0\u1ee3ng b\u1ec1n v\u1eefng d\u00e0nh cho kh\u00e1ch h\u00e0ng s\u00e0nh \u0111i\u1ec7u to\u00e0n c\u1ea7u\/ <em>Natadora is a collection of distinctive, well-crafted furniture that is built to last. The style combines elements of Scandinavian and Mid-century Modern together with diverse contemporary influences from around the globe. Timeless, unpretentious pieces with a refined elegance and enduring quality for a discerning global audience. \u00a0<\/em><\/p>\n<p data-start=\"43\" data-end=\"433\">Thu\u1ed9c s\u1edf h\u1eefu v\u00e0 \u0111i\u1ec1u h\u00e0nh b\u1edfi m\u1ed9t gia \u0111\u00ecnh \u0110an M\u1ea1ch, Natadora \u0111\u01b0\u1ee3c d\u1eabn d\u1eaft b\u1edfi ni\u1ec1m \u0111am m\u00ea d\u00e0nh cho thi\u1ebft k\u1ebf tinh t\u1ebf, v\u1eadt li\u1ec7u ch\u1ea5t l\u01b0\u1ee3ng v\u00e0 quy tr\u00ecnh ho\u00e0n thi\u1ec7n ho\u00e0n h\u1ea3o. Ch\u00fang t\u00f4i k\u1ebft h\u1ee3p tinh hoa c\u1ee7a ngh\u1ec1 th\u1ee7 c\u00f4ng t\u1ec9 m\u1ec9 v\u1edbi quy tr\u00ecnh s\u1ea3n xu\u1ea5t hi\u1ec7u qu\u1ea3, t\u1ea1o n\u00ean s\u1ef1 c\u00e2n b\u1eb1ng h\u00e0i h\u00f2a gi\u1eefa th\u1ee7 c\u00f4ng v\u00e0 c\u00f4ng nghi\u1ec7p\/ <em>Owned and operated by a Danish family, our work is guided by a passion for thoughtful design, quality materials and flawless execution. We blend the best elements of meticulous craftsmanship with efficient production, bridging the gap between craft and industry.<\/em><\/p>","protected":false},"excerpt":{"rendered":"<p>B\u00e0n c\u00e0 ph\u00ea Stoic, v\u1edbi h\u00ecnh d\u00e1ng t\u1ed1i gi\u1ea3n t\u00e1o b\u1ea1o, c\u00f3 nhi\u1ec1u k\u00edch th\u01b0\u1edbc kh\u00e1c nhau v\u00e0 \u0111\u01b0\u1ee3c c\u1ea5u th\u00e0nh t\u1eeb hai n\u1eeda c\u00f3 th\u1ec3 s\u1eed d\u1ee5ng ri\u00eang l\u1ebb ho\u1eb7c k\u1ebft h\u1ee3p v\u1edbi nhau, mang \u0111\u1ebfn s\u1ef1 linh ho\u1ea1t v\u00e0 kh\u1ea3 n\u0103ng th\u00edch \u1ee9ng cho m\u1ecdi kh\u00f4ng gian. Ph\u1ea7n th\u00e2n th\u1ea5p v\u00e0 ch\u1eafc ch\u1eafn c\u1ee7a b\u00e0n t\u1ea1o c\u1ea3m gi\u00e1c v\u1eefng ch\u00e3i, ti\u1ec7n d\u1ee5ng, trong khi \u0111\u01b0\u1eddng chuy\u1ec3n ti\u1ebfp li\u1ec1n m\u1ea1ch t\u1eeb chu vi m\u1eb7t b\u00e0n xu\u1ed1ng ch\u00e2n b\u00e0n mang l\u1ea1i n\u00e9t thanh l\u1ecbch tinh t\u1ebf, t\u1ea1o s\u1ef1 t\u01b0\u01a1ng ph\u1ea3n v\u1edbi nh\u1eefng h\u00ecnh kh\u1ed1i h\u00ecnh h\u1ecdc mang tinh th\u1ea7n brutalist. Khi \u0111\u01b0\u1ee3c gh\u00e9p l\u1ea1i, hai n\u1eeda c\u1ee7a b\u00e0n t\u1ea1o n\u00ean c\u1ea3m gi\u00e1c h\u00e0i h\u00f2a v\u1ec1 s\u1ef1 c\u00e2n b\u1eb1ng v\u00e0 d\u00f2ng ch\u1ea3y\/ <em>The Stoic Coffee Table, in its bold, minimalist form, is available in multiple sizes and composed of two halves that can be used separately or together, offering a dynamic and adaptable presence in any space. Its low, solid body brings a grounded, convenient quality to the room, while the seamless flow from the top\u2019s circumference to the legs introduces a subtle elegance that contrasts with the table\u2019s brutalist geometric forms. When joined, the two halves create a harmonious sense of balance and flow.<\/em><\/p>\n<p><strong>Th\u00f4ng tin s\u1ea3n ph\u1ea9m\/\u00a0<em>Th\u00f4ng tin<\/em>\u00a0<em>information<\/em><\/strong><br \/>\nM\u00e0u s\u1eafc (\u0111\u01b0\u1ee3c ch\u1ecdn) \/\u00a0<em>Color (to be selected)<\/em>\u00a0: T\u1ef1 nhi\u00ean\/\u00a0<em>T\u1ef1 nhi\u00ean<\/em><br \/>\nCh\u1ea5t li\u1ec7u\/\u00a0<em>Ch\u1ea5t li\u1ec7u<\/em><br \/>\nM\u1eb7t b\u00e0n\/\u00a0<em>Top<\/em>: G\u1ed7 s\u1ed3i nguy\u00ean kh\u1ed1i\/\u00a0<em>Solid oak<\/em><br \/>\nCh\u00e2n\/\u00a0<em>Leg(s)<\/em>: G\u1ed7 s\u1ed3i nguy\u00ean kh\u1ed1i\/\u00a0<em>Solid oak<\/em><br \/>\nHo\u00e0n thi\u1ec7n\/\u00a0<em>Finishing<\/em>: Ch\u00e0 nh\u00e1m\/\u00a0<em>Sanded<\/em><br \/>\nK\u00edch th\u01b0\u1edbc\/\u00a0<em>K\u00edch th\u01b0\u1edbc:<\/em>: D240 x H23cm (2x W50 x D120 x H23cm)<br \/>\nCh\u1ee9ng nh\u1eadn\/<em>Certification<\/em>: FSC 100%<\/p>\n<p>B\u1ed9 s\u01b0u t\u1eadp\/\u00a0<em>Collection<\/em>: Stoic line<br \/>\nPhong c\u00e1ch\/\u00a0<em>Phong c\u00e1ch<\/em>: Casanh\u00e0<br \/>\nTh\u01b0\u01a1ng hi\u1ec7u\/\u00a0<em>Brand<\/em>\u00a0: Tolv<\/p>\n<p>\u0110\u1eb7t h\u00e0ng tr\u01b0\u1edbc\/\u00a0<em>Backorder<\/em>\u00a0: \u0110\u00fang\/\u00a0<em>Yes<\/em><br \/>\nTh\u1eddi gian d\u1eabn\/\u00a0<em>Lead time<\/em>\u00a0: 4-5 Tu\u1ea7n\/\u00a0<em>Weeks<\/em><br \/>\nCh\u00e2n c\u00f3 th\u1ec3 \u0111i\u1ec1u ch\u1ec9nh\/\u00a0<em>Adjustable legs<\/em>: Kh\u00f4ng\/\u00a0<em>No<\/em><\/p>\n<p>C\u00e2n n\u1eb7ng\/\u00a0<em>Weight<\/em>: kg<br \/>\nBao b\u00ec\/\u00a0<em>Packaging<\/em>: 2 cartons (W56 x D126 x H29cm)<br \/>\nY\u00eau c\u1ea7u l\u1eafp r\u00e1p\/<em>Assembly required<\/em>: Kh\u00f4ng\/\u00a0<em>No<\/em><br \/>\nN\u01b0\u1edbc xu\u1ea5t x\u1ee9\/\u00a0<em>Country of origin<\/em>: Vi\u1ec7t Nam\/\u00a0<em>Vi\u1ec7t Nam<\/em><\/p>","protected":false},"featured_media":108255,"comment_status":"open","ping_status":"closed","template":"","meta":[],"product_brand":[3001],"product_cat":[2502,3064],"product_tag":[],"class_list":{"0":"post-108250","1":"product","2":"type-product","3":"status-publish","4":"has-post-thumbnail","6":"product_brand-natadora","7":"product_cat-coffee-table","8":"product_cat-terra-sol","9":"product_shipping_class-heavy-packages","11":"first","12":"onbackorder","13":"shipping-taxable","14":"purchasable","15":"product-type-simple"},"yoast_head":"<!-- This site is optimized with the Yoast SEO plugin v27.1.1 - https:\/\/yoast.com\/product\/yoast-seo-wordpress\/ -->\n<title>STOIC - B\u00c0N C\u00c0 PH\u00ca - Casanha<\/title>\n<meta name=\"robots\" content=\"index, follow, max-snippet:-1, max-image-preview:large, max-video-preview:-1\" \/>\n<link rel=\"canonical\" href=\"https:\/\/casanha.com\/vi\/san-pham\/stoic-ban-ca-phe\/\" \/>\n<meta property=\"og:locale\" content=\"vi_VN\" \/>\n<meta property=\"og:type\" content=\"article\" \/>\n<meta property=\"og:title\" content=\"STOIC - B\u00c0N C\u00c0 PH\u00ca - Casanha\" \/>\n<meta property=\"og:description\" content=\"B\u00e0n c\u00e0 ph\u00ea Stoic, v\u1edbi h\u00ecnh d\u00e1ng t\u1ed1i gi\u1ea3n t\u00e1o b\u1ea1o, c\u00f3 nhi\u1ec1u k\u00edch th\u01b0\u1edbc kh\u00e1c nhau v\u00e0 \u0111\u01b0\u1ee3c c\u1ea5u th\u00e0nh t\u1eeb hai n\u1eeda c\u00f3 th\u1ec3 s\u1eed d\u1ee5ng ri\u00eang l\u1ebb ho\u1eb7c k\u1ebft h\u1ee3p v\u1edbi nhau, mang \u0111\u1ebfn s\u1ef1 linh ho\u1ea1t v\u00e0 kh\u1ea3 n\u0103ng th\u00edch \u1ee9ng cho m\u1ecdi kh\u00f4ng gian. Ph\u1ea7n th\u00e2n th\u1ea5p v\u00e0 ch\u1eafc ch\u1eafn c\u1ee7a b\u00e0n t\u1ea1o c\u1ea3m gi\u00e1c v\u1eefng ch\u00e3i, ti\u1ec7n d\u1ee5ng, trong khi \u0111\u01b0\u1eddng chuy\u1ec3n ti\u1ebfp li\u1ec1n m\u1ea1ch t\u1eeb chu vi m\u1eb7t b\u00e0n xu\u1ed1ng ch\u00e2n b\u00e0n mang l\u1ea1i n\u00e9t thanh l\u1ecbch tinh t\u1ebf, t\u1ea1o s\u1ef1 t\u01b0\u01a1ng ph\u1ea3n v\u1edbi nh\u1eefng h\u00ecnh kh\u1ed1i h\u00ecnh h\u1ecdc mang tinh th\u1ea7n brutalist. Khi \u0111\u01b0\u1ee3c gh\u00e9p l\u1ea1i, hai n\u1eeda c\u1ee7a b\u00e0n t\u1ea1o n\u00ean c\u1ea3m gi\u00e1c h\u00e0i h\u00f2a v\u1ec1 s\u1ef1 c\u00e2n b\u1eb1ng v\u00e0 d\u00f2ng ch\u1ea3y\/ The Stoic Coffee Table, in its bold, minimalist form, is available in multiple sizes and composed of two halves that can be used separately or together, offering a dynamic and adaptable presence in any space. Its low, solid body brings a grounded, convenient quality to the room, while the seamless flow from the top\u2019s circumference to the legs introduces a subtle elegance that contrasts with the table\u2019s brutalist geometric forms. When joined, the two halves create a harmonious sense of balance and flow.  Th\u00f4ng tin s\u1ea3n ph\u1ea9m\/\u00a0Product\u00a0information M\u00e0u s\u1eafc (\u0111\u01b0\u1ee3c ch\u1ecdn) \/\u00a0Color (to be selected)\u00a0: T\u1ef1 nhi\u00ean\/\u00a0Natural Ch\u1ea5t li\u1ec7u\/\u00a0Materials M\u1eb7t b\u00e0n\/\u00a0Top: G\u1ed7 s\u1ed3i nguy\u00ean kh\u1ed1i\/\u00a0Solid oak Ch\u00e2n\/\u00a0Leg(s): G\u1ed7 s\u1ed3i nguy\u00ean kh\u1ed1i\/\u00a0Solid oak Ho\u00e0n thi\u1ec7n\/\u00a0Finishing: Ch\u00e0 nh\u00e1m\/\u00a0Sanded K\u00edch th\u01b0\u1edbc\/\u00a0Dimensions: D240 x H23cm (2x W50 x D120 x H23cm) Ch\u1ee9ng nh\u1eadn\/Certification: FSC 100%  B\u1ed9 s\u01b0u t\u1eadp\/\u00a0Collection: Stoic line Phong c\u00e1ch\/\u00a0Style: Casanh\u00e0 Th\u01b0\u01a1ng hi\u1ec7u\/\u00a0Brand\u00a0: Tolv  \u0110\u1eb7t h\u00e0ng tr\u01b0\u1edbc\/\u00a0Backorder\u00a0: \u0110\u00fang\/\u00a0Yes Th\u1eddi gian d\u1eabn\/\u00a0Lead time\u00a0: 4-5 Tu\u1ea7n\/\u00a0Weeks Ch\u00e2n c\u00f3 th\u1ec3 \u0111i\u1ec1u ch\u1ec9nh\/\u00a0Adjustable legs: Kh\u00f4ng\/\u00a0No  C\u00e2n n\u1eb7ng\/\u00a0Weight: kg Bao b\u00ec\/\u00a0Packaging: 2 cartons (W56 x D126 x H29cm) Y\u00eau c\u1ea7u l\u1eafp r\u00e1p\/Assembly required: Kh\u00f4ng\/\u00a0No N\u01b0\u1edbc xu\u1ea5t x\u1ee9\/\u00a0Country of origin: Vi\u1ec7t Nam\/\u00a0Vietnam\" \/>\n<meta property=\"og:url\" content=\"https:\/\/casanha.com\/vi\/san-pham\/stoic-ban-ca-phe\/\" \/>\n<meta property=\"og:site_name\" content=\"Casanha\" \/>\n<meta property=\"article:publisher\" content=\"https:\/\/www.facebook.com\/CasanhaHome\" \/>\n<meta property=\"article:modified_time\" content=\"2026-04-07T07:34:40+00:00\" \/>\n<meta property=\"og:image\" content=\"https:\/\/casanha.com\/wp-content\/uploads\/2025\/12\/STOIC-120-Raw-oak-oic-1-1-1024x757.png\" \/>\n\t<meta property=\"og:image:width\" content=\"1024\" \/>\n\t<meta property=\"og:image:height\" content=\"757\" \/>\n\t<meta property=\"og:image:type\" content=\"image\/png\" \/>\n<meta name=\"twitter:card\" content=\"summary_large_image\" \/>\n<script type=\"application\/ld+json\" class=\"yoast-schema-graph\">{\"@context\":\"https:\/\/schema.org\",\"@graph\":[{\"@type\":\"WebPage\",\"@id\":\"https:\/\/casanha.com\/product\/stoic-ban-ca-phe\/\",\"url\":\"https:\/\/casanha.com\/product\/stoic-ban-ca-phe\/\",\"name\":\"STOIC - B\u00c0N C\u00c0 PH\u00ca - Casanha\",\"isPartOf\":{\"@id\":\"https:\/\/casanha.com\/vi\/#website\"},\"primaryImageOfPage\":{\"@id\":\"https:\/\/casanha.com\/product\/stoic-ban-ca-phe\/#primaryimage\"},\"image\":{\"@id\":\"https:\/\/casanha.com\/product\/stoic-ban-ca-phe\/#primaryimage\"},\"thumbnailUrl\":\"https:\/\/casanha-beta.s3.ap-southeast-1.amazonaws.com\/2025\/12\/STOIC-120-Raw-oak-oic-1-1.png\",\"datePublished\":\"2025-12-27T09:32:37+00:00\",\"dateModified\":\"2026-04-07T07:34:40+00:00\",\"breadcrumb\":{\"@id\":\"https:\/\/casanha.com\/product\/stoic-ban-ca-phe\/#breadcrumb\"},\"inLanguage\":\"vi\",\"potentialAction\":[{\"@type\":\"ReadAction\",\"target\":[\"https:\/\/casanha.com\/product\/stoic-ban-ca-phe\/\"]}]},{\"@type\":\"ImageObject\",\"inLanguage\":\"vi\",\"@id\":\"https:\/\/casanha.com\/product\/stoic-ban-ca-phe\/#primaryimage\",\"url\":\"https:\/\/casanha-beta.s3.ap-southeast-1.amazonaws.com\/2025\/12\/STOIC-120-Raw-oak-oic-1-1.png\",\"contentUrl\":\"https:\/\/casanha-beta.s3.ap-southeast-1.amazonaws.com\/2025\/12\/STOIC-120-Raw-oak-oic-1-1.png\",\"width\":2084,\"height\":1540},{\"@type\":\"BreadcrumbList\",\"@id\":\"https:\/\/casanha.com\/product\/stoic-ban-ca-phe\/#breadcrumb\",\"itemListElement\":[{\"@type\":\"ListItem\",\"position\":1,\"name\":\"Home\",\"item\":\"https:\/\/casanha.com\/\"},{\"@type\":\"ListItem\",\"position\":2,\"name\":\"C\u1eeda h\u00e0ng\",\"item\":\"https:\/\/casanha.com\/vi\/cua-hang\/\"},{\"@type\":\"ListItem\",\"position\":3,\"name\":\"STOIC &#8211; B\u00c0N C\u00c0 PH\u00ca\"}]},{\"@type\":\"WebSite\",\"@id\":\"https:\/\/casanha.com\/vi\/#website\",\"url\":\"https:\/\/casanha.com\/vi\/\",\"name\":\"Casanha\",\"description\":\"Home Decor &amp; Furniture\",\"publisher\":{\"@id\":\"https:\/\/casanha.com\/vi\/#organization\"},\"potentialAction\":[{\"@type\":\"SearchAction\",\"target\":{\"@type\":\"EntryPoint\",\"urlTemplate\":\"https:\/\/casanha.com\/vi\/?s={search_term_string}\"},\"query-input\":{\"@type\":\"PropertyValueSpecification\",\"valueRequired\":true,\"valueName\":\"search_term_string\"}}],\"inLanguage\":\"vi\"},{\"@type\":\"Organization\",\"@id\":\"https:\/\/casanha.com\/vi\/#organization\",\"name\":\"Casanha\",\"url\":\"https:\/\/casanha.com\/vi\/\",\"logo\":{\"@type\":\"ImageObject\",\"inLanguage\":\"vi\",\"@id\":\"https:\/\/casanha.com\/vi\/#\/schema\/logo\/image\/\",\"url\":\"https:\/\/casanha-beta.s3.ap-southeast-1.amazonaws.com\/2026\/02\/logo-2026.jpg\",\"contentUrl\":\"https:\/\/casanha-beta.s3.ap-southeast-1.amazonaws.com\/2026\/02\/logo-2026.jpg\",\"width\":1500,\"height\":1500,\"caption\":\"Casanha\"},\"image\":{\"@id\":\"https:\/\/casanha.com\/vi\/#\/schema\/logo\/image\/\"},\"sameAs\":[\"https:\/\/www.facebook.com\/CasanhaHome\",\"https:\/\/www.instagram.com\/casanhahome\/\",\"https:\/\/www.youtube.com\/@casanha\",\"https:\/\/www.tiktok.com\/@casanha.com\",\"https:\/\/zalo.me\/casanhahome\"]}]}<\/script>\n<!-- \/ Yoast SEO plugin. -->","yoast_head_json":{"title":"STOIC - B\u00c0N C\u00c0 PH\u00ca - Casanha","robots":{"index":"index","follow":"follow","max-snippet":"max-snippet:-1","max-image-preview":"max-image-preview:large","max-video-preview":"max-video-preview:-1"},"canonical":"https:\/\/casanha.com\/vi\/san-pham\/stoic-ban-ca-phe\/","og_locale":"vi_VN","og_type":"article","og_title":"STOIC - B\u00c0N C\u00c0 PH\u00ca - Casanha","og_description":"B\u00e0n c\u00e0 ph\u00ea Stoic, v\u1edbi h\u00ecnh d\u00e1ng t\u1ed1i gi\u1ea3n t\u00e1o b\u1ea1o, c\u00f3 nhi\u1ec1u k\u00edch th\u01b0\u1edbc kh\u00e1c nhau v\u00e0 \u0111\u01b0\u1ee3c c\u1ea5u th\u00e0nh t\u1eeb hai n\u1eeda c\u00f3 th\u1ec3 s\u1eed d\u1ee5ng ri\u00eang l\u1ebb ho\u1eb7c k\u1ebft h\u1ee3p v\u1edbi nhau, mang \u0111\u1ebfn s\u1ef1 linh ho\u1ea1t v\u00e0 kh\u1ea3 n\u0103ng th\u00edch \u1ee9ng cho m\u1ecdi kh\u00f4ng gian. Ph\u1ea7n th\u00e2n th\u1ea5p v\u00e0 ch\u1eafc ch\u1eafn c\u1ee7a b\u00e0n t\u1ea1o c\u1ea3m gi\u00e1c v\u1eefng ch\u00e3i, ti\u1ec7n d\u1ee5ng, trong khi \u0111\u01b0\u1eddng chuy\u1ec3n ti\u1ebfp li\u1ec1n m\u1ea1ch t\u1eeb chu vi m\u1eb7t b\u00e0n xu\u1ed1ng ch\u00e2n b\u00e0n mang l\u1ea1i n\u00e9t thanh l\u1ecbch tinh t\u1ebf, t\u1ea1o s\u1ef1 t\u01b0\u01a1ng ph\u1ea3n v\u1edbi nh\u1eefng h\u00ecnh kh\u1ed1i h\u00ecnh h\u1ecdc mang tinh th\u1ea7n brutalist. Khi \u0111\u01b0\u1ee3c gh\u00e9p l\u1ea1i, hai n\u1eeda c\u1ee7a b\u00e0n t\u1ea1o n\u00ean c\u1ea3m gi\u00e1c h\u00e0i h\u00f2a v\u1ec1 s\u1ef1 c\u00e2n b\u1eb1ng v\u00e0 d\u00f2ng ch\u1ea3y\/ The Stoic Coffee Table, in its bold, minimalist form, is available in multiple sizes and composed of two halves that can be used separately or together, offering a dynamic and adaptable presence in any space. Its low, solid body brings a grounded, convenient quality to the room, while the seamless flow from the top\u2019s circumference to the legs introduces a subtle elegance that contrasts with the table\u2019s brutalist geometric forms. When joined, the two halves create a harmonious sense of balance and flow.  Th\u00f4ng tin s\u1ea3n ph\u1ea9m\/\u00a0Product\u00a0information M\u00e0u s\u1eafc (\u0111\u01b0\u1ee3c ch\u1ecdn) \/\u00a0Color (to be selected)\u00a0: T\u1ef1 nhi\u00ean\/\u00a0Natural Ch\u1ea5t li\u1ec7u\/\u00a0Materials M\u1eb7t b\u00e0n\/\u00a0Top: G\u1ed7 s\u1ed3i nguy\u00ean kh\u1ed1i\/\u00a0Solid oak Ch\u00e2n\/\u00a0Leg(s): G\u1ed7 s\u1ed3i nguy\u00ean kh\u1ed1i\/\u00a0Solid oak Ho\u00e0n thi\u1ec7n\/\u00a0Finishing: Ch\u00e0 nh\u00e1m\/\u00a0Sanded K\u00edch th\u01b0\u1edbc\/\u00a0Dimensions: D240 x H23cm (2x W50 x D120 x H23cm) Ch\u1ee9ng nh\u1eadn\/Certification: FSC 100%  B\u1ed9 s\u01b0u t\u1eadp\/\u00a0Collection: Stoic line Phong c\u00e1ch\/\u00a0Style: Casanh\u00e0 Th\u01b0\u01a1ng hi\u1ec7u\/\u00a0Brand\u00a0: Tolv  \u0110\u1eb7t h\u00e0ng tr\u01b0\u1edbc\/\u00a0Backorder\u00a0: \u0110\u00fang\/\u00a0Yes Th\u1eddi gian d\u1eabn\/\u00a0Lead time\u00a0: 4-5 Tu\u1ea7n\/\u00a0Weeks Ch\u00e2n c\u00f3 th\u1ec3 \u0111i\u1ec1u ch\u1ec9nh\/\u00a0Adjustable legs: Kh\u00f4ng\/\u00a0No  C\u00e2n n\u1eb7ng\/\u00a0Weight: kg Bao b\u00ec\/\u00a0Packaging: 2 cartons (W56 x D126 x H29cm) Y\u00eau c\u1ea7u l\u1eafp r\u00e1p\/Assembly required: Kh\u00f4ng\/\u00a0No N\u01b0\u1edbc xu\u1ea5t x\u1ee9\/\u00a0Country of origin: Vi\u1ec7t Nam\/\u00a0Vietnam","og_url":"https:\/\/casanha.com\/vi\/san-pham\/stoic-ban-ca-phe\/","og_site_name":"Casanha","article_publisher":"https:\/\/www.facebook.com\/CasanhaHome","article_modified_time":"2026-04-07T07:34:40+00:00","og_image":[{"width":1024,"height":757,"url":"https:\/\/casanha.com\/wp-content\/uploads\/2025\/12\/STOIC-120-Raw-oak-oic-1-1-1024x757.png","type":"image\/png"}],"twitter_card":"summary_large_image","schema":{"@context":"https:\/\/schema.org","@graph":[{"@type":"WebPage","@id":"https:\/\/casanha.com\/product\/stoic-ban-ca-phe\/","url":"https:\/\/casanha.com\/product\/stoic-ban-ca-phe\/","name":"STOIC - B\u00c0N C\u00c0 PH\u00ca - Casanha","isPartOf":{"@id":"https:\/\/casanha.com\/vi\/#website"},"primaryImageOfPage":{"@id":"https:\/\/casanha.com\/product\/stoic-ban-ca-phe\/#primaryimage"},"image":{"@id":"https:\/\/casanha.com\/product\/stoic-ban-ca-phe\/#primaryimage"},"thumbnailUrl":"https:\/\/casanha-beta.s3.ap-southeast-1.amazonaws.com\/2025\/12\/STOIC-120-Raw-oak-oic-1-1.png","datePublished":"2025-12-27T09:32:37+00:00","dateModified":"2026-04-07T07:34:40+00:00","breadcrumb":{"@id":"https:\/\/casanha.com\/product\/stoic-ban-ca-phe\/#breadcrumb"},"inLanguage":"vi","potentialAction":[{"@type":"ReadAction","target":["https:\/\/casanha.com\/product\/stoic-ban-ca-phe\/"]}]},{"@type":"ImageObject","inLanguage":"vi","@id":"https:\/\/casanha.com\/product\/stoic-ban-ca-phe\/#primaryimage","url":"https:\/\/casanha-beta.s3.ap-southeast-1.amazonaws.com\/2025\/12\/STOIC-120-Raw-oak-oic-1-1.png","contentUrl":"https:\/\/casanha-beta.s3.ap-southeast-1.amazonaws.com\/2025\/12\/STOIC-120-Raw-oak-oic-1-1.png","width":2084,"height":1540},{"@type":"BreadcrumbList","@id":"https:\/\/casanha.com\/product\/stoic-ban-ca-phe\/#breadcrumb","itemListElement":[{"@type":"ListItem","position":1,"name":"Home","item":"https:\/\/casanha.com\/"},{"@type":"ListItem","position":2,"name":"C\u1eeda h\u00e0ng","item":"https:\/\/casanha.com\/vi\/cua-hang\/"},{"@type":"ListItem","position":3,"name":"STOIC &#8211; B\u00c0N C\u00c0 PH\u00ca"}]},{"@type":"WebSite","@id":"https:\/\/casanha.com\/vi\/#website","url":"https:\/\/casanha.com\/vi\/","name":"Casanha","description":"Home Decor &amp; Furniture","publisher":{"@id":"https:\/\/casanha.com\/vi\/#organization"},"potentialAction":[{"@type":"SearchAction","target":{"@type":"EntryPoint","urlTemplate":"https:\/\/casanha.com\/vi\/?s={search_term_string}"},"query-input":{"@type":"PropertyValueSpecification","valueRequired":true,"valueName":"search_term_string"}}],"inLanguage":"vi"},{"@type":"Organization","@id":"https:\/\/casanha.com\/vi\/#organization","name":"Casanha","url":"https:\/\/casanha.com\/vi\/","logo":{"@type":"ImageObject","inLanguage":"vi","@id":"https:\/\/casanha.com\/vi\/#\/schema\/logo\/image\/","url":"https:\/\/casanha-beta.s3.ap-southeast-1.amazonaws.com\/2026\/02\/logo-2026.jpg","contentUrl":"https:\/\/casanha-beta.s3.ap-southeast-1.amazonaws.com\/2026\/02\/logo-2026.jpg","width":1500,"height":1500,"caption":"Casanha"},"image":{"@id":"https:\/\/casanha.com\/vi\/#\/schema\/logo\/image\/"},"sameAs":["https:\/\/www.facebook.com\/CasanhaHome","https:\/\/www.instagram.com\/casanhahome\/","https:\/\/www.youtube.com\/@casanha","https:\/\/www.tiktok.com\/@casanha.com","https:\/\/zalo.me\/casanhahome"]}]}},"_links":{"self":[{"href":"https:\/\/casanha.com\/vi\/wp-json\/wp\/v2\/product\/108250","targetHints":{"allow":["GET"]}}],"collection":[{"href":"https:\/\/casanha.com\/vi\/wp-json\/wp\/v2\/product"}],"about":[{"href":"https:\/\/casanha.com\/vi\/wp-json\/wp\/v2\/types\/product"}],"replies":[{"embeddable":true,"href":"https:\/\/casanha.com\/vi\/wp-json\/wp\/v2\/comments?post=108250"}],"version-history":[{"count":3,"href":"https:\/\/casanha.com\/vi\/wp-json\/wp\/v2\/product\/108250\/revisions"}],"predecessor-version":[{"id":111596,"href":"https:\/\/casanha.com\/vi\/wp-json\/wp\/v2\/product\/108250\/revisions\/111596"}],"wp:featuredmedia":[{"embeddable":true,"href":"https:\/\/casanha.com\/vi\/wp-json\/wp\/v2\/media\/108255"}],"wp:attachment":[{"href":"https:\/\/casanha.com\/vi\/wp-json\/wp\/v2\/media?parent=108250"}],"wp:term":[{"taxonomy":"product_brand","embeddable":true,"href":"https:\/\/casanha.com\/vi\/wp-json\/wp\/v2\/product_brand?post=108250"},{"taxonomy":"product_cat","embeddable":true,"href":"https:\/\/casanha.com\/vi\/wp-json\/wp\/v2\/product_cat?post=108250"},{"taxonomy":"product_tag","embeddable":true,"href":"https:\/\/casanha.com\/vi\/wp-json\/wp\/v2\/product_tag?post=108250"}],"curies":[{"name":"wp","href":"https:\/\/api.w.org\/{rel}","templated":true}]}}