{"id":106304,"date":"2025-10-23T11:50:23","date_gmt":"2025-10-23T04:50:23","guid":{"rendered":"https:\/\/casanha.com\/product\/aldea-ban-ca-phe\/"},"modified":"2026-04-03T08:41:19","modified_gmt":"2026-04-03T01:41:19","slug":"aldea-ban-ca-phe","status":"publish","type":"product","link":"https:\/\/casanha.com\/vi\/san-pham\/aldea-ban-ca-phe\/","title":{"rendered":"ALDEA &#8211; B\u00c0N C\u00c0 PH\u00ca"},"content":{"rendered":"<p><strong>\u0110A D\u1ea0NG\/ <em>VARIETY<\/em><\/strong><\/p>\n<p data-start=\"71\" data-end=\"285\">Kh\u00f4ng c\u00f3 s\u1ef1 \u0111\u1ed3ng nh\u1ea5t. Thay \u0111\u1ed5i l\u00e0 \u0111i\u1ec1u kh\u00f4ng ng\u1eebng, v\u00e0 ch\u00fang t\u00f4i n\u1ed7 l\u1ef1c th\u00edch nghi v\u00e0 ph\u00e1t tri\u1ec3n b\u1eb1ng c\u00e1ch mang \u0111\u1ebfn m\u1ed9t lo\u1ea1t c\u00e1c s\u1ea3n ph\u1ea9m n\u1ed9i th\u1ea5t th\u1eddi th\u01b0\u1ee3ng, \u0111\u00e1p \u1ee9ng c\u1ea3m x\u00fac, \u00fd t\u01b0\u1edfng v\u00e0 nhu c\u1ea7u c\u1ee7a kh\u00e1ch hang\/ <em>The absence of uniformity. Change is constant and we strive to adapt and evolve by offering a wide range of trendy home goods that offer emotions, concepts, and needs.<\/em><\/p>\n<p><strong>IN QUEST OF INNOVATION &amp; CREATIVITY\/ <\/strong><strong><em>TRUY T\u00ccM S\u1ef0 \u0110\u1ed4I M\u1edaI &amp; S\u00c1NG T\u1ea0O<\/em><\/strong><\/p>\n<p>Casanh\u00e0 l\u00e0 m\u1ed9t c\u00f4ng ty c\u00f3 tr\u1ee5 s\u1edf t\u1ea1i S\u00e0i G\u00f2n, lu\u00f4n n\u1ed7 l\u1ef1c h\u1ee3p t\u00e1c c\u00f9ng c\u00e1c \u0111\u1ed1i t\u00e1c tr\u00ean to\u00e0n th\u1ebf gi\u1edbi \u0111\u1ec3 mang \u0111\u1ebfn nh\u1eefng s\u1ea3n ph\u1ea9m n\u1ed9i th\u1ea5t tinh t\u1ebf, ti\u1ec7n d\u1ee5ng, b\u1eaft k\u1ecbp xu h\u01b0\u1edbng hi\u1ec7n \u0111\u1ea1i nh\u01b0ng v\u1eabn gi\u1eef \u0111\u01b0\u1ee3c n\u00e9t truy\u1ec1n th\u1ed1ng c\u1ee7a g\u1ed7 t\u1ef1 nhi\u00ean v\u00e0 tay ngh\u1ec1 th\u1ee7 c\u00f4ng tinh x\u1ea3o. Ch\u00fang t\u00f4i tin r\u1eb1ng c\u00e1c s\u1ea3n ph\u1ea9m c\u1ee7a m\u00ecnh mang trong ch\u00fang n\u00e9t c\u00e1 t\u00ednh ri\u00eang bi\u1ec7t, \u0111\u01b0\u1ee3c t\u1ea1o n\u00ean t\u1eeb s\u1ef1 tr\u00e2n tr\u1ecdng ch\u1ea5t l\u01b0\u1ee3ng v\u00e0 kh\u00f4ng b\u1ecb r\u00e0ng bu\u1ed9c b\u1edfi gi\u00e1 c\u1ea3. Ch\u00ednh \u0111i\u1ec1u \u0111\u00f3 th\u1ec3 hi\u1ec7n c\u00e1ch ch\u00fang \u0111\u01b0\u1ee3c ch\u1ebf t\u00e1c v\u00e0 gi\u00fap ch\u00fang n\u1ed5i b\u1eadt gi\u1eefa th\u1ecb tr\u01b0\u1eddng hi\u1ec7n nay\/ <em>Casanh\u00e0 is a Saigon-based company that works tirelessly with partners all over the world to fulfill the need to have fine and well-functioned home goods with the latest in trend, combined with a traditional sense of fine woods and fine craftsmanship.We believe that our products have an inherent individuality, with the appreciation of quality and the lack of price constraints, revealing how they have been made, setting them apart from the current market.<\/em><\/p>","protected":false},"excerpt":{"rendered":"<p>Thanh l\u1ecbch v\u00e0 ti\u1ec7n d\u1ee5ng, b\u00e0n tr\u00e0 Aldea c\u00f3 m\u1eb7t k\u00ednh c\u01b0\u1eddng l\u1ef1c h\u00ecnh ch\u1eef nh\u1eadt, khung th\u00e9p m\u00e0u v\u00e0 hai ng\u0103n k\u00e9o gi\u1ea3 g\u1ed7 s\u1ed3i. C\u00e1c k\u1ec7 l\u00fd t\u01b0\u1edfng \u0111\u1ec3 \u0111\u1eb7t s\u00e1ch v\u00e0 t\u1ea1p ch\u00ed, trong khi c\u00e1c ng\u0103n k\u00e9o r\u1ed9ng r\u00e3i gi\u00fap c\u1ea5t gi\u1eef \u0111\u1ed3 \u0111\u1ea1c g\u1ecdn g\u00e0ng, t\u1ea1o kh\u00f4ng gian ph\u00f2ng kh\u00e1ch \u1ea5m \u00e1p v\u00e0 th\u00e2n thi\u1ec7n\/ <em>Elegant and functional, the Aldea coffee table features a rectangular tempered glass top, tinted steel frame, and two oak-effect drawers. Shelves are perfect for books and magazines, while spacious drawers keep belongings neatly out of sight, making it ideal for a warm, inviting living space.<\/em><\/p>\n<p><strong>Th\u00f4ng tin s\u1ea3n ph\u1ea9m\/\u00a0<em>Th\u00f4ng tin\u00a0<\/em><em>information<\/em><\/strong><br \/>\nM\u00e0u s\u1eafc\/\u00a0<em>M\u00e0u s\u1eafc<\/em>:\u00a0<span lang=\"VI\">T\u1ef1 nhi\u00ean &amp;\u00a0<\/span><span lang=\"VI\">\u0111en<\/span>\/<em>\u00a0Natural &amp; black<\/em><em><br \/>\n<\/em>Ch\u1ea5t li\u1ec7u\/\u00a0<em>Ch\u1ea5t li\u1ec7u\u00a0<\/em><br \/>\n\u0110\u1ee9ng \u0111\u1ea7u\/\u00a0<em>Top<\/em>: K\u00ednh, MDF &amp; veneer<span lang=\"EN-US\">\/<em>\u00a0Glass,\u00a0<\/em><em>MDF &amp; veneer<\/em><\/span><br \/>\nCh\u00e2n\/\u00a0<em>Leg(s):\u00a0<\/em><span lang=\"EN-US\">Kim lo\u1ea1i\/\u00a0<em>Metal<\/em><\/span><br \/>\nHo\u00e0n thi\u1ec7n\/\u00a0<em>Finishing<\/em>: Ch\u00e2n tr\u01a1n\/\u00a0<em>Smooth<\/em><br \/>\nK\u00edch th\u01b0\u1edbc\/\u00a0<em>K\u00edch th\u01b0\u1edbc:<\/em>: W120 x D60 x H40cm<\/p>\n<p>B\u1ed9 s\u01b0u t\u1eadp\/\u00a0<em>Collection<\/em>: Aldea line<br \/>\nPhong c\u00e1ch\/\u00a0<em>Phong c\u00e1ch<\/em>: Casanh\u00e0<\/p>\n<p>Ch\u00e2n c\u00f3 th\u1ec3 \u0111i\u1ec1u ch\u1ec9nh\/\u00a0<em>Adjustable legs<\/em>: Kh\u00f4ng\/\u00a0<em>No<\/em><\/p>\n<p>C\u00e2n n\u1eb7ng\/\u00a0<em>Weight<\/em>: 50.3kg<br \/>\nBao b\u00ec\/\u00a0<em>Packaging<\/em>: Standard<br \/>\nY\u00eau c\u1ea7u l\u1eafp r\u00e1p\/<em>Assembly required<\/em>: \u0110\u00fang\/\u00a0<em>Yes<\/em><\/p>\n<p>N\u01b0\u1edbc xu\u1ea5t x\u1ee9\/\u00a0<em>Country of origin<\/em>:\u00a0<span lang=\"VI\">Trung Qu\u1ed1c\/\u00a0<\/span><em><span lang=\"EN-US\">China<\/span><\/em><span lang=\"EN-US\"><em>\u00a0<\/em><\/span><\/p>","protected":false},"featured_media":106302,"comment_status":"open","ping_status":"closed","template":"","meta":[],"product_brand":[17],"product_cat":[2502,3054],"product_tag":[],"class_list":{"0":"post-106304","1":"product","2":"type-product","3":"status-publish","4":"has-post-thumbnail","6":"product_brand-casanha","7":"product_cat-coffee-table","8":"product_cat-tropindus","9":"product_shipping_class-heavy-packages","11":"first","12":"instock","13":"shipping-taxable","14":"purchasable","15":"product-type-simple"},"yoast_head":"<!-- This site is optimized with the Yoast SEO plugin v27.1.1 - https:\/\/yoast.com\/product\/yoast-seo-wordpress\/ -->\n<title>ALDEA - B\u00c0N C\u00c0 PH\u00ca - Casanha<\/title>\n<meta name=\"robots\" content=\"index, follow, max-snippet:-1, max-image-preview:large, max-video-preview:-1\" \/>\n<link rel=\"canonical\" href=\"https:\/\/casanha.com\/vi\/san-pham\/aldea-ban-ca-phe\/\" \/>\n<meta property=\"og:locale\" content=\"vi_VN\" \/>\n<meta property=\"og:type\" content=\"article\" \/>\n<meta property=\"og:title\" content=\"ALDEA - B\u00c0N C\u00c0 PH\u00ca - Casanha\" \/>\n<meta property=\"og:description\" content=\"Thanh l\u1ecbch v\u00e0 ti\u1ec7n d\u1ee5ng, b\u00e0n tr\u00e0 Aldea c\u00f3 m\u1eb7t k\u00ednh c\u01b0\u1eddng l\u1ef1c h\u00ecnh ch\u1eef nh\u1eadt, khung th\u00e9p m\u00e0u v\u00e0 hai ng\u0103n k\u00e9o gi\u1ea3 g\u1ed7 s\u1ed3i. C\u00e1c k\u1ec7 l\u00fd t\u01b0\u1edfng \u0111\u1ec3 \u0111\u1eb7t s\u00e1ch v\u00e0 t\u1ea1p ch\u00ed, trong khi c\u00e1c ng\u0103n k\u00e9o r\u1ed9ng r\u00e3i gi\u00fap c\u1ea5t gi\u1eef \u0111\u1ed3 \u0111\u1ea1c g\u1ecdn g\u00e0ng, t\u1ea1o kh\u00f4ng gian ph\u00f2ng kh\u00e1ch \u1ea5m \u00e1p v\u00e0 th\u00e2n thi\u1ec7n\/ Elegant and functional, the Aldea coffee table features a rectangular tempered glass top, tinted steel frame, and two oak-effect drawers. Shelves are perfect for books and magazines, while spacious drawers keep belongings neatly out of sight, making it ideal for a warm, inviting living space.  Th\u00f4ng tin s\u1ea3n ph\u1ea9m\/\u00a0Product\u00a0information M\u00e0u s\u1eafc\/\u00a0Color:\u00a0T\u1ef1 nhi\u00ean &amp;\u00a0\u0111en\/\u00a0Natural &amp; black Ch\u1ea5t li\u1ec7u\/\u00a0Materials\u00a0 \u0110\u1ee9ng \u0111\u1ea7u\/\u00a0Top: K\u00ednh, MDF &amp; veneer\/\u00a0Glass,\u00a0MDF &amp; veneer Ch\u00e2n\/\u00a0Leg(s):\u00a0Kim lo\u1ea1i\/\u00a0Metal Ho\u00e0n thi\u1ec7n\/\u00a0Finishing: Ch\u00e2n tr\u01a1n\/\u00a0Smooth K\u00edch th\u01b0\u1edbc\/\u00a0Dimensions: W120 x D60 x H40cm  B\u1ed9 s\u01b0u t\u1eadp\/\u00a0Collection: Aldea line Phong c\u00e1ch\/\u00a0Style: Casanh\u00e0  Ch\u00e2n c\u00f3 th\u1ec3 \u0111i\u1ec1u ch\u1ec9nh\/\u00a0Adjustable legs: Kh\u00f4ng\/\u00a0No  C\u00e2n n\u1eb7ng\/\u00a0Weight: 50.3kg Bao b\u00ec\/\u00a0Packaging: Standard Y\u00eau c\u1ea7u l\u1eafp r\u00e1p\/Assembly required: \u0110\u00fang\/\u00a0Yes  N\u01b0\u1edbc xu\u1ea5t x\u1ee9\/\u00a0Country of origin:\u00a0Trung Qu\u1ed1c\/\u00a0China\u00a0\" \/>\n<meta property=\"og:url\" content=\"https:\/\/casanha.com\/vi\/san-pham\/aldea-ban-ca-phe\/\" \/>\n<meta property=\"og:site_name\" content=\"Casanha\" \/>\n<meta property=\"article:publisher\" content=\"https:\/\/www.facebook.com\/CasanhaHome\" \/>\n<meta property=\"article:modified_time\" content=\"2026-04-03T01:41:19+00:00\" \/>\n<meta property=\"og:image\" content=\"https:\/\/casanha-beta.s3.ap-southeast-1.amazonaws.com\/2025\/10\/kiotviet_0c36c5171912e69427f0be8fcf8533ab.jpg\" \/>\n\t<meta property=\"og:image:width\" content=\"600\" \/>\n\t<meta property=\"og:image:height\" content=\"600\" \/>\n\t<meta property=\"og:image:type\" content=\"image\/jpeg\" \/>\n<meta name=\"twitter:card\" content=\"summary_large_image\" \/>\n<script type=\"application\/ld+json\" class=\"yoast-schema-graph\">{\"@context\":\"https:\/\/schema.org\",\"@graph\":[{\"@type\":\"WebPage\",\"@id\":\"https:\/\/casanha.com\/product\/aldea-ban-ca-phe\/\",\"url\":\"https:\/\/casanha.com\/product\/aldea-ban-ca-phe\/\",\"name\":\"ALDEA - B\u00c0N C\u00c0 PH\u00ca - Casanha\",\"isPartOf\":{\"@id\":\"https:\/\/casanha.com\/vi\/#website\"},\"primaryImageOfPage\":{\"@id\":\"https:\/\/casanha.com\/product\/aldea-ban-ca-phe\/#primaryimage\"},\"image\":{\"@id\":\"https:\/\/casanha.com\/product\/aldea-ban-ca-phe\/#primaryimage\"},\"thumbnailUrl\":\"https:\/\/casanha-beta.s3.ap-southeast-1.amazonaws.com\/2025\/10\/kiotviet_0c36c5171912e69427f0be8fcf8533ab.jpg\",\"datePublished\":\"2025-10-23T04:50:23+00:00\",\"dateModified\":\"2026-04-03T01:41:19+00:00\",\"breadcrumb\":{\"@id\":\"https:\/\/casanha.com\/product\/aldea-ban-ca-phe\/#breadcrumb\"},\"inLanguage\":\"vi\",\"potentialAction\":[{\"@type\":\"ReadAction\",\"target\":[\"https:\/\/casanha.com\/product\/aldea-ban-ca-phe\/\"]}]},{\"@type\":\"ImageObject\",\"inLanguage\":\"vi\",\"@id\":\"https:\/\/casanha.com\/product\/aldea-ban-ca-phe\/#primaryimage\",\"url\":\"https:\/\/casanha-beta.s3.ap-southeast-1.amazonaws.com\/2025\/10\/kiotviet_0c36c5171912e69427f0be8fcf8533ab.jpg\",\"contentUrl\":\"https:\/\/casanha-beta.s3.ap-southeast-1.amazonaws.com\/2025\/10\/kiotviet_0c36c5171912e69427f0be8fcf8533ab.jpg\",\"width\":600,\"height\":600},{\"@type\":\"BreadcrumbList\",\"@id\":\"https:\/\/casanha.com\/product\/aldea-ban-ca-phe\/#breadcrumb\",\"itemListElement\":[{\"@type\":\"ListItem\",\"position\":1,\"name\":\"Home\",\"item\":\"https:\/\/casanha.com\/\"},{\"@type\":\"ListItem\",\"position\":2,\"name\":\"C\u1eeda h\u00e0ng\",\"item\":\"https:\/\/casanha.com\/vi\/cua-hang\/\"},{\"@type\":\"ListItem\",\"position\":3,\"name\":\"ALDEA &#8211; B\u00c0N C\u00c0 PH\u00ca\"}]},{\"@type\":\"WebSite\",\"@id\":\"https:\/\/casanha.com\/vi\/#website\",\"url\":\"https:\/\/casanha.com\/vi\/\",\"name\":\"Casanha\",\"description\":\"Home Decor &amp; Furniture\",\"publisher\":{\"@id\":\"https:\/\/casanha.com\/vi\/#organization\"},\"potentialAction\":[{\"@type\":\"SearchAction\",\"target\":{\"@type\":\"EntryPoint\",\"urlTemplate\":\"https:\/\/casanha.com\/vi\/?s={search_term_string}\"},\"query-input\":{\"@type\":\"PropertyValueSpecification\",\"valueRequired\":true,\"valueName\":\"search_term_string\"}}],\"inLanguage\":\"vi\"},{\"@type\":\"Organization\",\"@id\":\"https:\/\/casanha.com\/vi\/#organization\",\"name\":\"Casanha\",\"url\":\"https:\/\/casanha.com\/vi\/\",\"logo\":{\"@type\":\"ImageObject\",\"inLanguage\":\"vi\",\"@id\":\"https:\/\/casanha.com\/vi\/#\/schema\/logo\/image\/\",\"url\":\"https:\/\/casanha-beta.s3.ap-southeast-1.amazonaws.com\/2026\/02\/logo-2026.jpg\",\"contentUrl\":\"https:\/\/casanha-beta.s3.ap-southeast-1.amazonaws.com\/2026\/02\/logo-2026.jpg\",\"width\":1500,\"height\":1500,\"caption\":\"Casanha\"},\"image\":{\"@id\":\"https:\/\/casanha.com\/vi\/#\/schema\/logo\/image\/\"},\"sameAs\":[\"https:\/\/www.facebook.com\/CasanhaHome\",\"https:\/\/www.instagram.com\/casanhahome\/\",\"https:\/\/www.youtube.com\/@casanha\",\"https:\/\/www.tiktok.com\/@casanha.com\",\"https:\/\/zalo.me\/casanhahome\"]}]}<\/script>\n<!-- \/ Yoast SEO plugin. -->","yoast_head_json":{"title":"ALDEA - B\u00c0N C\u00c0 PH\u00ca - Casanha","robots":{"index":"index","follow":"follow","max-snippet":"max-snippet:-1","max-image-preview":"max-image-preview:large","max-video-preview":"max-video-preview:-1"},"canonical":"https:\/\/casanha.com\/vi\/san-pham\/aldea-ban-ca-phe\/","og_locale":"vi_VN","og_type":"article","og_title":"ALDEA - B\u00c0N C\u00c0 PH\u00ca - Casanha","og_description":"Thanh l\u1ecbch v\u00e0 ti\u1ec7n d\u1ee5ng, b\u00e0n tr\u00e0 Aldea c\u00f3 m\u1eb7t k\u00ednh c\u01b0\u1eddng l\u1ef1c h\u00ecnh ch\u1eef nh\u1eadt, khung th\u00e9p m\u00e0u v\u00e0 hai ng\u0103n k\u00e9o gi\u1ea3 g\u1ed7 s\u1ed3i. C\u00e1c k\u1ec7 l\u00fd t\u01b0\u1edfng \u0111\u1ec3 \u0111\u1eb7t s\u00e1ch v\u00e0 t\u1ea1p ch\u00ed, trong khi c\u00e1c ng\u0103n k\u00e9o r\u1ed9ng r\u00e3i gi\u00fap c\u1ea5t gi\u1eef \u0111\u1ed3 \u0111\u1ea1c g\u1ecdn g\u00e0ng, t\u1ea1o kh\u00f4ng gian ph\u00f2ng kh\u00e1ch \u1ea5m \u00e1p v\u00e0 th\u00e2n thi\u1ec7n\/ Elegant and functional, the Aldea coffee table features a rectangular tempered glass top, tinted steel frame, and two oak-effect drawers. Shelves are perfect for books and magazines, while spacious drawers keep belongings neatly out of sight, making it ideal for a warm, inviting living space.  Th\u00f4ng tin s\u1ea3n ph\u1ea9m\/\u00a0Product\u00a0information M\u00e0u s\u1eafc\/\u00a0Color:\u00a0T\u1ef1 nhi\u00ean &amp;\u00a0\u0111en\/\u00a0Natural &amp; black Ch\u1ea5t li\u1ec7u\/\u00a0Materials\u00a0 \u0110\u1ee9ng \u0111\u1ea7u\/\u00a0Top: K\u00ednh, MDF &amp; veneer\/\u00a0Glass,\u00a0MDF &amp; veneer Ch\u00e2n\/\u00a0Leg(s):\u00a0Kim lo\u1ea1i\/\u00a0Metal Ho\u00e0n thi\u1ec7n\/\u00a0Finishing: Ch\u00e2n tr\u01a1n\/\u00a0Smooth K\u00edch th\u01b0\u1edbc\/\u00a0Dimensions: W120 x D60 x H40cm  B\u1ed9 s\u01b0u t\u1eadp\/\u00a0Collection: Aldea line Phong c\u00e1ch\/\u00a0Style: Casanh\u00e0  Ch\u00e2n c\u00f3 th\u1ec3 \u0111i\u1ec1u ch\u1ec9nh\/\u00a0Adjustable legs: Kh\u00f4ng\/\u00a0No  C\u00e2n n\u1eb7ng\/\u00a0Weight: 50.3kg Bao b\u00ec\/\u00a0Packaging: Standard Y\u00eau c\u1ea7u l\u1eafp r\u00e1p\/Assembly required: \u0110\u00fang\/\u00a0Yes  N\u01b0\u1edbc xu\u1ea5t x\u1ee9\/\u00a0Country of origin:\u00a0Trung Qu\u1ed1c\/\u00a0China\u00a0","og_url":"https:\/\/casanha.com\/vi\/san-pham\/aldea-ban-ca-phe\/","og_site_name":"Casanha","article_publisher":"https:\/\/www.facebook.com\/CasanhaHome","article_modified_time":"2026-04-03T01:41:19+00:00","og_image":[{"width":600,"height":600,"url":"https:\/\/casanha-beta.s3.ap-southeast-1.amazonaws.com\/2025\/10\/kiotviet_0c36c5171912e69427f0be8fcf8533ab.jpg","type":"image\/jpeg"}],"twitter_card":"summary_large_image","schema":{"@context":"https:\/\/schema.org","@graph":[{"@type":"WebPage","@id":"https:\/\/casanha.com\/product\/aldea-ban-ca-phe\/","url":"https:\/\/casanha.com\/product\/aldea-ban-ca-phe\/","name":"ALDEA - B\u00c0N C\u00c0 PH\u00ca - Casanha","isPartOf":{"@id":"https:\/\/casanha.com\/vi\/#website"},"primaryImageOfPage":{"@id":"https:\/\/casanha.com\/product\/aldea-ban-ca-phe\/#primaryimage"},"image":{"@id":"https:\/\/casanha.com\/product\/aldea-ban-ca-phe\/#primaryimage"},"thumbnailUrl":"https:\/\/casanha-beta.s3.ap-southeast-1.amazonaws.com\/2025\/10\/kiotviet_0c36c5171912e69427f0be8fcf8533ab.jpg","datePublished":"2025-10-23T04:50:23+00:00","dateModified":"2026-04-03T01:41:19+00:00","breadcrumb":{"@id":"https:\/\/casanha.com\/product\/aldea-ban-ca-phe\/#breadcrumb"},"inLanguage":"vi","potentialAction":[{"@type":"ReadAction","target":["https:\/\/casanha.com\/product\/aldea-ban-ca-phe\/"]}]},{"@type":"ImageObject","inLanguage":"vi","@id":"https:\/\/casanha.com\/product\/aldea-ban-ca-phe\/#primaryimage","url":"https:\/\/casanha-beta.s3.ap-southeast-1.amazonaws.com\/2025\/10\/kiotviet_0c36c5171912e69427f0be8fcf8533ab.jpg","contentUrl":"https:\/\/casanha-beta.s3.ap-southeast-1.amazonaws.com\/2025\/10\/kiotviet_0c36c5171912e69427f0be8fcf8533ab.jpg","width":600,"height":600},{"@type":"BreadcrumbList","@id":"https:\/\/casanha.com\/product\/aldea-ban-ca-phe\/#breadcrumb","itemListElement":[{"@type":"ListItem","position":1,"name":"Home","item":"https:\/\/casanha.com\/"},{"@type":"ListItem","position":2,"name":"C\u1eeda h\u00e0ng","item":"https:\/\/casanha.com\/vi\/cua-hang\/"},{"@type":"ListItem","position":3,"name":"ALDEA &#8211; B\u00c0N C\u00c0 PH\u00ca"}]},{"@type":"WebSite","@id":"https:\/\/casanha.com\/vi\/#website","url":"https:\/\/casanha.com\/vi\/","name":"Casanha","description":"Home Decor &amp; Furniture","publisher":{"@id":"https:\/\/casanha.com\/vi\/#organization"},"potentialAction":[{"@type":"SearchAction","target":{"@type":"EntryPoint","urlTemplate":"https:\/\/casanha.com\/vi\/?s={search_term_string}"},"query-input":{"@type":"PropertyValueSpecification","valueRequired":true,"valueName":"search_term_string"}}],"inLanguage":"vi"},{"@type":"Organization","@id":"https:\/\/casanha.com\/vi\/#organization","name":"Casanha","url":"https:\/\/casanha.com\/vi\/","logo":{"@type":"ImageObject","inLanguage":"vi","@id":"https:\/\/casanha.com\/vi\/#\/schema\/logo\/image\/","url":"https:\/\/casanha-beta.s3.ap-southeast-1.amazonaws.com\/2026\/02\/logo-2026.jpg","contentUrl":"https:\/\/casanha-beta.s3.ap-southeast-1.amazonaws.com\/2026\/02\/logo-2026.jpg","width":1500,"height":1500,"caption":"Casanha"},"image":{"@id":"https:\/\/casanha.com\/vi\/#\/schema\/logo\/image\/"},"sameAs":["https:\/\/www.facebook.com\/CasanhaHome","https:\/\/www.instagram.com\/casanhahome\/","https:\/\/www.youtube.com\/@casanha","https:\/\/www.tiktok.com\/@casanha.com","https:\/\/zalo.me\/casanhahome"]}]}},"_links":{"self":[{"href":"https:\/\/casanha.com\/vi\/wp-json\/wp\/v2\/product\/106304","targetHints":{"allow":["GET"]}}],"collection":[{"href":"https:\/\/casanha.com\/vi\/wp-json\/wp\/v2\/product"}],"about":[{"href":"https:\/\/casanha.com\/vi\/wp-json\/wp\/v2\/types\/product"}],"replies":[{"embeddable":true,"href":"https:\/\/casanha.com\/vi\/wp-json\/wp\/v2\/comments?post=106304"}],"version-history":[{"count":8,"href":"https:\/\/casanha.com\/vi\/wp-json\/wp\/v2\/product\/106304\/revisions"}],"predecessor-version":[{"id":111600,"href":"https:\/\/casanha.com\/vi\/wp-json\/wp\/v2\/product\/106304\/revisions\/111600"}],"wp:featuredmedia":[{"embeddable":true,"href":"https:\/\/casanha.com\/vi\/wp-json\/wp\/v2\/media\/106302"}],"wp:attachment":[{"href":"https:\/\/casanha.com\/vi\/wp-json\/wp\/v2\/media?parent=106304"}],"wp:term":[{"taxonomy":"product_brand","embeddable":true,"href":"https:\/\/casanha.com\/vi\/wp-json\/wp\/v2\/product_brand?post=106304"},{"taxonomy":"product_cat","embeddable":true,"href":"https:\/\/casanha.com\/vi\/wp-json\/wp\/v2\/product_cat?post=106304"},{"taxonomy":"product_tag","embeddable":true,"href":"https:\/\/casanha.com\/vi\/wp-json\/wp\/v2\/product_tag?post=106304"}],"curies":[{"name":"wp","href":"https:\/\/api.w.org\/{rel}","templated":true}]}}