{"id":92290,"date":"2025-05-27T14:55:15","date_gmt":"2025-05-27T07:55:15","guid":{"rendered":"https:\/\/casanha.com\/?page_id=92290"},"modified":"2025-09-22T12:25:39","modified_gmt":"2025-09-22T05:25:39","slug":"professional-hub","status":"publish","type":"page","link":"https:\/\/casanha.com\/vi\/professional-hub\/","title":{"rendered":"Professional Hub"},"content":{"rendered":"<div data-elementor-type=\"wp-page\" data-elementor-id=\"92290\" class=\"elementor elementor-92290\">\n\t\t\t\t<div class=\"wd-negative-gap elementor-element elementor-element-37613dc e-flex e-con-boxed e-con e-parent\" data-id=\"37613dc\" data-element_type=\"container\">\n\t\t\t\t\t<div class=\"e-con-inner\">\n\t\t\t\t<div class=\"elementor-element elementor-element-61933a8 wd-page-title-el elementor-widget elementor-widget-wd_page_title\" data-id=\"61933a8\" data-element_type=\"widget\" data-widget_type=\"wd_page_title.default\">\n\t\t\t\t<div class=\"elementor-widget-container\">\n\t\t\t\t\t\t\t\t\t<div class=\"wd-page-title page-title  page-title-default title-size-large title-design-default color-scheme-light\" style=\"\">\n\t\t\t\t\t<div class=\"container\">\n\t\t\t\t\t\t\t\t\t\t\t\t\t\t\t\t\t\t\t\t\t<h1 class=\"entry-title title\">\n\t\t\t\t\t\t\t\t\tProfessional Hub\t\t\t\t\t\t\t\t<\/h1>\n\n\t\t\t\t\t\t\t\t\t\t\t\t\t\t\t\n\t\t\t\t\t\t\t\t\t\t\t\t\t\t\t<nav class=\"wd-breadcrumbs\"><span typeof=\"v:Breadcrumb\"><a href=\"https:\/\/casanha.com\/vi\/\" rel=\"v:url\" property=\"v:title\">Home<\/a><\/span><span class=\"wd-delimiter\"><\/span><span class=\"wd-last\">Trang<\/span><\/nav>\t\t\t\t\t\t\t\t\t\t\t\t\t\t\t\t\t\t<\/div>\n\t\t\t\t<\/div>\n\t\t\t\t\t\t\t<\/div>\n\t\t\t\t<\/div>\n\t\t\t\t<div class=\"elementor-element elementor-element-b479e89 elementor-widget elementor-widget-wd_text_block\" data-id=\"b479e89\" data-element_type=\"widget\" data-widget_type=\"wd_text_block.default\">\n\t\t\t\t<div class=\"elementor-widget-container\">\n\t\t\t\t\t\t\t<div class=\"wd-text-block reset-last-child text-left\">\n\t\t\t\n\t\t\t<p data-start=\"251\" data-end=\"340\">Ki\u1ebfn t\u1ea1o kh\u00f4ng gian s\u1ed1ng \u0111\u1ea7y c\u1ea3m h\u1ee9ng<\/p><p data-start=\"342\" data-end=\"707\">Casanha Professional Hub l\u00e0 n\u1ec1n t\u1ea3ng chuy\u00ean bi\u1ec7t c\u1ee7a Casanha, n\u01a1i k\u1ebft n\u1ed1i <strong data-start=\"407\" data-end=\"464\">ki\u1ebfn tr\u00fac s\u01b0, nh\u00e0 thi\u1ebft k\u1ebf n\u1ed9i th\u1ea5t v\u00e0 chuy\u00ean gia ng\u00e0nh F&amp;B<\/strong> v\u1edbi kh\u00e1ch h\u00e0ng \u0111ang t\u00ecm ki\u1ebfm gi\u1ea3i ph\u00e1p kh\u00f4ng gian s\u1ed1ng v\u00e0 kinh doanh \u0111\u1eb3ng c\u1ea5p, tinh t\u1ebf. D\u00f9 b\u1ea1n \u0111ang thi\u1ebft k\u1ebf m\u1ed9t t\u1ed5 \u1ea5m, d\u00e9cor qu\u00e1n caf\u00e9 boutique, hay t\u1ea1o n\u00ean m\u1ed9t kh\u00f4ng gian \u1ea9m th\u1ef1c \u0111\u1ed9c \u0111\u00e1o \u2013 Casanha \u0111\u00f3ng vai tr\u00f2 c\u1ea7u n\u1ed1i gi\u1eefa t\u1ea7m nh\u00ecn s\u00e1ng t\u1ea1o c\u1ee7a b\u1ea1n v\u00e0 kh\u00e1ch h\u00e0ng \u0111ang c\u1ea7n \u0111\u1ebfn n\u00f3.<\/p><p data-start=\"709\" data-end=\"745\"><strong data-start=\"960\" data-end=\"1045\">Join a network where creativity is celebrated, and great design is made personal.<\/strong><\/p><p data-start=\"960\" data-end=\"1163\">Casanha Professional Hub \u2013 n\u01a1i t\u00f4n vinh s\u00e1ng t\u1ea1o v\u00e0 k\u1ebft n\u1ed1i nh\u1eefng ng\u01b0\u1eddi t\u1ea1o ra kh\u00f4ng gian s\u1ed1ng \u0111\u1ea7y c\u1ea3m x\u00fac.<br \/><br \/><\/p>\n\t\t\t\t\t<\/div>\n\t\t\t\t\t\t<\/div>\n\t\t\t\t<\/div>\n\t\t\t\t<div class=\"elementor-element elementor-element-11fcb98 wd-width-100 elementor-widget elementor-widget-wd_title\" data-id=\"11fcb98\" data-element_type=\"widget\" data-widget_type=\"wd_title.default\">\n\t\t\t\t<div class=\"elementor-widget-container\">\n\t\t\t\t\t\t\t<div class=\"title-wrapper wd-set-mb reset-last-child wd-title-color-default wd-title-style-default wd-title-size-default text-center\">\n\n\t\t\t\n\t\t\t<div class=\"liner-continer\">\n\t\t\t\t<h4 class=\"woodmart-title-container title wd-fontsize-l\">Meet our Professionals<\/h4> \n\t\t\t\t\t\t\t<\/div>\n\n\t\t\t\t\t<\/div>\n\t\t\t\t\t\t<\/div>\n\t\t\t\t<\/div>\n\t\t\t\t\t<\/div>\n\t\t\t\t<\/div>\n\t\t<div class=\"wd-negative-gap elementor-element elementor-element-815857e e-grid e-con-boxed e-con e-parent\" data-id=\"815857e\" data-element_type=\"container\">\n\t\t\t\t\t<div class=\"e-con-inner\">\n\t\t\t\t<div class=\"elementor-element elementor-element-d7fe1e7 elementor-widget elementor-widget-image\" data-id=\"d7fe1e7\" data-element_type=\"widget\" data-widget_type=\"image.default\">\n\t\t\t\t<div class=\"elementor-widget-container\">\n\t\t\t\t\t\t\t\t\t\t\t\t\t\t\t\t<a href=\"https:\/\/casanha.com\/vi\/professional-hub-2\/studio-duo\/\">\n\t\t\t\t\t\t\t<img fetchpriority=\"high\" decoding=\"async\" width=\"1024\" height=\"819\" src=\"https:\/\/casanha-beta.s3.ap-southeast-1.amazonaws.com\/2025\/05\/Studio-Duo-Logo-1-1024x819.jpg\" class=\"attachment-large size-large wp-image-92282 wp-post-image\" alt=\"\" \/>\t\t\t\t\t\t\t\t<\/a>\n\t\t\t\t\t\t\t\t\t\t\t\t\t\t\t<\/div>\n\t\t\t\t<\/div>\n\t\t\t\t<div class=\"elementor-element elementor-element-73d6507 elementor-widget elementor-widget-image\" data-id=\"73d6507\" data-element_type=\"widget\" data-widget_type=\"image.default\">\n\t\t\t\t<div class=\"elementor-widget-container\">\n\t\t\t\t\t\t\t\t\t\t\t\t\t\t\t\t<a href=\"https:\/\/casanha.com\/vi\/professional-hub\/meiramaya-design\/\">\n\t\t\t\t\t\t\t<img decoding=\"async\" width=\"677\" height=\"139\" src=\"https:\/\/casanha-beta.s3.ap-southeast-1.amazonaws.com\/2025\/06\/Meiramaya-Logo.png\" class=\"attachment-large size-large wp-image-101822 wp-post-image\" alt=\"\" \/>\t\t\t\t\t\t\t\t<\/a>\n\t\t\t\t\t\t\t\t\t\t\t\t\t\t\t<\/div>\n\t\t\t\t<\/div>\n\t\t\t\t\t<\/div>\n\t\t\t\t<\/div>\n\t\t\t\t<\/div>","protected":false},"excerpt":{"rendered":"<p>Professional Hub HomePage A curated space where design meets connection. Casanha Professional Hub is our dedicated platform that connects architects,<\/p>","protected":false},"author":1846,"featured_media":0,"parent":0,"menu_order":0,"comment_status":"closed","ping_status":"closed","template":"","meta":{"footnotes":""},"class_list":["post-92290","page","type-page","status-publish","hentry"],"yoast_head":"<!-- This site is optimized with the Yoast SEO plugin v27.1.1 - https:\/\/yoast.com\/product\/yoast-seo-wordpress\/ -->\n<title>Professional Hub - Casanha<\/title>\n<meta name=\"robots\" content=\"index, follow, max-snippet:-1, max-image-preview:large, max-video-preview:-1\" \/>\n<link rel=\"canonical\" href=\"https:\/\/casanha.com\/vi\/professional-hub\/\" \/>\n<meta property=\"og:locale\" content=\"vi_VN\" \/>\n<meta property=\"og:type\" content=\"article\" \/>\n<meta property=\"og:title\" content=\"Professional Hub - Casanha\" \/>\n<meta property=\"og:description\" content=\"Professional Hub HomePage A curated space where design meets connection. Casanha Professional Hub is our dedicated platform that connects architects,\" \/>\n<meta property=\"og:url\" content=\"https:\/\/casanha.com\/vi\/professional-hub\/\" \/>\n<meta property=\"og:site_name\" content=\"Casanha\" \/>\n<meta property=\"article:publisher\" content=\"https:\/\/www.facebook.com\/CasanhaHome\" \/>\n<meta property=\"article:modified_time\" content=\"2025-09-22T05:25:39+00:00\" \/>\n<meta property=\"og:image\" content=\"https:\/\/casanha.com\/wp-content\/uploads\/2025\/05\/Studio-Duo-Logo-1-1024x819.jpg\" \/>\n<meta name=\"twitter:card\" content=\"summary_large_image\" \/>\n<script type=\"application\/ld+json\" class=\"yoast-schema-graph\">{\"@context\":\"https:\/\/schema.org\",\"@graph\":[{\"@type\":\"WebPage\",\"@id\":\"https:\/\/casanha.com\/en\/professional-hub\/\",\"url\":\"https:\/\/casanha.com\/en\/professional-hub\/\",\"name\":\"Professional Hub - Casanha\",\"isPartOf\":{\"@id\":\"https:\/\/casanha.com\/vi\/#website\"},\"primaryImageOfPage\":{\"@id\":\"https:\/\/casanha.com\/en\/professional-hub\/#primaryimage\"},\"image\":{\"@id\":\"https:\/\/casanha.com\/en\/professional-hub\/#primaryimage\"},\"thumbnailUrl\":\"https:\/\/casanha.com\/wp-content\/uploads\/2025\/05\/Studio-Duo-Logo-1-1024x819.jpg\",\"datePublished\":\"2025-05-27T07:55:15+00:00\",\"dateModified\":\"2025-09-22T05:25:39+00:00\",\"breadcrumb\":{\"@id\":\"https:\/\/casanha.com\/en\/professional-hub\/#breadcrumb\"},\"inLanguage\":\"vi\",\"potentialAction\":[{\"@type\":\"ReadAction\",\"target\":[\"https:\/\/casanha.com\/en\/professional-hub\/\"]}]},{\"@type\":\"ImageObject\",\"inLanguage\":\"vi\",\"@id\":\"https:\/\/casanha.com\/en\/professional-hub\/#primaryimage\",\"url\":\"https:\/\/casanha.com\/wp-content\/uploads\/2025\/05\/Studio-Duo-Logo-1-1024x819.jpg\",\"contentUrl\":\"https:\/\/casanha.com\/wp-content\/uploads\/2025\/05\/Studio-Duo-Logo-1-1024x819.jpg\"},{\"@type\":\"BreadcrumbList\",\"@id\":\"https:\/\/casanha.com\/en\/professional-hub\/#breadcrumb\",\"itemListElement\":[{\"@type\":\"ListItem\",\"position\":1,\"name\":\"Home\",\"item\":\"https:\/\/casanha.com\/\"},{\"@type\":\"ListItem\",\"position\":2,\"name\":\"Professional Hub\"}]},{\"@type\":\"WebSite\",\"@id\":\"https:\/\/casanha.com\/vi\/#website\",\"url\":\"https:\/\/casanha.com\/vi\/\",\"name\":\"Casanha\",\"description\":\"Home Decor &amp; Furniture\",\"publisher\":{\"@id\":\"https:\/\/casanha.com\/vi\/#organization\"},\"potentialAction\":[{\"@type\":\"SearchAction\",\"target\":{\"@type\":\"EntryPoint\",\"urlTemplate\":\"https:\/\/casanha.com\/vi\/?s={search_term_string}\"},\"query-input\":{\"@type\":\"PropertyValueSpecification\",\"valueRequired\":true,\"valueName\":\"search_term_string\"}}],\"inLanguage\":\"vi\"},{\"@type\":\"Organization\",\"@id\":\"https:\/\/casanha.com\/vi\/#organization\",\"name\":\"Casanha\",\"url\":\"https:\/\/casanha.com\/vi\/\",\"logo\":{\"@type\":\"ImageObject\",\"inLanguage\":\"vi\",\"@id\":\"https:\/\/casanha.com\/vi\/#\/schema\/logo\/image\/\",\"url\":\"https:\/\/casanha-beta.s3.ap-southeast-1.amazonaws.com\/2026\/02\/logo-2026.jpg\",\"contentUrl\":\"https:\/\/casanha-beta.s3.ap-southeast-1.amazonaws.com\/2026\/02\/logo-2026.jpg\",\"width\":1500,\"height\":1500,\"caption\":\"Casanha\"},\"image\":{\"@id\":\"https:\/\/casanha.com\/vi\/#\/schema\/logo\/image\/\"},\"sameAs\":[\"https:\/\/www.facebook.com\/CasanhaHome\",\"https:\/\/www.instagram.com\/casanhahome\/\",\"https:\/\/www.youtube.com\/@casanha\",\"https:\/\/www.tiktok.com\/@casanha.com\",\"https:\/\/zalo.me\/casanhahome\"]}]}<\/script>\n<!-- \/ Yoast SEO plugin. -->","yoast_head_json":{"title":"Professional Hub - Casanha","robots":{"index":"index","follow":"follow","max-snippet":"max-snippet:-1","max-image-preview":"max-image-preview:large","max-video-preview":"max-video-preview:-1"},"canonical":"https:\/\/casanha.com\/vi\/professional-hub\/","og_locale":"vi_VN","og_type":"article","og_title":"Professional Hub - Casanha","og_description":"Professional Hub HomePage A curated space where design meets connection. Casanha Professional Hub is our dedicated platform that connects architects,","og_url":"https:\/\/casanha.com\/vi\/professional-hub\/","og_site_name":"Casanha","article_publisher":"https:\/\/www.facebook.com\/CasanhaHome","article_modified_time":"2025-09-22T05:25:39+00:00","og_image":[{"url":"https:\/\/casanha.com\/wp-content\/uploads\/2025\/05\/Studio-Duo-Logo-1-1024x819.jpg","type":"","width":"","height":""}],"twitter_card":"summary_large_image","schema":{"@context":"https:\/\/schema.org","@graph":[{"@type":"WebPage","@id":"https:\/\/casanha.com\/en\/professional-hub\/","url":"https:\/\/casanha.com\/en\/professional-hub\/","name":"Professional Hub - Casanha","isPartOf":{"@id":"https:\/\/casanha.com\/vi\/#website"},"primaryImageOfPage":{"@id":"https:\/\/casanha.com\/en\/professional-hub\/#primaryimage"},"image":{"@id":"https:\/\/casanha.com\/en\/professional-hub\/#primaryimage"},"thumbnailUrl":"https:\/\/casanha.com\/wp-content\/uploads\/2025\/05\/Studio-Duo-Logo-1-1024x819.jpg","datePublished":"2025-05-27T07:55:15+00:00","dateModified":"2025-09-22T05:25:39+00:00","breadcrumb":{"@id":"https:\/\/casanha.com\/en\/professional-hub\/#breadcrumb"},"inLanguage":"vi","potentialAction":[{"@type":"ReadAction","target":["https:\/\/casanha.com\/en\/professional-hub\/"]}]},{"@type":"ImageObject","inLanguage":"vi","@id":"https:\/\/casanha.com\/en\/professional-hub\/#primaryimage","url":"https:\/\/casanha.com\/wp-content\/uploads\/2025\/05\/Studio-Duo-Logo-1-1024x819.jpg","contentUrl":"https:\/\/casanha.com\/wp-content\/uploads\/2025\/05\/Studio-Duo-Logo-1-1024x819.jpg"},{"@type":"BreadcrumbList","@id":"https:\/\/casanha.com\/en\/professional-hub\/#breadcrumb","itemListElement":[{"@type":"ListItem","position":1,"name":"Home","item":"https:\/\/casanha.com\/"},{"@type":"ListItem","position":2,"name":"Professional Hub"}]},{"@type":"WebSite","@id":"https:\/\/casanha.com\/vi\/#website","url":"https:\/\/casanha.com\/vi\/","name":"Casanha","description":"Home Decor &amp; Furniture","publisher":{"@id":"https:\/\/casanha.com\/vi\/#organization"},"potentialAction":[{"@type":"SearchAction","target":{"@type":"EntryPoint","urlTemplate":"https:\/\/casanha.com\/vi\/?s={search_term_string}"},"query-input":{"@type":"PropertyValueSpecification","valueRequired":true,"valueName":"search_term_string"}}],"inLanguage":"vi"},{"@type":"Organization","@id":"https:\/\/casanha.com\/vi\/#organization","name":"Casanha","url":"https:\/\/casanha.com\/vi\/","logo":{"@type":"ImageObject","inLanguage":"vi","@id":"https:\/\/casanha.com\/vi\/#\/schema\/logo\/image\/","url":"https:\/\/casanha-beta.s3.ap-southeast-1.amazonaws.com\/2026\/02\/logo-2026.jpg","contentUrl":"https:\/\/casanha-beta.s3.ap-southeast-1.amazonaws.com\/2026\/02\/logo-2026.jpg","width":1500,"height":1500,"caption":"Casanha"},"image":{"@id":"https:\/\/casanha.com\/vi\/#\/schema\/logo\/image\/"},"sameAs":["https:\/\/www.facebook.com\/CasanhaHome","https:\/\/www.instagram.com\/casanhahome\/","https:\/\/www.youtube.com\/@casanha","https:\/\/www.tiktok.com\/@casanha.com","https:\/\/zalo.me\/casanhahome"]}]}},"_links":{"self":[{"href":"https:\/\/casanha.com\/vi\/wp-json\/wp\/v2\/pages\/92290","targetHints":{"allow":["GET"]}}],"collection":[{"href":"https:\/\/casanha.com\/vi\/wp-json\/wp\/v2\/pages"}],"about":[{"href":"https:\/\/casanha.com\/vi\/wp-json\/wp\/v2\/types\/page"}],"author":[{"embeddable":true,"href":"https:\/\/casanha.com\/vi\/wp-json\/wp\/v2\/users\/1846"}],"replies":[{"embeddable":true,"href":"https:\/\/casanha.com\/vi\/wp-json\/wp\/v2\/comments?post=92290"}],"version-history":[{"count":23,"href":"https:\/\/casanha.com\/vi\/wp-json\/wp\/v2\/pages\/92290\/revisions"}],"predecessor-version":[{"id":104599,"href":"https:\/\/casanha.com\/vi\/wp-json\/wp\/v2\/pages\/92290\/revisions\/104599"}],"wp:attachment":[{"href":"https:\/\/casanha.com\/vi\/wp-json\/wp\/v2\/media?parent=92290"}],"curies":[{"name":"wp","href":"https:\/\/api.w.org\/{rel}","templated":true}]}}