{"id":75552,"date":"2025-03-29T20:04:29","date_gmt":"2025-03-29T13:04:29","guid":{"rendered":"http:\/\/casanha.test\/?page_id=72653"},"modified":"2025-03-29T20:04:29","modified_gmt":"2025-03-29T13:04:29","slug":"warranty-policy-2","status":"publish","type":"page","link":"https:\/\/casanha.com\/vi\/warranty-policy-2\/","title":{"rendered":"Ch\u00ednh s\u00e1ch b\u1ea3o h\u00e0nh"},"content":{"rendered":"<h5 class=\"wp-block-heading\"><strong>Ch\u00ednh s\u00e1ch B\u1ea3o h\u00e0nh<\/strong><\/h5>\n\n\n\n<p>CASANHA \u00e1p d\u1ee5ng ch\u00ednh s\u00e1ch b\u1ea3o h\u00e0nh 12 th\u00e1ng \u0111\u1ed1i v\u1edbi t\u1ea5t c\u1ea3 \u0111\u1ed3 n\u1ed9i th\u1ea5t v\u00e0 1 th\u00e1ng \u0111\u1ed1i v\u1edbi c\u00e1c s\u1ea3n ph\u1ea9m trang tr\u00ed. B\u1ea3o h\u00e0nh ch\u1ec9 \u0111\u01b0\u1ee3c \u00e1p d\u1ee5ng v\u1edbi s\u1ea3n ph\u1ea9m b\u1ecb h\u01b0 h\u1ecfng do l\u1ed7i c\u1ee7a nh\u00e0 s\u1ea3n xu\u1ea5t. Kh\u00f4ng bao g\u1ed3m b\u1ea5t k\u1ef3 thi\u1ec7t h\u1ea1i sau khi mua, ho\u1eb7c khi\u1ebfm khuy\u1ebft v\u00e0 h\u01b0 h\u1ecfng do s\u1ea3n ph\u1ea9m kh\u00f4ng \u0111\u01b0\u1ee3c s\u1eed d\u1ee5ng v\u00e0 b\u1ea3o qu\u1ea3n \u0111\u00fang c\u00e1ch, \u0111\u1ed1m b\u1ea9n tr\u00ean s\u1ea3n ph\u1ea9m do n\u01b0\u1edbc, r\u01b0\u1ee3u, d\u1ea7u\u2026<\/p>\n\n\n\n<p>Ch\u00fang t\u00f4i c\u00f3 quy\u1ec1n t\u1eeb ch\u1ed1i b\u1ea3o h\u00e0nh \u0111\u1ed1i v\u1edbi c\u00e1c s\u1ea3n ph\u1ea9m kh\u00f4ng \u0111\u01b0\u1ee3c b\u1ea3o qu\u1ea3n v\u00e0 s\u1eed d\u1ee5ng \u0111\u00fang c\u00e1ch. Kh\u00f4ng \u00e1p d\u1ee5ng b\u1ea3o h\u00e0nh \u0111\u1ed1i v\u1edbi c\u00e1c s\u1ea3n ph\u1ea9m gi\u1ea3m gi\u00e1.<\/p>\n\n\n\n<p>Ch\u00ednh s\u00e1ch b\u1ea3o h\u00e0nh c\u00f3 hi\u1ec7u l\u1ef1c t\u1eeb ng\u00e0y nh\u1eadn h\u00e0ng v\u00e0 ch\u1ec9 ch\u1ea5p nh\u1eadn h\u00f3a \u0111\u01a1n g\u1ed1c.<\/p>\n\n\n\n<p>Do quy tr\u00ecnh s\u1ea3n xu\u1ea5t th\u1ee7 c\u00f4ng v\u00e0 \u0111\u1eb7c t\u00ednh t\u1ef1 nhi\u00ean c\u1ee7a ch\u1ea5t li\u1ec7u (g\u1ed7, b\u00ea t\u00f4ng), s\u1ea3n ph\u1ea9m s\u1ebd c\u00f3 s\u1ef1 ch\u00eanh l\u1ec7ch kh\u00f4ng \u0111\u00e1ng k\u1ec3 v\u1ec1 m\u00e0u s\u1eafc v\u00e0 v\u00e2n g\u1ed7 t\u1ef1 nhi\u00ean mang l\u1ea1i cho s\u1ea3n ph\u1ea9m c\u1ee7a b\u1ea1n v\u1ebb ngo\u00e0i \u0111\u1eb7c tr\u01b0ng, \u0111i\u1ec1u n\u00e0y kh\u00f4ng \u0111\u01b0\u1ee3c coi l\u00e0 khuy\u1ebft \u0111i\u1ec3m hay l\u1ed7i s\u1ea3n ph\u1ea9m.<\/p>\n\n\n\n<h5 class=\"wp-block-heading\">Vui l\u00f2ng \u0111\u1ecdc k\u1ef9&nbsp;<em><strong>\u0110i\u1ec1u kho\u1ea3n v\u00e0 \u0110i\u1ec1u ki\u1ec7n<\/strong><\/em>&nbsp;<a href=\"https:\/\/casanha.com\/vi\/terms-and-conditions\/\">t\u1ea1i \u0111\u00e2y<\/a>!<\/h5>","protected":false},"excerpt":{"rendered":"<p>Ch\u00ednh s\u00e1ch B\u1ea3o h\u00e0nh CASANHA \u00e1p d\u1ee5ng ch\u00ednh s\u00e1ch b\u1ea3o h\u00e0nh 12 th\u00e1ng \u0111\u1ed1i v\u1edbi t\u1ea5t c\u1ea3 \u0111\u1ed3 n\u1ed9i th\u1ea5t<\/p>","protected":false},"author":1874,"featured_media":0,"parent":0,"menu_order":0,"comment_status":"closed","ping_status":"closed","template":"","meta":{"footnotes":""},"class_list":["post-75552","page","type-page","status-publish","hentry"],"yoast_head":"<!-- This site is optimized with the Yoast SEO plugin v27.1.1 - https:\/\/yoast.com\/product\/yoast-seo-wordpress\/ -->\n<title>Warranty Policy - Casanha<\/title>\n<meta name=\"robots\" content=\"index, follow, max-snippet:-1, max-image-preview:large, max-video-preview:-1\" \/>\n<link rel=\"canonical\" href=\"https:\/\/casanha.com\/vi\/warranty-policy-2\/\" \/>\n<meta property=\"og:locale\" content=\"vi_VN\" \/>\n<meta property=\"og:type\" content=\"article\" \/>\n<meta property=\"og:title\" content=\"Warranty Policy - Casanha\" \/>\n<meta property=\"og:description\" content=\"Ch\u00ednh s\u00e1ch B\u1ea3o h\u00e0nh CASANHA \u00e1p d\u1ee5ng ch\u00ednh s\u00e1ch b\u1ea3o h\u00e0nh 12 th\u00e1ng \u0111\u1ed1i v\u1edbi t\u1ea5t c\u1ea3 \u0111\u1ed3 n\u1ed9i th\u1ea5t\" \/>\n<meta property=\"og:url\" content=\"https:\/\/casanha.com\/vi\/warranty-policy-2\/\" \/>\n<meta property=\"og:site_name\" content=\"Casanha\" \/>\n<meta property=\"article:publisher\" content=\"https:\/\/www.facebook.com\/CasanhaHome\" \/>\n<meta name=\"twitter:card\" content=\"summary_large_image\" \/>\n<script type=\"application\/ld+json\" class=\"yoast-schema-graph\">{\"@context\":\"https:\/\/schema.org\",\"@graph\":[{\"@type\":\"WebPage\",\"@id\":\"https:\/\/casanha.com\/vi\/warranty-policy-2\/\",\"url\":\"https:\/\/casanha.com\/vi\/warranty-policy-2\/\",\"name\":\"Warranty Policy - Casanha\",\"isPartOf\":{\"@id\":\"https:\/\/casanha.com\/vi\/#website\"},\"datePublished\":\"2025-03-29T13:04:29+00:00\",\"breadcrumb\":{\"@id\":\"https:\/\/casanha.com\/vi\/warranty-policy-2\/#breadcrumb\"},\"inLanguage\":\"vi\",\"potentialAction\":[{\"@type\":\"ReadAction\",\"target\":[\"https:\/\/casanha.com\/vi\/warranty-policy-2\/\"]}]},{\"@type\":\"BreadcrumbList\",\"@id\":\"https:\/\/casanha.com\/vi\/warranty-policy-2\/#breadcrumb\",\"itemListElement\":[{\"@type\":\"ListItem\",\"position\":1,\"name\":\"Home\",\"item\":\"https:\/\/casanha.com\/\"},{\"@type\":\"ListItem\",\"position\":2,\"name\":\"Warranty Policy\"}]},{\"@type\":\"WebSite\",\"@id\":\"https:\/\/casanha.com\/vi\/#website\",\"url\":\"https:\/\/casanha.com\/vi\/\",\"name\":\"Casanha\",\"description\":\"Home Decor &amp; Furniture\",\"publisher\":{\"@id\":\"https:\/\/casanha.com\/vi\/#organization\"},\"potentialAction\":[{\"@type\":\"SearchAction\",\"target\":{\"@type\":\"EntryPoint\",\"urlTemplate\":\"https:\/\/casanha.com\/vi\/?s={search_term_string}\"},\"query-input\":{\"@type\":\"PropertyValueSpecification\",\"valueRequired\":true,\"valueName\":\"search_term_string\"}}],\"inLanguage\":\"vi\"},{\"@type\":\"Organization\",\"@id\":\"https:\/\/casanha.com\/vi\/#organization\",\"name\":\"Casanha\",\"url\":\"https:\/\/casanha.com\/vi\/\",\"logo\":{\"@type\":\"ImageObject\",\"inLanguage\":\"vi\",\"@id\":\"https:\/\/casanha.com\/vi\/#\/schema\/logo\/image\/\",\"url\":\"https:\/\/casanha-beta.s3.ap-southeast-1.amazonaws.com\/2026\/02\/logo-2026.jpg\",\"contentUrl\":\"https:\/\/casanha-beta.s3.ap-southeast-1.amazonaws.com\/2026\/02\/logo-2026.jpg\",\"width\":1500,\"height\":1500,\"caption\":\"Casanha\"},\"image\":{\"@id\":\"https:\/\/casanha.com\/vi\/#\/schema\/logo\/image\/\"},\"sameAs\":[\"https:\/\/www.facebook.com\/CasanhaHome\",\"https:\/\/www.instagram.com\/casanhahome\/\",\"https:\/\/www.youtube.com\/@casanha\",\"https:\/\/www.tiktok.com\/@casanha.com\",\"https:\/\/zalo.me\/casanhahome\"]}]}<\/script>\n<!-- \/ Yoast SEO plugin. -->","yoast_head_json":{"title":"Warranty Policy - Casanha","robots":{"index":"index","follow":"follow","max-snippet":"max-snippet:-1","max-image-preview":"max-image-preview:large","max-video-preview":"max-video-preview:-1"},"canonical":"https:\/\/casanha.com\/vi\/warranty-policy-2\/","og_locale":"vi_VN","og_type":"article","og_title":"Warranty Policy - Casanha","og_description":"Ch\u00ednh s\u00e1ch B\u1ea3o h\u00e0nh CASANHA \u00e1p d\u1ee5ng ch\u00ednh s\u00e1ch b\u1ea3o h\u00e0nh 12 th\u00e1ng \u0111\u1ed1i v\u1edbi t\u1ea5t c\u1ea3 \u0111\u1ed3 n\u1ed9i th\u1ea5t","og_url":"https:\/\/casanha.com\/vi\/warranty-policy-2\/","og_site_name":"Casanha","article_publisher":"https:\/\/www.facebook.com\/CasanhaHome","twitter_card":"summary_large_image","schema":{"@context":"https:\/\/schema.org","@graph":[{"@type":"WebPage","@id":"https:\/\/casanha.com\/vi\/warranty-policy-2\/","url":"https:\/\/casanha.com\/vi\/warranty-policy-2\/","name":"Warranty Policy - Casanha","isPartOf":{"@id":"https:\/\/casanha.com\/vi\/#website"},"datePublished":"2025-03-29T13:04:29+00:00","breadcrumb":{"@id":"https:\/\/casanha.com\/vi\/warranty-policy-2\/#breadcrumb"},"inLanguage":"vi","potentialAction":[{"@type":"ReadAction","target":["https:\/\/casanha.com\/vi\/warranty-policy-2\/"]}]},{"@type":"BreadcrumbList","@id":"https:\/\/casanha.com\/vi\/warranty-policy-2\/#breadcrumb","itemListElement":[{"@type":"ListItem","position":1,"name":"Home","item":"https:\/\/casanha.com\/"},{"@type":"ListItem","position":2,"name":"Warranty Policy"}]},{"@type":"WebSite","@id":"https:\/\/casanha.com\/vi\/#website","url":"https:\/\/casanha.com\/vi\/","name":"Casanha","description":"Home Decor &amp; Furniture","publisher":{"@id":"https:\/\/casanha.com\/vi\/#organization"},"potentialAction":[{"@type":"SearchAction","target":{"@type":"EntryPoint","urlTemplate":"https:\/\/casanha.com\/vi\/?s={search_term_string}"},"query-input":{"@type":"PropertyValueSpecification","valueRequired":true,"valueName":"search_term_string"}}],"inLanguage":"vi"},{"@type":"Organization","@id":"https:\/\/casanha.com\/vi\/#organization","name":"Casanha","url":"https:\/\/casanha.com\/vi\/","logo":{"@type":"ImageObject","inLanguage":"vi","@id":"https:\/\/casanha.com\/vi\/#\/schema\/logo\/image\/","url":"https:\/\/casanha-beta.s3.ap-southeast-1.amazonaws.com\/2026\/02\/logo-2026.jpg","contentUrl":"https:\/\/casanha-beta.s3.ap-southeast-1.amazonaws.com\/2026\/02\/logo-2026.jpg","width":1500,"height":1500,"caption":"Casanha"},"image":{"@id":"https:\/\/casanha.com\/vi\/#\/schema\/logo\/image\/"},"sameAs":["https:\/\/www.facebook.com\/CasanhaHome","https:\/\/www.instagram.com\/casanhahome\/","https:\/\/www.youtube.com\/@casanha","https:\/\/www.tiktok.com\/@casanha.com","https:\/\/zalo.me\/casanhahome"]}]}},"_links":{"self":[{"href":"https:\/\/casanha.com\/vi\/wp-json\/wp\/v2\/pages\/75552","targetHints":{"allow":["GET"]}}],"collection":[{"href":"https:\/\/casanha.com\/vi\/wp-json\/wp\/v2\/pages"}],"about":[{"href":"https:\/\/casanha.com\/vi\/wp-json\/wp\/v2\/types\/page"}],"author":[{"embeddable":true,"href":"https:\/\/casanha.com\/vi\/wp-json\/wp\/v2\/users\/1874"}],"replies":[{"embeddable":true,"href":"https:\/\/casanha.com\/vi\/wp-json\/wp\/v2\/comments?post=75552"}],"version-history":[{"count":0,"href":"https:\/\/casanha.com\/vi\/wp-json\/wp\/v2\/pages\/75552\/revisions"}],"wp:attachment":[{"href":"https:\/\/casanha.com\/vi\/wp-json\/wp\/v2\/media?parent=75552"}],"curies":[{"name":"wp","href":"https:\/\/api.w.org\/{rel}","templated":true}]}}