{"id":75541,"date":"2025-03-29T16:40:07","date_gmt":"2025-03-29T09:40:07","guid":{"rendered":"http:\/\/casanha.test\/?page_id=72592"},"modified":"2025-03-29T16:40:07","modified_gmt":"2025-03-29T09:40:07","slug":"member-benefits-2","status":"publish","type":"page","link":"https:\/\/casanha.com\/vi\/member-benefits-2\/","title":{"rendered":"Quy\u1ec1n l\u1ee3i th\u00e0nh vi\u00ean"},"content":{"rendered":"<figure class=\"wp-block-image size-large\"><img decoding=\"async\" src=\"https:\/\/casanha-beta.s3.ap-southeast-1.amazonaws.com\/2022\/01\/member-business-cad-300x276.png\" alt=\"\"\/><\/figure>\n\n\n\n<p><strong>L\u00e0m c\u00e1ch n\u00e0o \u0111\u1ec3 tr\u1edf th\u00e0nh th\u00e0nh vi\u00ean?<\/strong><br>Sau l\u1ea7n mua h\u00e0ng \u0111\u1ea7u ti\u00ean c\u1ee7a b\u1ea1n t\u1ea1i Casanha Home Furniture, b\u1ea1n s\u1ebd t\u1ef1 \u0111\u1ed9ng c\u00f3 trong h\u1ec7 th\u1ed1ng c\u1ee7a ch\u00fang t\u00f4i. N\u1ebfu b\u1ea1n c\u00f3 b\u1ea5t k\u1ef3 c\u00e2u h\u1ecfi n\u00e0o, xin vui l\u00f2ng li\u00ean h\u1ec7 v\u1edbi ch\u00fang t\u00f4i!<\/p>\n\n\n\n<p><strong>\u0110i\u1ec3m \u0111\u01b0\u1ee3c thu th\u1eadp nh\u01b0 th\u1ebf n\u00e0o?<\/strong><br>M\u1ed7i 10.000 \u0111\u1ed3ng chi ti\u00eau t\u1ea1i N\u1ed9i th\u1ea5t nh\u00e0 Casanha = 1 \u0111i\u1ec3m<br>M\u1ed7i 100 \u0111i\u1ec3m gi\u1ea3m = 40.000VN\u0110.<\/p>\n\n\n\n<p>Vd: V\u1edbi m\u1ed7i 1.000.000VN\u0110 chi ti\u00eau t\u1ea1i N\u1ed9i th\u1ea5t Casanha Home, b\u1ea1n s\u1ebd \u0111\u01b0\u1ee3c gi\u1ea3m 40.000VN\u0110.<\/p>\n\n\n\n<p>\u0110\u1ec3 bi\u1ebft b\u1ea1n \u0111\u00e3 t\u00edch \u0111\u01b0\u1ee3c bao nhi\u00eau \u0111i\u1ec3m, vui l\u00f2ng li\u00ean h\u1ec7 v\u1edbi ch\u00fang t\u00f4i qua<br>E: info@casanha.com<br>P: <a href=\"tel:+842822537395\">(+84) 2<\/a>8 22 128 233<br>ho\u1eb7c nh\u1eafn tin tr\u1ef1c ti\u1ebfp cho ch\u00fang t\u00f4i qua Instagram v\u00e0 Trang Facebook.<\/p>\n\n\n\n<blockquote class=\"wp-block-quote is-layout-flow wp-block-quote-is-layout-flow\">\n<p>Home of DesignCasanha<\/p>\n<\/blockquote>","protected":false},"excerpt":{"rendered":"<p>How to become a member?After your first purchase at Casanha Home Furniture, you will be automatically in our system. If<\/p>","protected":false},"author":1874,"featured_media":0,"parent":0,"menu_order":0,"comment_status":"closed","ping_status":"closed","template":"","meta":{"footnotes":""},"class_list":["post-75541","page","type-page","status-publish","hentry"],"yoast_head":"<!-- This site is optimized with the Yoast SEO plugin v27.1.1 - https:\/\/yoast.com\/product\/yoast-seo-wordpress\/ -->\n<title>Member Benefits - Casanha<\/title>\n<meta name=\"robots\" content=\"index, follow, max-snippet:-1, max-image-preview:large, max-video-preview:-1\" \/>\n<link rel=\"canonical\" href=\"https:\/\/casanha.com\/vi\/member-benefits-2\/\" \/>\n<meta property=\"og:locale\" content=\"vi_VN\" \/>\n<meta property=\"og:type\" content=\"article\" \/>\n<meta property=\"og:title\" content=\"Member Benefits - Casanha\" \/>\n<meta property=\"og:description\" content=\"How to become a member?After your first purchase at Casanha Home Furniture, you will be automatically in our system. If\" \/>\n<meta property=\"og:url\" content=\"https:\/\/casanha.com\/vi\/member-benefits-2\/\" \/>\n<meta property=\"og:site_name\" content=\"Casanha\" \/>\n<meta property=\"og:image\" content=\"https:\/\/casanha-beta.s3.ap-southeast-1.amazonaws.com\/2022\/01\/member-business-cad-300x276.png\" \/>\n<meta name=\"twitter:card\" content=\"summary_large_image\" \/>\n<script type=\"application\/ld+json\" class=\"yoast-schema-graph\">{\"@context\":\"https:\/\/schema.org\",\"@graph\":[{\"@type\":\"WebPage\",\"@id\":\"https:\/\/casanha.com\/en\/member-benefits-2\/\",\"url\":\"https:\/\/casanha.com\/en\/member-benefits-2\/\",\"name\":\"Member Benefits - Casanha\",\"isPartOf\":{\"@id\":\"https:\/\/casanha.com\/vi\/#website\"},\"primaryImageOfPage\":{\"@id\":\"https:\/\/casanha.com\/en\/member-benefits-2\/#primaryimage\"},\"image\":{\"@id\":\"https:\/\/casanha.com\/en\/member-benefits-2\/#primaryimage\"},\"thumbnailUrl\":\"https:\/\/casanha-beta.s3.ap-southeast-1.amazonaws.com\/2022\/01\/member-business-cad-300x276.png\",\"datePublished\":\"2025-03-29T09:40:07+00:00\",\"breadcrumb\":{\"@id\":\"https:\/\/casanha.com\/en\/member-benefits-2\/#breadcrumb\"},\"inLanguage\":\"vi\",\"potentialAction\":[{\"@type\":\"ReadAction\",\"target\":[\"https:\/\/casanha.com\/en\/member-benefits-2\/\"]}]},{\"@type\":\"ImageObject\",\"inLanguage\":\"vi\",\"@id\":\"https:\/\/casanha.com\/en\/member-benefits-2\/#primaryimage\",\"url\":\"https:\/\/casanha-beta.s3.ap-southeast-1.amazonaws.com\/2022\/01\/member-business-cad-300x276.png\",\"contentUrl\":\"https:\/\/casanha-beta.s3.ap-southeast-1.amazonaws.com\/2022\/01\/member-business-cad-300x276.png\"},{\"@type\":\"BreadcrumbList\",\"@id\":\"https:\/\/casanha.com\/en\/member-benefits-2\/#breadcrumb\",\"itemListElement\":[{\"@type\":\"ListItem\",\"position\":1,\"name\":\"Home\",\"item\":\"https:\/\/casanha.com\/\"},{\"@type\":\"ListItem\",\"position\":2,\"name\":\"Member Benefits\"}]},{\"@type\":\"WebSite\",\"@id\":\"https:\/\/casanha.com\/vi\/#website\",\"url\":\"https:\/\/casanha.com\/vi\/\",\"name\":\"Casanha\",\"description\":\"Home Decor &amp; Furniture\",\"potentialAction\":[{\"@type\":\"SearchAction\",\"target\":{\"@type\":\"EntryPoint\",\"urlTemplate\":\"https:\/\/casanha.com\/vi\/?s={search_term_string}\"},\"query-input\":{\"@type\":\"PropertyValueSpecification\",\"valueRequired\":true,\"valueName\":\"search_term_string\"}}],\"inLanguage\":\"vi\"}]}<\/script>\n<!-- \/ Yoast SEO plugin. -->","yoast_head_json":{"title":"Member Benefits - Casanha","robots":{"index":"index","follow":"follow","max-snippet":"max-snippet:-1","max-image-preview":"max-image-preview:large","max-video-preview":"max-video-preview:-1"},"canonical":"https:\/\/casanha.com\/vi\/member-benefits-2\/","og_locale":"vi_VN","og_type":"article","og_title":"Member Benefits - Casanha","og_description":"How to become a member?After your first purchase at Casanha Home Furniture, you will be automatically in our system. If","og_url":"https:\/\/casanha.com\/vi\/member-benefits-2\/","og_site_name":"Casanha","og_image":[{"url":"https:\/\/casanha-beta.s3.ap-southeast-1.amazonaws.com\/2022\/01\/member-business-cad-300x276.png","type":"","width":"","height":""}],"twitter_card":"summary_large_image","schema":{"@context":"https:\/\/schema.org","@graph":[{"@type":"WebPage","@id":"https:\/\/casanha.com\/en\/member-benefits-2\/","url":"https:\/\/casanha.com\/en\/member-benefits-2\/","name":"Member Benefits - Casanha","isPartOf":{"@id":"https:\/\/casanha.com\/vi\/#website"},"primaryImageOfPage":{"@id":"https:\/\/casanha.com\/en\/member-benefits-2\/#primaryimage"},"image":{"@id":"https:\/\/casanha.com\/en\/member-benefits-2\/#primaryimage"},"thumbnailUrl":"https:\/\/casanha-beta.s3.ap-southeast-1.amazonaws.com\/2022\/01\/member-business-cad-300x276.png","datePublished":"2025-03-29T09:40:07+00:00","breadcrumb":{"@id":"https:\/\/casanha.com\/en\/member-benefits-2\/#breadcrumb"},"inLanguage":"vi","potentialAction":[{"@type":"ReadAction","target":["https:\/\/casanha.com\/en\/member-benefits-2\/"]}]},{"@type":"ImageObject","inLanguage":"vi","@id":"https:\/\/casanha.com\/en\/member-benefits-2\/#primaryimage","url":"https:\/\/casanha-beta.s3.ap-southeast-1.amazonaws.com\/2022\/01\/member-business-cad-300x276.png","contentUrl":"https:\/\/casanha-beta.s3.ap-southeast-1.amazonaws.com\/2022\/01\/member-business-cad-300x276.png"},{"@type":"BreadcrumbList","@id":"https:\/\/casanha.com\/en\/member-benefits-2\/#breadcrumb","itemListElement":[{"@type":"ListItem","position":1,"name":"Home","item":"https:\/\/casanha.com\/"},{"@type":"ListItem","position":2,"name":"Member Benefits"}]},{"@type":"WebSite","@id":"https:\/\/casanha.com\/vi\/#website","url":"https:\/\/casanha.com\/vi\/","name":"Casanha","description":"Home Decor &amp; Furniture","potentialAction":[{"@type":"SearchAction","target":{"@type":"EntryPoint","urlTemplate":"https:\/\/casanha.com\/vi\/?s={search_term_string}"},"query-input":{"@type":"PropertyValueSpecification","valueRequired":true,"valueName":"search_term_string"}}],"inLanguage":"vi"}]}},"_links":{"self":[{"href":"https:\/\/casanha.com\/vi\/wp-json\/wp\/v2\/pages\/75541","targetHints":{"allow":["GET"]}}],"collection":[{"href":"https:\/\/casanha.com\/vi\/wp-json\/wp\/v2\/pages"}],"about":[{"href":"https:\/\/casanha.com\/vi\/wp-json\/wp\/v2\/types\/page"}],"author":[{"embeddable":true,"href":"https:\/\/casanha.com\/vi\/wp-json\/wp\/v2\/users\/1874"}],"replies":[{"embeddable":true,"href":"https:\/\/casanha.com\/vi\/wp-json\/wp\/v2\/comments?post=75541"}],"version-history":[{"count":0,"href":"https:\/\/casanha.com\/vi\/wp-json\/wp\/v2\/pages\/75541\/revisions"}],"wp:attachment":[{"href":"https:\/\/casanha.com\/vi\/wp-json\/wp\/v2\/media?parent=75541"}],"curies":[{"name":"wp","href":"https:\/\/api.w.org\/{rel}","templated":true}]}}