{"id":75513,"date":"2025-03-29T11:38:14","date_gmt":"2025-03-29T04:38:14","guid":{"rendered":"http:\/\/casanha.test\/?page_id=72390"},"modified":"2025-06-05T17:31:12","modified_gmt":"2025-06-05T10:31:12","slug":"wood-care-maintenance","status":"publish","type":"page","link":"https:\/\/casanha.com\/vi\/care-maintenance\/wood-care-maintenance\/","title":{"rendered":"Wood &#8211; Care &amp; Maintenance"},"content":{"rendered":"<div data-elementor-type=\"wp-page\" data-elementor-id=\"75513\" class=\"elementor elementor-75513\">\n\t\t\t\t<div class=\"wd-negative-gap elementor-element elementor-element-0a85814 e-flex e-con-boxed e-con e-parent\" data-id=\"0a85814\" data-element_type=\"container\">\n\t\t\t\t\t<div class=\"e-con-inner\">\n\t\t\t\t<div class=\"elementor-element elementor-element-f194dff elementor-widget elementor-widget-wd_text_block\" data-id=\"f194dff\" data-element_type=\"widget\" data-widget_type=\"wd_text_block.default\">\n\t\t\t\t<div class=\"elementor-widget-container\">\n\t\t\t\t\t\t\t<div class=\"wd-text-block reset-last-child text-left\">\n\t\t\t\n\t\t\t<p data-start=\"0\" data-end=\"359\"><a href=\"https:\/\/casanha.com\/vi\/care-maintenance\/\">Ch\u0103m s\u00f3c &amp; B\u1ea3o qu\u1ea3n<\/a> &gt; G\u1ed7 t\u1ef1 nhi\u00ean<\/p><p>C\u00e1c s\u1ea3n ph\u1ea9m n\u1ed9i th\u1ea5t c\u1ee7a Casanh\u00e0 \u0111\u01b0\u1ee3c ch\u1ebf t\u00e1c qua nhi\u1ec1u giai \u0111o\u1ea1n ho\u00e0n thi\u1ec7n, s\u1eed d\u1ee5ng c\u00e1c lo\u1ea1i g\u1ed7 t\u1ef1 nhi\u00ean \u0111\u1ea1t ti\u00eau chu\u1ea9n <a href=\"https:\/\/casanha.com\/vi\/fsc-certified\/\">FSC\u00ae<\/a> Do \u0111\u00f3, s\u1ef1 kh\u00e1c bi\u1ec7t t\u1ef1 nhi\u00ean trong c\u1ea5u tr\u00fac v\u00e0 v\u00e2n g\u1ed7 \u2014 nh\u01b0 m\u1eaft g\u1ed7, hoa v\u0103n g\u1ed7 v\u00e0 v\u1ebft nh\u1ef1a c\u00e2y \u2014 c\u00f3 th\u1ec3 \u1ea3nh h\u01b0\u1edfng \u0111\u1ebfn l\u1edbp ho\u00e0n thi\u1ec7n. Nh\u1eefng \u0111\u1eb7c \u0111i\u1ec3m n\u00e0y kh\u00f4ng ph\u1ea3i l\u00e0 khuy\u1ebft \u0111i\u1ec3m, m\u00e0 l\u00e0 n\u00e9t \u0111\u1ed9c \u0111\u00e1o t\u1ea1o n\u00ean s\u1ef1 kh\u00e1c bi\u1ec7t cho t\u1eebng s\u1ea3n ph\u1ea9m.<\/p><p data-start=\"361\" data-end=\"504\" data-is-last-node=\"\" data-is-only-node=\"\">N\u1ed9i th\u1ea5t Casanha \u0111\u01b0\u1ee3c thi\u1ebft k\u1ebf \u0111\u1ec3 s\u1eed d\u1ee5ng l\u00e2u d\u00e0i. B\u1eb1ng c\u00e1ch l\u00e0m theo m\u1ed9t s\u1ed1 b\u01b0\u1edbc ch\u0103m s\u00f3c c\u01a1 b\u1ea3n, b\u1ea1n c\u00f3 th\u1ec3 b\u1ea3o v\u1ec7 \u201ckho\u1ea3n \u0111\u1ea7u t\u01b0\u201d c\u1ee7a m\u00ecnh trong nhi\u1ec1u n\u0103m t\u1edbi.<\/p><p data-start=\"361\" data-end=\"504\" data-is-last-node=\"\" data-is-only-node=\"\">\u00a0<\/p>\n\t\t\t\t\t<\/div>\n\t\t\t\t\t\t<\/div>\n\t\t\t\t<\/div>\n\t\t<div class=\"elementor-element elementor-element-fce5bc0 e-con-full e-flex e-con e-child\" data-id=\"fce5bc0\" data-element_type=\"container\">\n\t\t<div class=\"elementor-element elementor-element-722ed8f e-grid e-con-full e-con e-child\" data-id=\"722ed8f\" data-element_type=\"container\">\n\t\t\t\t<div class=\"elementor-element elementor-element-8e94380 elementor-widget elementor-widget-wd_text_block\" data-id=\"8e94380\" data-element_type=\"widget\" data-widget_type=\"wd_text_block.default\">\n\t\t\t\t<div class=\"elementor-widget-container\">\n\t\t\t\t\t\t\t<div class=\"wd-text-block reset-last-child text-left\">\n\t\t\t\n\t\t\t<p><b>1. M\u1ee5c \u0111\u00edch s\u1eed d\u1ee5ng<\/b><br \/><br \/>Vui l\u00f2ng \u0111\u1ea3m b\u1ea3o r\u1eb1ng b\u1ea1n ch\u1ec9 s\u1eed d\u1ee5ng n\u1ed9i th\u1ea5t \u0111\u00fang v\u1edbi m\u1ee5c \u0111\u00edch m\u00e0 n\u00f3 \u0111\u01b0\u1ee3c thi\u1ebft k\u1ebf.\u00a0<br \/><br \/>Vi\u1ec7c s\u1eed d\u1ee5ng \u0111\u00fang c\u00e1ch v\u00e0 b\u1ea3o tr\u00ec \u0111\u1ecbnh k\u1ef3 l\u00e0 \u0111i\u1ec1u c\u1ea7n thi\u1ebft \u0111\u1ec3 \u0111\u1ea3m b\u1ea3o n\u1ed9i th\u1ea5t c\u1ee7a b\u1ea1n ho\u1ea1t \u0111\u1ed9ng t\u1ed1t trong th\u1eddi gian d\u00e0i.<\/p>\n\t\t\t\t\t<\/div>\n\t\t\t\t\t\t<\/div>\n\t\t\t\t<\/div>\n\t\t\t\t<div class=\"elementor-element elementor-element-27fb5fb elementor-widget elementor-widget-wd_text_block\" data-id=\"27fb5fb\" data-element_type=\"widget\" data-widget_type=\"wd_text_block.default\">\n\t\t\t\t<div class=\"elementor-widget-container\">\n\t\t\t\t\t\t\t<div class=\"wd-text-block reset-last-child text-left\">\n\t\t\t\n\t\t\t<p><b>2. Khu v\u1ef1c s\u1eed d\u1ee5ng<\/b><br \/><br \/>Ch\u1ec9 s\u1eed d\u1ee5ng trong nh\u00e0<br \/><br \/>Tr\u00e1nh nh\u1eefng \u0111i\u1ec1u ki\u1ec7n qu\u00e1 \u1ea9m \u01b0\u1edbt ho\u1eb7c c\u00f3 \u0111\u1ed9 \u1ea9m cao.\u00a0<br \/><br \/>Tr\u00e1nh \u0111\u1ec3 d\u01b0\u1edbi \u00e1nh n\u1eafng tr\u1ef1c ti\u1ebfp.<br \/><br \/>Kh\u00f4ng ph\u00f9 h\u1ee3p \u0111\u1ec3 s\u1eed d\u1ee5ng \u1edf nh\u1eefng khu v\u1ef1c \u1ea9m \u01b0\u1edbt, ngo\u00e0i tr\u1eddi ho\u1eb7c d\u00f9ng cho m\u1ee5c \u0111\u00edch th\u01b0\u01a1ng m\u1ea1i.<br \/><br \/>B\u00e0n: Kh\u00f4ng \u0111\u01b0\u1ee3c ng\u1ed3i ho\u1eb7c \u0111\u1ee9ng l\u00ean b\u00e0n, b\u00e0n kh\u00f4ng thay th\u1ebf cho b\u1eadc thang hay thang leo. H\u00e3y \u0111\u1ea3m b\u1ea3o b\u00e0n \u0111\u01b0\u1ee3c \u0111\u1eb7t tr\u00ean b\u1ec1 m\u1eb7t \u1ed5n \u0111\u1ecbnh.<br \/><br \/>Gh\u1ebf: Nghi\u00eang ng\u01b0\u1eddi ra ph\u00eda sau ho\u1eb7c \u0111ung \u0111\u01b0a tr\u00ean gh\u1ebf r\u1ea5t nguy hi\u1ec3m v\u00e0 c\u00f3 th\u1ec3 g\u00e2y th\u01b0\u01a1ng t\u00edch v\u00e0\/ho\u1eb7c l\u00e0m h\u1ecfng gh\u1ebf.<\/p>\n\t\t\t\t\t<\/div>\n\t\t\t\t\t\t<\/div>\n\t\t\t\t<\/div>\n\t\t\t\t<div class=\"elementor-element elementor-element-823bc05 elementor-widget elementor-widget-wd_text_block\" data-id=\"823bc05\" data-element_type=\"widget\" data-widget_type=\"wd_text_block.default\">\n\t\t\t\t<div class=\"elementor-widget-container\">\n\t\t\t\t\t\t\t<div class=\"wd-text-block reset-last-child text-left\">\n\t\t\t\n\t\t\t<p><b>3. Ch\u0103m s\u00f3c s\u1ea3n ph\u1ea9m<\/b><br \/><br \/>Tr\u00e1nh \u0111\u1ec3 s\u1ea3n ph\u1ea9m ti\u1ebfp x\u00fac v\u1edbi c\u00e1c \u0111i\u1ec1u ki\u1ec7n kh\u1eafc nghi\u1ec7t: kh\u00f4ng \u0111\u1eb7t n\u1ed9i th\u1ea5t g\u1ea7n ngu\u1ed3n nhi\u1ec7t ho\u1eb7c trong c\u00e1c kh\u00f4ng gian \u0111i\u1ec1u h\u00f2a qu\u00e1 l\u1ea1nh.<br \/><br \/>\u0110\u1ec3 b\u1ea3o v\u1ec7 ch\u1ed1ng l\u1ea1i nhi\u1ec7t v\u00e0 ch\u1ea5t l\u1ecfng, h\u00e3y s\u1eed d\u1ee5ng kh\u0103n tr\u1ea3i b\u00e0n v\u00e0 \u0111\u1ebf l\u00f3t ly.\u00a0<br \/><br \/>Ch\u00fang t\u00f4i khuy\u1ebfn ngh\u1ecb s\u1eed d\u1ee5ng dung d\u1ecbch nh\u1eb9 v\u1edbi x\u00e0 ph\u00f2ng trung t\u00ednh (pH trung t\u00ednh) v\u00e0 n\u01b0\u1edbc \u0111\u1ec3 v\u1ec7 sinh h\u00e0ng ng\u00e0y.<br \/><br \/>Lau ngay c\u00e1c v\u1ebft \u0111\u1ed5 ch\u1ea5t l\u1ecfng.<br \/><br \/>Lu\u00f4n lo\u1ea1i b\u1ecf v\u1ebft b\u1ea9n ngay l\u1eadp t\u1ee9c b\u1eb1ng c\u00e1ch th\u1ea5m nh\u1eb9 v\u1edbi kh\u0103n tr\u1eafng s\u1ea1ch, h\u01a1i \u1ea9m.\u00a0<br \/><br \/>S\u1eed d\u1ee5ng n\u01b0\u1edbc s\u1ea1ch. N\u1ebfu s\u1eed d\u1ee5ng ch\u1ea5t t\u1ea9y r\u1eeda, lu\u00f4n th\u1eed tr\u01b0\u1edbc \u1edf m\u1ed9t ch\u1ed7 khu\u1ea5t.<br \/><br \/>\u0110\u1ea3m b\u1ea3o n\u1ed9i th\u1ea5t \u0111\u01b0\u1ee3c l\u00e0m kh\u00f4 ho\u00e0n to\u00e0n v\u00e0 kh\u00f4ng c\u00f2n d\u01b0 l\u01b0\u1ee3ng x\u00e0 ph\u00f2ng tr\u00ean b\u1ec1 m\u1eb7t.<br \/><br \/>Kh\u00f4ng s\u1eed d\u1ee5ng c\u00e1c ch\u1ea5t t\u1ea9y r\u1eeda ho\u1eb7c h\u00f3a ch\u1ea5t m\u00e0i m\u00f2n, \u0103n m\u00f2n ho\u1eb7c c\u00f3 t\u00ednh axit nh\u01b0 ch\u1ea5t t\u1ea9y tr\u1eafng (bleach) ho\u1eb7c amoniac v\u00ec c\u00f3 th\u1ec3 l\u00e0m \u1ea3nh h\u01b0\u1edfng \u0111\u1ebfn m\u00e0u s\u1eafc c\u1ee7a g\u1ed7 ho\u1eb7c l\u1edbp polyurethane.<br \/><br \/>\u0110\u1ec3 gi\u1eef cho n\u1ed9i th\u1ea5t lu\u00f4n ho\u1ea1t \u0111\u1ed9ng t\u1ed1t, h\u00e3y th\u01b0\u1eddng xuy\u00ean si\u1ebft ch\u1eb7t \u1ed1c v\u00edt (v\u00ed d\u1ee5 m\u1ed7i ba th\u00e1ng m\u1ed9t l\u1ea7n). \u0110\u1eb7c bi\u1ec7t trong m\u00f9a \u0111\u00f4ng l\u1ea1nh v\u00e0 kh\u00f4, c\u00e1c b\u1ed9 ph\u1eadn g\u1ed7 t\u1ef1 nhi\u00ean c\u00f3 th\u1ec3 co l\u1ea1i nh\u1eb9, l\u00e0m l\u1ecfng c\u00e1c m\u1ed1i n\u1ed1i ch\u00e2n b\u00e0n ho\u1eb7c ch\u00e2n gh\u1ebf sofa, v\u00ec v\u1eady vi\u1ec7c si\u1ebft ch\u1eb7t \u0111\u1ecbnh k\u1ef3 l\u00e0 r\u1ea5t quan tr\u1ecdng trong nh\u1eefng v\u00f9ng kh\u00ed h\u1eadu nh\u01b0 v\u1eady.\u00a0<br \/><br \/>Trong m\u00f9a \u0111\u00f4ng, duy tr\u00ec \u0111\u1ed9 \u1ea9m th\u00edch h\u1ee3p trong ph\u00f2ng s\u1ebd gi\u00fap ng\u0103n g\u1ed7 b\u1ecb kh\u00f4 v\u00e0 n\u1ee9t. \u0110\u1ed1i v\u1edbi m\u1eb7t b\u00e0n b\u1eb1ng g\u1ed7 t\u1ef1 nhi\u00ean, \u0111\u00f4i khi s\u1ebd xu\u1ea5t hi\u1ec7n c\u00e1c v\u1ebft n\u1ee9t nh\u1ecf li ti do \u0111\u1ed9 \u1ea9m th\u1ea5p, nh\u01b0ng th\u01b0\u1eddng s\u1ebd t\u1ef1 \u0111\u00f3ng l\u1ea1i khi \u0111\u1ed9 \u1ea9m \u0111\u01b0\u1ee3c duy tr\u00ec \u0111\u00fang m\u1ee9c.<\/p>\n\t\t\t\t\t<\/div>\n\t\t\t\t\t\t<\/div>\n\t\t\t\t<\/div>\n\t\t\t\t<\/div>\n\t\t\t\t<\/div>\n\t\t\t\t\t<\/div>\n\t\t\t\t<\/div>\n\t\t\t\t<\/div>","protected":false},"excerpt":{"rendered":"<p>Care &amp; Maintenance &gt; Timber Casanha\u2019s furniture products are crafted through multiple finishing stages, using natural wood materials that meet<\/p>","protected":false},"author":1874,"featured_media":0,"parent":75507,"menu_order":0,"comment_status":"closed","ping_status":"closed","template":"","meta":{"footnotes":""},"class_list":["post-75513","page","type-page","status-publish","hentry"],"yoast_head":"<!-- This site is optimized with the Yoast SEO plugin v27.1.1 - https:\/\/yoast.com\/product\/yoast-seo-wordpress\/ -->\n<title>Wood - Care &amp; Maintenance - Casanha<\/title>\n<meta name=\"robots\" content=\"index, follow, max-snippet:-1, max-image-preview:large, max-video-preview:-1\" \/>\n<link rel=\"canonical\" href=\"https:\/\/casanha.com\/vi\/care-maintenance\/wood-care-maintenance\/\" \/>\n<meta property=\"og:locale\" content=\"vi_VN\" \/>\n<meta property=\"og:type\" content=\"article\" \/>\n<meta property=\"og:title\" content=\"Wood - Care &amp; Maintenance - Casanha\" \/>\n<meta property=\"og:description\" content=\"Care &amp; Maintenance &gt; Timber Casanha\u2019s furniture products are crafted through multiple finishing stages, using natural wood materials that meet\" \/>\n<meta property=\"og:url\" content=\"https:\/\/casanha.com\/vi\/care-maintenance\/wood-care-maintenance\/\" \/>\n<meta property=\"og:site_name\" content=\"Casanha\" \/>\n<meta property=\"article:publisher\" content=\"https:\/\/www.facebook.com\/CasanhaHome\" \/>\n<meta property=\"article:modified_time\" content=\"2025-06-05T10:31:12+00:00\" \/>\n<meta name=\"twitter:card\" content=\"summary_large_image\" \/>\n<script type=\"application\/ld+json\" class=\"yoast-schema-graph\">{\"@context\":\"https:\/\/schema.org\",\"@graph\":[{\"@type\":\"WebPage\",\"@id\":\"https:\/\/casanha.com\/en\/care-maintenance\/wood-care-maintenance\/\",\"url\":\"https:\/\/casanha.com\/en\/care-maintenance\/wood-care-maintenance\/\",\"name\":\"Wood - Care &amp; Maintenance - Casanha\",\"isPartOf\":{\"@id\":\"https:\/\/casanha.com\/vi\/#website\"},\"datePublished\":\"2025-03-29T04:38:14+00:00\",\"dateModified\":\"2025-06-05T10:31:12+00:00\",\"breadcrumb\":{\"@id\":\"https:\/\/casanha.com\/en\/care-maintenance\/wood-care-maintenance\/#breadcrumb\"},\"inLanguage\":\"vi\",\"potentialAction\":[{\"@type\":\"ReadAction\",\"target\":[\"https:\/\/casanha.com\/en\/care-maintenance\/wood-care-maintenance\/\"]}]},{\"@type\":\"BreadcrumbList\",\"@id\":\"https:\/\/casanha.com\/en\/care-maintenance\/wood-care-maintenance\/#breadcrumb\",\"itemListElement\":[{\"@type\":\"ListItem\",\"position\":1,\"name\":\"Home\",\"item\":\"https:\/\/casanha.com\/\"},{\"@type\":\"ListItem\",\"position\":2,\"name\":\"Care &amp; Maintenance\",\"item\":\"https:\/\/casanha.com\/en\/care-maintenance\/\"},{\"@type\":\"ListItem\",\"position\":3,\"name\":\"Wood &#8211; Care &amp; Maintenance\"}]},{\"@type\":\"WebSite\",\"@id\":\"https:\/\/casanha.com\/vi\/#website\",\"url\":\"https:\/\/casanha.com\/vi\/\",\"name\":\"Casanha\",\"description\":\"Home Decor &amp; Furniture\",\"publisher\":{\"@id\":\"https:\/\/casanha.com\/vi\/#organization\"},\"potentialAction\":[{\"@type\":\"SearchAction\",\"target\":{\"@type\":\"EntryPoint\",\"urlTemplate\":\"https:\/\/casanha.com\/vi\/?s={search_term_string}\"},\"query-input\":{\"@type\":\"PropertyValueSpecification\",\"valueRequired\":true,\"valueName\":\"search_term_string\"}}],\"inLanguage\":\"vi\"},{\"@type\":\"Organization\",\"@id\":\"https:\/\/casanha.com\/vi\/#organization\",\"name\":\"Casanha\",\"url\":\"https:\/\/casanha.com\/vi\/\",\"logo\":{\"@type\":\"ImageObject\",\"inLanguage\":\"vi\",\"@id\":\"https:\/\/casanha.com\/vi\/#\/schema\/logo\/image\/\",\"url\":\"https:\/\/casanha-beta.s3.ap-southeast-1.amazonaws.com\/2026\/02\/logo-2026.jpg\",\"contentUrl\":\"https:\/\/casanha-beta.s3.ap-southeast-1.amazonaws.com\/2026\/02\/logo-2026.jpg\",\"width\":1500,\"height\":1500,\"caption\":\"Casanha\"},\"image\":{\"@id\":\"https:\/\/casanha.com\/vi\/#\/schema\/logo\/image\/\"},\"sameAs\":[\"https:\/\/www.facebook.com\/CasanhaHome\",\"https:\/\/www.instagram.com\/casanhahome\/\",\"https:\/\/www.youtube.com\/@casanha\",\"https:\/\/www.tiktok.com\/@casanha.com\",\"https:\/\/zalo.me\/casanhahome\"]}]}<\/script>\n<!-- \/ Yoast SEO plugin. -->","yoast_head_json":{"title":"Wood - Care &amp; Maintenance - Casanha","robots":{"index":"index","follow":"follow","max-snippet":"max-snippet:-1","max-image-preview":"max-image-preview:large","max-video-preview":"max-video-preview:-1"},"canonical":"https:\/\/casanha.com\/vi\/care-maintenance\/wood-care-maintenance\/","og_locale":"vi_VN","og_type":"article","og_title":"Wood - Care &amp; Maintenance - Casanha","og_description":"Care &amp; Maintenance &gt; Timber Casanha\u2019s furniture products are crafted through multiple finishing stages, using natural wood materials that meet","og_url":"https:\/\/casanha.com\/vi\/care-maintenance\/wood-care-maintenance\/","og_site_name":"Casanha","article_publisher":"https:\/\/www.facebook.com\/CasanhaHome","article_modified_time":"2025-06-05T10:31:12+00:00","twitter_card":"summary_large_image","schema":{"@context":"https:\/\/schema.org","@graph":[{"@type":"WebPage","@id":"https:\/\/casanha.com\/en\/care-maintenance\/wood-care-maintenance\/","url":"https:\/\/casanha.com\/en\/care-maintenance\/wood-care-maintenance\/","name":"Wood - Care &amp; Maintenance - Casanha","isPartOf":{"@id":"https:\/\/casanha.com\/vi\/#website"},"datePublished":"2025-03-29T04:38:14+00:00","dateModified":"2025-06-05T10:31:12+00:00","breadcrumb":{"@id":"https:\/\/casanha.com\/en\/care-maintenance\/wood-care-maintenance\/#breadcrumb"},"inLanguage":"vi","potentialAction":[{"@type":"ReadAction","target":["https:\/\/casanha.com\/en\/care-maintenance\/wood-care-maintenance\/"]}]},{"@type":"BreadcrumbList","@id":"https:\/\/casanha.com\/en\/care-maintenance\/wood-care-maintenance\/#breadcrumb","itemListElement":[{"@type":"ListItem","position":1,"name":"Home","item":"https:\/\/casanha.com\/"},{"@type":"ListItem","position":2,"name":"Care &amp; Maintenance","item":"https:\/\/casanha.com\/en\/care-maintenance\/"},{"@type":"ListItem","position":3,"name":"Wood &#8211; Care &amp; Maintenance"}]},{"@type":"WebSite","@id":"https:\/\/casanha.com\/vi\/#website","url":"https:\/\/casanha.com\/vi\/","name":"Casanha","description":"Home Decor &amp; Furniture","publisher":{"@id":"https:\/\/casanha.com\/vi\/#organization"},"potentialAction":[{"@type":"SearchAction","target":{"@type":"EntryPoint","urlTemplate":"https:\/\/casanha.com\/vi\/?s={search_term_string}"},"query-input":{"@type":"PropertyValueSpecification","valueRequired":true,"valueName":"search_term_string"}}],"inLanguage":"vi"},{"@type":"Organization","@id":"https:\/\/casanha.com\/vi\/#organization","name":"Casanha","url":"https:\/\/casanha.com\/vi\/","logo":{"@type":"ImageObject","inLanguage":"vi","@id":"https:\/\/casanha.com\/vi\/#\/schema\/logo\/image\/","url":"https:\/\/casanha-beta.s3.ap-southeast-1.amazonaws.com\/2026\/02\/logo-2026.jpg","contentUrl":"https:\/\/casanha-beta.s3.ap-southeast-1.amazonaws.com\/2026\/02\/logo-2026.jpg","width":1500,"height":1500,"caption":"Casanha"},"image":{"@id":"https:\/\/casanha.com\/vi\/#\/schema\/logo\/image\/"},"sameAs":["https:\/\/www.facebook.com\/CasanhaHome","https:\/\/www.instagram.com\/casanhahome\/","https:\/\/www.youtube.com\/@casanha","https:\/\/www.tiktok.com\/@casanha.com","https:\/\/zalo.me\/casanhahome"]}]}},"_links":{"self":[{"href":"https:\/\/casanha.com\/vi\/wp-json\/wp\/v2\/pages\/75513","targetHints":{"allow":["GET"]}}],"collection":[{"href":"https:\/\/casanha.com\/vi\/wp-json\/wp\/v2\/pages"}],"about":[{"href":"https:\/\/casanha.com\/vi\/wp-json\/wp\/v2\/types\/page"}],"author":[{"embeddable":true,"href":"https:\/\/casanha.com\/vi\/wp-json\/wp\/v2\/users\/1874"}],"replies":[{"embeddable":true,"href":"https:\/\/casanha.com\/vi\/wp-json\/wp\/v2\/comments?post=75513"}],"version-history":[{"count":15,"href":"https:\/\/casanha.com\/vi\/wp-json\/wp\/v2\/pages\/75513\/revisions"}],"predecessor-version":[{"id":100239,"href":"https:\/\/casanha.com\/vi\/wp-json\/wp\/v2\/pages\/75513\/revisions\/100239"}],"up":[{"embeddable":true,"href":"https:\/\/casanha.com\/vi\/wp-json\/wp\/v2\/pages\/75507"}],"wp:attachment":[{"href":"https:\/\/casanha.com\/vi\/wp-json\/wp\/v2\/media?parent=75513"}],"curies":[{"name":"wp","href":"https:\/\/api.w.org\/{rel}","templated":true}]}}