{"id":75512,"date":"2025-03-29T11:31:55","date_gmt":"2025-03-29T04:31:55","guid":{"rendered":"http:\/\/casanha.test\/?page_id=72385"},"modified":"2025-06-05T15:25:51","modified_gmt":"2025-06-05T08:25:51","slug":"upholstery-care-maintenance","status":"publish","type":"page","link":"https:\/\/casanha.com\/vi\/care-maintenance\/upholstery-care-maintenance\/","title":{"rendered":"Upholstery &#8211; Care &amp; Maintenance"},"content":{"rendered":"<div data-elementor-type=\"wp-page\" data-elementor-id=\"75512\" class=\"elementor elementor-75512\">\n\t\t\t\t<div class=\"wd-negative-gap elementor-element elementor-element-dd57b95 e-flex e-con-boxed e-con e-parent\" data-id=\"dd57b95\" data-element_type=\"container\">\n\t\t\t\t\t<div class=\"e-con-inner\">\n\t\t\t\t<div class=\"elementor-element elementor-element-576cba8 elementor-widget elementor-widget-wd_text_block\" data-id=\"576cba8\" data-element_type=\"widget\" data-widget_type=\"wd_text_block.default\">\n\t\t\t\t<div class=\"elementor-widget-container\">\n\t\t\t\t\t\t\t<div class=\"wd-text-block reset-last-child text-left\">\n\t\t\t\n\t\t\t<p><a href=\"https:\/\/casanha.com\/vi\/care-maintenance\/\">Ch\u0103m s\u00f3c &amp; B\u1ea3o qu\u1ea3n<\/a> &gt; Upholstery<\/p><p>\u00a0<\/p>\n\t\t\t\t\t<\/div>\n\t\t\t\t\t\t<\/div>\n\t\t\t\t<\/div>\n\t\t\t\t\t<\/div>\n\t\t\t\t<\/div>\n\t\t<div class=\"wd-negative-gap elementor-element elementor-element-5c5e83d e-flex e-con-boxed e-con e-parent\" data-id=\"5c5e83d\" data-element_type=\"container\">\n\t\t\t\t\t<div class=\"e-con-inner\">\n\t\t<div class=\"elementor-element elementor-element-5eb2601 e-grid e-con-full e-con e-child\" data-id=\"5eb2601\" data-element_type=\"container\">\n\t\t\t\t<div class=\"elementor-element elementor-element-dd20d7b elementor-widget elementor-widget-wd_text_block\" data-id=\"dd20d7b\" data-element_type=\"widget\" data-widget_type=\"wd_text_block.default\">\n\t\t\t\t<div class=\"elementor-widget-container\">\n\t\t\t\t\t\t\t<div class=\"wd-text-block reset-last-child text-left\">\n\t\t\t\n\t\t\t<p><b>1. M\u1ee5c \u0111\u00edch s\u1eed d\u1ee5ng<\/b><br \/><br \/>Vui l\u00f2ng \u0111\u1ea3m b\u1ea3o r\u1eb1ng b\u1ea1n ch\u1ec9 s\u1eed d\u1ee5ng n\u1ed9i th\u1ea5t \u0111\u00fang v\u1edbi m\u1ee5c \u0111\u00edch m\u00e0 n\u00f3 \u0111\u01b0\u1ee3c thi\u1ebft k\u1ebf.<br \/><br \/>Vi\u1ec7c s\u1eed d\u1ee5ng \u0111\u00fang c\u00e1ch v\u00e0 b\u1ea3o tr\u00ec \u0111\u1ecbnh k\u1ef3 l\u00e0 \u0111i\u1ec1u c\u1ea7n thi\u1ebft \u0111\u1ec3 \u0111\u1ea3m b\u1ea3o n\u1ed9i th\u1ea5t c\u1ee7a b\u1ea1n ho\u1ea1t \u0111\u1ed9ng t\u1ed1t trong th\u1eddi gian d\u00e0i.<\/p>\n\t\t\t\t\t<\/div>\n\t\t\t\t\t\t<\/div>\n\t\t\t\t<\/div>\n\t\t\t\t<div class=\"elementor-element elementor-element-b80b7e7 elementor-widget elementor-widget-wd_text_block\" data-id=\"b80b7e7\" data-element_type=\"widget\" data-widget_type=\"wd_text_block.default\">\n\t\t\t\t<div class=\"elementor-widget-container\">\n\t\t\t\t\t\t\t<div class=\"wd-text-block reset-last-child text-left\">\n\t\t\t\n\t\t\t<p><b>2. Khu v\u1ef1c s\u1eed d\u1ee5ng<\/b><br \/><br \/>Ch\u1ec9 s\u1eed d\u1ee5ng trong nh\u00e0<br \/><br \/>Tr\u00e1nh nh\u1eefng \u0111i\u1ec1u ki\u1ec7n qu\u00e1 \u1ea9m \u01b0\u1edbt ho\u1eb7c c\u00f3 \u0111\u1ed9 \u1ea9m cao.\u00a0<br \/><br \/>Tr\u00e1nh \u0111\u1ec3 d\u01b0\u1edbi \u00e1nh n\u1eafng tr\u1ef1c ti\u1ebfp.<br \/><br \/>Kh\u00f4ng ph\u00f9 h\u1ee3p \u0111\u1ec3 s\u1eed d\u1ee5ng \u1edf nh\u1eefng khu v\u1ef1c \u1ea9m \u01b0\u1edbt, ngo\u00e0i tr\u1eddi ho\u1eb7c d\u00f9ng cho m\u1ee5c \u0111\u00edch th\u01b0\u01a1ng m\u1ea1i.<\/p>\n\t\t\t\t\t<\/div>\n\t\t\t\t\t\t<\/div>\n\t\t\t\t<\/div>\n\t\t\t\t<div class=\"elementor-element elementor-element-c942155 elementor-widget elementor-widget-wd_text_block\" data-id=\"c942155\" data-element_type=\"widget\" data-widget_type=\"wd_text_block.default\">\n\t\t\t\t<div class=\"elementor-widget-container\">\n\t\t\t\t\t\t\t<div class=\"wd-text-block reset-last-child text-left\">\n\t\t\t\n\t\t\t<p><b>3. Ch\u0103m s\u00f3c s\u1ea3n ph\u1ea9m<\/b><br \/><br \/>Ch\u0103m s\u00f3c chung<br \/><br \/>Vi\u1ec7c h\u00fat b\u1ee5i nh\u1eb9 nh\u00e0ng h\u00e0ng tu\u1ea7n s\u1ebd gi\u00fap ng\u0103n ng\u1eeba b\u1ee5i b\u1ea9n t\u00edch t\u1ee5 trong s\u1ee3i v\u1ea3i v\u00e0 b\u1ea3o v\u1ec7 ch\u1ed1ng l\u1ea1i c\u00e1c v\u1ebft b\u1ea9n.<br \/><br \/>Ch\u00fang t\u00f4i khuy\u1ebfn ngh\u1ecb s\u1eed d\u1ee5ng \u0111\u1ea7u ch\u1ed5i h\u00fat ph\u00f9 h\u1ee3p d\u00e0nh cho n\u1ed9i th\u1ea5t khi d\u00f9ng m\u00e1y h\u00fat b\u1ee5i.\u00a0<br \/><br \/>\u0110\u1ed1i v\u1edbi c\u00e1c s\u1ea3n ph\u1ea9m b\u1ecdc n\u1ec7m c\u00f3 ru\u1ed9t l\u00f4ng v\u0169, n\u00ean th\u01b0\u1eddng xuy\u00ean l\u1eafc, v\u1ed7 v\u00e0 x\u1ed1p l\u1ea1i c\u00e1c \u0111\u1ec7m \u0111\u1ec3 gi\u00fap ph\u00e2n ph\u1ed1i l\u1ea1i v\u00e0 th\u00f4ng tho\u00e1ng l\u00f4ng v\u0169, gi\u1eef \u0111\u01b0\u1ee3c h\u00ecnh d\u1ea1ng v\u00e0 \u0111\u1ed9 \u00eam \u00e1i c\u1ee7a s\u1ea3n ph\u1ea9m.<br \/><br \/>Vi\u1ec7c ng\u1ed3i l\u00ean n\u1ed9i th\u1ea5t b\u1ecdc n\u1ec7m khi m\u1eb7c qu\u1ea7n \u00e1o \u01b0\u1edbt ho\u1eb7c ra m\u1ed3 h\u00f4i c\u00f3 th\u1ec3 g\u00e2y ra hi\u1ec7n t\u01b0\u1ee3ng phai m\u00e0u.<br \/><br \/>B\u1ecdc c\u1ed1 \u0111\u1ecbnh<br \/><br \/>Lu\u00f4n lo\u1ea1i b\u1ecf v\u1ebft b\u1ea9n ngay l\u1eadp t\u1ee9c.\u00a0<br \/><br \/>KH\u00d4NG CH\u00c0 X\u00c1T.<br \/><br \/>D\u00f9ng kh\u0103n tr\u1eafng s\u1ea1ch \u0111\u1ec3 th\u1ea5m nh\u1eb9 l\u00ean v\u00f9ng b\u1ecb b\u1ea9n, h\u00fat h\u1ebft v\u1ebft b\u1ea9n m\u00e0 kh\u00f4ng l\u00e0m lan r\u1ed9ng ra.<br \/><br \/>N\u1ebfu v\u1ebft b\u1ea9n kh\u00f4ng th\u1ec3 t\u1ea9y s\u1ea1ch, ch\u00fang t\u00f4i khuy\u00ean b\u1ea1n n\u00ean s\u1eed d\u1ee5ng d\u1ecbch v\u1ee5 gi\u1eb7t l\u00e0 chuy\u00ean nghi\u1ec7p.<br \/><br \/>\u0110\u1ec3 ng\u0103n ng\u1eeba v\u1ebft b\u1ea9n, ch\u00fang t\u00f4i khuy\u1ebfn ngh\u1ecb s\u1eed d\u1ee5ng s\u1ea3n ph\u1ea9m b\u1ea3o v\u1ec7 v\u1ea3i uy t\u00edn (tr\u01b0\u1edbc ti\u00ean h\u00e3y th\u1eed tr\u00ean m\u1ed9t khu v\u1ef1c khu\u1ea5t).<br \/><br \/>B\u1ecdc c\u00f3 th\u1ec3 th\u00e1o r\u1eddi<br \/><br \/>Lu\u00f4n lo\u1ea1i b\u1ecf v\u1ebft b\u1ea9n ngay l\u1eadp t\u1ee9c.\u00a0<br \/><br \/>KH\u00d4NG CH\u00c0 X\u00c1T.<br \/><br \/>D\u00f9ng kh\u0103n tr\u1eafng s\u1ea1ch \u0111\u1ec3 th\u1ea5m nh\u1eb9 l\u00ean v\u00f9ng b\u1ecb b\u1ea9n, h\u00fat h\u1ebft v\u1ebft b\u1ea9n m\u00e0 kh\u00f4ng l\u00e0m lan r\u1ed9ng ra.<br \/><br \/>B\u1ecdc gh\u1ebf ho\u1eb7c sofa c\u00f3 th\u1ec3 th\u00e1o r\u1eddi \u0111\u1ec3 gi\u1eb7t kh\u00f4.<br \/><br \/>CH\u1ec8 GI\u1eb6T KH\u00d4<br \/><br \/>Ch\u1ec9 s\u1eed d\u1ee5ng dung m\u00f4i hydrocarbon.<br \/><br \/>Gi\u1edbi h\u1ea1n nghi\u00eam ng\u1eb7t v\u1ec1 l\u01b0\u1ee3ng n\u01b0\u1edbc, gi\u1ea3m thi\u1ec3u t\u00e1c \u0111\u1ed9ng c\u01a1 h\u1ecdc, s\u1ea5y \u1edf nhi\u1ec7t \u0111\u1ed9 th\u1ea5p.<br \/><br \/>Vui l\u00f2ng tu\u00e2n theo h\u01b0\u1edbng d\u1eabn chi ti\u1ebft v\u1ec1 v\u1ec7 sinh \u0111\u00ednh k\u00e8m tr\u00ean b\u1ecdc gh\u1ebf ho\u1eb7c sofa.<br \/><br \/>B\u1ecdc c\u00f3 th\u1ec3 co l\u1ea1i nh\u1eb9 (t\u1ed1i \u0111a 3%) sau khi gi\u1eb7t kh\u00f4. Trong tr\u01b0\u1eddng h\u1ee3p n\u00e0y, h\u00e3y t\u1eeb t\u1eeb k\u00e9o gi\u00e3n b\u1ecdc tr\u1edf l\u1ea1i k\u00edch th\u01b0\u1edbc ban \u0111\u1ea7u.<br \/><br \/>B\u1ecdc Da thu\u1ed9c<br \/><br \/>Lu\u00f4n lo\u1ea1i b\u1ecf v\u1ebft b\u1ea9n ngay l\u1eadp t\u1ee9c.<br \/><br \/>KH\u00d4NG CH\u00c0 X\u00c1T.<br \/><br \/>D\u00f9ng kh\u0103n tr\u1eafng s\u1ea1ch \u0111\u1ec3 th\u1ea5m nh\u1eb9 l\u00ean v\u00f9ng b\u1ecb b\u1ea9n, h\u00fat h\u1ebft v\u1ebft b\u1ea9n m\u00e0 kh\u00f4ng l\u00e0m lan r\u1ed9ng ra.<br \/><br \/>N\u1ebfu ch\u1ea5t l\u1ecfng nh\u01b0 c\u00e0 ph\u00ea ho\u1eb7c n\u01b0\u1edbc tr\u00e1i c\u00e2y b\u1ecb \u0111\u1ed5 l\u00ean b\u1ec1 m\u1eb7t b\u1ecdc n\u1ec7m, c\u00f3 th\u1ec3 g\u00e2y ra v\u1ebft b\u1ea9n v\u0129nh vi\u1ec5n n\u1ebfu kh\u00f4ng \u0111\u01b0\u1ee3c l\u00e0m s\u1ea1ch k\u1ecbp th\u1eddi. Ngay l\u1eadp t\u1ee9c d\u00f9ng kh\u0103n kh\u00f4 \u0111\u1ec3 th\u1ea5m h\u00fat ch\u1ea5t l\u1ecfng. Ti\u1ebfp theo, nh\u00fang m\u1ed9t kh\u0103n m\u1ec1m v\u00e0o n\u01b0\u1edbc \u1ea5m pha m\u1ed9t l\u01b0\u1ee3ng nh\u1ecf ch\u1ea5t t\u1ea9y r\u1eeda nh\u1eb9 (dung d\u1ecbch 3-5%), v\u1eaft nh\u1eb9 kh\u0103n r\u1ed3i d\u00f9ng \u0111\u1ec3 lau s\u1ea1ch v\u1ebft b\u1ea9n. Sau \u0111\u00f3, d\u00f9ng kh\u0103n s\u1ea1ch, h\u01a1i \u1ea9m \u0111\u1ec3 lau s\u1ea1ch ho\u00e0n to\u00e0n ch\u1ea5t t\u1ea9y r\u1eeda c\u00f2n s\u00f3t l\u1ea1i.<br \/><br \/>Da th\u1eadt c\u00f3 kh\u1ea3 n\u0103ng \u201cth\u1edf\u201d v\u00e0 r\u1ea5t nh\u1ea1y c\u1ea3m v\u1edbi \u0111i\u1ec1u ki\u1ec7n kh\u00f4 hanh. Tr\u00e1nh \u0111\u1ec3 n\u1ed9i th\u1ea5t b\u1ecdc da ti\u1ebfp x\u00fac v\u1edbi kh\u00f4ng kh\u00ed kh\u00f4 qu\u00e1 m\u1ee9c t\u1eeb \u0111i\u1ec1u h\u00f2a ho\u1eb7c m\u00e1y s\u01b0\u1edfi, v\u00ec \u0111i\u1ec1u n\u00e0y c\u00f3 th\u1ec3 g\u00e2y n\u1ee9t da ho\u1eb7c l\u00e0m bung ch\u1ec9 may.<\/p>\n\t\t\t\t\t<\/div>\n\t\t\t\t\t\t<\/div>\n\t\t\t\t<\/div>\n\t\t\t\t<\/div>\n\t\t\t\t\t<\/div>\n\t\t\t\t<\/div>\n\t\t\t\t<\/div>","protected":false},"excerpt":{"rendered":"<p>Care &amp; Maintenance &gt; Upholstery \u00a0 1. Intended use Please make sure that you only use your furniture for the<\/p>","protected":false},"author":1874,"featured_media":0,"parent":75507,"menu_order":0,"comment_status":"closed","ping_status":"closed","template":"","meta":{"footnotes":""},"class_list":["post-75512","page","type-page","status-publish","hentry"],"yoast_head":"<!-- This site is optimized with the Yoast SEO plugin v27.1.1 - https:\/\/yoast.com\/product\/yoast-seo-wordpress\/ -->\n<title>Upholstery - Care &amp; Maintenance - Casanha<\/title>\n<meta name=\"robots\" content=\"index, follow, max-snippet:-1, max-image-preview:large, max-video-preview:-1\" \/>\n<link rel=\"canonical\" href=\"https:\/\/casanha.com\/vi\/care-maintenance\/upholstery-care-maintenance\/\" \/>\n<meta property=\"og:locale\" content=\"vi_VN\" \/>\n<meta property=\"og:type\" content=\"article\" \/>\n<meta property=\"og:title\" content=\"Upholstery - Care &amp; Maintenance - Casanha\" \/>\n<meta property=\"og:description\" content=\"Care &amp; Maintenance &gt; Upholstery \u00a0 1. Intended use Please make sure that you only use your furniture for the\" \/>\n<meta property=\"og:url\" content=\"https:\/\/casanha.com\/vi\/care-maintenance\/upholstery-care-maintenance\/\" \/>\n<meta property=\"og:site_name\" content=\"Casanha\" \/>\n<meta property=\"article:publisher\" content=\"https:\/\/www.facebook.com\/CasanhaHome\" \/>\n<meta property=\"article:modified_time\" content=\"2025-06-05T08:25:51+00:00\" \/>\n<meta name=\"twitter:card\" content=\"summary_large_image\" \/>\n<script type=\"application\/ld+json\" class=\"yoast-schema-graph\">{\"@context\":\"https:\/\/schema.org\",\"@graph\":[{\"@type\":\"WebPage\",\"@id\":\"https:\/\/casanha.com\/care-maintenance\/upholstery-care-maintenance\/\",\"url\":\"https:\/\/casanha.com\/care-maintenance\/upholstery-care-maintenance\/\",\"name\":\"Upholstery - Care &amp; Maintenance - Casanha\",\"isPartOf\":{\"@id\":\"https:\/\/casanha.com\/vi\/#website\"},\"datePublished\":\"2025-03-29T04:31:55+00:00\",\"dateModified\":\"2025-06-05T08:25:51+00:00\",\"breadcrumb\":{\"@id\":\"https:\/\/casanha.com\/care-maintenance\/upholstery-care-maintenance\/#breadcrumb\"},\"inLanguage\":\"vi\",\"potentialAction\":[{\"@type\":\"ReadAction\",\"target\":[\"https:\/\/casanha.com\/care-maintenance\/upholstery-care-maintenance\/\"]}]},{\"@type\":\"BreadcrumbList\",\"@id\":\"https:\/\/casanha.com\/care-maintenance\/upholstery-care-maintenance\/#breadcrumb\",\"itemListElement\":[{\"@type\":\"ListItem\",\"position\":1,\"name\":\"Home\",\"item\":\"https:\/\/casanha.com\/\"},{\"@type\":\"ListItem\",\"position\":2,\"name\":\"Care &amp; Maintenance\",\"item\":\"https:\/\/casanha.com\/en\/care-maintenance\/\"},{\"@type\":\"ListItem\",\"position\":3,\"name\":\"Upholstery &#8211; Care &amp; Maintenance\"}]},{\"@type\":\"WebSite\",\"@id\":\"https:\/\/casanha.com\/vi\/#website\",\"url\":\"https:\/\/casanha.com\/vi\/\",\"name\":\"Casanha\",\"description\":\"Home Decor &amp; Furniture\",\"publisher\":{\"@id\":\"https:\/\/casanha.com\/vi\/#organization\"},\"potentialAction\":[{\"@type\":\"SearchAction\",\"target\":{\"@type\":\"EntryPoint\",\"urlTemplate\":\"https:\/\/casanha.com\/vi\/?s={search_term_string}\"},\"query-input\":{\"@type\":\"PropertyValueSpecification\",\"valueRequired\":true,\"valueName\":\"search_term_string\"}}],\"inLanguage\":\"vi\"},{\"@type\":\"Organization\",\"@id\":\"https:\/\/casanha.com\/vi\/#organization\",\"name\":\"Casanha\",\"url\":\"https:\/\/casanha.com\/vi\/\",\"logo\":{\"@type\":\"ImageObject\",\"inLanguage\":\"vi\",\"@id\":\"https:\/\/casanha.com\/vi\/#\/schema\/logo\/image\/\",\"url\":\"https:\/\/casanha-beta.s3.ap-southeast-1.amazonaws.com\/2026\/02\/logo-2026.jpg\",\"contentUrl\":\"https:\/\/casanha-beta.s3.ap-southeast-1.amazonaws.com\/2026\/02\/logo-2026.jpg\",\"width\":1500,\"height\":1500,\"caption\":\"Casanha\"},\"image\":{\"@id\":\"https:\/\/casanha.com\/vi\/#\/schema\/logo\/image\/\"},\"sameAs\":[\"https:\/\/www.facebook.com\/CasanhaHome\",\"https:\/\/www.instagram.com\/casanhahome\/\",\"https:\/\/www.youtube.com\/@casanha\",\"https:\/\/www.tiktok.com\/@casanha.com\",\"https:\/\/zalo.me\/casanhahome\"]}]}<\/script>\n<!-- \/ Yoast SEO plugin. -->","yoast_head_json":{"title":"Upholstery - Care &amp; Maintenance - Casanha","robots":{"index":"index","follow":"follow","max-snippet":"max-snippet:-1","max-image-preview":"max-image-preview:large","max-video-preview":"max-video-preview:-1"},"canonical":"https:\/\/casanha.com\/vi\/care-maintenance\/upholstery-care-maintenance\/","og_locale":"vi_VN","og_type":"article","og_title":"Upholstery - Care &amp; Maintenance - Casanha","og_description":"Care &amp; Maintenance &gt; Upholstery \u00a0 1. Intended use Please make sure that you only use your furniture for the","og_url":"https:\/\/casanha.com\/vi\/care-maintenance\/upholstery-care-maintenance\/","og_site_name":"Casanha","article_publisher":"https:\/\/www.facebook.com\/CasanhaHome","article_modified_time":"2025-06-05T08:25:51+00:00","twitter_card":"summary_large_image","schema":{"@context":"https:\/\/schema.org","@graph":[{"@type":"WebPage","@id":"https:\/\/casanha.com\/care-maintenance\/upholstery-care-maintenance\/","url":"https:\/\/casanha.com\/care-maintenance\/upholstery-care-maintenance\/","name":"Upholstery - Care &amp; Maintenance - Casanha","isPartOf":{"@id":"https:\/\/casanha.com\/vi\/#website"},"datePublished":"2025-03-29T04:31:55+00:00","dateModified":"2025-06-05T08:25:51+00:00","breadcrumb":{"@id":"https:\/\/casanha.com\/care-maintenance\/upholstery-care-maintenance\/#breadcrumb"},"inLanguage":"vi","potentialAction":[{"@type":"ReadAction","target":["https:\/\/casanha.com\/care-maintenance\/upholstery-care-maintenance\/"]}]},{"@type":"BreadcrumbList","@id":"https:\/\/casanha.com\/care-maintenance\/upholstery-care-maintenance\/#breadcrumb","itemListElement":[{"@type":"ListItem","position":1,"name":"Home","item":"https:\/\/casanha.com\/"},{"@type":"ListItem","position":2,"name":"Care &amp; Maintenance","item":"https:\/\/casanha.com\/en\/care-maintenance\/"},{"@type":"ListItem","position":3,"name":"Upholstery &#8211; Care &amp; Maintenance"}]},{"@type":"WebSite","@id":"https:\/\/casanha.com\/vi\/#website","url":"https:\/\/casanha.com\/vi\/","name":"Casanha","description":"Home Decor &amp; Furniture","publisher":{"@id":"https:\/\/casanha.com\/vi\/#organization"},"potentialAction":[{"@type":"SearchAction","target":{"@type":"EntryPoint","urlTemplate":"https:\/\/casanha.com\/vi\/?s={search_term_string}"},"query-input":{"@type":"PropertyValueSpecification","valueRequired":true,"valueName":"search_term_string"}}],"inLanguage":"vi"},{"@type":"Organization","@id":"https:\/\/casanha.com\/vi\/#organization","name":"Casanha","url":"https:\/\/casanha.com\/vi\/","logo":{"@type":"ImageObject","inLanguage":"vi","@id":"https:\/\/casanha.com\/vi\/#\/schema\/logo\/image\/","url":"https:\/\/casanha-beta.s3.ap-southeast-1.amazonaws.com\/2026\/02\/logo-2026.jpg","contentUrl":"https:\/\/casanha-beta.s3.ap-southeast-1.amazonaws.com\/2026\/02\/logo-2026.jpg","width":1500,"height":1500,"caption":"Casanha"},"image":{"@id":"https:\/\/casanha.com\/vi\/#\/schema\/logo\/image\/"},"sameAs":["https:\/\/www.facebook.com\/CasanhaHome","https:\/\/www.instagram.com\/casanhahome\/","https:\/\/www.youtube.com\/@casanha","https:\/\/www.tiktok.com\/@casanha.com","https:\/\/zalo.me\/casanhahome"]}]}},"_links":{"self":[{"href":"https:\/\/casanha.com\/vi\/wp-json\/wp\/v2\/pages\/75512","targetHints":{"allow":["GET"]}}],"collection":[{"href":"https:\/\/casanha.com\/vi\/wp-json\/wp\/v2\/pages"}],"about":[{"href":"https:\/\/casanha.com\/vi\/wp-json\/wp\/v2\/types\/page"}],"author":[{"embeddable":true,"href":"https:\/\/casanha.com\/vi\/wp-json\/wp\/v2\/users\/1874"}],"replies":[{"embeddable":true,"href":"https:\/\/casanha.com\/vi\/wp-json\/wp\/v2\/comments?post=75512"}],"version-history":[{"count":9,"href":"https:\/\/casanha.com\/vi\/wp-json\/wp\/v2\/pages\/75512\/revisions"}],"predecessor-version":[{"id":100226,"href":"https:\/\/casanha.com\/vi\/wp-json\/wp\/v2\/pages\/75512\/revisions\/100226"}],"up":[{"embeddable":true,"href":"https:\/\/casanha.com\/vi\/wp-json\/wp\/v2\/pages\/75507"}],"wp:attachment":[{"href":"https:\/\/casanha.com\/vi\/wp-json\/wp\/v2\/media?parent=75512"}],"curies":[{"name":"wp","href":"https:\/\/api.w.org\/{rel}","templated":true}]}}