{"id":75511,"date":"2025-03-29T11:29:29","date_gmt":"2025-03-29T04:29:29","guid":{"rendered":"http:\/\/casanha.test\/?page_id=72380"},"modified":"2025-06-04T00:03:13","modified_gmt":"2025-06-03T17:03:13","slug":"metal-care-maintenance","status":"publish","type":"page","link":"https:\/\/casanha.com\/vi\/care-maintenance\/metal-care-maintenance\/","title":{"rendered":"Metal &#8211; Care &amp; Maintenance"},"content":{"rendered":"<div data-elementor-type=\"wp-page\" data-elementor-id=\"75511\" class=\"elementor elementor-75511\">\n\t\t\t\t<div class=\"wd-negative-gap elementor-element elementor-element-0c86664 e-flex e-con-boxed e-con e-parent\" data-id=\"0c86664\" data-element_type=\"container\">\n\t\t\t\t\t<div class=\"e-con-inner\">\n\t\t\t\t<div class=\"elementor-element elementor-element-9dedb41 elementor-widget elementor-widget-wd_text_block\" data-id=\"9dedb41\" data-element_type=\"widget\" data-widget_type=\"wd_text_block.default\">\n\t\t\t\t<div class=\"elementor-widget-container\">\n\t\t\t\t\t\t\t<div class=\"wd-text-block reset-last-child text-left\">\n\t\t\t\n\t\t\t<p><a href=\"https:\/\/casanha.com\/vi\/care-maintenance\/\">Ch\u0103m s\u00f3c &amp; B\u1ea3o qu\u1ea3n<\/a> &gt; Metal<\/p><p>\u00a0<\/p>\n\t\t\t\t\t<\/div>\n\t\t\t\t\t\t<\/div>\n\t\t\t\t<\/div>\n\t\t\t\t\t<\/div>\n\t\t\t\t<\/div>\n\t\t<div class=\"wd-negative-gap elementor-element elementor-element-b0654c0 e-grid e-con-boxed e-con e-parent\" data-id=\"b0654c0\" data-element_type=\"container\">\n\t\t\t\t\t<div class=\"e-con-inner\">\n\t\t\t\t<div class=\"elementor-element elementor-element-701ec65 elementor-widget elementor-widget-wd_text_block\" data-id=\"701ec65\" data-element_type=\"widget\" data-widget_type=\"wd_text_block.default\">\n\t\t\t\t<div class=\"elementor-widget-container\">\n\t\t\t\t\t\t\t<div class=\"wd-text-block reset-last-child text-left\">\n\t\t\t\n\t\t\t<p><b>1. M\u1ee5c \u0111\u00edch s\u1eed d\u1ee5ng<\/b><br \/><br \/>Vui l\u00f2ng \u0111\u1ea3m b\u1ea3o r\u1eb1ng b\u1ea1n ch\u1ec9 s\u1eed d\u1ee5ng n\u1ed9i th\u1ea5t \u0111\u00fang v\u1edbi m\u1ee5c \u0111\u00edch m\u00e0 n\u00f3 \u0111\u01b0\u1ee3c thi\u1ebft k\u1ebf.<br \/><br \/>Vi\u1ec7c s\u1eed d\u1ee5ng \u0111\u00fang c\u00e1ch v\u00e0 b\u1ea3o tr\u00ec \u0111\u1ecbnh k\u1ef3 l\u00e0 \u0111i\u1ec1u c\u1ea7n thi\u1ebft \u0111\u1ec3 \u0111\u1ea3m b\u1ea3o n\u1ed9i th\u1ea5t c\u1ee7a b\u1ea1n ho\u1ea1t \u0111\u1ed9ng t\u1ed1t trong th\u1eddi gian d\u00e0i.<\/p>\n\t\t\t\t\t<\/div>\n\t\t\t\t\t\t<\/div>\n\t\t\t\t<\/div>\n\t\t\t\t<div class=\"elementor-element elementor-element-9223bea elementor-widget elementor-widget-wd_text_block\" data-id=\"9223bea\" data-element_type=\"widget\" data-widget_type=\"wd_text_block.default\">\n\t\t\t\t<div class=\"elementor-widget-container\">\n\t\t\t\t\t\t\t<div class=\"wd-text-block reset-last-child text-left\">\n\t\t\t\n\t\t\t<p><b>2. Khu v\u1ef1c s\u1eed d\u1ee5ng<\/b><br \/><br \/>Ch\u1ec9 s\u1eed d\u1ee5ng trong nh\u00e0<br \/><br \/>Tr\u00e1nh nh\u1eefng \u0111i\u1ec1u ki\u1ec7n qu\u00e1 \u1ea9m \u01b0\u1edbt ho\u1eb7c c\u00f3 \u0111\u1ed9 \u1ea9m cao.\u00a0<br \/><br \/>Tr\u00e1nh \u0111\u1ec3 d\u01b0\u1edbi \u00e1nh n\u1eafng tr\u1ef1c ti\u1ebfp.<br \/><br \/>Kh\u00f4ng ph\u00f9 h\u1ee3p \u0111\u1ec3 s\u1eed d\u1ee5ng \u1edf nh\u1eefng khu v\u1ef1c \u1ea9m \u01b0\u1edbt, ngo\u00e0i tr\u1eddi ho\u1eb7c d\u00f9ng cho m\u1ee5c \u0111\u00edch th\u01b0\u01a1ng m\u1ea1i.<\/p>\n\t\t\t\t\t<\/div>\n\t\t\t\t\t\t<\/div>\n\t\t\t\t<\/div>\n\t\t\t\t<div class=\"elementor-element elementor-element-ca8f445 elementor-widget elementor-widget-wd_text_block\" data-id=\"ca8f445\" data-element_type=\"widget\" data-widget_type=\"wd_text_block.default\">\n\t\t\t\t<div class=\"elementor-widget-container\">\n\t\t\t\t\t\t\t<div class=\"wd-text-block reset-last-child text-left\">\n\t\t\t\n\t\t\t<p><b>3. Ch\u0103m s\u00f3c s\u1ea3n ph\u1ea9m<\/b><\/p><p>Lau s\u1ea1ch ngay l\u1eadp t\u1ee9c ch\u1ea5t l\u1ecfng b\u1ecb \u0111\u1ed5 b\u1eb1ng c\u00e1ch s\u1eed d\u1ee5ng m\u1ed9t mi\u1ebfng kh\u0103n kh\u00f4 s\u1ea1ch.<\/p><p data-start=\"129\" data-end=\"210\">Lau s\u1ea1ch th\u01b0\u1eddng xuy\u00ean b\u1eb1ng c\u00e1ch s\u1eed d\u1ee5ng m\u1ed9t chi\u1ebfc kh\u0103n v\u1ea3i m\u1ec1m v\u00e0 dung d\u1ecbch ch\u1ea5t t\u1ea9y nh\u1eb9 v\u00e0 n\u01b0\u1edbc \u1ea5m.<\/p><p data-start=\"212\" data-end=\"234\">Lau kh\u00f4 b\u1eb1ng m\u1ed9t chi\u1ebfc kh\u0103n v\u1ea3i m\u1ec1m.<\/p><p data-start=\"236\" data-end=\"311\">Kh\u00f4ng s\u1eed d\u1ee5ng thu\u1ed1c t\u1ea9y ho\u1eb7c b\u1ea5t k\u1ef3 ch\u1ea5t t\u1ea9y r\u1eeda c\u00f3 ch\u1ee9a axit sunfuric ho\u1eb7c hydrochloric.<\/p><p data-start=\"313\" data-end=\"406\">Tr\u00e1nh vi\u1ec7c s\u1eed d\u1ee5ng len th\u00e9p \u0111\u1ec3 c\u1ecd r\u1eeda v\u00ec ch\u00fang c\u00f3 th\u1ec3 l\u00e0m tr\u1ea7y x\u01b0\u1edbc v\u00e0 l\u00e0m h\u1ecfng b\u1ec1 m\u1eb7t kim lo\u1ea1i.<\/p>\n\t\t\t\t\t<\/div>\n\t\t\t\t\t\t<\/div>\n\t\t\t\t<\/div>\n\t\t\t\t\t<\/div>\n\t\t\t\t<\/div>\n\t\t\t\t<\/div>","protected":false},"excerpt":{"rendered":"<p>Care &amp; Maintenance &gt; Metal \u00a0 1. Intended use Please make sure that you only use your furniture for the<\/p>","protected":false},"author":1874,"featured_media":0,"parent":75507,"menu_order":0,"comment_status":"closed","ping_status":"closed","template":"","meta":{"footnotes":""},"class_list":["post-75511","page","type-page","status-publish","hentry"],"yoast_head":"<!-- This site is optimized with the Yoast SEO plugin v27.1.1 - https:\/\/yoast.com\/product\/yoast-seo-wordpress\/ -->\n<title>Metal - Care &amp; Maintenance - Casanha<\/title>\n<meta name=\"robots\" content=\"index, follow, max-snippet:-1, max-image-preview:large, max-video-preview:-1\" \/>\n<link rel=\"canonical\" href=\"https:\/\/casanha.com\/vi\/care-maintenance\/metal-care-maintenance\/\" \/>\n<meta property=\"og:locale\" content=\"vi_VN\" \/>\n<meta property=\"og:type\" content=\"article\" \/>\n<meta property=\"og:title\" content=\"Metal - Care &amp; Maintenance - Casanha\" \/>\n<meta property=\"og:description\" content=\"Care &amp; Maintenance &gt; Metal \u00a0 1. Intended use Please make sure that you only use your furniture for the\" \/>\n<meta property=\"og:url\" content=\"https:\/\/casanha.com\/vi\/care-maintenance\/metal-care-maintenance\/\" \/>\n<meta property=\"og:site_name\" content=\"Casanha\" \/>\n<meta property=\"article:publisher\" content=\"https:\/\/www.facebook.com\/CasanhaHome\" \/>\n<meta property=\"article:modified_time\" content=\"2025-06-03T17:03:13+00:00\" \/>\n<meta name=\"twitter:card\" content=\"summary_large_image\" \/>\n<script type=\"application\/ld+json\" class=\"yoast-schema-graph\">{\"@context\":\"https:\/\/schema.org\",\"@graph\":[{\"@type\":\"WebPage\",\"@id\":\"https:\/\/casanha.com\/care-maintenance\/metal-care-maintenance\/\",\"url\":\"https:\/\/casanha.com\/care-maintenance\/metal-care-maintenance\/\",\"name\":\"Metal - Care &amp; Maintenance - Casanha\",\"isPartOf\":{\"@id\":\"https:\/\/casanha.com\/vi\/#website\"},\"datePublished\":\"2025-03-29T04:29:29+00:00\",\"dateModified\":\"2025-06-03T17:03:13+00:00\",\"breadcrumb\":{\"@id\":\"https:\/\/casanha.com\/care-maintenance\/metal-care-maintenance\/#breadcrumb\"},\"inLanguage\":\"vi\",\"potentialAction\":[{\"@type\":\"ReadAction\",\"target\":[\"https:\/\/casanha.com\/care-maintenance\/metal-care-maintenance\/\"]}]},{\"@type\":\"BreadcrumbList\",\"@id\":\"https:\/\/casanha.com\/care-maintenance\/metal-care-maintenance\/#breadcrumb\",\"itemListElement\":[{\"@type\":\"ListItem\",\"position\":1,\"name\":\"Home\",\"item\":\"https:\/\/casanha.com\/\"},{\"@type\":\"ListItem\",\"position\":2,\"name\":\"Care &amp; Maintenance\",\"item\":\"https:\/\/casanha.com\/en\/care-maintenance\/\"},{\"@type\":\"ListItem\",\"position\":3,\"name\":\"Metal &#8211; Care &amp; Maintenance\"}]},{\"@type\":\"WebSite\",\"@id\":\"https:\/\/casanha.com\/vi\/#website\",\"url\":\"https:\/\/casanha.com\/vi\/\",\"name\":\"Casanha\",\"description\":\"Home Decor &amp; Furniture\",\"publisher\":{\"@id\":\"https:\/\/casanha.com\/vi\/#organization\"},\"potentialAction\":[{\"@type\":\"SearchAction\",\"target\":{\"@type\":\"EntryPoint\",\"urlTemplate\":\"https:\/\/casanha.com\/vi\/?s={search_term_string}\"},\"query-input\":{\"@type\":\"PropertyValueSpecification\",\"valueRequired\":true,\"valueName\":\"search_term_string\"}}],\"inLanguage\":\"vi\"},{\"@type\":\"Organization\",\"@id\":\"https:\/\/casanha.com\/vi\/#organization\",\"name\":\"Casanha\",\"url\":\"https:\/\/casanha.com\/vi\/\",\"logo\":{\"@type\":\"ImageObject\",\"inLanguage\":\"vi\",\"@id\":\"https:\/\/casanha.com\/vi\/#\/schema\/logo\/image\/\",\"url\":\"https:\/\/casanha-beta.s3.ap-southeast-1.amazonaws.com\/2026\/02\/logo-2026.jpg\",\"contentUrl\":\"https:\/\/casanha-beta.s3.ap-southeast-1.amazonaws.com\/2026\/02\/logo-2026.jpg\",\"width\":1500,\"height\":1500,\"caption\":\"Casanha\"},\"image\":{\"@id\":\"https:\/\/casanha.com\/vi\/#\/schema\/logo\/image\/\"},\"sameAs\":[\"https:\/\/www.facebook.com\/CasanhaHome\",\"https:\/\/www.instagram.com\/casanhahome\/\",\"https:\/\/www.youtube.com\/@casanha\",\"https:\/\/www.tiktok.com\/@casanha.com\",\"https:\/\/zalo.me\/casanhahome\"]}]}<\/script>\n<!-- \/ Yoast SEO plugin. -->","yoast_head_json":{"title":"Metal - Care &amp; Maintenance - Casanha","robots":{"index":"index","follow":"follow","max-snippet":"max-snippet:-1","max-image-preview":"max-image-preview:large","max-video-preview":"max-video-preview:-1"},"canonical":"https:\/\/casanha.com\/vi\/care-maintenance\/metal-care-maintenance\/","og_locale":"vi_VN","og_type":"article","og_title":"Metal - Care &amp; Maintenance - Casanha","og_description":"Care &amp; Maintenance &gt; Metal \u00a0 1. Intended use Please make sure that you only use your furniture for the","og_url":"https:\/\/casanha.com\/vi\/care-maintenance\/metal-care-maintenance\/","og_site_name":"Casanha","article_publisher":"https:\/\/www.facebook.com\/CasanhaHome","article_modified_time":"2025-06-03T17:03:13+00:00","twitter_card":"summary_large_image","schema":{"@context":"https:\/\/schema.org","@graph":[{"@type":"WebPage","@id":"https:\/\/casanha.com\/care-maintenance\/metal-care-maintenance\/","url":"https:\/\/casanha.com\/care-maintenance\/metal-care-maintenance\/","name":"Metal - Care &amp; Maintenance - Casanha","isPartOf":{"@id":"https:\/\/casanha.com\/vi\/#website"},"datePublished":"2025-03-29T04:29:29+00:00","dateModified":"2025-06-03T17:03:13+00:00","breadcrumb":{"@id":"https:\/\/casanha.com\/care-maintenance\/metal-care-maintenance\/#breadcrumb"},"inLanguage":"vi","potentialAction":[{"@type":"ReadAction","target":["https:\/\/casanha.com\/care-maintenance\/metal-care-maintenance\/"]}]},{"@type":"BreadcrumbList","@id":"https:\/\/casanha.com\/care-maintenance\/metal-care-maintenance\/#breadcrumb","itemListElement":[{"@type":"ListItem","position":1,"name":"Home","item":"https:\/\/casanha.com\/"},{"@type":"ListItem","position":2,"name":"Care &amp; Maintenance","item":"https:\/\/casanha.com\/en\/care-maintenance\/"},{"@type":"ListItem","position":3,"name":"Metal &#8211; Care &amp; Maintenance"}]},{"@type":"WebSite","@id":"https:\/\/casanha.com\/vi\/#website","url":"https:\/\/casanha.com\/vi\/","name":"Casanha","description":"Home Decor &amp; Furniture","publisher":{"@id":"https:\/\/casanha.com\/vi\/#organization"},"potentialAction":[{"@type":"SearchAction","target":{"@type":"EntryPoint","urlTemplate":"https:\/\/casanha.com\/vi\/?s={search_term_string}"},"query-input":{"@type":"PropertyValueSpecification","valueRequired":true,"valueName":"search_term_string"}}],"inLanguage":"vi"},{"@type":"Organization","@id":"https:\/\/casanha.com\/vi\/#organization","name":"Casanha","url":"https:\/\/casanha.com\/vi\/","logo":{"@type":"ImageObject","inLanguage":"vi","@id":"https:\/\/casanha.com\/vi\/#\/schema\/logo\/image\/","url":"https:\/\/casanha-beta.s3.ap-southeast-1.amazonaws.com\/2026\/02\/logo-2026.jpg","contentUrl":"https:\/\/casanha-beta.s3.ap-southeast-1.amazonaws.com\/2026\/02\/logo-2026.jpg","width":1500,"height":1500,"caption":"Casanha"},"image":{"@id":"https:\/\/casanha.com\/vi\/#\/schema\/logo\/image\/"},"sameAs":["https:\/\/www.facebook.com\/CasanhaHome","https:\/\/www.instagram.com\/casanhahome\/","https:\/\/www.youtube.com\/@casanha","https:\/\/www.tiktok.com\/@casanha.com","https:\/\/zalo.me\/casanhahome"]}]}},"_links":{"self":[{"href":"https:\/\/casanha.com\/vi\/wp-json\/wp\/v2\/pages\/75511","targetHints":{"allow":["GET"]}}],"collection":[{"href":"https:\/\/casanha.com\/vi\/wp-json\/wp\/v2\/pages"}],"about":[{"href":"https:\/\/casanha.com\/vi\/wp-json\/wp\/v2\/types\/page"}],"author":[{"embeddable":true,"href":"https:\/\/casanha.com\/vi\/wp-json\/wp\/v2\/users\/1874"}],"replies":[{"embeddable":true,"href":"https:\/\/casanha.com\/vi\/wp-json\/wp\/v2\/comments?post=75511"}],"version-history":[{"count":3,"href":"https:\/\/casanha.com\/vi\/wp-json\/wp\/v2\/pages\/75511\/revisions"}],"predecessor-version":[{"id":100189,"href":"https:\/\/casanha.com\/vi\/wp-json\/wp\/v2\/pages\/75511\/revisions\/100189"}],"up":[{"embeddable":true,"href":"https:\/\/casanha.com\/vi\/wp-json\/wp\/v2\/pages\/75507"}],"wp:attachment":[{"href":"https:\/\/casanha.com\/vi\/wp-json\/wp\/v2\/media?parent=75511"}],"curies":[{"name":"wp","href":"https:\/\/api.w.org\/{rel}","templated":true}]}}