{"id":75508,"date":"2025-03-29T11:23:49","date_gmt":"2025-03-29T04:23:49","guid":{"rendered":"http:\/\/casanha.test\/?page_id=72359"},"modified":"2025-06-05T15:46:24","modified_gmt":"2025-06-05T08:46:24","slug":"fragrance-care-maintenance","status":"publish","type":"page","link":"https:\/\/casanha.com\/vi\/care-maintenance\/fragrance-care-maintenance\/","title":{"rendered":"Fragrance &#8211; Care &amp; Maintenance"},"content":{"rendered":"<div data-elementor-type=\"wp-page\" data-elementor-id=\"75508\" class=\"elementor elementor-75508\">\n\t\t\t\t<div class=\"wd-negative-gap elementor-element elementor-element-71c90e5 e-flex e-con-boxed e-con e-parent\" data-id=\"71c90e5\" data-element_type=\"container\">\n\t\t\t\t\t<div class=\"e-con-inner\">\n\t\t\t\t<div class=\"elementor-element elementor-element-1e5c839 elementor-widget elementor-widget-wd_text_block\" data-id=\"1e5c839\" data-element_type=\"widget\" data-widget_type=\"wd_text_block.default\">\n\t\t\t\t<div class=\"elementor-widget-container\">\n\t\t\t\t\t\t\t<div class=\"wd-text-block reset-last-child text-left\">\n\t\t\t\n\t\t\t<p><a href=\"https:\/\/casanha.com\/vi\/care-maintenance\/\">Ch\u0103m s\u00f3c &amp; B\u1ea3o qu\u1ea3n<\/a> &gt; N\u1ebfn th\u01a1m &amp; Tinh d\u1ea7u<\/p><p>\u00a0<\/p>\n\t\t\t\t\t<\/div>\n\t\t\t\t\t\t<\/div>\n\t\t\t\t<\/div>\n\t\t\t\t\t<\/div>\n\t\t\t\t<\/div>\n\t\t<div class=\"wd-negative-gap elementor-element elementor-element-8f99a7f e-grid e-con-boxed e-con e-parent\" data-id=\"8f99a7f\" data-element_type=\"container\">\n\t\t\t\t\t<div class=\"e-con-inner\">\n\t\t\t\t<div class=\"elementor-element elementor-element-12a499d elementor-widget elementor-widget-image\" data-id=\"12a499d\" data-element_type=\"widget\" data-widget_type=\"image.default\">\n\t\t\t\t<div class=\"elementor-widget-container\">\n\t\t\t\t\t\t\t\t\t\t\t\t\t\t\t<img fetchpriority=\"high\" decoding=\"async\" width=\"683\" height=\"1024\" src=\"https:\/\/casanha-beta.s3.ap-southeast-1.amazonaws.com\/2023\/10\/no-revisions-OAW0OCLn52I-unsplash-683x1024.jpg\" class=\"attachment-large size-large wp-image-45312 wp-post-image\" alt=\"\" \/>\t\t\t\t\t\t\t\t\t\t\t\t\t\t\t<\/div>\n\t\t\t\t<\/div>\n\t\t\t\t<div class=\"elementor-element elementor-element-773403d elementor-widget elementor-widget-wd_text_block\" data-id=\"773403d\" data-element_type=\"widget\" data-widget_type=\"wd_text_block.default\">\n\t\t\t\t<div class=\"elementor-widget-container\">\n\t\t\t\t\t\t\t<div class=\"wd-text-block reset-last-child text-left\">\n\t\t\t\n\t\t\t<p><strong>TINH D\u1ea6U KHU\u1ebeCH T\u00c1N<\/strong><\/p><p data-start=\"0\" data-end=\"442\">\u0110\u1ea7u ti\u00ean l\u00e0 thanh t\u00e1n h\u01b0\u01a1ng. Thanh t\u00e1n h\u01b0\u01a1ng t\u1ea1i Casanh\u00e0 th\u01b0\u1eddng \u0111\u01b0\u1ee3c l\u00e0m t\u1eeb ch\u1ea5t li\u1ec7u t\u1ef1 nhi\u00ean nh\u01b0 m\u00e2y ho\u1eb7c s\u1eady, khi s\u1eed d\u1ee5ng qua th\u1eddi gian s\u1ebd c\u00f3 hi\u1ec7n t\u01b0\u1ee3ng b\u1ecb b\u00e1m t\u1eafc tinh d\u1ea7u v\u00e0 m\u1ea5t \u0111i kh\u1ea3 n\u0103ng t\u00e1n h\u01b0\u01a1ng t\u1ef1 nhi\u00ean. V\u00ec th\u1ebf, khi s\u1eed d\u1ee5ng, b\u1ea1n n\u00ean ch\u00fa \u00fd xem c\u00f3 d\u1ea5u hi\u1ec7u gi\u1ea3m m\u00f9i ho\u1eb7c thanh t\u00e1n h\u01b0\u01a1ng b\u1ecb \u0111\u1ed5i m\u00e0u. Khi hi\u1ec7n t\u01b0\u1ee3ng n\u00e0y x\u1ea3y ra, b\u1ea1n n\u00ean thay \u0111\u1ed5i ho\u1eb7c mua m\u1edbi thanh t\u00e1n h\u01b0\u01a1ng \u0111\u1ec3 s\u1eed d\u1ee5ng tinh d\u1ea7u t\u00e1n h\u01b0\u01a1ng m\u1ed9t c\u00e1ch t\u1ed1i \u01b0u b\u1ea1n nh\u00e9!<\/p><p data-start=\"444\" data-end=\"695\">N\u00ean \u0111\u1ec3 tinh d\u1ea7u khu\u1ebfch t\u00e1n t\u1ea1i nh\u1eefng n\u01a1i th\u00f4ng tho\u00e1ng, n\u01a1i m\u00e0 kh\u00f4ng kh\u00ed l\u01b0u th\u00f4ng t\u1ef1 do, nh\u01b0 l\u1ed1i v\u00e0o, ph\u00f2ng kh\u00e1ch, hay ph\u00f2ng t\u1eafm. Kh\u00f4ng n\u00ean \u0111\u1eb7t tinh d\u1ea7u khu\u1ebfch t\u00e1n g\u1ea7n ngu\u1ed3n nhi\u1ec7t hay tr\u1ef1c ti\u1ebfp d\u01b0\u1edbi \u00e1nh n\u1eafng m\u1eb7t tr\u1eddi \u0111\u1ec3 tr\u00e1nh tinh d\u1ea7u bay h\u01a1i nhanh.<\/p><p data-start=\"697\" data-end=\"993\" data-is-last-node=\"\" data-is-only-node=\"\">Ch\u0103m s\u00f3c b\u00ecnh \u0111\u1ef1ng tinh d\u1ea7u c\u1ee7a b\u1ea1n c\u0169ng quan tr\u1ecdng nh\u01b0 vi\u1ec7c ch\u1ecdn \u0111\u00fang m\u00f9i h\u01b0\u01a1ng. L\u00e0m s\u1ea1ch b\u00ecnh th\u01b0\u1eddng xuy\u00ean b\u1eb1ng c\u00e1ch r\u1eeda b\u1eb1ng tay nh\u1eb9 nh\u00e0ng b\u1eb1ng n\u01b0\u1edbc x\u00e0 ph\u00f2ng \u1ea5m. \u0110i\u1ec1u n\u00e0y v\u1eeba gi\u00fap b\u00ecnh \u0111\u1ef1ng tinh d\u1ea7u lu\u00f4n t\u01b0\u01a1i m\u1edbi. Nh\u1edb r\u1eeda b\u00ecnh b\u1eb1ng v\u1ea3i m\u1ec1m ho\u1eb7c mi\u1ebfng b\u1ecdt bi\u1ec3n \u0111\u1ec3 tr\u00e1nh l\u00e0m tr\u1ea7y b\u00ecnh b\u1ea1n nh\u00e9!<\/p>\n\t\t\t\t\t<\/div>\n\t\t\t\t\t\t<\/div>\n\t\t\t\t<\/div>\n\t\t\t\t<div class=\"elementor-element elementor-element-df637d7 elementor-widget elementor-widget-wd_text_block\" data-id=\"df637d7\" data-element_type=\"widget\" data-widget_type=\"wd_text_block.default\">\n\t\t\t\t<div class=\"elementor-widget-container\">\n\t\t\t\t\t\t\t<div class=\"wd-text-block reset-last-child text-left\">\n\t\t\t\n\t\t\t<div><strong>N\u1ebeN TH\u01a0M<\/strong><\/div><div>\u00a0<\/div><div id=\"text_block-19-45308\" class=\"ct-text-block\"><article class=\"text-token-text-primary w-full\" dir=\"auto\" data-testid=\"conversation-turn-26\" data-scroll-anchor=\"true\"><div class=\"text-base my-auto mx-auto py-5 [--thread-content-margin:--spacing(4)] @[37rem]:[--thread-content-margin:--spacing(6)] @[72rem]:[--thread-content-margin:--spacing(16)] px-(--thread-content-margin)\"><div class=\"[--thread-content-max-width:32rem] @[34rem]:[--thread-content-max-width:40rem] @[64rem]:[--thread-content-max-width:48rem] mx-auto flex max-w-(--thread-content-max-width) flex-1 text-base gap-4 md:gap-5 lg:gap-6 group\/turn-messages focus-visible:outline-hidden\" tabindex=\"-1\"><div class=\"group\/conversation-turn relative flex w-full min-w-0 flex-col agent-turn\"><div class=\"relative flex-col gap-1 md:gap-3\"><div class=\"flex max-w-full flex-col grow\"><div class=\"min-h-8 text-message relative flex w-full flex-col items-end gap-2 text-start break-words whitespace-normal [.text-message+&amp;]:mt-5\" dir=\"auto\" data-message-author-role=\"assistant\" data-message-id=\"329b8ec8-5b48-4b20-9999-c664d0621861\" data-message-model-slug=\"gpt-4-1-mini\"><div class=\"flex w-full flex-col gap-1 empty:hidden first:pt-[3px]\"><div class=\"markdown prose dark:prose-invert w-full break-words light\"><p data-start=\"0\" data-end=\"66\"><strong data-start=\"0\" data-end=\"66\">H\u00c3Y \u0110\u1ec2 N\u1ebeN TH\u01a0M CH\u00c1Y H\u1ebeT B\u1ec0 M\u1eb6T CHO L\u1ea6N \u0110\u1ed0T \u0110\u1ea6U TI\u00caN<\/strong><\/p><p data-start=\"68\" data-end=\"328\">Khi b\u1ea1n \u0111\u1ed1t n\u1ebfn l\u1ea7n \u0111\u1ea7u ti\u00ean, n\u00ean \u0111\u1ec3 n\u1ebfn t\u1ef1 \u0111\u1ed1t trong m\u1ed9t th\u1eddi gian cho \u0111\u1ebfn khi to\u00e0n b\u1ed9 b\u1ec1 m\u1eb7t c\u1ee7a s\u00e1p \u0111\u01b0\u1ee3c tan ch\u1ea3y \u0111\u1ec3 tr\u00e1nh hi\u1ec7n t\u01b0\u1ee3ng v\u00f2ng tr\u00f2n s\u00e1p xung quanh vi\u1ec1n ngo\u00e0i c\u1ee7a c\u1ed1c n\u1ebfn s\u1ebd kh\u00f4ng bao gi\u1edd \u0111\u01b0\u1ee3c \u0111\u1ed1t \u0111\u1ebfn, l\u00e0m hao h\u1ee5t tu\u1ed5i th\u1ecd s\u1eed d\u1ee5ng c\u1ee7a n\u1ebfn.<\/p><p data-start=\"330\" data-end=\"365\"><strong data-start=\"330\" data-end=\"365\">L\u00c0M S\u1ea0CH B\u1ec0 M\u1eb6T S\u00c1P N\u1ebeN TH\u01af\u1edcNG XUY\u00caN<\/strong><\/p><p data-start=\"367\" data-end=\"593\">Sau khi s\u1eed d\u1ee5ng n\u1ebfn v\u00e0i l\u1ea7n, b\u1ea1n c\u00f3 th\u1ec3 th\u1ea5y b\u1ed3 h\u00f3ng v\u00e0 c\u00e1c m\u1ea3nh v\u1ee5n, ho\u1eb7c b\u1ee5i kh\u00e1c t\u00edch t\u1ee5 tr\u00ean b\u1ec1 m\u1eb7t s\u00e1p. D\u00f9ng kh\u0103n gi\u1ea5y kh\u00f4 ho\u1eb7c nh\u00edp \u0111\u1ec3 lo\u1ea1i b\u1ecf \u0111\u1ec3 tr\u00e1nh in v\u00e2n tay l\u00ean b\u1ec1 m\u1eb7t s\u00e1p tr\u00e1nh g\u00e2y m\u1ea5t th\u1ea9m m\u1ef9 b\u1ec1 m\u1eb7t s\u00e1p.<\/p><p data-start=\"595\" data-end=\"622\"><strong data-start=\"595\" data-end=\"622\">C\u1eaeT B\u1ea4C SAU KHI S\u1eec D\u1ee4NG<\/strong><\/p><p data-start=\"624\" data-end=\"845\">\u0110\u1ec3 n\u1ebfn ch\u00e1y \u0111\u1ec1u, \u0111\u1ed9 d\u00e0i c\u1ee7a b\u1ea5c n\u1ebfn kh\u00e1 quan tr\u1ecdng. B\u1ea5c n\u1ebfn n\u00ean \u0111\u01b0\u1ee3c c\u1eaft\/t\u1ec9a c\u00e1ch b\u1ec1 m\u1eb7t s\u00e1p t\u1ea7m 0.75cm \u0111\u1ec3 \u0111\u1ea3m b\u1ea3o b\u1ea5c kh\u00f4ng ng\u1eafn qu\u00e1 v\u00e0 b\u1ecb r\u1edbt xu\u1ed1ng s\u00e1p \u0111ang ch\u1ea3y ho\u1eb7c \u0111\u1ea7u b\u1ea5c b\u1ecb ch\u00e1y \u0111en t\u1eeb nh\u1eefng l\u1ea7n s\u1eed d\u1ee5ng tr\u01b0\u1edbc.<\/p><p data-start=\"847\" data-end=\"879\"><strong data-start=\"847\" data-end=\"879\">D\u1eacP T\u1eaeT N\u1ebeN \u0110\u00daNG C\u00c1CH AN TO\u00c0N<\/strong><\/p><p data-start=\"881\" data-end=\"1235\">Sau khi s\u1eed d\u1ee5ng, d\u1eadp t\u1eaft n\u1ebfn c\u0169ng l\u00e0 k\u0129 n\u0103ng c\u1ea7n thi\u1ebft \u0111\u1ec3 \u0111\u1ea3m b\u1ea3o an to\u00e0n khi s\u1eed d\u1ee5ng v\u00e0 \u0111\u1ed3ng th\u1eddi k\u00e9o d\u00e0i tu\u1ed5i th\u1ecd s\u1eed d\u1ee5ng c\u1ee7a n\u1ebfn. N\u1ebfu n\u1ebfn th\u01a1m c\u1ee7a b\u1ea1n c\u00f3 n\u1eafp \u0111\u1eady, khi t\u1eaft n\u1ebfn, b\u1ea1n c\u00f3 th\u1ec3 nh\u1eb9 nh\u00e0ng \u0111\u1eady n\u1eafp k\u00edn l\u1ea1i v\u00e0 ng\u1ecdn n\u1ebfn s\u1ebd d\u1ea7n \u0111\u01b0\u1ee3c d\u1eadp t\u1eaft. N\u1ebfu n\u1ebfn c\u1ee7a b\u1ea1n kh\u00f4ng c\u00f3 n\u1eafp, b\u1ea1n c\u00f3 th\u1ec3 d\u00f9ng c\u00e2y d\u1eadp n\u1ebfn snuffer \u0111\u1ec3 t\u1eaft ng\u1ecdn n\u1ebfn. Trong tr\u01b0\u1eddng h\u1ee3p th\u1ed5i n\u1ebfn, b\u1ea1n n\u00ean th\u1ed5i nh\u1eb9 nh\u00e0ng \u0111\u1ec3 tr\u00e1nh l\u00e0m v\u0103ng s\u00e1p ra ngo\u00e0i g\u00e2y ch\u00e1y b\u1ecfng khi ti\u1ebfp x\u00fac tr\u00ean da ho\u1eb7c b\u1ec1 m\u1eb7t n\u01a1i \u0111\u1ec3 n\u1ebfn.<\/p><p data-start=\"1237\" data-end=\"1348\">\u0110\u1ed3ng th\u1eddi, b\u1ea1n c\u00f3 th\u1ec3 d\u00f9ng nh\u00edp chuy\u00ean d\u1ee5ng \u0111\u1ec3 nh\u00fang b\u1ea5c n\u1ebfn v\u00e0o s\u00e1p \u0111ang ch\u1ea3y v\u00e0 d\u1ef1ng b\u1ea5c l\u00ean l\u1ea1i cho nh\u1eefng l\u1ea7n s\u1eed d\u1ee5ng sau.<\/p><p data-start=\"1350\" data-end=\"1402\"><strong data-start=\"1350\" data-end=\"1402\">KH\u00d4NG S\u1eec D\u1ee4NG N\u1ebeN TH\u01a0M \u0110\u1ebeN KHI C\u1ea0N S\u00c1P<\/strong><\/p><p data-start=\"1404\" data-end=\"1630\">H\u1ea1n ch\u1ebf s\u1eed d\u1ee5ng s\u00e1p th\u01a1m khi n\u1ebfn s\u1eafp c\u1ea1n v\u00ec c\u00f3 th\u1ec3 l\u00e0m h\u01b0 h\u1ecfng c\u1ed1c \u0111\u1ef1ng, n\u00ean s\u1eed d\u1ee5ng n\u1ebfn khi s\u00e1p th\u01a1m c\u00f2n kho\u1ea3ng 1cm t\u1eeb \u0111\u00e1y c\u1ed1c \u0111\u1ec3 b\u1ea1n c\u00f3 th\u1ec3 t\u00e1i s\u1eed d\u1ee5ng c\u1ed1c n\u1ebfn l\u00e0m b\u00ecnh hoa ho\u1eb7c d\u00f9ng \u0111\u1ec3 l\u01b0u tr\u1eef.<\/p><p data-start=\"1632\" data-end=\"1796\">\u0110\u1ec3 l\u00e0m s\u1ea1ch ph\u1ea7n s\u00e1p c\u00f2n l\u1ea1i trong c\u1ed1c, b\u1ea1n c\u00f3 th\u1ec3 \u0111\u1ed5 n\u01b0\u1edbc n\u00f3ng v\u00e0o c\u1ed1c v\u00e0 \u0111\u1ec3 m\u1ed9t th\u1eddi gian, ph\u1ea7n s\u00e1p c\u00f2n l\u1ea1i s\u1ebd n\u1ed5i l\u00ean b\u1ec1 m\u1eb7t n\u01b0\u1edbc v\u00e0 b\u1ea1n c\u00f3 th\u1ec3 d\u1ec5 d\u00e0ng l\u00e0m s\u1ea1ch v\u00e0 t\u00e1i s\u1eed d\u1ee5ng c\u1ed1c.<\/p><p data-start=\"1798\" data-end=\"1860\"><strong data-start=\"1798\" data-end=\"1860\">L\u01afU TR\u1eee N\u1ebeN TH\u01a0M T\u1ea0I N\u01a0I C\u00d3 B\u00d3NG R\u00c2M V\u00c0 THO\u00c1NG M\u00c1T<\/strong><\/p><p data-start=\"1862\" data-end=\"2094\" data-is-last-node=\"\" data-is-only-node=\"\">\u0110\u1ec3 n\u1ebfn th\u01a1m n\u01a1i tho\u00e1ng m\u00e1t, tr\u00e1nh gi\u00f3, tr\u00e1nh \u00e1nh n\u1eafng tr\u1ef1c ti\u1ebfp \u0111\u1ec3 n\u1ebfn kh\u00f4ng b\u1ecb m\u1ea5t m\u00f9i, m\u1ea5t m\u00e0u, v\u00e0 s\u00e1p ch\u00e1y \u0111\u1ec1u. Tr\u00e1nh \u0111\u1ec3 n\u1ebfn tr\u00ean b\u1ec1 m\u1eb7t n\u1ed9i th\u1ea5t v\u00ec c\u00f3 th\u1ec3 g\u00e2y h\u01b0 h\u1ecfng do nhi\u1ec7t t\u1ecfa ra t\u1eeb n\u1ebfn, s\u1eed d\u1ee5ng khay ho\u1eb7c t\u1ea5m l\u00f3t cho k\u1ebft qu\u1ea3 t\u1ed1t nh\u1ea5t.<\/p><\/div><\/div><\/div><\/div><\/div><\/div><\/div><\/div><\/article><\/div>\n\t\t\t\t\t<\/div>\n\t\t\t\t\t\t<\/div>\n\t\t\t\t<\/div>\n\t\t\t\t\t<\/div>\n\t\t\t\t<\/div>\n\t\t\t\t<\/div>","protected":false},"excerpt":{"rendered":"<p>Care &amp; Maintenance &gt; Candles &amp; Diffusers \u00a0 DIFFUSERS First is the diffuser sticks. At Casanh\u00e0, diffuser sticks are usually<\/p>","protected":false},"author":1874,"featured_media":0,"parent":75507,"menu_order":0,"comment_status":"closed","ping_status":"closed","template":"","meta":{"footnotes":""},"class_list":["post-75508","page","type-page","status-publish","hentry"],"yoast_head":"<!-- This site is optimized with the Yoast SEO plugin v27.1.1 - https:\/\/yoast.com\/product\/yoast-seo-wordpress\/ -->\n<title>Fragrance - Care &amp; Maintenance - Casanha<\/title>\n<meta name=\"robots\" content=\"index, follow, max-snippet:-1, max-image-preview:large, max-video-preview:-1\" \/>\n<link rel=\"canonical\" href=\"https:\/\/casanha.com\/vi\/care-maintenance\/fragrance-care-maintenance\/\" \/>\n<meta property=\"og:locale\" content=\"vi_VN\" \/>\n<meta property=\"og:type\" content=\"article\" \/>\n<meta property=\"og:title\" content=\"Fragrance - Care &amp; Maintenance - Casanha\" \/>\n<meta property=\"og:description\" content=\"Care &amp; Maintenance &gt; Candles &amp; Diffusers \u00a0 DIFFUSERS First is the diffuser sticks. At Casanh\u00e0, diffuser sticks are usually\" \/>\n<meta property=\"og:url\" content=\"https:\/\/casanha.com\/vi\/care-maintenance\/fragrance-care-maintenance\/\" \/>\n<meta property=\"og:site_name\" content=\"Casanha\" \/>\n<meta property=\"article:publisher\" content=\"https:\/\/www.facebook.com\/CasanhaHome\" \/>\n<meta property=\"article:modified_time\" content=\"2025-06-05T08:46:24+00:00\" \/>\n<meta property=\"og:image\" content=\"https:\/\/casanha.com\/wp-content\/uploads\/2023\/10\/no-revisions-OAW0OCLn52I-unsplash-683x1024.jpg\" \/>\n<meta name=\"twitter:card\" content=\"summary_large_image\" \/>\n<script type=\"application\/ld+json\" class=\"yoast-schema-graph\">{\"@context\":\"https:\/\/schema.org\",\"@graph\":[{\"@type\":\"WebPage\",\"@id\":\"https:\/\/casanha.com\/care-maintenance\/fragrance-care-maintenance\/\",\"url\":\"https:\/\/casanha.com\/care-maintenance\/fragrance-care-maintenance\/\",\"name\":\"Fragrance - Care &amp; Maintenance - Casanha\",\"isPartOf\":{\"@id\":\"https:\/\/casanha.com\/vi\/#website\"},\"primaryImageOfPage\":{\"@id\":\"https:\/\/casanha.com\/care-maintenance\/fragrance-care-maintenance\/#primaryimage\"},\"image\":{\"@id\":\"https:\/\/casanha.com\/care-maintenance\/fragrance-care-maintenance\/#primaryimage\"},\"thumbnailUrl\":\"https:\/\/casanha.com\/wp-content\/uploads\/2023\/10\/no-revisions-OAW0OCLn52I-unsplash-683x1024.jpg\",\"datePublished\":\"2025-03-29T04:23:49+00:00\",\"dateModified\":\"2025-06-05T08:46:24+00:00\",\"breadcrumb\":{\"@id\":\"https:\/\/casanha.com\/care-maintenance\/fragrance-care-maintenance\/#breadcrumb\"},\"inLanguage\":\"vi\",\"potentialAction\":[{\"@type\":\"ReadAction\",\"target\":[\"https:\/\/casanha.com\/care-maintenance\/fragrance-care-maintenance\/\"]}]},{\"@type\":\"ImageObject\",\"inLanguage\":\"vi\",\"@id\":\"https:\/\/casanha.com\/care-maintenance\/fragrance-care-maintenance\/#primaryimage\",\"url\":\"https:\/\/casanha.com\/wp-content\/uploads\/2023\/10\/no-revisions-OAW0OCLn52I-unsplash-683x1024.jpg\",\"contentUrl\":\"https:\/\/casanha.com\/wp-content\/uploads\/2023\/10\/no-revisions-OAW0OCLn52I-unsplash-683x1024.jpg\"},{\"@type\":\"BreadcrumbList\",\"@id\":\"https:\/\/casanha.com\/care-maintenance\/fragrance-care-maintenance\/#breadcrumb\",\"itemListElement\":[{\"@type\":\"ListItem\",\"position\":1,\"name\":\"Home\",\"item\":\"https:\/\/casanha.com\/\"},{\"@type\":\"ListItem\",\"position\":2,\"name\":\"Care &amp; Maintenance\",\"item\":\"https:\/\/casanha.com\/en\/care-maintenance\/\"},{\"@type\":\"ListItem\",\"position\":3,\"name\":\"Fragrance &#8211; Care &amp; Maintenance\"}]},{\"@type\":\"WebSite\",\"@id\":\"https:\/\/casanha.com\/vi\/#website\",\"url\":\"https:\/\/casanha.com\/vi\/\",\"name\":\"Casanha\",\"description\":\"Home Decor &amp; Furniture\",\"publisher\":{\"@id\":\"https:\/\/casanha.com\/vi\/#organization\"},\"potentialAction\":[{\"@type\":\"SearchAction\",\"target\":{\"@type\":\"EntryPoint\",\"urlTemplate\":\"https:\/\/casanha.com\/vi\/?s={search_term_string}\"},\"query-input\":{\"@type\":\"PropertyValueSpecification\",\"valueRequired\":true,\"valueName\":\"search_term_string\"}}],\"inLanguage\":\"vi\"},{\"@type\":\"Organization\",\"@id\":\"https:\/\/casanha.com\/vi\/#organization\",\"name\":\"Casanha\",\"url\":\"https:\/\/casanha.com\/vi\/\",\"logo\":{\"@type\":\"ImageObject\",\"inLanguage\":\"vi\",\"@id\":\"https:\/\/casanha.com\/vi\/#\/schema\/logo\/image\/\",\"url\":\"https:\/\/casanha-beta.s3.ap-southeast-1.amazonaws.com\/2026\/02\/logo-2026.jpg\",\"contentUrl\":\"https:\/\/casanha-beta.s3.ap-southeast-1.amazonaws.com\/2026\/02\/logo-2026.jpg\",\"width\":1500,\"height\":1500,\"caption\":\"Casanha\"},\"image\":{\"@id\":\"https:\/\/casanha.com\/vi\/#\/schema\/logo\/image\/\"},\"sameAs\":[\"https:\/\/www.facebook.com\/CasanhaHome\",\"https:\/\/www.instagram.com\/casanhahome\/\",\"https:\/\/www.youtube.com\/@casanha\",\"https:\/\/www.tiktok.com\/@casanha.com\",\"https:\/\/zalo.me\/casanhahome\"]}]}<\/script>\n<!-- \/ Yoast SEO plugin. -->","yoast_head_json":{"title":"Fragrance - Care &amp; Maintenance - Casanha","robots":{"index":"index","follow":"follow","max-snippet":"max-snippet:-1","max-image-preview":"max-image-preview:large","max-video-preview":"max-video-preview:-1"},"canonical":"https:\/\/casanha.com\/vi\/care-maintenance\/fragrance-care-maintenance\/","og_locale":"vi_VN","og_type":"article","og_title":"Fragrance - Care &amp; Maintenance - Casanha","og_description":"Care &amp; Maintenance &gt; Candles &amp; Diffusers \u00a0 DIFFUSERS First is the diffuser sticks. At Casanh\u00e0, diffuser sticks are usually","og_url":"https:\/\/casanha.com\/vi\/care-maintenance\/fragrance-care-maintenance\/","og_site_name":"Casanha","article_publisher":"https:\/\/www.facebook.com\/CasanhaHome","article_modified_time":"2025-06-05T08:46:24+00:00","og_image":[{"url":"https:\/\/casanha.com\/wp-content\/uploads\/2023\/10\/no-revisions-OAW0OCLn52I-unsplash-683x1024.jpg","type":"","width":"","height":""}],"twitter_card":"summary_large_image","schema":{"@context":"https:\/\/schema.org","@graph":[{"@type":"WebPage","@id":"https:\/\/casanha.com\/care-maintenance\/fragrance-care-maintenance\/","url":"https:\/\/casanha.com\/care-maintenance\/fragrance-care-maintenance\/","name":"Fragrance - Care &amp; Maintenance - Casanha","isPartOf":{"@id":"https:\/\/casanha.com\/vi\/#website"},"primaryImageOfPage":{"@id":"https:\/\/casanha.com\/care-maintenance\/fragrance-care-maintenance\/#primaryimage"},"image":{"@id":"https:\/\/casanha.com\/care-maintenance\/fragrance-care-maintenance\/#primaryimage"},"thumbnailUrl":"https:\/\/casanha.com\/wp-content\/uploads\/2023\/10\/no-revisions-OAW0OCLn52I-unsplash-683x1024.jpg","datePublished":"2025-03-29T04:23:49+00:00","dateModified":"2025-06-05T08:46:24+00:00","breadcrumb":{"@id":"https:\/\/casanha.com\/care-maintenance\/fragrance-care-maintenance\/#breadcrumb"},"inLanguage":"vi","potentialAction":[{"@type":"ReadAction","target":["https:\/\/casanha.com\/care-maintenance\/fragrance-care-maintenance\/"]}]},{"@type":"ImageObject","inLanguage":"vi","@id":"https:\/\/casanha.com\/care-maintenance\/fragrance-care-maintenance\/#primaryimage","url":"https:\/\/casanha.com\/wp-content\/uploads\/2023\/10\/no-revisions-OAW0OCLn52I-unsplash-683x1024.jpg","contentUrl":"https:\/\/casanha.com\/wp-content\/uploads\/2023\/10\/no-revisions-OAW0OCLn52I-unsplash-683x1024.jpg"},{"@type":"BreadcrumbList","@id":"https:\/\/casanha.com\/care-maintenance\/fragrance-care-maintenance\/#breadcrumb","itemListElement":[{"@type":"ListItem","position":1,"name":"Home","item":"https:\/\/casanha.com\/"},{"@type":"ListItem","position":2,"name":"Care &amp; Maintenance","item":"https:\/\/casanha.com\/en\/care-maintenance\/"},{"@type":"ListItem","position":3,"name":"Fragrance &#8211; Care &amp; Maintenance"}]},{"@type":"WebSite","@id":"https:\/\/casanha.com\/vi\/#website","url":"https:\/\/casanha.com\/vi\/","name":"Casanha","description":"Home Decor &amp; Furniture","publisher":{"@id":"https:\/\/casanha.com\/vi\/#organization"},"potentialAction":[{"@type":"SearchAction","target":{"@type":"EntryPoint","urlTemplate":"https:\/\/casanha.com\/vi\/?s={search_term_string}"},"query-input":{"@type":"PropertyValueSpecification","valueRequired":true,"valueName":"search_term_string"}}],"inLanguage":"vi"},{"@type":"Organization","@id":"https:\/\/casanha.com\/vi\/#organization","name":"Casanha","url":"https:\/\/casanha.com\/vi\/","logo":{"@type":"ImageObject","inLanguage":"vi","@id":"https:\/\/casanha.com\/vi\/#\/schema\/logo\/image\/","url":"https:\/\/casanha-beta.s3.ap-southeast-1.amazonaws.com\/2026\/02\/logo-2026.jpg","contentUrl":"https:\/\/casanha-beta.s3.ap-southeast-1.amazonaws.com\/2026\/02\/logo-2026.jpg","width":1500,"height":1500,"caption":"Casanha"},"image":{"@id":"https:\/\/casanha.com\/vi\/#\/schema\/logo\/image\/"},"sameAs":["https:\/\/www.facebook.com\/CasanhaHome","https:\/\/www.instagram.com\/casanhahome\/","https:\/\/www.youtube.com\/@casanha","https:\/\/www.tiktok.com\/@casanha.com","https:\/\/zalo.me\/casanhahome"]}]}},"_links":{"self":[{"href":"https:\/\/casanha.com\/vi\/wp-json\/wp\/v2\/pages\/75508","targetHints":{"allow":["GET"]}}],"collection":[{"href":"https:\/\/casanha.com\/vi\/wp-json\/wp\/v2\/pages"}],"about":[{"href":"https:\/\/casanha.com\/vi\/wp-json\/wp\/v2\/types\/page"}],"author":[{"embeddable":true,"href":"https:\/\/casanha.com\/vi\/wp-json\/wp\/v2\/users\/1874"}],"replies":[{"embeddable":true,"href":"https:\/\/casanha.com\/vi\/wp-json\/wp\/v2\/comments?post=75508"}],"version-history":[{"count":3,"href":"https:\/\/casanha.com\/vi\/wp-json\/wp\/v2\/pages\/75508\/revisions"}],"predecessor-version":[{"id":100236,"href":"https:\/\/casanha.com\/vi\/wp-json\/wp\/v2\/pages\/75508\/revisions\/100236"}],"up":[{"embeddable":true,"href":"https:\/\/casanha.com\/vi\/wp-json\/wp\/v2\/pages\/75507"}],"wp:attachment":[{"href":"https:\/\/casanha.com\/vi\/wp-json\/wp\/v2\/media?parent=75508"}],"curies":[{"name":"wp","href":"https:\/\/api.w.org\/{rel}","templated":true}]}}