{"id":75506,"date":"2025-03-29T10:47:18","date_gmt":"2025-03-29T03:47:18","guid":{"rendered":"http:\/\/casanha.test\/?page_id=72343"},"modified":"2026-03-31T13:04:49","modified_gmt":"2026-03-31T06:04:49","slug":"about-us-3","status":"publish","type":"page","link":"https:\/\/casanha.com\/vi\/about-us-3\/","title":{"rendered":"C\u00e2u chuy\u1ec7n"},"content":{"rendered":"<div data-elementor-type=\"wp-page\" data-elementor-id=\"75506\" class=\"elementor elementor-75506\">\n\t\t\t\t<div class=\"wd-negative-gap elementor-element elementor-element-91ed916 e-flex e-con-boxed e-con e-parent\" data-id=\"91ed916\" data-element_type=\"container\">\n\t\t\t\t\t<div class=\"e-con-inner\">\n\t\t\t\t<div class=\"elementor-element elementor-element-9c7fc94 elementor-widget elementor-widget-image\" data-id=\"9c7fc94\" data-element_type=\"widget\" data-widget_type=\"image.default\">\n\t\t\t\t<div class=\"elementor-widget-container\">\n\t\t\t\t\t\t\t\t\t\t\t\t\t\t\t<img decoding=\"async\" src=\"https:\/\/casanha-beta.s3.ap-southeast-1.amazonaws.com\/2022\/10\/b10f5b9878dbbe85e7ca-modified.jpg\" title=\"\" alt=\"\" loading=\"lazy\" \/>\t\t\t\t\t\t\t\t\t\t\t\t\t\t\t<\/div>\n\t\t\t\t<\/div>\n\t\t<div class=\"elementor-element elementor-element-9571a7f e-con-full e-grid e-con e-child\" data-id=\"9571a7f\" data-element_type=\"container\" data-settings=\"{&quot;background_background&quot;:&quot;classic&quot;}\">\n\t\t<div class=\"elementor-element elementor-element-4c4deaf e-con-full e-flex e-con e-child\" data-id=\"4c4deaf\" data-element_type=\"container\">\n\t\t\t\t<div class=\"elementor-element elementor-element-b532768 elementor-widget elementor-widget-image\" data-id=\"b532768\" data-element_type=\"widget\" data-widget_type=\"image.default\">\n\t\t\t\t<div class=\"elementor-widget-container\">\n\t\t\t\t\t\t\t\t\t\t\t\t\t\t\t<img decoding=\"async\" src=\"https:\/\/casanha-beta.s3.ap-southeast-1.amazonaws.com\/2022\/10\/CSN.jpg\" title=\"\" alt=\"\" loading=\"lazy\" \/>\t\t\t\t\t\t\t\t\t\t\t\t\t\t\t<\/div>\n\t\t\t\t<\/div>\n\t\t\t\t<\/div>\n\t\t<div class=\"elementor-element elementor-element-e47ddbf e-con-full e-flex e-con e-child\" data-id=\"e47ddbf\" data-element_type=\"container\">\n\t\t\t\t<div class=\"elementor-element elementor-element-e5cd6b5 elementor-widget elementor-widget-wd_text_block\" data-id=\"e5cd6b5\" data-element_type=\"widget\" data-widget_type=\"wd_text_block.default\">\n\t\t\t\t<div class=\"elementor-widget-container\">\n\t\t\t\t\t\t\t<div class=\"wd-text-block reset-last-child text-left\">\n\t\t\t\n\t\t\t<h2 id=\"headline-25-285\" class=\"ct-headline\" style=\"text-align: center;\">CASANH\u00c0<\/h2><div id=\"text_block-24-285\" class=\"ct-text-block\"><p>Casanha l\u00e0 m\u1ed9t c\u00f4ng ty c\u00f3 tr\u1ee5 s\u1edf t\u1ea1i S\u00e0i G\u00f2n l\u00e0m vi\u1ec7c kh\u00f4ng m\u1ec7t m\u1ecfi v\u1edbi c\u00e1c \u0111\u1ed1i t\u00e1c tr\u00ean to\u00e0n th\u1ebf gi\u1edbi \u0111\u1ec3 \u0111\u00e1p \u1ee9ng nhu c\u1ea7u c\u00f3 h\u00e0ng gia d\u1ee5ng t\u1ed1t v\u00e0 ho\u1ea1t \u0111\u1ed9ng t\u1ed1t v\u1edbi xu h\u01b0\u1edbng m\u1edbi nh\u1ea5t, k\u1ebft h\u1ee3p v\u1edbi gi\u00e1 tr\u1ecb truy\u1ec1n th\u1ed1ng v\u1ec1 g\u1ed7 t\u1ed1t v\u00e0 tay ngh\u1ec1 th\u1ee7 c\u00f4ng tinh x\u1ea3o.<\/p><p>Ch\u00fang t\u00f4i tin r\u1eb1ng c\u00e1c s\u1ea3n ph\u1ea9m c\u1ee7a ch\u00fang t\u00f4i c\u00f3 t\u00ednh c\u00e1 nh\u00e2n v\u1ed1n c\u00f3, v\u1edbi s\u1ef1 \u0111\u00e1nh gi\u00e1 cao v\u1ec1 ch\u1ea5t l\u01b0\u1ee3ng v\u00e0 kh\u00f4ng c\u00f3 s\u1ef1 r\u00e0ng bu\u1ed9c v\u1ec1 gi\u00e1 c\u1ea3, ti\u1ebft l\u1ed9 c\u00e1ch ch\u00fang \u0111\u01b0\u1ee3c s\u1ea3n xu\u1ea5t, t\u1ea1o n\u00ean s\u1ef1 kh\u00e1c bi\u1ec7t v\u1edbi th\u1ecb tr\u01b0\u1eddng hi\u1ec7n t\u1ea1i.<\/p><\/div>\n\t\t\t\t\t<\/div>\n\t\t\t\t\t\t<\/div>\n\t\t\t\t<\/div>\n\t\t\t\t<\/div>\n\t\t<div class=\"elementor-element elementor-element-e979e1c e-con-full e-flex e-con e-child\" data-id=\"e979e1c\" data-element_type=\"container\">\n\t\t\t\t<div class=\"elementor-element elementor-element-f91c815 elementor-widget elementor-widget-wd_text_block\" data-id=\"f91c815\" data-element_type=\"widget\" data-widget_type=\"wd_text_block.default\">\n\t\t\t\t<div class=\"elementor-widget-container\">\n\t\t\t\t\t\t\t<div class=\"wd-text-block reset-last-child text-left\">\n\t\t\t\n\t\t\t<h3 style=\"text-align: center;\"><strong>B\u1eaeT \u0110\u1ea6U T\u1eea<\/strong><\/h3><p style=\"text-align: center;\">V\u00e0o nh\u1eefng n\u0103m 1940, m\u1ed9t th\u1ee3 m\u1ed9c ng\u01b0\u1eddi Ph\u00e1p - Emile, \u01b0\u1edbc m\u01a1 c\u1ee7a \u00f4ng l\u00e0 m\u1edf r\u1ed9ng x\u01b0\u1edfng \u0111\u1ed3 g\u1ed7 nh\u1ecf c\u1ee7a gia \u0111\u00ecnh m\u00ecnh th\u00e0nh m\u1ed9t \u0111i\u1ec1u g\u00ec \u0111\u00f3 l\u1edbn lao h\u01a1n ph\u00f9 h\u1ee3p v\u1edbi ti\u1ec1m n\u0103ng c\u1ee7a \u00f4ng, Emile v\u00e0 con trai \u00f4ng l\u00e0 Andre, \u0111\u00e3 ph\u00e1t tri\u1ec3n c\u00f4ng vi\u1ec7c kinh doanh c\u1ee7a gia \u0111\u00ecnh theo h\u01b0\u1edbng c\u00f4ng nghi\u1ec7p h\u01a1n.<\/p><p style=\"text-align: center;\">M\u00e3i cho \u0111\u1ebfn khi c\u00e1c con trai c\u1ee7a Andre, Erik v\u00e0 Frank, ti\u1ebfp b\u01b0\u1edbc cha h\u1ecd \u0111\u1ec3 m\u1edf r\u1ed9ng c\u00f4ng vi\u1ec7c kinh doanh c\u1ee7a gia \u0111\u00ecnh h\u1ecd th\u1eadm ch\u00ed c\u00f2n v\u01b0\u1ee3t ra ngo\u00e0i bi\u00ean gi\u1edbi. N\u0103m 2004, Erik v\u00e0 Frank th\u1ef1c hi\u1ec7n \u01b0\u1edbc m\u01a1 c\u1ee7a gia \u0111\u00ecnh l\u00e0 m\u1edf m\u1ed9t nh\u00e0 m\u00e1y t\u1ea1i t\u1ec9nh B\u00ecnh D\u01b0\u01a1ng v\u1edbi t\u00ean g\u1ecdi Gomo.<\/p><p style=\"text-align: center;\">C\u00e2u chuy\u1ec7n c\u1ee7a ch\u00fang t\u00f4i b\u1eaft \u0111\u1ea7u c\u00e1ch \u0111\u00e2y 10 n\u0103m khi Frank v\u00e0 Erik mu\u1ed1n m\u1edf m\u1ed9t ph\u00f2ng tr\u01b0ng b\u00e0y nh\u01b0 m\u1ed9t ph\u1ea7n m\u1edf r\u1ed9ng c\u1ee7a nh\u00e0 m\u00e1y c\u1ee7a h\u1ecd, \u0111\u00f3 l\u00e0 khi c\u1eeda h\u00e0ng Gomo, ti\u1ec1n th\u00e2n c\u1ee7a ch\u00fang t\u00f4i, l\u1ea7n \u0111\u1ea7u ti\u00ean \u0111\u01b0\u1ee3c th\u00e0nh l\u1eadp.<\/p>\n\t\t\t\t\t<\/div>\n\t\t\t\t\t\t<\/div>\n\t\t\t\t<\/div>\n\t\t\t\t<\/div>\n\t\t<div class=\"elementor-element elementor-element-ca4cde2 e-con-full e-flex e-con e-child\" data-id=\"ca4cde2\" data-element_type=\"container\">\n\t\t\t\t<div class=\"elementor-element elementor-element-81d8cd7 elementor-widget elementor-widget-image\" data-id=\"81d8cd7\" data-element_type=\"widget\" data-widget_type=\"image.default\">\n\t\t\t\t<div class=\"elementor-widget-container\">\n\t\t\t\t\t\t\t\t\t\t\t\t\t\t\t<img decoding=\"async\" src=\"https:\/\/casanha-beta.s3.ap-southeast-1.amazonaws.com\/2022\/10\/CSN-DARIO.jpg\" title=\"\" alt=\"\" loading=\"lazy\" \/>\t\t\t\t\t\t\t\t\t\t\t\t\t\t\t<\/div>\n\t\t\t\t<\/div>\n\t\t\t\t<\/div>\n\t\t<div class=\"elementor-element elementor-element-374f532 e-con-full e-flex e-con e-child\" data-id=\"374f532\" data-element_type=\"container\">\n\t\t\t\t<div class=\"elementor-element elementor-element-3a01fd6 elementor-widget elementor-widget-image\" data-id=\"3a01fd6\" data-element_type=\"widget\" data-widget_type=\"image.default\">\n\t\t\t\t<div class=\"elementor-widget-container\">\n\t\t\t\t\t\t\t\t\t\t\t\t\t\t\t<img decoding=\"async\" src=\"https:\/\/casanha-beta.s3.ap-southeast-1.amazonaws.com\/2023\/05\/Jodan-Dariosecq.jpg\" title=\"\" alt=\"\" loading=\"lazy\" \/>\t\t\t\t\t\t\t\t\t\t\t\t\t\t\t<\/div>\n\t\t\t\t<\/div>\n\t\t\t\t<\/div>\n\t\t<div class=\"elementor-element elementor-element-01d0707 e-con-full e-flex e-con e-child\" data-id=\"01d0707\" data-element_type=\"container\">\n\t\t\t\t<div class=\"elementor-element elementor-element-e2e22dc elementor-widget elementor-widget-wd_text_block\" data-id=\"e2e22dc\" data-element_type=\"widget\" data-widget_type=\"wd_text_block.default\">\n\t\t\t\t<div class=\"elementor-widget-container\">\n\t\t\t\t\t\t\t<div class=\"wd-text-block reset-last-child text-left\">\n\t\t\t\n\t\t\t<p data-path-to-node=\"0\">Not until 2016, when Jordan - Erik's son, decided to join the business, transforming Gomo to Casanh\u00e0 as we see today.<\/p><p data-path-to-node=\"1\">Jordan\u2019s vision for Casanh\u00e0 was to move beyond the traditional showroom, creating instead a destination that empowers the sophisticated homeowner to reject the ordinary. We believe your home should be as unique as you are. By bridging historical artistry with a pioneering global perspective, we curate an eclectic world across <a href=\"https:\/\/casanha.com\/vi\/casanha-signature-collections\/\">six distinct themes<\/a>, inviting you to build a space defined by smart, trend-setting design and unrivaled comfort. At Casanh\u00e0, we don\u2019t just offer products, we provide the pieces for you to compose your own individual world.<\/p>\n\t\t\t\t\t<\/div>\n\t\t\t\t\t\t<\/div>\n\t\t\t\t<\/div>\n\t\t\t\t<\/div>\n\t\t\t\t<\/div>\n\t\t<div class=\"elementor-element elementor-element-e32f7da e-con-full e-flex e-con e-child\" data-id=\"e32f7da\" data-element_type=\"container\">\n\t\t<div class=\"elementor-element elementor-element-398feaf e-con-full e-flex e-con e-child\" data-id=\"398feaf\" data-element_type=\"container\">\n\t\t\t\t<div class=\"elementor-element elementor-element-7535d55 elementor-widget elementor-widget-wd_text_block\" data-id=\"7535d55\" data-element_type=\"widget\" data-widget_type=\"wd_text_block.default\">\n\t\t\t\t<div class=\"elementor-widget-container\">\n\t\t\t\t\t\t\t<div class=\"wd-text-block reset-last-child text-left\">\n\t\t\t\n\t\t\t<h2 style=\"text-align: center;\"><strong>C\u1eecA H\u00c0NG<\/strong><\/h2><p style=\"text-align: center;\">C\u1eeda h\u00e0ng c\u1ee7a Casanh\u00e0 tr\u00ean Xa l\u1ed9 H\u00e0 N\u1ed9i \u0111\u01b0\u1ee3c th\u00e0nh l\u1eadp v\u00e0o n\u0103m 2017, l\u00e0 \u0111i\u1ec3m \u0111\u1ebfn trung t\u00e2m c\u1ee7a nh\u1eefng ng\u01b0\u1eddi mua s\u1eafm h\u0103ng h\u00e1i t\u00ecm ki\u1ebfm nh\u1eefng s\u1ea3n ph\u1ea9m ph\u1ee5c v\u1ee5 nhi\u1ec1u h\u01a1n ch\u1ee9c n\u0103ng c\u01a1 b\u1ea3n c\u1ee7a ch\u00fang.<\/p><p style=\"text-align: center;\">H\u00e0ng ng\u00e0y, Casanh\u00e0 m\u1edf c\u1eeda b\u00ean d\u00f2ng s\u00f4ng S\u00e0i G\u00f2n l\u1ecbch s\u1eed, g\u1ea7n g\u0169i trong c\u1ed9ng \u0111\u1ed3ng Th\u1ea3o \u0110i\u1ec1n, kh\u00e1ch h\u00e0ng c\u1ee7a c\u1ee7a Casanh\u00e0 \u0111\u1ebfn t\u00ecm ki\u1ebfm m\u1ed9t t\u00f2a nh\u00e0 m\u00e0u xanh \u0111en, \u0111\u1ec3 t\u00ecm nh\u1eefng s\u1ea3n ph\u1ea9m \u0111\u1ed9c \u0111\u00e1o k\u1ec3 m\u1ed9t c\u00e2u chuy\u1ec7n v\u00e0 kh\u00e1c th\u01b0\u1eddng.<\/p>\n\t\t\t\t\t<\/div>\n\t\t\t\t\t\t<\/div>\n\t\t\t\t<\/div>\n\t\t\t\t<\/div>\n\t\t<div class=\"elementor-element elementor-element-9cf4d0b e-con-full e-flex e-con e-child\" data-id=\"9cf4d0b\" data-element_type=\"container\">\n\t\t\t\t<div class=\"elementor-element elementor-element-baac7fc elementor-widget elementor-widget-image\" data-id=\"baac7fc\" data-element_type=\"widget\" data-widget_type=\"image.default\">\n\t\t\t\t<div class=\"elementor-widget-container\">\n\t\t\t\t\t\t\t\t\t\t\t\t\t\t\t<img decoding=\"async\" src=\"https:\/\/casanha-beta.s3.ap-southeast-1.amazonaws.com\/2022\/10\/Picture1.jpg\" title=\"\" alt=\"\" loading=\"lazy\" \/>\t\t\t\t\t\t\t\t\t\t\t\t\t\t\t<\/div>\n\t\t\t\t<\/div>\n\t\t\t\t<\/div>\n\t\t\t\t<\/div>\n\t\t\t\t\t<\/div>\n\t\t\t\t<\/div>\n\t\t\t\t<\/div>","protected":false},"excerpt":{"rendered":"<p>CASANH\u00c0 Casanha l\u00e0 m\u1ed9t c\u00f4ng ty c\u00f3 tr\u1ee5 s\u1edf t\u1ea1i S\u00e0i G\u00f2n l\u00e0m vi\u1ec7c kh\u00f4ng m\u1ec7t m\u1ecfi v\u1edbi c\u00e1c \u0111\u1ed1i<\/p>","protected":false},"author":1874,"featured_media":0,"parent":0,"menu_order":0,"comment_status":"closed","ping_status":"closed","template":"","meta":{"footnotes":""},"class_list":["post-75506","page","type-page","status-publish","hentry"],"yoast_head":"<!-- This site is optimized with the Yoast SEO plugin v27.1.1 - https:\/\/yoast.com\/product\/yoast-seo-wordpress\/ -->\n<title>About Us - Casanha<\/title>\n<meta name=\"robots\" content=\"index, follow, max-snippet:-1, max-image-preview:large, max-video-preview:-1\" \/>\n<link rel=\"canonical\" href=\"https:\/\/casanha.com\/vi\/about-us-3\/\" \/>\n<meta property=\"og:locale\" content=\"vi_VN\" \/>\n<meta property=\"og:type\" content=\"article\" \/>\n<meta property=\"og:title\" content=\"About Us - Casanha\" \/>\n<meta property=\"og:description\" content=\"CASANH\u00c0 Casanha l\u00e0 m\u1ed9t c\u00f4ng ty c\u00f3 tr\u1ee5 s\u1edf t\u1ea1i S\u00e0i G\u00f2n l\u00e0m vi\u1ec7c kh\u00f4ng m\u1ec7t m\u1ecfi v\u1edbi c\u00e1c \u0111\u1ed1i\" \/>\n<meta property=\"og:url\" content=\"https:\/\/casanha.com\/vi\/about-us-3\/\" \/>\n<meta property=\"og:site_name\" content=\"Casanha\" \/>\n<meta property=\"article:publisher\" content=\"https:\/\/www.facebook.com\/CasanhaHome\" \/>\n<meta property=\"article:modified_time\" content=\"2026-03-31T06:04:49+00:00\" \/>\n<meta property=\"og:image\" content=\"https:\/\/casanha.com\/wp-content\/uploads\/2022\/10\/b10f5b9878dbbe85e7ca-modified.jpg\" \/>\n<meta name=\"twitter:card\" content=\"summary_large_image\" \/>\n<script type=\"application\/ld+json\" class=\"yoast-schema-graph\">{\"@context\":\"https:\/\/schema.org\",\"@graph\":[{\"@type\":\"WebPage\",\"@id\":\"https:\/\/casanha.com\/en\/about-us-3\/\",\"url\":\"https:\/\/casanha.com\/en\/about-us-3\/\",\"name\":\"About Us - Casanha\",\"isPartOf\":{\"@id\":\"https:\/\/casanha.com\/vi\/#website\"},\"primaryImageOfPage\":{\"@id\":\"https:\/\/casanha.com\/en\/about-us-3\/#primaryimage\"},\"image\":{\"@id\":\"https:\/\/casanha.com\/en\/about-us-3\/#primaryimage\"},\"thumbnailUrl\":\"https:\/\/casanha.com\/wp-content\/uploads\/2022\/10\/b10f5b9878dbbe85e7ca-modified.jpg\",\"datePublished\":\"2025-03-29T03:47:18+00:00\",\"dateModified\":\"2026-03-31T06:04:49+00:00\",\"breadcrumb\":{\"@id\":\"https:\/\/casanha.com\/en\/about-us-3\/#breadcrumb\"},\"inLanguage\":\"vi\",\"potentialAction\":[{\"@type\":\"ReadAction\",\"target\":[\"https:\/\/casanha.com\/en\/about-us-3\/\"]}]},{\"@type\":\"ImageObject\",\"inLanguage\":\"vi\",\"@id\":\"https:\/\/casanha.com\/en\/about-us-3\/#primaryimage\",\"url\":\"https:\/\/casanha.com\/wp-content\/uploads\/2022\/10\/b10f5b9878dbbe85e7ca-modified.jpg\",\"contentUrl\":\"https:\/\/casanha.com\/wp-content\/uploads\/2022\/10\/b10f5b9878dbbe85e7ca-modified.jpg\"},{\"@type\":\"BreadcrumbList\",\"@id\":\"https:\/\/casanha.com\/en\/about-us-3\/#breadcrumb\",\"itemListElement\":[{\"@type\":\"ListItem\",\"position\":1,\"name\":\"Home\",\"item\":\"https:\/\/casanha.com\/\"},{\"@type\":\"ListItem\",\"position\":2,\"name\":\"About Us\"}]},{\"@type\":\"WebSite\",\"@id\":\"https:\/\/casanha.com\/vi\/#website\",\"url\":\"https:\/\/casanha.com\/vi\/\",\"name\":\"Casanha\",\"description\":\"Home Decor &amp; Furniture\",\"publisher\":{\"@id\":\"https:\/\/casanha.com\/vi\/#organization\"},\"potentialAction\":[{\"@type\":\"SearchAction\",\"target\":{\"@type\":\"EntryPoint\",\"urlTemplate\":\"https:\/\/casanha.com\/vi\/?s={search_term_string}\"},\"query-input\":{\"@type\":\"PropertyValueSpecification\",\"valueRequired\":true,\"valueName\":\"search_term_string\"}}],\"inLanguage\":\"vi\"},{\"@type\":\"Organization\",\"@id\":\"https:\/\/casanha.com\/vi\/#organization\",\"name\":\"Casanha\",\"url\":\"https:\/\/casanha.com\/vi\/\",\"logo\":{\"@type\":\"ImageObject\",\"inLanguage\":\"vi\",\"@id\":\"https:\/\/casanha.com\/vi\/#\/schema\/logo\/image\/\",\"url\":\"https:\/\/casanha-beta.s3.ap-southeast-1.amazonaws.com\/2026\/02\/logo-2026.jpg\",\"contentUrl\":\"https:\/\/casanha-beta.s3.ap-southeast-1.amazonaws.com\/2026\/02\/logo-2026.jpg\",\"width\":1500,\"height\":1500,\"caption\":\"Casanha\"},\"image\":{\"@id\":\"https:\/\/casanha.com\/vi\/#\/schema\/logo\/image\/\"},\"sameAs\":[\"https:\/\/www.facebook.com\/CasanhaHome\",\"https:\/\/www.instagram.com\/casanhahome\/\",\"https:\/\/www.youtube.com\/@casanha\",\"https:\/\/www.tiktok.com\/@casanha.com\",\"https:\/\/zalo.me\/casanhahome\"]}]}<\/script>\n<!-- \/ Yoast SEO plugin. -->","yoast_head_json":{"title":"About Us - Casanha","robots":{"index":"index","follow":"follow","max-snippet":"max-snippet:-1","max-image-preview":"max-image-preview:large","max-video-preview":"max-video-preview:-1"},"canonical":"https:\/\/casanha.com\/vi\/about-us-3\/","og_locale":"vi_VN","og_type":"article","og_title":"About Us - Casanha","og_description":"CASANH\u00c0 Casanha l\u00e0 m\u1ed9t c\u00f4ng ty c\u00f3 tr\u1ee5 s\u1edf t\u1ea1i S\u00e0i G\u00f2n l\u00e0m vi\u1ec7c kh\u00f4ng m\u1ec7t m\u1ecfi v\u1edbi c\u00e1c \u0111\u1ed1i","og_url":"https:\/\/casanha.com\/vi\/about-us-3\/","og_site_name":"Casanha","article_publisher":"https:\/\/www.facebook.com\/CasanhaHome","article_modified_time":"2026-03-31T06:04:49+00:00","og_image":[{"url":"https:\/\/casanha.com\/wp-content\/uploads\/2022\/10\/b10f5b9878dbbe85e7ca-modified.jpg","type":"","width":"","height":""}],"twitter_card":"summary_large_image","schema":{"@context":"https:\/\/schema.org","@graph":[{"@type":"WebPage","@id":"https:\/\/casanha.com\/en\/about-us-3\/","url":"https:\/\/casanha.com\/en\/about-us-3\/","name":"About Us - Casanha","isPartOf":{"@id":"https:\/\/casanha.com\/vi\/#website"},"primaryImageOfPage":{"@id":"https:\/\/casanha.com\/en\/about-us-3\/#primaryimage"},"image":{"@id":"https:\/\/casanha.com\/en\/about-us-3\/#primaryimage"},"thumbnailUrl":"https:\/\/casanha.com\/wp-content\/uploads\/2022\/10\/b10f5b9878dbbe85e7ca-modified.jpg","datePublished":"2025-03-29T03:47:18+00:00","dateModified":"2026-03-31T06:04:49+00:00","breadcrumb":{"@id":"https:\/\/casanha.com\/en\/about-us-3\/#breadcrumb"},"inLanguage":"vi","potentialAction":[{"@type":"ReadAction","target":["https:\/\/casanha.com\/en\/about-us-3\/"]}]},{"@type":"ImageObject","inLanguage":"vi","@id":"https:\/\/casanha.com\/en\/about-us-3\/#primaryimage","url":"https:\/\/casanha.com\/wp-content\/uploads\/2022\/10\/b10f5b9878dbbe85e7ca-modified.jpg","contentUrl":"https:\/\/casanha.com\/wp-content\/uploads\/2022\/10\/b10f5b9878dbbe85e7ca-modified.jpg"},{"@type":"BreadcrumbList","@id":"https:\/\/casanha.com\/en\/about-us-3\/#breadcrumb","itemListElement":[{"@type":"ListItem","position":1,"name":"Home","item":"https:\/\/casanha.com\/"},{"@type":"ListItem","position":2,"name":"About Us"}]},{"@type":"WebSite","@id":"https:\/\/casanha.com\/vi\/#website","url":"https:\/\/casanha.com\/vi\/","name":"Casanha","description":"Home Decor &amp; Furniture","publisher":{"@id":"https:\/\/casanha.com\/vi\/#organization"},"potentialAction":[{"@type":"SearchAction","target":{"@type":"EntryPoint","urlTemplate":"https:\/\/casanha.com\/vi\/?s={search_term_string}"},"query-input":{"@type":"PropertyValueSpecification","valueRequired":true,"valueName":"search_term_string"}}],"inLanguage":"vi"},{"@type":"Organization","@id":"https:\/\/casanha.com\/vi\/#organization","name":"Casanha","url":"https:\/\/casanha.com\/vi\/","logo":{"@type":"ImageObject","inLanguage":"vi","@id":"https:\/\/casanha.com\/vi\/#\/schema\/logo\/image\/","url":"https:\/\/casanha-beta.s3.ap-southeast-1.amazonaws.com\/2026\/02\/logo-2026.jpg","contentUrl":"https:\/\/casanha-beta.s3.ap-southeast-1.amazonaws.com\/2026\/02\/logo-2026.jpg","width":1500,"height":1500,"caption":"Casanha"},"image":{"@id":"https:\/\/casanha.com\/vi\/#\/schema\/logo\/image\/"},"sameAs":["https:\/\/www.facebook.com\/CasanhaHome","https:\/\/www.instagram.com\/casanhahome\/","https:\/\/www.youtube.com\/@casanha","https:\/\/www.tiktok.com\/@casanha.com","https:\/\/zalo.me\/casanhahome"]}]}},"_links":{"self":[{"href":"https:\/\/casanha.com\/vi\/wp-json\/wp\/v2\/pages\/75506","targetHints":{"allow":["GET"]}}],"collection":[{"href":"https:\/\/casanha.com\/vi\/wp-json\/wp\/v2\/pages"}],"about":[{"href":"https:\/\/casanha.com\/vi\/wp-json\/wp\/v2\/types\/page"}],"author":[{"embeddable":true,"href":"https:\/\/casanha.com\/vi\/wp-json\/wp\/v2\/users\/1874"}],"replies":[{"embeddable":true,"href":"https:\/\/casanha.com\/vi\/wp-json\/wp\/v2\/comments?post=75506"}],"version-history":[{"count":3,"href":"https:\/\/casanha.com\/vi\/wp-json\/wp\/v2\/pages\/75506\/revisions"}],"predecessor-version":[{"id":115823,"href":"https:\/\/casanha.com\/vi\/wp-json\/wp\/v2\/pages\/75506\/revisions\/115823"}],"wp:attachment":[{"href":"https:\/\/casanha.com\/vi\/wp-json\/wp\/v2\/media?parent=75506"}],"curies":[{"name":"wp","href":"https:\/\/api.w.org\/{rel}","templated":true}]}}