{"id":110068,"date":"2026-01-23T01:58:07","date_gmt":"2026-01-22T18:58:07","guid":{"rendered":"https:\/\/casanha.com\/?page_id=110068"},"modified":"2026-01-23T02:01:13","modified_gmt":"2026-01-22T19:01:13","slug":"arbor","status":"publish","type":"page","link":"https:\/\/casanha.com\/vi\/made-to-order\/sofas\/arbor\/","title":{"rendered":"Arbor"},"content":{"rendered":"<div data-elementor-type=\"wp-page\" data-elementor-id=\"110068\" class=\"elementor elementor-110068\">\n\t\t\t\t<div class=\"wd-negative-gap elementor-element elementor-element-f682279 e-flex e-con-boxed e-con e-parent\" data-id=\"f682279\" data-element_type=\"container\">\n\t\t\t\t\t<div class=\"e-con-inner\">\n\t\t<div class=\"elementor-element elementor-element-40bea0ed e-con-full e-flex e-con e-child\" data-id=\"40bea0ed\" data-element_type=\"container\">\n\t\t\t\t<div class=\"elementor-element elementor-element-5f5409d5 wd-el-breadcrumbs text-left elementor-widget elementor-widget-wd_wc_breadcrumb\" data-id=\"5f5409d5\" data-element_type=\"widget\" data-widget_type=\"wd_wc_breadcrumb.default\">\n\t\t\t\t<div class=\"elementor-widget-container\">\n\t\t\t\t\t<nav class=\"wd-breadcrumbs woocommerce-breadcrumb\" aria-label=\"Breadcrumb\">\t\t\t\t<span class=\"wd-last\">\n\t\t\t\t\tTrang ch\u1ee7\t\t\t\t<\/span>\n\t\t\t<\/nav>\t\t\t\t<\/div>\n\t\t\t\t<\/div>\n\t\t\t\t<div class=\"elementor-element elementor-element-b67d63e elementor-widget elementor-widget-wd_text_block\" data-id=\"b67d63e\" data-element_type=\"widget\" data-widget_type=\"wd_text_block.default\">\n\t\t\t\t<div class=\"elementor-widget-container\">\n\t\t\t\t\t\t\t<div class=\"wd-text-block reset-last-child text-left\">\n\t\t\t\n\t\t\t<h2>ARBOR<\/h2>\n\t\t\t\t\t<\/div>\n\t\t\t\t\t\t<\/div>\n\t\t\t\t<\/div>\n\t\t\t\t<div class=\"elementor-element elementor-element-40c6fda9 elementor-widget elementor-widget-wd_text_block\" data-id=\"40c6fda9\" data-element_type=\"widget\" data-widget_type=\"wd_text_block.default\">\n\t\t\t\t<div class=\"elementor-widget-container\">\n\t\t\t\t\t\t\t<div class=\"wd-text-block reset-last-child text-left\">\n\t\t\t\n\t\t\t<p>L\u1ea5y c\u1ea3m h\u1ee9ng t\u1eeb s\u1ef1 k\u1ebft h\u1ee3p \u0111\u1ea7y th\u00fa v\u1ecb gi\u1eefa nh\u1eefng kh\u1ed1i tr\u00f2n v\u00e0 vu\u00f4ng, Arbor mang \u0111\u1ebfn m\u1ed9t l\u00e0n gi\u00f3 m\u1edbi cho kh\u00f4ng gian s\u1ed1ng. Thi\u1ebft k\u1ebf gh\u1ebf \u0111\u01a1n mang \u0111\u1eadm h\u01a1i th\u1edf ph\u00f3ng kho\u00e1ng c\u1ee7a nh\u1eefng chi\u1ebfc gh\u1ebf l\u01b0\u1eddi th\u1eadp ni\u00ean 70, c\u1ef1c k\u1ef3 m\u1eddi g\u1ecdi v\u00e0 \u00eam \u00e1i.B\u00ean c\u1ea1nh \u0111\u00f3, m\u1eabu sofa \u0111\u00f4i g\u1ecdn g\u00e0ng s\u1ebd l\u00e0 m\u1ea3nh gh\u00e9p ho\u00e0n h\u1ea3o, th\u00eam v\u00e0o m\u1ed9t ch\u00fat v\u1ebb l\u1ecbch s\u1ef1 v\u00e0 tinh t\u1ebf cho c\u0103n ph\u00f2ng.<\/p>\n\t\t\t\t\t<\/div>\n\t\t\t\t\t\t<\/div>\n\t\t\t\t<\/div>\n\t\t\t\t<\/div>\n\t\t<div class=\"elementor-element elementor-element-59de81a4 e-con-full e-flex e-con e-child\" data-id=\"59de81a4\" data-element_type=\"container\">\n\t\t\t\t<div class=\"elementor-element elementor-element-61c9ed8f elementor-widget elementor-widget-image\" data-id=\"61c9ed8f\" data-element_type=\"widget\" data-widget_type=\"image.default\">\n\t\t\t\t<div class=\"elementor-widget-container\">\n\t\t\t\t\t\t\t\t\t\t\t\t\t\t\t<img fetchpriority=\"high\" decoding=\"async\" width=\"1024\" height=\"576\" src=\"https:\/\/casanha-beta.s3.ap-southeast-1.amazonaws.com\/2026\/01\/arbor--1024x576.webp\" class=\"attachment-large size-large wp-image-110070 wp-post-image\" alt=\"\" \/>\t\t\t\t\t\t\t\t\t\t\t\t\t\t\t<\/div>\n\t\t\t\t<\/div>\n\t\t\t\t<\/div>\n\t\t\t\t\t<\/div>\n\t\t\t\t<\/div>\n\t\t<div class=\"wd-negative-gap elementor-element elementor-element-70c24ec3 e-flex e-con-boxed e-con e-parent\" data-id=\"70c24ec3\" data-element_type=\"container\">\n\t\t\t\t\t<div class=\"e-con-inner\">\n\t\t\t\t<div class=\"elementor-element elementor-element-22f39752 elementor-widget-divider--view-line elementor-widget elementor-widget-divider\" data-id=\"22f39752\" data-element_type=\"widget\" data-widget_type=\"divider.default\">\n\t\t\t\t<div class=\"elementor-widget-container\">\n\t\t\t\t\t\t\t<div class=\"elementor-divider\">\n\t\t\t<span class=\"elementor-divider-separator\">\n\t\t\t\t\t\t<\/span>\n\t\t<\/div>\n\t\t\t\t\t\t<\/div>\n\t\t\t\t<\/div>\n\t\t\t\t\t<\/div>\n\t\t\t\t<\/div>\n\t\t<div class=\"wd-negative-gap elementor-element elementor-element-78ef6487 e-grid e-con-boxed e-con e-parent\" data-id=\"78ef6487\" data-element_type=\"container\" data-settings=\"{&quot;background_background&quot;:&quot;gradient&quot;}\">\n\t\t\t\t\t<div class=\"e-con-inner\">\n\t\t\t\t<div class=\"elementor-element elementor-element-1f6d3c86 elementor-widget elementor-widget-wd_text_block\" data-id=\"1f6d3c86\" data-element_type=\"widget\" data-widget_type=\"wd_text_block.default\">\n\t\t\t\t<div class=\"elementor-widget-container\">\n\t\t\t\t\t\t\t<div class=\"wd-text-block reset-last-child text-center\">\n\t\t\t\n\t\t\t<p>CHI TI\u1ebeT<\/p>\n\t\t\t\t\t<\/div>\n\t\t\t\t\t\t<\/div>\n\t\t\t\t<\/div>\n\t\t\t\t<div class=\"elementor-element elementor-element-78592609 elementor-widget elementor-widget-wd_text_block\" data-id=\"78592609\" data-element_type=\"widget\" data-widget_type=\"wd_text_block.default\">\n\t\t\t\t<div class=\"elementor-widget-container\">\n\t\t\t\t\t\t\t<div class=\"wd-text-block reset-last-child text-left\">\n\t\t\t\n\t\t\t<p><strong>Nh\u00e0 thi\u1ebft k\u1ebf<\/strong><br \/>Cameron Foggo<\/p><p><strong>Ch\u1ea5t li\u1ec7u<br \/><\/strong>Khung g\u1ed7 th\u00f4ng New Zealand &amp; Plywood <br \/>\u0110\u1ec7m m\u1eadt \u0111\u1ed9 cao, l\u00f4ng v\u0169 v\u00e0 b\u00f4ng polyester<\/p><p><strong>T\u00f9y ch\u1ec9nh<\/strong><br \/>Xem th\u00eam c\u00e1c l\u1ef1a ch\u1ecdn v\u1ec1 ch\u1ea5t li\u1ec7u g\u1ed7, m\u00e0u s\u1eafc, v\u1ea3i b\u1ecdc \u0111\u1ec3 t\u00ecm ra s\u1ef1 k\u1ebft h\u1ee3p ho\u00e0n h\u1ea3o cho kh\u00f4ng gian c\u1ee7a b\u1ea1n <a href=\"https:\/\/casanha.com\/vi\/materials\/\">t\u1ea1i \u0111\u00e2y<\/a>.<\/p>\n\t\t\t\t\t<\/div>\n\t\t\t\t\t\t<\/div>\n\t\t\t\t<\/div>\n\t\t\t\t\t<\/div>\n\t\t\t\t<\/div>\n\t\t<div class=\"wd-negative-gap elementor-element elementor-element-765552e2 e-flex e-con-boxed e-con e-parent\" data-id=\"765552e2\" data-element_type=\"container\">\n\t\t\t\t\t<div class=\"e-con-inner\">\n\t\t<div class=\"elementor-element elementor-element-78c5461a e-con-full e-flex e-con e-child\" data-id=\"78c5461a\" data-element_type=\"container\">\n\t\t\t\t<div class=\"elementor-element elementor-element-4cb37f66 elementor-widget elementor-widget-image\" data-id=\"4cb37f66\" data-element_type=\"widget\" data-widget_type=\"image.default\">\n\t\t\t\t<div class=\"elementor-widget-container\">\n\t\t\t\t\t\t\t\t\t\t\t\t\t\t\t<img decoding=\"async\" width=\"819\" height=\"1024\" src=\"https:\/\/casanha-beta.s3.ap-southeast-1.amazonaws.com\/2026\/01\/Arbor-5-819x1024.webp\" class=\"attachment-large size-large wp-image-110085 wp-post-image\" alt=\"\" \/>\t\t\t\t\t\t\t\t\t\t\t\t\t\t\t<\/div>\n\t\t\t\t<\/div>\n\t\t\t\t<\/div>\n\t\t<div class=\"elementor-element elementor-element-5ca1e7ec e-con-full e-flex e-con e-child\" data-id=\"5ca1e7ec\" data-element_type=\"container\">\n\t\t<div class=\"elementor-element elementor-element-267f13e4 e-con-full e-flex e-con e-child\" data-id=\"267f13e4\" data-element_type=\"container\">\n\t\t\t\t<div class=\"elementor-element elementor-element-275deebf elementor-widget elementor-widget-image\" data-id=\"275deebf\" data-element_type=\"widget\" data-widget_type=\"image.default\">\n\t\t\t\t<div class=\"elementor-widget-container\">\n\t\t\t\t\t\t\t\t\t\t\t\t\t\t\t<img decoding=\"async\" width=\"1024\" height=\"1024\" src=\"https:\/\/casanha-beta.s3.ap-southeast-1.amazonaws.com\/2026\/01\/Arbor-3-1024x1024.webp\" class=\"attachment-large size-large wp-image-110087 wp-post-image\" alt=\"\" \/>\t\t\t\t\t\t\t\t\t\t\t\t\t\t\t<\/div>\n\t\t\t\t<\/div>\n\t\t\t\t<\/div>\n\t\t<div class=\"elementor-element elementor-element-2fd9aae0 e-con-full e-flex e-con e-child\" data-id=\"2fd9aae0\" data-element_type=\"container\">\n\t\t\t\t<div class=\"elementor-element elementor-element-63934eef elementor-widget elementor-widget-image\" data-id=\"63934eef\" data-element_type=\"widget\" data-widget_type=\"image.default\">\n\t\t\t\t<div class=\"elementor-widget-container\">\n\t\t\t\t\t\t\t\t\t\t\t\t\t\t\t<img loading=\"lazy\" decoding=\"async\" width=\"1024\" height=\"1024\" src=\"https:\/\/casanha-beta.s3.ap-southeast-1.amazonaws.com\/2026\/01\/Arbor-4-1024x1024.webp\" class=\"attachment-large size-large wp-image-110086 wp-post-image\" alt=\"\" \/>\t\t\t\t\t\t\t\t\t\t\t\t\t\t\t<\/div>\n\t\t\t\t<\/div>\n\t\t\t\t<\/div>\n\t\t\t\t<\/div>\n\t\t\t\t\t<\/div>\n\t\t\t\t<\/div>\n\t\t<div class=\"wd-negative-gap elementor-element elementor-element-7498db6 e-flex e-con-boxed e-con e-parent\" data-id=\"7498db6\" data-element_type=\"container\">\n\t\t\t\t\t<div class=\"e-con-inner\">\n\t\t<div class=\"elementor-element elementor-element-4d8fdfb9 e-con-full e-flex e-con e-child\" data-id=\"4d8fdfb9\" data-element_type=\"container\">\n\t\t\t\t<div class=\"elementor-element elementor-element-3dea346d elementor-widget elementor-widget-wd_text_block\" data-id=\"3dea346d\" data-element_type=\"widget\" data-widget_type=\"wd_text_block.default\">\n\t\t\t\t<div class=\"elementor-widget-container\">\n\t\t\t\t\t\t\t<div class=\"wd-text-block reset-last-child text-left\">\n\t\t\t\n\t\t\t<p>\u00a0<\/p><p><strong>Sofa Th\u1eb3ng<\/strong><\/p><p>\u00a0<\/p>\n\t\t\t\t\t<\/div>\n\t\t\t\t\t\t<\/div>\n\t\t\t\t<\/div>\n\t\t\t\t<\/div>\n\t\t<div class=\"elementor-element elementor-element-14e5b477 e-con-full e-flex e-con e-child\" data-id=\"14e5b477\" data-element_type=\"container\">\n\t\t<div class=\"elementor-element elementor-element-3dabd9c2 e-con-full e-flex e-con e-child\" data-id=\"3dabd9c2\" data-element_type=\"container\">\n\t\t\t\t<div class=\"elementor-element elementor-element-245b1db5 elementor-widget elementor-widget-image\" data-id=\"245b1db5\" data-element_type=\"widget\" data-widget_type=\"image.default\">\n\t\t\t\t<div class=\"elementor-widget-container\">\n\t\t\t\t\t\t\t\t\t\t\t\t\t\t\t<img loading=\"lazy\" decoding=\"async\" width=\"1024\" height=\"768\" src=\"https:\/\/casanha-beta.s3.ap-southeast-1.amazonaws.com\/2026\/01\/Arbor-190-1024x768.webp\" class=\"attachment-large size-large wp-image-110097 wp-post-image\" alt=\"\" \/>\t\t\t\t\t\t\t\t\t\t\t\t\t\t\t<\/div>\n\t\t\t\t<\/div>\n\t\t\t\t<\/div>\n\t\t<div class=\"elementor-element elementor-element-56bab2c4 e-con-full e-flex e-con e-child\" data-id=\"56bab2c4\" data-element_type=\"container\">\n\t\t\t\t<\/div>\n\t\t<div class=\"elementor-element elementor-element-66a50da4 e-con-full e-flex e-con e-child\" data-id=\"66a50da4\" data-element_type=\"container\">\n\t\t\t\t<\/div>\n\t\t\t\t<\/div>\n\t\t\t\t\t<\/div>\n\t\t\t\t<\/div>\n\t\t<div class=\"wd-negative-gap elementor-element elementor-element-7a6ed708 e-flex e-con-boxed e-con e-parent\" data-id=\"7a6ed708\" data-element_type=\"container\">\n\t\t\t\t\t<div class=\"e-con-inner\">\n\t\t\t\t<div class=\"elementor-element elementor-element-2b974d6a elementor-widget-divider--view-line elementor-widget elementor-widget-divider\" data-id=\"2b974d6a\" data-element_type=\"widget\" data-widget_type=\"divider.default\">\n\t\t\t\t<div class=\"elementor-widget-container\">\n\t\t\t\t\t\t\t<div class=\"elementor-divider\">\n\t\t\t<span class=\"elementor-divider-separator\">\n\t\t\t\t\t\t<\/span>\n\t\t<\/div>\n\t\t\t\t\t\t<\/div>\n\t\t\t\t<\/div>\n\t\t\t\t\t<\/div>\n\t\t\t\t<\/div>\n\t\t<div class=\"wd-negative-gap elementor-element elementor-element-269f40e5 e-flex e-con-boxed e-con e-parent\" data-id=\"269f40e5\" data-element_type=\"container\">\n\t\t\t\t\t<div class=\"e-con-inner\">\n\t\t<div class=\"elementor-element elementor-element-442d9bcb e-con-full e-flex e-con e-child\" data-id=\"442d9bcb\" data-element_type=\"container\">\n\t\t\t\t<\/div>\n\t\t<div class=\"elementor-element elementor-element-41031eaf e-con-full e-flex e-con e-child\" data-id=\"41031eaf\" data-element_type=\"container\">\n\t\t\t\t<div class=\"elementor-element elementor-element-310f036a elementor-widget elementor-widget-image\" data-id=\"310f036a\" data-element_type=\"widget\" data-widget_type=\"image.default\">\n\t\t\t\t<div class=\"elementor-widget-container\">\n\t\t\t\t\t\t\t\t\t\t\t\t\t\t\t<img loading=\"lazy\" decoding=\"async\" width=\"1024\" height=\"819\" src=\"https:\/\/casanha-beta.s3.ap-southeast-1.amazonaws.com\/2026\/01\/Arbor-1-1024x819.webp\" class=\"attachment-large size-large wp-image-110084 wp-post-image\" alt=\"\" \/>\t\t\t\t\t\t\t\t\t\t\t\t\t\t\t<\/div>\n\t\t\t\t<\/div>\n\t\t\t\t<\/div>\n\t\t<div class=\"elementor-element elementor-element-50166418 e-con-full e-flex e-con e-child\" data-id=\"50166418\" data-element_type=\"container\">\n\t\t\t\t<div class=\"elementor-element elementor-element-34c09441 elementor-widget elementor-widget-image\" data-id=\"34c09441\" data-element_type=\"widget\" data-widget_type=\"image.default\">\n\t\t\t\t<div class=\"elementor-widget-container\">\n\t\t\t\t\t\t\t\t\t\t\t\t\t\t\t<img loading=\"lazy\" decoding=\"async\" width=\"1024\" height=\"819\" src=\"https:\/\/casanha-beta.s3.ap-southeast-1.amazonaws.com\/2026\/01\/Arbor-2-1024x819.webp\" class=\"attachment-large size-large wp-image-110083 wp-post-image\" alt=\"\" \/>\t\t\t\t\t\t\t\t\t\t\t\t\t\t\t<\/div>\n\t\t\t\t<\/div>\n\t\t\t\t<\/div>\n\t\t\t\t\t<\/div>\n\t\t\t\t<\/div>\n\t\t<div class=\"wd-negative-gap elementor-element elementor-element-6e0fa543 e-flex e-con-boxed e-con e-parent\" data-id=\"6e0fa543\" data-element_type=\"container\">\n\t\t\t\t\t<div class=\"e-con-inner\">\n\t\t\t\t<div class=\"elementor-element elementor-element-4d245b34 elementor-widget-divider--view-line elementor-widget elementor-widget-divider\" data-id=\"4d245b34\" data-element_type=\"widget\" data-widget_type=\"divider.default\">\n\t\t\t\t<div class=\"elementor-widget-container\">\n\t\t\t\t\t\t\t<div class=\"elementor-divider\">\n\t\t\t<span class=\"elementor-divider-separator\">\n\t\t\t\t\t\t<\/span>\n\t\t<\/div>\n\t\t\t\t\t\t<\/div>\n\t\t\t\t<\/div>\n\t\t\t\t<div class=\"elementor-element elementor-element-6fdb5113 elementor-widget elementor-widget-wd_accordion\" data-id=\"6fdb5113\" data-element_type=\"widget\" data-widget_type=\"wd_accordion.default\">\n\t\t\t\t<div class=\"elementor-widget-container\">\n\t\t\t\t\t\n\t\t<div class=\"wd-accordion wd-style-default wd-titles-left wd-opener-pos-left wd-opener-style-arrow\" data-state=\"first\">\n\t\t\t\t\t\t\t\n\t\t\t\t<div class=\"wd-accordion-item\">\n\t\t\t\t\t<div class=\"wd-accordion-title wd-active\" data-accordion-index=\"0\">\n\t\t\t\t\t\t<div class=\"wd-accordion-title-text\">\n\t\t\t\t\t\t\t\t\t\t\t\t\t\t<span>\n\t\t\t\t\t\t\t\tWill the Arbor sofa be a good fit for my home?\t\t\t\t\t\t\t<\/span>\n\t\t\t\t\t\t<\/div>\n\t\t\t\t\t\t<span class=\"wd-accordion-opener\"><\/span>\n\t\t\t\t\t<\/div>\n\n\t\t\t\t\t<div class=\"wd-accordion-content wd-entry-content wd-active\" data-accordion-index=\"0\">\n\t\t\t\t\t\t\t\t\t\t\t\t\t\n\t\t\t\t\t\t\t<p>There is only one size for Arbor, so the only customization is the upholstery. With its compact sizing, the Arbor is not only perfect for small apartment, but on smaller area of entertaining: walk-in closet, larger bedroom, or a small nook to just rest and relax. If you are looking to for a seating in a relatively smaller space, the Arbor will be an excellent choice.<\/p>\n\t\t\t\t\t\t\t\t\t\t\t\t\t\t\t\t\t\t<\/div>\n\t\t\t\t<\/div>\n\t\t\t\t\t\t\t\n\t\t\t\t<div class=\"wd-accordion-item\">\n\t\t\t\t\t<div class=\"wd-accordion-title\" data-accordion-index=\"1\">\n\t\t\t\t\t\t<div class=\"wd-accordion-title-text\">\n\t\t\t\t\t\t\t\t\t\t\t\t\t\t<span>\n\t\t\t\t\t\t\t\tTh\u1eddi gian s\u1ea3n xu\u1ea5t sofa?\t\t\t\t\t\t\t<\/span>\n\t\t\t\t\t\t<\/div>\n\t\t\t\t\t\t<span class=\"wd-accordion-opener\"><\/span>\n\t\t\t\t\t<\/div>\n\n\t\t\t\t\t<div class=\"wd-accordion-content wd-entry-content\" data-accordion-index=\"1\">\n\t\t\t\t\t\t\t\t\t\t\t\t\t\n\t\t\t\t\t\t\t<p>5 - 7 tu\u1ea7n<\/p>\n\t\t\t\t\t\t\t\t\t\t\t\t\t\t\t\t\t\t<\/div>\n\t\t\t\t<\/div>\n\t\t\t\t\t<\/div>\n\t\t\t\t\t\t<\/div>\n\t\t\t\t<\/div>\n\t\t\t\t\t<\/div>\n\t\t\t\t<\/div>\n\t\t<div class=\"wd-negative-gap elementor-element elementor-element-4115d4df e-flex e-con-boxed e-con e-parent\" data-id=\"4115d4df\" data-element_type=\"container\">\n\t\t\t\t\t<div class=\"e-con-inner\">\n\t\t\t\t\t<\/div>\n\t\t\t\t<\/div>\n\t\t\t\t<\/div>","protected":false},"excerpt":{"rendered":"<p>Home ARBOR The Arbor family was born of curiosity about the relationship between a circle and a square, and what<\/p>","protected":false},"author":1846,"featured_media":110070,"parent":108135,"menu_order":0,"comment_status":"closed","ping_status":"closed","template":"","meta":{"footnotes":""},"class_list":["post-110068","page","type-page","status-publish","has-post-thumbnail","hentry"],"yoast_head":"<!-- This site is optimized with the Yoast SEO plugin v27.1.1 - https:\/\/yoast.com\/product\/yoast-seo-wordpress\/ -->\n<title>Arbor - Casanha<\/title>\n<meta name=\"robots\" content=\"index, follow, max-snippet:-1, max-image-preview:large, max-video-preview:-1\" \/>\n<link rel=\"canonical\" href=\"https:\/\/casanha.com\/vi\/made-to-order\/sofas\/arbor\/\" \/>\n<meta property=\"og:locale\" content=\"vi_VN\" \/>\n<meta property=\"og:type\" content=\"article\" \/>\n<meta property=\"og:title\" content=\"Arbor - Casanha\" \/>\n<meta property=\"og:description\" content=\"Home ARBOR The Arbor family was born of curiosity about the relationship between a circle and a square, and what\" \/>\n<meta property=\"og:url\" content=\"https:\/\/casanha.com\/vi\/made-to-order\/sofas\/arbor\/\" \/>\n<meta property=\"og:site_name\" content=\"Casanha\" \/>\n<meta property=\"article:publisher\" content=\"https:\/\/www.facebook.com\/CasanhaHome\" \/>\n<meta property=\"article:modified_time\" content=\"2026-01-22T19:01:13+00:00\" \/>\n<meta property=\"og:image\" content=\"https:\/\/casanha-beta.s3.ap-southeast-1.amazonaws.com\/2026\/01\/arbor-.webp\" \/>\n\t<meta property=\"og:image:width\" content=\"1920\" \/>\n\t<meta property=\"og:image:height\" content=\"1080\" \/>\n\t<meta property=\"og:image:type\" content=\"image\/webp\" \/>\n<meta name=\"twitter:card\" content=\"summary_large_image\" \/>\n<script type=\"application\/ld+json\" class=\"yoast-schema-graph\">{\"@context\":\"https:\/\/schema.org\",\"@graph\":[{\"@type\":\"WebPage\",\"@id\":\"https:\/\/casanha.com\/made-to-order\/sofas\/arbor\/\",\"url\":\"https:\/\/casanha.com\/made-to-order\/sofas\/arbor\/\",\"name\":\"Arbor - Casanha\",\"isPartOf\":{\"@id\":\"https:\/\/casanha.com\/vi\/#website\"},\"primaryImageOfPage\":{\"@id\":\"https:\/\/casanha.com\/made-to-order\/sofas\/arbor\/#primaryimage\"},\"image\":{\"@id\":\"https:\/\/casanha.com\/made-to-order\/sofas\/arbor\/#primaryimage\"},\"thumbnailUrl\":\"https:\/\/casanha-beta.s3.ap-southeast-1.amazonaws.com\/2026\/01\/arbor-.webp\",\"datePublished\":\"2026-01-22T18:58:07+00:00\",\"dateModified\":\"2026-01-22T19:01:13+00:00\",\"breadcrumb\":{\"@id\":\"https:\/\/casanha.com\/made-to-order\/sofas\/arbor\/#breadcrumb\"},\"inLanguage\":\"vi\",\"potentialAction\":[{\"@type\":\"ReadAction\",\"target\":[\"https:\/\/casanha.com\/made-to-order\/sofas\/arbor\/\"]}]},{\"@type\":\"ImageObject\",\"inLanguage\":\"vi\",\"@id\":\"https:\/\/casanha.com\/made-to-order\/sofas\/arbor\/#primaryimage\",\"url\":\"https:\/\/casanha-beta.s3.ap-southeast-1.amazonaws.com\/2026\/01\/arbor-.webp\",\"contentUrl\":\"https:\/\/casanha-beta.s3.ap-southeast-1.amazonaws.com\/2026\/01\/arbor-.webp\",\"width\":1920,\"height\":1080},{\"@type\":\"BreadcrumbList\",\"@id\":\"https:\/\/casanha.com\/made-to-order\/sofas\/arbor\/#breadcrumb\",\"itemListElement\":[{\"@type\":\"ListItem\",\"position\":1,\"name\":\"Home\",\"item\":\"https:\/\/casanha.com\/\"},{\"@type\":\"ListItem\",\"position\":2,\"name\":\"Made-to-order\",\"item\":\"https:\/\/casanha.com\/made-to-order\/\"},{\"@type\":\"ListItem\",\"position\":3,\"name\":\"Sofas\",\"item\":\"https:\/\/casanha.com\/made-to-order\/sofas\/\"},{\"@type\":\"ListItem\",\"position\":4,\"name\":\"Arbor\"}]},{\"@type\":\"WebSite\",\"@id\":\"https:\/\/casanha.com\/vi\/#website\",\"url\":\"https:\/\/casanha.com\/vi\/\",\"name\":\"Casanha\",\"description\":\"Home Decor &amp; Furniture\",\"publisher\":{\"@id\":\"https:\/\/casanha.com\/vi\/#organization\"},\"potentialAction\":[{\"@type\":\"SearchAction\",\"target\":{\"@type\":\"EntryPoint\",\"urlTemplate\":\"https:\/\/casanha.com\/vi\/?s={search_term_string}\"},\"query-input\":{\"@type\":\"PropertyValueSpecification\",\"valueRequired\":true,\"valueName\":\"search_term_string\"}}],\"inLanguage\":\"vi\"},{\"@type\":\"Organization\",\"@id\":\"https:\/\/casanha.com\/vi\/#organization\",\"name\":\"Casanha\",\"url\":\"https:\/\/casanha.com\/vi\/\",\"logo\":{\"@type\":\"ImageObject\",\"inLanguage\":\"vi\",\"@id\":\"https:\/\/casanha.com\/vi\/#\/schema\/logo\/image\/\",\"url\":\"https:\/\/casanha-beta.s3.ap-southeast-1.amazonaws.com\/2026\/02\/logo-2026.jpg\",\"contentUrl\":\"https:\/\/casanha-beta.s3.ap-southeast-1.amazonaws.com\/2026\/02\/logo-2026.jpg\",\"width\":1500,\"height\":1500,\"caption\":\"Casanha\"},\"image\":{\"@id\":\"https:\/\/casanha.com\/vi\/#\/schema\/logo\/image\/\"},\"sameAs\":[\"https:\/\/www.facebook.com\/CasanhaHome\",\"https:\/\/www.instagram.com\/casanhahome\/\",\"https:\/\/www.youtube.com\/@casanha\",\"https:\/\/www.tiktok.com\/@casanha.com\",\"https:\/\/zalo.me\/casanhahome\"]}]}<\/script>\n<!-- \/ Yoast SEO plugin. -->","yoast_head_json":{"title":"Arbor - Casanha","robots":{"index":"index","follow":"follow","max-snippet":"max-snippet:-1","max-image-preview":"max-image-preview:large","max-video-preview":"max-video-preview:-1"},"canonical":"https:\/\/casanha.com\/vi\/made-to-order\/sofas\/arbor\/","og_locale":"vi_VN","og_type":"article","og_title":"Arbor - Casanha","og_description":"Home ARBOR The Arbor family was born of curiosity about the relationship between a circle and a square, and what","og_url":"https:\/\/casanha.com\/vi\/made-to-order\/sofas\/arbor\/","og_site_name":"Casanha","article_publisher":"https:\/\/www.facebook.com\/CasanhaHome","article_modified_time":"2026-01-22T19:01:13+00:00","og_image":[{"width":1920,"height":1080,"url":"https:\/\/casanha-beta.s3.ap-southeast-1.amazonaws.com\/2026\/01\/arbor-.webp","type":"image\/webp"}],"twitter_card":"summary_large_image","schema":{"@context":"https:\/\/schema.org","@graph":[{"@type":"WebPage","@id":"https:\/\/casanha.com\/made-to-order\/sofas\/arbor\/","url":"https:\/\/casanha.com\/made-to-order\/sofas\/arbor\/","name":"Arbor - Casanha","isPartOf":{"@id":"https:\/\/casanha.com\/vi\/#website"},"primaryImageOfPage":{"@id":"https:\/\/casanha.com\/made-to-order\/sofas\/arbor\/#primaryimage"},"image":{"@id":"https:\/\/casanha.com\/made-to-order\/sofas\/arbor\/#primaryimage"},"thumbnailUrl":"https:\/\/casanha-beta.s3.ap-southeast-1.amazonaws.com\/2026\/01\/arbor-.webp","datePublished":"2026-01-22T18:58:07+00:00","dateModified":"2026-01-22T19:01:13+00:00","breadcrumb":{"@id":"https:\/\/casanha.com\/made-to-order\/sofas\/arbor\/#breadcrumb"},"inLanguage":"vi","potentialAction":[{"@type":"ReadAction","target":["https:\/\/casanha.com\/made-to-order\/sofas\/arbor\/"]}]},{"@type":"ImageObject","inLanguage":"vi","@id":"https:\/\/casanha.com\/made-to-order\/sofas\/arbor\/#primaryimage","url":"https:\/\/casanha-beta.s3.ap-southeast-1.amazonaws.com\/2026\/01\/arbor-.webp","contentUrl":"https:\/\/casanha-beta.s3.ap-southeast-1.amazonaws.com\/2026\/01\/arbor-.webp","width":1920,"height":1080},{"@type":"BreadcrumbList","@id":"https:\/\/casanha.com\/made-to-order\/sofas\/arbor\/#breadcrumb","itemListElement":[{"@type":"ListItem","position":1,"name":"Home","item":"https:\/\/casanha.com\/"},{"@type":"ListItem","position":2,"name":"Made-to-order","item":"https:\/\/casanha.com\/made-to-order\/"},{"@type":"ListItem","position":3,"name":"Sofas","item":"https:\/\/casanha.com\/made-to-order\/sofas\/"},{"@type":"ListItem","position":4,"name":"Arbor"}]},{"@type":"WebSite","@id":"https:\/\/casanha.com\/vi\/#website","url":"https:\/\/casanha.com\/vi\/","name":"Casanha","description":"Home Decor &amp; Furniture","publisher":{"@id":"https:\/\/casanha.com\/vi\/#organization"},"potentialAction":[{"@type":"SearchAction","target":{"@type":"EntryPoint","urlTemplate":"https:\/\/casanha.com\/vi\/?s={search_term_string}"},"query-input":{"@type":"PropertyValueSpecification","valueRequired":true,"valueName":"search_term_string"}}],"inLanguage":"vi"},{"@type":"Organization","@id":"https:\/\/casanha.com\/vi\/#organization","name":"Casanha","url":"https:\/\/casanha.com\/vi\/","logo":{"@type":"ImageObject","inLanguage":"vi","@id":"https:\/\/casanha.com\/vi\/#\/schema\/logo\/image\/","url":"https:\/\/casanha-beta.s3.ap-southeast-1.amazonaws.com\/2026\/02\/logo-2026.jpg","contentUrl":"https:\/\/casanha-beta.s3.ap-southeast-1.amazonaws.com\/2026\/02\/logo-2026.jpg","width":1500,"height":1500,"caption":"Casanha"},"image":{"@id":"https:\/\/casanha.com\/vi\/#\/schema\/logo\/image\/"},"sameAs":["https:\/\/www.facebook.com\/CasanhaHome","https:\/\/www.instagram.com\/casanhahome\/","https:\/\/www.youtube.com\/@casanha","https:\/\/www.tiktok.com\/@casanha.com","https:\/\/zalo.me\/casanhahome"]}]}},"_links":{"self":[{"href":"https:\/\/casanha.com\/vi\/wp-json\/wp\/v2\/pages\/110068","targetHints":{"allow":["GET"]}}],"collection":[{"href":"https:\/\/casanha.com\/vi\/wp-json\/wp\/v2\/pages"}],"about":[{"href":"https:\/\/casanha.com\/vi\/wp-json\/wp\/v2\/types\/page"}],"author":[{"embeddable":true,"href":"https:\/\/casanha.com\/vi\/wp-json\/wp\/v2\/users\/1846"}],"replies":[{"embeddable":true,"href":"https:\/\/casanha.com\/vi\/wp-json\/wp\/v2\/comments?post=110068"}],"version-history":[{"count":19,"href":"https:\/\/casanha.com\/vi\/wp-json\/wp\/v2\/pages\/110068\/revisions"}],"predecessor-version":[{"id":110100,"href":"https:\/\/casanha.com\/vi\/wp-json\/wp\/v2\/pages\/110068\/revisions\/110100"}],"up":[{"embeddable":true,"href":"https:\/\/casanha.com\/vi\/wp-json\/wp\/v2\/pages\/108135"}],"wp:featuredmedia":[{"embeddable":true,"href":"https:\/\/casanha.com\/vi\/wp-json\/wp\/v2\/media\/110070"}],"wp:attachment":[{"href":"https:\/\/casanha.com\/vi\/wp-json\/wp\/v2\/media?parent=110068"}],"curies":[{"name":"wp","href":"https:\/\/api.w.org\/{rel}","templated":true}]}}