{"id":108082,"date":"2025-12-19T00:00:59","date_gmt":"2025-12-18T17:00:59","guid":{"rendered":"https:\/\/casanha.com\/?page_id=108082"},"modified":"2026-02-25T11:39:41","modified_gmt":"2026-02-25T04:39:41","slug":"console-tables","status":"publish","type":"page","link":"https:\/\/casanha.com\/vi\/made-to-order\/console-tables\/","title":{"rendered":"B\u00e0n console"},"content":{"rendered":"<div data-elementor-type=\"wp-page\" data-elementor-id=\"108082\" class=\"elementor elementor-108082\">\n\t\t\t\t<div class=\"wd-negative-gap elementor-element elementor-element-285bf871 e-flex e-con-boxed e-con e-parent\" data-id=\"285bf871\" data-element_type=\"container\">\n\t\t\t\t\t<div class=\"e-con-inner\">\n\t\t\t\t<div class=\"elementor-element elementor-element-464c8bd1 elementor-widget-divider--view-line elementor-widget elementor-widget-divider\" data-id=\"464c8bd1\" data-element_type=\"widget\" data-widget_type=\"divider.default\">\n\t\t\t\t<div class=\"elementor-widget-container\">\n\t\t\t\t\t\t\t<div class=\"elementor-divider\">\n\t\t\t<span class=\"elementor-divider-separator\">\n\t\t\t\t\t\t<\/span>\n\t\t<\/div>\n\t\t\t\t\t\t<\/div>\n\t\t\t\t<\/div>\n\t\t\t\t<div class=\"elementor-element elementor-element-843942f wd-el-breadcrumbs text-left elementor-widget elementor-widget-wd_wc_breadcrumb\" data-id=\"843942f\" data-element_type=\"widget\" data-widget_type=\"wd_wc_breadcrumb.default\">\n\t\t\t\t<div class=\"elementor-widget-container\">\n\t\t\t\t\t<nav class=\"wd-breadcrumbs woocommerce-breadcrumb\" aria-label=\"Breadcrumb\">\t\t\t\t<span class=\"wd-last\">\n\t\t\t\t\tTrang ch\u1ee7\t\t\t\t<\/span>\n\t\t\t<\/nav>\t\t\t\t<\/div>\n\t\t\t\t<\/div>\n\t\t\t\t<div class=\"elementor-element elementor-element-274e9772 elementor-widget-divider--view-line elementor-widget elementor-widget-divider\" data-id=\"274e9772\" data-element_type=\"widget\" data-widget_type=\"divider.default\">\n\t\t\t\t<div class=\"elementor-widget-container\">\n\t\t\t\t\t\t\t<div class=\"elementor-divider\">\n\t\t\t<span class=\"elementor-divider-separator\">\n\t\t\t\t\t\t<\/span>\n\t\t<\/div>\n\t\t\t\t\t\t<\/div>\n\t\t\t\t<\/div>\n\t\t\t\t\t<\/div>\n\t\t\t\t<\/div>\n\t\t<div class=\"wd-negative-gap elementor-element elementor-element-3150b55b e-flex e-con-boxed e-con e-parent\" data-id=\"3150b55b\" data-element_type=\"container\">\n\t\t\t\t\t<div class=\"e-con-inner\">\n\t\t\t\t<div class=\"elementor-element elementor-element-11c020a7 elementor-widget elementor-widget-wd_text_block\" data-id=\"11c020a7\" data-element_type=\"widget\" data-widget_type=\"wd_text_block.default\">\n\t\t\t\t<div class=\"elementor-widget-container\">\n\t\t\t\t\t\t\t<div class=\"wd-text-block reset-last-child text-left color-primary\">\n\t\t\t\n\t\t\t<p>B\u00c0N CONSOLE<span style=\"font-size: 34px;\"><\/span><\/p>\n\t\t\t\t\t<\/div>\n\t\t\t\t\t\t<\/div>\n\t\t\t\t<\/div>\n\t\t\t\t<div class=\"elementor-element elementor-element-3c5ae2f1 elementor-widget elementor-widget-wd_text_block\" data-id=\"3c5ae2f1\" data-element_type=\"widget\" data-widget_type=\"wd_text_block.default\">\n\t\t\t\t<div class=\"elementor-widget-container\">\n\t\t\t\t\t\t\t<div class=\"wd-text-block reset-last-child text-left\">\n\t\t\t\n\t\t\t<p><span style=\"font-weight: 400;\">Kh\u00e1m ph\u00e1 b\u1ed9 s\u01b0u t\u1eadp b\u00e0n Console t\u00f9y ch\u1ec9nh theo y\u00eau c\u1ea7u c\u1ee7a Casanh\u00e0 \u2013 n\u01a1i thi\u1ebft k\u1ebf tinh t\u1ebf \u0111\u01b0\u1ee3c trau chu\u1ed1t b\u1eb1ng nh\u1eefng b\u00e0n tay l\u00e0nh ngh\u1ec1 nh\u1ea5t. Thanh l\u1ecbch trong \u00e1nh m\u1eaft v\u00e0 v\u1eefng ch\u00e3i trong \u1ee9ng d\u1ee5ng, m\u1ed7i chi\u1ebfc b\u00e0n console \u0111\u01b0\u1ee3c t\u1ea1o n\u00ean \u0111\u1ec3 t\u00f4n vinh kh\u00f4ng gian l\u1ed1i v\u00e0o, ph\u00f2ng kh\u00e1ch v\u00e0 h\u00e0nh lang b\u1eb1ng v\u1ebb \u0111\u1eb9p trang nh\u00e3, nh\u1eb9 nh\u00e0ng nh\u01b0ng \u0111\u1ea7y chi\u1ec1u s\u00e2u.<\/span><\/p>\n\t\t\t\t\t<\/div>\n\t\t\t\t\t\t<\/div>\n\t\t\t\t<\/div>\n\t\t\t\t\t<\/div>\n\t\t\t\t<\/div>\n\t\t<div class=\"wd-negative-gap elementor-element elementor-element-7976374d e-grid e-con-boxed e-con e-parent\" data-id=\"7976374d\" data-element_type=\"container\">\n\t\t\t\t\t<div class=\"e-con-inner\">\n\t\t\t\t<div class=\"elementor-element elementor-element-1e29e7ac elementor-widget elementor-widget-image\" data-id=\"1e29e7ac\" data-element_type=\"widget\" data-widget_type=\"image.default\">\n\t\t\t\t<div class=\"elementor-widget-container\">\n\t\t\t\t\t\t\t\t\t\t\t\t<figure class=\"wp-caption\">\n\t\t\t\t\t\t\t\t\t\t\t<a href=\"https:\/\/casanha.com\/vi\/made-to-order\/console-tables\/tathra\/\">\n\t\t\t\t\t\t\t<img fetchpriority=\"high\" decoding=\"async\" width=\"819\" height=\"1024\" src=\"https:\/\/casanha-beta.s3.ap-southeast-1.amazonaws.com\/2025\/12\/custom-made-console-tathra-819x1024.webp\" class=\"attachment-large size-large wp-image-108088 wp-post-image\" alt=\"\" \/>\t\t\t\t\t\t\t\t<\/a>\n\t\t\t\t\t\t\t\t\t\t\t<figcaption class=\"widget-image-caption wp-caption-text\">Tathra<\/figcaption>\n\t\t\t\t\t\t\t\t\t\t<\/figure>\n\t\t\t\t\t\t\t\t\t<\/div>\n\t\t\t\t<\/div>\n\t\t\t\t<div class=\"elementor-element elementor-element-1bd6c2a4 elementor-widget elementor-widget-image\" data-id=\"1bd6c2a4\" data-element_type=\"widget\" data-widget_type=\"image.default\">\n\t\t\t\t<div class=\"elementor-widget-container\">\n\t\t\t\t\t\t\t\t\t\t\t\t<figure class=\"wp-caption\">\n\t\t\t\t\t\t\t\t\t\t\t<a href=\"https:\/\/casanha.com\/vi\/made-to-order\/console-tables\/gion-console\/\">\n\t\t\t\t\t\t\t<img decoding=\"async\" width=\"819\" height=\"1024\" src=\"https:\/\/casanha-beta.s3.ap-southeast-1.amazonaws.com\/2025\/12\/custom-made-console-gion-819x1024.webp\" class=\"attachment-large size-large wp-image-108086 wp-post-image\" alt=\"\" \/>\t\t\t\t\t\t\t\t<\/a>\n\t\t\t\t\t\t\t\t\t\t\t<figcaption class=\"widget-image-caption wp-caption-text\">Gion<\/figcaption>\n\t\t\t\t\t\t\t\t\t\t<\/figure>\n\t\t\t\t\t\t\t\t\t<\/div>\n\t\t\t\t<\/div>\n\t\t\t\t<div class=\"elementor-element elementor-element-503a7069 elementor-widget elementor-widget-image\" data-id=\"503a7069\" data-element_type=\"widget\" data-widget_type=\"image.default\">\n\t\t\t\t<div class=\"elementor-widget-container\">\n\t\t\t\t\t\t\t\t\t\t\t\t<figure class=\"wp-caption\">\n\t\t\t\t\t\t\t\t\t\t\t<a href=\"https:\/\/casanha.com\/vi\/made-to-order\/console-tables\/nell\/\">\n\t\t\t\t\t\t\t<img decoding=\"async\" width=\"819\" height=\"1024\" src=\"https:\/\/casanha-beta.s3.ap-southeast-1.amazonaws.com\/2025\/12\/custom-made-console-nell-819x1024.webp\" class=\"attachment-large size-large wp-image-108087 wp-post-image\" alt=\"\" \/>\t\t\t\t\t\t\t\t<\/a>\n\t\t\t\t\t\t\t\t\t\t\t<figcaption class=\"widget-image-caption wp-caption-text\">Nell<\/figcaption>\n\t\t\t\t\t\t\t\t\t\t<\/figure>\n\t\t\t\t\t\t\t\t\t<\/div>\n\t\t\t\t<\/div>\n\t\t\t\t\t<\/div>\n\t\t\t\t<\/div>\n\t\t<div class=\"wd-negative-gap elementor-element elementor-element-3e74d177 e-flex e-con-boxed e-con e-parent\" data-id=\"3e74d177\" data-element_type=\"container\">\n\t\t\t\t\t<div class=\"e-con-inner\">\n\t\t\t\t<div class=\"elementor-element elementor-element-429de88f elementor-widget-divider--view-line elementor-widget elementor-widget-divider\" data-id=\"429de88f\" data-element_type=\"widget\" data-widget_type=\"divider.default\">\n\t\t\t\t<div class=\"elementor-widget-container\">\n\t\t\t\t\t\t\t<div class=\"elementor-divider\">\n\t\t\t<span class=\"elementor-divider-separator\">\n\t\t\t\t\t\t<\/span>\n\t\t<\/div>\n\t\t\t\t\t\t<\/div>\n\t\t\t\t<\/div>\n\t\t\t\t\t<\/div>\n\t\t\t\t<\/div>\n\t\t\t\t<\/div>","protected":false},"excerpt":{"rendered":"<p>Home CONSOLE TABLES Discover our made-to-order console tables collection, where timeless design meets functional elegance. Featuring minimalist proportions, premium materials,<\/p>","protected":false},"author":1846,"featured_media":0,"parent":107895,"menu_order":0,"comment_status":"closed","ping_status":"closed","template":"","meta":{"footnotes":""},"class_list":["post-108082","page","type-page","status-publish","hentry"],"yoast_head":"<!-- This site is optimized with the Yoast SEO plugin v27.1.1 - https:\/\/yoast.com\/product\/yoast-seo-wordpress\/ -->\n<title>Console tables - Casanha<\/title>\n<meta name=\"robots\" content=\"index, follow, max-snippet:-1, max-image-preview:large, max-video-preview:-1\" \/>\n<link rel=\"canonical\" href=\"https:\/\/casanha.com\/vi\/made-to-order\/console-tables\/\" \/>\n<meta property=\"og:locale\" content=\"vi_VN\" \/>\n<meta property=\"og:type\" content=\"article\" \/>\n<meta property=\"og:title\" content=\"Console tables - Casanha\" \/>\n<meta property=\"og:description\" content=\"Home CONSOLE TABLES Discover our made-to-order console tables collection, where timeless design meets functional elegance. Featuring minimalist proportions, premium materials,\" \/>\n<meta property=\"og:url\" content=\"https:\/\/casanha.com\/vi\/made-to-order\/console-tables\/\" \/>\n<meta property=\"og:site_name\" content=\"Casanha\" \/>\n<meta property=\"article:publisher\" content=\"https:\/\/www.facebook.com\/CasanhaHome\" \/>\n<meta property=\"article:modified_time\" content=\"2026-02-25T04:39:41+00:00\" \/>\n<meta property=\"og:image\" content=\"https:\/\/casanha.com\/wp-content\/uploads\/2025\/12\/custom-made-console-tathra-819x1024.webp\" \/>\n<meta name=\"twitter:card\" content=\"summary_large_image\" \/>\n<script type=\"application\/ld+json\" class=\"yoast-schema-graph\">{\"@context\":\"https:\/\/schema.org\",\"@graph\":[{\"@type\":\"WebPage\",\"@id\":\"https:\/\/casanha.com\/made-to-order\/console-tables\/\",\"url\":\"https:\/\/casanha.com\/made-to-order\/console-tables\/\",\"name\":\"Console tables - Casanha\",\"isPartOf\":{\"@id\":\"https:\/\/casanha.com\/vi\/#website\"},\"primaryImageOfPage\":{\"@id\":\"https:\/\/casanha.com\/made-to-order\/console-tables\/#primaryimage\"},\"image\":{\"@id\":\"https:\/\/casanha.com\/made-to-order\/console-tables\/#primaryimage\"},\"thumbnailUrl\":\"https:\/\/casanha.com\/wp-content\/uploads\/2025\/12\/custom-made-console-tathra-819x1024.webp\",\"datePublished\":\"2025-12-18T17:00:59+00:00\",\"dateModified\":\"2026-02-25T04:39:41+00:00\",\"breadcrumb\":{\"@id\":\"https:\/\/casanha.com\/made-to-order\/console-tables\/#breadcrumb\"},\"inLanguage\":\"vi\",\"potentialAction\":[{\"@type\":\"ReadAction\",\"target\":[\"https:\/\/casanha.com\/made-to-order\/console-tables\/\"]}]},{\"@type\":\"ImageObject\",\"inLanguage\":\"vi\",\"@id\":\"https:\/\/casanha.com\/made-to-order\/console-tables\/#primaryimage\",\"url\":\"https:\/\/casanha.com\/wp-content\/uploads\/2025\/12\/custom-made-console-tathra-819x1024.webp\",\"contentUrl\":\"https:\/\/casanha.com\/wp-content\/uploads\/2025\/12\/custom-made-console-tathra-819x1024.webp\"},{\"@type\":\"BreadcrumbList\",\"@id\":\"https:\/\/casanha.com\/made-to-order\/console-tables\/#breadcrumb\",\"itemListElement\":[{\"@type\":\"ListItem\",\"position\":1,\"name\":\"Home\",\"item\":\"https:\/\/casanha.com\/\"},{\"@type\":\"ListItem\",\"position\":2,\"name\":\"Made-to-order\",\"item\":\"https:\/\/casanha.com\/made-to-order\/\"},{\"@type\":\"ListItem\",\"position\":3,\"name\":\"Console tables\"}]},{\"@type\":\"WebSite\",\"@id\":\"https:\/\/casanha.com\/vi\/#website\",\"url\":\"https:\/\/casanha.com\/vi\/\",\"name\":\"Casanha\",\"description\":\"Home Decor &amp; Furniture\",\"publisher\":{\"@id\":\"https:\/\/casanha.com\/vi\/#organization\"},\"potentialAction\":[{\"@type\":\"SearchAction\",\"target\":{\"@type\":\"EntryPoint\",\"urlTemplate\":\"https:\/\/casanha.com\/vi\/?s={search_term_string}\"},\"query-input\":{\"@type\":\"PropertyValueSpecification\",\"valueRequired\":true,\"valueName\":\"search_term_string\"}}],\"inLanguage\":\"vi\"},{\"@type\":\"Organization\",\"@id\":\"https:\/\/casanha.com\/vi\/#organization\",\"name\":\"Casanha\",\"url\":\"https:\/\/casanha.com\/vi\/\",\"logo\":{\"@type\":\"ImageObject\",\"inLanguage\":\"vi\",\"@id\":\"https:\/\/casanha.com\/vi\/#\/schema\/logo\/image\/\",\"url\":\"https:\/\/casanha-beta.s3.ap-southeast-1.amazonaws.com\/2026\/02\/logo-2026.jpg\",\"contentUrl\":\"https:\/\/casanha-beta.s3.ap-southeast-1.amazonaws.com\/2026\/02\/logo-2026.jpg\",\"width\":1500,\"height\":1500,\"caption\":\"Casanha\"},\"image\":{\"@id\":\"https:\/\/casanha.com\/vi\/#\/schema\/logo\/image\/\"},\"sameAs\":[\"https:\/\/www.facebook.com\/CasanhaHome\",\"https:\/\/www.instagram.com\/casanhahome\/\",\"https:\/\/www.youtube.com\/@casanha\",\"https:\/\/www.tiktok.com\/@casanha.com\",\"https:\/\/zalo.me\/casanhahome\"]}]}<\/script>\n<!-- \/ Yoast SEO plugin. -->","yoast_head_json":{"title":"Console tables - Casanha","robots":{"index":"index","follow":"follow","max-snippet":"max-snippet:-1","max-image-preview":"max-image-preview:large","max-video-preview":"max-video-preview:-1"},"canonical":"https:\/\/casanha.com\/vi\/made-to-order\/console-tables\/","og_locale":"vi_VN","og_type":"article","og_title":"Console tables - Casanha","og_description":"Home CONSOLE TABLES Discover our made-to-order console tables collection, where timeless design meets functional elegance. Featuring minimalist proportions, premium materials,","og_url":"https:\/\/casanha.com\/vi\/made-to-order\/console-tables\/","og_site_name":"Casanha","article_publisher":"https:\/\/www.facebook.com\/CasanhaHome","article_modified_time":"2026-02-25T04:39:41+00:00","og_image":[{"url":"https:\/\/casanha.com\/wp-content\/uploads\/2025\/12\/custom-made-console-tathra-819x1024.webp","type":"","width":"","height":""}],"twitter_card":"summary_large_image","schema":{"@context":"https:\/\/schema.org","@graph":[{"@type":"WebPage","@id":"https:\/\/casanha.com\/made-to-order\/console-tables\/","url":"https:\/\/casanha.com\/made-to-order\/console-tables\/","name":"Console tables - Casanha","isPartOf":{"@id":"https:\/\/casanha.com\/vi\/#website"},"primaryImageOfPage":{"@id":"https:\/\/casanha.com\/made-to-order\/console-tables\/#primaryimage"},"image":{"@id":"https:\/\/casanha.com\/made-to-order\/console-tables\/#primaryimage"},"thumbnailUrl":"https:\/\/casanha.com\/wp-content\/uploads\/2025\/12\/custom-made-console-tathra-819x1024.webp","datePublished":"2025-12-18T17:00:59+00:00","dateModified":"2026-02-25T04:39:41+00:00","breadcrumb":{"@id":"https:\/\/casanha.com\/made-to-order\/console-tables\/#breadcrumb"},"inLanguage":"vi","potentialAction":[{"@type":"ReadAction","target":["https:\/\/casanha.com\/made-to-order\/console-tables\/"]}]},{"@type":"ImageObject","inLanguage":"vi","@id":"https:\/\/casanha.com\/made-to-order\/console-tables\/#primaryimage","url":"https:\/\/casanha.com\/wp-content\/uploads\/2025\/12\/custom-made-console-tathra-819x1024.webp","contentUrl":"https:\/\/casanha.com\/wp-content\/uploads\/2025\/12\/custom-made-console-tathra-819x1024.webp"},{"@type":"BreadcrumbList","@id":"https:\/\/casanha.com\/made-to-order\/console-tables\/#breadcrumb","itemListElement":[{"@type":"ListItem","position":1,"name":"Home","item":"https:\/\/casanha.com\/"},{"@type":"ListItem","position":2,"name":"Made-to-order","item":"https:\/\/casanha.com\/made-to-order\/"},{"@type":"ListItem","position":3,"name":"Console tables"}]},{"@type":"WebSite","@id":"https:\/\/casanha.com\/vi\/#website","url":"https:\/\/casanha.com\/vi\/","name":"Casanha","description":"Home Decor &amp; Furniture","publisher":{"@id":"https:\/\/casanha.com\/vi\/#organization"},"potentialAction":[{"@type":"SearchAction","target":{"@type":"EntryPoint","urlTemplate":"https:\/\/casanha.com\/vi\/?s={search_term_string}"},"query-input":{"@type":"PropertyValueSpecification","valueRequired":true,"valueName":"search_term_string"}}],"inLanguage":"vi"},{"@type":"Organization","@id":"https:\/\/casanha.com\/vi\/#organization","name":"Casanha","url":"https:\/\/casanha.com\/vi\/","logo":{"@type":"ImageObject","inLanguage":"vi","@id":"https:\/\/casanha.com\/vi\/#\/schema\/logo\/image\/","url":"https:\/\/casanha-beta.s3.ap-southeast-1.amazonaws.com\/2026\/02\/logo-2026.jpg","contentUrl":"https:\/\/casanha-beta.s3.ap-southeast-1.amazonaws.com\/2026\/02\/logo-2026.jpg","width":1500,"height":1500,"caption":"Casanha"},"image":{"@id":"https:\/\/casanha.com\/vi\/#\/schema\/logo\/image\/"},"sameAs":["https:\/\/www.facebook.com\/CasanhaHome","https:\/\/www.instagram.com\/casanhahome\/","https:\/\/www.youtube.com\/@casanha","https:\/\/www.tiktok.com\/@casanha.com","https:\/\/zalo.me\/casanhahome"]}]}},"_links":{"self":[{"href":"https:\/\/casanha.com\/vi\/wp-json\/wp\/v2\/pages\/108082","targetHints":{"allow":["GET"]}}],"collection":[{"href":"https:\/\/casanha.com\/vi\/wp-json\/wp\/v2\/pages"}],"about":[{"href":"https:\/\/casanha.com\/vi\/wp-json\/wp\/v2\/types\/page"}],"author":[{"embeddable":true,"href":"https:\/\/casanha.com\/vi\/wp-json\/wp\/v2\/users\/1846"}],"replies":[{"embeddable":true,"href":"https:\/\/casanha.com\/vi\/wp-json\/wp\/v2\/comments?post=108082"}],"version-history":[{"count":28,"href":"https:\/\/casanha.com\/vi\/wp-json\/wp\/v2\/pages\/108082\/revisions"}],"predecessor-version":[{"id":113207,"href":"https:\/\/casanha.com\/vi\/wp-json\/wp\/v2\/pages\/108082\/revisions\/113207"}],"up":[{"embeddable":true,"href":"https:\/\/casanha.com\/vi\/wp-json\/wp\/v2\/pages\/107895"}],"wp:attachment":[{"href":"https:\/\/casanha.com\/vi\/wp-json\/wp\/v2\/media?parent=108082"}],"curies":[{"name":"wp","href":"https:\/\/api.w.org\/{rel}","templated":true}]}}