{"id":108004,"date":"2025-12-18T18:05:07","date_gmt":"2025-12-18T11:05:07","guid":{"rendered":"https:\/\/casanha.com\/?page_id=108004"},"modified":"2026-02-18T23:24:26","modified_gmt":"2026-02-18T16:24:26","slug":"dining-tables","status":"publish","type":"page","link":"https:\/\/casanha.com\/vi\/made-to-order\/dining-tables\/","title":{"rendered":"B\u00e0n \u0103n"},"content":{"rendered":"<div data-elementor-type=\"wp-page\" data-elementor-id=\"108004\" class=\"elementor elementor-108004\">\n\t\t\t\t<div class=\"wd-negative-gap elementor-element elementor-element-7958fa1c e-flex e-con-boxed e-con e-parent\" data-id=\"7958fa1c\" data-element_type=\"container\">\n\t\t\t\t\t<div class=\"e-con-inner\">\n\t\t\t\t<div class=\"elementor-element elementor-element-568aa19f elementor-widget-divider--view-line elementor-widget elementor-widget-divider\" data-id=\"568aa19f\" data-element_type=\"widget\" data-widget_type=\"divider.default\">\n\t\t\t\t<div class=\"elementor-widget-container\">\n\t\t\t\t\t\t\t<div class=\"elementor-divider\">\n\t\t\t<span class=\"elementor-divider-separator\">\n\t\t\t\t\t\t<\/span>\n\t\t<\/div>\n\t\t\t\t\t\t<\/div>\n\t\t\t\t<\/div>\n\t\t\t\t<div class=\"elementor-element elementor-element-45694e2 wd-el-breadcrumbs text-left elementor-widget elementor-widget-wd_wc_breadcrumb\" data-id=\"45694e2\" data-element_type=\"widget\" data-widget_type=\"wd_wc_breadcrumb.default\">\n\t\t\t\t<div class=\"elementor-widget-container\">\n\t\t\t\t\t<nav class=\"wd-breadcrumbs woocommerce-breadcrumb\" aria-label=\"Breadcrumb\">\t\t\t\t<span class=\"wd-last\">\n\t\t\t\t\tTrang ch\u1ee7\t\t\t\t<\/span>\n\t\t\t<\/nav>\t\t\t\t<\/div>\n\t\t\t\t<\/div>\n\t\t\t\t<div class=\"elementor-element elementor-element-243e603 elementor-widget-divider--view-line elementor-widget elementor-widget-divider\" data-id=\"243e603\" data-element_type=\"widget\" data-widget_type=\"divider.default\">\n\t\t\t\t<div class=\"elementor-widget-container\">\n\t\t\t\t\t\t\t<div class=\"elementor-divider\">\n\t\t\t<span class=\"elementor-divider-separator\">\n\t\t\t\t\t\t<\/span>\n\t\t<\/div>\n\t\t\t\t\t\t<\/div>\n\t\t\t\t<\/div>\n\t\t\t\t\t<\/div>\n\t\t\t\t<\/div>\n\t\t<div class=\"wd-negative-gap elementor-element elementor-element-2d43ea77 e-flex e-con-boxed e-con e-parent\" data-id=\"2d43ea77\" data-element_type=\"container\">\n\t\t\t\t\t<div class=\"e-con-inner\">\n\t\t\t\t<div class=\"elementor-element elementor-element-5235b12b elementor-widget elementor-widget-wd_text_block\" data-id=\"5235b12b\" data-element_type=\"widget\" data-widget_type=\"wd_text_block.default\">\n\t\t\t\t<div class=\"elementor-widget-container\">\n\t\t\t\t\t\t\t<div class=\"wd-text-block reset-last-child text-left color-primary\">\n\t\t\t\n\t\t\t<p>B\u00c0N \u0102N<span style=\"font-size: 34px;\"><\/span><\/p>\n\t\t\t\t\t<\/div>\n\t\t\t\t\t\t<\/div>\n\t\t\t\t<\/div>\n\t\t\t\t<div class=\"elementor-element elementor-element-1ccfb625 elementor-widget elementor-widget-wd_text_block\" data-id=\"1ccfb625\" data-element_type=\"widget\" data-widget_type=\"wd_text_block.default\">\n\t\t\t\t<div class=\"elementor-widget-container\">\n\t\t\t\t\t\t\t<div class=\"wd-text-block reset-last-child text-left\">\n\t\t\t\n\t\t\t<p><span style=\"font-weight: 400;\">C\u00e1c s\u1ea3n ph\u1ea9m b\u00e0n \u0103n \u0111\u01b0\u1ee3c thi\u1ebft k\u1ebf \u0111\u1ec3 mang m\u1ecdi ng\u01b0\u1eddi l\u1ea1i g\u1ea7n nhau qua nh\u1eefng kho\u1ea3nh kh\u1eafc gi\u1ea3n d\u1ecb v\u00e0 \u00fd ngh\u0129a.&nbsp;<\/span><\/p><p><span style=\"font-weight: 400;\">Ph\u00f9 h\u1ee3p cho b\u1eefa \u0103n h\u1eb1ng ng\u00e0y c\u0169ng nh\u01b0 nh\u1eefng cu\u1ed9c tr\u00f2 chuy\u1ec7n k\u00e9o d\u00e0i, nh\u1eefng chi\u1ebfc b\u00e0n n\u00e0y mang l\u1ea1i c\u1ea3m gi\u00e1c t\u1ef1 nhi\u00ean, b\u1ec1n b\u1ec9 v\u00e0 d\u1ec5 s\u1eed d\u1ee5ng trong \u0111\u1eddi s\u1ed1ng th\u01b0\u1eddng nh\u1eadt.<\/span><\/p>\n\t\t\t\t\t<\/div>\n\t\t\t\t\t\t<\/div>\n\t\t\t\t<\/div>\n\t\t\t\t\t<\/div>\n\t\t\t\t<\/div>\n\t\t<div class=\"wd-negative-gap elementor-element elementor-element-715a878 e-grid e-con-boxed e-con e-parent\" data-id=\"715a878\" data-element_type=\"container\">\n\t\t\t\t\t<div class=\"e-con-inner\">\n\t\t\t\t<div class=\"elementor-element elementor-element-561d1e6 elementor-widget elementor-widget-image\" data-id=\"561d1e6\" data-element_type=\"widget\" data-widget_type=\"image.default\">\n\t\t\t\t<div class=\"elementor-widget-container\">\n\t\t\t\t\t\t\t\t\t\t\t\t<figure class=\"wp-caption\">\n\t\t\t\t\t\t\t\t\t\t\t<a href=\"https:\/\/casanha.com\/vi\/made-to-order\/dining-tables\/hover\/\">\n\t\t\t\t\t\t\t<img fetchpriority=\"high\" decoding=\"async\" width=\"1024\" height=\"819\" src=\"https:\/\/casanha-beta.s3.ap-southeast-1.amazonaws.com\/2025\/12\/custom-made-dining-table-hover-1024x819.webp\" class=\"attachment-large size-large wp-image-108027 wp-post-image\" alt=\"\" \/>\t\t\t\t\t\t\t\t<\/a>\n\t\t\t\t\t\t\t\t\t\t\t<figcaption class=\"widget-image-caption wp-caption-text\">Hover<\/figcaption>\n\t\t\t\t\t\t\t\t\t\t<\/figure>\n\t\t\t\t\t\t\t\t\t<\/div>\n\t\t\t\t<\/div>\n\t\t\t\t<div class=\"elementor-element elementor-element-b75a012 elementor-widget elementor-widget-image\" data-id=\"b75a012\" data-element_type=\"widget\" data-widget_type=\"image.default\">\n\t\t\t\t<div class=\"elementor-widget-container\">\n\t\t\t\t\t\t\t\t\t\t\t\t<figure class=\"wp-caption\">\n\t\t\t\t\t\t\t\t\t\t\t<a href=\"https:\/\/casanha.com\/vi\/made-to-order\/dining-tables\/tathra\/\">\n\t\t\t\t\t\t\t<img decoding=\"async\" width=\"1024\" height=\"819\" src=\"https:\/\/casanha-beta.s3.ap-southeast-1.amazonaws.com\/2025\/12\/custom-made-dining-table-tathra-1024x819.webp\" class=\"attachment-large size-large wp-image-108028 wp-post-image\" alt=\"\" \/>\t\t\t\t\t\t\t\t<\/a>\n\t\t\t\t\t\t\t\t\t\t\t<figcaption class=\"widget-image-caption wp-caption-text\">Tathra<\/figcaption>\n\t\t\t\t\t\t\t\t\t\t<\/figure>\n\t\t\t\t\t\t\t\t\t<\/div>\n\t\t\t\t<\/div>\n\t\t\t\t<div class=\"elementor-element elementor-element-9125aae elementor-widget elementor-widget-image\" data-id=\"9125aae\" data-element_type=\"widget\" data-widget_type=\"image.default\">\n\t\t\t\t<div class=\"elementor-widget-container\">\n\t\t\t\t\t\t\t\t\t\t\t\t<figure class=\"wp-caption\">\n\t\t\t\t\t\t\t\t\t\t\t<a href=\"https:\/\/casanha.com\/vi\/made-to-order\/dining-tables\/cove\/\">\n\t\t\t\t\t\t\t<img decoding=\"async\" width=\"1024\" height=\"819\" src=\"https:\/\/casanha-beta.s3.ap-southeast-1.amazonaws.com\/2025\/12\/custom-made-dining-table-cove-1024x819.webp\" class=\"attachment-large size-large wp-image-108030 wp-post-image\" alt=\"\" \/>\t\t\t\t\t\t\t\t<\/a>\n\t\t\t\t\t\t\t\t\t\t\t<figcaption class=\"widget-image-caption wp-caption-text\">Cove<\/figcaption>\n\t\t\t\t\t\t\t\t\t\t<\/figure>\n\t\t\t\t\t\t\t\t\t<\/div>\n\t\t\t\t<\/div>\n\t\t\t\t<div class=\"elementor-element elementor-element-a6f3750 elementor-widget elementor-widget-image\" data-id=\"a6f3750\" data-element_type=\"widget\" data-widget_type=\"image.default\">\n\t\t\t\t<div class=\"elementor-widget-container\">\n\t\t\t\t\t\t\t\t\t\t\t\t<figure class=\"wp-caption\">\n\t\t\t\t\t\t\t\t\t\t\t<a href=\"https:\/\/casanha.com\/vi\/made-to-order\/dining-tables\/tilba\/\">\n\t\t\t\t\t\t\t<img loading=\"lazy\" decoding=\"async\" width=\"1024\" height=\"819\" src=\"https:\/\/casanha-beta.s3.ap-southeast-1.amazonaws.com\/2025\/12\/custom-made-dining-table-tilba-1024x819.webp\" class=\"attachment-large size-large wp-image-108029 wp-post-image\" alt=\"\" \/>\t\t\t\t\t\t\t\t<\/a>\n\t\t\t\t\t\t\t\t\t\t\t<figcaption class=\"widget-image-caption wp-caption-text\">Tilba<\/figcaption>\n\t\t\t\t\t\t\t\t\t\t<\/figure>\n\t\t\t\t\t\t\t\t\t<\/div>\n\t\t\t\t<\/div>\n\t\t\t\t\t<\/div>\n\t\t\t\t<\/div>\n\t\t<div class=\"wd-negative-gap elementor-element elementor-element-72ed0122 e-flex e-con-boxed e-con e-parent\" data-id=\"72ed0122\" data-element_type=\"container\">\n\t\t\t\t\t<div class=\"e-con-inner\">\n\t\t\t\t<div class=\"elementor-element elementor-element-60131da4 elementor-widget-divider--view-line elementor-widget elementor-widget-divider\" data-id=\"60131da4\" data-element_type=\"widget\" data-widget_type=\"divider.default\">\n\t\t\t\t<div class=\"elementor-widget-container\">\n\t\t\t\t\t\t\t<div class=\"elementor-divider\">\n\t\t\t<span class=\"elementor-divider-separator\">\n\t\t\t\t\t\t<\/span>\n\t\t<\/div>\n\t\t\t\t\t\t<\/div>\n\t\t\t\t<\/div>\n\t\t\t\t\t<\/div>\n\t\t\t\t<\/div>\n\t\t\t\t<\/div>","protected":false},"excerpt":{"rendered":"<p>Home DINING TABLES Our dining tables are made to bring people together in simple, meaningful ways. Shaped by trusted design<\/p>","protected":false},"author":1846,"featured_media":0,"parent":107895,"menu_order":0,"comment_status":"closed","ping_status":"closed","template":"","meta":{"footnotes":""},"class_list":["post-108004","page","type-page","status-publish","hentry"],"yoast_head":"<!-- This site is optimized with the Yoast SEO plugin v27.1.1 - https:\/\/yoast.com\/product\/yoast-seo-wordpress\/ -->\n<title>Dining tables - Casanha<\/title>\n<meta name=\"robots\" content=\"index, follow, max-snippet:-1, max-image-preview:large, max-video-preview:-1\" \/>\n<link rel=\"canonical\" href=\"https:\/\/casanha.com\/vi\/made-to-order\/dining-tables\/\" \/>\n<meta property=\"og:locale\" content=\"vi_VN\" \/>\n<meta property=\"og:type\" content=\"article\" \/>\n<meta property=\"og:title\" content=\"Dining tables - Casanha\" \/>\n<meta property=\"og:description\" content=\"Home DINING TABLES Our dining tables are made to bring people together in simple, meaningful ways. Shaped by trusted design\" \/>\n<meta property=\"og:url\" content=\"https:\/\/casanha.com\/vi\/made-to-order\/dining-tables\/\" \/>\n<meta property=\"og:site_name\" content=\"Casanha\" \/>\n<meta property=\"article:publisher\" content=\"https:\/\/www.facebook.com\/CasanhaHome\" \/>\n<meta property=\"article:modified_time\" content=\"2026-02-18T16:24:26+00:00\" \/>\n<meta property=\"og:image\" content=\"https:\/\/casanha.com\/wp-content\/uploads\/2025\/12\/custom-made-dining-table-hover-1024x819.webp\" \/>\n<meta name=\"twitter:card\" content=\"summary_large_image\" \/>\n<script type=\"application\/ld+json\" class=\"yoast-schema-graph\">{\"@context\":\"https:\/\/schema.org\",\"@graph\":[{\"@type\":\"WebPage\",\"@id\":\"https:\/\/casanha.com\/made-to-order\/dining-tables\/\",\"url\":\"https:\/\/casanha.com\/made-to-order\/dining-tables\/\",\"name\":\"Dining tables - Casanha\",\"isPartOf\":{\"@id\":\"https:\/\/casanha.com\/vi\/#website\"},\"primaryImageOfPage\":{\"@id\":\"https:\/\/casanha.com\/made-to-order\/dining-tables\/#primaryimage\"},\"image\":{\"@id\":\"https:\/\/casanha.com\/made-to-order\/dining-tables\/#primaryimage\"},\"thumbnailUrl\":\"https:\/\/casanha.com\/wp-content\/uploads\/2025\/12\/custom-made-dining-table-hover-1024x819.webp\",\"datePublished\":\"2025-12-18T11:05:07+00:00\",\"dateModified\":\"2026-02-18T16:24:26+00:00\",\"breadcrumb\":{\"@id\":\"https:\/\/casanha.com\/made-to-order\/dining-tables\/#breadcrumb\"},\"inLanguage\":\"vi\",\"potentialAction\":[{\"@type\":\"ReadAction\",\"target\":[\"https:\/\/casanha.com\/made-to-order\/dining-tables\/\"]}]},{\"@type\":\"ImageObject\",\"inLanguage\":\"vi\",\"@id\":\"https:\/\/casanha.com\/made-to-order\/dining-tables\/#primaryimage\",\"url\":\"https:\/\/casanha.com\/wp-content\/uploads\/2025\/12\/custom-made-dining-table-hover-1024x819.webp\",\"contentUrl\":\"https:\/\/casanha.com\/wp-content\/uploads\/2025\/12\/custom-made-dining-table-hover-1024x819.webp\"},{\"@type\":\"BreadcrumbList\",\"@id\":\"https:\/\/casanha.com\/made-to-order\/dining-tables\/#breadcrumb\",\"itemListElement\":[{\"@type\":\"ListItem\",\"position\":1,\"name\":\"Home\",\"item\":\"https:\/\/casanha.com\/\"},{\"@type\":\"ListItem\",\"position\":2,\"name\":\"Made-to-order\",\"item\":\"https:\/\/casanha.com\/made-to-order\/\"},{\"@type\":\"ListItem\",\"position\":3,\"name\":\"Dining tables\"}]},{\"@type\":\"WebSite\",\"@id\":\"https:\/\/casanha.com\/vi\/#website\",\"url\":\"https:\/\/casanha.com\/vi\/\",\"name\":\"Casanha\",\"description\":\"Home Decor &amp; Furniture\",\"publisher\":{\"@id\":\"https:\/\/casanha.com\/vi\/#organization\"},\"potentialAction\":[{\"@type\":\"SearchAction\",\"target\":{\"@type\":\"EntryPoint\",\"urlTemplate\":\"https:\/\/casanha.com\/vi\/?s={search_term_string}\"},\"query-input\":{\"@type\":\"PropertyValueSpecification\",\"valueRequired\":true,\"valueName\":\"search_term_string\"}}],\"inLanguage\":\"vi\"},{\"@type\":\"Organization\",\"@id\":\"https:\/\/casanha.com\/vi\/#organization\",\"name\":\"Casanha\",\"url\":\"https:\/\/casanha.com\/vi\/\",\"logo\":{\"@type\":\"ImageObject\",\"inLanguage\":\"vi\",\"@id\":\"https:\/\/casanha.com\/vi\/#\/schema\/logo\/image\/\",\"url\":\"https:\/\/casanha-beta.s3.ap-southeast-1.amazonaws.com\/2026\/02\/logo-2026.jpg\",\"contentUrl\":\"https:\/\/casanha-beta.s3.ap-southeast-1.amazonaws.com\/2026\/02\/logo-2026.jpg\",\"width\":1500,\"height\":1500,\"caption\":\"Casanha\"},\"image\":{\"@id\":\"https:\/\/casanha.com\/vi\/#\/schema\/logo\/image\/\"},\"sameAs\":[\"https:\/\/www.facebook.com\/CasanhaHome\",\"https:\/\/www.instagram.com\/casanhahome\/\",\"https:\/\/www.youtube.com\/@casanha\",\"https:\/\/www.tiktok.com\/@casanha.com\",\"https:\/\/zalo.me\/casanhahome\"]}]}<\/script>\n<!-- \/ Yoast SEO plugin. -->","yoast_head_json":{"title":"Dining tables - Casanha","robots":{"index":"index","follow":"follow","max-snippet":"max-snippet:-1","max-image-preview":"max-image-preview:large","max-video-preview":"max-video-preview:-1"},"canonical":"https:\/\/casanha.com\/vi\/made-to-order\/dining-tables\/","og_locale":"vi_VN","og_type":"article","og_title":"Dining tables - Casanha","og_description":"Home DINING TABLES Our dining tables are made to bring people together in simple, meaningful ways. Shaped by trusted design","og_url":"https:\/\/casanha.com\/vi\/made-to-order\/dining-tables\/","og_site_name":"Casanha","article_publisher":"https:\/\/www.facebook.com\/CasanhaHome","article_modified_time":"2026-02-18T16:24:26+00:00","og_image":[{"url":"https:\/\/casanha.com\/wp-content\/uploads\/2025\/12\/custom-made-dining-table-hover-1024x819.webp","type":"","width":"","height":""}],"twitter_card":"summary_large_image","schema":{"@context":"https:\/\/schema.org","@graph":[{"@type":"WebPage","@id":"https:\/\/casanha.com\/made-to-order\/dining-tables\/","url":"https:\/\/casanha.com\/made-to-order\/dining-tables\/","name":"Dining tables - Casanha","isPartOf":{"@id":"https:\/\/casanha.com\/vi\/#website"},"primaryImageOfPage":{"@id":"https:\/\/casanha.com\/made-to-order\/dining-tables\/#primaryimage"},"image":{"@id":"https:\/\/casanha.com\/made-to-order\/dining-tables\/#primaryimage"},"thumbnailUrl":"https:\/\/casanha.com\/wp-content\/uploads\/2025\/12\/custom-made-dining-table-hover-1024x819.webp","datePublished":"2025-12-18T11:05:07+00:00","dateModified":"2026-02-18T16:24:26+00:00","breadcrumb":{"@id":"https:\/\/casanha.com\/made-to-order\/dining-tables\/#breadcrumb"},"inLanguage":"vi","potentialAction":[{"@type":"ReadAction","target":["https:\/\/casanha.com\/made-to-order\/dining-tables\/"]}]},{"@type":"ImageObject","inLanguage":"vi","@id":"https:\/\/casanha.com\/made-to-order\/dining-tables\/#primaryimage","url":"https:\/\/casanha.com\/wp-content\/uploads\/2025\/12\/custom-made-dining-table-hover-1024x819.webp","contentUrl":"https:\/\/casanha.com\/wp-content\/uploads\/2025\/12\/custom-made-dining-table-hover-1024x819.webp"},{"@type":"BreadcrumbList","@id":"https:\/\/casanha.com\/made-to-order\/dining-tables\/#breadcrumb","itemListElement":[{"@type":"ListItem","position":1,"name":"Home","item":"https:\/\/casanha.com\/"},{"@type":"ListItem","position":2,"name":"Made-to-order","item":"https:\/\/casanha.com\/made-to-order\/"},{"@type":"ListItem","position":3,"name":"Dining tables"}]},{"@type":"WebSite","@id":"https:\/\/casanha.com\/vi\/#website","url":"https:\/\/casanha.com\/vi\/","name":"Casanha","description":"Home Decor &amp; Furniture","publisher":{"@id":"https:\/\/casanha.com\/vi\/#organization"},"potentialAction":[{"@type":"SearchAction","target":{"@type":"EntryPoint","urlTemplate":"https:\/\/casanha.com\/vi\/?s={search_term_string}"},"query-input":{"@type":"PropertyValueSpecification","valueRequired":true,"valueName":"search_term_string"}}],"inLanguage":"vi"},{"@type":"Organization","@id":"https:\/\/casanha.com\/vi\/#organization","name":"Casanha","url":"https:\/\/casanha.com\/vi\/","logo":{"@type":"ImageObject","inLanguage":"vi","@id":"https:\/\/casanha.com\/vi\/#\/schema\/logo\/image\/","url":"https:\/\/casanha-beta.s3.ap-southeast-1.amazonaws.com\/2026\/02\/logo-2026.jpg","contentUrl":"https:\/\/casanha-beta.s3.ap-southeast-1.amazonaws.com\/2026\/02\/logo-2026.jpg","width":1500,"height":1500,"caption":"Casanha"},"image":{"@id":"https:\/\/casanha.com\/vi\/#\/schema\/logo\/image\/"},"sameAs":["https:\/\/www.facebook.com\/CasanhaHome","https:\/\/www.instagram.com\/casanhahome\/","https:\/\/www.youtube.com\/@casanha","https:\/\/www.tiktok.com\/@casanha.com","https:\/\/zalo.me\/casanhahome"]}]}},"_links":{"self":[{"href":"https:\/\/casanha.com\/vi\/wp-json\/wp\/v2\/pages\/108004","targetHints":{"allow":["GET"]}}],"collection":[{"href":"https:\/\/casanha.com\/vi\/wp-json\/wp\/v2\/pages"}],"about":[{"href":"https:\/\/casanha.com\/vi\/wp-json\/wp\/v2\/types\/page"}],"author":[{"embeddable":true,"href":"https:\/\/casanha.com\/vi\/wp-json\/wp\/v2\/users\/1846"}],"replies":[{"embeddable":true,"href":"https:\/\/casanha.com\/vi\/wp-json\/wp\/v2\/comments?post=108004"}],"version-history":[{"count":40,"href":"https:\/\/casanha.com\/vi\/wp-json\/wp\/v2\/pages\/108004\/revisions"}],"predecessor-version":[{"id":112161,"href":"https:\/\/casanha.com\/vi\/wp-json\/wp\/v2\/pages\/108004\/revisions\/112161"}],"up":[{"embeddable":true,"href":"https:\/\/casanha.com\/vi\/wp-json\/wp\/v2\/pages\/107895"}],"wp:attachment":[{"href":"https:\/\/casanha.com\/vi\/wp-json\/wp\/v2\/media?parent=108004"}],"curies":[{"name":"wp","href":"https:\/\/api.w.org\/{rel}","templated":true}]}}