{"id":107968,"date":"2025-12-18T17:15:45","date_gmt":"2025-12-18T10:15:45","guid":{"rendered":"https:\/\/casanha.com\/?page_id=107968"},"modified":"2026-03-07T13:58:29","modified_gmt":"2026-03-07T06:58:29","slug":"coffee-tables-side-tables","status":"publish","type":"page","link":"https:\/\/casanha.com\/vi\/made-to-order\/coffee-tables-side-tables\/","title":{"rendered":"B\u00e0n c\u00e0 ph\u00ea &amp; B\u00e0n ph\u1ee5"},"content":{"rendered":"<div data-elementor-type=\"wp-page\" data-elementor-id=\"107968\" class=\"elementor elementor-107968\">\n\t\t\t\t<div class=\"wd-negative-gap elementor-element elementor-element-1a9409fa e-flex e-con-boxed e-con e-parent\" data-id=\"1a9409fa\" data-element_type=\"container\">\n\t\t\t\t\t<div class=\"e-con-inner\">\n\t\t\t\t<div class=\"elementor-element elementor-element-15b80d9 wd-el-breadcrumbs text-left elementor-widget elementor-widget-wd_wc_breadcrumb\" data-id=\"15b80d9\" data-element_type=\"widget\" data-widget_type=\"wd_wc_breadcrumb.default\">\n\t\t\t\t<div class=\"elementor-widget-container\">\n\t\t\t\t\t<nav class=\"wd-breadcrumbs woocommerce-breadcrumb\" aria-label=\"Breadcrumb\">\t\t\t\t<span class=\"wd-last\">\n\t\t\t\t\tTrang ch\u1ee7\t\t\t\t<\/span>\n\t\t\t<\/nav>\t\t\t\t<\/div>\n\t\t\t\t<\/div>\n\t\t\t\t\t<\/div>\n\t\t\t\t<\/div>\n\t\t<div class=\"wd-negative-gap elementor-element elementor-element-2c2a2f00 e-flex e-con-boxed e-con e-parent\" data-id=\"2c2a2f00\" data-element_type=\"container\">\n\t\t\t\t\t<div class=\"e-con-inner\">\n\t\t\t\t<div class=\"elementor-element elementor-element-52fccca2 elementor-widget elementor-widget-wd_text_block\" data-id=\"52fccca2\" data-element_type=\"widget\" data-widget_type=\"wd_text_block.default\">\n\t\t\t\t<div class=\"elementor-widget-container\">\n\t\t\t\t\t\t\t<div class=\"wd-text-block reset-last-child text-left color-primary\">\n\t\t\t\n\t\t\t<h2>B\u00c0N C\u00c0 PH\u00ca &amp; B\u00c0N PH\u1ee4<span style=\"font-size: 34px; color: rgb(0, 31, 51);\"><\/span><\/h2>\n\t\t\t\t\t<\/div>\n\t\t\t\t\t\t<\/div>\n\t\t\t\t<\/div>\n\t\t\t\t<div class=\"elementor-element elementor-element-430ba28b elementor-widget elementor-widget-wd_text_block\" data-id=\"430ba28b\" data-element_type=\"widget\" data-widget_type=\"wd_text_block.default\">\n\t\t\t\t<div class=\"elementor-widget-container\">\n\t\t\t\t\t\t\t<div class=\"wd-text-block reset-last-child text-left\">\n\t\t\t\n\t\t\tB\u1ed9 s\u01b0u t\u1eadp b\u00e0n th\u1ea5p tu\u1ef3 ch\u1ec9nh c\u00f3 th\u1ec3 \u0111\u1eb7t l\u00e0m theo y\u00eau c\u1ea7u c\u1ee7a Casanh\u00e0 \u0111\u01b0\u1ee3c thi\u1ebft k\u1ebf t\u1eeb nh\u1eefng d\u00e1ng h\u00ecnh quen thu\u1ed9c, ch\u00fa tr\u1ecdng v\u00e0o c\u00f4ng n\u0103ng v\u00e0 chi ti\u1ebft s\u1eed d\u1ee5ng h\u1eb1ng ng\u00e0y. Bao g\u1ed3m b\u00e0n c\u00e0 ph\u00ea v\u00e0 b\u00e0n ph\u1ee5, m\u1ed7i s\u1ea3n ph\u1ea9m v\u1edbi thi\u1ebft k\u1ebf d\u1ef1a tr\u00ean nh\u1eefng gi\u00e1 tr\u1ecb b\u1ec1n v\u1eefng v\u00e0 c\u00f3 th\u1ec3 \u0111i\u1ec1u ch\u1ec9nh v\u1ec1 k\u00edch th\u01b0\u1edbc, v\u1eadt li\u1ec7u v\u00e0 ho\u00e0n thi\u1ec7n \u0111\u1ec3 ph\u00f9 h\u1ee3p h\u01a1n v\u1edbi kh\u00f4ng gian s\u1ed1ng c\u1ee7a gia ch\u1ee7: d\u1ec5 s\u1eed d\u1ee5ng, b\u1ec1n b\u1ec9 v\u00e0 h\u00e0i h\u00f2a v\u1edbi nh\u1ecbp s\u1ed1ng th\u01b0\u1eddng nh\u1eadt.\n\t\t\t\t\t<\/div>\n\t\t\t\t\t\t<\/div>\n\t\t\t\t<\/div>\n\t\t\t\t\t<\/div>\n\t\t\t\t<\/div>\n\t\t<div class=\"wd-negative-gap elementor-element elementor-element-2ab8ef9e e-grid e-con-boxed e-con e-parent\" data-id=\"2ab8ef9e\" data-element_type=\"container\">\n\t\t\t\t\t<div class=\"e-con-inner\">\n\t\t\t\t<div class=\"elementor-element elementor-element-764f1862 elementor-widget elementor-widget-image\" data-id=\"764f1862\" data-element_type=\"widget\" data-widget_type=\"image.default\">\n\t\t\t\t<div class=\"elementor-widget-container\">\n\t\t\t\t\t\t\t\t\t\t\t\t<figure class=\"wp-caption\">\n\t\t\t\t\t\t\t\t\t\t\t<a href=\"https:\/\/casanha.com\/vi\/made-to-order\/coffee-tables-side-tables\/kile\/\">\n\t\t\t\t\t\t\t<img fetchpriority=\"high\" decoding=\"async\" width=\"819\" height=\"1024\" src=\"https:\/\/casanha-beta.s3.ap-southeast-1.amazonaws.com\/2025\/12\/custom-made-low-table-kile-819x1024.webp\" class=\"attachment-large size-large wp-image-107978 wp-post-image\" alt=\"\" \/>\t\t\t\t\t\t\t\t<\/a>\n\t\t\t\t\t\t\t\t\t\t\t<figcaption class=\"widget-image-caption wp-caption-text\">Kile<\/figcaption>\n\t\t\t\t\t\t\t\t\t\t<\/figure>\n\t\t\t\t\t\t\t\t\t<\/div>\n\t\t\t\t<\/div>\n\t\t\t\t<div class=\"elementor-element elementor-element-66c0373f elementor-widget elementor-widget-image\" data-id=\"66c0373f\" data-element_type=\"widget\" data-widget_type=\"image.default\">\n\t\t\t\t<div class=\"elementor-widget-container\">\n\t\t\t\t\t\t\t\t\t\t\t\t<figure class=\"wp-caption\">\n\t\t\t\t\t\t\t\t\t\t\t<a href=\"https:\/\/casanha.com\/vi\/made-to-order\/coffee-tables-side-tables\/eden\/\">\n\t\t\t\t\t\t\t<img decoding=\"async\" width=\"819\" height=\"1024\" src=\"https:\/\/casanha-beta.s3.ap-southeast-1.amazonaws.com\/2025\/12\/custom-made-low-tables-eden-819x1024.webp\" class=\"attachment-large size-large wp-image-107976 wp-post-image\" alt=\"\" \/>\t\t\t\t\t\t\t\t<\/a>\n\t\t\t\t\t\t\t\t\t\t\t<figcaption class=\"widget-image-caption wp-caption-text\">Eden<\/figcaption>\n\t\t\t\t\t\t\t\t\t\t<\/figure>\n\t\t\t\t\t\t\t\t\t<\/div>\n\t\t\t\t<\/div>\n\t\t\t\t<div class=\"elementor-element elementor-element-20f62396 elementor-widget elementor-widget-image\" data-id=\"20f62396\" data-element_type=\"widget\" data-widget_type=\"image.default\">\n\t\t\t\t<div class=\"elementor-widget-container\">\n\t\t\t\t\t\t\t\t\t\t\t\t<figure class=\"wp-caption\">\n\t\t\t\t\t\t\t\t\t\t\t<a href=\"https:\/\/casanha.com\/vi\/made-to-order\/coffee-tables-side-tables\/humla-table\/\">\n\t\t\t\t\t\t\t<img decoding=\"async\" width=\"819\" height=\"1024\" src=\"https:\/\/casanha-beta.s3.ap-southeast-1.amazonaws.com\/2025\/12\/custom-made-low-table-humla-819x1024.webp\" class=\"attachment-large size-large wp-image-107979 wp-post-image\" alt=\"\" \/>\t\t\t\t\t\t\t\t<\/a>\n\t\t\t\t\t\t\t\t\t\t\t<figcaption class=\"widget-image-caption wp-caption-text\">Humla<\/figcaption>\n\t\t\t\t\t\t\t\t\t\t<\/figure>\n\t\t\t\t\t\t\t\t\t<\/div>\n\t\t\t\t<\/div>\n\t\t\t\t<div class=\"elementor-element elementor-element-45e131d3 elementor-widget elementor-widget-image\" data-id=\"45e131d3\" data-element_type=\"widget\" data-widget_type=\"image.default\">\n\t\t\t\t<div class=\"elementor-widget-container\">\n\t\t\t\t\t\t\t\t\t\t\t\t<figure class=\"wp-caption\">\n\t\t\t\t\t\t\t\t\t\t\t<a href=\"https:\/\/casanha.com\/vi\/made-to-order\/coffee-tables-side-tables\/pivot\/\">\n\t\t\t\t\t\t\t<img loading=\"lazy\" decoding=\"async\" width=\"819\" height=\"1024\" src=\"https:\/\/casanha-beta.s3.ap-southeast-1.amazonaws.com\/2025\/12\/custom-made-low-table-pivot-819x1024.webp\" class=\"attachment-large size-large wp-image-107980 wp-post-image\" alt=\"\" \/>\t\t\t\t\t\t\t\t<\/a>\n\t\t\t\t\t\t\t\t\t\t\t<figcaption class=\"widget-image-caption wp-caption-text\">Pivot<\/figcaption>\n\t\t\t\t\t\t\t\t\t\t<\/figure>\n\t\t\t\t\t\t\t\t\t<\/div>\n\t\t\t\t<\/div>\n\t\t\t\t<div class=\"elementor-element elementor-element-4fc3eae7 elementor-widget elementor-widget-image\" data-id=\"4fc3eae7\" data-element_type=\"widget\" data-widget_type=\"image.default\">\n\t\t\t\t<div class=\"elementor-widget-container\">\n\t\t\t\t\t\t\t\t\t\t\t\t<figure class=\"wp-caption\">\n\t\t\t\t\t\t\t\t\t\t\t<a href=\"https:\/\/casanha.com\/vi\/made-to-order\/coffee-tables-side-tables\/gion-table\/\">\n\t\t\t\t\t\t\t<img loading=\"lazy\" decoding=\"async\" width=\"819\" height=\"1024\" src=\"https:\/\/casanha-beta.s3.ap-southeast-1.amazonaws.com\/2025\/12\/custom-made-low-table-gion-1-819x1024.webp\" class=\"attachment-large size-large wp-image-107988 wp-post-image\" alt=\"\" \/>\t\t\t\t\t\t\t\t<\/a>\n\t\t\t\t\t\t\t\t\t\t\t<figcaption class=\"widget-image-caption wp-caption-text\">Gion<\/figcaption>\n\t\t\t\t\t\t\t\t\t\t<\/figure>\n\t\t\t\t\t\t\t\t\t<\/div>\n\t\t\t\t<\/div>\n\t\t\t\t<div class=\"elementor-element elementor-element-b0584c5 elementor-widget elementor-widget-image\" data-id=\"b0584c5\" data-element_type=\"widget\" data-widget_type=\"image.default\">\n\t\t\t\t<div class=\"elementor-widget-container\">\n\t\t\t\t\t\t\t\t\t\t\t\t<figure class=\"wp-caption\">\n\t\t\t\t\t\t\t\t\t\t\t<a href=\"https:\/\/casanha.com\/vi\/made-to-order\/coffee-tables-side-tables\/stoic\/\">\n\t\t\t\t\t\t\t<img loading=\"lazy\" decoding=\"async\" width=\"819\" height=\"1024\" src=\"https:\/\/casanha-beta.s3.ap-southeast-1.amazonaws.com\/2026\/03\/Stoic-4-819x1024.webp\" class=\"attachment-large size-large wp-image-113881 wp-post-image\" alt=\"\" \/>\t\t\t\t\t\t\t\t<\/a>\n\t\t\t\t\t\t\t\t\t\t\t<figcaption class=\"widget-image-caption wp-caption-text\">Stoic<\/figcaption>\n\t\t\t\t\t\t\t\t\t\t<\/figure>\n\t\t\t\t\t\t\t\t\t<\/div>\n\t\t\t\t<\/div>\n\t\t\t\t<div class=\"elementor-element elementor-element-2da3530 elementor-widget elementor-widget-image\" data-id=\"2da3530\" data-element_type=\"widget\" data-widget_type=\"image.default\">\n\t\t\t\t<div class=\"elementor-widget-container\">\n\t\t\t\t\t\t\t\t\t\t\t\t<figure class=\"wp-caption\">\n\t\t\t\t\t\t\t\t\t\t\t<a href=\"https:\/\/casanha.com\/vi\/made-to-order\/coffee-tables-side-tables\/jaunt\/\">\n\t\t\t\t\t\t\t<img loading=\"lazy\" decoding=\"async\" width=\"819\" height=\"1024\" src=\"https:\/\/casanha-beta.s3.ap-southeast-1.amazonaws.com\/2026\/03\/Jaunt-16-819x1024.webp\" class=\"attachment-large size-large wp-image-114363 wp-post-image\" alt=\"\" \/>\t\t\t\t\t\t\t\t<\/a>\n\t\t\t\t\t\t\t\t\t\t\t<figcaption class=\"widget-image-caption wp-caption-text\">Jaunt<\/figcaption>\n\t\t\t\t\t\t\t\t\t\t<\/figure>\n\t\t\t\t\t\t\t\t\t<\/div>\n\t\t\t\t<\/div>\n\t\t\t\t\t<\/div>\n\t\t\t\t<\/div>\n\t\t<div class=\"wd-negative-gap elementor-element elementor-element-2aa6f52f e-flex e-con-boxed e-con e-parent\" data-id=\"2aa6f52f\" data-element_type=\"container\">\n\t\t\t\t\t<div class=\"e-con-inner\">\n\t\t\t\t<div class=\"elementor-element elementor-element-dd6311e elementor-widget-divider--view-line elementor-widget elementor-widget-divider\" data-id=\"dd6311e\" data-element_type=\"widget\" data-widget_type=\"divider.default\">\n\t\t\t\t<div class=\"elementor-widget-container\">\n\t\t\t\t\t\t\t<div class=\"elementor-divider\">\n\t\t\t<span class=\"elementor-divider-separator\">\n\t\t\t\t\t\t<\/span>\n\t\t<\/div>\n\t\t\t\t\t\t<\/div>\n\t\t\t\t<\/div>\n\t\t\t\t\t<\/div>\n\t\t\t\t<\/div>\n\t\t\t\t<\/div>","protected":false},"excerpt":{"rendered":"<p>Home COFFEE TABLES &amp; SIDE TABLES Our collection of custom-made low tables brings together familiar forms and thoughtful details. From<\/p>","protected":false},"author":1846,"featured_media":0,"parent":107895,"menu_order":0,"comment_status":"closed","ping_status":"closed","template":"","meta":{"footnotes":""},"class_list":["post-107968","page","type-page","status-publish","hentry"],"yoast_head":"<!-- This site is optimized with the Yoast SEO plugin v27.1.1 - https:\/\/yoast.com\/product\/yoast-seo-wordpress\/ -->\n<title>Coffee tables &amp; Side tables - Casanha<\/title>\n<meta name=\"robots\" content=\"index, follow, max-snippet:-1, max-image-preview:large, max-video-preview:-1\" \/>\n<link rel=\"canonical\" href=\"https:\/\/casanha.com\/vi\/made-to-order\/coffee-tables-side-tables\/\" \/>\n<meta property=\"og:locale\" content=\"vi_VN\" \/>\n<meta property=\"og:type\" content=\"article\" \/>\n<meta property=\"og:title\" content=\"Coffee tables &amp; Side tables - Casanha\" \/>\n<meta property=\"og:description\" content=\"Home COFFEE TABLES &amp; SIDE TABLES Our collection of custom-made low tables brings together familiar forms and thoughtful details. From\" \/>\n<meta property=\"og:url\" content=\"https:\/\/casanha.com\/vi\/made-to-order\/coffee-tables-side-tables\/\" \/>\n<meta property=\"og:site_name\" content=\"Casanha\" \/>\n<meta property=\"article:publisher\" content=\"https:\/\/www.facebook.com\/CasanhaHome\" \/>\n<meta property=\"article:modified_time\" content=\"2026-03-07T06:58:29+00:00\" \/>\n<meta property=\"og:image\" content=\"https:\/\/casanha.com\/wp-content\/uploads\/2025\/12\/custom-made-low-table-kile-819x1024.webp\" \/>\n<meta name=\"twitter:card\" content=\"summary_large_image\" \/>\n<script type=\"application\/ld+json\" class=\"yoast-schema-graph\">{\"@context\":\"https:\/\/schema.org\",\"@graph\":[{\"@type\":\"WebPage\",\"@id\":\"https:\/\/casanha.com\/made-to-order\/coffee-tables-side-tables\/\",\"url\":\"https:\/\/casanha.com\/made-to-order\/coffee-tables-side-tables\/\",\"name\":\"Coffee tables & Side tables - Casanha\",\"isPartOf\":{\"@id\":\"https:\/\/casanha.com\/vi\/#website\"},\"primaryImageOfPage\":{\"@id\":\"https:\/\/casanha.com\/made-to-order\/coffee-tables-side-tables\/#primaryimage\"},\"image\":{\"@id\":\"https:\/\/casanha.com\/made-to-order\/coffee-tables-side-tables\/#primaryimage\"},\"thumbnailUrl\":\"https:\/\/casanha.com\/wp-content\/uploads\/2025\/12\/custom-made-low-table-kile-819x1024.webp\",\"datePublished\":\"2025-12-18T10:15:45+00:00\",\"dateModified\":\"2026-03-07T06:58:29+00:00\",\"breadcrumb\":{\"@id\":\"https:\/\/casanha.com\/made-to-order\/coffee-tables-side-tables\/#breadcrumb\"},\"inLanguage\":\"vi\",\"potentialAction\":[{\"@type\":\"ReadAction\",\"target\":[\"https:\/\/casanha.com\/made-to-order\/coffee-tables-side-tables\/\"]}]},{\"@type\":\"ImageObject\",\"inLanguage\":\"vi\",\"@id\":\"https:\/\/casanha.com\/made-to-order\/coffee-tables-side-tables\/#primaryimage\",\"url\":\"https:\/\/casanha.com\/wp-content\/uploads\/2025\/12\/custom-made-low-table-kile-819x1024.webp\",\"contentUrl\":\"https:\/\/casanha.com\/wp-content\/uploads\/2025\/12\/custom-made-low-table-kile-819x1024.webp\"},{\"@type\":\"BreadcrumbList\",\"@id\":\"https:\/\/casanha.com\/made-to-order\/coffee-tables-side-tables\/#breadcrumb\",\"itemListElement\":[{\"@type\":\"ListItem\",\"position\":1,\"name\":\"Home\",\"item\":\"https:\/\/casanha.com\/\"},{\"@type\":\"ListItem\",\"position\":2,\"name\":\"Made-to-order\",\"item\":\"https:\/\/casanha.com\/made-to-order\/\"},{\"@type\":\"ListItem\",\"position\":3,\"name\":\"Coffee tables &#038; Side tables\"}]},{\"@type\":\"WebSite\",\"@id\":\"https:\/\/casanha.com\/vi\/#website\",\"url\":\"https:\/\/casanha.com\/vi\/\",\"name\":\"Casanha\",\"description\":\"Home Decor &amp; Furniture\",\"publisher\":{\"@id\":\"https:\/\/casanha.com\/vi\/#organization\"},\"potentialAction\":[{\"@type\":\"SearchAction\",\"target\":{\"@type\":\"EntryPoint\",\"urlTemplate\":\"https:\/\/casanha.com\/vi\/?s={search_term_string}\"},\"query-input\":{\"@type\":\"PropertyValueSpecification\",\"valueRequired\":true,\"valueName\":\"search_term_string\"}}],\"inLanguage\":\"vi\"},{\"@type\":\"Organization\",\"@id\":\"https:\/\/casanha.com\/vi\/#organization\",\"name\":\"Casanha\",\"url\":\"https:\/\/casanha.com\/vi\/\",\"logo\":{\"@type\":\"ImageObject\",\"inLanguage\":\"vi\",\"@id\":\"https:\/\/casanha.com\/vi\/#\/schema\/logo\/image\/\",\"url\":\"https:\/\/casanha-beta.s3.ap-southeast-1.amazonaws.com\/2026\/02\/logo-2026.jpg\",\"contentUrl\":\"https:\/\/casanha-beta.s3.ap-southeast-1.amazonaws.com\/2026\/02\/logo-2026.jpg\",\"width\":1500,\"height\":1500,\"caption\":\"Casanha\"},\"image\":{\"@id\":\"https:\/\/casanha.com\/vi\/#\/schema\/logo\/image\/\"},\"sameAs\":[\"https:\/\/www.facebook.com\/CasanhaHome\",\"https:\/\/www.instagram.com\/casanhahome\/\",\"https:\/\/www.youtube.com\/@casanha\",\"https:\/\/www.tiktok.com\/@casanha.com\",\"https:\/\/zalo.me\/casanhahome\"]}]}<\/script>\n<!-- \/ Yoast SEO plugin. -->","yoast_head_json":{"title":"Coffee tables & Side tables - Casanha","robots":{"index":"index","follow":"follow","max-snippet":"max-snippet:-1","max-image-preview":"max-image-preview:large","max-video-preview":"max-video-preview:-1"},"canonical":"https:\/\/casanha.com\/vi\/made-to-order\/coffee-tables-side-tables\/","og_locale":"vi_VN","og_type":"article","og_title":"Coffee tables & Side tables - Casanha","og_description":"Home COFFEE TABLES &amp; SIDE TABLES Our collection of custom-made low tables brings together familiar forms and thoughtful details. From","og_url":"https:\/\/casanha.com\/vi\/made-to-order\/coffee-tables-side-tables\/","og_site_name":"Casanha","article_publisher":"https:\/\/www.facebook.com\/CasanhaHome","article_modified_time":"2026-03-07T06:58:29+00:00","og_image":[{"url":"https:\/\/casanha.com\/wp-content\/uploads\/2025\/12\/custom-made-low-table-kile-819x1024.webp","type":"","width":"","height":""}],"twitter_card":"summary_large_image","schema":{"@context":"https:\/\/schema.org","@graph":[{"@type":"WebPage","@id":"https:\/\/casanha.com\/made-to-order\/coffee-tables-side-tables\/","url":"https:\/\/casanha.com\/made-to-order\/coffee-tables-side-tables\/","name":"Coffee tables & Side tables - Casanha","isPartOf":{"@id":"https:\/\/casanha.com\/vi\/#website"},"primaryImageOfPage":{"@id":"https:\/\/casanha.com\/made-to-order\/coffee-tables-side-tables\/#primaryimage"},"image":{"@id":"https:\/\/casanha.com\/made-to-order\/coffee-tables-side-tables\/#primaryimage"},"thumbnailUrl":"https:\/\/casanha.com\/wp-content\/uploads\/2025\/12\/custom-made-low-table-kile-819x1024.webp","datePublished":"2025-12-18T10:15:45+00:00","dateModified":"2026-03-07T06:58:29+00:00","breadcrumb":{"@id":"https:\/\/casanha.com\/made-to-order\/coffee-tables-side-tables\/#breadcrumb"},"inLanguage":"vi","potentialAction":[{"@type":"ReadAction","target":["https:\/\/casanha.com\/made-to-order\/coffee-tables-side-tables\/"]}]},{"@type":"ImageObject","inLanguage":"vi","@id":"https:\/\/casanha.com\/made-to-order\/coffee-tables-side-tables\/#primaryimage","url":"https:\/\/casanha.com\/wp-content\/uploads\/2025\/12\/custom-made-low-table-kile-819x1024.webp","contentUrl":"https:\/\/casanha.com\/wp-content\/uploads\/2025\/12\/custom-made-low-table-kile-819x1024.webp"},{"@type":"BreadcrumbList","@id":"https:\/\/casanha.com\/made-to-order\/coffee-tables-side-tables\/#breadcrumb","itemListElement":[{"@type":"ListItem","position":1,"name":"Home","item":"https:\/\/casanha.com\/"},{"@type":"ListItem","position":2,"name":"Made-to-order","item":"https:\/\/casanha.com\/made-to-order\/"},{"@type":"ListItem","position":3,"name":"Coffee tables &#038; Side tables"}]},{"@type":"WebSite","@id":"https:\/\/casanha.com\/vi\/#website","url":"https:\/\/casanha.com\/vi\/","name":"Casanha","description":"Home Decor &amp; Furniture","publisher":{"@id":"https:\/\/casanha.com\/vi\/#organization"},"potentialAction":[{"@type":"SearchAction","target":{"@type":"EntryPoint","urlTemplate":"https:\/\/casanha.com\/vi\/?s={search_term_string}"},"query-input":{"@type":"PropertyValueSpecification","valueRequired":true,"valueName":"search_term_string"}}],"inLanguage":"vi"},{"@type":"Organization","@id":"https:\/\/casanha.com\/vi\/#organization","name":"Casanha","url":"https:\/\/casanha.com\/vi\/","logo":{"@type":"ImageObject","inLanguage":"vi","@id":"https:\/\/casanha.com\/vi\/#\/schema\/logo\/image\/","url":"https:\/\/casanha-beta.s3.ap-southeast-1.amazonaws.com\/2026\/02\/logo-2026.jpg","contentUrl":"https:\/\/casanha-beta.s3.ap-southeast-1.amazonaws.com\/2026\/02\/logo-2026.jpg","width":1500,"height":1500,"caption":"Casanha"},"image":{"@id":"https:\/\/casanha.com\/vi\/#\/schema\/logo\/image\/"},"sameAs":["https:\/\/www.facebook.com\/CasanhaHome","https:\/\/www.instagram.com\/casanhahome\/","https:\/\/www.youtube.com\/@casanha","https:\/\/www.tiktok.com\/@casanha.com","https:\/\/zalo.me\/casanhahome"]}]}},"_links":{"self":[{"href":"https:\/\/casanha.com\/vi\/wp-json\/wp\/v2\/pages\/107968","targetHints":{"allow":["GET"]}}],"collection":[{"href":"https:\/\/casanha.com\/vi\/wp-json\/wp\/v2\/pages"}],"about":[{"href":"https:\/\/casanha.com\/vi\/wp-json\/wp\/v2\/types\/page"}],"author":[{"embeddable":true,"href":"https:\/\/casanha.com\/vi\/wp-json\/wp\/v2\/users\/1846"}],"replies":[{"embeddable":true,"href":"https:\/\/casanha.com\/vi\/wp-json\/wp\/v2\/comments?post=107968"}],"version-history":[{"count":46,"href":"https:\/\/casanha.com\/vi\/wp-json\/wp\/v2\/pages\/107968\/revisions"}],"predecessor-version":[{"id":114366,"href":"https:\/\/casanha.com\/vi\/wp-json\/wp\/v2\/pages\/107968\/revisions\/114366"}],"up":[{"embeddable":true,"href":"https:\/\/casanha.com\/vi\/wp-json\/wp\/v2\/pages\/107895"}],"wp:attachment":[{"href":"https:\/\/casanha.com\/vi\/wp-json\/wp\/v2\/media?parent=107968"}],"curies":[{"name":"wp","href":"https:\/\/api.w.org\/{rel}","templated":true}]}}