{"id":107944,"date":"2025-12-18T16:32:31","date_gmt":"2025-12-18T09:32:31","guid":{"rendered":"https:\/\/casanha.com\/?page_id=107944"},"modified":"2026-03-07T12:52:30","modified_gmt":"2026-03-07T05:52:30","slug":"lounge-chairs","status":"publish","type":"page","link":"https:\/\/casanha.com\/vi\/made-to-order\/lounge-chairs\/","title":{"rendered":"Gh\u1ebf b\u00e0nh th\u01b0 gi\u00e3n"},"content":{"rendered":"<div data-elementor-type=\"wp-page\" data-elementor-id=\"107944\" class=\"elementor elementor-107944\">\n\t\t\t\t<div class=\"wd-negative-gap elementor-element elementor-element-2d1e48f e-flex e-con-boxed e-con e-parent\" data-id=\"2d1e48f\" data-element_type=\"container\">\n\t\t\t\t\t<div class=\"e-con-inner\">\n\t\t\t\t<div class=\"elementor-element elementor-element-b0e195a wd-el-breadcrumbs text-left elementor-widget elementor-widget-wd_wc_breadcrumb\" data-id=\"b0e195a\" data-element_type=\"widget\" data-widget_type=\"wd_wc_breadcrumb.default\">\n\t\t\t\t<div class=\"elementor-widget-container\">\n\t\t\t\t\t<nav class=\"wd-breadcrumbs woocommerce-breadcrumb\" aria-label=\"Breadcrumb\">\t\t\t\t<span class=\"wd-last\">\n\t\t\t\t\tTrang ch\u1ee7\t\t\t\t<\/span>\n\t\t\t<\/nav>\t\t\t\t<\/div>\n\t\t\t\t<\/div>\n\t\t\t\t\t<\/div>\n\t\t\t\t<\/div>\n\t\t<div class=\"wd-negative-gap elementor-element elementor-element-751b499 e-flex e-con-boxed e-con e-parent\" data-id=\"751b499\" data-element_type=\"container\">\n\t\t\t\t\t<div class=\"e-con-inner\">\n\t\t\t\t<div class=\"elementor-element elementor-element-b3978ae elementor-widget elementor-widget-wd_text_block\" data-id=\"b3978ae\" data-element_type=\"widget\" data-widget_type=\"wd_text_block.default\">\n\t\t\t\t<div class=\"elementor-widget-container\">\n\t\t\t\t\t\t\t<div class=\"wd-text-block reset-last-child text-left color-primary\">\n\t\t\t\n\t\t\t<p>GH\u1ebe B\u00c0NH TH\u01af GI\u00c3N<span style=\"font-size: 34px;\"><\/span><\/p>\n\t\t\t\t\t<\/div>\n\t\t\t\t\t\t<\/div>\n\t\t\t\t<\/div>\n\t\t\t\t<div class=\"elementor-element elementor-element-18e174f elementor-widget elementor-widget-wd_text_block\" data-id=\"18e174f\" data-element_type=\"widget\" data-widget_type=\"wd_text_block.default\">\n\t\t\t\t<div class=\"elementor-widget-container\">\n\t\t\t\t\t\t\t<div class=\"wd-text-block reset-last-child text-left\">\n\t\t\t\n\t\t\t<p data-start=\"136\" data-end=\"405\">M\u1ed7i chi\u1ebfc gh\u1ebf b\u00e0nh b\u1eaft \u0111\u1ea7u t\u1eeb m\u1ed9t \u00fd ni\u1ec7m gi\u1ea3n d\u1ecb: m\u1ed9t ch\u1ed7 \u0111\u1ec3 t\u1ea1m d\u1eebng l\u1ea1i, m\u1ed9t n\u01a1i \u0111\u1ec3 \u0111\u1ecdc s\u00e1ch, \u0111\u1ec3 ngh\u1ec9 ng\u01a1i, hay \u0111\u1ec3 l\u1eafng l\u1ea1i sau m\u1ed9t ng\u00e0y d\u00e0i d\u1eb3ng. B\u1ed9 s\u01b0u t\u1eadp gh\u1ebf b\u00e0nh th\u01b0 gi\u00e3n tu\u1ef3 ch\u1ec9nh c\u1ee7a Casanh\u00e0 \u0111\u01b0\u1ee3c h\u00ecnh th\u00e0nh t\u1eeb \u00fd ni\u1ec7m \u0111\u00f3, d\u1ef1a tr\u00ean nh\u1eefng gi\u00e1 tr\u1ecb thi\u1ebft k\u1ebf \u0111\u00e1ng tin c\u1eady, v\u1eadt li\u1ec7u nguy\u00ean b\u1ea3n v\u00e0 tay ngh\u1ec1 th\u1ee7 c\u00f4ng t\u1ec9 m\u1ec9.<\/p><p data-start=\"412\" data-end=\"828\">T\u1eeb nh\u1eefng d\u00e1ng gh\u1ebf quen thu\u1ed9c mang l\u1ea1i c\u1ea3m gi\u00e1c g\u1ea7n g\u0169i ngay t\u1eeb l\u1ea7n \u0111\u1ea7u ch\u1ea1m v\u00e0o, \u0111\u1ebfn nh\u1eefng thi\u1ebft k\u1ebf tr\u1ea7m l\u1eafng b\u1ed9c l\u1ed9 c\u00e1 t\u00ednh theo th\u1eddi gian, m\u1ed7i s\u1ea3n ph\u1ea9m \u0111\u1ec1u \u0111\u01b0\u1ee3c t\u1ea1o n\u00ean v\u1edbi s\u1ef1 c\u00e2n nh\u1eafc k\u1ef9 l\u01b0\u1ee1ng. K\u00edch th\u01b0\u1edbc, ch\u1ea5t li\u1ec7u b\u1ecdc v\u00e0 ho\u00e0n thi\u1ec7n c\u00f3 th\u1ec3 \u0111\u01b0\u1ee3c t\u00f9y ch\u1ec9nh \u0111\u1ec3 ph\u00f9 h\u1ee3p v\u1edbi kh\u00f4ng gian v\u00e0 nh\u1ecbp s\u1ed1ng c\u1ee7a b\u1ea1n, gi\u00fap chi\u1ebfc gh\u1ebf h\u00f2a v\u00e0o kh\u00f4ng gian s\u1ed1ng m\u1ed9t c\u00e1ch ch\u00e2n th\u1eadt nh\u1ea5t. \u0110\u01b0\u1ee3c l\u00e0m ra \u0111\u1ec3 s\u1eed d\u1ee5ng l\u00e2u d\u00e0i, \u0111\u1ec3 \u0111\u1ed3ng h\u00e0nh c\u00f9ng \u0111\u1eddi s\u1ed1ng th\u01b0\u1eddng nh\u1eadt c\u1ee7a gia ch\u1ee7: m\u1ed7i chi\u1ebfc gh\u1ebf b\u00e0nh mang trong m\u00ecnh m\u1ed9t c\u00e2u chuy\u1ec7n, \u0111\u01b0\u1ee3c vi\u1ebft ti\u1ebfp qua c\u00e1ch b\u1ea1n s\u1eed d\u1ee5ng n\u00f3.<\/p>\n\t\t\t\t\t<\/div>\n\t\t\t\t\t\t<\/div>\n\t\t\t\t<\/div>\n\t\t\t\t\t<\/div>\n\t\t\t\t<\/div>\n\t\t<div class=\"wd-negative-gap elementor-element elementor-element-e4c291c e-grid e-con-boxed e-con e-parent\" data-id=\"e4c291c\" data-element_type=\"container\">\n\t\t\t\t\t<div class=\"e-con-inner\">\n\t\t\t\t<div class=\"elementor-element elementor-element-4241f50 elementor-widget elementor-widget-image\" data-id=\"4241f50\" data-element_type=\"widget\" data-widget_type=\"image.default\">\n\t\t\t\t<div class=\"elementor-widget-container\">\n\t\t\t\t\t\t\t\t\t\t\t\t<figure class=\"wp-caption\">\n\t\t\t\t\t\t\t\t\t\t\t<a href=\"https:\/\/casanha.com\/vi\/made-to-order\/lounge-chairs\/nysse\/\">\n\t\t\t\t\t\t\t<img fetchpriority=\"high\" decoding=\"async\" width=\"819\" height=\"1024\" src=\"https:\/\/casanha-beta.s3.ap-southeast-1.amazonaws.com\/2025\/12\/made-to-order-lounge-chair-nysse-819x1024.jpg\" class=\"attachment-large size-large wp-image-107947 wp-post-image\" alt=\"\" \/>\t\t\t\t\t\t\t\t<\/a>\n\t\t\t\t\t\t\t\t\t\t\t<figcaption class=\"widget-image-caption wp-caption-text\">Nysse<\/figcaption>\n\t\t\t\t\t\t\t\t\t\t<\/figure>\n\t\t\t\t\t\t\t\t\t<\/div>\n\t\t\t\t<\/div>\n\t\t\t\t<div class=\"elementor-element elementor-element-c18d1c2 elementor-widget elementor-widget-image\" data-id=\"c18d1c2\" data-element_type=\"widget\" data-widget_type=\"image.default\">\n\t\t\t\t<div class=\"elementor-widget-container\">\n\t\t\t\t\t\t\t\t\t\t\t\t<figure class=\"wp-caption\">\n\t\t\t\t\t\t\t\t\t\t\t<a href=\"https:\/\/casanha.com\/vi\/made-to-order\/lounge-chairs\/arbor\/\">\n\t\t\t\t\t\t\t<img decoding=\"async\" width=\"819\" height=\"1024\" src=\"https:\/\/casanha-beta.s3.ap-southeast-1.amazonaws.com\/2025\/12\/made-to-order-lounge-chair-arbor-819x1024.webp\" class=\"attachment-large size-large wp-image-107952 wp-post-image\" alt=\"\" \/>\t\t\t\t\t\t\t\t<\/a>\n\t\t\t\t\t\t\t\t\t\t\t<figcaption class=\"widget-image-caption wp-caption-text\">Arbor<\/figcaption>\n\t\t\t\t\t\t\t\t\t\t<\/figure>\n\t\t\t\t\t\t\t\t\t<\/div>\n\t\t\t\t<\/div>\n\t\t\t\t<div class=\"elementor-element elementor-element-4fa1680 elementor-widget elementor-widget-image\" data-id=\"4fa1680\" data-element_type=\"widget\" data-widget_type=\"image.default\">\n\t\t\t\t<div class=\"elementor-widget-container\">\n\t\t\t\t\t\t\t\t\t\t\t\t<figure class=\"wp-caption\">\n\t\t\t\t\t\t\t\t\t\t\t<a href=\"https:\/\/casanha.com\/vi\/made-to-order\/lounge-chairs\/cantaloupe\/\">\n\t\t\t\t\t\t\t<img decoding=\"async\" width=\"819\" height=\"1024\" src=\"https:\/\/casanha-beta.s3.ap-southeast-1.amazonaws.com\/2025\/12\/made-to-order-lounge-chair-cantaloupe-819x1024.jpg\" class=\"attachment-large size-large wp-image-107949 wp-post-image\" alt=\"\" \/>\t\t\t\t\t\t\t\t<\/a>\n\t\t\t\t\t\t\t\t\t\t\t<figcaption class=\"widget-image-caption wp-caption-text\">Cantaloupe<\/figcaption>\n\t\t\t\t\t\t\t\t\t\t<\/figure>\n\t\t\t\t\t\t\t\t\t<\/div>\n\t\t\t\t<\/div>\n\t\t\t\t<div class=\"elementor-element elementor-element-92669d4 elementor-widget elementor-widget-image\" data-id=\"92669d4\" data-element_type=\"widget\" data-widget_type=\"image.default\">\n\t\t\t\t<div class=\"elementor-widget-container\">\n\t\t\t\t\t\t\t\t\t\t\t\t<figure class=\"wp-caption\">\n\t\t\t\t\t\t\t\t\t\t\t<a href=\"https:\/\/casanha.com\/vi\/made-to-order\/lounge-chairs\/poise\/\">\n\t\t\t\t\t\t\t<img loading=\"lazy\" decoding=\"async\" width=\"819\" height=\"1024\" src=\"https:\/\/casanha-beta.s3.ap-southeast-1.amazonaws.com\/2025\/12\/made-to-order-lounge-chair-poise-819x1024.jpg\" class=\"attachment-large size-large wp-image-107951 wp-post-image\" alt=\"\" \/>\t\t\t\t\t\t\t\t<\/a>\n\t\t\t\t\t\t\t\t\t\t\t<figcaption class=\"widget-image-caption wp-caption-text\">Poise<\/figcaption>\n\t\t\t\t\t\t\t\t\t\t<\/figure>\n\t\t\t\t\t\t\t\t\t<\/div>\n\t\t\t\t<\/div>\n\t\t\t\t<div class=\"elementor-element elementor-element-fff6994 elementor-widget elementor-widget-image\" data-id=\"fff6994\" data-element_type=\"widget\" data-widget_type=\"image.default\">\n\t\t\t\t<div class=\"elementor-widget-container\">\n\t\t\t\t\t\t\t\t\t\t\t\t<figure class=\"wp-caption\">\n\t\t\t\t\t\t\t\t\t\t\t<a href=\"https:\/\/casanha.com\/vi\/made-to-order\/lounge-chairs\/sensu\/\">\n\t\t\t\t\t\t\t<img loading=\"lazy\" decoding=\"async\" width=\"819\" height=\"1024\" src=\"https:\/\/casanha-beta.s3.ap-southeast-1.amazonaws.com\/2026\/03\/Sensu-1-819x1024.webp\" class=\"attachment-large size-large wp-image-114296 wp-post-image\" alt=\"\" \/>\t\t\t\t\t\t\t\t<\/a>\n\t\t\t\t\t\t\t\t\t\t\t<figcaption class=\"widget-image-caption wp-caption-text\">Sensu<\/figcaption>\n\t\t\t\t\t\t\t\t\t\t<\/figure>\n\t\t\t\t\t\t\t\t\t<\/div>\n\t\t\t\t<\/div>\n\t\t\t\t<div class=\"elementor-element elementor-element-d8b1f17 elementor-widget elementor-widget-image\" data-id=\"d8b1f17\" data-element_type=\"widget\" data-widget_type=\"image.default\">\n\t\t\t\t<div class=\"elementor-widget-container\">\n\t\t\t\t\t\t\t\t\t\t\t\t<figure class=\"wp-caption\">\n\t\t\t\t\t\t\t\t\t\t\t<a href=\"https:\/\/casanha.com\/vi\/made-to-order\/lounge-chairs\/pambula\/\">\n\t\t\t\t\t\t\t<img loading=\"lazy\" decoding=\"async\" width=\"819\" height=\"1024\" src=\"https:\/\/casanha-beta.s3.ap-southeast-1.amazonaws.com\/2025\/12\/made-to-order-lounge-chair-pambula-819x1024.jpg\" class=\"attachment-large size-large wp-image-107948 wp-post-image\" alt=\"\" \/>\t\t\t\t\t\t\t\t<\/a>\n\t\t\t\t\t\t\t\t\t\t\t<figcaption class=\"widget-image-caption wp-caption-text\">Pambula<\/figcaption>\n\t\t\t\t\t\t\t\t\t\t<\/figure>\n\t\t\t\t\t\t\t\t\t<\/div>\n\t\t\t\t<\/div>\n\t\t\t\t<div class=\"elementor-element elementor-element-f5a7b05 elementor-widget elementor-widget-image\" data-id=\"f5a7b05\" data-element_type=\"widget\" data-widget_type=\"image.default\">\n\t\t\t\t<div class=\"elementor-widget-container\">\n\t\t\t\t\t\t\t\t\t\t\t\t<figure class=\"wp-caption\">\n\t\t\t\t\t\t\t\t\t\t\t<a href=\"https:\/\/casanha.com\/vi\/made-to-order\/lounge-chairs\/wren\/\">\n\t\t\t\t\t\t\t<img loading=\"lazy\" decoding=\"async\" width=\"819\" height=\"1024\" src=\"https:\/\/casanha-beta.s3.ap-southeast-1.amazonaws.com\/2026\/03\/Wren-819x1024.webp\" class=\"attachment-large size-large wp-image-114261 wp-post-image\" alt=\"\" \/>\t\t\t\t\t\t\t\t<\/a>\n\t\t\t\t\t\t\t\t\t\t\t<figcaption class=\"widget-image-caption wp-caption-text\">Wren<\/figcaption>\n\t\t\t\t\t\t\t\t\t\t<\/figure>\n\t\t\t\t\t\t\t\t\t<\/div>\n\t\t\t\t<\/div>\n\t\t\t\t\t<\/div>\n\t\t\t\t<\/div>\n\t\t<div class=\"wd-negative-gap elementor-element elementor-element-5af0af0d e-flex e-con-boxed e-con e-parent\" data-id=\"5af0af0d\" data-element_type=\"container\">\n\t\t\t\t\t<div class=\"e-con-inner\">\n\t\t\t\t<div class=\"elementor-element elementor-element-15b72f0c elementor-widget-divider--view-line elementor-widget elementor-widget-divider\" data-id=\"15b72f0c\" data-element_type=\"widget\" data-widget_type=\"divider.default\">\n\t\t\t\t<div class=\"elementor-widget-container\">\n\t\t\t\t\t\t\t<div class=\"elementor-divider\">\n\t\t\t<span class=\"elementor-divider-separator\">\n\t\t\t\t\t\t<\/span>\n\t\t<\/div>\n\t\t\t\t\t\t<\/div>\n\t\t\t\t<\/div>\n\t\t\t\t\t<\/div>\n\t\t\t\t<\/div>\n\t\t\t\t<\/div>","protected":false},"excerpt":{"rendered":"<p>Home LOUNGE CHAIRS Every armchair\/lounge chair begins with a simple idea: a place to pause. A seat to read, to<\/p>","protected":false},"author":1846,"featured_media":0,"parent":107895,"menu_order":0,"comment_status":"closed","ping_status":"closed","template":"","meta":{"footnotes":""},"class_list":["post-107944","page","type-page","status-publish","hentry"],"yoast_head":"<!-- This site is optimized with the Yoast SEO plugin v27.1.1 - https:\/\/yoast.com\/product\/yoast-seo-wordpress\/ -->\n<title>Lounge chairs - Casanha<\/title>\n<meta name=\"robots\" content=\"index, follow, max-snippet:-1, max-image-preview:large, max-video-preview:-1\" \/>\n<link rel=\"canonical\" href=\"https:\/\/casanha.com\/vi\/made-to-order\/lounge-chairs\/\" \/>\n<meta property=\"og:locale\" content=\"vi_VN\" \/>\n<meta property=\"og:type\" content=\"article\" \/>\n<meta property=\"og:title\" content=\"Lounge chairs - Casanha\" \/>\n<meta property=\"og:description\" content=\"Home LOUNGE CHAIRS Every armchair\/lounge chair begins with a simple idea: a place to pause. A seat to read, to\" \/>\n<meta property=\"og:url\" content=\"https:\/\/casanha.com\/vi\/made-to-order\/lounge-chairs\/\" \/>\n<meta property=\"og:site_name\" content=\"Casanha\" \/>\n<meta property=\"article:publisher\" content=\"https:\/\/www.facebook.com\/CasanhaHome\" \/>\n<meta property=\"article:modified_time\" content=\"2026-03-07T05:52:30+00:00\" \/>\n<meta property=\"og:image\" content=\"https:\/\/casanha.com\/wp-content\/uploads\/2025\/12\/made-to-order-lounge-chair-nysse-819x1024.jpg\" \/>\n<meta name=\"twitter:card\" content=\"summary_large_image\" \/>\n<script type=\"application\/ld+json\" class=\"yoast-schema-graph\">{\"@context\":\"https:\/\/schema.org\",\"@graph\":[{\"@type\":\"WebPage\",\"@id\":\"https:\/\/casanha.com\/made-to-order\/lounge-chairs\/\",\"url\":\"https:\/\/casanha.com\/made-to-order\/lounge-chairs\/\",\"name\":\"Lounge chairs - Casanha\",\"isPartOf\":{\"@id\":\"https:\/\/casanha.com\/vi\/#website\"},\"primaryImageOfPage\":{\"@id\":\"https:\/\/casanha.com\/made-to-order\/lounge-chairs\/#primaryimage\"},\"image\":{\"@id\":\"https:\/\/casanha.com\/made-to-order\/lounge-chairs\/#primaryimage\"},\"thumbnailUrl\":\"https:\/\/casanha.com\/wp-content\/uploads\/2025\/12\/made-to-order-lounge-chair-nysse-819x1024.jpg\",\"datePublished\":\"2025-12-18T09:32:31+00:00\",\"dateModified\":\"2026-03-07T05:52:30+00:00\",\"breadcrumb\":{\"@id\":\"https:\/\/casanha.com\/made-to-order\/lounge-chairs\/#breadcrumb\"},\"inLanguage\":\"vi\",\"potentialAction\":[{\"@type\":\"ReadAction\",\"target\":[\"https:\/\/casanha.com\/made-to-order\/lounge-chairs\/\"]}]},{\"@type\":\"ImageObject\",\"inLanguage\":\"vi\",\"@id\":\"https:\/\/casanha.com\/made-to-order\/lounge-chairs\/#primaryimage\",\"url\":\"https:\/\/casanha.com\/wp-content\/uploads\/2025\/12\/made-to-order-lounge-chair-nysse-819x1024.jpg\",\"contentUrl\":\"https:\/\/casanha.com\/wp-content\/uploads\/2025\/12\/made-to-order-lounge-chair-nysse-819x1024.jpg\"},{\"@type\":\"BreadcrumbList\",\"@id\":\"https:\/\/casanha.com\/made-to-order\/lounge-chairs\/#breadcrumb\",\"itemListElement\":[{\"@type\":\"ListItem\",\"position\":1,\"name\":\"Home\",\"item\":\"https:\/\/casanha.com\/\"},{\"@type\":\"ListItem\",\"position\":2,\"name\":\"Made-to-order\",\"item\":\"https:\/\/casanha.com\/made-to-order\/\"},{\"@type\":\"ListItem\",\"position\":3,\"name\":\"Lounge chairs\"}]},{\"@type\":\"WebSite\",\"@id\":\"https:\/\/casanha.com\/vi\/#website\",\"url\":\"https:\/\/casanha.com\/vi\/\",\"name\":\"Casanha\",\"description\":\"Home Decor &amp; Furniture\",\"publisher\":{\"@id\":\"https:\/\/casanha.com\/vi\/#organization\"},\"potentialAction\":[{\"@type\":\"SearchAction\",\"target\":{\"@type\":\"EntryPoint\",\"urlTemplate\":\"https:\/\/casanha.com\/vi\/?s={search_term_string}\"},\"query-input\":{\"@type\":\"PropertyValueSpecification\",\"valueRequired\":true,\"valueName\":\"search_term_string\"}}],\"inLanguage\":\"vi\"},{\"@type\":\"Organization\",\"@id\":\"https:\/\/casanha.com\/vi\/#organization\",\"name\":\"Casanha\",\"url\":\"https:\/\/casanha.com\/vi\/\",\"logo\":{\"@type\":\"ImageObject\",\"inLanguage\":\"vi\",\"@id\":\"https:\/\/casanha.com\/vi\/#\/schema\/logo\/image\/\",\"url\":\"https:\/\/casanha-beta.s3.ap-southeast-1.amazonaws.com\/2026\/02\/logo-2026.jpg\",\"contentUrl\":\"https:\/\/casanha-beta.s3.ap-southeast-1.amazonaws.com\/2026\/02\/logo-2026.jpg\",\"width\":1500,\"height\":1500,\"caption\":\"Casanha\"},\"image\":{\"@id\":\"https:\/\/casanha.com\/vi\/#\/schema\/logo\/image\/\"},\"sameAs\":[\"https:\/\/www.facebook.com\/CasanhaHome\",\"https:\/\/www.instagram.com\/casanhahome\/\",\"https:\/\/www.youtube.com\/@casanha\",\"https:\/\/www.tiktok.com\/@casanha.com\",\"https:\/\/zalo.me\/casanhahome\"]}]}<\/script>\n<!-- \/ Yoast SEO plugin. -->","yoast_head_json":{"title":"Lounge chairs - Casanha","robots":{"index":"index","follow":"follow","max-snippet":"max-snippet:-1","max-image-preview":"max-image-preview:large","max-video-preview":"max-video-preview:-1"},"canonical":"https:\/\/casanha.com\/vi\/made-to-order\/lounge-chairs\/","og_locale":"vi_VN","og_type":"article","og_title":"Lounge chairs - Casanha","og_description":"Home LOUNGE CHAIRS Every armchair\/lounge chair begins with a simple idea: a place to pause. A seat to read, to","og_url":"https:\/\/casanha.com\/vi\/made-to-order\/lounge-chairs\/","og_site_name":"Casanha","article_publisher":"https:\/\/www.facebook.com\/CasanhaHome","article_modified_time":"2026-03-07T05:52:30+00:00","og_image":[{"url":"https:\/\/casanha.com\/wp-content\/uploads\/2025\/12\/made-to-order-lounge-chair-nysse-819x1024.jpg","type":"","width":"","height":""}],"twitter_card":"summary_large_image","schema":{"@context":"https:\/\/schema.org","@graph":[{"@type":"WebPage","@id":"https:\/\/casanha.com\/made-to-order\/lounge-chairs\/","url":"https:\/\/casanha.com\/made-to-order\/lounge-chairs\/","name":"Lounge chairs - Casanha","isPartOf":{"@id":"https:\/\/casanha.com\/vi\/#website"},"primaryImageOfPage":{"@id":"https:\/\/casanha.com\/made-to-order\/lounge-chairs\/#primaryimage"},"image":{"@id":"https:\/\/casanha.com\/made-to-order\/lounge-chairs\/#primaryimage"},"thumbnailUrl":"https:\/\/casanha.com\/wp-content\/uploads\/2025\/12\/made-to-order-lounge-chair-nysse-819x1024.jpg","datePublished":"2025-12-18T09:32:31+00:00","dateModified":"2026-03-07T05:52:30+00:00","breadcrumb":{"@id":"https:\/\/casanha.com\/made-to-order\/lounge-chairs\/#breadcrumb"},"inLanguage":"vi","potentialAction":[{"@type":"ReadAction","target":["https:\/\/casanha.com\/made-to-order\/lounge-chairs\/"]}]},{"@type":"ImageObject","inLanguage":"vi","@id":"https:\/\/casanha.com\/made-to-order\/lounge-chairs\/#primaryimage","url":"https:\/\/casanha.com\/wp-content\/uploads\/2025\/12\/made-to-order-lounge-chair-nysse-819x1024.jpg","contentUrl":"https:\/\/casanha.com\/wp-content\/uploads\/2025\/12\/made-to-order-lounge-chair-nysse-819x1024.jpg"},{"@type":"BreadcrumbList","@id":"https:\/\/casanha.com\/made-to-order\/lounge-chairs\/#breadcrumb","itemListElement":[{"@type":"ListItem","position":1,"name":"Home","item":"https:\/\/casanha.com\/"},{"@type":"ListItem","position":2,"name":"Made-to-order","item":"https:\/\/casanha.com\/made-to-order\/"},{"@type":"ListItem","position":3,"name":"Lounge chairs"}]},{"@type":"WebSite","@id":"https:\/\/casanha.com\/vi\/#website","url":"https:\/\/casanha.com\/vi\/","name":"Casanha","description":"Home Decor &amp; Furniture","publisher":{"@id":"https:\/\/casanha.com\/vi\/#organization"},"potentialAction":[{"@type":"SearchAction","target":{"@type":"EntryPoint","urlTemplate":"https:\/\/casanha.com\/vi\/?s={search_term_string}"},"query-input":{"@type":"PropertyValueSpecification","valueRequired":true,"valueName":"search_term_string"}}],"inLanguage":"vi"},{"@type":"Organization","@id":"https:\/\/casanha.com\/vi\/#organization","name":"Casanha","url":"https:\/\/casanha.com\/vi\/","logo":{"@type":"ImageObject","inLanguage":"vi","@id":"https:\/\/casanha.com\/vi\/#\/schema\/logo\/image\/","url":"https:\/\/casanha-beta.s3.ap-southeast-1.amazonaws.com\/2026\/02\/logo-2026.jpg","contentUrl":"https:\/\/casanha-beta.s3.ap-southeast-1.amazonaws.com\/2026\/02\/logo-2026.jpg","width":1500,"height":1500,"caption":"Casanha"},"image":{"@id":"https:\/\/casanha.com\/vi\/#\/schema\/logo\/image\/"},"sameAs":["https:\/\/www.facebook.com\/CasanhaHome","https:\/\/www.instagram.com\/casanhahome\/","https:\/\/www.youtube.com\/@casanha","https:\/\/www.tiktok.com\/@casanha.com","https:\/\/zalo.me\/casanhahome"]}]}},"_links":{"self":[{"href":"https:\/\/casanha.com\/vi\/wp-json\/wp\/v2\/pages\/107944","targetHints":{"allow":["GET"]}}],"collection":[{"href":"https:\/\/casanha.com\/vi\/wp-json\/wp\/v2\/pages"}],"about":[{"href":"https:\/\/casanha.com\/vi\/wp-json\/wp\/v2\/types\/page"}],"author":[{"embeddable":true,"href":"https:\/\/casanha.com\/vi\/wp-json\/wp\/v2\/users\/1846"}],"replies":[{"embeddable":true,"href":"https:\/\/casanha.com\/vi\/wp-json\/wp\/v2\/comments?post=107944"}],"version-history":[{"count":37,"href":"https:\/\/casanha.com\/vi\/wp-json\/wp\/v2\/pages\/107944\/revisions"}],"predecessor-version":[{"id":114319,"href":"https:\/\/casanha.com\/vi\/wp-json\/wp\/v2\/pages\/107944\/revisions\/114319"}],"up":[{"embeddable":true,"href":"https:\/\/casanha.com\/vi\/wp-json\/wp\/v2\/pages\/107895"}],"wp:attachment":[{"href":"https:\/\/casanha.com\/vi\/wp-json\/wp\/v2\/media?parent=107944"}],"curies":[{"name":"wp","href":"https:\/\/api.w.org\/{rel}","templated":true}]}}