{"id":107895,"date":"2025-12-18T14:28:17","date_gmt":"2025-12-18T07:28:17","guid":{"rendered":"https:\/\/casanha.com\/?page_id=107895"},"modified":"2026-03-20T12:28:28","modified_gmt":"2026-03-20T05:28:28","slug":"made-to-order","status":"publish","type":"page","link":"https:\/\/casanha.com\/vi\/made-to-order\/","title":{"rendered":"N\u1ed9i th\u1ea5t tu\u1ef3 ch\u1ec9nh"},"content":{"rendered":"<div data-elementor-type=\"wp-page\" data-elementor-id=\"107895\" class=\"elementor elementor-107895\">\n\t\t\t\t<div class=\"elementor-element elementor-element-08a8128 e-con-full e-flex e-con e-parent\" data-id=\"08a8128\" data-element_type=\"container\">\n\t\t\t\t<div class=\"elementor-element elementor-element-336b8a0 elementor-widget-divider--view-line elementor-widget elementor-widget-divider\" data-id=\"336b8a0\" data-element_type=\"widget\" data-widget_type=\"divider.default\">\n\t\t\t\t<div class=\"elementor-widget-container\">\n\t\t\t\t\t\t\t<div class=\"elementor-divider\">\n\t\t\t<span class=\"elementor-divider-separator\">\n\t\t\t\t\t\t<\/span>\n\t\t<\/div>\n\t\t\t\t\t\t<\/div>\n\t\t\t\t<\/div>\n\t\t\t\t<\/div>\n\t\t<div class=\"elementor-element elementor-element-21ec05b e-con-full e-flex e-con e-parent\" data-id=\"21ec05b\" data-element_type=\"container\">\n\t\t\t\t<div class=\"elementor-element elementor-element-ac013c3 elementor-widget elementor-widget-wd_text_block\" data-id=\"ac013c3\" data-element_type=\"widget\" data-widget_type=\"wd_text_block.default\">\n\t\t\t\t<div class=\"elementor-widget-container\">\n\t\t\t\t\t\t\t<div class=\"wd-text-block reset-last-child text-left\">\n\t\t\t\n\t\t\t<p>N\u1ed8I TH\u1ea4T TU\u1ef2 CH\u1ec8NH<\/p>\n\t\t\t\t\t<\/div>\n\t\t\t\t\t\t<\/div>\n\t\t\t\t<\/div>\n\t\t\t\t<div class=\"elementor-element elementor-element-0e91563 elementor-widget elementor-widget-wd_text_block\" data-id=\"0e91563\" data-element_type=\"widget\" data-widget_type=\"wd_text_block.default\">\n\t\t\t\t<div class=\"elementor-widget-container\">\n\t\t\t\t\t\t\t<div class=\"wd-text-block reset-last-child text-left\">\n\t\t\t\n\t\t\t<p><span style=\"font-weight: 400;\">Kh\u00e1m ph\u00e1 b\u1ed9 s\u01b0u t\u1eadp n\u1ed9i th\u1ea5t \u0111\u1eb7t l\u00e0m theo y\u00eau c\u1ea7u t\u1eeb Casanh\u00e0 - t\u1eeb nh\u1eefng thi\u1ebft k\u1ebf mang t\u00ednh bi\u1ec3u t\u01b0\u1ee3ng c\u1ee7a c\u1eeda h\u00e0ng \u0111\u1ebfn c\u00e1c t\u00e1c ph\u1ea9m \u0111\u1eb7c bi\u1ec7t \u00edt \u0111\u01b0\u1ee3c bi\u1ebft \u0111\u1ebfn h\u01a1n - lu\u00f4n \u0111\u01b0\u1ee3c ch\u1ebf t\u00e1c d\u1ef1a tr\u00ean c\u00e1c gi\u00e1 tr\u1ecb b\u1ec1n v\u1eefng v\u00e0 v\u1eadt li\u1ec7u h\u00e0ng \u0111\u1ea7u th\u1ebf gi\u1edbi. M\u1ed7i s\u1ea3n ph\u1ea9m \u0111\u1ec1u c\u00f3 th\u1ec3 t\u00f9y ch\u1ec9nh \u0111\u1ec3 ph\u00f9 h\u1ee3p v\u1edbi kh\u00f4ng gian s\u1ed1ng c\u1ee7a gia ch\u1ee7, mang \u0111\u1ebfn s\u1ef1 linh ho\u1ea1t, n\u1ed9i th\u1ea5t v\u1edbi tay ngh\u1ec1 th\u1ee7 c\u00f4ng tinh x\u1ea3o v\u00e0 thi\u1ebft k\u1ebf chu \u0111\u00e1o.<\/span><\/p>\n\t\t\t\t\t<\/div>\n\t\t\t\t\t\t<\/div>\n\t\t\t\t<\/div>\n\t\t\t\t<div class=\"elementor-element elementor-element-925ec41 elementor-widget-divider--view-line elementor-widget elementor-widget-divider\" data-id=\"925ec41\" data-element_type=\"widget\" data-widget_type=\"divider.default\">\n\t\t\t\t<div class=\"elementor-widget-container\">\n\t\t\t\t\t\t\t<div class=\"elementor-divider\">\n\t\t\t<span class=\"elementor-divider-separator\">\n\t\t\t\t\t\t<\/span>\n\t\t<\/div>\n\t\t\t\t\t\t<\/div>\n\t\t\t\t<\/div>\n\t\t\t\t<\/div>\n\t\t<div class=\"wd-negative-gap elementor-element elementor-element-600ed4a e-grid e-con-boxed e-con e-parent\" data-id=\"600ed4a\" data-element_type=\"container\">\n\t\t\t\t\t<div class=\"e-con-inner\">\n\t\t\t\t<div class=\"elementor-element elementor-element-2aad47e elementor-widget elementor-widget-image\" data-id=\"2aad47e\" data-element_type=\"widget\" data-widget_type=\"image.default\">\n\t\t\t\t<div class=\"elementor-widget-container\">\n\t\t\t\t\t\t\t\t\t\t\t\t<figure class=\"wp-caption\">\n\t\t\t\t\t\t\t\t\t\t\t<a href=\"https:\/\/casanha.com\/vi\/sofas\/\">\n\t\t\t\t\t\t\t<img fetchpriority=\"high\" decoding=\"async\" width=\"1024\" height=\"819\" src=\"https:\/\/casanha-beta.s3.ap-southeast-1.amazonaws.com\/2025\/12\/custom-made-sofa-1024x819.jpg\" class=\"attachment-large size-large wp-image-107903 wp-post-image\" alt=\"\" \/>\t\t\t\t\t\t\t\t<\/a>\n\t\t\t\t\t\t\t\t\t\t\t<figcaption class=\"widget-image-caption wp-caption-text\">Gh\u1ebf Sofa<\/figcaption>\n\t\t\t\t\t\t\t\t\t\t<\/figure>\n\t\t\t\t\t\t\t\t\t<\/div>\n\t\t\t\t<\/div>\n\t\t\t\t<div class=\"elementor-element elementor-element-a47421d elementor-widget elementor-widget-image\" data-id=\"a47421d\" data-element_type=\"widget\" data-widget_type=\"image.default\">\n\t\t\t\t<div class=\"elementor-widget-container\">\n\t\t\t\t\t\t\t\t\t\t\t\t<figure class=\"wp-caption\">\n\t\t\t\t\t\t\t\t\t\t\t<a href=\"https:\/\/casanha.com\/vi\/lounge-chairs\/\">\n\t\t\t\t\t\t\t<img decoding=\"async\" width=\"1024\" height=\"819\" src=\"https:\/\/casanha-beta.s3.ap-southeast-1.amazonaws.com\/2025\/12\/custom-made-ARMCHAIR-1024x819.jpg\" class=\"attachment-large size-large wp-image-107904 wp-post-image\" alt=\"\" \/>\t\t\t\t\t\t\t\t<\/a>\n\t\t\t\t\t\t\t\t\t\t\t<figcaption class=\"widget-image-caption wp-caption-text\">Gh\u1ebf b\u00e0nh th\u01b0 gi\u00e3n<\/figcaption>\n\t\t\t\t\t\t\t\t\t\t<\/figure>\n\t\t\t\t\t\t\t\t\t<\/div>\n\t\t\t\t<\/div>\n\t\t\t\t<div class=\"elementor-element elementor-element-e594cb8 elementor-widget elementor-widget-image\" data-id=\"e594cb8\" data-element_type=\"widget\" data-widget_type=\"image.default\">\n\t\t\t\t<div class=\"elementor-widget-container\">\n\t\t\t\t\t\t\t\t\t\t\t\t<figure class=\"wp-caption\">\n\t\t\t\t\t\t\t\t\t\t\t<a href=\"https:\/\/casanha.com\/vi\/coffee-tables-side-tables\/\">\n\t\t\t\t\t\t\t<img decoding=\"async\" width=\"1024\" height=\"819\" src=\"https:\/\/casanha-beta.s3.ap-southeast-1.amazonaws.com\/2025\/12\/custom-made-low-table-1024x819.jpg\" class=\"attachment-large size-large wp-image-107905 wp-post-image\" alt=\"\" \/>\t\t\t\t\t\t\t\t<\/a>\n\t\t\t\t\t\t\t\t\t\t\t<figcaption class=\"widget-image-caption wp-caption-text\">B\u00e0n c\u00e0 ph\u00ea &amp; B\u00e0n ph\u1ee5<\/figcaption>\n\t\t\t\t\t\t\t\t\t\t<\/figure>\n\t\t\t\t\t\t\t\t\t<\/div>\n\t\t\t\t<\/div>\n\t\t\t\t<div class=\"elementor-element elementor-element-1b736bd elementor-widget elementor-widget-image\" data-id=\"1b736bd\" data-element_type=\"widget\" data-widget_type=\"image.default\">\n\t\t\t\t<div class=\"elementor-widget-container\">\n\t\t\t\t\t\t\t\t\t\t\t\t<figure class=\"wp-caption\">\n\t\t\t\t\t\t\t\t\t\t\t<a href=\"https:\/\/casanha.com\/vi\/dining-tables\/\">\n\t\t\t\t\t\t\t<img loading=\"lazy\" decoding=\"async\" width=\"1024\" height=\"819\" src=\"https:\/\/casanha-beta.s3.ap-southeast-1.amazonaws.com\/2025\/12\/custom-made-dining-table-1024x819.jpg\" class=\"attachment-large size-large wp-image-107906 wp-post-image\" alt=\"\" \/>\t\t\t\t\t\t\t\t<\/a>\n\t\t\t\t\t\t\t\t\t\t\t<figcaption class=\"widget-image-caption wp-caption-text\">B\u00e0n \u0103n<\/figcaption>\n\t\t\t\t\t\t\t\t\t\t<\/figure>\n\t\t\t\t\t\t\t\t\t<\/div>\n\t\t\t\t<\/div>\n\t\t\t\t\t<\/div>\n\t\t\t\t<\/div>\n\t\t<div class=\"wd-negative-gap elementor-element elementor-element-e51e0e1 e-grid e-con-boxed e-con e-parent\" data-id=\"e51e0e1\" data-element_type=\"container\">\n\t\t\t\t\t<div class=\"e-con-inner\">\n\t\t\t\t<div class=\"elementor-element elementor-element-23c867c elementor-widget elementor-widget-image\" data-id=\"23c867c\" data-element_type=\"widget\" data-widget_type=\"image.default\">\n\t\t\t\t<div class=\"elementor-widget-container\">\n\t\t\t\t\t\t\t\t\t\t\t\t<figure class=\"wp-caption\">\n\t\t\t\t\t\t\t\t\t\t\t<a href=\"https:\/\/casanha.com\/vi\/chairs-counter-stools\/\">\n\t\t\t\t\t\t\t<img loading=\"lazy\" decoding=\"async\" width=\"1024\" height=\"819\" src=\"https:\/\/casanha-beta.s3.ap-southeast-1.amazonaws.com\/2025\/12\/custom-made-chair-1024x819.jpg\" class=\"attachment-large size-large wp-image-107907 wp-post-image\" alt=\"\" \/>\t\t\t\t\t\t\t\t<\/a>\n\t\t\t\t\t\t\t\t\t\t\t<figcaption class=\"widget-image-caption wp-caption-text\">Chairs &amp; Counter Stools<\/figcaption>\n\t\t\t\t\t\t\t\t\t\t<\/figure>\n\t\t\t\t\t\t\t\t\t<\/div>\n\t\t\t\t<\/div>\n\t\t\t\t<div class=\"elementor-element elementor-element-54468d2 elementor-widget elementor-widget-image\" data-id=\"54468d2\" data-element_type=\"widget\" data-widget_type=\"image.default\">\n\t\t\t\t<div class=\"elementor-widget-container\">\n\t\t\t\t\t\t\t\t\t\t\t\t<figure class=\"wp-caption\">\n\t\t\t\t\t\t\t\t\t\t\t<a href=\"https:\/\/casanha.com\/vi\/cabinets-shelving\/\">\n\t\t\t\t\t\t\t<img loading=\"lazy\" decoding=\"async\" width=\"1024\" height=\"819\" src=\"https:\/\/casanha-beta.s3.ap-southeast-1.amazonaws.com\/2025\/12\/custom-made-sideboard-n-shelfjpg-1024x819.jpg\" class=\"attachment-large size-large wp-image-107908 wp-post-image\" alt=\"\" \/>\t\t\t\t\t\t\t\t<\/a>\n\t\t\t\t\t\t\t\t\t\t\t<figcaption class=\"widget-image-caption wp-caption-text\">Cabinets &amp; Shelving<\/figcaption>\n\t\t\t\t\t\t\t\t\t\t<\/figure>\n\t\t\t\t\t\t\t\t\t<\/div>\n\t\t\t\t<\/div>\n\t\t\t\t<div class=\"elementor-element elementor-element-f6ad610 elementor-widget elementor-widget-image\" data-id=\"f6ad610\" data-element_type=\"widget\" data-widget_type=\"image.default\">\n\t\t\t\t<div class=\"elementor-widget-container\">\n\t\t\t\t\t\t\t\t\t\t\t\t<figure class=\"wp-caption\">\n\t\t\t\t\t\t\t\t\t\t\t<a href=\"https:\/\/casanha.com\/vi\/console-tables\/\">\n\t\t\t\t\t\t\t<img loading=\"lazy\" decoding=\"async\" width=\"1024\" height=\"819\" src=\"https:\/\/casanha-beta.s3.ap-southeast-1.amazonaws.com\/2025\/12\/custom-made-console-1024x819.jpg\" class=\"attachment-large size-large wp-image-107910 wp-post-image\" alt=\"\" \/>\t\t\t\t\t\t\t\t<\/a>\n\t\t\t\t\t\t\t\t\t\t\t<figcaption class=\"widget-image-caption wp-caption-text\">B\u00e0n console<\/figcaption>\n\t\t\t\t\t\t\t\t\t\t<\/figure>\n\t\t\t\t\t\t\t\t\t<\/div>\n\t\t\t\t<\/div>\n\t\t\t\t<div class=\"elementor-element elementor-element-364efd2 elementor-widget elementor-widget-image\" data-id=\"364efd2\" data-element_type=\"widget\" data-widget_type=\"image.default\">\n\t\t\t\t<div class=\"elementor-widget-container\">\n\t\t\t\t\t\t\t\t\t\t\t\t<figure class=\"wp-caption\">\n\t\t\t\t\t\t\t\t\t\t\t<a href=\"https:\/\/casanha.com\/vi\/desks\/\">\n\t\t\t\t\t\t\t<img loading=\"lazy\" decoding=\"async\" width=\"1024\" height=\"819\" src=\"https:\/\/casanha-beta.s3.ap-southeast-1.amazonaws.com\/2025\/12\/custom-made-desk-1024x819.jpg\" class=\"attachment-large size-large wp-image-107909 wp-post-image\" alt=\"\" \/>\t\t\t\t\t\t\t\t<\/a>\n\t\t\t\t\t\t\t\t\t\t\t<figcaption class=\"widget-image-caption wp-caption-text\">B\u00e0n l\u00e0m vi\u1ec7c<\/figcaption>\n\t\t\t\t\t\t\t\t\t\t<\/figure>\n\t\t\t\t\t\t\t\t\t<\/div>\n\t\t\t\t<\/div>\n\t\t\t\t\t<\/div>\n\t\t\t\t<\/div>\n\t\t<div class=\"wd-negative-gap elementor-element elementor-element-ddaf2eb e-flex e-con-boxed e-con e-parent\" data-id=\"ddaf2eb\" data-element_type=\"container\">\n\t\t\t\t\t<div class=\"e-con-inner\">\n\t\t\t\t\t<\/div>\n\t\t\t\t<\/div>\n\t\t\t\t<\/div>","protected":false},"excerpt":{"rendered":"<p>MADE-TO-ORDER FURNITURE Explore our collection of made-to-order furniture &#8211; featuring iconic designs alongside lesser-known gems &#8211; crafted using trusted references<\/p>","protected":false},"author":1846,"featured_media":0,"parent":0,"menu_order":0,"comment_status":"closed","ping_status":"closed","template":"","meta":{"footnotes":""},"class_list":["post-107895","page","type-page","status-publish","hentry"],"yoast_head":"<!-- This site is optimized with the Yoast SEO plugin v27.1.1 - https:\/\/yoast.com\/product\/yoast-seo-wordpress\/ -->\n<title>Made-to-order - Casanha<\/title>\n<meta name=\"description\" content=\"Every piece can be customized to suit your space, offering flexibility, craftsmanship, and thoughtful design from start to finish.\" \/>\n<meta name=\"robots\" content=\"index, follow, max-snippet:-1, max-image-preview:large, max-video-preview:-1\" \/>\n<link rel=\"canonical\" href=\"https:\/\/casanha.com\/vi\/made-to-order\/\" \/>\n<meta property=\"og:locale\" content=\"vi_VN\" \/>\n<meta property=\"og:type\" content=\"article\" \/>\n<meta property=\"og:title\" content=\"Made-to-order - Casanha\" \/>\n<meta property=\"og:description\" content=\"Every piece can be customized to suit your space, offering flexibility, craftsmanship, and thoughtful design from start to finish.\" \/>\n<meta property=\"og:url\" content=\"https:\/\/casanha.com\/vi\/made-to-order\/\" \/>\n<meta property=\"og:site_name\" content=\"Casanha\" \/>\n<meta property=\"article:publisher\" content=\"https:\/\/www.facebook.com\/CasanhaHome\" \/>\n<meta property=\"article:modified_time\" content=\"2026-03-20T05:28:28+00:00\" \/>\n<meta property=\"og:image\" content=\"https:\/\/casanha.com\/wp-content\/uploads\/2025\/12\/custom-made-sofa-1024x819.jpg\" \/>\n<meta name=\"twitter:card\" content=\"summary_large_image\" \/>\n<script type=\"application\/ld+json\" class=\"yoast-schema-graph\">{\"@context\":\"https:\/\/schema.org\",\"@graph\":[{\"@type\":\"WebPage\",\"@id\":\"https:\/\/casanha.com\/made-to-order\/\",\"url\":\"https:\/\/casanha.com\/made-to-order\/\",\"name\":\"Made-to-order - Casanha\",\"isPartOf\":{\"@id\":\"https:\/\/casanha.com\/vi\/#website\"},\"primaryImageOfPage\":{\"@id\":\"https:\/\/casanha.com\/made-to-order\/#primaryimage\"},\"image\":{\"@id\":\"https:\/\/casanha.com\/made-to-order\/#primaryimage\"},\"thumbnailUrl\":\"https:\/\/casanha.com\/wp-content\/uploads\/2025\/12\/custom-made-sofa-1024x819.jpg\",\"datePublished\":\"2025-12-18T07:28:17+00:00\",\"dateModified\":\"2026-03-20T05:28:28+00:00\",\"description\":\"Every piece can be customized to suit your space, offering flexibility, craftsmanship, and thoughtful design from start to finish.\",\"breadcrumb\":{\"@id\":\"https:\/\/casanha.com\/made-to-order\/#breadcrumb\"},\"inLanguage\":\"vi\",\"potentialAction\":[{\"@type\":\"ReadAction\",\"target\":[\"https:\/\/casanha.com\/made-to-order\/\"]}]},{\"@type\":\"ImageObject\",\"inLanguage\":\"vi\",\"@id\":\"https:\/\/casanha.com\/made-to-order\/#primaryimage\",\"url\":\"https:\/\/casanha.com\/wp-content\/uploads\/2025\/12\/custom-made-sofa-1024x819.jpg\",\"contentUrl\":\"https:\/\/casanha.com\/wp-content\/uploads\/2025\/12\/custom-made-sofa-1024x819.jpg\"},{\"@type\":\"BreadcrumbList\",\"@id\":\"https:\/\/casanha.com\/made-to-order\/#breadcrumb\",\"itemListElement\":[{\"@type\":\"ListItem\",\"position\":1,\"name\":\"Home\",\"item\":\"https:\/\/casanha.com\/\"},{\"@type\":\"ListItem\",\"position\":2,\"name\":\"Made-to-order\"}]},{\"@type\":\"WebSite\",\"@id\":\"https:\/\/casanha.com\/vi\/#website\",\"url\":\"https:\/\/casanha.com\/vi\/\",\"name\":\"Casanha\",\"description\":\"Home Decor &amp; Furniture\",\"publisher\":{\"@id\":\"https:\/\/casanha.com\/vi\/#organization\"},\"potentialAction\":[{\"@type\":\"SearchAction\",\"target\":{\"@type\":\"EntryPoint\",\"urlTemplate\":\"https:\/\/casanha.com\/vi\/?s={search_term_string}\"},\"query-input\":{\"@type\":\"PropertyValueSpecification\",\"valueRequired\":true,\"valueName\":\"search_term_string\"}}],\"inLanguage\":\"vi\"},{\"@type\":\"Organization\",\"@id\":\"https:\/\/casanha.com\/vi\/#organization\",\"name\":\"Casanha\",\"url\":\"https:\/\/casanha.com\/vi\/\",\"logo\":{\"@type\":\"ImageObject\",\"inLanguage\":\"vi\",\"@id\":\"https:\/\/casanha.com\/vi\/#\/schema\/logo\/image\/\",\"url\":\"https:\/\/casanha-beta.s3.ap-southeast-1.amazonaws.com\/2026\/02\/logo-2026.jpg\",\"contentUrl\":\"https:\/\/casanha-beta.s3.ap-southeast-1.amazonaws.com\/2026\/02\/logo-2026.jpg\",\"width\":1500,\"height\":1500,\"caption\":\"Casanha\"},\"image\":{\"@id\":\"https:\/\/casanha.com\/vi\/#\/schema\/logo\/image\/\"},\"sameAs\":[\"https:\/\/www.facebook.com\/CasanhaHome\",\"https:\/\/www.instagram.com\/casanhahome\/\",\"https:\/\/www.youtube.com\/@casanha\",\"https:\/\/www.tiktok.com\/@casanha.com\",\"https:\/\/zalo.me\/casanhahome\"]}]}<\/script>\n<!-- \/ Yoast SEO plugin. -->","yoast_head_json":{"title":"Made-to-order - Casanha","description":"Every piece can be customized to suit your space, offering flexibility, craftsmanship, and thoughtful design from start to finish.","robots":{"index":"index","follow":"follow","max-snippet":"max-snippet:-1","max-image-preview":"max-image-preview:large","max-video-preview":"max-video-preview:-1"},"canonical":"https:\/\/casanha.com\/vi\/made-to-order\/","og_locale":"vi_VN","og_type":"article","og_title":"Made-to-order - Casanha","og_description":"Every piece can be customized to suit your space, offering flexibility, craftsmanship, and thoughtful design from start to finish.","og_url":"https:\/\/casanha.com\/vi\/made-to-order\/","og_site_name":"Casanha","article_publisher":"https:\/\/www.facebook.com\/CasanhaHome","article_modified_time":"2026-03-20T05:28:28+00:00","og_image":[{"url":"https:\/\/casanha.com\/wp-content\/uploads\/2025\/12\/custom-made-sofa-1024x819.jpg","type":"","width":"","height":""}],"twitter_card":"summary_large_image","schema":{"@context":"https:\/\/schema.org","@graph":[{"@type":"WebPage","@id":"https:\/\/casanha.com\/made-to-order\/","url":"https:\/\/casanha.com\/made-to-order\/","name":"Made-to-order - Casanha","isPartOf":{"@id":"https:\/\/casanha.com\/vi\/#website"},"primaryImageOfPage":{"@id":"https:\/\/casanha.com\/made-to-order\/#primaryimage"},"image":{"@id":"https:\/\/casanha.com\/made-to-order\/#primaryimage"},"thumbnailUrl":"https:\/\/casanha.com\/wp-content\/uploads\/2025\/12\/custom-made-sofa-1024x819.jpg","datePublished":"2025-12-18T07:28:17+00:00","dateModified":"2026-03-20T05:28:28+00:00","description":"Every piece can be customized to suit your space, offering flexibility, craftsmanship, and thoughtful design from start to finish.","breadcrumb":{"@id":"https:\/\/casanha.com\/made-to-order\/#breadcrumb"},"inLanguage":"vi","potentialAction":[{"@type":"ReadAction","target":["https:\/\/casanha.com\/made-to-order\/"]}]},{"@type":"ImageObject","inLanguage":"vi","@id":"https:\/\/casanha.com\/made-to-order\/#primaryimage","url":"https:\/\/casanha.com\/wp-content\/uploads\/2025\/12\/custom-made-sofa-1024x819.jpg","contentUrl":"https:\/\/casanha.com\/wp-content\/uploads\/2025\/12\/custom-made-sofa-1024x819.jpg"},{"@type":"BreadcrumbList","@id":"https:\/\/casanha.com\/made-to-order\/#breadcrumb","itemListElement":[{"@type":"ListItem","position":1,"name":"Home","item":"https:\/\/casanha.com\/"},{"@type":"ListItem","position":2,"name":"Made-to-order"}]},{"@type":"WebSite","@id":"https:\/\/casanha.com\/vi\/#website","url":"https:\/\/casanha.com\/vi\/","name":"Casanha","description":"Home Decor &amp; Furniture","publisher":{"@id":"https:\/\/casanha.com\/vi\/#organization"},"potentialAction":[{"@type":"SearchAction","target":{"@type":"EntryPoint","urlTemplate":"https:\/\/casanha.com\/vi\/?s={search_term_string}"},"query-input":{"@type":"PropertyValueSpecification","valueRequired":true,"valueName":"search_term_string"}}],"inLanguage":"vi"},{"@type":"Organization","@id":"https:\/\/casanha.com\/vi\/#organization","name":"Casanha","url":"https:\/\/casanha.com\/vi\/","logo":{"@type":"ImageObject","inLanguage":"vi","@id":"https:\/\/casanha.com\/vi\/#\/schema\/logo\/image\/","url":"https:\/\/casanha-beta.s3.ap-southeast-1.amazonaws.com\/2026\/02\/logo-2026.jpg","contentUrl":"https:\/\/casanha-beta.s3.ap-southeast-1.amazonaws.com\/2026\/02\/logo-2026.jpg","width":1500,"height":1500,"caption":"Casanha"},"image":{"@id":"https:\/\/casanha.com\/vi\/#\/schema\/logo\/image\/"},"sameAs":["https:\/\/www.facebook.com\/CasanhaHome","https:\/\/www.instagram.com\/casanhahome\/","https:\/\/www.youtube.com\/@casanha","https:\/\/www.tiktok.com\/@casanha.com","https:\/\/zalo.me\/casanhahome"]}]}},"_links":{"self":[{"href":"https:\/\/casanha.com\/vi\/wp-json\/wp\/v2\/pages\/107895","targetHints":{"allow":["GET"]}}],"collection":[{"href":"https:\/\/casanha.com\/vi\/wp-json\/wp\/v2\/pages"}],"about":[{"href":"https:\/\/casanha.com\/vi\/wp-json\/wp\/v2\/types\/page"}],"author":[{"embeddable":true,"href":"https:\/\/casanha.com\/vi\/wp-json\/wp\/v2\/users\/1846"}],"replies":[{"embeddable":true,"href":"https:\/\/casanha.com\/vi\/wp-json\/wp\/v2\/comments?post=107895"}],"version-history":[{"count":58,"href":"https:\/\/casanha.com\/vi\/wp-json\/wp\/v2\/pages\/107895\/revisions"}],"predecessor-version":[{"id":108176,"href":"https:\/\/casanha.com\/vi\/wp-json\/wp\/v2\/pages\/107895\/revisions\/108176"}],"wp:attachment":[{"href":"https:\/\/casanha.com\/vi\/wp-json\/wp\/v2\/media?parent=107895"}],"curies":[{"name":"wp","href":"https:\/\/api.w.org\/{rel}","templated":true}]}}