{"id":100207,"date":"2025-06-05T15:00:01","date_gmt":"2025-06-05T08:00:01","guid":{"rendered":"https:\/\/casanha.com\/?page_id=100207"},"modified":"2025-06-05T15:27:45","modified_gmt":"2025-06-05T08:27:45","slug":"carpets","status":"publish","type":"page","link":"https:\/\/casanha.com\/vi\/care-maintenance\/carpets\/","title":{"rendered":"Carpets &#8211; Care &#038; Maintenance"},"content":{"rendered":"<div data-elementor-type=\"wp-page\" data-elementor-id=\"100207\" class=\"elementor elementor-100207\">\n\t\t\t\t<div class=\"wd-negative-gap elementor-element elementor-element-9a2a0ec e-flex e-con-boxed e-con e-parent\" data-id=\"9a2a0ec\" data-element_type=\"container\">\n\t\t\t\t\t<div class=\"e-con-inner\">\n\t\t\t\t<div class=\"elementor-element elementor-element-d52e50d elementor-widget elementor-widget-wd_text_block\" data-id=\"d52e50d\" data-element_type=\"widget\" data-widget_type=\"wd_text_block.default\">\n\t\t\t\t<div class=\"elementor-widget-container\">\n\t\t\t\t\t\t\t<div class=\"wd-text-block reset-last-child text-left\">\n\t\t\t\n\t\t\t<p><a href=\"https:\/\/casanha.com\/vi\/care-maintenance\/\">Ch\u0103m s\u00f3c &amp; B\u1ea3o qu\u1ea3n<\/a> &gt; Th\u1ea3m d\u1ec7t<br \/><br \/><\/p>\n\t\t\t\t\t<\/div>\n\t\t\t\t\t\t<\/div>\n\t\t\t\t<\/div>\n\t\t\t\t\t<\/div>\n\t\t\t\t<\/div>\n\t\t<div class=\"wd-negative-gap elementor-element elementor-element-1ad47ea e-grid e-con-boxed e-con e-parent\" data-id=\"1ad47ea\" data-element_type=\"container\">\n\t\t\t\t\t<div class=\"e-con-inner\">\n\t\t\t\t<div class=\"elementor-element elementor-element-0ed1d98 elementor-widget elementor-widget-wd_text_block\" data-id=\"0ed1d98\" data-element_type=\"widget\" data-widget_type=\"wd_text_block.default\">\n\t\t\t\t<div class=\"elementor-widget-container\">\n\t\t\t\t\t\t\t<div class=\"wd-text-block reset-last-child text-left\">\n\t\t\t\n\t\t\t<p><img decoding=\"async\" src=\"https:\/\/casanha.com\/wp-content\/uploads\/2023\/01\/Hand_weaving_Yarn_Opening_1.webp\" alt=\"\" \/><\/p>\n\t\t\t\t\t<\/div>\n\t\t\t\t\t\t<\/div>\n\t\t\t\t<\/div>\n\t\t\t\t<div class=\"elementor-element elementor-element-1678ae4 elementor-widget elementor-widget-wd_text_block\" data-id=\"1678ae4\" data-element_type=\"widget\" data-widget_type=\"wd_text_block.default\">\n\t\t\t\t<div class=\"elementor-widget-container\">\n\t\t\t\t\t\t\t<div class=\"wd-text-block reset-last-child text-left\">\n\t\t\t\n\t\t\t<p><img decoding=\"async\" src=\"https:\/\/casanha.com\/wp-content\/uploads\/2023\/01\/Hand_weaving_2.webp\" alt=\"\" \/><\/p>\n\t\t\t\t\t<\/div>\n\t\t\t\t\t\t<\/div>\n\t\t\t\t<\/div>\n\t\t\t\t<div class=\"elementor-element elementor-element-4c3c78a elementor-widget elementor-widget-wd_text_block\" data-id=\"4c3c78a\" data-element_type=\"widget\" data-widget_type=\"wd_text_block.default\">\n\t\t\t\t<div class=\"elementor-widget-container\">\n\t\t\t\t\t\t\t<div class=\"wd-text-block reset-last-child text-left\">\n\t\t\t\n\t\t\t<p><img decoding=\"async\" src=\"https:\/\/casanha.com\/wp-content\/uploads\/2023\/01\/Hand_carving.webp\" alt=\"\" \/><\/p>\n\t\t\t\t\t<\/div>\n\t\t\t\t\t\t<\/div>\n\t\t\t\t<\/div>\n\t\t\t\t\t<\/div>\n\t\t\t\t<\/div>\n\t\t<div class=\"wd-negative-gap elementor-element elementor-element-b81ceae e-flex e-con-boxed e-con e-parent\" data-id=\"b81ceae\" data-element_type=\"container\">\n\t\t\t\t\t<div class=\"e-con-inner\">\n\t\t\t\t<div class=\"elementor-element elementor-element-54fff93 elementor-widget elementor-widget-wd_text_block\" data-id=\"54fff93\" data-element_type=\"widget\" data-widget_type=\"wd_text_block.default\">\n\t\t\t\t<div class=\"elementor-widget-container\">\n\t\t\t\t\t\t\t<div class=\"wd-text-block reset-last-child text-left\">\n\t\t\t\n\t\t\t<p><strong><br \/>TH\u1ea2M D\u1ec6T<\/strong><\/p><p>Kh\u00f4ng n\u00ean \u0111\u1eb7t th\u1ea3m \u1edf nh\u1eefng khu v\u1ef1c c\u00f3 \u0111\u1ed9 \u1ea9m cao ho\u1eb7c n\u01a1i s\u1eed d\u1ee5ng h\u00f3a ch\u1ea5t \u0111\u1ed9c h\u1ea1i.<\/p><p>Tr\u00e1nh \u0111\u1eb7t n\u1ed9i th\u1ea5t c\u00f3 ch\u00e2n nh\u1ecdn l\u00ean th\u1ea3m v\u00e0 h\u1ea1n ch\u1ebf \u0111i gi\u00e0y cao g\u00f3t th\u01b0\u1eddng xuy\u00ean tr\u00ean th\u1ea3m.<br \/><br data-start=\"214\" data-end=\"217\" \/>Kh\u00f4ng k\u00e9o l\u00ea \u0111\u1ed3 n\u1ed9i th\u1ea5t tr\u00ean th\u1ea3m.<br \/><br data-start=\"256\" data-end=\"259\" \/>Tr\u00e1nh \u00e1nh n\u1eafng tr\u1ef1c ti\u1ebfp. Tia UV c\u00f3 th\u1ec3 l\u00e0m th\u1ea3m b\u1ecb phai m\u00e0u.<br data-start=\"318\" data-end=\"321\" \/><br \/>N\u00ean ph\u01a1i kh\u00f4 th\u1ea3m theo c\u00e1ch t\u1ef1 nhi\u00ean; kh\u00f4ng s\u1eed d\u1ee5ng m\u00e1y s\u1ea5y ho\u1eb7c thi\u1ebft b\u1ecb t\u1ea1o nhi\u1ec7t.<br \/><br data-start=\"396\" data-end=\"399\" \/>H\u00fat b\u1ee5i th\u1ea3m th\u01b0\u1eddng xuy\u00ean b\u1eb1ng ch\u1ed5i m\u1ec1m ho\u1eb7c m\u00e1y h\u00fat b\u1ee5i.<br \/><br data-start=\"462\" data-end=\"465\" \/>M\u1ed9t t\u1ea5m th\u1ea3m m\u1edbi c\u00f3 th\u1ec3 r\u1ee5ng x\u01a1 v\u1ea3i. \u0110\u00e2y l\u00e0 qu\u00e1 tr\u00ecnh t\u1ef1 nhi\u00ean v\u00e0 c\u00f3 th\u1ec3 thay \u0111\u1ed5i theo kh\u00ed h\u1eadu. N\u1ebfu ki\u00ean tr\u00ec h\u00fat b\u1ee5i \u0111\u1ec1u \u0111\u1eb7n trong th\u00e1ng \u0111\u1ea7u s\u1eed d\u1ee5ng, t\u00ecnh tr\u1ea1ng r\u1ee5ng x\u01a1 s\u1ebd gi\u1ea3m d\u1ea7n v\u00e0 th\u1ea3m s\u1ebd \u0111\u1ea1t tr\u1ea1ng th\u00e1i s\u1eed d\u1ee5ng t\u1ed1t nh\u1ea5t.<br \/><br data-start=\"676\" data-end=\"679\" \/>Khi l\u01b0u tr\u1eef, n\u00ean cu\u1ed9n tr\u00f2n th\u1ea3m l\u1ea1i. Kh\u00f4ng n\u00ean g\u1ea5p th\u1ea3m v\u00ec c\u00f3 th\u1ec3 t\u1ea1o n\u1ebfp g\u1ea5p theo th\u1eddi gian.<br \/><br data-start=\"762\" data-end=\"765\" \/>Kh\u00f4ng k\u00e9o c\u00e1c s\u1ee3i ch\u1ec9 bung ra. N\u1ebfu th\u1ea5y ch\u1ec9 b\u1ecb bung, h\u00e3y d\u00f9ng k\u00e9o c\u1ea9n th\u1eadn c\u1eaft b\u1ecf.<br \/><br data-start=\"865\" data-end=\"868\" \/>Kh\u00f4ng d\u00f9ng b\u00e0n ch\u1ea3i \u0111\u1ec3 ch\u00e0 v\u1ebft b\u1ea9n. N\u1ebfu c\u00f3 ch\u1ea5t l\u1ecfng \u0111\u1ed5 l\u00ean th\u1ea3m, h\u00e3y d\u00f9ng mi\u1ebfng b\u1ecdt bi\u1ec3n ho\u1eb7c kh\u0103n th\u1ea5m h\u00fat, \u0111\u1ed3ng th\u1eddi nh\u1ea5c th\u1ea3m l\u00ean \u0111\u1ec3 kh\u00f4ng kh\u00ed l\u01b0u th\u00f4ng b\u00ean d\u01b0\u1edbi gi\u00fap th\u1ea3m kh\u00f4 nhanh h\u01a1n.<br \/><br data-start=\"1052\" data-end=\"1055\" \/>Do \u0111\u1eb7c t\u00ednh th\u1ee7 c\u00f4ng c\u1ee7a th\u1ea3m, kh\u00f4ng th\u1ec3 v\u1ec7 sinh s\u00e2u t\u1ea1i nh\u00e0 b\u1eb1ng c\u00e1c ch\u1ea5t t\u1ea9y r\u1eeda th\u00f4ng th\u01b0\u1eddng.<br \/><br data-start=\"1153\" data-end=\"1156\" \/>N\u00ean s\u1eed d\u1ee5ng d\u1ecbch v\u1ee5 gi\u1eb7t th\u1ea3m chuy\u00ean nghi\u1ec7p \u0111\u1ec3 v\u1ec7 sinh s\u00e2u \u0111\u1ecbnh k\u1ef3 2 n\u0103m m\u1ed9t l\u1ea7n.<\/p>\n\t\t\t\t\t<\/div>\n\t\t\t\t\t\t<\/div>\n\t\t\t\t<\/div>\n\t\t\t\t<div class=\"elementor-element elementor-element-ae6e8b1 elementor-widget elementor-widget-image\" data-id=\"ae6e8b1\" data-element_type=\"widget\" data-widget_type=\"image.default\">\n\t\t\t\t<div class=\"elementor-widget-container\">\n\t\t\t\t\t\t\t\t\t\t\t\t\t\t\t<img fetchpriority=\"high\" decoding=\"async\" width=\"1600\" height=\"700\" src=\"https:\/\/casanha-beta.s3.ap-southeast-1.amazonaws.com\/2023\/01\/GLOBAL_CITIZEN_2048x.webp\" class=\"attachment-full size-full wp-image-35577 wp-post-image\" alt=\"\" \/>\t\t\t\t\t\t\t\t\t\t\t\t\t\t\t<\/div>\n\t\t\t\t<\/div>\n\t\t\t\t<div class=\"elementor-element elementor-element-f57bdf8 elementor-widget elementor-widget-wd_text_block\" data-id=\"f57bdf8\" data-element_type=\"widget\" data-widget_type=\"wd_text_block.default\">\n\t\t\t\t<div class=\"elementor-widget-container\">\n\t\t\t\t\t\t\t<div class=\"wd-text-block reset-last-child text-left\">\n\t\t\t\n\t\t\t<p data-start=\"0\" data-end=\"8\"><strong data-start=\"0\" data-end=\"8\">Ghi ch\u00fa<\/strong><\/p><p data-start=\"10\" data-end=\"126\">S\u1ebd c\u00f3 m\u1ed9t v\u00e0i \u0111i\u1ec3m kh\u00e1c bi\u1ec7t gi\u1eefa th\u1ea3m ch\u1ea7n tay v\u00e0 th\u1ea3m c\u00f4ng nghi\u1ec7p, \u0111\u1eb7c bi\u1ec7t l\u00e0 s\u1ef1 ch\u00eanh l\u1ec7ch v\u1ec1 k\u00edch th\u01b0\u1edbc.<\/p><p data-start=\"128\" data-end=\"731\">Nguy\u00ean nh\u00e2n khi\u1ebfn k\u00edch th\u01b0\u1edbc th\u1ea3m th\u1ee7 c\u00f4ng c\u00f3 s\u1ef1 kh\u00e1c bi\u1ec7t l\u00e0 do nhi\u1ec1u c\u00f4ng \u0111o\u1ea1n \u0111\u01b0\u1ee3c th\u1ef1c hi\u1ec7n th\u1ee7 c\u00f4ng trong qu\u00e1 tr\u00ecnh s\u1ea3n xu\u1ea5t. \u0110\u1ed9 sai l\u1ec7ch k\u00edch th\u01b0\u1edbc c\u00f3 th\u1ec3 dao \u0111\u1ed9ng trong kho\u1ea3ng +\/- 2% chi\u1ec1u r\u1ed9ng v\u00e0 +\/- 4% chi\u1ec1u d\u00e0i. S\u1ee3i len c\u1ee7a Casanh\u00e0 \u0111\u01b0\u1ee3c se tay, d\u1eabn \u0111\u1ebfn \u0111\u01b0\u1eddng k\u00ednh s\u1ee3i kh\u00e1c nhau v\u00e0 t\u1eeb \u0111\u00f3 t\u1ea1o ra c\u00e1c n\u00fat th\u1eaft c\u00f3 k\u00edch c\u1ee1 kh\u00e1c nhau. S\u1ee3i c\u00e0ng m\u1ea3nh th\u00ec n\u00fat th\u1eaft c\u00e0ng nh\u1ecf, v\u00e0 s\u1ee3i c\u00e0ng to th\u00ec n\u00fat th\u1eaft c\u00e0ng l\u1edbn. Do \u0111\u00f3, n\u00fat th\u1eaft nh\u1ecf s\u1ebd t\u1ea1o n\u00ean t\u1ea5m th\u1ea3m nh\u1ecf h\u01a1n, trong khi n\u00fat th\u1eaft l\u1edbn s\u1ebd t\u1ea1o n\u00ean t\u1ea5m th\u1ea3m l\u1edbn h\u01a1n. Ngo\u00e0i ra, trong qu\u00e1 tr\u00ecnh d\u1ec7t tay, t\u1eebng h\u00e0ng n\u00fat th\u1eaft \u0111\u01b0\u1ee3c n\u00e9n l\u1ea1i b\u1eb1ng tay, \u0111i\u1ec1u n\u00e0y c\u0169ng g\u00f3p ph\u1ea7n l\u00e0m thay \u0111\u1ed5i k\u00edch th\u01b0\u1edbc.<\/p><p data-start=\"733\" data-end=\"935\" data-is-last-node=\"\" data-is-only-node=\"\"><strong data-start=\"733\" data-end=\"753\">V\u1ec1 m\u00e0u s\u1eafc:<\/strong> M\u00e0u s\u1eafc th\u1ef1c t\u1ebf c\u1ee7a s\u1ea3n ph\u1ea9m c\u00f3 th\u1ec3 dao \u0111\u1ed9ng +\/- 10% so v\u1edbi h\u00ecnh \u1ea3nh hi\u1ec3n th\u1ecb tr\u00ean thi\u1ebft b\u1ecb \u0111i\u1ec7n t\u1eed do s\u1ef1 kh\u00e1c bi\u1ec7t v\u1ec1 \u0111i\u1ec1u ki\u1ec7n \u00e1nh s\u00e1ng. Vui l\u00f2ng li\u00ean h\u1ec7 ho\u1eb7c \u0111\u1ebfn tr\u1ef1c ti\u1ebfp Casanh\u00e0 \u0111\u1ec3 xem s\u1ea3n ph\u1ea9m th\u1ef1c t\u1ebf.<\/p>\n\t\t\t\t\t<\/div>\n\t\t\t\t\t\t<\/div>\n\t\t\t\t<\/div>\n\t\t\t\t<div class=\"elementor-element elementor-element-edcfdb2 elementor-widget elementor-widget-wd_text_block\" data-id=\"edcfdb2\" data-element_type=\"widget\" data-widget_type=\"wd_text_block.default\">\n\t\t\t\t<div class=\"elementor-widget-container\">\n\t\t\t\t\t\t\t<div class=\"wd-text-block reset-last-child text-left\">\n\t\t\t\n\t\t\t<h5><br \/><strong>T\u1ea1i sao th\u1ea3m d\u1ec7t c\u1ee7a Casanh\u00e0 t\u1ea1o n\u00ean s\u1ef1 kh\u00e1c bi\u1ec7t?<\/strong><\/h5><p>\u00a0<\/p>\n\t\t\t\t\t<\/div>\n\t\t\t\t\t\t<\/div>\n\t\t\t\t<\/div>\n\t\t\t\t<div class=\"elementor-element elementor-element-87b7af7 elementor-widget elementor-widget-image\" data-id=\"87b7af7\" data-element_type=\"widget\" data-widget_type=\"image.default\">\n\t\t\t\t<div class=\"elementor-widget-container\">\n\t\t\t\t\t\t\t\t\t\t\t\t\t\t\t<img decoding=\"async\" src=\"https:\/\/casanha-beta.s3.ap-southeast-1.amazonaws.com\/2023\/02\/ezgif.com-video-to-gif.gif\" title=\"ezgif.com-video-to-gif\" alt=\"ezgif.com-video-to-gif\" loading=\"lazy\" \/>\t\t\t\t\t\t\t\t\t\t\t\t\t\t\t<\/div>\n\t\t\t\t<\/div>\n\t\t\t\t\t<\/div>\n\t\t\t\t<\/div>\n\t\t<div class=\"wd-negative-gap elementor-element elementor-element-afa4ac9 e-grid e-con-boxed e-con e-parent\" data-id=\"afa4ac9\" data-element_type=\"container\">\n\t\t\t\t\t<div class=\"e-con-inner\">\n\t\t\t\t<div class=\"elementor-element elementor-element-61a24f3 elementor-widget elementor-widget-wd_text_block\" data-id=\"61a24f3\" data-element_type=\"widget\" data-widget_type=\"wd_text_block.default\">\n\t\t\t\t<div class=\"elementor-widget-container\">\n\t\t\t\t\t\t\t<div class=\"wd-text-block reset-last-child text-left\">\n\t\t\t\n\t\t\t<p><br \/><strong data-start=\"0\" data-end=\"25\">Nguy\u00ean li\u1ec7u b\u1ec1n v\u1eefng<br \/><\/strong><br data-start=\"25\" data-end=\"28\" \/>H\u01a1n ba th\u1eadp k\u1ef7 nghi\u00ean c\u1ee9u v\u00e0 th\u1eed nghi\u1ec7m trong l\u0129nh v\u1ef1c k\u1ef9 thu\u1eadt v\u1eadt li\u1ec7u \u0111\u00e3 cho ph\u00e9p c\u00e1c nh\u00e0 cung c\u1ea5p c\u1ee7a Casanh\u00e0 t\u1ea1o ra m\u1ed9t s\u1ed1 nguy\u00ean li\u1ec7u th\u00f4 s\u00e1ng t\u1ea1o nh\u1ea5t, bao g\u1ed3m c\u1ea3 v\u1eadt li\u1ec7u t\u00e1i ch\u1ebf t\u1eeb qu\u1ea7n jean c\u0169 ho\u1eb7c chai nh\u1ef1a.<br \/><br \/><\/p>\n\t\t\t\t\t<\/div>\n\t\t\t\t\t\t<\/div>\n\t\t\t\t<\/div>\n\t\t\t\t<div class=\"elementor-element elementor-element-8e0e948 elementor-widget elementor-widget-wd_text_block\" data-id=\"8e0e948\" data-element_type=\"widget\" data-widget_type=\"wd_text_block.default\">\n\t\t\t\t<div class=\"elementor-widget-container\">\n\t\t\t\t\t\t\t<div class=\"wd-text-block reset-last-child text-left\">\n\t\t\t\n\t\t\t<p><br \/><strong data-start=\"241\" data-end=\"265\">Quy tr\u00ecnh s\u1ea3n xu\u1ea5t th\u00e2n thi\u1ec7n v\u1edbi m\u00f4i tr\u01b0\u1eddng<br \/><\/strong><br data-start=\"265\" data-end=\"268\" \/>C\u00e1c m\u00e1y m\u00f3c s\u1eed d\u1ee5ng trong quy tr\u00ecnh s\u1ea3n xu\u1ea5t th\u1ea3m c\u00f3 th\u1ec3 tr\u00f4ng c\u1ed5 \u0111i\u1ec3n, nh\u01b0ng ho\u00e0n to\u00e0n d\u1ef1a tr\u00ean c\u00e1c nguy\u00ean l\u00fd k\u1ef9 thu\u1eadt c\u01a1 b\u1ea3n, gi\u00fap t\u1ea1o ra s\u1ea3n ph\u1ea9m b\u1ec1n ch\u1eafc trong khi ti\u00eau th\u1ee5 r\u1ea5t \u00edt n\u0103ng l\u01b0\u1ee3ng trong qu\u00e1 tr\u00ecnh s\u1ea3n xu\u1ea5t.<br \/><br \/><\/p>\n\t\t\t\t\t<\/div>\n\t\t\t\t\t\t<\/div>\n\t\t\t\t<\/div>\n\t\t\t\t<div class=\"elementor-element elementor-element-6b15d10 elementor-widget elementor-widget-wd_text_block\" data-id=\"6b15d10\" data-element_type=\"widget\" data-widget_type=\"wd_text_block.default\">\n\t\t\t\t<div class=\"elementor-widget-container\">\n\t\t\t\t\t\t\t<div class=\"wd-text-block reset-last-child text-left\">\n\t\t\t\n\t\t\t<p><br \/><strong data-start=\"464\" data-end=\"505\">Tinh hoa th\u1ee7 c\u00f4ng truy\u1ec1n th\u1ed1ng<\/strong><\/p><p>M\u1ed7i t\u1ea5m th\u1ea3m \u0111\u1ec1u \u0111\u01b0\u1ee3c t\u1ea1o ra b\u1edfi nh\u1eefng ngh\u1ec7 nh\u00e2n l\u00e0nh ngh\u1ec1, s\u1eed d\u1ee5ng k\u1ef9 thu\u1eadt th\u1ee7 c\u00f4ng truy\u1ec1n th\u1ed1ng. \u0110i\u1ec1u n\u00e0y kh\u00f4ng ch\u1ec9 gi\u1eef g\u00ecn di s\u1ea3n th\u1ee7 c\u00f4ng \u1ea4n \u0110\u1ed9 m\u00e0 c\u00f2n mang \u0111\u1ebfn s\u1ef1 \u0111\u1ed9c \u0111\u00e1o v\u00e0 gi\u00e1 tr\u1ecb ri\u00eang cho t\u1eebng s\u1ea3n ph\u1ea9m.<br \/><br \/><\/p>\n\t\t\t\t\t<\/div>\n\t\t\t\t\t\t<\/div>\n\t\t\t\t<\/div>\n\t\t\t\t\t<\/div>\n\t\t\t\t<\/div>\n\t\t<div class=\"wd-negative-gap elementor-element elementor-element-d64305d e-flex e-con-boxed e-con e-parent\" data-id=\"d64305d\" data-element_type=\"container\">\n\t\t\t\t\t<div class=\"e-con-inner\">\n\t\t\t\t<div class=\"elementor-element elementor-element-625dd0c elementor-widget elementor-widget-image\" data-id=\"625dd0c\" data-element_type=\"widget\" data-widget_type=\"image.default\">\n\t\t\t\t<div class=\"elementor-widget-container\">\n\t\t\t\t\t\t\t\t\t\t\t\t\t\t\t<img decoding=\"async\" width=\"1440\" height=\"1393\" src=\"https:\/\/casanha-beta.s3.ap-southeast-1.amazonaws.com\/2023\/02\/255296439_4635108699881079_135953726556606817_n.jpg\" class=\"attachment-full size-full wp-image-37429 wp-post-image\" alt=\"\" \/>\t\t\t\t\t\t\t\t\t\t\t\t\t\t\t<\/div>\n\t\t\t\t<\/div>\n\t\t\t\t\t<\/div>\n\t\t\t\t<\/div>\n\t\t\t\t<\/div>","protected":false},"excerpt":{"rendered":"<p>Care &amp; Maintenance &gt; Carpets WOVEN CARPETS Carpets should not be placed in areas with high humidity or where hazardous<\/p>","protected":false},"author":1846,"featured_media":0,"parent":75507,"menu_order":0,"comment_status":"closed","ping_status":"closed","template":"","meta":{"footnotes":""},"class_list":["post-100207","page","type-page","status-publish","hentry"],"yoast_head":"<!-- This site is optimized with the Yoast SEO plugin v27.1.1 - https:\/\/yoast.com\/product\/yoast-seo-wordpress\/ -->\n<title>Carpets - Care &amp; Maintenance - Casanha<\/title>\n<meta name=\"robots\" content=\"index, follow, max-snippet:-1, max-image-preview:large, max-video-preview:-1\" \/>\n<link rel=\"canonical\" href=\"https:\/\/casanha.com\/vi\/care-maintenance\/carpets\/\" \/>\n<meta property=\"og:locale\" content=\"vi_VN\" \/>\n<meta property=\"og:type\" content=\"article\" \/>\n<meta property=\"og:title\" content=\"Carpets - Care &amp; Maintenance - Casanha\" \/>\n<meta property=\"og:description\" content=\"Care &amp; Maintenance &gt; Carpets WOVEN CARPETS Carpets should not be placed in areas with high humidity or where hazardous\" \/>\n<meta property=\"og:url\" content=\"https:\/\/casanha.com\/vi\/care-maintenance\/carpets\/\" \/>\n<meta property=\"og:site_name\" content=\"Casanha\" \/>\n<meta property=\"article:publisher\" content=\"https:\/\/www.facebook.com\/CasanhaHome\" \/>\n<meta property=\"article:modified_time\" content=\"2025-06-05T08:27:45+00:00\" \/>\n<meta property=\"og:image\" content=\"https:\/\/casanha.com\/wp-content\/uploads\/2023\/01\/Hand_weaving_Yarn_Opening_1.webp\" \/>\n<meta name=\"twitter:card\" content=\"summary_large_image\" \/>\n<script type=\"application\/ld+json\" class=\"yoast-schema-graph\">{\"@context\":\"https:\/\/schema.org\",\"@graph\":[{\"@type\":\"WebPage\",\"@id\":\"https:\/\/casanha.com\/care-maintenance\/carpets\/\",\"url\":\"https:\/\/casanha.com\/care-maintenance\/carpets\/\",\"name\":\"Carpets - Care & Maintenance - Casanha\",\"isPartOf\":{\"@id\":\"https:\/\/casanha.com\/vi\/#website\"},\"primaryImageOfPage\":{\"@id\":\"https:\/\/casanha.com\/care-maintenance\/carpets\/#primaryimage\"},\"image\":{\"@id\":\"https:\/\/casanha.com\/care-maintenance\/carpets\/#primaryimage\"},\"thumbnailUrl\":\"https:\/\/casanha.com\/wp-content\/uploads\/2023\/01\/Hand_weaving_Yarn_Opening_1.webp\",\"datePublished\":\"2025-06-05T08:00:01+00:00\",\"dateModified\":\"2025-06-05T08:27:45+00:00\",\"breadcrumb\":{\"@id\":\"https:\/\/casanha.com\/care-maintenance\/carpets\/#breadcrumb\"},\"inLanguage\":\"vi\",\"potentialAction\":[{\"@type\":\"ReadAction\",\"target\":[\"https:\/\/casanha.com\/care-maintenance\/carpets\/\"]}]},{\"@type\":\"ImageObject\",\"inLanguage\":\"vi\",\"@id\":\"https:\/\/casanha.com\/care-maintenance\/carpets\/#primaryimage\",\"url\":\"https:\/\/casanha.com\/wp-content\/uploads\/2023\/01\/Hand_weaving_Yarn_Opening_1.webp\",\"contentUrl\":\"https:\/\/casanha.com\/wp-content\/uploads\/2023\/01\/Hand_weaving_Yarn_Opening_1.webp\"},{\"@type\":\"BreadcrumbList\",\"@id\":\"https:\/\/casanha.com\/care-maintenance\/carpets\/#breadcrumb\",\"itemListElement\":[{\"@type\":\"ListItem\",\"position\":1,\"name\":\"Home\",\"item\":\"https:\/\/casanha.com\/\"},{\"@type\":\"ListItem\",\"position\":2,\"name\":\"Care &amp; Maintenance\",\"item\":\"https:\/\/casanha.com\/en\/care-maintenance\/\"},{\"@type\":\"ListItem\",\"position\":3,\"name\":\"Carpets &#8211; Care &#038; Maintenance\"}]},{\"@type\":\"WebSite\",\"@id\":\"https:\/\/casanha.com\/vi\/#website\",\"url\":\"https:\/\/casanha.com\/vi\/\",\"name\":\"Casanha\",\"description\":\"Home Decor &amp; Furniture\",\"publisher\":{\"@id\":\"https:\/\/casanha.com\/vi\/#organization\"},\"potentialAction\":[{\"@type\":\"SearchAction\",\"target\":{\"@type\":\"EntryPoint\",\"urlTemplate\":\"https:\/\/casanha.com\/vi\/?s={search_term_string}\"},\"query-input\":{\"@type\":\"PropertyValueSpecification\",\"valueRequired\":true,\"valueName\":\"search_term_string\"}}],\"inLanguage\":\"vi\"},{\"@type\":\"Organization\",\"@id\":\"https:\/\/casanha.com\/vi\/#organization\",\"name\":\"Casanha\",\"url\":\"https:\/\/casanha.com\/vi\/\",\"logo\":{\"@type\":\"ImageObject\",\"inLanguage\":\"vi\",\"@id\":\"https:\/\/casanha.com\/vi\/#\/schema\/logo\/image\/\",\"url\":\"https:\/\/casanha-beta.s3.ap-southeast-1.amazonaws.com\/2026\/02\/logo-2026.jpg\",\"contentUrl\":\"https:\/\/casanha-beta.s3.ap-southeast-1.amazonaws.com\/2026\/02\/logo-2026.jpg\",\"width\":1500,\"height\":1500,\"caption\":\"Casanha\"},\"image\":{\"@id\":\"https:\/\/casanha.com\/vi\/#\/schema\/logo\/image\/\"},\"sameAs\":[\"https:\/\/www.facebook.com\/CasanhaHome\",\"https:\/\/www.instagram.com\/casanhahome\/\",\"https:\/\/www.youtube.com\/@casanha\",\"https:\/\/www.tiktok.com\/@casanha.com\",\"https:\/\/zalo.me\/casanhahome\"]}]}<\/script>\n<!-- \/ Yoast SEO plugin. -->","yoast_head_json":{"title":"Carpets - Care & Maintenance - Casanha","robots":{"index":"index","follow":"follow","max-snippet":"max-snippet:-1","max-image-preview":"max-image-preview:large","max-video-preview":"max-video-preview:-1"},"canonical":"https:\/\/casanha.com\/vi\/care-maintenance\/carpets\/","og_locale":"vi_VN","og_type":"article","og_title":"Carpets - Care & Maintenance - Casanha","og_description":"Care &amp; Maintenance &gt; Carpets WOVEN CARPETS Carpets should not be placed in areas with high humidity or where hazardous","og_url":"https:\/\/casanha.com\/vi\/care-maintenance\/carpets\/","og_site_name":"Casanha","article_publisher":"https:\/\/www.facebook.com\/CasanhaHome","article_modified_time":"2025-06-05T08:27:45+00:00","og_image":[{"url":"https:\/\/casanha.com\/wp-content\/uploads\/2023\/01\/Hand_weaving_Yarn_Opening_1.webp","type":"","width":"","height":""}],"twitter_card":"summary_large_image","schema":{"@context":"https:\/\/schema.org","@graph":[{"@type":"WebPage","@id":"https:\/\/casanha.com\/care-maintenance\/carpets\/","url":"https:\/\/casanha.com\/care-maintenance\/carpets\/","name":"Carpets - Care & Maintenance - Casanha","isPartOf":{"@id":"https:\/\/casanha.com\/vi\/#website"},"primaryImageOfPage":{"@id":"https:\/\/casanha.com\/care-maintenance\/carpets\/#primaryimage"},"image":{"@id":"https:\/\/casanha.com\/care-maintenance\/carpets\/#primaryimage"},"thumbnailUrl":"https:\/\/casanha.com\/wp-content\/uploads\/2023\/01\/Hand_weaving_Yarn_Opening_1.webp","datePublished":"2025-06-05T08:00:01+00:00","dateModified":"2025-06-05T08:27:45+00:00","breadcrumb":{"@id":"https:\/\/casanha.com\/care-maintenance\/carpets\/#breadcrumb"},"inLanguage":"vi","potentialAction":[{"@type":"ReadAction","target":["https:\/\/casanha.com\/care-maintenance\/carpets\/"]}]},{"@type":"ImageObject","inLanguage":"vi","@id":"https:\/\/casanha.com\/care-maintenance\/carpets\/#primaryimage","url":"https:\/\/casanha.com\/wp-content\/uploads\/2023\/01\/Hand_weaving_Yarn_Opening_1.webp","contentUrl":"https:\/\/casanha.com\/wp-content\/uploads\/2023\/01\/Hand_weaving_Yarn_Opening_1.webp"},{"@type":"BreadcrumbList","@id":"https:\/\/casanha.com\/care-maintenance\/carpets\/#breadcrumb","itemListElement":[{"@type":"ListItem","position":1,"name":"Home","item":"https:\/\/casanha.com\/"},{"@type":"ListItem","position":2,"name":"Care &amp; Maintenance","item":"https:\/\/casanha.com\/en\/care-maintenance\/"},{"@type":"ListItem","position":3,"name":"Carpets &#8211; Care &#038; Maintenance"}]},{"@type":"WebSite","@id":"https:\/\/casanha.com\/vi\/#website","url":"https:\/\/casanha.com\/vi\/","name":"Casanha","description":"Home Decor &amp; Furniture","publisher":{"@id":"https:\/\/casanha.com\/vi\/#organization"},"potentialAction":[{"@type":"SearchAction","target":{"@type":"EntryPoint","urlTemplate":"https:\/\/casanha.com\/vi\/?s={search_term_string}"},"query-input":{"@type":"PropertyValueSpecification","valueRequired":true,"valueName":"search_term_string"}}],"inLanguage":"vi"},{"@type":"Organization","@id":"https:\/\/casanha.com\/vi\/#organization","name":"Casanha","url":"https:\/\/casanha.com\/vi\/","logo":{"@type":"ImageObject","inLanguage":"vi","@id":"https:\/\/casanha.com\/vi\/#\/schema\/logo\/image\/","url":"https:\/\/casanha-beta.s3.ap-southeast-1.amazonaws.com\/2026\/02\/logo-2026.jpg","contentUrl":"https:\/\/casanha-beta.s3.ap-southeast-1.amazonaws.com\/2026\/02\/logo-2026.jpg","width":1500,"height":1500,"caption":"Casanha"},"image":{"@id":"https:\/\/casanha.com\/vi\/#\/schema\/logo\/image\/"},"sameAs":["https:\/\/www.facebook.com\/CasanhaHome","https:\/\/www.instagram.com\/casanhahome\/","https:\/\/www.youtube.com\/@casanha","https:\/\/www.tiktok.com\/@casanha.com","https:\/\/zalo.me\/casanhahome"]}]}},"_links":{"self":[{"href":"https:\/\/casanha.com\/vi\/wp-json\/wp\/v2\/pages\/100207","targetHints":{"allow":["GET"]}}],"collection":[{"href":"https:\/\/casanha.com\/vi\/wp-json\/wp\/v2\/pages"}],"about":[{"href":"https:\/\/casanha.com\/vi\/wp-json\/wp\/v2\/types\/page"}],"author":[{"embeddable":true,"href":"https:\/\/casanha.com\/vi\/wp-json\/wp\/v2\/users\/1846"}],"replies":[{"embeddable":true,"href":"https:\/\/casanha.com\/vi\/wp-json\/wp\/v2\/comments?post=100207"}],"version-history":[{"count":17,"href":"https:\/\/casanha.com\/vi\/wp-json\/wp\/v2\/pages\/100207\/revisions"}],"predecessor-version":[{"id":100232,"href":"https:\/\/casanha.com\/vi\/wp-json\/wp\/v2\/pages\/100207\/revisions\/100232"}],"up":[{"embeddable":true,"href":"https:\/\/casanha.com\/vi\/wp-json\/wp\/v2\/pages\/75507"}],"wp:attachment":[{"href":"https:\/\/casanha.com\/vi\/wp-json\/wp\/v2\/media?parent=100207"}],"curies":[{"name":"wp","href":"https:\/\/api.w.org\/{rel}","templated":true}]}}