{"id":100196,"date":"2025-06-05T14:41:12","date_gmt":"2025-06-05T07:41:12","guid":{"rendered":"https:\/\/casanha.com\/?page_id=100196"},"modified":"2025-06-05T14:49:54","modified_gmt":"2025-06-05T07:49:54","slug":"marble-care-maintenance","status":"publish","type":"page","link":"https:\/\/casanha.com\/vi\/care-maintenance\/marble-care-maintenance\/","title":{"rendered":"Marble &#8211; Care &#038; Maintenance"},"content":{"rendered":"<div data-elementor-type=\"wp-page\" data-elementor-id=\"100196\" class=\"elementor elementor-100196\">\n\t\t\t\t<div class=\"wd-negative-gap elementor-element elementor-element-4b72946 e-flex e-con-boxed e-con e-parent\" data-id=\"4b72946\" data-element_type=\"container\">\n\t\t\t\t\t<div class=\"e-con-inner\">\n\t\t\t\t<div class=\"elementor-element elementor-element-4b62592 elementor-widget elementor-widget-wd_text_block\" data-id=\"4b62592\" data-element_type=\"widget\" data-widget_type=\"wd_text_block.default\">\n\t\t\t\t<div class=\"elementor-widget-container\">\n\t\t\t\t\t\t\t<div class=\"wd-text-block reset-last-child text-left\">\n\t\t\t\n\t\t\t<p><a href=\"https:\/\/casanha.com\/vi\/care-maintenance\/\">Ch\u0103m s\u00f3c &amp; B\u1ea3o qu\u1ea3n<\/a> &gt; M\u1eb7t \u0111\u00e1 c\u1ea9m th\u1ea1ch<\/p><p>\u00a0<\/p>\n\t\t\t\t\t<\/div>\n\t\t\t\t\t\t<\/div>\n\t\t\t\t<\/div>\n\t\t\t\t\t<\/div>\n\t\t\t\t<\/div>\n\t\t<div class=\"wd-negative-gap elementor-element elementor-element-f622d80 e-grid e-con-boxed e-con e-parent\" data-id=\"f622d80\" data-element_type=\"container\">\n\t\t\t\t\t<div class=\"e-con-inner\">\n\t\t\t\t<div class=\"elementor-element elementor-element-1ea5ccc elementor-widget elementor-widget-wd_text_block\" data-id=\"1ea5ccc\" data-element_type=\"widget\" data-widget_type=\"wd_text_block.default\">\n\t\t\t\t<div class=\"elementor-widget-container\">\n\t\t\t\t\t\t\t<div class=\"wd-text-block reset-last-child text-left\">\n\t\t\t\n\t\t\t<p>Tr\u00e1nh \u0111\u1ec3 s\u1ea3n ph\u1ea9m ti\u1ebfp x\u00fac v\u1edbi c\u00e1c \u0111i\u1ec1u ki\u1ec7n kh\u1eafc nghi\u1ec7t: kh\u00f4ng \u0111\u1eb7t n\u1ed9i th\u1ea5t g\u1ea7n ngu\u1ed3n nhi\u1ec7t ho\u1eb7c trong c\u00e1c kh\u00f4ng gian \u0111i\u1ec1u h\u00f2a qu\u00e1 l\u1ea1nh.<br \/><br \/>\u0110\u1ec3 b\u1ea3o v\u1ec7 ch\u1ed1ng l\u1ea1i nhi\u1ec7t v\u00e0 ch\u1ea5t l\u1ecfng, h\u00e3y s\u1eed d\u1ee5ng kh\u0103n tr\u1ea3i b\u00e0n v\u00e0 \u0111\u1ebf l\u00f3t ly.<br \/><br \/>\u0110\u1ec3 ch\u0103m s\u00f3c h\u00e0ng ng\u00e0y, lau b\u1ec1 m\u1eb7t b\u1eb1ng kh\u0103n m\u1ec1m, h\u01a1i \u1ea9m.<br \/><br \/>L\u1edbp ph\u1ee7 \u0111\u01b0\u1ee3c \u00e1p d\u1ee5ng l\u00ean b\u1ec1 m\u1eb7t \u0111\u00e1 gi\u00fap d\u1ec5 d\u00e0ng v\u1ec7 sinh c\u00e1c s\u1ea3n ph\u1ea9m b\u1eb1ng \u0111\u00e1 h\u01a1n. Tuy nhi\u00ean, n\u1ebfu c\u00e1c ch\u1ea5t l\u1ecfng nh\u01b0 c\u00e0 ph\u00ea ho\u1eb7c n\u01b0\u1edbc tr\u00e1i c\u00e2y \u0111\u1ed5 l\u00ean b\u1ec1 m\u1eb7t \u0111\u00e1, c\u00f3 th\u1ec3 g\u00e2y ra v\u1ebft \u1ed1 v\u0129nh vi\u1ec5n n\u1ebfu kh\u00f4ng \u0111\u01b0\u1ee3c l\u00e0m s\u1ea1ch k\u1ecbp th\u1eddi. Ngay l\u1eadp t\u1ee9c s\u1eed d\u1ee5ng kh\u0103n kh\u00f4 \u0111\u1ec3 th\u1ea5m ch\u1ea5t l\u1ecfng.<br \/><br \/>\u0110\u1ec3 lo\u1ea1i b\u1ecf v\u1ebft b\u1ea9n c\u1ee9ng \u0111\u1ea7u, h\u00e3y s\u1eed d\u1ee5ng ch\u1ea5t t\u1ea9y r\u1eeda nh\u1eb9 pha lo\u00e3ng v\u1edbi n\u01b0\u1edbc. Nh\u1eb9 nh\u00e0ng lau s\u1ea1ch v\u1ebft \u1ed1 b\u1eb1ng kh\u0103n kh\u00f4.<\/p>\n\t\t\t\t\t<\/div>\n\t\t\t\t\t\t<\/div>\n\t\t\t\t<\/div>\n\t\t\t\t<div class=\"elementor-element elementor-element-57f9257 elementor-widget elementor-widget-wd_text_block\" data-id=\"57f9257\" data-element_type=\"widget\" data-widget_type=\"wd_text_block.default\">\n\t\t\t\t<div class=\"elementor-widget-container\">\n\t\t\t\t\t\t\t<div class=\"wd-text-block reset-last-child text-left\">\n\t\t\t\n\t\t\t\n\t\t\t\t\t<\/div>\n\t\t\t\t\t\t<\/div>\n\t\t\t\t<\/div>\n\t\t\t\t<div class=\"elementor-element elementor-element-b1abc3f elementor-widget elementor-widget-wd_text_block\" data-id=\"b1abc3f\" data-element_type=\"widget\" data-widget_type=\"wd_text_block.default\">\n\t\t\t\t<div class=\"elementor-widget-container\">\n\t\t\t\t\t\t\t<div class=\"wd-text-block reset-last-child text-left\">\n\t\t\t\n\t\t\t\n\t\t\t\t\t<\/div>\n\t\t\t\t\t\t<\/div>\n\t\t\t\t<\/div>\n\t\t\t\t\t<\/div>\n\t\t\t\t<\/div>\n\t\t\t\t<\/div>","protected":false},"excerpt":{"rendered":"<p>Care &amp; Maintenance &gt; Marble \u00a0 Avoid exposure to extreme conditions: do not place furniture near heat sources or in<\/p>","protected":false},"author":1846,"featured_media":0,"parent":75507,"menu_order":0,"comment_status":"closed","ping_status":"closed","template":"","meta":{"footnotes":""},"class_list":["post-100196","page","type-page","status-publish","hentry"],"yoast_head":"<!-- This site is optimized with the Yoast SEO plugin v27.1.1 - https:\/\/yoast.com\/product\/yoast-seo-wordpress\/ -->\n<title>Marble - Care &amp; Maintenance - Casanha<\/title>\n<meta name=\"robots\" content=\"index, follow, max-snippet:-1, max-image-preview:large, max-video-preview:-1\" \/>\n<link rel=\"canonical\" href=\"https:\/\/casanha.com\/vi\/care-maintenance\/marble-care-maintenance\/\" \/>\n<meta property=\"og:locale\" content=\"vi_VN\" \/>\n<meta property=\"og:type\" content=\"article\" \/>\n<meta property=\"og:title\" content=\"Marble - Care &amp; Maintenance - Casanha\" \/>\n<meta property=\"og:description\" content=\"Care &amp; Maintenance &gt; Marble \u00a0 Avoid exposure to extreme conditions: do not place furniture near heat sources or in\" \/>\n<meta property=\"og:url\" content=\"https:\/\/casanha.com\/vi\/care-maintenance\/marble-care-maintenance\/\" \/>\n<meta property=\"og:site_name\" content=\"Casanha\" \/>\n<meta property=\"article:publisher\" content=\"https:\/\/www.facebook.com\/CasanhaHome\" \/>\n<meta property=\"article:modified_time\" content=\"2025-06-05T07:49:54+00:00\" \/>\n<meta name=\"twitter:card\" content=\"summary_large_image\" \/>\n<script type=\"application\/ld+json\" class=\"yoast-schema-graph\">{\"@context\":\"https:\/\/schema.org\",\"@graph\":[{\"@type\":\"WebPage\",\"@id\":\"https:\/\/casanha.com\/care-maintenance\/marble-care-maintenance\/\",\"url\":\"https:\/\/casanha.com\/care-maintenance\/marble-care-maintenance\/\",\"name\":\"Marble - Care & Maintenance - Casanha\",\"isPartOf\":{\"@id\":\"https:\/\/casanha.com\/vi\/#website\"},\"datePublished\":\"2025-06-05T07:41:12+00:00\",\"dateModified\":\"2025-06-05T07:49:54+00:00\",\"breadcrumb\":{\"@id\":\"https:\/\/casanha.com\/care-maintenance\/marble-care-maintenance\/#breadcrumb\"},\"inLanguage\":\"vi\",\"potentialAction\":[{\"@type\":\"ReadAction\",\"target\":[\"https:\/\/casanha.com\/care-maintenance\/marble-care-maintenance\/\"]}]},{\"@type\":\"BreadcrumbList\",\"@id\":\"https:\/\/casanha.com\/care-maintenance\/marble-care-maintenance\/#breadcrumb\",\"itemListElement\":[{\"@type\":\"ListItem\",\"position\":1,\"name\":\"Home\",\"item\":\"https:\/\/casanha.com\/\"},{\"@type\":\"ListItem\",\"position\":2,\"name\":\"Care &amp; Maintenance\",\"item\":\"https:\/\/casanha.com\/en\/care-maintenance\/\"},{\"@type\":\"ListItem\",\"position\":3,\"name\":\"Marble &#8211; Care &#038; Maintenance\"}]},{\"@type\":\"WebSite\",\"@id\":\"https:\/\/casanha.com\/vi\/#website\",\"url\":\"https:\/\/casanha.com\/vi\/\",\"name\":\"Casanha\",\"description\":\"Home Decor &amp; Furniture\",\"publisher\":{\"@id\":\"https:\/\/casanha.com\/vi\/#organization\"},\"potentialAction\":[{\"@type\":\"SearchAction\",\"target\":{\"@type\":\"EntryPoint\",\"urlTemplate\":\"https:\/\/casanha.com\/vi\/?s={search_term_string}\"},\"query-input\":{\"@type\":\"PropertyValueSpecification\",\"valueRequired\":true,\"valueName\":\"search_term_string\"}}],\"inLanguage\":\"vi\"},{\"@type\":\"Organization\",\"@id\":\"https:\/\/casanha.com\/vi\/#organization\",\"name\":\"Casanha\",\"url\":\"https:\/\/casanha.com\/vi\/\",\"logo\":{\"@type\":\"ImageObject\",\"inLanguage\":\"vi\",\"@id\":\"https:\/\/casanha.com\/vi\/#\/schema\/logo\/image\/\",\"url\":\"https:\/\/casanha-beta.s3.ap-southeast-1.amazonaws.com\/2026\/02\/logo-2026.jpg\",\"contentUrl\":\"https:\/\/casanha-beta.s3.ap-southeast-1.amazonaws.com\/2026\/02\/logo-2026.jpg\",\"width\":1500,\"height\":1500,\"caption\":\"Casanha\"},\"image\":{\"@id\":\"https:\/\/casanha.com\/vi\/#\/schema\/logo\/image\/\"},\"sameAs\":[\"https:\/\/www.facebook.com\/CasanhaHome\",\"https:\/\/www.instagram.com\/casanhahome\/\",\"https:\/\/www.youtube.com\/@casanha\",\"https:\/\/www.tiktok.com\/@casanha.com\",\"https:\/\/zalo.me\/casanhahome\"]}]}<\/script>\n<!-- \/ Yoast SEO plugin. -->","yoast_head_json":{"title":"Marble - Care & Maintenance - Casanha","robots":{"index":"index","follow":"follow","max-snippet":"max-snippet:-1","max-image-preview":"max-image-preview:large","max-video-preview":"max-video-preview:-1"},"canonical":"https:\/\/casanha.com\/vi\/care-maintenance\/marble-care-maintenance\/","og_locale":"vi_VN","og_type":"article","og_title":"Marble - Care & Maintenance - Casanha","og_description":"Care &amp; Maintenance &gt; Marble \u00a0 Avoid exposure to extreme conditions: do not place furniture near heat sources or in","og_url":"https:\/\/casanha.com\/vi\/care-maintenance\/marble-care-maintenance\/","og_site_name":"Casanha","article_publisher":"https:\/\/www.facebook.com\/CasanhaHome","article_modified_time":"2025-06-05T07:49:54+00:00","twitter_card":"summary_large_image","schema":{"@context":"https:\/\/schema.org","@graph":[{"@type":"WebPage","@id":"https:\/\/casanha.com\/care-maintenance\/marble-care-maintenance\/","url":"https:\/\/casanha.com\/care-maintenance\/marble-care-maintenance\/","name":"Marble - Care & Maintenance - Casanha","isPartOf":{"@id":"https:\/\/casanha.com\/vi\/#website"},"datePublished":"2025-06-05T07:41:12+00:00","dateModified":"2025-06-05T07:49:54+00:00","breadcrumb":{"@id":"https:\/\/casanha.com\/care-maintenance\/marble-care-maintenance\/#breadcrumb"},"inLanguage":"vi","potentialAction":[{"@type":"ReadAction","target":["https:\/\/casanha.com\/care-maintenance\/marble-care-maintenance\/"]}]},{"@type":"BreadcrumbList","@id":"https:\/\/casanha.com\/care-maintenance\/marble-care-maintenance\/#breadcrumb","itemListElement":[{"@type":"ListItem","position":1,"name":"Home","item":"https:\/\/casanha.com\/"},{"@type":"ListItem","position":2,"name":"Care &amp; Maintenance","item":"https:\/\/casanha.com\/en\/care-maintenance\/"},{"@type":"ListItem","position":3,"name":"Marble &#8211; Care &#038; Maintenance"}]},{"@type":"WebSite","@id":"https:\/\/casanha.com\/vi\/#website","url":"https:\/\/casanha.com\/vi\/","name":"Casanha","description":"Home Decor &amp; Furniture","publisher":{"@id":"https:\/\/casanha.com\/vi\/#organization"},"potentialAction":[{"@type":"SearchAction","target":{"@type":"EntryPoint","urlTemplate":"https:\/\/casanha.com\/vi\/?s={search_term_string}"},"query-input":{"@type":"PropertyValueSpecification","valueRequired":true,"valueName":"search_term_string"}}],"inLanguage":"vi"},{"@type":"Organization","@id":"https:\/\/casanha.com\/vi\/#organization","name":"Casanha","url":"https:\/\/casanha.com\/vi\/","logo":{"@type":"ImageObject","inLanguage":"vi","@id":"https:\/\/casanha.com\/vi\/#\/schema\/logo\/image\/","url":"https:\/\/casanha-beta.s3.ap-southeast-1.amazonaws.com\/2026\/02\/logo-2026.jpg","contentUrl":"https:\/\/casanha-beta.s3.ap-southeast-1.amazonaws.com\/2026\/02\/logo-2026.jpg","width":1500,"height":1500,"caption":"Casanha"},"image":{"@id":"https:\/\/casanha.com\/vi\/#\/schema\/logo\/image\/"},"sameAs":["https:\/\/www.facebook.com\/CasanhaHome","https:\/\/www.instagram.com\/casanhahome\/","https:\/\/www.youtube.com\/@casanha","https:\/\/www.tiktok.com\/@casanha.com","https:\/\/zalo.me\/casanhahome"]}]}},"_links":{"self":[{"href":"https:\/\/casanha.com\/vi\/wp-json\/wp\/v2\/pages\/100196","targetHints":{"allow":["GET"]}}],"collection":[{"href":"https:\/\/casanha.com\/vi\/wp-json\/wp\/v2\/pages"}],"about":[{"href":"https:\/\/casanha.com\/vi\/wp-json\/wp\/v2\/types\/page"}],"author":[{"embeddable":true,"href":"https:\/\/casanha.com\/vi\/wp-json\/wp\/v2\/users\/1846"}],"replies":[{"embeddable":true,"href":"https:\/\/casanha.com\/vi\/wp-json\/wp\/v2\/comments?post=100196"}],"version-history":[{"count":5,"href":"https:\/\/casanha.com\/vi\/wp-json\/wp\/v2\/pages\/100196\/revisions"}],"predecessor-version":[{"id":100201,"href":"https:\/\/casanha.com\/vi\/wp-json\/wp\/v2\/pages\/100196\/revisions\/100201"}],"up":[{"embeddable":true,"href":"https:\/\/casanha.com\/vi\/wp-json\/wp\/v2\/pages\/75507"}],"wp:attachment":[{"href":"https:\/\/casanha.com\/vi\/wp-json\/wp\/v2\/media?parent=100196"}],"curies":[{"name":"wp","href":"https:\/\/api.w.org\/{rel}","templated":true}]}}