{"id":78663,"date":"2025-04-08T12:34:38","date_gmt":"2025-04-08T05:34:38","guid":{"rendered":"https:\/\/casanha.com\/product\/white-roses-cay-nhan-tao\/"},"modified":"2026-04-14T11:25:30","modified_gmt":"2026-04-14T04:25:30","slug":"white-roses-cay-nhan-tao","status":"publish","type":"product","link":"https:\/\/casanha.com\/en\/product\/white-roses-cay-nhan-tao\/","title":{"rendered":"WHITE ROSES &#8211; C\u00c2Y NH\u00c2N T\u1ea0O"},"content":{"rendered":"<p>B\u00f3 7 b\u00f4ng h\u1ed3ng nh\u00e2n t\u1ea1o, H30 cm bao g\u1ed3m b\u1ea3y b\u00f4ng h\u1ed3ng v\u1edbi l\u00e1 v\u00e0 th\u00e2n tr\u00f4ng nh\u01b0 th\u1eadt. \u0110\u1eb7t n\u00f3 v\u00e0o m\u1ed9t chi\u1ebfc b\u00ecnh th\u1ee7y tinh xinh x\u1eafn m\u00e0 b\u1ea1n ch\u1ecdn \u0111\u1ec3 ngay l\u1eadp t\u1ee9c l\u00e0m b\u1eebng s\u00e1ng ph\u00f2ng kh\u00e1ch. \u0110\u1ec3 duy tr\u00ec nh\u1eefng b\u00f4ng hoa, ch\u1ec9 c\u1ea7n m\u1ed9t t\u1ea5m v\u1ea3i th\u1ed5i nh\u1eb9 l\u00e0 \u0111\u1ee7.<\/p>\n<p>The Bouquet of 7 artificial roses, H30 cm is composed of seven roses with realistic looking leaves and stems. Place it in a pretty glass vase of your choice to instantly brighten up a living room. To maintain the flowers, a simple blow of cloth is enough.<\/p>\n","protected":false},"excerpt":{"rendered":"<div class=\"kv-card\">\n<div class=\"kv-card-body\">\n<div class=\"text-desciption ng-binding\"><strong><span lang=\"EN-US\">Th\u00f4ng tin s\u1ea3n ph\u1ea9m\/\u00a0<em>Product information<\/em><\/span><\/strong><span lang=\"EN-US\">M\u00e0u s\u1eafc\/\u00a0<em>Color:\u00a0<\/em>Xanh l\u00e1 &amp;\u00a0<\/span><span lang=\"VI\">tr\u1eafng<\/span><span lang=\"EN-US\">\/\u00a0<em>Green &amp; white<br \/>\n<\/em><\/span><span lang=\"EN-US\">Ch\u1ea5t li\u1ec7u\/\u00a0<em>Materials<\/em>:\u00a0<\/span>PVC, polyethylene, s\u1eaft &amp; polyester\/\u00a0<em>PVC, polyethylene, iron &amp; polyester<br \/>\n<\/em>K\u00edch th\u01b0\u1edbc\/\u00a0<em>Dimensions<\/em>: W20 x D20 x H31cm<br \/>\nLo\u1ea1i c\u00e2y\/ Plant type\u00a0:\u00a0Hoa h\u1ed3ng\/<em>\u00a0Roses<\/em><span lang=\"EN-US\">B\u1ed9 s\u01b0u t\u1eadp\/\u00a0<em>Collection<\/em>: Kh\u00f4ng c\u00f3\/<em>\u00a0None<br \/>\n<\/em><\/span><span lang=\"EN-US\">Phong c\u00e1ch\/\u00a0<em>Style<\/em>: Casanh\u00e0<\/span><\/p>\n<p>C\u00e2n n\u1eb7ng\/\u00a0<em>Weight<\/em>: 0.06kg<br \/>\n<span lang=\"EN-US\">Bao b\u00ec\/\u00a0<em>Packaging<\/em>: Standard<\/span><\/p>\n<p><span lang=\"EN-US\">N\u01b0\u1edbc xu\u1ea5t x\u1ee9\/\u00a0<em>Country of origin<\/em>:\u00a0<\/span><span lang=\"VI\">Trung Qu\u1ed1c\/\u00a0<\/span><em><span lang=\"EN-US\">China<\/span><\/em><\/p>\n<\/div>\n<\/div>\n<\/div>\n<div class=\"kv-card\">\n<div class=\"kv-card-header\"><\/div>\n<\/div>\n","protected":false},"featured_media":85908,"comment_status":"open","ping_status":"closed","template":"","meta":[],"product_brand":[17],"product_cat":[3056,3068,3048,2562],"product_tag":[],"class_list":{"0":"post-78663","1":"product","2":"type-product","3":"status-publish","4":"has-post-thumbnail","6":"product_brand-casanha","7":"product_cat-goldinosa","8":"product_cat-jardin-dantan","9":"product_cat-monolith-arcs","10":"product_cat-stems-bouquets","11":"product_shipping_class-normal-items","13":"first","14":"instock","15":"shipping-taxable","16":"purchasable","17":"product-type-simple"},"yoast_head":"<!-- This site is optimized with the Yoast SEO plugin v27.1.1 - https:\/\/yoast.com\/product\/yoast-seo-wordpress\/ -->\n<title>WHITE ROSES - C\u00c2Y NH\u00c2N T\u1ea0O - Casanha<\/title>\n<meta name=\"robots\" content=\"index, follow, max-snippet:-1, max-image-preview:large, max-video-preview:-1\" \/>\n<link rel=\"canonical\" href=\"https:\/\/casanha.com\/en\/product\/white-roses-cay-nhan-tao\/\" \/>\n<meta property=\"og:locale\" content=\"en_US\" \/>\n<meta property=\"og:type\" content=\"article\" \/>\n<meta property=\"og:title\" content=\"WHITE ROSES - C\u00c2Y NH\u00c2N T\u1ea0O - Casanha\" \/>\n<meta property=\"og:description\" content=\"Th\u00f4ng tin s\u1ea3n ph\u1ea9m\/\u00a0Product informationM\u00e0u s\u1eafc\/\u00a0Color:\u00a0Xanh l\u00e1 &amp;\u00a0tr\u1eafng\/\u00a0Green &amp; white Ch\u1ea5t li\u1ec7u\/\u00a0Materials:\u00a0PVC, polyethylene, s\u1eaft &amp; polyester\/\u00a0PVC, polyethylene, iron &amp; polyester K\u00edch th\u01b0\u1edbc\/\u00a0Dimensions: W20 x D20 x H31cm Lo\u1ea1i c\u00e2y\/ Plant type\u00a0:\u00a0Hoa h\u1ed3ng\/\u00a0RosesB\u1ed9 s\u01b0u t\u1eadp\/\u00a0Collection: Kh\u00f4ng c\u00f3\/\u00a0None Phong c\u00e1ch\/\u00a0Style: Casanh\u00e0  C\u00e2n n\u1eb7ng\/\u00a0Weight: 0.06kg Bao b\u00ec\/\u00a0Packaging: Standard  N\u01b0\u1edbc xu\u1ea5t x\u1ee9\/\u00a0Country of origin:\u00a0Trung Qu\u1ed1c\/\u00a0China\" \/>\n<meta property=\"og:url\" content=\"https:\/\/casanha.com\/en\/product\/white-roses-cay-nhan-tao\/\" \/>\n<meta property=\"og:site_name\" content=\"Casanha\" \/>\n<meta property=\"article:publisher\" content=\"https:\/\/www.facebook.com\/CasanhaHome\" \/>\n<meta property=\"article:modified_time\" content=\"2026-04-14T04:25:30+00:00\" \/>\n<meta property=\"og:image\" content=\"https:\/\/casanha-beta.s3.ap-southeast-1.amazonaws.com\/2024\/11\/WHITE-ROSES-CAY-NHAN-TAO.png\" \/>\n\t<meta property=\"og:image:width\" content=\"1080\" \/>\n\t<meta property=\"og:image:height\" content=\"1350\" \/>\n\t<meta property=\"og:image:type\" content=\"image\/png\" \/>\n<meta name=\"twitter:card\" content=\"summary_large_image\" \/>\n<script type=\"application\/ld+json\" class=\"yoast-schema-graph\">{\"@context\":\"https:\/\/schema.org\",\"@graph\":[{\"@type\":\"WebPage\",\"@id\":\"https:\/\/casanha.com\/product\/white-roses-cay-nhan-tao\/\",\"url\":\"https:\/\/casanha.com\/product\/white-roses-cay-nhan-tao\/\",\"name\":\"WHITE ROSES - C\u00c2Y NH\u00c2N T\u1ea0O - Casanha\",\"isPartOf\":{\"@id\":\"https:\/\/casanha.com\/vi\/#website\"},\"primaryImageOfPage\":{\"@id\":\"https:\/\/casanha.com\/product\/white-roses-cay-nhan-tao\/#primaryimage\"},\"image\":{\"@id\":\"https:\/\/casanha.com\/product\/white-roses-cay-nhan-tao\/#primaryimage\"},\"thumbnailUrl\":\"https:\/\/casanha-beta.s3.ap-southeast-1.amazonaws.com\/2024\/11\/WHITE-ROSES-CAY-NHAN-TAO.png\",\"datePublished\":\"2025-04-08T05:34:38+00:00\",\"dateModified\":\"2026-04-14T04:25:30+00:00\",\"breadcrumb\":{\"@id\":\"https:\/\/casanha.com\/product\/white-roses-cay-nhan-tao\/#breadcrumb\"},\"inLanguage\":\"en-US\",\"potentialAction\":[{\"@type\":\"ReadAction\",\"target\":[\"https:\/\/casanha.com\/product\/white-roses-cay-nhan-tao\/\"]}]},{\"@type\":\"ImageObject\",\"inLanguage\":\"en-US\",\"@id\":\"https:\/\/casanha.com\/product\/white-roses-cay-nhan-tao\/#primaryimage\",\"url\":\"https:\/\/casanha-beta.s3.ap-southeast-1.amazonaws.com\/2024\/11\/WHITE-ROSES-CAY-NHAN-TAO.png\",\"contentUrl\":\"https:\/\/casanha-beta.s3.ap-southeast-1.amazonaws.com\/2024\/11\/WHITE-ROSES-CAY-NHAN-TAO.png\",\"width\":1080,\"height\":1350},{\"@type\":\"BreadcrumbList\",\"@id\":\"https:\/\/casanha.com\/product\/white-roses-cay-nhan-tao\/#breadcrumb\",\"itemListElement\":[{\"@type\":\"ListItem\",\"position\":1,\"name\":\"Home\",\"item\":\"https:\/\/casanha.com\/\"},{\"@type\":\"ListItem\",\"position\":2,\"name\":\"C\u1eeda h\u00e0ng\",\"item\":\"https:\/\/casanha.com\/vi\/cua-hang\/\"},{\"@type\":\"ListItem\",\"position\":3,\"name\":\"WHITE ROSES &#8211; C\u00c2Y NH\u00c2N T\u1ea0O\"}]},{\"@type\":\"WebSite\",\"@id\":\"https:\/\/casanha.com\/vi\/#website\",\"url\":\"https:\/\/casanha.com\/vi\/\",\"name\":\"Casanha\",\"description\":\"Home Decor &amp; Furniture\",\"publisher\":{\"@id\":\"https:\/\/casanha.com\/vi\/#organization\"},\"potentialAction\":[{\"@type\":\"SearchAction\",\"target\":{\"@type\":\"EntryPoint\",\"urlTemplate\":\"https:\/\/casanha.com\/vi\/?s={search_term_string}\"},\"query-input\":{\"@type\":\"PropertyValueSpecification\",\"valueRequired\":true,\"valueName\":\"search_term_string\"}}],\"inLanguage\":\"en-US\"},{\"@type\":\"Organization\",\"@id\":\"https:\/\/casanha.com\/vi\/#organization\",\"name\":\"Casanha\",\"url\":\"https:\/\/casanha.com\/vi\/\",\"logo\":{\"@type\":\"ImageObject\",\"inLanguage\":\"en-US\",\"@id\":\"https:\/\/casanha.com\/vi\/#\/schema\/logo\/image\/\",\"url\":\"https:\/\/casanha-beta.s3.ap-southeast-1.amazonaws.com\/2026\/02\/logo-2026.jpg\",\"contentUrl\":\"https:\/\/casanha-beta.s3.ap-southeast-1.amazonaws.com\/2026\/02\/logo-2026.jpg\",\"width\":1500,\"height\":1500,\"caption\":\"Casanha\"},\"image\":{\"@id\":\"https:\/\/casanha.com\/vi\/#\/schema\/logo\/image\/\"},\"sameAs\":[\"https:\/\/www.facebook.com\/CasanhaHome\",\"https:\/\/www.instagram.com\/casanhahome\/\",\"https:\/\/www.youtube.com\/@casanha\",\"https:\/\/www.tiktok.com\/@casanha.com\",\"https:\/\/zalo.me\/casanhahome\"]}]}<\/script>\n<!-- \/ Yoast SEO plugin. -->","yoast_head_json":{"title":"WHITE ROSES - C\u00c2Y NH\u00c2N T\u1ea0O - Casanha","robots":{"index":"index","follow":"follow","max-snippet":"max-snippet:-1","max-image-preview":"max-image-preview:large","max-video-preview":"max-video-preview:-1"},"canonical":"https:\/\/casanha.com\/en\/product\/white-roses-cay-nhan-tao\/","og_locale":"en_US","og_type":"article","og_title":"WHITE ROSES - C\u00c2Y NH\u00c2N T\u1ea0O - Casanha","og_description":"Th\u00f4ng tin s\u1ea3n ph\u1ea9m\/\u00a0Product informationM\u00e0u s\u1eafc\/\u00a0Color:\u00a0Xanh l\u00e1 &amp;\u00a0tr\u1eafng\/\u00a0Green &amp; white Ch\u1ea5t li\u1ec7u\/\u00a0Materials:\u00a0PVC, polyethylene, s\u1eaft &amp; polyester\/\u00a0PVC, polyethylene, iron &amp; polyester K\u00edch th\u01b0\u1edbc\/\u00a0Dimensions: W20 x D20 x H31cm Lo\u1ea1i c\u00e2y\/ Plant type\u00a0:\u00a0Hoa h\u1ed3ng\/\u00a0RosesB\u1ed9 s\u01b0u t\u1eadp\/\u00a0Collection: Kh\u00f4ng c\u00f3\/\u00a0None Phong c\u00e1ch\/\u00a0Style: Casanh\u00e0  C\u00e2n n\u1eb7ng\/\u00a0Weight: 0.06kg Bao b\u00ec\/\u00a0Packaging: Standard  N\u01b0\u1edbc xu\u1ea5t x\u1ee9\/\u00a0Country of origin:\u00a0Trung Qu\u1ed1c\/\u00a0China","og_url":"https:\/\/casanha.com\/en\/product\/white-roses-cay-nhan-tao\/","og_site_name":"Casanha","article_publisher":"https:\/\/www.facebook.com\/CasanhaHome","article_modified_time":"2026-04-14T04:25:30+00:00","og_image":[{"width":1080,"height":1350,"url":"https:\/\/casanha-beta.s3.ap-southeast-1.amazonaws.com\/2024\/11\/WHITE-ROSES-CAY-NHAN-TAO.png","type":"image\/png"}],"twitter_card":"summary_large_image","schema":{"@context":"https:\/\/schema.org","@graph":[{"@type":"WebPage","@id":"https:\/\/casanha.com\/product\/white-roses-cay-nhan-tao\/","url":"https:\/\/casanha.com\/product\/white-roses-cay-nhan-tao\/","name":"WHITE ROSES - C\u00c2Y NH\u00c2N T\u1ea0O - Casanha","isPartOf":{"@id":"https:\/\/casanha.com\/vi\/#website"},"primaryImageOfPage":{"@id":"https:\/\/casanha.com\/product\/white-roses-cay-nhan-tao\/#primaryimage"},"image":{"@id":"https:\/\/casanha.com\/product\/white-roses-cay-nhan-tao\/#primaryimage"},"thumbnailUrl":"https:\/\/casanha-beta.s3.ap-southeast-1.amazonaws.com\/2024\/11\/WHITE-ROSES-CAY-NHAN-TAO.png","datePublished":"2025-04-08T05:34:38+00:00","dateModified":"2026-04-14T04:25:30+00:00","breadcrumb":{"@id":"https:\/\/casanha.com\/product\/white-roses-cay-nhan-tao\/#breadcrumb"},"inLanguage":"en-US","potentialAction":[{"@type":"ReadAction","target":["https:\/\/casanha.com\/product\/white-roses-cay-nhan-tao\/"]}]},{"@type":"ImageObject","inLanguage":"en-US","@id":"https:\/\/casanha.com\/product\/white-roses-cay-nhan-tao\/#primaryimage","url":"https:\/\/casanha-beta.s3.ap-southeast-1.amazonaws.com\/2024\/11\/WHITE-ROSES-CAY-NHAN-TAO.png","contentUrl":"https:\/\/casanha-beta.s3.ap-southeast-1.amazonaws.com\/2024\/11\/WHITE-ROSES-CAY-NHAN-TAO.png","width":1080,"height":1350},{"@type":"BreadcrumbList","@id":"https:\/\/casanha.com\/product\/white-roses-cay-nhan-tao\/#breadcrumb","itemListElement":[{"@type":"ListItem","position":1,"name":"Home","item":"https:\/\/casanha.com\/"},{"@type":"ListItem","position":2,"name":"C\u1eeda h\u00e0ng","item":"https:\/\/casanha.com\/vi\/cua-hang\/"},{"@type":"ListItem","position":3,"name":"WHITE ROSES &#8211; C\u00c2Y NH\u00c2N T\u1ea0O"}]},{"@type":"WebSite","@id":"https:\/\/casanha.com\/vi\/#website","url":"https:\/\/casanha.com\/vi\/","name":"Casanha","description":"Home Decor &amp; Furniture","publisher":{"@id":"https:\/\/casanha.com\/vi\/#organization"},"potentialAction":[{"@type":"SearchAction","target":{"@type":"EntryPoint","urlTemplate":"https:\/\/casanha.com\/vi\/?s={search_term_string}"},"query-input":{"@type":"PropertyValueSpecification","valueRequired":true,"valueName":"search_term_string"}}],"inLanguage":"en-US"},{"@type":"Organization","@id":"https:\/\/casanha.com\/vi\/#organization","name":"Casanha","url":"https:\/\/casanha.com\/vi\/","logo":{"@type":"ImageObject","inLanguage":"en-US","@id":"https:\/\/casanha.com\/vi\/#\/schema\/logo\/image\/","url":"https:\/\/casanha-beta.s3.ap-southeast-1.amazonaws.com\/2026\/02\/logo-2026.jpg","contentUrl":"https:\/\/casanha-beta.s3.ap-southeast-1.amazonaws.com\/2026\/02\/logo-2026.jpg","width":1500,"height":1500,"caption":"Casanha"},"image":{"@id":"https:\/\/casanha.com\/vi\/#\/schema\/logo\/image\/"},"sameAs":["https:\/\/www.facebook.com\/CasanhaHome","https:\/\/www.instagram.com\/casanhahome\/","https:\/\/www.youtube.com\/@casanha","https:\/\/www.tiktok.com\/@casanha.com","https:\/\/zalo.me\/casanhahome"]}]}},"_links":{"self":[{"href":"https:\/\/casanha.com\/en\/wp-json\/wp\/v2\/product\/78663","targetHints":{"allow":["GET"]}}],"collection":[{"href":"https:\/\/casanha.com\/en\/wp-json\/wp\/v2\/product"}],"about":[{"href":"https:\/\/casanha.com\/en\/wp-json\/wp\/v2\/types\/product"}],"replies":[{"embeddable":true,"href":"https:\/\/casanha.com\/en\/wp-json\/wp\/v2\/comments?post=78663"}],"version-history":[{"count":5,"href":"https:\/\/casanha.com\/en\/wp-json\/wp\/v2\/product\/78663\/revisions"}],"predecessor-version":[{"id":113217,"href":"https:\/\/casanha.com\/en\/wp-json\/wp\/v2\/product\/78663\/revisions\/113217"}],"wp:featuredmedia":[{"embeddable":true,"href":"https:\/\/casanha.com\/en\/wp-json\/wp\/v2\/media\/85908"}],"wp:attachment":[{"href":"https:\/\/casanha.com\/en\/wp-json\/wp\/v2\/media?parent=78663"}],"wp:term":[{"taxonomy":"product_brand","embeddable":true,"href":"https:\/\/casanha.com\/en\/wp-json\/wp\/v2\/product_brand?post=78663"},{"taxonomy":"product_cat","embeddable":true,"href":"https:\/\/casanha.com\/en\/wp-json\/wp\/v2\/product_cat?post=78663"},{"taxonomy":"product_tag","embeddable":true,"href":"https:\/\/casanha.com\/en\/wp-json\/wp\/v2\/product_tag?post=78663"}],"curies":[{"name":"wp","href":"https:\/\/api.w.org\/{rel}","templated":true}]}}