{"id":74733,"date":"2025-03-25T10:33:11","date_gmt":"2025-03-25T03:33:11","guid":{"rendered":"https:\/\/casanha.com\/product\/intimu-ambre-intime-tinh-dau-khuech-tan\/"},"modified":"2026-04-15T10:34:14","modified_gmt":"2026-04-15T03:34:14","slug":"intimu-ambre-intime-tinh-dau-khuech-tan","status":"publish","type":"product","link":"https:\/\/casanha.com\/en\/product\/intimu-ambre-intime-tinh-dau-khuech-tan\/","title":{"rendered":"INTIMU &#8220;AMBRE INTIME&#8221; &#8211; TINH D\u1ea6U KHU\u1ebeCH T\u00c1N"},"content":{"rendered":"","protected":false},"excerpt":{"rendered":"<p data-start=\"0\" data-end=\"134\">Kh\u00e1m ph\u00e1 s\u1ee9c quy\u1ebfn r\u0169 \u0111\u1ea7y m\u00ea ho\u1eb7c c\u1ee7a <strong data-start=\"38\" data-end=\"54\">Ambre Intime<\/strong>, m\u1ed9t h\u01b0\u01a1ng th\u01a1m ph\u01b0\u01a1ng \u0110\u00f4ng \u0111\u1ea7y cu\u1ed1n h\u00fat v\u00e0 say \u0111\u1eafm d\u00e0nh cho kh\u00f4ng gian s\u1ed1ng. H\u1ee3p h\u01b0\u01a1ng h\u1ed5 ph\u00e1ch mang s\u1eafc th\u00e1i nh\u1ef1a th\u01a1m v\u00e0 \u1ea5m \u00e1p t\u1ea1o n\u00ean b\u1ea7u kh\u00f4ng kh\u00ed g\u1ea7n g\u0169i, \u00eam \u00e1i, ph\u1ea3ng ph\u1ea5t n\u00e9t b\u00ed \u1ea9n. \u0110\u1eafm m\u00ecnh trong h\u01b0\u01a1ng th\u01a1m \u0111\u1ea7y m\u00ea ho\u1eb7c \u1ea5y v\u00e0 \u0111\u1ec3 n\u00f3 \u0111\u01b0a b\u1ea1n b\u01b0\u1edbc v\u00e0o mi\u1ec1n c\u1ea3m x\u00fac c\u1ee7a t\u00f2 m\u00f2 v\u00e0 k\u1ef3 di\u1ec7u. T\u00f4 \u0111i\u1ec3m cho m\u1ecdi c\u0103n ph\u00f2ng v\u1edbi <strong data-start=\"383\" data-end=\"399\">Ambre Intime<\/strong> \u2013 bi\u1ec3u t\u01b0\u1ee3ng c\u1ee7a s\u1ef1 th\u00e2n m\u1eadt v\u00e0 \u1ea5m \u00e1p \/ <em>Unveil the alluring charm of Ambre Intime, a bewitching and mesmerising oriental home fragrance. The resinous and balmy amber accord creates a close and cosy atmosphere, filled with a touch of mystery. Plunge into its enticing aroma and let it carry you to a realm of curiosity and wonder. Adorn any room with Ambre Intime, the epitome of intimacy and warmth.<\/em><\/p>\n","protected":false},"featured_media":111513,"comment_status":"open","ping_status":"closed","template":"","meta":[],"product_brand":[17],"product_cat":[2521],"product_tag":[],"class_list":{"0":"post-74733","1":"product","2":"type-product","3":"status-publish","4":"has-post-thumbnail","6":"product_brand-casanha","7":"product_cat-diffuser","8":"product_shipping_class-fragile-items","9":"pa_dimension-l","10":"pa_dimension-s","12":"first","13":"instock","14":"shipping-taxable","15":"purchasable","16":"product-type-variable","17":"rtwpvs-product"},"yoast_head":"<!-- This site is optimized with the Yoast SEO plugin v27.1.1 - https:\/\/yoast.com\/product\/yoast-seo-wordpress\/ -->\n<title>INTIMU &quot;AMBRE INTIME&quot; - TINH D\u1ea6U KHU\u1ebeCH T\u00c1N - Casanha<\/title>\n<meta name=\"robots\" content=\"index, follow, max-snippet:-1, max-image-preview:large, max-video-preview:-1\" \/>\n<link rel=\"canonical\" href=\"https:\/\/casanha.com\/en\/product\/intimu-ambre-intime-tinh-dau-khuech-tan\/\" \/>\n<meta property=\"og:locale\" content=\"en_US\" \/>\n<meta property=\"og:type\" content=\"article\" \/>\n<meta property=\"og:title\" content=\"INTIMU &quot;AMBRE INTIME&quot; - TINH D\u1ea6U KHU\u1ebeCH T\u00c1N - Casanha\" \/>\n<meta property=\"og:description\" content=\"Kh\u00e1m ph\u00e1 s\u1ee9c quy\u1ebfn r\u0169 \u0111\u1ea7y m\u00ea ho\u1eb7c c\u1ee7a Ambre Intime, m\u1ed9t h\u01b0\u01a1ng th\u01a1m ph\u01b0\u01a1ng \u0110\u00f4ng \u0111\u1ea7y cu\u1ed1n h\u00fat v\u00e0 say \u0111\u1eafm d\u00e0nh cho kh\u00f4ng gian s\u1ed1ng. H\u1ee3p h\u01b0\u01a1ng h\u1ed5 ph\u00e1ch mang s\u1eafc th\u00e1i nh\u1ef1a th\u01a1m v\u00e0 \u1ea5m \u00e1p t\u1ea1o n\u00ean b\u1ea7u kh\u00f4ng kh\u00ed g\u1ea7n g\u0169i, \u00eam \u00e1i, ph\u1ea3ng ph\u1ea5t n\u00e9t b\u00ed \u1ea9n. \u0110\u1eafm m\u00ecnh trong h\u01b0\u01a1ng th\u01a1m \u0111\u1ea7y m\u00ea ho\u1eb7c \u1ea5y v\u00e0 \u0111\u1ec3 n\u00f3 \u0111\u01b0a b\u1ea1n b\u01b0\u1edbc v\u00e0o mi\u1ec1n c\u1ea3m x\u00fac c\u1ee7a t\u00f2 m\u00f2 v\u00e0 k\u1ef3 di\u1ec7u. T\u00f4 \u0111i\u1ec3m cho m\u1ecdi c\u0103n ph\u00f2ng v\u1edbi Ambre Intime \u2013 bi\u1ec3u t\u01b0\u1ee3ng c\u1ee7a s\u1ef1 th\u00e2n m\u1eadt v\u00e0 \u1ea5m \u00e1p \/ Unveil the alluring charm of Ambre Intime, a bewitching and mesmerising oriental home fragrance. The resinous and balmy amber accord creates a close and cosy atmosphere, filled with a touch of mystery. Plunge into its enticing aroma and let it carry you to a realm of curiosity and wonder. Adorn any room with Ambre Intime, the epitome of intimacy and warmth.\" \/>\n<meta property=\"og:url\" content=\"https:\/\/casanha.com\/en\/product\/intimu-ambre-intime-tinh-dau-khuech-tan\/\" \/>\n<meta property=\"og:site_name\" content=\"Casanha\" \/>\n<meta property=\"article:publisher\" content=\"https:\/\/www.facebook.com\/CasanhaHome\" \/>\n<meta property=\"article:modified_time\" content=\"2026-04-15T03:34:14+00:00\" \/>\n<meta property=\"og:image\" content=\"https:\/\/casanha-beta.s3.ap-southeast-1.amazonaws.com\/2025\/03\/Intimu-diffuseur-S-amber-pic-1.png\" \/>\n\t<meta property=\"og:image:width\" content=\"1080\" \/>\n\t<meta property=\"og:image:height\" content=\"1350\" \/>\n\t<meta property=\"og:image:type\" content=\"image\/png\" \/>\n<meta name=\"twitter:card\" content=\"summary_large_image\" \/>\n<script type=\"application\/ld+json\" class=\"yoast-schema-graph\">{\"@context\":\"https:\/\/schema.org\",\"@graph\":[{\"@type\":\"WebPage\",\"@id\":\"https:\/\/casanha.com\/product\/intimu-ambre-intime-tinh-dau-khuech-tan\/\",\"url\":\"https:\/\/casanha.com\/product\/intimu-ambre-intime-tinh-dau-khuech-tan\/\",\"name\":\"INTIMU \\\"AMBRE INTIME\\\" - TINH D\u1ea6U KHU\u1ebeCH T\u00c1N - Casanha\",\"isPartOf\":{\"@id\":\"https:\/\/casanha.com\/vi\/#website\"},\"primaryImageOfPage\":{\"@id\":\"https:\/\/casanha.com\/product\/intimu-ambre-intime-tinh-dau-khuech-tan\/#primaryimage\"},\"image\":{\"@id\":\"https:\/\/casanha.com\/product\/intimu-ambre-intime-tinh-dau-khuech-tan\/#primaryimage\"},\"thumbnailUrl\":\"https:\/\/casanha-beta.s3.ap-southeast-1.amazonaws.com\/2025\/03\/Intimu-diffuseur-S-amber-pic-1.png\",\"datePublished\":\"2025-03-25T03:33:11+00:00\",\"dateModified\":\"2026-04-15T03:34:14+00:00\",\"breadcrumb\":{\"@id\":\"https:\/\/casanha.com\/product\/intimu-ambre-intime-tinh-dau-khuech-tan\/#breadcrumb\"},\"inLanguage\":\"en-US\",\"potentialAction\":[{\"@type\":\"ReadAction\",\"target\":[\"https:\/\/casanha.com\/product\/intimu-ambre-intime-tinh-dau-khuech-tan\/\"]}]},{\"@type\":\"ImageObject\",\"inLanguage\":\"en-US\",\"@id\":\"https:\/\/casanha.com\/product\/intimu-ambre-intime-tinh-dau-khuech-tan\/#primaryimage\",\"url\":\"https:\/\/casanha-beta.s3.ap-southeast-1.amazonaws.com\/2025\/03\/Intimu-diffuseur-S-amber-pic-1.png\",\"contentUrl\":\"https:\/\/casanha-beta.s3.ap-southeast-1.amazonaws.com\/2025\/03\/Intimu-diffuseur-S-amber-pic-1.png\",\"width\":1080,\"height\":1350},{\"@type\":\"BreadcrumbList\",\"@id\":\"https:\/\/casanha.com\/product\/intimu-ambre-intime-tinh-dau-khuech-tan\/#breadcrumb\",\"itemListElement\":[{\"@type\":\"ListItem\",\"position\":1,\"name\":\"Home\",\"item\":\"https:\/\/casanha.com\/\"},{\"@type\":\"ListItem\",\"position\":2,\"name\":\"C\u1eeda h\u00e0ng\",\"item\":\"https:\/\/casanha.com\/vi\/cua-hang\/\"},{\"@type\":\"ListItem\",\"position\":3,\"name\":\"INTIMU &#8220;AMBRE INTIME&#8221; &#8211; TINH D\u1ea6U KHU\u1ebeCH T\u00c1N\"}]},{\"@type\":\"WebSite\",\"@id\":\"https:\/\/casanha.com\/vi\/#website\",\"url\":\"https:\/\/casanha.com\/vi\/\",\"name\":\"Casanha\",\"description\":\"Home Decor &amp; Furniture\",\"publisher\":{\"@id\":\"https:\/\/casanha.com\/vi\/#organization\"},\"potentialAction\":[{\"@type\":\"SearchAction\",\"target\":{\"@type\":\"EntryPoint\",\"urlTemplate\":\"https:\/\/casanha.com\/vi\/?s={search_term_string}\"},\"query-input\":{\"@type\":\"PropertyValueSpecification\",\"valueRequired\":true,\"valueName\":\"search_term_string\"}}],\"inLanguage\":\"en-US\"},{\"@type\":\"Organization\",\"@id\":\"https:\/\/casanha.com\/vi\/#organization\",\"name\":\"Casanha\",\"url\":\"https:\/\/casanha.com\/vi\/\",\"logo\":{\"@type\":\"ImageObject\",\"inLanguage\":\"en-US\",\"@id\":\"https:\/\/casanha.com\/vi\/#\/schema\/logo\/image\/\",\"url\":\"https:\/\/casanha-beta.s3.ap-southeast-1.amazonaws.com\/2026\/02\/logo-2026.jpg\",\"contentUrl\":\"https:\/\/casanha-beta.s3.ap-southeast-1.amazonaws.com\/2026\/02\/logo-2026.jpg\",\"width\":1500,\"height\":1500,\"caption\":\"Casanha\"},\"image\":{\"@id\":\"https:\/\/casanha.com\/vi\/#\/schema\/logo\/image\/\"},\"sameAs\":[\"https:\/\/www.facebook.com\/CasanhaHome\",\"https:\/\/www.instagram.com\/casanhahome\/\",\"https:\/\/www.youtube.com\/@casanha\",\"https:\/\/www.tiktok.com\/@casanha.com\",\"https:\/\/zalo.me\/casanhahome\"]}]}<\/script>\n<!-- \/ Yoast SEO plugin. -->","yoast_head_json":{"title":"INTIMU \"AMBRE INTIME\" - TINH D\u1ea6U KHU\u1ebeCH T\u00c1N - Casanha","robots":{"index":"index","follow":"follow","max-snippet":"max-snippet:-1","max-image-preview":"max-image-preview:large","max-video-preview":"max-video-preview:-1"},"canonical":"https:\/\/casanha.com\/en\/product\/intimu-ambre-intime-tinh-dau-khuech-tan\/","og_locale":"en_US","og_type":"article","og_title":"INTIMU \"AMBRE INTIME\" - TINH D\u1ea6U KHU\u1ebeCH T\u00c1N - Casanha","og_description":"Kh\u00e1m ph\u00e1 s\u1ee9c quy\u1ebfn r\u0169 \u0111\u1ea7y m\u00ea ho\u1eb7c c\u1ee7a Ambre Intime, m\u1ed9t h\u01b0\u01a1ng th\u01a1m ph\u01b0\u01a1ng \u0110\u00f4ng \u0111\u1ea7y cu\u1ed1n h\u00fat v\u00e0 say \u0111\u1eafm d\u00e0nh cho kh\u00f4ng gian s\u1ed1ng. H\u1ee3p h\u01b0\u01a1ng h\u1ed5 ph\u00e1ch mang s\u1eafc th\u00e1i nh\u1ef1a th\u01a1m v\u00e0 \u1ea5m \u00e1p t\u1ea1o n\u00ean b\u1ea7u kh\u00f4ng kh\u00ed g\u1ea7n g\u0169i, \u00eam \u00e1i, ph\u1ea3ng ph\u1ea5t n\u00e9t b\u00ed \u1ea9n. \u0110\u1eafm m\u00ecnh trong h\u01b0\u01a1ng th\u01a1m \u0111\u1ea7y m\u00ea ho\u1eb7c \u1ea5y v\u00e0 \u0111\u1ec3 n\u00f3 \u0111\u01b0a b\u1ea1n b\u01b0\u1edbc v\u00e0o mi\u1ec1n c\u1ea3m x\u00fac c\u1ee7a t\u00f2 m\u00f2 v\u00e0 k\u1ef3 di\u1ec7u. T\u00f4 \u0111i\u1ec3m cho m\u1ecdi c\u0103n ph\u00f2ng v\u1edbi Ambre Intime \u2013 bi\u1ec3u t\u01b0\u1ee3ng c\u1ee7a s\u1ef1 th\u00e2n m\u1eadt v\u00e0 \u1ea5m \u00e1p \/ Unveil the alluring charm of Ambre Intime, a bewitching and mesmerising oriental home fragrance. The resinous and balmy amber accord creates a close and cosy atmosphere, filled with a touch of mystery. Plunge into its enticing aroma and let it carry you to a realm of curiosity and wonder. Adorn any room with Ambre Intime, the epitome of intimacy and warmth.","og_url":"https:\/\/casanha.com\/en\/product\/intimu-ambre-intime-tinh-dau-khuech-tan\/","og_site_name":"Casanha","article_publisher":"https:\/\/www.facebook.com\/CasanhaHome","article_modified_time":"2026-04-15T03:34:14+00:00","og_image":[{"width":1080,"height":1350,"url":"https:\/\/casanha-beta.s3.ap-southeast-1.amazonaws.com\/2025\/03\/Intimu-diffuseur-S-amber-pic-1.png","type":"image\/png"}],"twitter_card":"summary_large_image","schema":{"@context":"https:\/\/schema.org","@graph":[{"@type":"WebPage","@id":"https:\/\/casanha.com\/product\/intimu-ambre-intime-tinh-dau-khuech-tan\/","url":"https:\/\/casanha.com\/product\/intimu-ambre-intime-tinh-dau-khuech-tan\/","name":"INTIMU \"AMBRE INTIME\" - TINH D\u1ea6U KHU\u1ebeCH T\u00c1N - Casanha","isPartOf":{"@id":"https:\/\/casanha.com\/vi\/#website"},"primaryImageOfPage":{"@id":"https:\/\/casanha.com\/product\/intimu-ambre-intime-tinh-dau-khuech-tan\/#primaryimage"},"image":{"@id":"https:\/\/casanha.com\/product\/intimu-ambre-intime-tinh-dau-khuech-tan\/#primaryimage"},"thumbnailUrl":"https:\/\/casanha-beta.s3.ap-southeast-1.amazonaws.com\/2025\/03\/Intimu-diffuseur-S-amber-pic-1.png","datePublished":"2025-03-25T03:33:11+00:00","dateModified":"2026-04-15T03:34:14+00:00","breadcrumb":{"@id":"https:\/\/casanha.com\/product\/intimu-ambre-intime-tinh-dau-khuech-tan\/#breadcrumb"},"inLanguage":"en-US","potentialAction":[{"@type":"ReadAction","target":["https:\/\/casanha.com\/product\/intimu-ambre-intime-tinh-dau-khuech-tan\/"]}]},{"@type":"ImageObject","inLanguage":"en-US","@id":"https:\/\/casanha.com\/product\/intimu-ambre-intime-tinh-dau-khuech-tan\/#primaryimage","url":"https:\/\/casanha-beta.s3.ap-southeast-1.amazonaws.com\/2025\/03\/Intimu-diffuseur-S-amber-pic-1.png","contentUrl":"https:\/\/casanha-beta.s3.ap-southeast-1.amazonaws.com\/2025\/03\/Intimu-diffuseur-S-amber-pic-1.png","width":1080,"height":1350},{"@type":"BreadcrumbList","@id":"https:\/\/casanha.com\/product\/intimu-ambre-intime-tinh-dau-khuech-tan\/#breadcrumb","itemListElement":[{"@type":"ListItem","position":1,"name":"Home","item":"https:\/\/casanha.com\/"},{"@type":"ListItem","position":2,"name":"C\u1eeda h\u00e0ng","item":"https:\/\/casanha.com\/vi\/cua-hang\/"},{"@type":"ListItem","position":3,"name":"INTIMU &#8220;AMBRE INTIME&#8221; &#8211; TINH D\u1ea6U KHU\u1ebeCH T\u00c1N"}]},{"@type":"WebSite","@id":"https:\/\/casanha.com\/vi\/#website","url":"https:\/\/casanha.com\/vi\/","name":"Casanha","description":"Home Decor &amp; Furniture","publisher":{"@id":"https:\/\/casanha.com\/vi\/#organization"},"potentialAction":[{"@type":"SearchAction","target":{"@type":"EntryPoint","urlTemplate":"https:\/\/casanha.com\/vi\/?s={search_term_string}"},"query-input":{"@type":"PropertyValueSpecification","valueRequired":true,"valueName":"search_term_string"}}],"inLanguage":"en-US"},{"@type":"Organization","@id":"https:\/\/casanha.com\/vi\/#organization","name":"Casanha","url":"https:\/\/casanha.com\/vi\/","logo":{"@type":"ImageObject","inLanguage":"en-US","@id":"https:\/\/casanha.com\/vi\/#\/schema\/logo\/image\/","url":"https:\/\/casanha-beta.s3.ap-southeast-1.amazonaws.com\/2026\/02\/logo-2026.jpg","contentUrl":"https:\/\/casanha-beta.s3.ap-southeast-1.amazonaws.com\/2026\/02\/logo-2026.jpg","width":1500,"height":1500,"caption":"Casanha"},"image":{"@id":"https:\/\/casanha.com\/vi\/#\/schema\/logo\/image\/"},"sameAs":["https:\/\/www.facebook.com\/CasanhaHome","https:\/\/www.instagram.com\/casanhahome\/","https:\/\/www.youtube.com\/@casanha","https:\/\/www.tiktok.com\/@casanha.com","https:\/\/zalo.me\/casanhahome"]}]}},"_links":{"self":[{"href":"https:\/\/casanha.com\/en\/wp-json\/wp\/v2\/product\/74733","targetHints":{"allow":["GET"]}}],"collection":[{"href":"https:\/\/casanha.com\/en\/wp-json\/wp\/v2\/product"}],"about":[{"href":"https:\/\/casanha.com\/en\/wp-json\/wp\/v2\/types\/product"}],"replies":[{"embeddable":true,"href":"https:\/\/casanha.com\/en\/wp-json\/wp\/v2\/comments?post=74733"}],"version-history":[{"count":5,"href":"https:\/\/casanha.com\/en\/wp-json\/wp\/v2\/product\/74733\/revisions"}],"predecessor-version":[{"id":111532,"href":"https:\/\/casanha.com\/en\/wp-json\/wp\/v2\/product\/74733\/revisions\/111532"}],"wp:featuredmedia":[{"embeddable":true,"href":"https:\/\/casanha.com\/en\/wp-json\/wp\/v2\/media\/111513"}],"wp:attachment":[{"href":"https:\/\/casanha.com\/en\/wp-json\/wp\/v2\/media?parent=74733"}],"wp:term":[{"taxonomy":"product_brand","embeddable":true,"href":"https:\/\/casanha.com\/en\/wp-json\/wp\/v2\/product_brand?post=74733"},{"taxonomy":"product_cat","embeddable":true,"href":"https:\/\/casanha.com\/en\/wp-json\/wp\/v2\/product_cat?post=74733"},{"taxonomy":"product_tag","embeddable":true,"href":"https:\/\/casanha.com\/en\/wp-json\/wp\/v2\/product_tag?post=74733"}],"curies":[{"name":"wp","href":"https:\/\/api.w.org\/{rel}","templated":true}]}}